{"id":268859,"date":"2025-11-11T17:06:07","date_gmt":"2025-11-11T16:06:07","guid":{"rendered":"https:\/\/nueva.ledsolintel.com\/product\/perfil-aluminio-tira-led-iluminacion-lateral-doble-1m\/"},"modified":"2026-04-07T10:18:56","modified_gmt":"2026-04-07T08:18:56","slug":"perfil-aluminio-tira-led-iluminacion-lateral-doble-1m","status":"publish","type":"product","link":"https:\/\/ledsolintel.com\/fr\/produit-2\/perfil-aluminio-tira-led-iluminacion-lateral-doble-1m\/","title":{"rendered":"Profil aluminium bande lumineuse led double face 1m"},"content":{"rendered":"<p>Profil\u00e9 en aluminium \u00e0 double \u00e9clairage, de couleur argent\u00e9e, avec couvercle en PVC pour bandes de LED jusqu'\u00e0 12 mm de large, utilis\u00e9 pour cacher et prot\u00e9ger les bandes de LED. Ce type de profil\u00e9 est utilis\u00e9 dans les installations int\u00e9rieures pour cacher et prot\u00e9ger les bandes de LED. La couverture opaque r\u00e9duit l'intensit\u00e9 lumineuse et l'\u00e9blouissement, cr\u00e9ant ainsi une atmosph\u00e8re chaleureuse. Les profil\u00e9s sont utilis\u00e9s pour les bandes de LED rigides et flexibles et peuvent \u00eatre utilis\u00e9s pour diff\u00e9rentes applications.  Leur conception les rend id\u00e9aux pour l'\u00e9clairage mural dans deux directions (haut\/bas ou droite\/gauche). Il est viss\u00e9 \u00e0 la surface \u00e0 l'aide de clips en aluminium. Il peut \u00e9galement \u00eatre mont\u00e9 au plafond pour un \u00e9clairage indirect.  Compatible uniquement avec les r\u00e9glettes 12V et 24V. Non compatible avec les r\u00e9glettes 220V.  Gr\u00e2ce \u00e0 son degr\u00e9 de protection IP20, il est id\u00e9al pour une installation en int\u00e9rieur (protection contre les particules solides de plus de 12 mm et n'est pas \u00e9tanche).  Il est garanti 3 ans. Il poss\u00e8de \u00e9galement le certificat CE, qui atteste qu'il est conforme aux exigences de l'UE en mati\u00e8re de compatibilit\u00e9 \u00e9lectromagn\u00e9tique et de r\u00e9glementation sur la basse tension. Ce certificat d\u00e9clare la conformit\u00e9 du produit \u00e0 toutes les exigences l\u00e9gales et garantit la validit\u00e9 du produit pour la vente dans l'Espace \u00e9conomique europ\u00e9en.  Comprend 1 m de profil\u00e9 en aluminium, 2 diffuseurs en PVC opale, 2 embouts en aluminium et des clips pour le montage en surface.<\/p>","protected":false},"excerpt":{"rendered":"<p>Perfil de aluminio con iluminaci\u00f3n doble, en color plata, con cubierta en PVC para tiras led de hasta 12 mm de ancho, que se emplea para ocultar y proteger las tiras led. Este tipo de perfil se utiliza en instalaciones en interior para ocultar y proteger las tiras led. Al disponer de una cubierta opaca &hellip; <a href=\"https:\/\/ledsolintel.com\/fr\/produit-2\/perfil-aluminio-tira-led-iluminacion-lateral-doble-1m\/\" class=\"more-link\">Continue reading <span class=\"screen-reader-text\">Profil aluminium bande lumineuse led double face 1m<\/span><\/a><\/p>","protected":false},"featured_media":263455,"template":"","meta":[],"product_brand":[101370],"product_cat":[101371,15],"product_tag":[],"class_list":{"0":"post-268859","1":"product","2":"type-product","3":"status-publish","4":"has-post-thumbnail","6":"product_brand-masterled","7":"product_cat-masterled","8":"product_cat-uncategorized","9":"pa_material-aluminio","12":"instock","13":"taxable","14":"shipping-taxable","15":"purchasable","16":"product-type-simple"},"yoast_head":"<!-- This site is optimized with the Yoast SEO plugin v27.4 - https:\/\/yoast.com\/product\/yoast-seo-wordpress\/ -->\n<title>Perfil aluminio tira led iluminaci\u00f3n lateral doble 1m - Ledsolintel<\/title>\n<meta name=\"robots\" content=\"index, follow, max-snippet:-1, max-image-preview:large, max-video-preview:-1\" \/>\n<link rel=\"canonical\" href=\"https:\/\/ledsolintel.com\/fr\/produit-2\/perfil-aluminio-tira-led-iluminacion-lateral-doble-1m\/\" \/>\n<meta property=\"og:locale\" content=\"fr_FR\" \/>\n<meta property=\"og:type\" content=\"article\" \/>\n<meta property=\"og:title\" content=\"Perfil aluminio tira led iluminaci\u00f3n lateral doble 1m - Ledsolintel\" \/>\n<meta property=\"og:description\" content=\"Perfil de aluminio con iluminaci\u00f3n doble, en color plata, con cubierta en PVC para tiras led de hasta 12 mm de ancho, que se emplea para ocultar y proteger las tiras led. Este tipo de perfil se utiliza en instalaciones en interior para ocultar y proteger las tiras led. Al disponer de una cubierta opaca &hellip; Continue reading Perfil aluminio tira led iluminaci\u00f3n lateral doble 1m\" \/>\n<meta property=\"og:url\" content=\"https:\/\/ledsolintel.com\/fr\/produit-2\/perfil-aluminio-tira-led-iluminacion-lateral-doble-1m\/\" \/>\n<meta property=\"og:site_name\" content=\"Ledsolintel\" \/>\n<meta property=\"article:publisher\" content=\"http:\/\/www.facebook.com\/webmenaje\" \/>\n<meta property=\"article:modified_time\" content=\"2026-04-07T08:18:56+00:00\" \/>\n<meta property=\"og:image\" content=\"https:\/\/ledsolintel.com\/wp-content\/uploads\/2025\/11\/perfil-aluminio-tira-led-iluminacion-lateral-doble-1m.jpg\" \/>\n\t<meta property=\"og:image:width\" content=\"800\" \/>\n\t<meta property=\"og:image:height\" content=\"800\" \/>\n\t<meta property=\"og:image:type\" content=\"image\/png\" \/>\n<meta name=\"twitter:card\" content=\"summary_large_image\" \/>\n<meta name=\"twitter:site\" content=\"@webmenaje\" \/>\n<meta name=\"twitter:label1\" content=\"Dur\u00e9e de lecture estim\u00e9e\" \/>\n\t<meta name=\"twitter:data1\" content=\"1 minute\" \/>\n<script type=\"application\/ld+json\" class=\"yoast-schema-graph\">{\"@context\":\"https:\\\/\\\/schema.org\",\"@graph\":[{\"@type\":\"WebPage\",\"@id\":\"https:\\\/\\\/ledsolintel.com\\\/product\\\/perfil-aluminio-tira-led-iluminacion-lateral-doble-1m\\\/\",\"url\":\"https:\\\/\\\/ledsolintel.com\\\/product\\\/perfil-aluminio-tira-led-iluminacion-lateral-doble-1m\\\/\",\"name\":\"Perfil aluminio tira led iluminaci\u00f3n lateral doble 1m - Ledsolintel\",\"isPartOf\":{\"@id\":\"https:\\\/\\\/ledsolintel.com\\\/#website\"},\"primaryImageOfPage\":{\"@id\":\"https:\\\/\\\/ledsolintel.com\\\/product\\\/perfil-aluminio-tira-led-iluminacion-lateral-doble-1m\\\/#primaryimage\"},\"image\":{\"@id\":\"https:\\\/\\\/ledsolintel.com\\\/product\\\/perfil-aluminio-tira-led-iluminacion-lateral-doble-1m\\\/#primaryimage\"},\"thumbnailUrl\":\"https:\\\/\\\/ledsolintel.com\\\/wp-content\\\/uploads\\\/2025\\\/11\\\/perfil-aluminio-tira-led-iluminacion-lateral-doble-1m.jpg\",\"datePublished\":\"2025-11-11T16:06:07+00:00\",\"dateModified\":\"2026-04-07T08:18:56+00:00\",\"breadcrumb\":{\"@id\":\"https:\\\/\\\/ledsolintel.com\\\/product\\\/perfil-aluminio-tira-led-iluminacion-lateral-doble-1m\\\/#breadcrumb\"},\"inLanguage\":\"fr-FR\",\"potentialAction\":[{\"@type\":\"ReadAction\",\"target\":[\"https:\\\/\\\/ledsolintel.com\\\/product\\\/perfil-aluminio-tira-led-iluminacion-lateral-doble-1m\\\/\"]}]},{\"@type\":\"ImageObject\",\"inLanguage\":\"fr-FR\",\"@id\":\"https:\\\/\\\/ledsolintel.com\\\/product\\\/perfil-aluminio-tira-led-iluminacion-lateral-doble-1m\\\/#primaryimage\",\"url\":\"https:\\\/\\\/ledsolintel.com\\\/wp-content\\\/uploads\\\/2025\\\/11\\\/perfil-aluminio-tira-led-iluminacion-lateral-doble-1m.jpg\",\"contentUrl\":\"https:\\\/\\\/ledsolintel.com\\\/wp-content\\\/uploads\\\/2025\\\/11\\\/perfil-aluminio-tira-led-iluminacion-lateral-doble-1m.jpg\",\"width\":800,\"height\":800},{\"@type\":\"BreadcrumbList\",\"@id\":\"https:\\\/\\\/ledsolintel.com\\\/product\\\/perfil-aluminio-tira-led-iluminacion-lateral-doble-1m\\\/#breadcrumb\",\"itemListElement\":[{\"@type\":\"ListItem\",\"position\":1,\"name\":\"Portada\",\"item\":\"https:\\\/\\\/ledsolintel.com\\\/fr\\\/\"},{\"@type\":\"ListItem\",\"position\":2,\"name\":\"Tienda\",\"item\":\"https:\\\/\\\/ledsolintel.com\\\/tienda\\\/\"},{\"@type\":\"ListItem\",\"position\":3,\"name\":\"Perfil aluminio tira led iluminaci\u00f3n lateral doble 1m\"}]},{\"@type\":\"WebSite\",\"@id\":\"https:\\\/\\\/ledsolintel.com\\\/#website\",\"url\":\"https:\\\/\\\/ledsolintel.com\\\/\",\"name\":\"Webmenaje\",\"description\":\"Tienda de bombillas y l\u00e1mparas LED para profesionales\",\"publisher\":{\"@id\":\"https:\\\/\\\/ledsolintel.com\\\/#organization\"},\"potentialAction\":[{\"@type\":\"SearchAction\",\"target\":{\"@type\":\"EntryPoint\",\"urlTemplate\":\"https:\\\/\\\/ledsolintel.com\\\/?s={search_term_string}\"},\"query-input\":{\"@type\":\"PropertyValueSpecification\",\"valueRequired\":true,\"valueName\":\"search_term_string\"}}],\"inLanguage\":\"fr-FR\"},{\"@type\":\"Organization\",\"@id\":\"https:\\\/\\\/ledsolintel.com\\\/#organization\",\"name\":\"Solintel Noroeste, S.L.\",\"url\":\"https:\\\/\\\/ledsolintel.com\\\/\",\"logo\":{\"@type\":\"ImageObject\",\"inLanguage\":\"fr-FR\",\"@id\":\"https:\\\/\\\/ledsolintel.com\\\/#\\\/schema\\\/logo\\\/image\\\/\",\"url\":\"https:\\\/\\\/ledsolintel.com\\\/wp-content\\\/uploads\\\/2024\\\/11\\\/webmenaje-logo-1508269066.jpg\",\"contentUrl\":\"https:\\\/\\\/ledsolintel.com\\\/wp-content\\\/uploads\\\/2024\\\/11\\\/webmenaje-logo-1508269066.jpg\",\"width\":370,\"height\":90,\"caption\":\"Solintel Noroeste, S.L.\"},\"image\":{\"@id\":\"https:\\\/\\\/ledsolintel.com\\\/#\\\/schema\\\/logo\\\/image\\\/\"},\"sameAs\":[\"http:\\\/\\\/www.facebook.com\\\/webmenaje\",\"https:\\\/\\\/x.com\\\/webmenaje\",\"https:\\\/\\\/www.youtube.com\\\/channel\\\/UCX2KoVoeCG4LocZjUc6LmSQ\",\"http:\\\/\\\/www.pinterest.com\\\/webmenaje\"]}]}<\/script>\n<!-- \/ Yoast SEO plugin. -->","yoast_head_json":{"title":"Perfil aluminio tira led iluminaci\u00f3n lateral doble 1m - Ledsolintel","robots":{"index":"index","follow":"follow","max-snippet":"max-snippet:-1","max-image-preview":"max-image-preview:large","max-video-preview":"max-video-preview:-1"},"canonical":"https:\/\/ledsolintel.com\/fr\/produit-2\/perfil-aluminio-tira-led-iluminacion-lateral-doble-1m\/","og_locale":"fr_FR","og_type":"article","og_title":"Perfil aluminio tira led iluminaci\u00f3n lateral doble 1m - Ledsolintel","og_description":"Perfil de aluminio con iluminaci\u00f3n doble, en color plata, con cubierta en PVC para tiras led de hasta 12 mm de ancho, que se emplea para ocultar y proteger las tiras led. Este tipo de perfil se utiliza en instalaciones en interior para ocultar y proteger las tiras led. Al disponer de una cubierta opaca &hellip; Continue reading Perfil aluminio tira led iluminaci\u00f3n lateral doble 1m","og_url":"https:\/\/ledsolintel.com\/fr\/produit-2\/perfil-aluminio-tira-led-iluminacion-lateral-doble-1m\/","og_site_name":"Ledsolintel","article_publisher":"http:\/\/www.facebook.com\/webmenaje","article_modified_time":"2026-04-07T08:18:56+00:00","og_image":[{"width":800,"height":800,"url":"https:\/\/ledsolintel.com\/wp-content\/uploads\/2025\/11\/perfil-aluminio-tira-led-iluminacion-lateral-doble-1m.jpg","type":"image\/png"}],"twitter_card":"summary_large_image","twitter_site":"@webmenaje","twitter_misc":{"Dur\u00e9e de lecture estim\u00e9e":"1 minute"},"schema":{"@context":"https:\/\/schema.org","@graph":[{"@type":"WebPage","@id":"https:\/\/ledsolintel.com\/product\/perfil-aluminio-tira-led-iluminacion-lateral-doble-1m\/","url":"https:\/\/ledsolintel.com\/product\/perfil-aluminio-tira-led-iluminacion-lateral-doble-1m\/","name":"Perfil aluminio tira led iluminaci\u00f3n lateral doble 1m - Ledsolintel","isPartOf":{"@id":"https:\/\/ledsolintel.com\/#website"},"primaryImageOfPage":{"@id":"https:\/\/ledsolintel.com\/product\/perfil-aluminio-tira-led-iluminacion-lateral-doble-1m\/#primaryimage"},"image":{"@id":"https:\/\/ledsolintel.com\/product\/perfil-aluminio-tira-led-iluminacion-lateral-doble-1m\/#primaryimage"},"thumbnailUrl":"https:\/\/ledsolintel.com\/wp-content\/uploads\/2025\/11\/perfil-aluminio-tira-led-iluminacion-lateral-doble-1m.jpg","datePublished":"2025-11-11T16:06:07+00:00","dateModified":"2026-04-07T08:18:56+00:00","breadcrumb":{"@id":"https:\/\/ledsolintel.com\/product\/perfil-aluminio-tira-led-iluminacion-lateral-doble-1m\/#breadcrumb"},"inLanguage":"fr-FR","potentialAction":[{"@type":"ReadAction","target":["https:\/\/ledsolintel.com\/product\/perfil-aluminio-tira-led-iluminacion-lateral-doble-1m\/"]}]},{"@type":"ImageObject","inLanguage":"fr-FR","@id":"https:\/\/ledsolintel.com\/product\/perfil-aluminio-tira-led-iluminacion-lateral-doble-1m\/#primaryimage","url":"https:\/\/ledsolintel.com\/wp-content\/uploads\/2025\/11\/perfil-aluminio-tira-led-iluminacion-lateral-doble-1m.jpg","contentUrl":"https:\/\/ledsolintel.com\/wp-content\/uploads\/2025\/11\/perfil-aluminio-tira-led-iluminacion-lateral-doble-1m.jpg","width":800,"height":800},{"@type":"BreadcrumbList","@id":"https:\/\/ledsolintel.com\/product\/perfil-aluminio-tira-led-iluminacion-lateral-doble-1m\/#breadcrumb","itemListElement":[{"@type":"ListItem","position":1,"name":"Portada","item":"https:\/\/ledsolintel.com\/fr\/"},{"@type":"ListItem","position":2,"name":"Tienda","item":"https:\/\/ledsolintel.com\/tienda\/"},{"@type":"ListItem","position":3,"name":"Perfil aluminio tira led iluminaci\u00f3n lateral doble 1m"}]},{"@type":"WebSite","@id":"https:\/\/ledsolintel.com\/#website","url":"https:\/\/ledsolintel.com\/","name":"Webmenaje","description":"Magasin d'ampoules et de lampes LED pour les professionnels","publisher":{"@id":"https:\/\/ledsolintel.com\/#organization"},"potentialAction":[{"@type":"SearchAction","target":{"@type":"EntryPoint","urlTemplate":"https:\/\/ledsolintel.com\/?s={search_term_string}"},"query-input":{"@type":"PropertyValueSpecification","valueRequired":true,"valueName":"search_term_string"}}],"inLanguage":"fr-FR"},{"@type":"Organization","@id":"https:\/\/ledsolintel.com\/#organization","name":"Solintel Noroeste, S.L.","url":"https:\/\/ledsolintel.com\/","logo":{"@type":"ImageObject","inLanguage":"fr-FR","@id":"https:\/\/ledsolintel.com\/#\/schema\/logo\/image\/","url":"https:\/\/ledsolintel.com\/wp-content\/uploads\/2024\/11\/webmenaje-logo-1508269066.jpg","contentUrl":"https:\/\/ledsolintel.com\/wp-content\/uploads\/2024\/11\/webmenaje-logo-1508269066.jpg","width":370,"height":90,"caption":"Solintel Noroeste, S.L."},"image":{"@id":"https:\/\/ledsolintel.com\/#\/schema\/logo\/image\/"},"sameAs":["http:\/\/www.facebook.com\/webmenaje","https:\/\/x.com\/webmenaje","https:\/\/www.youtube.com\/channel\/UCX2KoVoeCG4LocZjUc6LmSQ","http:\/\/www.pinterest.com\/webmenaje"]}]}},"_links":{"self":[{"href":"https:\/\/ledsolintel.com\/fr\/wp-json\/wp\/v2\/product\/268859","targetHints":{"allow":["GET"]}}],"collection":[{"href":"https:\/\/ledsolintel.com\/fr\/wp-json\/wp\/v2\/product"}],"about":[{"href":"https:\/\/ledsolintel.com\/fr\/wp-json\/wp\/v2\/types\/product"}],"version-history":[{"count":1,"href":"https:\/\/ledsolintel.com\/fr\/wp-json\/wp\/v2\/product\/268859\/revisions"}],"predecessor-version":[{"id":268860,"href":"https:\/\/ledsolintel.com\/fr\/wp-json\/wp\/v2\/product\/268859\/revisions\/268860"}],"wp:featuredmedia":[{"embeddable":true,"href":"https:\/\/ledsolintel.com\/fr\/wp-json\/wp\/v2\/media\/263455"}],"wp:attachment":[{"href":"https:\/\/ledsolintel.com\/fr\/wp-json\/wp\/v2\/media?parent=268859"}],"wp:term":[{"taxonomy":"product_brand","embeddable":true,"href":"https:\/\/ledsolintel.com\/fr\/wp-json\/wp\/v2\/product_brand?post=268859"},{"taxonomy":"product_cat","embeddable":true,"href":"https:\/\/ledsolintel.com\/fr\/wp-json\/wp\/v2\/product_cat?post=268859"},{"taxonomy":"product_tag","embeddable":true,"href":"https:\/\/ledsolintel.com\/fr\/wp-json\/wp\/v2\/product_tag?post=268859"}],"curies":[{"name":"wp","href":"https:\/\/api.w.org\/{rel}","templated":true}]}}