{"id":268852,"date":"2025-11-11T17:06:01","date_gmt":"2025-11-11T16:06:01","guid":{"rendered":"https:\/\/nueva.ledsolintel.com\/product\/sensor-crepuscular-superficie-ip44\/"},"modified":"2026-04-07T10:18:56","modified_gmt":"2026-04-07T08:18:56","slug":"capteur-crepusculaire-surface-ip44","status":"publish","type":"product","link":"https:\/\/ledsolintel.com\/fr\/produit-2\/capteur-crepusculaire-surface-ip44\/","title":{"rendered":"D\u00e9tecteur cr\u00e9pusculaire de surface IP44"},"content":{"rendered":"<p>Surface Twilight Sensor | Allumage automatique \u00e0 la tomb\u00e9e de la nuit | Masterled, marque europ\u00e9enne de luminaires \u00e0 LED Con\u00e7u pour automatiser l'allumage et l'extinction des luminaires ext\u00e9rieurs en fonction de l'intensit\u00e9 lumineuse de l'environnement. Ce dispositif d\u00e9tecte automatiquement la transition entre le jour et la nuit, activant les lumi\u00e8res lorsque la luminosit\u00e9 naturelle descend en dessous de 10 lux et les \u00e9teignant lorsqu'elles d\u00e9passent 40 lux au lever du soleil.  Fabriqu\u00e9 en ABS durable, ce capteur est parfait pour les applications r\u00e9sidentielles, commerciales et industrielles qui n\u00e9cessitent un contr\u00f4le intelligent de l'\u00e9clairage. Son indice de protection IP44 lui permet de r\u00e9sister \u00e0 l'eau et \u00e0 la poussi\u00e8re, m\u00eame \u00e0 l'ext\u00e9rieur, dans des conditions m\u00e9t\u00e9orologiques d\u00e9favorables.  Ce capteur supporte des charges allant jusqu'\u00e0 16A, ce qui le rend adapt\u00e9 au contr\u00f4le des syst\u00e8mes d'\u00e9clairage de grande puissance, y compris les LED de 1000W et les incandescents de 2000W. En outre, son installation est rapide et facile, ce qui permet de l'int\u00e9grer dans n'importe quel syst\u00e8me \u00e9lectrique existant sans complications.  Il est certifi\u00e9 CE et RoHS, ce qui atteste de sa qualit\u00e9, de sa s\u00e9curit\u00e9 et de sa compatibilit\u00e9 \u00e9cologique. Avec une garantie de 3 ans.           \u2705 Efficacit\u00e9 \u00e9nerg\u00e9tique Capacit\u00e9 de charge : jusqu'\u00e0 16A, compatible avec les syst\u00e8mes d'\u00e9clairage de forte puissance (1000W LED \/ 2000W incandescent).  Automatisation intelligente : Allume et \u00e9teint automatiquement les lumi\u00e8res en fonction de l'intensit\u00e9 de la lumi\u00e8re ambiante.  Seuil d'activation : Allum\u00e9e lorsque la lumi\u00e8re ambiante est &lt;10 lux ; \u00e9teinte lorsqu&#039;elle d\u00e9passe 40 lux.      Sp\u00e9cifications Mat\u00e9riau : Fabriqu\u00e9 en ABS, r\u00e9sistant aux chocs et aux conditions m\u00e9t\u00e9orologiques d\u00e9favorables.      Temp\u00e9rature de fonctionnement : fonctionne dans des plages extr\u00eames, de -20\u00b0C \u00e0 +40\u00b0C.      Consommation d&#039;\u00e9nergie minimale : Optimise la consommation d&#039;\u00e9nergie en \u00e9vitant de faire fonctionner inutilement les lampes pendant la journ\u00e9e.      Compatibilit\u00e9 : fonctionne sur le r\u00e9seau \u00e9lectrique mondial standard (220V).      Dimensions : \u00d870,3 x 101,7 \u00d870,3 x 101,7 mm, discret et facile \u00e0 installer dans n&#039;importe quel endroit.      Dur\u00e9e de vie : 30 000 heures, garantissant des performances constantes pendant des ann\u00e9es.                Installation simple : compatible avec les syst\u00e8mes \u00e9lectriques standard, facile \u00e0 int\u00e9grer dans n&#039;importe quelle installation.             Degr\u00e9 de protection Degr\u00e9 de protection : IP44, \u00e9tanche \u00e0 l&#039;eau et \u00e0 la poussi\u00e8re, adapt\u00e9 \u00e0 une utilisation en ext\u00e9rieur.             \u2705 Certifications et garantie Certifications : Conforme aux normes internationales CE et RoHS, garantissant sa s\u00e9curit\u00e9 et sa compatibilit\u00e9 \u00e9cologique.      Garantie : Inclut une garantie de 3 ans, garantissant la qualit\u00e9 et la fiabilit\u00e9 du produit. Qu&#039;est-ce qu&#039;un capteur cr\u00e9pusculaire de surface ?  Un d\u00e9tecteur cr\u00e9pusculaire de surface d\u00e9tecte automatiquement les niveaux de lumi\u00e8re ambiante (luminosit\u00e9) et allume les lumi\u00e8res lorsque la lumi\u00e8re du jour tombe en dessous d&#039;un seuil pr\u00e9d\u00e9fini (g\u00e9n\u00e9ralement au cr\u00e9puscule) et les \u00e9teint lorsque la lumi\u00e8re du jour augmente (\u00e0 l&#039;aube). Il est id\u00e9al pour contr\u00f4ler les syst\u00e8mes d&#039;\u00e9clairage ext\u00e9rieur tels que les lampadaires, les jardins, les fa\u00e7ades, les enseignes et les zones commerciales.  Ce type de capteur a g\u00e9n\u00e9ralement un design compact et est fabriqu\u00e9 dans des mat\u00e9riaux r\u00e9sistants, tels que l&#039;ABS ou le polycarbonate, afin de r\u00e9sister aux conditions m\u00e9t\u00e9orologiques d\u00e9favorables. En outre, son indice de protection (par exemple IP44) lui permet de r\u00e9sister \u00e0 l&#039;eau et \u00e0 la poussi\u00e8re, ce qui le rend adapt\u00e9 \u00e0 une utilisation en ext\u00e9rieur.     Diff\u00e9rences entre un capteur cr\u00e9pusculaire en saillie et les autres types de capteurs Type d&#039;installation : Capteur cr\u00e9pusculaire en saillie : il est install\u00e9 directement sur une surface plane, telle qu&#039;un mur ou un poteau, sans qu&#039;il soit n\u00e9cessaire de proc\u00e9der \u00e0 des travaux de construction suppl\u00e9mentaires. Il est plus facile \u00e0 installer et ne n\u00e9cessite pas d&#039;encastrement.      Capteur cr\u00e9pusculaire encastr\u00e9 : il doit \u00eatre install\u00e9 \u00e0 l&#039;int\u00e9rieur d&#039;une bo\u00eete ou d&#039;une niche murale, ce qui implique davantage de travaux d&#039;installation et d&#039;ajustement.      Capteur cr\u00e9pusculaire portable : il n&#039;est pas con\u00e7u pour \u00eatre fix\u00e9 et peut \u00eatre utilis\u00e9 dans des applications temporaires ou mobiles.                 Facilit\u00e9 d&#039;installation :      Les d\u00e9tecteurs en saillie sont plus faciles \u00e0 installer car ils ne n\u00e9cessitent pas de modification de la structure o\u00f9 ils sont plac\u00e9s. Les capteurs encastr\u00e9s n\u00e9cessitent plus de temps et d&#039;efforts, car il faut cr\u00e9er un espace pour les accueillir et s&#039;assurer qu&#039;ils sont bien int\u00e9gr\u00e9s.                        Questions sur les capteurs de lumi\u00e8re Comment fonctionne le capteur cr\u00e9pusculaire ?  Le capteur d\u00e9tecte automatiquement l&#039;intensit\u00e9 de la lumi\u00e8re ambiante. Lorsque la lumi\u00e8re ambiante tombe en dessous de 10 lux (niveau d&#039;obscurit\u00e9), le capteur active les lumi\u00e8res connect\u00e9es. \u00c0 l&#039;aube, lorsque la lumi\u00e8re du jour d\u00e9passe 40 lux, les lumi\u00e8res s&#039;\u00e9teignent automatiquement. Que signifie l&#039;indice de protection IP44 ?  La certification IP44 indique que le capteur est \u00e9tanche \u00e0 la poussi\u00e8re (4) et prot\u00e9g\u00e9 contre les projections d&#039;eau (4). Il est donc id\u00e9al pour une utilisation en ext\u00e9rieur dans des conditions m\u00e9t\u00e9orologiques mod\u00e9r\u00e9es. Est-il compatible avec tous les types de lampes ?  Oui, ce capteur est compatible avec la plupart des lampes et syst\u00e8mes d&#039;\u00e9clairage fonctionnant avec une charge maximale de 16A. Il fonctionne avec les lampes LED ainsi qu&#039;avec les lampes \u00e0 incandescence et les lampes halog\u00e8nes. La dur\u00e9e de fonctionnement peut-elle \u00eatre ajust\u00e9e ?  Oui, le d\u00e9tecteur permet de r\u00e9gler la dur\u00e9e de fonctionnement. Il peut \u00eatre programm\u00e9 pour garder les lumi\u00e8res allum\u00e9es du cr\u00e9puscule \u00e0 l&#039;aube ou pendant un certain nombre d&#039;heures apr\u00e8s le cr\u00e9puscule. Quels sont les avantages de ce d\u00e9tecteur par rapport \u00e0 d&#039;autres d\u00e9tecteurs similaires ?        Installation en surface : aucun travail de construction ni aucune modification structurelle n&#039;est n\u00e9cessaire, ce qui facilite sa mise en \u0153uvre.      Capacit\u00e9 de charge \u00e9lev\u00e9e : compatible avec les syst\u00e8mes d&#039;\u00e9clairage de grande puissance (jusqu&#039;\u00e0 16 A).      Durabilit\u00e9 : l&#039;indice de protection IP44 et les mat\u00e9riaux de haute qualit\u00e9 garantissent des performances constantes.      Polyvalence : id\u00e9al pour une large gamme d&#039;applications, du r\u00e9sidentiel \u00e0 l&#039;industriel.<\/p>","protected":false},"excerpt":{"rendered":"<p>Sensor Crepuscular de Superficie | Encendido autom\u00e1tico al atardecer\u00a0 | Masterled, marca europea de luces LED Dise\u00f1ado para automatizar el encendido y apagado de luces exteriores en funci\u00f3n de la intensidad lum\u00ednica del entorno. Este dispositivo detecta autom\u00e1ticamente la transici\u00f3n entre el d\u00eda y la noche, activando las luces cuando los niveles de luz natural &hellip; <a href=\"https:\/\/ledsolintel.com\/fr\/produit-2\/capteur-crepusculaire-surface-ip44\/\" class=\"more-link\">Continue reading <span class=\"screen-reader-text\">D\u00e9tecteur cr\u00e9pusculaire de surface IP44<\/span><\/a><\/p>","protected":false},"featured_media":263444,"template":"","meta":[],"product_brand":[101370],"product_cat":[15,101371],"product_tag":[],"class_list":{"0":"post-268852","1":"product","2":"type-product","3":"status-publish","4":"has-post-thumbnail","6":"product_brand-masterled","7":"product_cat-uncategorized","8":"product_cat-masterled","9":"pa_color-blanco","12":"instock","13":"taxable","14":"shipping-taxable","15":"purchasable","16":"product-type-simple"},"yoast_head":"<!-- This site is optimized with the Yoast SEO plugin v26.6 - https:\/\/yoast.com\/wordpress\/plugins\/seo\/ -->\n<title>Sensor crepuscular superficie IP44 - Ledsolintel<\/title>\n<meta name=\"robots\" content=\"index, follow, max-snippet:-1, max-image-preview:large, max-video-preview:-1\" \/>\n<link rel=\"canonical\" href=\"https:\/\/ledsolintel.com\/fr\/produit-2\/capteur-crepusculaire-surface-ip44\/\" \/>\n<meta property=\"og:locale\" content=\"fr_FR\" \/>\n<meta property=\"og:type\" content=\"article\" \/>\n<meta property=\"og:title\" content=\"Sensor crepuscular superficie IP44 - Ledsolintel\" \/>\n<meta property=\"og:description\" content=\"Sensor Crepuscular de Superficie | Encendido autom\u00e1tico al atardecer\u00a0 | Masterled, marca europea de luces LED Dise\u00f1ado para automatizar el encendido y apagado de luces exteriores en funci\u00f3n de la intensidad lum\u00ednica del entorno. Este dispositivo detecta autom\u00e1ticamente la transici\u00f3n entre el d\u00eda y la noche, activando las luces cuando los niveles de luz natural &hellip; Continue reading Sensor crepuscular superficie IP44\" \/>\n<meta property=\"og:url\" content=\"https:\/\/ledsolintel.com\/fr\/produit-2\/capteur-crepusculaire-surface-ip44\/\" \/>\n<meta property=\"og:site_name\" content=\"Ledsolintel\" \/>\n<meta property=\"article:publisher\" content=\"http:\/\/www.facebook.com\/webmenaje\" \/>\n<meta property=\"article:modified_time\" content=\"2026-04-07T08:18:56+00:00\" \/>\n<meta property=\"og:image\" content=\"https:\/\/ledsolintel.com\/wp-content\/uploads\/2025\/11\/sensor-crepuscular-superficie-ip44.jpg\" \/>\n\t<meta property=\"og:image:width\" content=\"1000\" \/>\n\t<meta property=\"og:image:height\" content=\"1000\" \/>\n\t<meta property=\"og:image:type\" content=\"image\/png\" \/>\n<meta name=\"twitter:card\" content=\"summary_large_image\" \/>\n<meta name=\"twitter:site\" content=\"@webmenaje\" \/>\n<meta name=\"twitter:label1\" content=\"Dur\u00e9e de lecture estim\u00e9e\" \/>\n\t<meta name=\"twitter:data1\" content=\"5 minutes\" \/>\n<script type=\"application\/ld+json\" class=\"yoast-schema-graph\">{\"@context\":\"https:\/\/schema.org\",\"@graph\":[{\"@type\":\"WebPage\",\"@id\":\"https:\/\/ledsolintel.com\/product\/sensor-crepuscular-superficie-ip44\/\",\"url\":\"https:\/\/ledsolintel.com\/product\/sensor-crepuscular-superficie-ip44\/\",\"name\":\"Sensor crepuscular superficie IP44 - Ledsolintel\",\"isPartOf\":{\"@id\":\"https:\/\/ledsolintel.com\/#website\"},\"primaryImageOfPage\":{\"@id\":\"https:\/\/ledsolintel.com\/product\/sensor-crepuscular-superficie-ip44\/#primaryimage\"},\"image\":{\"@id\":\"https:\/\/ledsolintel.com\/product\/sensor-crepuscular-superficie-ip44\/#primaryimage\"},\"thumbnailUrl\":\"https:\/\/ledsolintel.com\/wp-content\/uploads\/2025\/11\/sensor-crepuscular-superficie-ip44.jpg\",\"datePublished\":\"2025-11-11T16:06:01+00:00\",\"dateModified\":\"2026-04-07T08:18:56+00:00\",\"breadcrumb\":{\"@id\":\"https:\/\/ledsolintel.com\/product\/sensor-crepuscular-superficie-ip44\/#breadcrumb\"},\"inLanguage\":\"fr-FR\",\"potentialAction\":[{\"@type\":\"ReadAction\",\"target\":[\"https:\/\/ledsolintel.com\/product\/sensor-crepuscular-superficie-ip44\/\"]}]},{\"@type\":\"ImageObject\",\"inLanguage\":\"fr-FR\",\"@id\":\"https:\/\/ledsolintel.com\/product\/sensor-crepuscular-superficie-ip44\/#primaryimage\",\"url\":\"https:\/\/ledsolintel.com\/wp-content\/uploads\/2025\/11\/sensor-crepuscular-superficie-ip44.jpg\",\"contentUrl\":\"https:\/\/ledsolintel.com\/wp-content\/uploads\/2025\/11\/sensor-crepuscular-superficie-ip44.jpg\",\"width\":1000,\"height\":1000},{\"@type\":\"BreadcrumbList\",\"@id\":\"https:\/\/ledsolintel.com\/product\/sensor-crepuscular-superficie-ip44\/#breadcrumb\",\"itemListElement\":[{\"@type\":\"ListItem\",\"position\":1,\"name\":\"Portada\",\"item\":\"https:\/\/ledsolintel.com\/fr\/\"},{\"@type\":\"ListItem\",\"position\":2,\"name\":\"Tienda\",\"item\":\"https:\/\/ledsolintel.com\/tienda\/\"},{\"@type\":\"ListItem\",\"position\":3,\"name\":\"Sensor crepuscular superficie IP44\"}]},{\"@type\":\"WebSite\",\"@id\":\"https:\/\/ledsolintel.com\/#website\",\"url\":\"https:\/\/ledsolintel.com\/\",\"name\":\"Webmenaje\",\"description\":\"Tienda de bombillas y l\u00e1mparas LED para profesionales\",\"publisher\":{\"@id\":\"https:\/\/ledsolintel.com\/#organization\"},\"potentialAction\":[{\"@type\":\"SearchAction\",\"target\":{\"@type\":\"EntryPoint\",\"urlTemplate\":\"https:\/\/ledsolintel.com\/?s={search_term_string}\"},\"query-input\":{\"@type\":\"PropertyValueSpecification\",\"valueRequired\":true,\"valueName\":\"search_term_string\"}}],\"inLanguage\":\"fr-FR\"},{\"@type\":\"Organization\",\"@id\":\"https:\/\/ledsolintel.com\/#organization\",\"name\":\"Solintel Noroeste, S.L.\",\"url\":\"https:\/\/ledsolintel.com\/\",\"logo\":{\"@type\":\"ImageObject\",\"inLanguage\":\"fr-FR\",\"@id\":\"https:\/\/ledsolintel.com\/#\/schema\/logo\/image\/\",\"url\":\"https:\/\/ledsolintel.com\/wp-content\/uploads\/2024\/11\/webmenaje-logo-1508269066.jpg\",\"contentUrl\":\"https:\/\/ledsolintel.com\/wp-content\/uploads\/2024\/11\/webmenaje-logo-1508269066.jpg\",\"width\":370,\"height\":90,\"caption\":\"Solintel Noroeste, S.L.\"},\"image\":{\"@id\":\"https:\/\/ledsolintel.com\/#\/schema\/logo\/image\/\"},\"sameAs\":[\"http:\/\/www.facebook.com\/webmenaje\",\"https:\/\/x.com\/webmenaje\",\"https:\/\/www.youtube.com\/channel\/UCX2KoVoeCG4LocZjUc6LmSQ\",\"http:\/\/www.pinterest.com\/webmenaje\"]}]}<\/script>\n<!-- \/ Yoast SEO plugin. -->","yoast_head_json":{"title":"D\u00e9tecteur cr\u00e9pusculaire de surface IP44 - Ledsolintel","robots":{"index":"index","follow":"follow","max-snippet":"max-snippet:-1","max-image-preview":"max-image-preview:large","max-video-preview":"max-video-preview:-1"},"canonical":"https:\/\/ledsolintel.com\/fr\/produit-2\/capteur-crepusculaire-surface-ip44\/","og_locale":"fr_FR","og_type":"article","og_title":"Sensor crepuscular superficie IP44 - Ledsolintel","og_description":"Sensor Crepuscular de Superficie | Encendido autom\u00e1tico al atardecer\u00a0 | Masterled, marca europea de luces LED Dise\u00f1ado para automatizar el encendido y apagado de luces exteriores en funci\u00f3n de la intensidad lum\u00ednica del entorno. Este dispositivo detecta autom\u00e1ticamente la transici\u00f3n entre el d\u00eda y la noche, activando las luces cuando los niveles de luz natural &hellip; Continue reading Sensor crepuscular superficie IP44","og_url":"https:\/\/ledsolintel.com\/fr\/produit-2\/capteur-crepusculaire-surface-ip44\/","og_site_name":"Ledsolintel","article_publisher":"http:\/\/www.facebook.com\/webmenaje","article_modified_time":"2026-04-07T08:18:56+00:00","og_image":[{"width":1000,"height":1000,"url":"https:\/\/ledsolintel.com\/wp-content\/uploads\/2025\/11\/sensor-crepuscular-superficie-ip44.jpg","type":"image\/png"}],"twitter_card":"summary_large_image","twitter_site":"@webmenaje","twitter_misc":{"Dur\u00e9e de lecture estim\u00e9e":"5 minutes"},"schema":{"@context":"https:\/\/schema.org","@graph":[{"@type":"WebPage","@id":"https:\/\/ledsolintel.com\/product\/sensor-crepuscular-superficie-ip44\/","url":"https:\/\/ledsolintel.com\/product\/sensor-crepuscular-superficie-ip44\/","name":"D\u00e9tecteur cr\u00e9pusculaire de surface IP44 - Ledsolintel","isPartOf":{"@id":"https:\/\/ledsolintel.com\/#website"},"primaryImageOfPage":{"@id":"https:\/\/ledsolintel.com\/product\/sensor-crepuscular-superficie-ip44\/#primaryimage"},"image":{"@id":"https:\/\/ledsolintel.com\/product\/sensor-crepuscular-superficie-ip44\/#primaryimage"},"thumbnailUrl":"https:\/\/ledsolintel.com\/wp-content\/uploads\/2025\/11\/sensor-crepuscular-superficie-ip44.jpg","datePublished":"2025-11-11T16:06:01+00:00","dateModified":"2026-04-07T08:18:56+00:00","breadcrumb":{"@id":"https:\/\/ledsolintel.com\/product\/sensor-crepuscular-superficie-ip44\/#breadcrumb"},"inLanguage":"fr-FR","potentialAction":[{"@type":"ReadAction","target":["https:\/\/ledsolintel.com\/product\/sensor-crepuscular-superficie-ip44\/"]}]},{"@type":"ImageObject","inLanguage":"fr-FR","@id":"https:\/\/ledsolintel.com\/product\/sensor-crepuscular-superficie-ip44\/#primaryimage","url":"https:\/\/ledsolintel.com\/wp-content\/uploads\/2025\/11\/sensor-crepuscular-superficie-ip44.jpg","contentUrl":"https:\/\/ledsolintel.com\/wp-content\/uploads\/2025\/11\/sensor-crepuscular-superficie-ip44.jpg","width":1000,"height":1000},{"@type":"BreadcrumbList","@id":"https:\/\/ledsolintel.com\/product\/sensor-crepuscular-superficie-ip44\/#breadcrumb","itemListElement":[{"@type":"ListItem","position":1,"name":"Portada","item":"https:\/\/ledsolintel.com\/fr\/"},{"@type":"ListItem","position":2,"name":"Tienda","item":"https:\/\/ledsolintel.com\/tienda\/"},{"@type":"ListItem","position":3,"name":"Sensor crepuscular superficie IP44"}]},{"@type":"WebSite","@id":"https:\/\/ledsolintel.com\/#website","url":"https:\/\/ledsolintel.com\/","name":"Webmenaje","description":"Magasin d'ampoules et de lampes LED pour les professionnels","publisher":{"@id":"https:\/\/ledsolintel.com\/#organization"},"potentialAction":[{"@type":"SearchAction","target":{"@type":"EntryPoint","urlTemplate":"https:\/\/ledsolintel.com\/?s={search_term_string}"},"query-input":{"@type":"PropertyValueSpecification","valueRequired":true,"valueName":"search_term_string"}}],"inLanguage":"fr-FR"},{"@type":"Organization","@id":"https:\/\/ledsolintel.com\/#organization","name":"Solintel Noroeste, S.L.","url":"https:\/\/ledsolintel.com\/","logo":{"@type":"ImageObject","inLanguage":"fr-FR","@id":"https:\/\/ledsolintel.com\/#\/schema\/logo\/image\/","url":"https:\/\/ledsolintel.com\/wp-content\/uploads\/2024\/11\/webmenaje-logo-1508269066.jpg","contentUrl":"https:\/\/ledsolintel.com\/wp-content\/uploads\/2024\/11\/webmenaje-logo-1508269066.jpg","width":370,"height":90,"caption":"Solintel Noroeste, S.L."},"image":{"@id":"https:\/\/ledsolintel.com\/#\/schema\/logo\/image\/"},"sameAs":["http:\/\/www.facebook.com\/webmenaje","https:\/\/x.com\/webmenaje","https:\/\/www.youtube.com\/channel\/UCX2KoVoeCG4LocZjUc6LmSQ","http:\/\/www.pinterest.com\/webmenaje"]}]}},"_links":{"self":[{"href":"https:\/\/ledsolintel.com\/fr\/wp-json\/wp\/v2\/product\/268852","targetHints":{"allow":["GET"]}}],"collection":[{"href":"https:\/\/ledsolintel.com\/fr\/wp-json\/wp\/v2\/product"}],"about":[{"href":"https:\/\/ledsolintel.com\/fr\/wp-json\/wp\/v2\/types\/product"}],"version-history":[{"count":1,"href":"https:\/\/ledsolintel.com\/fr\/wp-json\/wp\/v2\/product\/268852\/revisions"}],"predecessor-version":[{"id":268853,"href":"https:\/\/ledsolintel.com\/fr\/wp-json\/wp\/v2\/product\/268852\/revisions\/268853"}],"wp:featuredmedia":[{"embeddable":true,"href":"https:\/\/ledsolintel.com\/fr\/wp-json\/wp\/v2\/media\/263444"}],"wp:attachment":[{"href":"https:\/\/ledsolintel.com\/fr\/wp-json\/wp\/v2\/media?parent=268852"}],"wp:term":[{"taxonomy":"product_brand","embeddable":true,"href":"https:\/\/ledsolintel.com\/fr\/wp-json\/wp\/v2\/product_brand?post=268852"},{"taxonomy":"product_cat","embeddable":true,"href":"https:\/\/ledsolintel.com\/fr\/wp-json\/wp\/v2\/product_cat?post=268852"},{"taxonomy":"product_tag","embeddable":true,"href":"https:\/\/ledsolintel.com\/fr\/wp-json\/wp\/v2\/product_tag?post=268852"}],"curies":[{"name":"wp","href":"https:\/\/api.w.org\/{rel}","templated":true}]}}