{"id":268849,"date":"2025-11-11T17:05:59","date_gmt":"2025-11-11T16:05:59","guid":{"rendered":"https:\/\/nueva.ledsolintel.com\/product\/aplique-led-73w-usb-carga-inalambrica-izquierda\/"},"modified":"2026-04-07T10:18:56","modified_gmt":"2026-04-07T08:18:56","slug":"lampe-murale-led-73w-usb-wireless-charging-left","status":"publish","type":"product","link":"https:\/\/ledsolintel.com\/fr\/produit-2\/lampe-murale-led-73w-usb-wireless-charging-left\/","title":{"rendered":"Applique LED 7+3W USB + charge sans fil \u00e0 gauche"},"content":{"rendered":"<p>Applique murale en aluminium, finition noire et blanche, dot\u00e9e d'une liseuse r\u00e9glable de 3 W et d'un r\u00e9tro\u00e9clairage de 7 W. Elle int\u00e8gre un port de charge USB de 2 A \u00e0 gauche du point lumineux qui permet de recharger tout appareil \u00e9lectronique. Elle incorpore un port de charge USB 2A \u00e0 gauche du point lumineux qui permet de charger n'importe quel appareil \u00e9lectronique, ainsi qu'une tablette avec fonction de charge sans fil pour que les appareils compatibles avec cette technologie puissent \u00eatre recharg\u00e9s sur celle-ci sans avoir besoin de c\u00e2bles. Il dispose de deux interrupteurs ind\u00e9pendants pour le feu arri\u00e8re et la liseuse. Ces caract\u00e9ristiques la rendent id\u00e9ale pour une installation en tant que liseuse de chambre et lampe de chevet dans les salons, bureaux, h\u00f4tels, appartements, etc.  Elle int\u00e8gre une LED de type CREE et est disponible dans une temp\u00e9rature de couleur : chaude (3000-3500\u00b0K). Elle peut supporter une tension d'entr\u00e9e de 85-265V et une fr\u00e9quence de fonctionnement de 50Hz.  Elle doit \u00eatre install\u00e9e \u00e0 l'int\u00e9rieur car elle a un degr\u00e9 de protection IP20 (protection contre les particules solides de plus de 12 mm et n'est pas \u00e9tanche).  En plus d'\u00eatre un produit d'une dur\u00e9e de vie sup\u00e9rieure \u00e0 30 000 heures, il b\u00e9n\u00e9ficie d'une garantie de 3 ans. Il poss\u00e8de \u00e9galement le certificat CE, qui atteste qu'il est conforme aux exigences de l'UE en mati\u00e8re de compatibilit\u00e9 \u00e9lectromagn\u00e9tique et de basse tension. Ce certificat d\u00e9clare la conformit\u00e9 du produit \u00e0 toutes les exigences l\u00e9gales et garantit la validit\u00e9 de la vente du produit dans l'Espace \u00e9conomique europ\u00e9en.<\/p>","protected":false},"excerpt":{"rendered":"<p>Aplique de pared en aluminio con acabado en color blanco y negro con un punto de luz de lectura orientable de 3W de potencia y una luz posterior de 7W. Incorpora un puerto de carga USB de 2A a la izquierda del punto de luz, que permite cargar cualquier dispositivo electr\u00f3nico, as\u00ed como, una repisa &hellip; <a href=\"https:\/\/ledsolintel.com\/fr\/produit-2\/lampe-murale-led-73w-usb-wireless-charging-left\/\" class=\"more-link\">Continue reading <span class=\"screen-reader-text\">Applique LED 7+3W USB + charge sans fil \u00e0 gauche<\/span><\/a><\/p>","protected":false},"featured_media":263436,"template":"","meta":[],"product_brand":[101370],"product_cat":[99573,99887,99659,101371,15],"product_tag":[],"class_list":{"0":"post-268849","1":"product","2":"type-product","3":"status-publish","4":"has-post-thumbnail","6":"product_brand-masterled","7":"product_cat-iluminacion-interior","8":"product_cat-lamparas-de-lectura","9":"product_cat-lamparas-de-pared","10":"product_cat-masterled","11":"product_cat-uncategorized","12":"pa_temperatura-color-luz-calida","15":"instock","16":"taxable","17":"shipping-taxable","18":"purchasable","19":"product-type-simple"},"yoast_head":"<!-- This site is optimized with the Yoast SEO plugin v27.4 - https:\/\/yoast.com\/product\/yoast-seo-wordpress\/ -->\n<title>Aplique LED 7+3W USB + carga inal\u00e1mbrica izquierda - Ledsolintel<\/title>\n<meta name=\"robots\" content=\"index, follow, max-snippet:-1, max-image-preview:large, max-video-preview:-1\" \/>\n<link rel=\"canonical\" href=\"https:\/\/ledsolintel.com\/fr\/produit-2\/lampe-murale-led-73w-usb-wireless-charging-left\/\" \/>\n<meta property=\"og:locale\" content=\"fr_FR\" \/>\n<meta property=\"og:type\" content=\"article\" \/>\n<meta property=\"og:title\" content=\"Aplique LED 7+3W USB + carga inal\u00e1mbrica izquierda - Ledsolintel\" \/>\n<meta property=\"og:description\" content=\"Aplique de pared en aluminio con acabado en color blanco y negro con un punto de luz de lectura orientable de 3W de potencia y una luz posterior de 7W. Incorpora un puerto de carga USB de 2A a la izquierda del punto de luz, que permite cargar cualquier dispositivo electr\u00f3nico, as\u00ed como, una repisa &hellip; Continue reading Aplique LED 7+3W USB + carga inal\u00e1mbrica izquierda\" \/>\n<meta property=\"og:url\" content=\"https:\/\/ledsolintel.com\/fr\/produit-2\/lampe-murale-led-73w-usb-wireless-charging-left\/\" \/>\n<meta property=\"og:site_name\" content=\"Ledsolintel\" \/>\n<meta property=\"article:publisher\" content=\"http:\/\/www.facebook.com\/webmenaje\" \/>\n<meta property=\"article:modified_time\" content=\"2026-04-07T08:18:56+00:00\" \/>\n<meta property=\"og:image\" content=\"https:\/\/ledsolintel.com\/wp-content\/uploads\/2025\/11\/aplique-led-73w-usb-carga-inalambrica-izquierda.jpg\" \/>\n\t<meta property=\"og:image:width\" content=\"1500\" \/>\n\t<meta property=\"og:image:height\" content=\"1500\" \/>\n\t<meta property=\"og:image:type\" content=\"image\/jpeg\" \/>\n<meta name=\"twitter:card\" content=\"summary_large_image\" \/>\n<meta name=\"twitter:site\" content=\"@webmenaje\" \/>\n<meta name=\"twitter:label1\" content=\"Dur\u00e9e de lecture estim\u00e9e\" \/>\n\t<meta name=\"twitter:data1\" content=\"1 minute\" \/>\n<script type=\"application\/ld+json\" class=\"yoast-schema-graph\">{\"@context\":\"https:\\\/\\\/schema.org\",\"@graph\":[{\"@type\":\"WebPage\",\"@id\":\"https:\\\/\\\/ledsolintel.com\\\/product\\\/aplique-led-73w-usb-carga-inalambrica-izquierda\\\/\",\"url\":\"https:\\\/\\\/ledsolintel.com\\\/product\\\/aplique-led-73w-usb-carga-inalambrica-izquierda\\\/\",\"name\":\"Aplique LED 7+3W USB + carga inal\u00e1mbrica izquierda - Ledsolintel\",\"isPartOf\":{\"@id\":\"https:\\\/\\\/ledsolintel.com\\\/#website\"},\"primaryImageOfPage\":{\"@id\":\"https:\\\/\\\/ledsolintel.com\\\/product\\\/aplique-led-73w-usb-carga-inalambrica-izquierda\\\/#primaryimage\"},\"image\":{\"@id\":\"https:\\\/\\\/ledsolintel.com\\\/product\\\/aplique-led-73w-usb-carga-inalambrica-izquierda\\\/#primaryimage\"},\"thumbnailUrl\":\"https:\\\/\\\/ledsolintel.com\\\/wp-content\\\/uploads\\\/2025\\\/11\\\/aplique-led-73w-usb-carga-inalambrica-izquierda.jpg\",\"datePublished\":\"2025-11-11T16:05:59+00:00\",\"dateModified\":\"2026-04-07T08:18:56+00:00\",\"breadcrumb\":{\"@id\":\"https:\\\/\\\/ledsolintel.com\\\/product\\\/aplique-led-73w-usb-carga-inalambrica-izquierda\\\/#breadcrumb\"},\"inLanguage\":\"fr-FR\",\"potentialAction\":[{\"@type\":\"ReadAction\",\"target\":[\"https:\\\/\\\/ledsolintel.com\\\/product\\\/aplique-led-73w-usb-carga-inalambrica-izquierda\\\/\"]}]},{\"@type\":\"ImageObject\",\"inLanguage\":\"fr-FR\",\"@id\":\"https:\\\/\\\/ledsolintel.com\\\/product\\\/aplique-led-73w-usb-carga-inalambrica-izquierda\\\/#primaryimage\",\"url\":\"https:\\\/\\\/ledsolintel.com\\\/wp-content\\\/uploads\\\/2025\\\/11\\\/aplique-led-73w-usb-carga-inalambrica-izquierda.jpg\",\"contentUrl\":\"https:\\\/\\\/ledsolintel.com\\\/wp-content\\\/uploads\\\/2025\\\/11\\\/aplique-led-73w-usb-carga-inalambrica-izquierda.jpg\",\"width\":1500,\"height\":1500},{\"@type\":\"BreadcrumbList\",\"@id\":\"https:\\\/\\\/ledsolintel.com\\\/product\\\/aplique-led-73w-usb-carga-inalambrica-izquierda\\\/#breadcrumb\",\"itemListElement\":[{\"@type\":\"ListItem\",\"position\":1,\"name\":\"Portada\",\"item\":\"https:\\\/\\\/ledsolintel.com\\\/fr\\\/\"},{\"@type\":\"ListItem\",\"position\":2,\"name\":\"Tienda\",\"item\":\"https:\\\/\\\/ledsolintel.com\\\/tienda\\\/\"},{\"@type\":\"ListItem\",\"position\":3,\"name\":\"Aplique LED 7+3W USB + carga inal\u00e1mbrica izquierda\"}]},{\"@type\":\"WebSite\",\"@id\":\"https:\\\/\\\/ledsolintel.com\\\/#website\",\"url\":\"https:\\\/\\\/ledsolintel.com\\\/\",\"name\":\"Webmenaje\",\"description\":\"Tienda de bombillas y l\u00e1mparas LED para profesionales\",\"publisher\":{\"@id\":\"https:\\\/\\\/ledsolintel.com\\\/#organization\"},\"potentialAction\":[{\"@type\":\"SearchAction\",\"target\":{\"@type\":\"EntryPoint\",\"urlTemplate\":\"https:\\\/\\\/ledsolintel.com\\\/?s={search_term_string}\"},\"query-input\":{\"@type\":\"PropertyValueSpecification\",\"valueRequired\":true,\"valueName\":\"search_term_string\"}}],\"inLanguage\":\"fr-FR\"},{\"@type\":\"Organization\",\"@id\":\"https:\\\/\\\/ledsolintel.com\\\/#organization\",\"name\":\"Solintel Noroeste, S.L.\",\"url\":\"https:\\\/\\\/ledsolintel.com\\\/\",\"logo\":{\"@type\":\"ImageObject\",\"inLanguage\":\"fr-FR\",\"@id\":\"https:\\\/\\\/ledsolintel.com\\\/#\\\/schema\\\/logo\\\/image\\\/\",\"url\":\"https:\\\/\\\/ledsolintel.com\\\/wp-content\\\/uploads\\\/2024\\\/11\\\/webmenaje-logo-1508269066.jpg\",\"contentUrl\":\"https:\\\/\\\/ledsolintel.com\\\/wp-content\\\/uploads\\\/2024\\\/11\\\/webmenaje-logo-1508269066.jpg\",\"width\":370,\"height\":90,\"caption\":\"Solintel Noroeste, S.L.\"},\"image\":{\"@id\":\"https:\\\/\\\/ledsolintel.com\\\/#\\\/schema\\\/logo\\\/image\\\/\"},\"sameAs\":[\"http:\\\/\\\/www.facebook.com\\\/webmenaje\",\"https:\\\/\\\/x.com\\\/webmenaje\",\"https:\\\/\\\/www.youtube.com\\\/channel\\\/UCX2KoVoeCG4LocZjUc6LmSQ\",\"http:\\\/\\\/www.pinterest.com\\\/webmenaje\"]}]}<\/script>\n<!-- \/ Yoast SEO plugin. -->","yoast_head_json":{"title":"Applique LED 7+3W USB + recharge sans fil gauche - Ledsolintel","robots":{"index":"index","follow":"follow","max-snippet":"max-snippet:-1","max-image-preview":"max-image-preview:large","max-video-preview":"max-video-preview:-1"},"canonical":"https:\/\/ledsolintel.com\/fr\/produit-2\/lampe-murale-led-73w-usb-wireless-charging-left\/","og_locale":"fr_FR","og_type":"article","og_title":"Aplique LED 7+3W USB + carga inal\u00e1mbrica izquierda - Ledsolintel","og_description":"Aplique de pared en aluminio con acabado en color blanco y negro con un punto de luz de lectura orientable de 3W de potencia y una luz posterior de 7W. Incorpora un puerto de carga USB de 2A a la izquierda del punto de luz, que permite cargar cualquier dispositivo electr\u00f3nico, as\u00ed como, una repisa &hellip; Continue reading Aplique LED 7+3W USB + carga inal\u00e1mbrica izquierda","og_url":"https:\/\/ledsolintel.com\/fr\/produit-2\/lampe-murale-led-73w-usb-wireless-charging-left\/","og_site_name":"Ledsolintel","article_publisher":"http:\/\/www.facebook.com\/webmenaje","article_modified_time":"2026-04-07T08:18:56+00:00","og_image":[{"width":1500,"height":1500,"url":"https:\/\/ledsolintel.com\/wp-content\/uploads\/2025\/11\/aplique-led-73w-usb-carga-inalambrica-izquierda.jpg","type":"image\/jpeg"}],"twitter_card":"summary_large_image","twitter_site":"@webmenaje","twitter_misc":{"Dur\u00e9e de lecture estim\u00e9e":"1 minute"},"schema":{"@context":"https:\/\/schema.org","@graph":[{"@type":"WebPage","@id":"https:\/\/ledsolintel.com\/product\/aplique-led-73w-usb-carga-inalambrica-izquierda\/","url":"https:\/\/ledsolintel.com\/product\/aplique-led-73w-usb-carga-inalambrica-izquierda\/","name":"Applique LED 7+3W USB + recharge sans fil gauche - Ledsolintel","isPartOf":{"@id":"https:\/\/ledsolintel.com\/#website"},"primaryImageOfPage":{"@id":"https:\/\/ledsolintel.com\/product\/aplique-led-73w-usb-carga-inalambrica-izquierda\/#primaryimage"},"image":{"@id":"https:\/\/ledsolintel.com\/product\/aplique-led-73w-usb-carga-inalambrica-izquierda\/#primaryimage"},"thumbnailUrl":"https:\/\/ledsolintel.com\/wp-content\/uploads\/2025\/11\/aplique-led-73w-usb-carga-inalambrica-izquierda.jpg","datePublished":"2025-11-11T16:05:59+00:00","dateModified":"2026-04-07T08:18:56+00:00","breadcrumb":{"@id":"https:\/\/ledsolintel.com\/product\/aplique-led-73w-usb-carga-inalambrica-izquierda\/#breadcrumb"},"inLanguage":"fr-FR","potentialAction":[{"@type":"ReadAction","target":["https:\/\/ledsolintel.com\/product\/aplique-led-73w-usb-carga-inalambrica-izquierda\/"]}]},{"@type":"ImageObject","inLanguage":"fr-FR","@id":"https:\/\/ledsolintel.com\/product\/aplique-led-73w-usb-carga-inalambrica-izquierda\/#primaryimage","url":"https:\/\/ledsolintel.com\/wp-content\/uploads\/2025\/11\/aplique-led-73w-usb-carga-inalambrica-izquierda.jpg","contentUrl":"https:\/\/ledsolintel.com\/wp-content\/uploads\/2025\/11\/aplique-led-73w-usb-carga-inalambrica-izquierda.jpg","width":1500,"height":1500},{"@type":"BreadcrumbList","@id":"https:\/\/ledsolintel.com\/product\/aplique-led-73w-usb-carga-inalambrica-izquierda\/#breadcrumb","itemListElement":[{"@type":"ListItem","position":1,"name":"Portada","item":"https:\/\/ledsolintel.com\/fr\/"},{"@type":"ListItem","position":2,"name":"Tienda","item":"https:\/\/ledsolintel.com\/tienda\/"},{"@type":"ListItem","position":3,"name":"Aplique LED 7+3W USB + carga inal\u00e1mbrica izquierda"}]},{"@type":"WebSite","@id":"https:\/\/ledsolintel.com\/#website","url":"https:\/\/ledsolintel.com\/","name":"Webmenaje","description":"Magasin d'ampoules et de lampes LED pour les professionnels","publisher":{"@id":"https:\/\/ledsolintel.com\/#organization"},"potentialAction":[{"@type":"SearchAction","target":{"@type":"EntryPoint","urlTemplate":"https:\/\/ledsolintel.com\/?s={search_term_string}"},"query-input":{"@type":"PropertyValueSpecification","valueRequired":true,"valueName":"search_term_string"}}],"inLanguage":"fr-FR"},{"@type":"Organization","@id":"https:\/\/ledsolintel.com\/#organization","name":"Solintel Noroeste, S.L.","url":"https:\/\/ledsolintel.com\/","logo":{"@type":"ImageObject","inLanguage":"fr-FR","@id":"https:\/\/ledsolintel.com\/#\/schema\/logo\/image\/","url":"https:\/\/ledsolintel.com\/wp-content\/uploads\/2024\/11\/webmenaje-logo-1508269066.jpg","contentUrl":"https:\/\/ledsolintel.com\/wp-content\/uploads\/2024\/11\/webmenaje-logo-1508269066.jpg","width":370,"height":90,"caption":"Solintel Noroeste, S.L."},"image":{"@id":"https:\/\/ledsolintel.com\/#\/schema\/logo\/image\/"},"sameAs":["http:\/\/www.facebook.com\/webmenaje","https:\/\/x.com\/webmenaje","https:\/\/www.youtube.com\/channel\/UCX2KoVoeCG4LocZjUc6LmSQ","http:\/\/www.pinterest.com\/webmenaje"]}]}},"_links":{"self":[{"href":"https:\/\/ledsolintel.com\/fr\/wp-json\/wp\/v2\/product\/268849","targetHints":{"allow":["GET"]}}],"collection":[{"href":"https:\/\/ledsolintel.com\/fr\/wp-json\/wp\/v2\/product"}],"about":[{"href":"https:\/\/ledsolintel.com\/fr\/wp-json\/wp\/v2\/types\/product"}],"version-history":[{"count":1,"href":"https:\/\/ledsolintel.com\/fr\/wp-json\/wp\/v2\/product\/268849\/revisions"}],"predecessor-version":[{"id":268850,"href":"https:\/\/ledsolintel.com\/fr\/wp-json\/wp\/v2\/product\/268849\/revisions\/268850"}],"wp:featuredmedia":[{"embeddable":true,"href":"https:\/\/ledsolintel.com\/fr\/wp-json\/wp\/v2\/media\/263436"}],"wp:attachment":[{"href":"https:\/\/ledsolintel.com\/fr\/wp-json\/wp\/v2\/media?parent=268849"}],"wp:term":[{"taxonomy":"product_brand","embeddable":true,"href":"https:\/\/ledsolintel.com\/fr\/wp-json\/wp\/v2\/product_brand?post=268849"},{"taxonomy":"product_cat","embeddable":true,"href":"https:\/\/ledsolintel.com\/fr\/wp-json\/wp\/v2\/product_cat?post=268849"},{"taxonomy":"product_tag","embeddable":true,"href":"https:\/\/ledsolintel.com\/fr\/wp-json\/wp\/v2\/product_tag?post=268849"}],"curies":[{"name":"wp","href":"https:\/\/api.w.org\/{rel}","templated":true}]}}