{"id":268801,"date":"2025-11-11T17:05:12","date_gmt":"2025-11-11T16:05:12","guid":{"rendered":"https:\/\/nueva.ledsolintel.com\/product\/plafon-led-redondo-cct-50w\/"},"modified":"2026-04-07T10:18:57","modified_gmt":"2026-04-07T08:18:57","slug":"plafon-led-redondo-cct-50w","status":"publish","type":"product","link":"https:\/\/ledsolintel.com\/fr\/produit-2\/plafon-led-redondo-cct-50w\/","title":{"rendered":"Plafonnier LED rond CCT 50W"},"content":{"rendered":"<p>Plaf\u00f3n de LEDs redondo de superficie de 50W con acabado en color blanco, es uno de los productos m\u00e1s utilizados en iluminaci\u00f3n ya que es ideal para su instalaci\u00f3n en techos, tanto si cuentan con poco o mucho espacio. Debido a su \u00e1ngulo de dispersi\u00f3n lum\u00ednica de 120\u00b0 y su iluminaci\u00f3n eficiente y suave, lo hace ideal como fuente de iluminaci\u00f3n para uso residencial (pasillos, zonas de entrada, salones, dormitorios, ba\u00f1os o cocinas) y espacios m\u00e1s amplios como oficinas, tiendas, hoteles, bares, restaurantes o supermercados.  La tecnolog\u00eda LED presenta un menor consumo en comparaci\u00f3n con los downlight hal\u00f3genos convencionales, permitiendo ahorrar cada mes en la factura de la luz.  Para evitar da\u00f1os en el driver o en la luminaria, se debe realizar la instalaci\u00f3n sin tensi\u00f3n en la red el\u00e9ctrica.  Cuenta con una alta eficacia al consumir 50W mediante los LEDs SMD que integra, logrando proporcionar un flujo luminoso de 5000 lumens. La iluminaci\u00f3n que aporta representa un consumo por valor de 50kWh\/1000h, lo que supone una reducci\u00f3n de la cantidad de energ\u00eda facturada y de emisiones de gases contaminantes a la atm\u00f3sfera. Este plaf\u00f3n incorpora un interruptor de tres posiciones con el cual podemos seleccionar la temperatura de color deseada pudiendo optar entre tres temperaturas diferentes: blanca (6000\u00b0K), neutra (4000\u00b0K) y c\u00e1lida (3000\u00b0K).  Su instalaci\u00f3n puede realizarse en lugares interiores o zonas exteriores cubiertas al poseer un grado de protecci\u00f3n IP42 (protecci\u00f3n contra objetos con un di\u00e1metro superior a 1mm y contra goteo con inclinaci\u00f3n de hasta 15\u00b4). Soporta un voltaje de entrada de 100-240V y una frecuencia de servicio de 50\/60 Hz. Est\u00e1 dise\u00f1ado en ABS con las dimensiones de \u00d8 600 x 27 mm. Su instalaci\u00f3n es muy sencilla, no es necesario hacer agujeros para empotrar; basta con una sencilla fijaci\u00f3n mediante tornillos.  Adem\u00e1s de ser un producto que tiene m\u00e1s de 30.000 horas de vida, dispone de una garant\u00eda de 3 a\u00f1os. Cuenta tambi\u00e9n con el certificado CE, que acredita que se cumple con los requisitos de la UE respecto a compatibilidad electromagn\u00e9tica y normativa de baja tensi\u00f3n. Con este certificado se declara la conformidad de dicho producto con todos los requisitos legales exigidos, y asegura la validez del producto para ser vendido en todo el Espacio Econ\u00f3mico Europeo.  Incluye tornillos y tacos de montaje.<\/p>","protected":false},"excerpt":{"rendered":"<p>Plaf\u00f3n de LEDs redondo de superficie de 50W con acabado en color blanco, es uno de los productos m\u00e1s utilizados en iluminaci\u00f3n ya que es ideal para su instalaci\u00f3n en techos, tanto si cuentan con poco o mucho espacio. Debido a su \u00e1ngulo de dispersi\u00f3n lum\u00ednica de 120\u00b0 y su iluminaci\u00f3n eficiente y suave, lo &hellip; <a href=\"https:\/\/ledsolintel.com\/fr\/produit-2\/plafon-led-redondo-cct-50w\/\" class=\"more-link\">Continue reading <span class=\"screen-reader-text\">Plafonnier LED rond CCT 50W<\/span><\/a><\/p>","protected":false},"featured_media":263330,"template":"","meta":[],"product_brand":[101370],"product_cat":[101371,15],"product_tag":[],"class_list":{"0":"post-268801","1":"product","2":"type-product","3":"status-publish","4":"has-post-thumbnail","6":"product_brand-masterled","7":"product_cat-masterled","8":"product_cat-uncategorized","9":"pa_interior-exterior-interior","12":"instock","13":"taxable","14":"shipping-taxable","15":"purchasable","16":"product-type-simple"},"yoast_head":"<!-- This site is optimized with the Yoast SEO plugin v26.6 - https:\/\/yoast.com\/wordpress\/plugins\/seo\/ -->\n<title>Plaf\u00f3n LED redondo CCT 50W - Ledsolintel<\/title>\n<meta name=\"robots\" content=\"index, follow, max-snippet:-1, max-image-preview:large, max-video-preview:-1\" \/>\n<link rel=\"canonical\" href=\"https:\/\/ledsolintel.com\/fr\/produit-2\/plafon-led-redondo-cct-50w\/\" \/>\n<meta property=\"og:locale\" content=\"fr_FR\" \/>\n<meta property=\"og:type\" content=\"article\" \/>\n<meta property=\"og:title\" content=\"Plaf\u00f3n LED redondo CCT 50W - Ledsolintel\" \/>\n<meta property=\"og:description\" content=\"Plaf\u00f3n de LEDs redondo de superficie de 50W con acabado en color blanco, es uno de los productos m\u00e1s utilizados en iluminaci\u00f3n ya que es ideal para su instalaci\u00f3n en techos, tanto si cuentan con poco o mucho espacio. Debido a su \u00e1ngulo de dispersi\u00f3n lum\u00ednica de 120\u00b0 y su iluminaci\u00f3n eficiente y suave, lo &hellip; Continue reading Plaf\u00f3n LED redondo CCT 50W\" \/>\n<meta property=\"og:url\" content=\"https:\/\/ledsolintel.com\/fr\/produit-2\/plafon-led-redondo-cct-50w\/\" \/>\n<meta property=\"og:site_name\" content=\"Ledsolintel\" \/>\n<meta property=\"article:publisher\" content=\"http:\/\/www.facebook.com\/webmenaje\" \/>\n<meta property=\"article:modified_time\" content=\"2026-04-07T08:18:57+00:00\" \/>\n<meta property=\"og:image\" content=\"https:\/\/ledsolintel.com\/wp-content\/uploads\/2025\/11\/plafon-redondo-cct-50w.jpg\" \/>\n\t<meta property=\"og:image:width\" content=\"1200\" \/>\n\t<meta property=\"og:image:height\" content=\"1200\" \/>\n\t<meta property=\"og:image:type\" content=\"image\/jpeg\" \/>\n<meta name=\"twitter:card\" content=\"summary_large_image\" \/>\n<meta name=\"twitter:site\" content=\"@webmenaje\" \/>\n<meta name=\"twitter:label1\" content=\"Dur\u00e9e de lecture estim\u00e9e\" \/>\n\t<meta name=\"twitter:data1\" content=\"2 minutes\" \/>\n<script type=\"application\/ld+json\" class=\"yoast-schema-graph\">{\"@context\":\"https:\/\/schema.org\",\"@graph\":[{\"@type\":\"WebPage\",\"@id\":\"https:\/\/ledsolintel.com\/product\/plafon-led-redondo-cct-50w\/\",\"url\":\"https:\/\/ledsolintel.com\/product\/plafon-led-redondo-cct-50w\/\",\"name\":\"Plaf\u00f3n LED redondo CCT 50W - Ledsolintel\",\"isPartOf\":{\"@id\":\"https:\/\/ledsolintel.com\/#website\"},\"primaryImageOfPage\":{\"@id\":\"https:\/\/ledsolintel.com\/product\/plafon-led-redondo-cct-50w\/#primaryimage\"},\"image\":{\"@id\":\"https:\/\/ledsolintel.com\/product\/plafon-led-redondo-cct-50w\/#primaryimage\"},\"thumbnailUrl\":\"https:\/\/ledsolintel.com\/wp-content\/uploads\/2025\/11\/plafon-redondo-cct-50w.jpg\",\"datePublished\":\"2025-11-11T16:05:12+00:00\",\"dateModified\":\"2026-04-07T08:18:57+00:00\",\"breadcrumb\":{\"@id\":\"https:\/\/ledsolintel.com\/product\/plafon-led-redondo-cct-50w\/#breadcrumb\"},\"inLanguage\":\"fr-FR\",\"potentialAction\":[{\"@type\":\"ReadAction\",\"target\":[\"https:\/\/ledsolintel.com\/product\/plafon-led-redondo-cct-50w\/\"]}]},{\"@type\":\"ImageObject\",\"inLanguage\":\"fr-FR\",\"@id\":\"https:\/\/ledsolintel.com\/product\/plafon-led-redondo-cct-50w\/#primaryimage\",\"url\":\"https:\/\/ledsolintel.com\/wp-content\/uploads\/2025\/11\/plafon-redondo-cct-50w.jpg\",\"contentUrl\":\"https:\/\/ledsolintel.com\/wp-content\/uploads\/2025\/11\/plafon-redondo-cct-50w.jpg\",\"width\":1200,\"height\":1200},{\"@type\":\"BreadcrumbList\",\"@id\":\"https:\/\/ledsolintel.com\/product\/plafon-led-redondo-cct-50w\/#breadcrumb\",\"itemListElement\":[{\"@type\":\"ListItem\",\"position\":1,\"name\":\"Portada\",\"item\":\"https:\/\/ledsolintel.com\/fr\/\"},{\"@type\":\"ListItem\",\"position\":2,\"name\":\"Tienda\",\"item\":\"https:\/\/ledsolintel.com\/tienda\/\"},{\"@type\":\"ListItem\",\"position\":3,\"name\":\"Plaf\u00f3n LED redondo CCT 50W\"}]},{\"@type\":\"WebSite\",\"@id\":\"https:\/\/ledsolintel.com\/#website\",\"url\":\"https:\/\/ledsolintel.com\/\",\"name\":\"Webmenaje\",\"description\":\"Tienda de bombillas y l\u00e1mparas LED para profesionales\",\"publisher\":{\"@id\":\"https:\/\/ledsolintel.com\/#organization\"},\"potentialAction\":[{\"@type\":\"SearchAction\",\"target\":{\"@type\":\"EntryPoint\",\"urlTemplate\":\"https:\/\/ledsolintel.com\/?s={search_term_string}\"},\"query-input\":{\"@type\":\"PropertyValueSpecification\",\"valueRequired\":true,\"valueName\":\"search_term_string\"}}],\"inLanguage\":\"fr-FR\"},{\"@type\":\"Organization\",\"@id\":\"https:\/\/ledsolintel.com\/#organization\",\"name\":\"Solintel Noroeste, S.L.\",\"url\":\"https:\/\/ledsolintel.com\/\",\"logo\":{\"@type\":\"ImageObject\",\"inLanguage\":\"fr-FR\",\"@id\":\"https:\/\/ledsolintel.com\/#\/schema\/logo\/image\/\",\"url\":\"https:\/\/ledsolintel.com\/wp-content\/uploads\/2024\/11\/webmenaje-logo-1508269066.jpg\",\"contentUrl\":\"https:\/\/ledsolintel.com\/wp-content\/uploads\/2024\/11\/webmenaje-logo-1508269066.jpg\",\"width\":370,\"height\":90,\"caption\":\"Solintel Noroeste, S.L.\"},\"image\":{\"@id\":\"https:\/\/ledsolintel.com\/#\/schema\/logo\/image\/\"},\"sameAs\":[\"http:\/\/www.facebook.com\/webmenaje\",\"https:\/\/x.com\/webmenaje\",\"https:\/\/www.youtube.com\/channel\/UCX2KoVoeCG4LocZjUc6LmSQ\",\"http:\/\/www.pinterest.com\/webmenaje\"]}]}<\/script>\n<!-- \/ Yoast SEO plugin. -->","yoast_head_json":{"title":"Plaf\u00f3n LED redondo CCT 50W - Ledsolintel","robots":{"index":"index","follow":"follow","max-snippet":"max-snippet:-1","max-image-preview":"max-image-preview:large","max-video-preview":"max-video-preview:-1"},"canonical":"https:\/\/ledsolintel.com\/fr\/produit-2\/plafon-led-redondo-cct-50w\/","og_locale":"fr_FR","og_type":"article","og_title":"Plaf\u00f3n LED redondo CCT 50W - Ledsolintel","og_description":"Plaf\u00f3n de LEDs redondo de superficie de 50W con acabado en color blanco, es uno de los productos m\u00e1s utilizados en iluminaci\u00f3n ya que es ideal para su instalaci\u00f3n en techos, tanto si cuentan con poco o mucho espacio. Debido a su \u00e1ngulo de dispersi\u00f3n lum\u00ednica de 120\u00b0 y su iluminaci\u00f3n eficiente y suave, lo &hellip; Continue reading Plaf\u00f3n LED redondo CCT 50W","og_url":"https:\/\/ledsolintel.com\/fr\/produit-2\/plafon-led-redondo-cct-50w\/","og_site_name":"Ledsolintel","article_publisher":"http:\/\/www.facebook.com\/webmenaje","article_modified_time":"2026-04-07T08:18:57+00:00","og_image":[{"width":1200,"height":1200,"url":"https:\/\/ledsolintel.com\/wp-content\/uploads\/2025\/11\/plafon-redondo-cct-50w.jpg","type":"image\/jpeg"}],"twitter_card":"summary_large_image","twitter_site":"@webmenaje","twitter_misc":{"Dur\u00e9e de lecture estim\u00e9e":"2 minutes"},"schema":{"@context":"https:\/\/schema.org","@graph":[{"@type":"WebPage","@id":"https:\/\/ledsolintel.com\/product\/plafon-led-redondo-cct-50w\/","url":"https:\/\/ledsolintel.com\/product\/plafon-led-redondo-cct-50w\/","name":"Plaf\u00f3n LED redondo CCT 50W - Ledsolintel","isPartOf":{"@id":"https:\/\/ledsolintel.com\/#website"},"primaryImageOfPage":{"@id":"https:\/\/ledsolintel.com\/product\/plafon-led-redondo-cct-50w\/#primaryimage"},"image":{"@id":"https:\/\/ledsolintel.com\/product\/plafon-led-redondo-cct-50w\/#primaryimage"},"thumbnailUrl":"https:\/\/ledsolintel.com\/wp-content\/uploads\/2025\/11\/plafon-redondo-cct-50w.jpg","datePublished":"2025-11-11T16:05:12+00:00","dateModified":"2026-04-07T08:18:57+00:00","breadcrumb":{"@id":"https:\/\/ledsolintel.com\/product\/plafon-led-redondo-cct-50w\/#breadcrumb"},"inLanguage":"fr-FR","potentialAction":[{"@type":"ReadAction","target":["https:\/\/ledsolintel.com\/product\/plafon-led-redondo-cct-50w\/"]}]},{"@type":"ImageObject","inLanguage":"fr-FR","@id":"https:\/\/ledsolintel.com\/product\/plafon-led-redondo-cct-50w\/#primaryimage","url":"https:\/\/ledsolintel.com\/wp-content\/uploads\/2025\/11\/plafon-redondo-cct-50w.jpg","contentUrl":"https:\/\/ledsolintel.com\/wp-content\/uploads\/2025\/11\/plafon-redondo-cct-50w.jpg","width":1200,"height":1200},{"@type":"BreadcrumbList","@id":"https:\/\/ledsolintel.com\/product\/plafon-led-redondo-cct-50w\/#breadcrumb","itemListElement":[{"@type":"ListItem","position":1,"name":"Portada","item":"https:\/\/ledsolintel.com\/fr\/"},{"@type":"ListItem","position":2,"name":"Tienda","item":"https:\/\/ledsolintel.com\/tienda\/"},{"@type":"ListItem","position":3,"name":"Plaf\u00f3n LED redondo CCT 50W"}]},{"@type":"WebSite","@id":"https:\/\/ledsolintel.com\/#website","url":"https:\/\/ledsolintel.com\/","name":"Webmenaje","description":"Magasin d'ampoules et de lampes LED pour les professionnels","publisher":{"@id":"https:\/\/ledsolintel.com\/#organization"},"potentialAction":[{"@type":"SearchAction","target":{"@type":"EntryPoint","urlTemplate":"https:\/\/ledsolintel.com\/?s={search_term_string}"},"query-input":{"@type":"PropertyValueSpecification","valueRequired":true,"valueName":"search_term_string"}}],"inLanguage":"fr-FR"},{"@type":"Organization","@id":"https:\/\/ledsolintel.com\/#organization","name":"Solintel Noroeste, S.L.","url":"https:\/\/ledsolintel.com\/","logo":{"@type":"ImageObject","inLanguage":"fr-FR","@id":"https:\/\/ledsolintel.com\/#\/schema\/logo\/image\/","url":"https:\/\/ledsolintel.com\/wp-content\/uploads\/2024\/11\/webmenaje-logo-1508269066.jpg","contentUrl":"https:\/\/ledsolintel.com\/wp-content\/uploads\/2024\/11\/webmenaje-logo-1508269066.jpg","width":370,"height":90,"caption":"Solintel Noroeste, S.L."},"image":{"@id":"https:\/\/ledsolintel.com\/#\/schema\/logo\/image\/"},"sameAs":["http:\/\/www.facebook.com\/webmenaje","https:\/\/x.com\/webmenaje","https:\/\/www.youtube.com\/channel\/UCX2KoVoeCG4LocZjUc6LmSQ","http:\/\/www.pinterest.com\/webmenaje"]}]}},"_links":{"self":[{"href":"https:\/\/ledsolintel.com\/fr\/wp-json\/wp\/v2\/product\/268801","targetHints":{"allow":["GET"]}}],"collection":[{"href":"https:\/\/ledsolintel.com\/fr\/wp-json\/wp\/v2\/product"}],"about":[{"href":"https:\/\/ledsolintel.com\/fr\/wp-json\/wp\/v2\/types\/product"}],"version-history":[{"count":1,"href":"https:\/\/ledsolintel.com\/fr\/wp-json\/wp\/v2\/product\/268801\/revisions"}],"predecessor-version":[{"id":268802,"href":"https:\/\/ledsolintel.com\/fr\/wp-json\/wp\/v2\/product\/268801\/revisions\/268802"}],"wp:featuredmedia":[{"embeddable":true,"href":"https:\/\/ledsolintel.com\/fr\/wp-json\/wp\/v2\/media\/263330"}],"wp:attachment":[{"href":"https:\/\/ledsolintel.com\/fr\/wp-json\/wp\/v2\/media?parent=268801"}],"wp:term":[{"taxonomy":"product_brand","embeddable":true,"href":"https:\/\/ledsolintel.com\/fr\/wp-json\/wp\/v2\/product_brand?post=268801"},{"taxonomy":"product_cat","embeddable":true,"href":"https:\/\/ledsolintel.com\/fr\/wp-json\/wp\/v2\/product_cat?post=268801"},{"taxonomy":"product_tag","embeddable":true,"href":"https:\/\/ledsolintel.com\/fr\/wp-json\/wp\/v2\/product_tag?post=268801"}],"curies":[{"name":"wp","href":"https:\/\/api.w.org\/{rel}","templated":true}]}}