{"id":268739,"date":"2025-11-11T17:04:13","date_gmt":"2025-11-11T16:04:13","guid":{"rendered":"https:\/\/nueva.ledsolintel.com\/product\/caja-estanca-85x85x50mm-ip55\/"},"modified":"2025-12-17T12:50:53","modified_gmt":"2025-12-17T11:50:53","slug":"caja-estanca-85x85x50mm-ip55","status":"publish","type":"product","link":"https:\/\/ledsolintel.com\/fr\/produit-2\/caja-estanca-85x85x50mm-ip55\/","title":{"rendered":"Bo\u00eete \u00e9tanche 85x85x50mm IP55"},"content":{"rendered":"<p>Caja de conexiones con conos para montaje en superficie. El cierre de la tapa es mediante presi\u00f3n. Es un producto ideal para su uso como caja de derivaci\u00f3n en instalaciones dom\u00e9sticas, industriales, comerciales, deportivas, etc.  Est\u00e1 fabricada en PVC con las medidas 85 x 85 x 50 mm.  Su grado de protecci\u00f3n IP55 permite la instalaci\u00f3n tanto en interior como en exterior.  Dispone de una garant\u00eda de 3 a\u00f1os. Cuenta tambi\u00e9n con el certificado CE, que acredita que se cumple con los requisitos de la UE respecto a compatibilidad electromagn\u00e9tica y normativa de baja tensi\u00f3n. Con este certificado se declara la conformidad de dicho producto con todos los requisitos legales exigidos, y asegura la validez del producto para ser vendido en todo el Espacio Econ\u00f3mico Europeo.<\/p>","protected":false},"excerpt":{"rendered":"<p>Caja de conexiones con conos para montaje en superficie. El cierre de la tapa es mediante presi\u00f3n. Es un producto ideal para su uso como caja de derivaci\u00f3n en instalaciones dom\u00e9sticas, industriales, comerciales, deportivas, etc. Est\u00e1 fabricada en PVC con las medidas 85 x 85 x 50 mm. Su grado de protecci\u00f3n IP55 permite la &hellip; <a href=\"https:\/\/ledsolintel.com\/fr\/produit-2\/caja-estanca-85x85x50mm-ip55\/\" class=\"more-link\">Continue reading <span class=\"screen-reader-text\">Bo\u00eete \u00e9tanche 85x85x50mm IP55<\/span><\/a><\/p>","protected":false},"featured_media":263200,"template":"","meta":[],"product_brand":[101370],"product_cat":[15,101371],"product_tag":[],"class_list":{"0":"post-268739","1":"product","2":"type-product","3":"status-publish","4":"has-post-thumbnail","6":"product_brand-masterled","7":"product_cat-uncategorized","8":"product_cat-masterled","9":"pa_color-blanco","12":"instock","13":"purchasable","14":"product-type-simple"},"yoast_head":"<!-- This site is optimized with the Yoast SEO plugin v26.6 - https:\/\/yoast.com\/wordpress\/plugins\/seo\/ -->\n<title>Caja estanca 85x85x50mm IP55 - Ledsolintel<\/title>\n<meta name=\"robots\" content=\"index, follow, max-snippet:-1, max-image-preview:large, max-video-preview:-1\" \/>\n<link rel=\"canonical\" href=\"https:\/\/ledsolintel.com\/fr\/produit-2\/caja-estanca-85x85x50mm-ip55\/\" \/>\n<meta property=\"og:locale\" content=\"fr_FR\" \/>\n<meta property=\"og:type\" content=\"article\" \/>\n<meta property=\"og:title\" content=\"Caja estanca 85x85x50mm IP55 - Ledsolintel\" \/>\n<meta property=\"og:description\" content=\"Caja de conexiones con conos para montaje en superficie. El cierre de la tapa es mediante presi\u00f3n. Es un producto ideal para su uso como caja de derivaci\u00f3n en instalaciones dom\u00e9sticas, industriales, comerciales, deportivas, etc. Est\u00e1 fabricada en PVC con las medidas 85 x 85 x 50 mm. Su grado de protecci\u00f3n IP55 permite la &hellip; Continue reading Caja estanca 85x85x50mm IP55\" \/>\n<meta property=\"og:url\" content=\"https:\/\/ledsolintel.com\/fr\/produit-2\/caja-estanca-85x85x50mm-ip55\/\" \/>\n<meta property=\"og:site_name\" content=\"Ledsolintel\" \/>\n<meta property=\"article:publisher\" content=\"http:\/\/www.facebook.com\/webmenaje\" \/>\n<meta property=\"article:modified_time\" content=\"2025-12-17T11:50:53+00:00\" \/>\n<meta property=\"og:image\" content=\"https:\/\/ledsolintel.com\/wp-content\/uploads\/2025\/11\/caja-estanca-85x85x50mm-ip55.jpg\" \/>\n\t<meta property=\"og:image:width\" content=\"800\" \/>\n\t<meta property=\"og:image:height\" content=\"800\" \/>\n\t<meta property=\"og:image:type\" content=\"image\/jpeg\" \/>\n<meta name=\"twitter:card\" content=\"summary_large_image\" \/>\n<meta name=\"twitter:site\" content=\"@webmenaje\" \/>\n<meta name=\"twitter:label1\" content=\"Dur\u00e9e de lecture estim\u00e9e\" \/>\n\t<meta name=\"twitter:data1\" content=\"1 minute\" \/>\n<script type=\"application\/ld+json\" class=\"yoast-schema-graph\">{\"@context\":\"https:\/\/schema.org\",\"@graph\":[{\"@type\":\"WebPage\",\"@id\":\"https:\/\/ledsolintel.com\/product\/caja-estanca-85x85x50mm-ip55\/\",\"url\":\"https:\/\/ledsolintel.com\/product\/caja-estanca-85x85x50mm-ip55\/\",\"name\":\"Caja estanca 85x85x50mm IP55 - Ledsolintel\",\"isPartOf\":{\"@id\":\"https:\/\/ledsolintel.com\/#website\"},\"primaryImageOfPage\":{\"@id\":\"https:\/\/ledsolintel.com\/product\/caja-estanca-85x85x50mm-ip55\/#primaryimage\"},\"image\":{\"@id\":\"https:\/\/ledsolintel.com\/product\/caja-estanca-85x85x50mm-ip55\/#primaryimage\"},\"thumbnailUrl\":\"https:\/\/ledsolintel.com\/wp-content\/uploads\/2025\/11\/caja-estanca-85x85x50mm-ip55.jpg\",\"datePublished\":\"2025-11-11T16:04:13+00:00\",\"dateModified\":\"2025-12-17T11:50:53+00:00\",\"breadcrumb\":{\"@id\":\"https:\/\/ledsolintel.com\/product\/caja-estanca-85x85x50mm-ip55\/#breadcrumb\"},\"inLanguage\":\"fr-FR\",\"potentialAction\":[{\"@type\":\"ReadAction\",\"target\":[\"https:\/\/ledsolintel.com\/product\/caja-estanca-85x85x50mm-ip55\/\"]}]},{\"@type\":\"ImageObject\",\"inLanguage\":\"fr-FR\",\"@id\":\"https:\/\/ledsolintel.com\/product\/caja-estanca-85x85x50mm-ip55\/#primaryimage\",\"url\":\"https:\/\/ledsolintel.com\/wp-content\/uploads\/2025\/11\/caja-estanca-85x85x50mm-ip55.jpg\",\"contentUrl\":\"https:\/\/ledsolintel.com\/wp-content\/uploads\/2025\/11\/caja-estanca-85x85x50mm-ip55.jpg\",\"width\":800,\"height\":800},{\"@type\":\"BreadcrumbList\",\"@id\":\"https:\/\/ledsolintel.com\/product\/caja-estanca-85x85x50mm-ip55\/#breadcrumb\",\"itemListElement\":[{\"@type\":\"ListItem\",\"position\":1,\"name\":\"Portada\",\"item\":\"https:\/\/ledsolintel.com\/fr\/\"},{\"@type\":\"ListItem\",\"position\":2,\"name\":\"Tienda\",\"item\":\"https:\/\/ledsolintel.com\/tienda\/\"},{\"@type\":\"ListItem\",\"position\":3,\"name\":\"Caja estanca 85x85x50mm IP55\"}]},{\"@type\":\"WebSite\",\"@id\":\"https:\/\/ledsolintel.com\/#website\",\"url\":\"https:\/\/ledsolintel.com\/\",\"name\":\"Webmenaje\",\"description\":\"Tienda de bombillas y l\u00e1mparas LED para profesionales\",\"publisher\":{\"@id\":\"https:\/\/ledsolintel.com\/#organization\"},\"potentialAction\":[{\"@type\":\"SearchAction\",\"target\":{\"@type\":\"EntryPoint\",\"urlTemplate\":\"https:\/\/ledsolintel.com\/?s={search_term_string}\"},\"query-input\":{\"@type\":\"PropertyValueSpecification\",\"valueRequired\":true,\"valueName\":\"search_term_string\"}}],\"inLanguage\":\"fr-FR\"},{\"@type\":\"Organization\",\"@id\":\"https:\/\/ledsolintel.com\/#organization\",\"name\":\"Solintel Noroeste, S.L.\",\"url\":\"https:\/\/ledsolintel.com\/\",\"logo\":{\"@type\":\"ImageObject\",\"inLanguage\":\"fr-FR\",\"@id\":\"https:\/\/ledsolintel.com\/#\/schema\/logo\/image\/\",\"url\":\"https:\/\/ledsolintel.com\/wp-content\/uploads\/2024\/11\/webmenaje-logo-1508269066.jpg\",\"contentUrl\":\"https:\/\/ledsolintel.com\/wp-content\/uploads\/2024\/11\/webmenaje-logo-1508269066.jpg\",\"width\":370,\"height\":90,\"caption\":\"Solintel Noroeste, S.L.\"},\"image\":{\"@id\":\"https:\/\/ledsolintel.com\/#\/schema\/logo\/image\/\"},\"sameAs\":[\"http:\/\/www.facebook.com\/webmenaje\",\"https:\/\/x.com\/webmenaje\",\"https:\/\/www.youtube.com\/channel\/UCX2KoVoeCG4LocZjUc6LmSQ\",\"http:\/\/www.pinterest.com\/webmenaje\"]}]}<\/script>\n<!-- \/ Yoast SEO plugin. -->","yoast_head_json":{"title":"Caja estanca 85x85x50mm IP55 - Ledsolintel","robots":{"index":"index","follow":"follow","max-snippet":"max-snippet:-1","max-image-preview":"max-image-preview:large","max-video-preview":"max-video-preview:-1"},"canonical":"https:\/\/ledsolintel.com\/fr\/produit-2\/caja-estanca-85x85x50mm-ip55\/","og_locale":"fr_FR","og_type":"article","og_title":"Caja estanca 85x85x50mm IP55 - Ledsolintel","og_description":"Caja de conexiones con conos para montaje en superficie. El cierre de la tapa es mediante presi\u00f3n. Es un producto ideal para su uso como caja de derivaci\u00f3n en instalaciones dom\u00e9sticas, industriales, comerciales, deportivas, etc. Est\u00e1 fabricada en PVC con las medidas 85 x 85 x 50 mm. Su grado de protecci\u00f3n IP55 permite la &hellip; Continue reading Caja estanca 85x85x50mm IP55","og_url":"https:\/\/ledsolintel.com\/fr\/produit-2\/caja-estanca-85x85x50mm-ip55\/","og_site_name":"Ledsolintel","article_publisher":"http:\/\/www.facebook.com\/webmenaje","article_modified_time":"2025-12-17T11:50:53+00:00","og_image":[{"width":800,"height":800,"url":"https:\/\/ledsolintel.com\/wp-content\/uploads\/2025\/11\/caja-estanca-85x85x50mm-ip55.jpg","type":"image\/jpeg"}],"twitter_card":"summary_large_image","twitter_site":"@webmenaje","twitter_misc":{"Dur\u00e9e de lecture estim\u00e9e":"1 minute"},"schema":{"@context":"https:\/\/schema.org","@graph":[{"@type":"WebPage","@id":"https:\/\/ledsolintel.com\/product\/caja-estanca-85x85x50mm-ip55\/","url":"https:\/\/ledsolintel.com\/product\/caja-estanca-85x85x50mm-ip55\/","name":"Caja estanca 85x85x50mm IP55 - Ledsolintel","isPartOf":{"@id":"https:\/\/ledsolintel.com\/#website"},"primaryImageOfPage":{"@id":"https:\/\/ledsolintel.com\/product\/caja-estanca-85x85x50mm-ip55\/#primaryimage"},"image":{"@id":"https:\/\/ledsolintel.com\/product\/caja-estanca-85x85x50mm-ip55\/#primaryimage"},"thumbnailUrl":"https:\/\/ledsolintel.com\/wp-content\/uploads\/2025\/11\/caja-estanca-85x85x50mm-ip55.jpg","datePublished":"2025-11-11T16:04:13+00:00","dateModified":"2025-12-17T11:50:53+00:00","breadcrumb":{"@id":"https:\/\/ledsolintel.com\/product\/caja-estanca-85x85x50mm-ip55\/#breadcrumb"},"inLanguage":"fr-FR","potentialAction":[{"@type":"ReadAction","target":["https:\/\/ledsolintel.com\/product\/caja-estanca-85x85x50mm-ip55\/"]}]},{"@type":"ImageObject","inLanguage":"fr-FR","@id":"https:\/\/ledsolintel.com\/product\/caja-estanca-85x85x50mm-ip55\/#primaryimage","url":"https:\/\/ledsolintel.com\/wp-content\/uploads\/2025\/11\/caja-estanca-85x85x50mm-ip55.jpg","contentUrl":"https:\/\/ledsolintel.com\/wp-content\/uploads\/2025\/11\/caja-estanca-85x85x50mm-ip55.jpg","width":800,"height":800},{"@type":"BreadcrumbList","@id":"https:\/\/ledsolintel.com\/product\/caja-estanca-85x85x50mm-ip55\/#breadcrumb","itemListElement":[{"@type":"ListItem","position":1,"name":"Portada","item":"https:\/\/ledsolintel.com\/fr\/"},{"@type":"ListItem","position":2,"name":"Tienda","item":"https:\/\/ledsolintel.com\/tienda\/"},{"@type":"ListItem","position":3,"name":"Caja estanca 85x85x50mm IP55"}]},{"@type":"WebSite","@id":"https:\/\/ledsolintel.com\/#website","url":"https:\/\/ledsolintel.com\/","name":"Webmenaje","description":"Magasin d'ampoules et de lampes LED pour les professionnels","publisher":{"@id":"https:\/\/ledsolintel.com\/#organization"},"potentialAction":[{"@type":"SearchAction","target":{"@type":"EntryPoint","urlTemplate":"https:\/\/ledsolintel.com\/?s={search_term_string}"},"query-input":{"@type":"PropertyValueSpecification","valueRequired":true,"valueName":"search_term_string"}}],"inLanguage":"fr-FR"},{"@type":"Organization","@id":"https:\/\/ledsolintel.com\/#organization","name":"Solintel Noroeste, S.L.","url":"https:\/\/ledsolintel.com\/","logo":{"@type":"ImageObject","inLanguage":"fr-FR","@id":"https:\/\/ledsolintel.com\/#\/schema\/logo\/image\/","url":"https:\/\/ledsolintel.com\/wp-content\/uploads\/2024\/11\/webmenaje-logo-1508269066.jpg","contentUrl":"https:\/\/ledsolintel.com\/wp-content\/uploads\/2024\/11\/webmenaje-logo-1508269066.jpg","width":370,"height":90,"caption":"Solintel Noroeste, S.L."},"image":{"@id":"https:\/\/ledsolintel.com\/#\/schema\/logo\/image\/"},"sameAs":["http:\/\/www.facebook.com\/webmenaje","https:\/\/x.com\/webmenaje","https:\/\/www.youtube.com\/channel\/UCX2KoVoeCG4LocZjUc6LmSQ","http:\/\/www.pinterest.com\/webmenaje"]}]}},"_links":{"self":[{"href":"https:\/\/ledsolintel.com\/fr\/wp-json\/wp\/v2\/product\/268739","targetHints":{"allow":["GET"]}}],"collection":[{"href":"https:\/\/ledsolintel.com\/fr\/wp-json\/wp\/v2\/product"}],"about":[{"href":"https:\/\/ledsolintel.com\/fr\/wp-json\/wp\/v2\/types\/product"}],"version-history":[{"count":1,"href":"https:\/\/ledsolintel.com\/fr\/wp-json\/wp\/v2\/product\/268739\/revisions"}],"predecessor-version":[{"id":268740,"href":"https:\/\/ledsolintel.com\/fr\/wp-json\/wp\/v2\/product\/268739\/revisions\/268740"}],"wp:featuredmedia":[{"embeddable":true,"href":"https:\/\/ledsolintel.com\/fr\/wp-json\/wp\/v2\/media\/263200"}],"wp:attachment":[{"href":"https:\/\/ledsolintel.com\/fr\/wp-json\/wp\/v2\/media?parent=268739"}],"wp:term":[{"taxonomy":"product_brand","embeddable":true,"href":"https:\/\/ledsolintel.com\/fr\/wp-json\/wp\/v2\/product_brand?post=268739"},{"taxonomy":"product_cat","embeddable":true,"href":"https:\/\/ledsolintel.com\/fr\/wp-json\/wp\/v2\/product_cat?post=268739"},{"taxonomy":"product_tag","embeddable":true,"href":"https:\/\/ledsolintel.com\/fr\/wp-json\/wp\/v2\/product_tag?post=268739"}],"curies":[{"name":"wp","href":"https:\/\/api.w.org\/{rel}","templated":true}]}}