{"id":268730,"date":"2025-11-11T17:04:05","date_gmt":"2025-11-11T16:04:05","guid":{"rendered":"https:\/\/nueva.ledsolintel.com\/product\/foco-led-atex-20w-ip65\/"},"modified":"2026-04-07T10:18:57","modified_gmt":"2026-04-07T08:18:57","slug":"spot-atex-led-20w-ip65","status":"publish","type":"product","link":"https:\/\/ledsolintel.com\/fr\/produit-2\/spot-atex-led-20w-ip65\/","title":{"rendered":"Projecteur LED ATEX 20W IP65"},"content":{"rendered":"<p>Le projecteur LED ATEX 20W IP65 est un syst\u00e8me d'\u00e9clairage destin\u00e9 aux environnements industriels pr\u00e9sentant des risques d'explosion dus \u00e0 des gaz inflammables ou \u00e0 des poussi\u00e8res combustibles. Ce produit est conforme \u00e0 la directive ATEX (2014\/34\/UE), ce qui garantit son utilisation en toute s\u00e9curit\u00e9 dans les zones class\u00e9es dangereuses (zones 1, 2, 21 et 22).  Ce spot LED SMD offre une efficacit\u00e9 \u00e9nerg\u00e9tique exceptionnelle et une dur\u00e9e de vie prolong\u00e9e allant jusqu'\u00e0 50 000 heures. Il a un flux lumineux de 2 000 lumens et un angle d'ouverture de 120\u00ba. Il est conforme \u00e0 la norme IP65 pour les conditions extr\u00eames, tant \u00e0 l'int\u00e9rieur qu'\u00e0 l'ext\u00e9rieur.    Conformit\u00e9 r\u00e9glementaire Certification ATEX : Convient aux zones 1 et 2 (gaz) + zones 21 et 22 (poussi\u00e8re).  Autres certifications : CE, RoHS, conforme aux normes de s\u00e9curit\u00e9 et de compatibilit\u00e9 \u00e9cologique.    Type de lumi\u00e8re et caract\u00e9ristiques Puissance : 20W.  Flux lumineux : 2000 lumens.  Temp\u00e9rature de couleur : lumi\u00e8re blanche froide (6000K).  Angle d'ouverture : 120\u00ba, id\u00e9al pour un \u00e9clairage large et homog\u00e8ne.  Efficacit\u00e9 \u00e9nerg\u00e9tique : Facteur de puissance de 0,95, ce qui indique une efficacit\u00e9 \u00e9lev\u00e9e.  Type de LED : Technologie SMD, connue pour son uniformit\u00e9 et son efficacit\u00e9 lumineuse.    Dimensions et mat\u00e9riaux Dimensions : 352 x 200 x 70mm.  Mat\u00e9riau : Fabriqu\u00e9 en aluminium, ce qui garantit sa solidit\u00e9 et sa durabilit\u00e9.  Degr\u00e9 de protection : IP65 (r\u00e9sistant \u00e0 l'eau et \u00e0 la poussi\u00e8re).    Garantie et dur\u00e9e de vie Dur\u00e9e de vie : jusqu'\u00e0 50 000 heures, con\u00e7ue pour durer des ann\u00e9es sans compromettre les performances.  Garantie : Nous offrons une garantie de 5 ans, garantissant la qualit\u00e9 et la fiabilit\u00e9 du produit.  Plage de temp\u00e9rature de fonctionnement : fonctionne de -20\u00b0C \u00e0 +40\u00b0C, id\u00e9al pour les environnements extr\u00eames.    Montage en surface : Con\u00e7u pour une installation directe sur les murs ou les plafonds.  C\u00e2ble d'alimentation : non inclus. Il convient d'utiliser un c\u00e2ble adapt\u00e9 \u00e0 l'atmosph\u00e8re sp\u00e9cifique dans laquelle il sera install\u00e9, d'un diam\u00e8tre minimum de 7 mm (compatible avec le presse-\u00e9toupe de la lampe).    Caract\u00e9ristiques techniques du projecteur LED ATEX 20W Dimensions : 352 x 200 x 70mm Puissance : 20W Flux lumineux : 2000 lumens Temp\u00e9rature de couleur disponible : Lumi\u00e8re blanche froide (6000K).  Angle d'ouverture : 120\u00ba Tension d'entr\u00e9e : Compatible avec le r\u00e9seau standard mondial : 220\/240V AC Fr\u00e9quence : 50\/60 Hz Type de LED : Technologie SMD Mat\u00e9riau : En aluminium Degr\u00e9 de protection : IP65 (r\u00e9sistant \u00e0 l'eau et \u00e0 la poussi\u00e8re).  Dur\u00e9e de vie : 50 000 heures Garantie : 5 ans Temp\u00e9rature de fonctionnement : Fonctionne entre -20\u00b0C et +40\u00b0C Certifications : CE, RoHS Questions sur les spots LED ATEX Que signifie la certification ATEX et pourquoi est-elle importante pour ce spot LED ?  La certification ATEX est une norme europ\u00e9enne qui garantit que ce produit peut \u00eatre utilis\u00e9 en toute s\u00e9curit\u00e9 dans des zones pr\u00e9sentant des atmosph\u00e8res potentiellement explosives, telles que des zones avec des gaz inflammables, des vapeurs ou des accumulations de poussi\u00e8res combustibles.  Le projecteur LED ATEX 20W IP65 est sp\u00e9cifiquement con\u00e7u pour r\u00e9pondre \u00e0 cette norme, ce qui le rend id\u00e9al pour une utilisation dans des environnements industriels critiques tels que les usines, les stations-service, les entrep\u00f4ts ou les cabines de peinture. Cette certification garantit que le projecteur peut fonctionner en toute s\u00e9curit\u00e9 dans les zones 1 et 2 (gaz) et les zones 21 et 22 (poussi\u00e8re), minimisant ainsi le risque d'inflammation dans les atmosph\u00e8res dangereuses. Que signifie IP65 et pourquoi est-il important pour ce projecteur ?  L'indice IP65 indique que ce projecteur est totalement \u00e9tanche \u00e0 la poussi\u00e8re (6 ) et prot\u00e9g\u00e9 contre les jets d'eau provenant de n'importe quelle direction (5 ). Il est donc id\u00e9al pour une utilisation \u00e0 l'int\u00e9rieur comme \u00e0 l'ext\u00e9rieur, m\u00eame dans des environnements humides ou expos\u00e9s aux intemp\u00e9ries. Quelle est la temp\u00e9rature de couleur disponible pour ce projecteur ?  Ce projecteur est disponible en lumi\u00e8re blanche froide (6000K), parfaite pour les zones fonctionnelles telles que les ateliers, les entrep\u00f4ts ou les zones industrielles o\u00f9 un \u00e9clairage lumineux et pr\u00e9cis est n\u00e9cessaire. Est-il possible d'installer ce projecteur sur des surfaces inclin\u00e9es ou irr\u00e9guli\u00e8res ?  Oui, le projecteur LED ATEX 20W IP65 est con\u00e7u pour \u00eatre install\u00e9 sur des surfaces planes ou inclin\u00e9es. Sa conception robuste et son support de montage garantissent une installation s\u00fbre et stable, m\u00eame sur des surfaces irr\u00e9guli\u00e8res. Quel type d'entretien ce projecteur n\u00e9cessite-t-il ?  L'entretien est minime. Il suffit d'essuyer p\u00e9riodiquement le corps du projecteur avec un chiffon sec ou l\u00e9g\u00e8rement humide pour enlever la poussi\u00e8re ou la salet\u00e9 accumul\u00e9e. \u00c9vitez d'utiliser des produits chimiques abrasifs ou des jets d'eau directs, car ils pourraient endommager la finition. Quels sont les avantages de ce projecteur par rapport \u00e0 d'autres mod\u00e8les similaires ?  Certification ATEX : garantit une utilisation s\u00fbre dans les zones \u00e0 risque d'explosion (zones 1, 2, 21 et 22).  Efficacit\u00e9 \u00e9nerg\u00e9tique : il ne consomme que 20 W et offre un flux lumineux de 2 000 lumens, ce qui lui conf\u00e8re une grande efficacit\u00e9.  Durabilit\u00e9 : gr\u00e2ce \u00e0 son indice de protection IP65 et \u00e0 son bo\u00eetier en aluminium, elle r\u00e9siste aux conditions extr\u00eames.  Longue dur\u00e9e de vie : con\u00e7ue pour durer jusqu'\u00e0 50 000 heures, elle r\u00e9duit le besoin de remplacements fr\u00e9quents.<\/p>","protected":false},"excerpt":{"rendered":"<p>El Foco LED ATEX 20W IP65 es un sistema de iluminaci\u00f3n para entornos industriales con riesgo de explosi\u00f3n debido a gases inflamables o polvo combustible. Este producto cumple con la Directiva ATEX (2014\/34\/UE), garantizando su uso seguro en zonas clasificadas como peligrosas (Zonas 1, 2, 21 y 22). Este foco LED SMD ofrece una eficiencia &hellip; <a href=\"https:\/\/ledsolintel.com\/fr\/produit-2\/spot-atex-led-20w-ip65\/\" class=\"more-link\">Continue reading <span class=\"screen-reader-text\">Projecteur LED ATEX 20W IP65<\/span><\/a><\/p>","protected":false},"featured_media":263184,"template":"","meta":[],"product_brand":[101370],"product_cat":[101371,15],"product_tag":[],"class_list":{"0":"post-268730","1":"product","2":"type-product","3":"status-publish","4":"has-post-thumbnail","6":"product_brand-masterled","7":"product_cat-masterled","8":"product_cat-uncategorized","9":"pa_temperatura-color-luz-blanca","12":"instock","13":"taxable","14":"shipping-taxable","15":"purchasable","16":"product-type-simple"},"yoast_head":"<!-- This site is optimized with the Yoast SEO plugin v27.4 - https:\/\/yoast.com\/product\/yoast-seo-wordpress\/ -->\n<title>Foco LED ATEX 20W IP65 - Ledsolintel<\/title>\n<meta name=\"robots\" content=\"index, follow, max-snippet:-1, max-image-preview:large, max-video-preview:-1\" \/>\n<link rel=\"canonical\" href=\"https:\/\/ledsolintel.com\/fr\/produit-2\/spot-atex-led-20w-ip65\/\" \/>\n<meta property=\"og:locale\" content=\"fr_FR\" \/>\n<meta property=\"og:type\" content=\"article\" \/>\n<meta property=\"og:title\" content=\"Foco LED ATEX 20W IP65 - Ledsolintel\" \/>\n<meta property=\"og:description\" content=\"El Foco LED ATEX 20W IP65 es un sistema de iluminaci\u00f3n para entornos industriales con riesgo de explosi\u00f3n debido a gases inflamables o polvo combustible. Este producto cumple con la Directiva ATEX (2014\/34\/UE), garantizando su uso seguro en zonas clasificadas como peligrosas (Zonas 1, 2, 21 y 22). Este foco LED SMD ofrece una eficiencia &hellip; Continue reading Foco LED ATEX 20W IP65\" \/>\n<meta property=\"og:url\" content=\"https:\/\/ledsolintel.com\/fr\/produit-2\/spot-atex-led-20w-ip65\/\" \/>\n<meta property=\"og:site_name\" content=\"Ledsolintel\" \/>\n<meta property=\"article:publisher\" content=\"http:\/\/www.facebook.com\/webmenaje\" \/>\n<meta property=\"article:modified_time\" content=\"2026-04-07T08:18:57+00:00\" \/>\n<meta property=\"og:image\" content=\"https:\/\/ledsolintel.com\/wp-content\/uploads\/2025\/11\/foco-led-atex-20w-ip65.jpg\" \/>\n\t<meta property=\"og:image:width\" content=\"1500\" \/>\n\t<meta property=\"og:image:height\" content=\"1500\" \/>\n\t<meta property=\"og:image:type\" content=\"image\/jpeg\" \/>\n<meta name=\"twitter:card\" content=\"summary_large_image\" \/>\n<meta name=\"twitter:site\" content=\"@webmenaje\" \/>\n<meta name=\"twitter:label1\" content=\"Dur\u00e9e de lecture estim\u00e9e\" \/>\n\t<meta name=\"twitter:data1\" content=\"4 minutes\" \/>\n<script type=\"application\/ld+json\" class=\"yoast-schema-graph\">{\"@context\":\"https:\\\/\\\/schema.org\",\"@graph\":[{\"@type\":\"WebPage\",\"@id\":\"https:\\\/\\\/ledsolintel.com\\\/product\\\/foco-led-atex-20w-ip65\\\/\",\"url\":\"https:\\\/\\\/ledsolintel.com\\\/product\\\/foco-led-atex-20w-ip65\\\/\",\"name\":\"Foco LED ATEX 20W IP65 - Ledsolintel\",\"isPartOf\":{\"@id\":\"https:\\\/\\\/ledsolintel.com\\\/#website\"},\"primaryImageOfPage\":{\"@id\":\"https:\\\/\\\/ledsolintel.com\\\/product\\\/foco-led-atex-20w-ip65\\\/#primaryimage\"},\"image\":{\"@id\":\"https:\\\/\\\/ledsolintel.com\\\/product\\\/foco-led-atex-20w-ip65\\\/#primaryimage\"},\"thumbnailUrl\":\"https:\\\/\\\/ledsolintel.com\\\/wp-content\\\/uploads\\\/2025\\\/11\\\/foco-led-atex-20w-ip65.jpg\",\"datePublished\":\"2025-11-11T16:04:05+00:00\",\"dateModified\":\"2026-04-07T08:18:57+00:00\",\"breadcrumb\":{\"@id\":\"https:\\\/\\\/ledsolintel.com\\\/product\\\/foco-led-atex-20w-ip65\\\/#breadcrumb\"},\"inLanguage\":\"fr-FR\",\"potentialAction\":[{\"@type\":\"ReadAction\",\"target\":[\"https:\\\/\\\/ledsolintel.com\\\/product\\\/foco-led-atex-20w-ip65\\\/\"]}]},{\"@type\":\"ImageObject\",\"inLanguage\":\"fr-FR\",\"@id\":\"https:\\\/\\\/ledsolintel.com\\\/product\\\/foco-led-atex-20w-ip65\\\/#primaryimage\",\"url\":\"https:\\\/\\\/ledsolintel.com\\\/wp-content\\\/uploads\\\/2025\\\/11\\\/foco-led-atex-20w-ip65.jpg\",\"contentUrl\":\"https:\\\/\\\/ledsolintel.com\\\/wp-content\\\/uploads\\\/2025\\\/11\\\/foco-led-atex-20w-ip65.jpg\",\"width\":1500,\"height\":1500},{\"@type\":\"BreadcrumbList\",\"@id\":\"https:\\\/\\\/ledsolintel.com\\\/product\\\/foco-led-atex-20w-ip65\\\/#breadcrumb\",\"itemListElement\":[{\"@type\":\"ListItem\",\"position\":1,\"name\":\"Portada\",\"item\":\"https:\\\/\\\/ledsolintel.com\\\/fr\\\/\"},{\"@type\":\"ListItem\",\"position\":2,\"name\":\"Tienda\",\"item\":\"https:\\\/\\\/ledsolintel.com\\\/tienda\\\/\"},{\"@type\":\"ListItem\",\"position\":3,\"name\":\"Foco LED ATEX 20W IP65\"}]},{\"@type\":\"WebSite\",\"@id\":\"https:\\\/\\\/ledsolintel.com\\\/#website\",\"url\":\"https:\\\/\\\/ledsolintel.com\\\/\",\"name\":\"Webmenaje\",\"description\":\"Tienda de bombillas y l\u00e1mparas LED para profesionales\",\"publisher\":{\"@id\":\"https:\\\/\\\/ledsolintel.com\\\/#organization\"},\"potentialAction\":[{\"@type\":\"SearchAction\",\"target\":{\"@type\":\"EntryPoint\",\"urlTemplate\":\"https:\\\/\\\/ledsolintel.com\\\/?s={search_term_string}\"},\"query-input\":{\"@type\":\"PropertyValueSpecification\",\"valueRequired\":true,\"valueName\":\"search_term_string\"}}],\"inLanguage\":\"fr-FR\"},{\"@type\":\"Organization\",\"@id\":\"https:\\\/\\\/ledsolintel.com\\\/#organization\",\"name\":\"Solintel Noroeste, S.L.\",\"url\":\"https:\\\/\\\/ledsolintel.com\\\/\",\"logo\":{\"@type\":\"ImageObject\",\"inLanguage\":\"fr-FR\",\"@id\":\"https:\\\/\\\/ledsolintel.com\\\/#\\\/schema\\\/logo\\\/image\\\/\",\"url\":\"https:\\\/\\\/ledsolintel.com\\\/wp-content\\\/uploads\\\/2024\\\/11\\\/webmenaje-logo-1508269066.jpg\",\"contentUrl\":\"https:\\\/\\\/ledsolintel.com\\\/wp-content\\\/uploads\\\/2024\\\/11\\\/webmenaje-logo-1508269066.jpg\",\"width\":370,\"height\":90,\"caption\":\"Solintel Noroeste, S.L.\"},\"image\":{\"@id\":\"https:\\\/\\\/ledsolintel.com\\\/#\\\/schema\\\/logo\\\/image\\\/\"},\"sameAs\":[\"http:\\\/\\\/www.facebook.com\\\/webmenaje\",\"https:\\\/\\\/x.com\\\/webmenaje\",\"https:\\\/\\\/www.youtube.com\\\/channel\\\/UCX2KoVoeCG4LocZjUc6LmSQ\",\"http:\\\/\\\/www.pinterest.com\\\/webmenaje\"]}]}<\/script>\n<!-- \/ Yoast SEO plugin. -->","yoast_head_json":{"title":"Projecteur \u00e0 LED ATEX 20W IP65 - Ledsolintel","robots":{"index":"index","follow":"follow","max-snippet":"max-snippet:-1","max-image-preview":"max-image-preview:large","max-video-preview":"max-video-preview:-1"},"canonical":"https:\/\/ledsolintel.com\/fr\/produit-2\/spot-atex-led-20w-ip65\/","og_locale":"fr_FR","og_type":"article","og_title":"Foco LED ATEX 20W IP65 - Ledsolintel","og_description":"El Foco LED ATEX 20W IP65 es un sistema de iluminaci\u00f3n para entornos industriales con riesgo de explosi\u00f3n debido a gases inflamables o polvo combustible. Este producto cumple con la Directiva ATEX (2014\/34\/UE), garantizando su uso seguro en zonas clasificadas como peligrosas (Zonas 1, 2, 21 y 22). Este foco LED SMD ofrece una eficiencia &hellip; Continue reading Foco LED ATEX 20W IP65","og_url":"https:\/\/ledsolintel.com\/fr\/produit-2\/spot-atex-led-20w-ip65\/","og_site_name":"Ledsolintel","article_publisher":"http:\/\/www.facebook.com\/webmenaje","article_modified_time":"2026-04-07T08:18:57+00:00","og_image":[{"width":1500,"height":1500,"url":"https:\/\/ledsolintel.com\/wp-content\/uploads\/2025\/11\/foco-led-atex-20w-ip65.jpg","type":"image\/jpeg"}],"twitter_card":"summary_large_image","twitter_site":"@webmenaje","twitter_misc":{"Dur\u00e9e de lecture estim\u00e9e":"4 minutes"},"schema":{"@context":"https:\/\/schema.org","@graph":[{"@type":"WebPage","@id":"https:\/\/ledsolintel.com\/product\/foco-led-atex-20w-ip65\/","url":"https:\/\/ledsolintel.com\/product\/foco-led-atex-20w-ip65\/","name":"Projecteur \u00e0 LED ATEX 20W IP65 - Ledsolintel","isPartOf":{"@id":"https:\/\/ledsolintel.com\/#website"},"primaryImageOfPage":{"@id":"https:\/\/ledsolintel.com\/product\/foco-led-atex-20w-ip65\/#primaryimage"},"image":{"@id":"https:\/\/ledsolintel.com\/product\/foco-led-atex-20w-ip65\/#primaryimage"},"thumbnailUrl":"https:\/\/ledsolintel.com\/wp-content\/uploads\/2025\/11\/foco-led-atex-20w-ip65.jpg","datePublished":"2025-11-11T16:04:05+00:00","dateModified":"2026-04-07T08:18:57+00:00","breadcrumb":{"@id":"https:\/\/ledsolintel.com\/product\/foco-led-atex-20w-ip65\/#breadcrumb"},"inLanguage":"fr-FR","potentialAction":[{"@type":"ReadAction","target":["https:\/\/ledsolintel.com\/product\/foco-led-atex-20w-ip65\/"]}]},{"@type":"ImageObject","inLanguage":"fr-FR","@id":"https:\/\/ledsolintel.com\/product\/foco-led-atex-20w-ip65\/#primaryimage","url":"https:\/\/ledsolintel.com\/wp-content\/uploads\/2025\/11\/foco-led-atex-20w-ip65.jpg","contentUrl":"https:\/\/ledsolintel.com\/wp-content\/uploads\/2025\/11\/foco-led-atex-20w-ip65.jpg","width":1500,"height":1500},{"@type":"BreadcrumbList","@id":"https:\/\/ledsolintel.com\/product\/foco-led-atex-20w-ip65\/#breadcrumb","itemListElement":[{"@type":"ListItem","position":1,"name":"Portada","item":"https:\/\/ledsolintel.com\/fr\/"},{"@type":"ListItem","position":2,"name":"Tienda","item":"https:\/\/ledsolintel.com\/tienda\/"},{"@type":"ListItem","position":3,"name":"Foco LED ATEX 20W IP65"}]},{"@type":"WebSite","@id":"https:\/\/ledsolintel.com\/#website","url":"https:\/\/ledsolintel.com\/","name":"Webmenaje","description":"Magasin d'ampoules et de lampes LED pour les professionnels","publisher":{"@id":"https:\/\/ledsolintel.com\/#organization"},"potentialAction":[{"@type":"SearchAction","target":{"@type":"EntryPoint","urlTemplate":"https:\/\/ledsolintel.com\/?s={search_term_string}"},"query-input":{"@type":"PropertyValueSpecification","valueRequired":true,"valueName":"search_term_string"}}],"inLanguage":"fr-FR"},{"@type":"Organization","@id":"https:\/\/ledsolintel.com\/#organization","name":"Solintel Noroeste, S.L.","url":"https:\/\/ledsolintel.com\/","logo":{"@type":"ImageObject","inLanguage":"fr-FR","@id":"https:\/\/ledsolintel.com\/#\/schema\/logo\/image\/","url":"https:\/\/ledsolintel.com\/wp-content\/uploads\/2024\/11\/webmenaje-logo-1508269066.jpg","contentUrl":"https:\/\/ledsolintel.com\/wp-content\/uploads\/2024\/11\/webmenaje-logo-1508269066.jpg","width":370,"height":90,"caption":"Solintel Noroeste, S.L."},"image":{"@id":"https:\/\/ledsolintel.com\/#\/schema\/logo\/image\/"},"sameAs":["http:\/\/www.facebook.com\/webmenaje","https:\/\/x.com\/webmenaje","https:\/\/www.youtube.com\/channel\/UCX2KoVoeCG4LocZjUc6LmSQ","http:\/\/www.pinterest.com\/webmenaje"]}]}},"_links":{"self":[{"href":"https:\/\/ledsolintel.com\/fr\/wp-json\/wp\/v2\/product\/268730","targetHints":{"allow":["GET"]}}],"collection":[{"href":"https:\/\/ledsolintel.com\/fr\/wp-json\/wp\/v2\/product"}],"about":[{"href":"https:\/\/ledsolintel.com\/fr\/wp-json\/wp\/v2\/types\/product"}],"version-history":[{"count":1,"href":"https:\/\/ledsolintel.com\/fr\/wp-json\/wp\/v2\/product\/268730\/revisions"}],"predecessor-version":[{"id":268731,"href":"https:\/\/ledsolintel.com\/fr\/wp-json\/wp\/v2\/product\/268730\/revisions\/268731"}],"wp:featuredmedia":[{"embeddable":true,"href":"https:\/\/ledsolintel.com\/fr\/wp-json\/wp\/v2\/media\/263184"}],"wp:attachment":[{"href":"https:\/\/ledsolintel.com\/fr\/wp-json\/wp\/v2\/media?parent=268730"}],"wp:term":[{"taxonomy":"product_brand","embeddable":true,"href":"https:\/\/ledsolintel.com\/fr\/wp-json\/wp\/v2\/product_brand?post=268730"},{"taxonomy":"product_cat","embeddable":true,"href":"https:\/\/ledsolintel.com\/fr\/wp-json\/wp\/v2\/product_cat?post=268730"},{"taxonomy":"product_tag","embeddable":true,"href":"https:\/\/ledsolintel.com\/fr\/wp-json\/wp\/v2\/product_tag?post=268730"}],"curies":[{"name":"wp","href":"https:\/\/api.w.org\/{rel}","templated":true}]}}