{"id":268709,"date":"2025-11-11T17:03:46","date_gmt":"2025-11-11T16:03:46","guid":{"rendered":"https:\/\/nueva.ledsolintel.com\/product\/baliza-solar-de-carretera-led-reflector\/"},"modified":"2026-04-07T10:18:59","modified_gmt":"2026-04-07T08:18:59","slug":"balise-solaire-routiere-reflecteur-led","status":"publish","type":"product","link":"https:\/\/ledsolintel.com\/fr\/produit-2\/balise-solaire-routiere-reflecteur-led\/","title":{"rendered":"Balise routi\u00e8re solaire LED + r\u00e9flecteur"},"content":{"rendered":"<p>Balise solaire \u00e0 LED en aluminium, pour installation au sol. Elle comporte 3 LED de chaque c\u00f4t\u00e9, entour\u00e9es de bandes blanches r\u00e9fl\u00e9chissantes. Les LED sont aliment\u00e9es par la batterie interne de la balise et s'activent automatiquement \u00e0 la tomb\u00e9e de la nuit, avec une fr\u00e9quence de clignotement de 90 fois par minute. Elle est id\u00e9ale pour une utilisation sur les routes, les rues, les ronds-points, les chemins priv\u00e9s, les jardins, etc.  Elle a un rendement \u00e9lev\u00e9 gr\u00e2ce \u00e0 la LED SMD qu'elle int\u00e8gre, parvenant \u00e0 fournir un flux lumineux de 6 lumens.  Caract\u00e9ristiques :  - Panneau solaire : 3V 90MA - Batterie : 1.2V 1200mAh NiMH - Source lumineuse : 6PCS LED - Temp\u00e9rature de couleur : blanc (6000K) - Autonomie : 18-20 heures - Temps de charge : 8-10 heures Elle a un degr\u00e9 de protection IP65 (protection totale contre la poussi\u00e8re et les jets d'eau).  Elle est garantie 3 ans. Il poss\u00e8de \u00e9galement le certificat CE, qui atteste qu'il est conforme aux exigences de l'UE en mati\u00e8re de compatibilit\u00e9 \u00e9lectromagn\u00e9tique et de basse tension. Ce certificat d\u00e9clare la conformit\u00e9 du produit \u00e0 toutes les exigences l\u00e9gales et garantit la validit\u00e9 de la vente du produit dans l'Espace \u00e9conomique europ\u00e9en.    Il ne comprend pas de vis.  Si vous cherchez une lampe solaire autonome pour am\u00e9liorer la s\u00e9curit\u00e9 et la visibilit\u00e9 sur les routes, les rues, les ronds-points et les espaces ext\u00e9rieurs, la balise solaire MasterLED est l'une des meilleures sur le march\u00e9. Fabriqu\u00e9e en aluminium durable, cette balise associe une technologie solaire avanc\u00e9e \u00e0 un design fonctionnel comprenant des bandes r\u00e9fl\u00e9chissantes blanches pour maximiser la visibilit\u00e9 de jour comme de nuit. \u00c9quip\u00e9e de 6 LED SMD \u00e0 haute efficacit\u00e9, cette balise s'active automatiquement \u00e0 la tomb\u00e9e de la nuit et clignote 90 fois par minute, garantissant une signalisation claire et efficace.     Durable et efficace - Mat\u00e9riau : Fabriqu\u00e9 en aluminium, ce feu est durable et r\u00e9sistant aux conditions m\u00e9t\u00e9orologiques les plus exigeantes.  - Dimensions compactes : 125 x 105 x 25 mm, parfaites pour une installation au sol sans encombrement suppl\u00e9mentaire.  - Bandes r\u00e9fl\u00e9chissantes blanches : augmentent la visibilit\u00e9 de jour et compl\u00e8tent l'\u00e9clairage de nuit.     Panneau solaire et type de batterie - Panneau solaire : \u00e9quip\u00e9 d'un panneau solaire de 3V 90mA, qui charge la batterie interne pendant la journ\u00e9e.  - Batterie : comprend une batterie rechargeable NiMH de 1,2 V 1200 mAh, qui offre une autonomie impressionnante de 18 \u00e0 20 heures.  - Temps de charge : il suffit de 8 \u00e0 10 heures d'exposition au soleil pour que la batterie soit compl\u00e8tement charg\u00e9e.     Haute visibilit\u00e9 - Source lumineuse : comprend 6 LED SMD \u00e0 haute efficacit\u00e9, avec une temp\u00e9rature de couleur de 6000K (blanc froid), id\u00e9ale pour la signalisation routi\u00e8re.  - Clignotement automatique : Les LED s'activent automatiquement \u00e0 la tomb\u00e9e de la nuit avec une fr\u00e9quence de 90 clignotements par minute, assurant une signalisation claire et visible m\u00eame dans des conditions de faible visibilit\u00e9.     \u2705 Certifi\u00e9 et garanti - Indice IP65 : Enti\u00e8rement \u00e9tanche \u00e0 l'eau et \u00e0 la poussi\u00e8re, ce qui le rend parfait pour une utilisation en ext\u00e9rieur.  - Certifications : Conforme aux normes CE et RoHS, garantissant sa s\u00e9curit\u00e9 et sa compatibilit\u00e9 avec les normes \u00e9cologiques.  - Garantie : Nous offrons une garantie de 3 ans pour soutenir la qualit\u00e9 et la durabilit\u00e9 du produit.     Caract\u00e9ristiques techniques de la balise routi\u00e8re solaire \u00e0 LED avec r\u00e9flecteur - Dimensions : 125 x 105 x 25mm - Mat\u00e9riau : Aluminium durable - Quantit\u00e9 de LED : 6 LED SMD - Temp\u00e9rature de couleur : 6000K (Cool White) - Mode de fonctionnement : Clignotement automatique 90 fois par minute - Panneau solaire : 3V 90mA - Batterie : 1.2V 1200mAh NiMH rechargeable - Dur\u00e9e de vie de la batterie : Jusqu'\u00e0 18-20 heures de fonctionnement continu - Temps de charge : 8-10 heures en plein soleil - Indice de protection : IP65 (r\u00e9sistant \u00e0 l'eau et \u00e0 la poussi\u00e8re) - Certifications : CE, RoHS - Garantie : 3 ans - Installation : Fixation au sol (vis non incluses) - Activation : Automatique au cr\u00e9puscule (capteur de lumi\u00e8re int\u00e9gr\u00e9) - Arr\u00eat : Automatique \u00e0 l'aube - Design : Compact et fonctionnel, avec des bandes r\u00e9fl\u00e9chissantes blanches pour une meilleure visibilit\u00e9 - Utilisations recommand\u00e9es : Marquage routier sur les autoroutes, les rues, les ronds-points, les chemins priv\u00e9s et les jardins O\u00f9 pouvez-vous utiliser ce feu de signalisation solaire \u00e0 LED ?  Ce feu de signalisation solaire \u00e0 LED est polyvalent et peut \u00eatre utilis\u00e9 dans une grande vari\u00e9t\u00e9 d'environnements : - R\u00e9sidentiel : Id\u00e9al pour marquer les all\u00e9es priv\u00e9es, les jardins ou les entr\u00e9es.  - Urbain : parfait pour le marquage des routes, des rues, des ronds-points ou des voies pi\u00e9tonnes.  - Commercial : id\u00e9al pour les h\u00f4tels, les restaurants ou les espaces publics qui souhaitent am\u00e9liorer la s\u00e9curit\u00e9 et la visibilit\u00e9. Comment installer une balise solaire \u00e0 LED ?  L'installation de cette balise est simple et rapide : 1. fixer la balise au sol \u00e0 l'endroit d\u00e9sir\u00e9.  2. s'assurer que le panneau solaire est orient\u00e9 vers le soleil pour maximiser la charge.  3. c'est tout ! La balise se charge automatiquement pendant la journ\u00e9e et s'allume \u00e0 la tomb\u00e9e de la nuit.     L'entretien est minime : nettoyez le panneau solaire de temps en temps pour \u00e9viter l'accumulation de d\u00e9bris.     QUESTIONS SUR LES BALISES DE ROUTE \u00c0 DEL SOLAIRES Pourquoi cette balise est-elle id\u00e9ale pour le marquage des routes ?  Cette balise est sp\u00e9cialement con\u00e7ue pour am\u00e9liorer la visibilit\u00e9 sur les autoroutes et les voies publiques. Elle comprend 6 LED SMD \u00e0 haute efficacit\u00e9 avec une temp\u00e9rature de couleur de 6000K (blanc froid) et un clignotement automatique de 90 fois par minute, assurant une signalisation claire m\u00eame dans des conditions de faible visibilit\u00e9. En outre, les bandes r\u00e9fl\u00e9chissantes blanches augmentent la visibilit\u00e9 pendant la journ\u00e9e. Comment fonctionne le clignotement automatique des LED ?  Les LED sont automatiquement activ\u00e9es au cr\u00e9puscule par un capteur de lumi\u00e8re int\u00e9gr\u00e9. Une fois allum\u00e9es, elles \u00e9mettent un clignotement constant de 90 fois par minute, ce qui am\u00e9liore l'attention visuelle et est particuli\u00e8rement utile pour les marquages routiers sur les autoroutes, les ronds-points ou les zones de circulation. Quelle est la dur\u00e9e de charge de la batterie ?  La batterie NiMH interne de 1,2V 1200mAh offre une autonomie impressionnante de 18 \u00e0 20 heures de fonctionnement continu apr\u00e8s une charge compl\u00e8te. Cela permet \u00e0 la balise de fonctionner pendant plusieurs nuits sans avoir besoin d'une exposition solaire suppl\u00e9mentaire. Qu'en est-il des jours nuageux ou pluvieux ?  Le panneau solaire 3V 90mA est con\u00e7u pour charger la batterie m\u00eame les jours de faible ensoleillement. S'il y a plusieurs jours cons\u00e9cutifs de mauvais temps, la batterie a suffisamment de capacit\u00e9 pour faire fonctionner la balise pendant plusieurs nuits cons\u00e9cutives. Est-ce facile \u00e0 installer ?  Oui, l'installation est tr\u00e8s simple. Il suffit de fixer la balise au sol \u00e0 l'endroit souhait\u00e9. Aucun outil sp\u00e9cial ou connexion \u00e9lectrique complexe n'est n\u00e9cessaire. Veillez \u00e0 orienter le panneau solaire vers le soleil pour maximiser la charge. O\u00f9 puis-je utiliser cette balise solaire ?  Cette balise est polyvalente et peut \u00eatre utilis\u00e9e dans une grande vari\u00e9t\u00e9 d'environnements, tels que :     - Routes et rues : id\u00e9al pour le marquage des routes et la s\u00e9curit\u00e9 dans les zones de circulation.  - Ronds-points et routes priv\u00e9es : am\u00e9liore la visibilit\u00e9 dans les zones tr\u00e8s fr\u00e9quent\u00e9es.  - Jardins et all\u00e9es : parfaits pour baliser les sentiers p\u00e9destres ou les zones r\u00e9sidentielles. R\u00e9siste-t-il aux conditions m\u00e9t\u00e9orologiques extr\u00eames ?  Oui, cette balise est fabriqu\u00e9e en aluminium r\u00e9sistant et poss\u00e8de un indice de protection IP65, ce qui la rend totalement r\u00e9sistante \u00e0 l'eau, \u00e0 la poussi\u00e8re et aux conditions m\u00e9t\u00e9orologiques d\u00e9favorables, telles que la pluie, le vent ou la chaleur intense. Quel type d'entretien n\u00e9cessite-t-elle ?  L'entretien est minime. Il suffit de nettoyer le panneau solaire de temps en temps pour \u00e9viter l'accumulation de salet\u00e9s ou de d\u00e9bris qui peuvent r\u00e9duire l'efficacit\u00e9 de la charge. Veillez \u00e9galement \u00e0 ce que la balise soit solidement fix\u00e9e au sol afin d'\u00e9viter tout mouvement. Quelles sont les certifications de ce produit ?  Ce produit est conforme aux normes CE et RoHS, ce qui garantit sa s\u00e9curit\u00e9, sa compatibilit\u00e9 avec les normes \u00e9cologiques et sa qualit\u00e9 \u00e9prouv\u00e9e pour une utilisation en ext\u00e9rieur. Quelle est la garantie offerte par Masterled pour cette balise ?  Nous offrons une garantie de 3 ans pour cette balise solaire \u00e0 LED. Pendant cette p\u00e9riode, nous fournissons un support technique apr\u00e8s-vente pour r\u00e9soudre toutes les questions ou probl\u00e8mes li\u00e9s au produit. Peut-on personnaliser le clignotement des LED ?  Non, le clignotement est pr\u00e9r\u00e9gl\u00e9 \u00e0 une fr\u00e9quence de 90 fois par minute, sp\u00e9cialement con\u00e7ue pour maximiser la visibilit\u00e9 et la s\u00e9curit\u00e9 de la signalisation routi\u00e8re. Ce r\u00e9glage n'est pas ajustable. Ce r\u00e9glage n'est pas ajustable. Qu'est-ce qui diff\u00e9rencie cette balise des autres balises solaires ?  Cette balise se distingue par sa conception sp\u00e9cialis\u00e9e pour le marquage routier, avec 6 LED SMD \u00e0 haute efficacit\u00e9 et des bandes r\u00e9fl\u00e9chissantes blanches qui augmentent la visibilit\u00e9 de jour comme de nuit. De plus, son autonomie de 18 \u00e0 20 heures et son indice de protection IP65 la rendent id\u00e9ale pour une utilisation ext\u00e9rieure exigeante. Est-elle visible \u00e0 longue distance ?  Oui, gr\u00e2ce \u00e0 ses 6 LED SMD de haute intensit\u00e9 et \u00e0 ses bandes r\u00e9fl\u00e9chissantes blanches, cette balise est tr\u00e8s visible, m\u00eame \u00e0 longue distance, ce qui en fait une solution fiable pour le marquage et la s\u00e9curit\u00e9 des routes. Peut-elle \u00eatre utilis\u00e9e dans les zones urbaines dot\u00e9es d'un \u00e9clairage public ?  Oui, cette balise est con\u00e7ue pour \u00eatre visible m\u00eame dans les zones avec \u00e9clairage artificiel, comme les rues urbaines ou les ronds-points. Les LED clignotantes et les bandes r\u00e9fl\u00e9chissantes permettent de la distinguer facilement. Qu'est-ce qui est inclus dans le paquet lorsque j'ach\u00e8te cette balise ?  Le paquet comprend : - une balise routi\u00e8re solaire \u00e0 LED avec r\u00e9flecteur (les vis ou les accessoires de fixation suppl\u00e9mentaires ne sont pas inclus).<\/p>","protected":false},"excerpt":{"rendered":"<p>Baliza LED solar de aluminio, para instalaci\u00f3n en suelo. Dispone de 3 leds a cada lado, rodeados por bandas reflectoras de color blanco. Los leds se alimentan mediante la bater\u00eda interna de la baliza y se activan autom\u00e1ticamente al anochecer, con una frecuencia de parpadeo de 90 veces por minuto. Es ideal para su uso &hellip; <a href=\"https:\/\/ledsolintel.com\/fr\/produit-2\/balise-solaire-routiere-reflecteur-led\/\" class=\"more-link\">Continue reading <span class=\"screen-reader-text\">Balise routi\u00e8re solaire LED + r\u00e9flecteur<\/span><\/a><\/p>","protected":false},"featured_media":263140,"template":"","meta":[],"product_brand":[101370],"product_cat":[15,101371],"product_tag":[],"class_list":{"0":"post-268709","1":"product","2":"type-product","3":"status-publish","4":"has-post-thumbnail","6":"product_brand-masterled","7":"product_cat-uncategorized","8":"product_cat-masterled","9":"pa_temperatura-color-luz-blanca","12":"instock","13":"taxable","14":"shipping-taxable","15":"purchasable","16":"product-type-simple"},"yoast_head":"<!-- This site is optimized with the Yoast SEO plugin v27.4 - https:\/\/yoast.com\/product\/yoast-seo-wordpress\/ -->\n<title>Baliza solar de carretera LED + reflector - Ledsolintel<\/title>\n<meta name=\"robots\" content=\"index, follow, max-snippet:-1, max-image-preview:large, max-video-preview:-1\" \/>\n<link rel=\"canonical\" href=\"https:\/\/ledsolintel.com\/fr\/produit-2\/balise-solaire-routiere-reflecteur-led\/\" \/>\n<meta property=\"og:locale\" content=\"fr_FR\" \/>\n<meta property=\"og:type\" content=\"article\" \/>\n<meta property=\"og:title\" content=\"Baliza solar de carretera LED + reflector - Ledsolintel\" \/>\n<meta property=\"og:description\" content=\"Baliza LED solar de aluminio, para instalaci\u00f3n en suelo. Dispone de 3 leds a cada lado, rodeados por bandas reflectoras de color blanco. Los leds se alimentan mediante la bater\u00eda interna de la baliza y se activan autom\u00e1ticamente al anochecer, con una frecuencia de parpadeo de 90 veces por minuto. Es ideal para su uso &hellip; Continue reading Baliza solar de carretera LED + reflector\" \/>\n<meta property=\"og:url\" content=\"https:\/\/ledsolintel.com\/fr\/produit-2\/balise-solaire-routiere-reflecteur-led\/\" \/>\n<meta property=\"og:site_name\" content=\"Ledsolintel\" \/>\n<meta property=\"article:publisher\" content=\"http:\/\/www.facebook.com\/webmenaje\" \/>\n<meta property=\"article:modified_time\" content=\"2026-04-07T08:18:59+00:00\" \/>\n<meta property=\"og:image\" content=\"https:\/\/ledsolintel.com\/wp-content\/uploads\/2025\/11\/baliza-solar-de-carretera-led-reflector.jpg\" \/>\n\t<meta property=\"og:image:width\" content=\"1500\" \/>\n\t<meta property=\"og:image:height\" content=\"1500\" \/>\n\t<meta property=\"og:image:type\" content=\"image\/jpeg\" \/>\n<meta name=\"twitter:card\" content=\"summary_large_image\" \/>\n<meta name=\"twitter:site\" content=\"@webmenaje\" \/>\n<meta name=\"twitter:label1\" content=\"Dur\u00e9e de lecture estim\u00e9e\" \/>\n\t<meta name=\"twitter:data1\" content=\"8 minutes\" \/>\n<script type=\"application\/ld+json\" class=\"yoast-schema-graph\">{\"@context\":\"https:\\\/\\\/schema.org\",\"@graph\":[{\"@type\":\"WebPage\",\"@id\":\"https:\\\/\\\/ledsolintel.com\\\/product\\\/baliza-solar-de-carretera-led-reflector\\\/\",\"url\":\"https:\\\/\\\/ledsolintel.com\\\/product\\\/baliza-solar-de-carretera-led-reflector\\\/\",\"name\":\"Baliza solar de carretera LED + reflector - Ledsolintel\",\"isPartOf\":{\"@id\":\"https:\\\/\\\/ledsolintel.com\\\/#website\"},\"primaryImageOfPage\":{\"@id\":\"https:\\\/\\\/ledsolintel.com\\\/product\\\/baliza-solar-de-carretera-led-reflector\\\/#primaryimage\"},\"image\":{\"@id\":\"https:\\\/\\\/ledsolintel.com\\\/product\\\/baliza-solar-de-carretera-led-reflector\\\/#primaryimage\"},\"thumbnailUrl\":\"https:\\\/\\\/ledsolintel.com\\\/wp-content\\\/uploads\\\/2025\\\/11\\\/baliza-solar-de-carretera-led-reflector.jpg\",\"datePublished\":\"2025-11-11T16:03:46+00:00\",\"dateModified\":\"2026-04-07T08:18:59+00:00\",\"breadcrumb\":{\"@id\":\"https:\\\/\\\/ledsolintel.com\\\/product\\\/baliza-solar-de-carretera-led-reflector\\\/#breadcrumb\"},\"inLanguage\":\"fr-FR\",\"potentialAction\":[{\"@type\":\"ReadAction\",\"target\":[\"https:\\\/\\\/ledsolintel.com\\\/product\\\/baliza-solar-de-carretera-led-reflector\\\/\"]}]},{\"@type\":\"ImageObject\",\"inLanguage\":\"fr-FR\",\"@id\":\"https:\\\/\\\/ledsolintel.com\\\/product\\\/baliza-solar-de-carretera-led-reflector\\\/#primaryimage\",\"url\":\"https:\\\/\\\/ledsolintel.com\\\/wp-content\\\/uploads\\\/2025\\\/11\\\/baliza-solar-de-carretera-led-reflector.jpg\",\"contentUrl\":\"https:\\\/\\\/ledsolintel.com\\\/wp-content\\\/uploads\\\/2025\\\/11\\\/baliza-solar-de-carretera-led-reflector.jpg\",\"width\":1500,\"height\":1500},{\"@type\":\"BreadcrumbList\",\"@id\":\"https:\\\/\\\/ledsolintel.com\\\/product\\\/baliza-solar-de-carretera-led-reflector\\\/#breadcrumb\",\"itemListElement\":[{\"@type\":\"ListItem\",\"position\":1,\"name\":\"Portada\",\"item\":\"https:\\\/\\\/ledsolintel.com\\\/fr\\\/\"},{\"@type\":\"ListItem\",\"position\":2,\"name\":\"Tienda\",\"item\":\"https:\\\/\\\/ledsolintel.com\\\/tienda\\\/\"},{\"@type\":\"ListItem\",\"position\":3,\"name\":\"Baliza solar de carretera LED + reflector\"}]},{\"@type\":\"WebSite\",\"@id\":\"https:\\\/\\\/ledsolintel.com\\\/#website\",\"url\":\"https:\\\/\\\/ledsolintel.com\\\/\",\"name\":\"Webmenaje\",\"description\":\"Tienda de bombillas y l\u00e1mparas LED para profesionales\",\"publisher\":{\"@id\":\"https:\\\/\\\/ledsolintel.com\\\/#organization\"},\"potentialAction\":[{\"@type\":\"SearchAction\",\"target\":{\"@type\":\"EntryPoint\",\"urlTemplate\":\"https:\\\/\\\/ledsolintel.com\\\/?s={search_term_string}\"},\"query-input\":{\"@type\":\"PropertyValueSpecification\",\"valueRequired\":true,\"valueName\":\"search_term_string\"}}],\"inLanguage\":\"fr-FR\"},{\"@type\":\"Organization\",\"@id\":\"https:\\\/\\\/ledsolintel.com\\\/#organization\",\"name\":\"Solintel Noroeste, S.L.\",\"url\":\"https:\\\/\\\/ledsolintel.com\\\/\",\"logo\":{\"@type\":\"ImageObject\",\"inLanguage\":\"fr-FR\",\"@id\":\"https:\\\/\\\/ledsolintel.com\\\/#\\\/schema\\\/logo\\\/image\\\/\",\"url\":\"https:\\\/\\\/ledsolintel.com\\\/wp-content\\\/uploads\\\/2024\\\/11\\\/webmenaje-logo-1508269066.jpg\",\"contentUrl\":\"https:\\\/\\\/ledsolintel.com\\\/wp-content\\\/uploads\\\/2024\\\/11\\\/webmenaje-logo-1508269066.jpg\",\"width\":370,\"height\":90,\"caption\":\"Solintel Noroeste, S.L.\"},\"image\":{\"@id\":\"https:\\\/\\\/ledsolintel.com\\\/#\\\/schema\\\/logo\\\/image\\\/\"},\"sameAs\":[\"http:\\\/\\\/www.facebook.com\\\/webmenaje\",\"https:\\\/\\\/x.com\\\/webmenaje\",\"https:\\\/\\\/www.youtube.com\\\/channel\\\/UCX2KoVoeCG4LocZjUc6LmSQ\",\"http:\\\/\\\/www.pinterest.com\\\/webmenaje\"]}]}<\/script>\n<!-- \/ Yoast SEO plugin. -->","yoast_head_json":{"title":"Balise routi\u00e8re solaire \u00e0 LED + r\u00e9flecteur - Ledsolintel","robots":{"index":"index","follow":"follow","max-snippet":"max-snippet:-1","max-image-preview":"max-image-preview:large","max-video-preview":"max-video-preview:-1"},"canonical":"https:\/\/ledsolintel.com\/fr\/produit-2\/balise-solaire-routiere-reflecteur-led\/","og_locale":"fr_FR","og_type":"article","og_title":"Baliza solar de carretera LED + reflector - Ledsolintel","og_description":"Baliza LED solar de aluminio, para instalaci\u00f3n en suelo. Dispone de 3 leds a cada lado, rodeados por bandas reflectoras de color blanco. Los leds se alimentan mediante la bater\u00eda interna de la baliza y se activan autom\u00e1ticamente al anochecer, con una frecuencia de parpadeo de 90 veces por minuto. Es ideal para su uso &hellip; Continue reading Baliza solar de carretera LED + reflector","og_url":"https:\/\/ledsolintel.com\/fr\/produit-2\/balise-solaire-routiere-reflecteur-led\/","og_site_name":"Ledsolintel","article_publisher":"http:\/\/www.facebook.com\/webmenaje","article_modified_time":"2026-04-07T08:18:59+00:00","og_image":[{"width":1500,"height":1500,"url":"https:\/\/ledsolintel.com\/wp-content\/uploads\/2025\/11\/baliza-solar-de-carretera-led-reflector.jpg","type":"image\/jpeg"}],"twitter_card":"summary_large_image","twitter_site":"@webmenaje","twitter_misc":{"Dur\u00e9e de lecture estim\u00e9e":"8 minutes"},"schema":{"@context":"https:\/\/schema.org","@graph":[{"@type":"WebPage","@id":"https:\/\/ledsolintel.com\/product\/baliza-solar-de-carretera-led-reflector\/","url":"https:\/\/ledsolintel.com\/product\/baliza-solar-de-carretera-led-reflector\/","name":"Balise routi\u00e8re solaire \u00e0 LED + r\u00e9flecteur - Ledsolintel","isPartOf":{"@id":"https:\/\/ledsolintel.com\/#website"},"primaryImageOfPage":{"@id":"https:\/\/ledsolintel.com\/product\/baliza-solar-de-carretera-led-reflector\/#primaryimage"},"image":{"@id":"https:\/\/ledsolintel.com\/product\/baliza-solar-de-carretera-led-reflector\/#primaryimage"},"thumbnailUrl":"https:\/\/ledsolintel.com\/wp-content\/uploads\/2025\/11\/baliza-solar-de-carretera-led-reflector.jpg","datePublished":"2025-11-11T16:03:46+00:00","dateModified":"2026-04-07T08:18:59+00:00","breadcrumb":{"@id":"https:\/\/ledsolintel.com\/product\/baliza-solar-de-carretera-led-reflector\/#breadcrumb"},"inLanguage":"fr-FR","potentialAction":[{"@type":"ReadAction","target":["https:\/\/ledsolintel.com\/product\/baliza-solar-de-carretera-led-reflector\/"]}]},{"@type":"ImageObject","inLanguage":"fr-FR","@id":"https:\/\/ledsolintel.com\/product\/baliza-solar-de-carretera-led-reflector\/#primaryimage","url":"https:\/\/ledsolintel.com\/wp-content\/uploads\/2025\/11\/baliza-solar-de-carretera-led-reflector.jpg","contentUrl":"https:\/\/ledsolintel.com\/wp-content\/uploads\/2025\/11\/baliza-solar-de-carretera-led-reflector.jpg","width":1500,"height":1500},{"@type":"BreadcrumbList","@id":"https:\/\/ledsolintel.com\/product\/baliza-solar-de-carretera-led-reflector\/#breadcrumb","itemListElement":[{"@type":"ListItem","position":1,"name":"Portada","item":"https:\/\/ledsolintel.com\/fr\/"},{"@type":"ListItem","position":2,"name":"Tienda","item":"https:\/\/ledsolintel.com\/tienda\/"},{"@type":"ListItem","position":3,"name":"Baliza solar de carretera LED + reflector"}]},{"@type":"WebSite","@id":"https:\/\/ledsolintel.com\/#website","url":"https:\/\/ledsolintel.com\/","name":"Webmenaje","description":"Magasin d'ampoules et de lampes LED pour les professionnels","publisher":{"@id":"https:\/\/ledsolintel.com\/#organization"},"potentialAction":[{"@type":"SearchAction","target":{"@type":"EntryPoint","urlTemplate":"https:\/\/ledsolintel.com\/?s={search_term_string}"},"query-input":{"@type":"PropertyValueSpecification","valueRequired":true,"valueName":"search_term_string"}}],"inLanguage":"fr-FR"},{"@type":"Organization","@id":"https:\/\/ledsolintel.com\/#organization","name":"Solintel Noroeste, S.L.","url":"https:\/\/ledsolintel.com\/","logo":{"@type":"ImageObject","inLanguage":"fr-FR","@id":"https:\/\/ledsolintel.com\/#\/schema\/logo\/image\/","url":"https:\/\/ledsolintel.com\/wp-content\/uploads\/2024\/11\/webmenaje-logo-1508269066.jpg","contentUrl":"https:\/\/ledsolintel.com\/wp-content\/uploads\/2024\/11\/webmenaje-logo-1508269066.jpg","width":370,"height":90,"caption":"Solintel Noroeste, S.L."},"image":{"@id":"https:\/\/ledsolintel.com\/#\/schema\/logo\/image\/"},"sameAs":["http:\/\/www.facebook.com\/webmenaje","https:\/\/x.com\/webmenaje","https:\/\/www.youtube.com\/channel\/UCX2KoVoeCG4LocZjUc6LmSQ","http:\/\/www.pinterest.com\/webmenaje"]}]}},"_links":{"self":[{"href":"https:\/\/ledsolintel.com\/fr\/wp-json\/wp\/v2\/product\/268709","targetHints":{"allow":["GET"]}}],"collection":[{"href":"https:\/\/ledsolintel.com\/fr\/wp-json\/wp\/v2\/product"}],"about":[{"href":"https:\/\/ledsolintel.com\/fr\/wp-json\/wp\/v2\/types\/product"}],"version-history":[{"count":1,"href":"https:\/\/ledsolintel.com\/fr\/wp-json\/wp\/v2\/product\/268709\/revisions"}],"predecessor-version":[{"id":268710,"href":"https:\/\/ledsolintel.com\/fr\/wp-json\/wp\/v2\/product\/268709\/revisions\/268710"}],"wp:featuredmedia":[{"embeddable":true,"href":"https:\/\/ledsolintel.com\/fr\/wp-json\/wp\/v2\/media\/263140"}],"wp:attachment":[{"href":"https:\/\/ledsolintel.com\/fr\/wp-json\/wp\/v2\/media?parent=268709"}],"wp:term":[{"taxonomy":"product_brand","embeddable":true,"href":"https:\/\/ledsolintel.com\/fr\/wp-json\/wp\/v2\/product_brand?post=268709"},{"taxonomy":"product_cat","embeddable":true,"href":"https:\/\/ledsolintel.com\/fr\/wp-json\/wp\/v2\/product_cat?post=268709"},{"taxonomy":"product_tag","embeddable":true,"href":"https:\/\/ledsolintel.com\/fr\/wp-json\/wp\/v2\/product_tag?post=268709"}],"curies":[{"name":"wp","href":"https:\/\/api.w.org\/{rel}","templated":true}]}}