{"id":268706,"date":"2025-11-11T17:03:44","date_gmt":"2025-11-11T16:03:44","guid":{"rendered":"https:\/\/nueva.ledsolintel.com\/product\/modulo-3-led-12v-ip65-smd2835\/"},"modified":"2025-12-17T12:50:55","modified_gmt":"2025-12-17T11:50:55","slug":"modulo-3-led-12v-ip65-smd2835","status":"publish","type":"product","link":"https:\/\/ledsolintel.com\/fr\/produit-2\/modulo-3-led-12v-ip65-smd2835\/","title":{"rendered":"Module 3 LEDs 12V IP65 SMD2835"},"content":{"rendered":"<p>M\u00f3dulo LED\u00a0monocolor impermeable, formado por 3 leds SMD2835 de 12V.Incluye una banda autoadhesiva en la parte posterior para una f\u00e1cil fijaci\u00f3n en superficie.Ideal para su uso en jardines, parques, hosteler\u00eda, tiendas, etc.No recomendado para el uso dentro de perfiles.<\/p>","protected":false},"excerpt":{"rendered":"<p>M\u00f3dulo LED\u00a0monocolor impermeable, formado por 3 leds SMD2835 de 12V.Incluye una banda autoadhesiva en la parte posterior para una f\u00e1cil fijaci\u00f3n en superficie.Ideal para su uso en jardines, parques, hosteler\u00eda, tiendas, etc.No recomendado para el uso dentro de perfiles.<\/p>","protected":false},"featured_media":263136,"template":"","meta":[],"product_brand":[101370],"product_cat":[15,101371],"product_tag":[],"class_list":{"0":"post-268706","1":"product","2":"type-product","3":"status-publish","4":"has-post-thumbnail","6":"product_brand-masterled","7":"product_cat-uncategorized","8":"product_cat-masterled","9":"pa_temperatura-color-luz-blanca","12":"instock","13":"purchasable","14":"product-type-simple"},"yoast_head":"<!-- This site is optimized with the Yoast SEO plugin v26.6 - https:\/\/yoast.com\/wordpress\/plugins\/seo\/ -->\n<title>M\u00f3dulo 3 Led 12V IP65 SMD2835 - Ledsolintel<\/title>\n<meta name=\"robots\" content=\"index, follow, max-snippet:-1, max-image-preview:large, max-video-preview:-1\" \/>\n<link rel=\"canonical\" href=\"https:\/\/ledsolintel.com\/fr\/produit-2\/modulo-3-led-12v-ip65-smd2835\/\" \/>\n<meta property=\"og:locale\" content=\"fr_FR\" \/>\n<meta property=\"og:type\" content=\"article\" \/>\n<meta property=\"og:title\" content=\"M\u00f3dulo 3 Led 12V IP65 SMD2835 - Ledsolintel\" \/>\n<meta property=\"og:description\" content=\"M\u00f3dulo LED\u00a0monocolor impermeable, formado por 3 leds SMD2835 de 12V.Incluye una banda autoadhesiva en la parte posterior para una f\u00e1cil fijaci\u00f3n en superficie.Ideal para su uso en jardines, parques, hosteler\u00eda, tiendas, etc.No recomendado para el uso dentro de perfiles.\" \/>\n<meta property=\"og:url\" content=\"https:\/\/ledsolintel.com\/fr\/produit-2\/modulo-3-led-12v-ip65-smd2835\/\" \/>\n<meta property=\"og:site_name\" content=\"Ledsolintel\" \/>\n<meta property=\"article:publisher\" content=\"http:\/\/www.facebook.com\/webmenaje\" \/>\n<meta property=\"article:modified_time\" content=\"2025-12-17T11:50:55+00:00\" \/>\n<meta property=\"og:image\" content=\"https:\/\/ledsolintel.com\/wp-content\/uploads\/2025\/11\/modulo-3-led-12v-ip65-smd2835.jpg\" \/>\n\t<meta property=\"og:image:width\" content=\"1500\" \/>\n\t<meta property=\"og:image:height\" content=\"1500\" \/>\n\t<meta property=\"og:image:type\" content=\"image\/jpeg\" \/>\n<meta name=\"twitter:card\" content=\"summary_large_image\" \/>\n<meta name=\"twitter:site\" content=\"@webmenaje\" \/>\n<script type=\"application\/ld+json\" class=\"yoast-schema-graph\">{\"@context\":\"https:\/\/schema.org\",\"@graph\":[{\"@type\":\"WebPage\",\"@id\":\"https:\/\/ledsolintel.com\/product\/modulo-3-led-12v-ip65-smd2835\/\",\"url\":\"https:\/\/ledsolintel.com\/product\/modulo-3-led-12v-ip65-smd2835\/\",\"name\":\"M\u00f3dulo 3 Led 12V IP65 SMD2835 - Ledsolintel\",\"isPartOf\":{\"@id\":\"https:\/\/ledsolintel.com\/#website\"},\"primaryImageOfPage\":{\"@id\":\"https:\/\/ledsolintel.com\/product\/modulo-3-led-12v-ip65-smd2835\/#primaryimage\"},\"image\":{\"@id\":\"https:\/\/ledsolintel.com\/product\/modulo-3-led-12v-ip65-smd2835\/#primaryimage\"},\"thumbnailUrl\":\"https:\/\/ledsolintel.com\/wp-content\/uploads\/2025\/11\/modulo-3-led-12v-ip65-smd2835.jpg\",\"datePublished\":\"2025-11-11T16:03:44+00:00\",\"dateModified\":\"2025-12-17T11:50:55+00:00\",\"breadcrumb\":{\"@id\":\"https:\/\/ledsolintel.com\/product\/modulo-3-led-12v-ip65-smd2835\/#breadcrumb\"},\"inLanguage\":\"fr-FR\",\"potentialAction\":[{\"@type\":\"ReadAction\",\"target\":[\"https:\/\/ledsolintel.com\/product\/modulo-3-led-12v-ip65-smd2835\/\"]}]},{\"@type\":\"ImageObject\",\"inLanguage\":\"fr-FR\",\"@id\":\"https:\/\/ledsolintel.com\/product\/modulo-3-led-12v-ip65-smd2835\/#primaryimage\",\"url\":\"https:\/\/ledsolintel.com\/wp-content\/uploads\/2025\/11\/modulo-3-led-12v-ip65-smd2835.jpg\",\"contentUrl\":\"https:\/\/ledsolintel.com\/wp-content\/uploads\/2025\/11\/modulo-3-led-12v-ip65-smd2835.jpg\",\"width\":1500,\"height\":1500},{\"@type\":\"BreadcrumbList\",\"@id\":\"https:\/\/ledsolintel.com\/product\/modulo-3-led-12v-ip65-smd2835\/#breadcrumb\",\"itemListElement\":[{\"@type\":\"ListItem\",\"position\":1,\"name\":\"Portada\",\"item\":\"https:\/\/ledsolintel.com\/fr\/\"},{\"@type\":\"ListItem\",\"position\":2,\"name\":\"Tienda\",\"item\":\"https:\/\/ledsolintel.com\/tienda\/\"},{\"@type\":\"ListItem\",\"position\":3,\"name\":\"M\u00f3dulo 3 Led 12V IP65 SMD2835\"}]},{\"@type\":\"WebSite\",\"@id\":\"https:\/\/ledsolintel.com\/#website\",\"url\":\"https:\/\/ledsolintel.com\/\",\"name\":\"Webmenaje\",\"description\":\"Tienda de bombillas y l\u00e1mparas LED para profesionales\",\"publisher\":{\"@id\":\"https:\/\/ledsolintel.com\/#organization\"},\"potentialAction\":[{\"@type\":\"SearchAction\",\"target\":{\"@type\":\"EntryPoint\",\"urlTemplate\":\"https:\/\/ledsolintel.com\/?s={search_term_string}\"},\"query-input\":{\"@type\":\"PropertyValueSpecification\",\"valueRequired\":true,\"valueName\":\"search_term_string\"}}],\"inLanguage\":\"fr-FR\"},{\"@type\":\"Organization\",\"@id\":\"https:\/\/ledsolintel.com\/#organization\",\"name\":\"Solintel Noroeste, S.L.\",\"url\":\"https:\/\/ledsolintel.com\/\",\"logo\":{\"@type\":\"ImageObject\",\"inLanguage\":\"fr-FR\",\"@id\":\"https:\/\/ledsolintel.com\/#\/schema\/logo\/image\/\",\"url\":\"https:\/\/ledsolintel.com\/wp-content\/uploads\/2024\/11\/webmenaje-logo-1508269066.jpg\",\"contentUrl\":\"https:\/\/ledsolintel.com\/wp-content\/uploads\/2024\/11\/webmenaje-logo-1508269066.jpg\",\"width\":370,\"height\":90,\"caption\":\"Solintel Noroeste, S.L.\"},\"image\":{\"@id\":\"https:\/\/ledsolintel.com\/#\/schema\/logo\/image\/\"},\"sameAs\":[\"http:\/\/www.facebook.com\/webmenaje\",\"https:\/\/x.com\/webmenaje\",\"https:\/\/www.youtube.com\/channel\/UCX2KoVoeCG4LocZjUc6LmSQ\",\"http:\/\/www.pinterest.com\/webmenaje\"]}]}<\/script>\n<!-- \/ Yoast SEO plugin. -->","yoast_head_json":{"title":"M\u00f3dulo 3 Led 12V IP65 SMD2835 - Ledsolintel","robots":{"index":"index","follow":"follow","max-snippet":"max-snippet:-1","max-image-preview":"max-image-preview:large","max-video-preview":"max-video-preview:-1"},"canonical":"https:\/\/ledsolintel.com\/fr\/produit-2\/modulo-3-led-12v-ip65-smd2835\/","og_locale":"fr_FR","og_type":"article","og_title":"M\u00f3dulo 3 Led 12V IP65 SMD2835 - Ledsolintel","og_description":"M\u00f3dulo LED\u00a0monocolor impermeable, formado por 3 leds SMD2835 de 12V.Incluye una banda autoadhesiva en la parte posterior para una f\u00e1cil fijaci\u00f3n en superficie.Ideal para su uso en jardines, parques, hosteler\u00eda, tiendas, etc.No recomendado para el uso dentro de perfiles.","og_url":"https:\/\/ledsolintel.com\/fr\/produit-2\/modulo-3-led-12v-ip65-smd2835\/","og_site_name":"Ledsolintel","article_publisher":"http:\/\/www.facebook.com\/webmenaje","article_modified_time":"2025-12-17T11:50:55+00:00","og_image":[{"width":1500,"height":1500,"url":"https:\/\/ledsolintel.com\/wp-content\/uploads\/2025\/11\/modulo-3-led-12v-ip65-smd2835.jpg","type":"image\/jpeg"}],"twitter_card":"summary_large_image","twitter_site":"@webmenaje","schema":{"@context":"https:\/\/schema.org","@graph":[{"@type":"WebPage","@id":"https:\/\/ledsolintel.com\/product\/modulo-3-led-12v-ip65-smd2835\/","url":"https:\/\/ledsolintel.com\/product\/modulo-3-led-12v-ip65-smd2835\/","name":"M\u00f3dulo 3 Led 12V IP65 SMD2835 - Ledsolintel","isPartOf":{"@id":"https:\/\/ledsolintel.com\/#website"},"primaryImageOfPage":{"@id":"https:\/\/ledsolintel.com\/product\/modulo-3-led-12v-ip65-smd2835\/#primaryimage"},"image":{"@id":"https:\/\/ledsolintel.com\/product\/modulo-3-led-12v-ip65-smd2835\/#primaryimage"},"thumbnailUrl":"https:\/\/ledsolintel.com\/wp-content\/uploads\/2025\/11\/modulo-3-led-12v-ip65-smd2835.jpg","datePublished":"2025-11-11T16:03:44+00:00","dateModified":"2025-12-17T11:50:55+00:00","breadcrumb":{"@id":"https:\/\/ledsolintel.com\/product\/modulo-3-led-12v-ip65-smd2835\/#breadcrumb"},"inLanguage":"fr-FR","potentialAction":[{"@type":"ReadAction","target":["https:\/\/ledsolintel.com\/product\/modulo-3-led-12v-ip65-smd2835\/"]}]},{"@type":"ImageObject","inLanguage":"fr-FR","@id":"https:\/\/ledsolintel.com\/product\/modulo-3-led-12v-ip65-smd2835\/#primaryimage","url":"https:\/\/ledsolintel.com\/wp-content\/uploads\/2025\/11\/modulo-3-led-12v-ip65-smd2835.jpg","contentUrl":"https:\/\/ledsolintel.com\/wp-content\/uploads\/2025\/11\/modulo-3-led-12v-ip65-smd2835.jpg","width":1500,"height":1500},{"@type":"BreadcrumbList","@id":"https:\/\/ledsolintel.com\/product\/modulo-3-led-12v-ip65-smd2835\/#breadcrumb","itemListElement":[{"@type":"ListItem","position":1,"name":"Portada","item":"https:\/\/ledsolintel.com\/fr\/"},{"@type":"ListItem","position":2,"name":"Tienda","item":"https:\/\/ledsolintel.com\/tienda\/"},{"@type":"ListItem","position":3,"name":"M\u00f3dulo 3 Led 12V IP65 SMD2835"}]},{"@type":"WebSite","@id":"https:\/\/ledsolintel.com\/#website","url":"https:\/\/ledsolintel.com\/","name":"Webmenaje","description":"Magasin d'ampoules et de lampes LED pour les professionnels","publisher":{"@id":"https:\/\/ledsolintel.com\/#organization"},"potentialAction":[{"@type":"SearchAction","target":{"@type":"EntryPoint","urlTemplate":"https:\/\/ledsolintel.com\/?s={search_term_string}"},"query-input":{"@type":"PropertyValueSpecification","valueRequired":true,"valueName":"search_term_string"}}],"inLanguage":"fr-FR"},{"@type":"Organization","@id":"https:\/\/ledsolintel.com\/#organization","name":"Solintel Noroeste, S.L.","url":"https:\/\/ledsolintel.com\/","logo":{"@type":"ImageObject","inLanguage":"fr-FR","@id":"https:\/\/ledsolintel.com\/#\/schema\/logo\/image\/","url":"https:\/\/ledsolintel.com\/wp-content\/uploads\/2024\/11\/webmenaje-logo-1508269066.jpg","contentUrl":"https:\/\/ledsolintel.com\/wp-content\/uploads\/2024\/11\/webmenaje-logo-1508269066.jpg","width":370,"height":90,"caption":"Solintel Noroeste, S.L."},"image":{"@id":"https:\/\/ledsolintel.com\/#\/schema\/logo\/image\/"},"sameAs":["http:\/\/www.facebook.com\/webmenaje","https:\/\/x.com\/webmenaje","https:\/\/www.youtube.com\/channel\/UCX2KoVoeCG4LocZjUc6LmSQ","http:\/\/www.pinterest.com\/webmenaje"]}]}},"_links":{"self":[{"href":"https:\/\/ledsolintel.com\/fr\/wp-json\/wp\/v2\/product\/268706","targetHints":{"allow":["GET"]}}],"collection":[{"href":"https:\/\/ledsolintel.com\/fr\/wp-json\/wp\/v2\/product"}],"about":[{"href":"https:\/\/ledsolintel.com\/fr\/wp-json\/wp\/v2\/types\/product"}],"version-history":[{"count":1,"href":"https:\/\/ledsolintel.com\/fr\/wp-json\/wp\/v2\/product\/268706\/revisions"}],"predecessor-version":[{"id":268707,"href":"https:\/\/ledsolintel.com\/fr\/wp-json\/wp\/v2\/product\/268706\/revisions\/268707"}],"wp:featuredmedia":[{"embeddable":true,"href":"https:\/\/ledsolintel.com\/fr\/wp-json\/wp\/v2\/media\/263136"}],"wp:attachment":[{"href":"https:\/\/ledsolintel.com\/fr\/wp-json\/wp\/v2\/media?parent=268706"}],"wp:term":[{"taxonomy":"product_brand","embeddable":true,"href":"https:\/\/ledsolintel.com\/fr\/wp-json\/wp\/v2\/product_brand?post=268706"},{"taxonomy":"product_cat","embeddable":true,"href":"https:\/\/ledsolintel.com\/fr\/wp-json\/wp\/v2\/product_cat?post=268706"},{"taxonomy":"product_tag","embeddable":true,"href":"https:\/\/ledsolintel.com\/fr\/wp-json\/wp\/v2\/product_tag?post=268706"}],"curies":[{"name":"wp","href":"https:\/\/api.w.org\/{rel}","templated":true}]}}