{"id":268685,"date":"2025-11-11T17:03:28","date_gmt":"2025-11-11T16:03:28","guid":{"rendered":"https:\/\/nueva.ledsolintel.com\/product\/campana-led-ufo-200w-programable-samsung-lifud\/"},"modified":"2025-12-17T12:50:56","modified_gmt":"2025-12-17T11:50:56","slug":"campana-led-ufo-200w-programable-samsung-lifud","status":"publish","type":"product","link":"https:\/\/ledsolintel.com\/fr\/produit-2\/campana-led-ufo-200w-programable-samsung-lifud\/","title":{"rendered":"Samsung UFO 200W LED programmable UFO 200W - Lifud"},"content":{"rendered":"<p>Nueva campana led Industrial UFO inteligente de 200W, con flujo luminoso de 28000 lumens.Incorpora un sensor de movimiento + crepuscular gracias al cual se puede programar el funcionamiento de la campana seg\u00fan nuestras necesidades.  La campana se suministra con un mando a distancia con el que\u00a0se puede configurar el funcionamiento siempre que sea necesario (instrucciones del control remoto disponibles en la pesta\u00f1a de descargas).  Luminaria dise\u00f1ada para f\u00e1bricas, almacenes,\u00a0talleres,\u00a0naves industriales, parkings, supermercados, gasolineras, salas de exposiciones, gimnasios, peajes, etc&#8230;Con driver de la prestigiosa marca\u00a0Lifud y leds SMD Samsung que garantizan una larga vida a la campana y\u00a0garant\u00eda de 5 a\u00f1os.\u00a0Los LED en alumbrado industrial proporciona un gran ahorro de energ\u00eda y larga vida \u00fatil. Est\u00e1n fabricadas con materiales de gran calidad y cumplen con las certificaciones europeas.\u00a0<\/p>","protected":false},"excerpt":{"rendered":"<p>Nueva campana led Industrial UFO inteligente de 200W, con flujo luminoso de 28000 lumens.Incorpora un sensor de movimiento + crepuscular gracias al cual se puede programar el funcionamiento de la campana seg\u00fan nuestras necesidades. La campana se suministra con un mando a distancia con el que\u00a0se puede configurar el funcionamiento siempre que sea necesario (instrucciones &hellip; <a href=\"https:\/\/ledsolintel.com\/fr\/produit-2\/campana-led-ufo-200w-programable-samsung-lifud\/\" class=\"more-link\">Continue reading <span class=\"screen-reader-text\">Samsung UFO 200W LED programmable UFO 200W - Lifud<\/span><\/a><\/p>","protected":false},"featured_media":263101,"template":"","meta":[],"product_brand":[101370],"product_cat":[15,101371],"product_tag":[],"class_list":{"0":"post-268685","1":"product","2":"type-product","3":"status-publish","4":"has-post-thumbnail","6":"product_brand-masterled","7":"product_cat-uncategorized","8":"product_cat-masterled","9":"pa_temperatura-color-luz-blanca","12":"instock","13":"purchasable","14":"product-type-simple"},"yoast_head":"<!-- This site is optimized with the Yoast SEO plugin v26.6 - https:\/\/yoast.com\/wordpress\/plugins\/seo\/ -->\n<title>Campana LED UFO 200W programable Samsung - Lifud - Ledsolintel<\/title>\n<meta name=\"robots\" content=\"index, follow, max-snippet:-1, max-image-preview:large, max-video-preview:-1\" \/>\n<link rel=\"canonical\" href=\"https:\/\/ledsolintel.com\/fr\/produit-2\/campana-led-ufo-200w-programable-samsung-lifud\/\" \/>\n<meta property=\"og:locale\" content=\"fr_FR\" \/>\n<meta property=\"og:type\" content=\"article\" \/>\n<meta property=\"og:title\" content=\"Campana LED UFO 200W programable Samsung - Lifud - Ledsolintel\" \/>\n<meta property=\"og:description\" content=\"Nueva campana led Industrial UFO inteligente de 200W, con flujo luminoso de 28000 lumens.Incorpora un sensor de movimiento + crepuscular gracias al cual se puede programar el funcionamiento de la campana seg\u00fan nuestras necesidades. La campana se suministra con un mando a distancia con el que\u00a0se puede configurar el funcionamiento siempre que sea necesario (instrucciones &hellip; Continue reading Campana LED UFO 200W programable Samsung &#8211; Lifud\" \/>\n<meta property=\"og:url\" content=\"https:\/\/ledsolintel.com\/fr\/produit-2\/campana-led-ufo-200w-programable-samsung-lifud\/\" \/>\n<meta property=\"og:site_name\" content=\"Ledsolintel\" \/>\n<meta property=\"article:publisher\" content=\"http:\/\/www.facebook.com\/webmenaje\" \/>\n<meta property=\"article:modified_time\" content=\"2025-12-17T11:50:56+00:00\" \/>\n<meta property=\"og:image\" content=\"https:\/\/ledsolintel.com\/wp-content\/uploads\/2025\/11\/campana-led-ufo-200w-programable-samsung-lifud.jpg\" \/>\n\t<meta property=\"og:image:width\" content=\"1000\" \/>\n\t<meta property=\"og:image:height\" content=\"1000\" \/>\n\t<meta property=\"og:image:type\" content=\"image\/jpeg\" \/>\n<meta name=\"twitter:card\" content=\"summary_large_image\" \/>\n<meta name=\"twitter:site\" content=\"@webmenaje\" \/>\n<meta name=\"twitter:label1\" content=\"Dur\u00e9e de lecture estim\u00e9e\" \/>\n\t<meta name=\"twitter:data1\" content=\"1 minute\" \/>\n<script type=\"application\/ld+json\" class=\"yoast-schema-graph\">{\"@context\":\"https:\/\/schema.org\",\"@graph\":[{\"@type\":\"WebPage\",\"@id\":\"https:\/\/ledsolintel.com\/product\/campana-led-ufo-200w-programable-samsung-lifud\/\",\"url\":\"https:\/\/ledsolintel.com\/product\/campana-led-ufo-200w-programable-samsung-lifud\/\",\"name\":\"Campana LED UFO 200W programable Samsung - Lifud - Ledsolintel\",\"isPartOf\":{\"@id\":\"https:\/\/ledsolintel.com\/#website\"},\"primaryImageOfPage\":{\"@id\":\"https:\/\/ledsolintel.com\/product\/campana-led-ufo-200w-programable-samsung-lifud\/#primaryimage\"},\"image\":{\"@id\":\"https:\/\/ledsolintel.com\/product\/campana-led-ufo-200w-programable-samsung-lifud\/#primaryimage\"},\"thumbnailUrl\":\"https:\/\/ledsolintel.com\/wp-content\/uploads\/2025\/11\/campana-led-ufo-200w-programable-samsung-lifud.jpg\",\"datePublished\":\"2025-11-11T16:03:28+00:00\",\"dateModified\":\"2025-12-17T11:50:56+00:00\",\"breadcrumb\":{\"@id\":\"https:\/\/ledsolintel.com\/product\/campana-led-ufo-200w-programable-samsung-lifud\/#breadcrumb\"},\"inLanguage\":\"fr-FR\",\"potentialAction\":[{\"@type\":\"ReadAction\",\"target\":[\"https:\/\/ledsolintel.com\/product\/campana-led-ufo-200w-programable-samsung-lifud\/\"]}]},{\"@type\":\"ImageObject\",\"inLanguage\":\"fr-FR\",\"@id\":\"https:\/\/ledsolintel.com\/product\/campana-led-ufo-200w-programable-samsung-lifud\/#primaryimage\",\"url\":\"https:\/\/ledsolintel.com\/wp-content\/uploads\/2025\/11\/campana-led-ufo-200w-programable-samsung-lifud.jpg\",\"contentUrl\":\"https:\/\/ledsolintel.com\/wp-content\/uploads\/2025\/11\/campana-led-ufo-200w-programable-samsung-lifud.jpg\",\"width\":1000,\"height\":1000},{\"@type\":\"BreadcrumbList\",\"@id\":\"https:\/\/ledsolintel.com\/product\/campana-led-ufo-200w-programable-samsung-lifud\/#breadcrumb\",\"itemListElement\":[{\"@type\":\"ListItem\",\"position\":1,\"name\":\"Portada\",\"item\":\"https:\/\/ledsolintel.com\/fr\/\"},{\"@type\":\"ListItem\",\"position\":2,\"name\":\"Tienda\",\"item\":\"https:\/\/ledsolintel.com\/tienda\/\"},{\"@type\":\"ListItem\",\"position\":3,\"name\":\"Campana LED UFO 200W programable Samsung &#8211; Lifud\"}]},{\"@type\":\"WebSite\",\"@id\":\"https:\/\/ledsolintel.com\/#website\",\"url\":\"https:\/\/ledsolintel.com\/\",\"name\":\"Webmenaje\",\"description\":\"Tienda de bombillas y l\u00e1mparas LED para profesionales\",\"publisher\":{\"@id\":\"https:\/\/ledsolintel.com\/#organization\"},\"potentialAction\":[{\"@type\":\"SearchAction\",\"target\":{\"@type\":\"EntryPoint\",\"urlTemplate\":\"https:\/\/ledsolintel.com\/?s={search_term_string}\"},\"query-input\":{\"@type\":\"PropertyValueSpecification\",\"valueRequired\":true,\"valueName\":\"search_term_string\"}}],\"inLanguage\":\"fr-FR\"},{\"@type\":\"Organization\",\"@id\":\"https:\/\/ledsolintel.com\/#organization\",\"name\":\"Solintel Noroeste, S.L.\",\"url\":\"https:\/\/ledsolintel.com\/\",\"logo\":{\"@type\":\"ImageObject\",\"inLanguage\":\"fr-FR\",\"@id\":\"https:\/\/ledsolintel.com\/#\/schema\/logo\/image\/\",\"url\":\"https:\/\/ledsolintel.com\/wp-content\/uploads\/2024\/11\/webmenaje-logo-1508269066.jpg\",\"contentUrl\":\"https:\/\/ledsolintel.com\/wp-content\/uploads\/2024\/11\/webmenaje-logo-1508269066.jpg\",\"width\":370,\"height\":90,\"caption\":\"Solintel Noroeste, S.L.\"},\"image\":{\"@id\":\"https:\/\/ledsolintel.com\/#\/schema\/logo\/image\/\"},\"sameAs\":[\"http:\/\/www.facebook.com\/webmenaje\",\"https:\/\/x.com\/webmenaje\",\"https:\/\/www.youtube.com\/channel\/UCX2KoVoeCG4LocZjUc6LmSQ\",\"http:\/\/www.pinterest.com\/webmenaje\"]}]}<\/script>\n<!-- \/ Yoast SEO plugin. -->","yoast_head_json":{"title":"Campana LED UFO 200W programable Samsung - Lifud - Ledsolintel","robots":{"index":"index","follow":"follow","max-snippet":"max-snippet:-1","max-image-preview":"max-image-preview:large","max-video-preview":"max-video-preview:-1"},"canonical":"https:\/\/ledsolintel.com\/fr\/produit-2\/campana-led-ufo-200w-programable-samsung-lifud\/","og_locale":"fr_FR","og_type":"article","og_title":"Campana LED UFO 200W programable Samsung - Lifud - Ledsolintel","og_description":"Nueva campana led Industrial UFO inteligente de 200W, con flujo luminoso de 28000 lumens.Incorpora un sensor de movimiento + crepuscular gracias al cual se puede programar el funcionamiento de la campana seg\u00fan nuestras necesidades. La campana se suministra con un mando a distancia con el que\u00a0se puede configurar el funcionamiento siempre que sea necesario (instrucciones &hellip; Continue reading Campana LED UFO 200W programable Samsung &#8211; Lifud","og_url":"https:\/\/ledsolintel.com\/fr\/produit-2\/campana-led-ufo-200w-programable-samsung-lifud\/","og_site_name":"Ledsolintel","article_publisher":"http:\/\/www.facebook.com\/webmenaje","article_modified_time":"2025-12-17T11:50:56+00:00","og_image":[{"width":1000,"height":1000,"url":"https:\/\/ledsolintel.com\/wp-content\/uploads\/2025\/11\/campana-led-ufo-200w-programable-samsung-lifud.jpg","type":"image\/jpeg"}],"twitter_card":"summary_large_image","twitter_site":"@webmenaje","twitter_misc":{"Dur\u00e9e de lecture estim\u00e9e":"1 minute"},"schema":{"@context":"https:\/\/schema.org","@graph":[{"@type":"WebPage","@id":"https:\/\/ledsolintel.com\/product\/campana-led-ufo-200w-programable-samsung-lifud\/","url":"https:\/\/ledsolintel.com\/product\/campana-led-ufo-200w-programable-samsung-lifud\/","name":"Campana LED UFO 200W programable Samsung - Lifud - Ledsolintel","isPartOf":{"@id":"https:\/\/ledsolintel.com\/#website"},"primaryImageOfPage":{"@id":"https:\/\/ledsolintel.com\/product\/campana-led-ufo-200w-programable-samsung-lifud\/#primaryimage"},"image":{"@id":"https:\/\/ledsolintel.com\/product\/campana-led-ufo-200w-programable-samsung-lifud\/#primaryimage"},"thumbnailUrl":"https:\/\/ledsolintel.com\/wp-content\/uploads\/2025\/11\/campana-led-ufo-200w-programable-samsung-lifud.jpg","datePublished":"2025-11-11T16:03:28+00:00","dateModified":"2025-12-17T11:50:56+00:00","breadcrumb":{"@id":"https:\/\/ledsolintel.com\/product\/campana-led-ufo-200w-programable-samsung-lifud\/#breadcrumb"},"inLanguage":"fr-FR","potentialAction":[{"@type":"ReadAction","target":["https:\/\/ledsolintel.com\/product\/campana-led-ufo-200w-programable-samsung-lifud\/"]}]},{"@type":"ImageObject","inLanguage":"fr-FR","@id":"https:\/\/ledsolintel.com\/product\/campana-led-ufo-200w-programable-samsung-lifud\/#primaryimage","url":"https:\/\/ledsolintel.com\/wp-content\/uploads\/2025\/11\/campana-led-ufo-200w-programable-samsung-lifud.jpg","contentUrl":"https:\/\/ledsolintel.com\/wp-content\/uploads\/2025\/11\/campana-led-ufo-200w-programable-samsung-lifud.jpg","width":1000,"height":1000},{"@type":"BreadcrumbList","@id":"https:\/\/ledsolintel.com\/product\/campana-led-ufo-200w-programable-samsung-lifud\/#breadcrumb","itemListElement":[{"@type":"ListItem","position":1,"name":"Portada","item":"https:\/\/ledsolintel.com\/fr\/"},{"@type":"ListItem","position":2,"name":"Tienda","item":"https:\/\/ledsolintel.com\/tienda\/"},{"@type":"ListItem","position":3,"name":"Campana LED UFO 200W programable Samsung &#8211; Lifud"}]},{"@type":"WebSite","@id":"https:\/\/ledsolintel.com\/#website","url":"https:\/\/ledsolintel.com\/","name":"Webmenaje","description":"Magasin d'ampoules et de lampes LED pour les professionnels","publisher":{"@id":"https:\/\/ledsolintel.com\/#organization"},"potentialAction":[{"@type":"SearchAction","target":{"@type":"EntryPoint","urlTemplate":"https:\/\/ledsolintel.com\/?s={search_term_string}"},"query-input":{"@type":"PropertyValueSpecification","valueRequired":true,"valueName":"search_term_string"}}],"inLanguage":"fr-FR"},{"@type":"Organization","@id":"https:\/\/ledsolintel.com\/#organization","name":"Solintel Noroeste, S.L.","url":"https:\/\/ledsolintel.com\/","logo":{"@type":"ImageObject","inLanguage":"fr-FR","@id":"https:\/\/ledsolintel.com\/#\/schema\/logo\/image\/","url":"https:\/\/ledsolintel.com\/wp-content\/uploads\/2024\/11\/webmenaje-logo-1508269066.jpg","contentUrl":"https:\/\/ledsolintel.com\/wp-content\/uploads\/2024\/11\/webmenaje-logo-1508269066.jpg","width":370,"height":90,"caption":"Solintel Noroeste, S.L."},"image":{"@id":"https:\/\/ledsolintel.com\/#\/schema\/logo\/image\/"},"sameAs":["http:\/\/www.facebook.com\/webmenaje","https:\/\/x.com\/webmenaje","https:\/\/www.youtube.com\/channel\/UCX2KoVoeCG4LocZjUc6LmSQ","http:\/\/www.pinterest.com\/webmenaje"]}]}},"_links":{"self":[{"href":"https:\/\/ledsolintel.com\/fr\/wp-json\/wp\/v2\/product\/268685","targetHints":{"allow":["GET"]}}],"collection":[{"href":"https:\/\/ledsolintel.com\/fr\/wp-json\/wp\/v2\/product"}],"about":[{"href":"https:\/\/ledsolintel.com\/fr\/wp-json\/wp\/v2\/types\/product"}],"version-history":[{"count":1,"href":"https:\/\/ledsolintel.com\/fr\/wp-json\/wp\/v2\/product\/268685\/revisions"}],"predecessor-version":[{"id":268686,"href":"https:\/\/ledsolintel.com\/fr\/wp-json\/wp\/v2\/product\/268685\/revisions\/268686"}],"wp:featuredmedia":[{"embeddable":true,"href":"https:\/\/ledsolintel.com\/fr\/wp-json\/wp\/v2\/media\/263101"}],"wp:attachment":[{"href":"https:\/\/ledsolintel.com\/fr\/wp-json\/wp\/v2\/media?parent=268685"}],"wp:term":[{"taxonomy":"product_brand","embeddable":true,"href":"https:\/\/ledsolintel.com\/fr\/wp-json\/wp\/v2\/product_brand?post=268685"},{"taxonomy":"product_cat","embeddable":true,"href":"https:\/\/ledsolintel.com\/fr\/wp-json\/wp\/v2\/product_cat?post=268685"},{"taxonomy":"product_tag","embeddable":true,"href":"https:\/\/ledsolintel.com\/fr\/wp-json\/wp\/v2\/product_tag?post=268685"}],"curies":[{"name":"wp","href":"https:\/\/api.w.org\/{rel}","templated":true}]}}