{"id":268679,"date":"2025-11-11T17:03:24","date_gmt":"2025-11-11T16:03:24","guid":{"rendered":"https:\/\/nueva.ledsolintel.com\/product\/cable-paralelo-blanco-2x05mm\/"},"modified":"2026-04-07T10:18:59","modified_gmt":"2026-04-07T08:18:59","slug":"cable-parallele-blanc-2x05mm","status":"publish","type":"product","link":"https:\/\/ledsolintel.com\/fr\/produit-2\/cable-parallele-blanc-2x05mm\/","title":{"rendered":"C\u00e2ble parall\u00e8le blanc 2\u00d70,5mm"},"content":{"rendered":"<p>C\u00e2ble bifilaire polaris\u00e9 blanc (2\u00d70,5mm\u00b2). Id\u00e9al pour les installations o\u00f9 le c\u00e2ble est visible (lampes suspendues, bandes LED, appliques, etc.). Conforme aux crit\u00e8res de classification des produits de construction selon le r\u00e8glement CPR 305\/2011 et \u00e0 la norme EN 50575.  Ce produit est vendu au m\u00e8tre (1 produit = 1 m\u00e8tre).  Gr\u00e2ce \u00e0 son indice de protection IP20, il est id\u00e9al pour une installation en int\u00e9rieur (protection contre les particules solides de plus de 12 mm et n'est pas \u00e9tanche).  Il est garanti 3 ans. Il poss\u00e8de \u00e9galement le certificat CE, qui atteste qu'il est conforme aux exigences de l'UE en mati\u00e8re de compatibilit\u00e9 \u00e9lectromagn\u00e9tique et de basse tension. Ce certificat d\u00e9clare la conformit\u00e9 du produit \u00e0 toutes les exigences l\u00e9gales et garantit la validit\u00e9 de la vente du produit dans l'ensemble de l'Espace \u00e9conomique europ\u00e9en.  REMARQUE : Comme il s'agit d'un produit coup\u00e9 sur mesure, les retours ne sont pas accept\u00e9s pour des raisons ne relevant pas de la garantie.<\/p>","protected":false},"excerpt":{"rendered":"<p>Cable de dos hilos polarizado color blanco (2&#215;0.5mm\u00b2). Ideal para su uso en instalaciones en las que el cable queda visto (l\u00e1mparas colgantes, tiras LED, apliques, etc). Cumple con los criterios de clasificaci\u00f3n de productos de la construcci\u00f3n seg\u00fan Reglamento CPR 305\/2011 y la norma EN 50575. Este producto se vende por metro (1 producto &hellip; <a href=\"https:\/\/ledsolintel.com\/fr\/produit-2\/cable-parallele-blanc-2x05mm\/\" class=\"more-link\">Continue reading <span class=\"screen-reader-text\">C\u00e2ble parall\u00e8le blanc 2\u00d70,5mm<\/span><\/a><\/p>","protected":false},"featured_media":263091,"template":"","meta":[],"product_brand":[101370],"product_cat":[101371,15],"product_tag":[],"class_list":{"0":"post-268679","1":"product","2":"type-product","3":"status-publish","4":"has-post-thumbnail","6":"product_brand-masterled","7":"product_cat-masterled","8":"product_cat-uncategorized","9":"pa_interior-exterior-interior","12":"instock","13":"taxable","14":"shipping-taxable","15":"purchasable","16":"product-type-simple"},"yoast_head":"<!-- This site is optimized with the Yoast SEO plugin v26.6 - https:\/\/yoast.com\/wordpress\/plugins\/seo\/ -->\n<title>Cable paralelo blanco 2x0,5mm - Ledsolintel<\/title>\n<meta name=\"robots\" content=\"index, follow, max-snippet:-1, max-image-preview:large, max-video-preview:-1\" \/>\n<link rel=\"canonical\" href=\"https:\/\/ledsolintel.com\/fr\/produit-2\/cable-parallele-blanc-2x05mm\/\" \/>\n<meta property=\"og:locale\" content=\"fr_FR\" \/>\n<meta property=\"og:type\" content=\"article\" \/>\n<meta property=\"og:title\" content=\"Cable paralelo blanco 2x0,5mm - Ledsolintel\" \/>\n<meta property=\"og:description\" content=\"Cable de dos hilos polarizado color blanco (2&#215;0.5mm\u00b2). Ideal para su uso en instalaciones en las que el cable queda visto (l\u00e1mparas colgantes, tiras LED, apliques, etc). Cumple con los criterios de clasificaci\u00f3n de productos de la construcci\u00f3n seg\u00fan Reglamento CPR 305\/2011 y la norma EN 50575. Este producto se vende por metro (1 producto &hellip; Continue reading Cable paralelo blanco 2&#215;0,5mm\" \/>\n<meta property=\"og:url\" content=\"https:\/\/ledsolintel.com\/fr\/produit-2\/cable-parallele-blanc-2x05mm\/\" \/>\n<meta property=\"og:site_name\" content=\"Ledsolintel\" \/>\n<meta property=\"article:publisher\" content=\"http:\/\/www.facebook.com\/webmenaje\" \/>\n<meta property=\"article:modified_time\" content=\"2026-04-07T08:18:59+00:00\" \/>\n<meta property=\"og:image\" content=\"https:\/\/ledsolintel.com\/wp-content\/uploads\/2025\/11\/cable-paralelo-blanco-2x05mm.jpg\" \/>\n\t<meta property=\"og:image:width\" content=\"800\" \/>\n\t<meta property=\"og:image:height\" content=\"800\" \/>\n\t<meta property=\"og:image:type\" content=\"image\/jpeg\" \/>\n<meta name=\"twitter:card\" content=\"summary_large_image\" \/>\n<meta name=\"twitter:site\" content=\"@webmenaje\" \/>\n<meta name=\"twitter:label1\" content=\"Dur\u00e9e de lecture estim\u00e9e\" \/>\n\t<meta name=\"twitter:data1\" content=\"1 minute\" \/>\n<script type=\"application\/ld+json\" class=\"yoast-schema-graph\">{\"@context\":\"https:\/\/schema.org\",\"@graph\":[{\"@type\":\"WebPage\",\"@id\":\"https:\/\/ledsolintel.com\/product\/cable-paralelo-blanco-2x05mm\/\",\"url\":\"https:\/\/ledsolintel.com\/product\/cable-paralelo-blanco-2x05mm\/\",\"name\":\"Cable paralelo blanco 2x0,5mm - Ledsolintel\",\"isPartOf\":{\"@id\":\"https:\/\/ledsolintel.com\/#website\"},\"primaryImageOfPage\":{\"@id\":\"https:\/\/ledsolintel.com\/product\/cable-paralelo-blanco-2x05mm\/#primaryimage\"},\"image\":{\"@id\":\"https:\/\/ledsolintel.com\/product\/cable-paralelo-blanco-2x05mm\/#primaryimage\"},\"thumbnailUrl\":\"https:\/\/ledsolintel.com\/wp-content\/uploads\/2025\/11\/cable-paralelo-blanco-2x05mm.jpg\",\"datePublished\":\"2025-11-11T16:03:24+00:00\",\"dateModified\":\"2026-04-07T08:18:59+00:00\",\"breadcrumb\":{\"@id\":\"https:\/\/ledsolintel.com\/product\/cable-paralelo-blanco-2x05mm\/#breadcrumb\"},\"inLanguage\":\"fr-FR\",\"potentialAction\":[{\"@type\":\"ReadAction\",\"target\":[\"https:\/\/ledsolintel.com\/product\/cable-paralelo-blanco-2x05mm\/\"]}]},{\"@type\":\"ImageObject\",\"inLanguage\":\"fr-FR\",\"@id\":\"https:\/\/ledsolintel.com\/product\/cable-paralelo-blanco-2x05mm\/#primaryimage\",\"url\":\"https:\/\/ledsolintel.com\/wp-content\/uploads\/2025\/11\/cable-paralelo-blanco-2x05mm.jpg\",\"contentUrl\":\"https:\/\/ledsolintel.com\/wp-content\/uploads\/2025\/11\/cable-paralelo-blanco-2x05mm.jpg\",\"width\":800,\"height\":800},{\"@type\":\"BreadcrumbList\",\"@id\":\"https:\/\/ledsolintel.com\/product\/cable-paralelo-blanco-2x05mm\/#breadcrumb\",\"itemListElement\":[{\"@type\":\"ListItem\",\"position\":1,\"name\":\"Portada\",\"item\":\"https:\/\/ledsolintel.com\/fr\/\"},{\"@type\":\"ListItem\",\"position\":2,\"name\":\"Tienda\",\"item\":\"https:\/\/ledsolintel.com\/tienda\/\"},{\"@type\":\"ListItem\",\"position\":3,\"name\":\"Cable paralelo blanco 2&#215;0,5mm\"}]},{\"@type\":\"WebSite\",\"@id\":\"https:\/\/ledsolintel.com\/#website\",\"url\":\"https:\/\/ledsolintel.com\/\",\"name\":\"Webmenaje\",\"description\":\"Tienda de bombillas y l\u00e1mparas LED para profesionales\",\"publisher\":{\"@id\":\"https:\/\/ledsolintel.com\/#organization\"},\"potentialAction\":[{\"@type\":\"SearchAction\",\"target\":{\"@type\":\"EntryPoint\",\"urlTemplate\":\"https:\/\/ledsolintel.com\/?s={search_term_string}\"},\"query-input\":{\"@type\":\"PropertyValueSpecification\",\"valueRequired\":true,\"valueName\":\"search_term_string\"}}],\"inLanguage\":\"fr-FR\"},{\"@type\":\"Organization\",\"@id\":\"https:\/\/ledsolintel.com\/#organization\",\"name\":\"Solintel Noroeste, S.L.\",\"url\":\"https:\/\/ledsolintel.com\/\",\"logo\":{\"@type\":\"ImageObject\",\"inLanguage\":\"fr-FR\",\"@id\":\"https:\/\/ledsolintel.com\/#\/schema\/logo\/image\/\",\"url\":\"https:\/\/ledsolintel.com\/wp-content\/uploads\/2024\/11\/webmenaje-logo-1508269066.jpg\",\"contentUrl\":\"https:\/\/ledsolintel.com\/wp-content\/uploads\/2024\/11\/webmenaje-logo-1508269066.jpg\",\"width\":370,\"height\":90,\"caption\":\"Solintel Noroeste, S.L.\"},\"image\":{\"@id\":\"https:\/\/ledsolintel.com\/#\/schema\/logo\/image\/\"},\"sameAs\":[\"http:\/\/www.facebook.com\/webmenaje\",\"https:\/\/x.com\/webmenaje\",\"https:\/\/www.youtube.com\/channel\/UCX2KoVoeCG4LocZjUc6LmSQ\",\"http:\/\/www.pinterest.com\/webmenaje\"]}]}<\/script>\n<!-- \/ Yoast SEO plugin. -->","yoast_head_json":{"title":"C\u00e2ble parall\u00e8le blanc 2x0,5mm - Ledsolintel","robots":{"index":"index","follow":"follow","max-snippet":"max-snippet:-1","max-image-preview":"max-image-preview:large","max-video-preview":"max-video-preview:-1"},"canonical":"https:\/\/ledsolintel.com\/fr\/produit-2\/cable-parallele-blanc-2x05mm\/","og_locale":"fr_FR","og_type":"article","og_title":"Cable paralelo blanco 2x0,5mm - Ledsolintel","og_description":"Cable de dos hilos polarizado color blanco (2&#215;0.5mm\u00b2). Ideal para su uso en instalaciones en las que el cable queda visto (l\u00e1mparas colgantes, tiras LED, apliques, etc). Cumple con los criterios de clasificaci\u00f3n de productos de la construcci\u00f3n seg\u00fan Reglamento CPR 305\/2011 y la norma EN 50575. Este producto se vende por metro (1 producto &hellip; Continue reading Cable paralelo blanco 2&#215;0,5mm","og_url":"https:\/\/ledsolintel.com\/fr\/produit-2\/cable-parallele-blanc-2x05mm\/","og_site_name":"Ledsolintel","article_publisher":"http:\/\/www.facebook.com\/webmenaje","article_modified_time":"2026-04-07T08:18:59+00:00","og_image":[{"width":800,"height":800,"url":"https:\/\/ledsolintel.com\/wp-content\/uploads\/2025\/11\/cable-paralelo-blanco-2x05mm.jpg","type":"image\/jpeg"}],"twitter_card":"summary_large_image","twitter_site":"@webmenaje","twitter_misc":{"Dur\u00e9e de lecture estim\u00e9e":"1 minute"},"schema":{"@context":"https:\/\/schema.org","@graph":[{"@type":"WebPage","@id":"https:\/\/ledsolintel.com\/product\/cable-paralelo-blanco-2x05mm\/","url":"https:\/\/ledsolintel.com\/product\/cable-paralelo-blanco-2x05mm\/","name":"C\u00e2ble parall\u00e8le blanc 2x0,5mm - Ledsolintel","isPartOf":{"@id":"https:\/\/ledsolintel.com\/#website"},"primaryImageOfPage":{"@id":"https:\/\/ledsolintel.com\/product\/cable-paralelo-blanco-2x05mm\/#primaryimage"},"image":{"@id":"https:\/\/ledsolintel.com\/product\/cable-paralelo-blanco-2x05mm\/#primaryimage"},"thumbnailUrl":"https:\/\/ledsolintel.com\/wp-content\/uploads\/2025\/11\/cable-paralelo-blanco-2x05mm.jpg","datePublished":"2025-11-11T16:03:24+00:00","dateModified":"2026-04-07T08:18:59+00:00","breadcrumb":{"@id":"https:\/\/ledsolintel.com\/product\/cable-paralelo-blanco-2x05mm\/#breadcrumb"},"inLanguage":"fr-FR","potentialAction":[{"@type":"ReadAction","target":["https:\/\/ledsolintel.com\/product\/cable-paralelo-blanco-2x05mm\/"]}]},{"@type":"ImageObject","inLanguage":"fr-FR","@id":"https:\/\/ledsolintel.com\/product\/cable-paralelo-blanco-2x05mm\/#primaryimage","url":"https:\/\/ledsolintel.com\/wp-content\/uploads\/2025\/11\/cable-paralelo-blanco-2x05mm.jpg","contentUrl":"https:\/\/ledsolintel.com\/wp-content\/uploads\/2025\/11\/cable-paralelo-blanco-2x05mm.jpg","width":800,"height":800},{"@type":"BreadcrumbList","@id":"https:\/\/ledsolintel.com\/product\/cable-paralelo-blanco-2x05mm\/#breadcrumb","itemListElement":[{"@type":"ListItem","position":1,"name":"Portada","item":"https:\/\/ledsolintel.com\/fr\/"},{"@type":"ListItem","position":2,"name":"Tienda","item":"https:\/\/ledsolintel.com\/tienda\/"},{"@type":"ListItem","position":3,"name":"Cable paralelo blanco 2&#215;0,5mm"}]},{"@type":"WebSite","@id":"https:\/\/ledsolintel.com\/#website","url":"https:\/\/ledsolintel.com\/","name":"Webmenaje","description":"Magasin d'ampoules et de lampes LED pour les professionnels","publisher":{"@id":"https:\/\/ledsolintel.com\/#organization"},"potentialAction":[{"@type":"SearchAction","target":{"@type":"EntryPoint","urlTemplate":"https:\/\/ledsolintel.com\/?s={search_term_string}"},"query-input":{"@type":"PropertyValueSpecification","valueRequired":true,"valueName":"search_term_string"}}],"inLanguage":"fr-FR"},{"@type":"Organization","@id":"https:\/\/ledsolintel.com\/#organization","name":"Solintel Noroeste, S.L.","url":"https:\/\/ledsolintel.com\/","logo":{"@type":"ImageObject","inLanguage":"fr-FR","@id":"https:\/\/ledsolintel.com\/#\/schema\/logo\/image\/","url":"https:\/\/ledsolintel.com\/wp-content\/uploads\/2024\/11\/webmenaje-logo-1508269066.jpg","contentUrl":"https:\/\/ledsolintel.com\/wp-content\/uploads\/2024\/11\/webmenaje-logo-1508269066.jpg","width":370,"height":90,"caption":"Solintel Noroeste, S.L."},"image":{"@id":"https:\/\/ledsolintel.com\/#\/schema\/logo\/image\/"},"sameAs":["http:\/\/www.facebook.com\/webmenaje","https:\/\/x.com\/webmenaje","https:\/\/www.youtube.com\/channel\/UCX2KoVoeCG4LocZjUc6LmSQ","http:\/\/www.pinterest.com\/webmenaje"]}]}},"_links":{"self":[{"href":"https:\/\/ledsolintel.com\/fr\/wp-json\/wp\/v2\/product\/268679","targetHints":{"allow":["GET"]}}],"collection":[{"href":"https:\/\/ledsolintel.com\/fr\/wp-json\/wp\/v2\/product"}],"about":[{"href":"https:\/\/ledsolintel.com\/fr\/wp-json\/wp\/v2\/types\/product"}],"version-history":[{"count":1,"href":"https:\/\/ledsolintel.com\/fr\/wp-json\/wp\/v2\/product\/268679\/revisions"}],"predecessor-version":[{"id":268680,"href":"https:\/\/ledsolintel.com\/fr\/wp-json\/wp\/v2\/product\/268679\/revisions\/268680"}],"wp:featuredmedia":[{"embeddable":true,"href":"https:\/\/ledsolintel.com\/fr\/wp-json\/wp\/v2\/media\/263091"}],"wp:attachment":[{"href":"https:\/\/ledsolintel.com\/fr\/wp-json\/wp\/v2\/media?parent=268679"}],"wp:term":[{"taxonomy":"product_brand","embeddable":true,"href":"https:\/\/ledsolintel.com\/fr\/wp-json\/wp\/v2\/product_brand?post=268679"},{"taxonomy":"product_cat","embeddable":true,"href":"https:\/\/ledsolintel.com\/fr\/wp-json\/wp\/v2\/product_cat?post=268679"},{"taxonomy":"product_tag","embeddable":true,"href":"https:\/\/ledsolintel.com\/fr\/wp-json\/wp\/v2\/product_tag?post=268679"}],"curies":[{"name":"wp","href":"https:\/\/api.w.org\/{rel}","templated":true}]}}