{"id":268650,"date":"2025-11-11T17:02:50","date_gmt":"2025-11-11T16:02:50","guid":{"rendered":"https:\/\/nueva.ledsolintel.com\/product\/prensacables-m8x1-25\/"},"modified":"2025-12-17T12:50:57","modified_gmt":"2025-12-17T11:50:57","slug":"prensacables-m8x1-25","status":"publish","type":"product","link":"https:\/\/ledsolintel.com\/fr\/produit-2\/prensacables-m8x1-25\/","title":{"rendered":"Presse-\u00e9toupe M8x1,25"},"content":{"rendered":"<p>Prensaestopas con rosca M8 x 1.25 y con acabado en color negro. Apto para cables desde 1,5mm hasta 3,5mm de di\u00e1metro. Es un producto ideal para crear fijaciones estancas de cables que atraviesan una superficie, como por ejemplo en cajas de conexi\u00f3n, equipos de iluminaci\u00f3n, cuadros el\u00e9ctricos, etc. Con clasificaci\u00f3n de protecci\u00f3n IP68, este conector es resistente al agua y al polvo, lo que lo convierte en la opci\u00f3n perfecta para instalaciones el\u00e9ctricas exteriores o subterr\u00e1neas donde la humedad o el polvo son un factor cr\u00edtico, siendo adecuado para instalaciones industriales, comerciales y residenciales  Est\u00e1 dise\u00f1ada en pl\u00e1stico de alta resistencia con las medidas \u00d8 15 x 25mm.  Dispone de una garant\u00eda de 3 a\u00f1os. Cuenta tambi\u00e9n con el certificado CE, que acredita que se cumple con los requisitos de la UE respecto a compatibilidad electromagn\u00e9tica y normativa de baja tensi\u00f3n. Con este certificado se declara la conformidad de dicho producto con todos los requisitos legales exigidos, y asegura la validez del producto para ser vendido en todo el Espacio Econ\u00f3mico Europeo.<\/p>","protected":false},"excerpt":{"rendered":"<p>Prensaestopas con rosca M8 x 1.25 y con acabado en color negro. Apto para cables desde 1,5mm hasta 3,5mm de di\u00e1metro. Es un producto ideal para crear fijaciones estancas de cables que atraviesan una superficie, como por ejemplo en cajas de conexi\u00f3n, equipos de iluminaci\u00f3n, cuadros el\u00e9ctricos, etc. Con clasificaci\u00f3n de protecci\u00f3n IP68, este conector &hellip; <a href=\"https:\/\/ledsolintel.com\/fr\/produit-2\/prensacables-m8x1-25\/\" class=\"more-link\">Continue reading <span class=\"screen-reader-text\">Presse-\u00e9toupe M8x1,25<\/span><\/a><\/p>","protected":false},"featured_media":263029,"template":"","meta":[],"product_brand":[101370],"product_cat":[15,101371],"product_tag":[],"class_list":{"0":"post-268650","1":"product","2":"type-product","3":"status-publish","4":"has-post-thumbnail","6":"product_brand-masterled","7":"product_cat-uncategorized","8":"product_cat-masterled","9":"pa_color-negro","12":"instock","13":"purchasable","14":"product-type-simple"},"yoast_head":"<!-- This site is optimized with the Yoast SEO plugin v26.6 - https:\/\/yoast.com\/wordpress\/plugins\/seo\/ -->\n<title>Prensacables M8x1.25 - Ledsolintel<\/title>\n<meta name=\"robots\" content=\"index, follow, max-snippet:-1, max-image-preview:large, max-video-preview:-1\" \/>\n<link rel=\"canonical\" href=\"https:\/\/ledsolintel.com\/fr\/produit-2\/prensacables-m8x1-25\/\" \/>\n<meta property=\"og:locale\" content=\"fr_FR\" \/>\n<meta property=\"og:type\" content=\"article\" \/>\n<meta property=\"og:title\" content=\"Prensacables M8x1.25 - Ledsolintel\" \/>\n<meta property=\"og:description\" content=\"Prensaestopas con rosca M8 x 1.25 y con acabado en color negro. Apto para cables desde 1,5mm hasta 3,5mm de di\u00e1metro. Es un producto ideal para crear fijaciones estancas de cables que atraviesan una superficie, como por ejemplo en cajas de conexi\u00f3n, equipos de iluminaci\u00f3n, cuadros el\u00e9ctricos, etc. Con clasificaci\u00f3n de protecci\u00f3n IP68, este conector &hellip; Continue reading Prensacables M8x1.25\" \/>\n<meta property=\"og:url\" content=\"https:\/\/ledsolintel.com\/fr\/produit-2\/prensacables-m8x1-25\/\" \/>\n<meta property=\"og:site_name\" content=\"Ledsolintel\" \/>\n<meta property=\"article:publisher\" content=\"http:\/\/www.facebook.com\/webmenaje\" \/>\n<meta property=\"article:modified_time\" content=\"2025-12-17T11:50:57+00:00\" \/>\n<meta property=\"og:image\" content=\"https:\/\/ledsolintel.com\/wp-content\/uploads\/2025\/11\/prensacables-m8x125.jpg\" \/>\n\t<meta property=\"og:image:width\" content=\"800\" \/>\n\t<meta property=\"og:image:height\" content=\"800\" \/>\n\t<meta property=\"og:image:type\" content=\"image\/jpeg\" \/>\n<meta name=\"twitter:card\" content=\"summary_large_image\" \/>\n<meta name=\"twitter:site\" content=\"@webmenaje\" \/>\n<meta name=\"twitter:label1\" content=\"Dur\u00e9e de lecture estim\u00e9e\" \/>\n\t<meta name=\"twitter:data1\" content=\"1 minute\" \/>\n<script type=\"application\/ld+json\" class=\"yoast-schema-graph\">{\"@context\":\"https:\/\/schema.org\",\"@graph\":[{\"@type\":\"WebPage\",\"@id\":\"https:\/\/ledsolintel.com\/product\/prensacables-m8x1-25\/\",\"url\":\"https:\/\/ledsolintel.com\/product\/prensacables-m8x1-25\/\",\"name\":\"Prensacables M8x1.25 - Ledsolintel\",\"isPartOf\":{\"@id\":\"https:\/\/ledsolintel.com\/#website\"},\"primaryImageOfPage\":{\"@id\":\"https:\/\/ledsolintel.com\/product\/prensacables-m8x1-25\/#primaryimage\"},\"image\":{\"@id\":\"https:\/\/ledsolintel.com\/product\/prensacables-m8x1-25\/#primaryimage\"},\"thumbnailUrl\":\"https:\/\/ledsolintel.com\/wp-content\/uploads\/2025\/11\/prensacables-m8x125.jpg\",\"datePublished\":\"2025-11-11T16:02:50+00:00\",\"dateModified\":\"2025-12-17T11:50:57+00:00\",\"breadcrumb\":{\"@id\":\"https:\/\/ledsolintel.com\/product\/prensacables-m8x1-25\/#breadcrumb\"},\"inLanguage\":\"fr-FR\",\"potentialAction\":[{\"@type\":\"ReadAction\",\"target\":[\"https:\/\/ledsolintel.com\/product\/prensacables-m8x1-25\/\"]}]},{\"@type\":\"ImageObject\",\"inLanguage\":\"fr-FR\",\"@id\":\"https:\/\/ledsolintel.com\/product\/prensacables-m8x1-25\/#primaryimage\",\"url\":\"https:\/\/ledsolintel.com\/wp-content\/uploads\/2025\/11\/prensacables-m8x125.jpg\",\"contentUrl\":\"https:\/\/ledsolintel.com\/wp-content\/uploads\/2025\/11\/prensacables-m8x125.jpg\",\"width\":800,\"height\":800},{\"@type\":\"BreadcrumbList\",\"@id\":\"https:\/\/ledsolintel.com\/product\/prensacables-m8x1-25\/#breadcrumb\",\"itemListElement\":[{\"@type\":\"ListItem\",\"position\":1,\"name\":\"Portada\",\"item\":\"https:\/\/ledsolintel.com\/fr\/\"},{\"@type\":\"ListItem\",\"position\":2,\"name\":\"Tienda\",\"item\":\"https:\/\/ledsolintel.com\/tienda\/\"},{\"@type\":\"ListItem\",\"position\":3,\"name\":\"Prensacables M8x1.25\"}]},{\"@type\":\"WebSite\",\"@id\":\"https:\/\/ledsolintel.com\/#website\",\"url\":\"https:\/\/ledsolintel.com\/\",\"name\":\"Webmenaje\",\"description\":\"Tienda de bombillas y l\u00e1mparas LED para profesionales\",\"publisher\":{\"@id\":\"https:\/\/ledsolintel.com\/#organization\"},\"potentialAction\":[{\"@type\":\"SearchAction\",\"target\":{\"@type\":\"EntryPoint\",\"urlTemplate\":\"https:\/\/ledsolintel.com\/?s={search_term_string}\"},\"query-input\":{\"@type\":\"PropertyValueSpecification\",\"valueRequired\":true,\"valueName\":\"search_term_string\"}}],\"inLanguage\":\"fr-FR\"},{\"@type\":\"Organization\",\"@id\":\"https:\/\/ledsolintel.com\/#organization\",\"name\":\"Solintel Noroeste, S.L.\",\"url\":\"https:\/\/ledsolintel.com\/\",\"logo\":{\"@type\":\"ImageObject\",\"inLanguage\":\"fr-FR\",\"@id\":\"https:\/\/ledsolintel.com\/#\/schema\/logo\/image\/\",\"url\":\"https:\/\/ledsolintel.com\/wp-content\/uploads\/2024\/11\/webmenaje-logo-1508269066.jpg\",\"contentUrl\":\"https:\/\/ledsolintel.com\/wp-content\/uploads\/2024\/11\/webmenaje-logo-1508269066.jpg\",\"width\":370,\"height\":90,\"caption\":\"Solintel Noroeste, S.L.\"},\"image\":{\"@id\":\"https:\/\/ledsolintel.com\/#\/schema\/logo\/image\/\"},\"sameAs\":[\"http:\/\/www.facebook.com\/webmenaje\",\"https:\/\/x.com\/webmenaje\",\"https:\/\/www.youtube.com\/channel\/UCX2KoVoeCG4LocZjUc6LmSQ\",\"http:\/\/www.pinterest.com\/webmenaje\"]}]}<\/script>\n<!-- \/ Yoast SEO plugin. -->","yoast_head_json":{"title":"Prensacables M8x1.25 - Ledsolintel","robots":{"index":"index","follow":"follow","max-snippet":"max-snippet:-1","max-image-preview":"max-image-preview:large","max-video-preview":"max-video-preview:-1"},"canonical":"https:\/\/ledsolintel.com\/fr\/produit-2\/prensacables-m8x1-25\/","og_locale":"fr_FR","og_type":"article","og_title":"Prensacables M8x1.25 - Ledsolintel","og_description":"Prensaestopas con rosca M8 x 1.25 y con acabado en color negro. Apto para cables desde 1,5mm hasta 3,5mm de di\u00e1metro. Es un producto ideal para crear fijaciones estancas de cables que atraviesan una superficie, como por ejemplo en cajas de conexi\u00f3n, equipos de iluminaci\u00f3n, cuadros el\u00e9ctricos, etc. Con clasificaci\u00f3n de protecci\u00f3n IP68, este conector &hellip; Continue reading Prensacables M8x1.25","og_url":"https:\/\/ledsolintel.com\/fr\/produit-2\/prensacables-m8x1-25\/","og_site_name":"Ledsolintel","article_publisher":"http:\/\/www.facebook.com\/webmenaje","article_modified_time":"2025-12-17T11:50:57+00:00","og_image":[{"width":800,"height":800,"url":"https:\/\/ledsolintel.com\/wp-content\/uploads\/2025\/11\/prensacables-m8x125.jpg","type":"image\/jpeg"}],"twitter_card":"summary_large_image","twitter_site":"@webmenaje","twitter_misc":{"Dur\u00e9e de lecture estim\u00e9e":"1 minute"},"schema":{"@context":"https:\/\/schema.org","@graph":[{"@type":"WebPage","@id":"https:\/\/ledsolintel.com\/product\/prensacables-m8x1-25\/","url":"https:\/\/ledsolintel.com\/product\/prensacables-m8x1-25\/","name":"Prensacables M8x1.25 - Ledsolintel","isPartOf":{"@id":"https:\/\/ledsolintel.com\/#website"},"primaryImageOfPage":{"@id":"https:\/\/ledsolintel.com\/product\/prensacables-m8x1-25\/#primaryimage"},"image":{"@id":"https:\/\/ledsolintel.com\/product\/prensacables-m8x1-25\/#primaryimage"},"thumbnailUrl":"https:\/\/ledsolintel.com\/wp-content\/uploads\/2025\/11\/prensacables-m8x125.jpg","datePublished":"2025-11-11T16:02:50+00:00","dateModified":"2025-12-17T11:50:57+00:00","breadcrumb":{"@id":"https:\/\/ledsolintel.com\/product\/prensacables-m8x1-25\/#breadcrumb"},"inLanguage":"fr-FR","potentialAction":[{"@type":"ReadAction","target":["https:\/\/ledsolintel.com\/product\/prensacables-m8x1-25\/"]}]},{"@type":"ImageObject","inLanguage":"fr-FR","@id":"https:\/\/ledsolintel.com\/product\/prensacables-m8x1-25\/#primaryimage","url":"https:\/\/ledsolintel.com\/wp-content\/uploads\/2025\/11\/prensacables-m8x125.jpg","contentUrl":"https:\/\/ledsolintel.com\/wp-content\/uploads\/2025\/11\/prensacables-m8x125.jpg","width":800,"height":800},{"@type":"BreadcrumbList","@id":"https:\/\/ledsolintel.com\/product\/prensacables-m8x1-25\/#breadcrumb","itemListElement":[{"@type":"ListItem","position":1,"name":"Portada","item":"https:\/\/ledsolintel.com\/fr\/"},{"@type":"ListItem","position":2,"name":"Tienda","item":"https:\/\/ledsolintel.com\/tienda\/"},{"@type":"ListItem","position":3,"name":"Prensacables M8x1.25"}]},{"@type":"WebSite","@id":"https:\/\/ledsolintel.com\/#website","url":"https:\/\/ledsolintel.com\/","name":"Webmenaje","description":"Magasin d'ampoules et de lampes LED pour les professionnels","publisher":{"@id":"https:\/\/ledsolintel.com\/#organization"},"potentialAction":[{"@type":"SearchAction","target":{"@type":"EntryPoint","urlTemplate":"https:\/\/ledsolintel.com\/?s={search_term_string}"},"query-input":{"@type":"PropertyValueSpecification","valueRequired":true,"valueName":"search_term_string"}}],"inLanguage":"fr-FR"},{"@type":"Organization","@id":"https:\/\/ledsolintel.com\/#organization","name":"Solintel Noroeste, S.L.","url":"https:\/\/ledsolintel.com\/","logo":{"@type":"ImageObject","inLanguage":"fr-FR","@id":"https:\/\/ledsolintel.com\/#\/schema\/logo\/image\/","url":"https:\/\/ledsolintel.com\/wp-content\/uploads\/2024\/11\/webmenaje-logo-1508269066.jpg","contentUrl":"https:\/\/ledsolintel.com\/wp-content\/uploads\/2024\/11\/webmenaje-logo-1508269066.jpg","width":370,"height":90,"caption":"Solintel Noroeste, S.L."},"image":{"@id":"https:\/\/ledsolintel.com\/#\/schema\/logo\/image\/"},"sameAs":["http:\/\/www.facebook.com\/webmenaje","https:\/\/x.com\/webmenaje","https:\/\/www.youtube.com\/channel\/UCX2KoVoeCG4LocZjUc6LmSQ","http:\/\/www.pinterest.com\/webmenaje"]}]}},"_links":{"self":[{"href":"https:\/\/ledsolintel.com\/fr\/wp-json\/wp\/v2\/product\/268650","targetHints":{"allow":["GET"]}}],"collection":[{"href":"https:\/\/ledsolintel.com\/fr\/wp-json\/wp\/v2\/product"}],"about":[{"href":"https:\/\/ledsolintel.com\/fr\/wp-json\/wp\/v2\/types\/product"}],"version-history":[{"count":1,"href":"https:\/\/ledsolintel.com\/fr\/wp-json\/wp\/v2\/product\/268650\/revisions"}],"predecessor-version":[{"id":268651,"href":"https:\/\/ledsolintel.com\/fr\/wp-json\/wp\/v2\/product\/268650\/revisions\/268651"}],"wp:featuredmedia":[{"embeddable":true,"href":"https:\/\/ledsolintel.com\/fr\/wp-json\/wp\/v2\/media\/263029"}],"wp:attachment":[{"href":"https:\/\/ledsolintel.com\/fr\/wp-json\/wp\/v2\/media?parent=268650"}],"wp:term":[{"taxonomy":"product_brand","embeddable":true,"href":"https:\/\/ledsolintel.com\/fr\/wp-json\/wp\/v2\/product_brand?post=268650"},{"taxonomy":"product_cat","embeddable":true,"href":"https:\/\/ledsolintel.com\/fr\/wp-json\/wp\/v2\/product_cat?post=268650"},{"taxonomy":"product_tag","embeddable":true,"href":"https:\/\/ledsolintel.com\/fr\/wp-json\/wp\/v2\/product_tag?post=268650"}],"curies":[{"name":"wp","href":"https:\/\/api.w.org\/{rel}","templated":true}]}}