{"id":268626,"date":"2025-11-11T17:02:28","date_gmt":"2025-11-11T16:02:28","guid":{"rendered":"https:\/\/nueva.ledsolintel.com\/product\/luz-led-9w-perfilador-huecos-y-ventanas\/"},"modified":"2026-04-07T10:19:00","modified_gmt":"2026-04-07T08:19:00","slug":"lumiere-led-9w-lumiere-de-profilage-pour-les-interstices-et-les-fenetres","status":"publish","type":"product","link":"https:\/\/ledsolintel.com\/fr\/produit-2\/lumiere-led-9w-lumiere-de-profilage-pour-les-interstices-et-les-fenetres\/","title":{"rendered":"Eclairage LED 9W pour les profileurs de fen\u00eatres et d'embrasures"},"content":{"rendered":"<p>Spot LED id\u00e9al pour mettre en valeur les encadrements de fen\u00eatres, les portes, les couloirs, etc. Adapt\u00e9 aux installations int\u00e9rieures et ext\u00e9rieures, son corps en aluminium moul\u00e9 sous pression et sa puce COB haute performance lui conf\u00e8rent une grande r\u00e9sistance et une longue dur\u00e9e de vie.  Installation en surface, avec une t\u00eate rotative qui peut \u00eatre orient\u00e9e dans la direction souhait\u00e9e.Mod\u00e8le de couleur blanche.<\/p>","protected":false},"excerpt":{"rendered":"<p>Punto de luz LED ideal para resaltar marcos de ventanas, puertas, pasillos, etc.Apto para su instalaci\u00f3n tanto en interior como en exterior.Su cuerpo de fundici\u00f3n de aluminio a alta presi\u00f3n y su chip COB de altas prestaciones le confieren una alta resistencia y durabilidad. Instalaci\u00f3n en superficie, con cabeza rotatoria orientable en la direcci\u00f3n deseada.Modelo &hellip; <a href=\"https:\/\/ledsolintel.com\/fr\/produit-2\/lumiere-led-9w-lumiere-de-profilage-pour-les-interstices-et-les-fenetres\/\" class=\"more-link\">Continue reading <span class=\"screen-reader-text\">Eclairage LED 9W pour les profileurs de fen\u00eatres et d'embrasures<\/span><\/a><\/p>","protected":false},"featured_media":262981,"template":"","meta":[],"product_brand":[101370],"product_cat":[15,101371],"product_tag":[],"class_list":{"0":"post-268626","1":"product","2":"type-product","3":"status-publish","4":"has-post-thumbnail","6":"product_brand-masterled","7":"product_cat-uncategorized","8":"product_cat-masterled","9":"pa_temperatura-color-luz-calida","12":"instock","13":"taxable","14":"shipping-taxable","15":"purchasable","16":"product-type-simple"},"yoast_head":"<!-- This site is optimized with the Yoast SEO plugin v26.6 - https:\/\/yoast.com\/wordpress\/plugins\/seo\/ -->\n<title>Luz LED 9W perfilador huecos y ventanas - Ledsolintel<\/title>\n<meta name=\"robots\" content=\"index, follow, max-snippet:-1, max-image-preview:large, max-video-preview:-1\" \/>\n<link rel=\"canonical\" href=\"https:\/\/ledsolintel.com\/fr\/produit-2\/lumiere-led-9w-lumiere-de-profilage-pour-les-interstices-et-les-fenetres\/\" \/>\n<meta property=\"og:locale\" content=\"fr_FR\" \/>\n<meta property=\"og:type\" content=\"article\" \/>\n<meta property=\"og:title\" content=\"Luz LED 9W perfilador huecos y ventanas - Ledsolintel\" \/>\n<meta property=\"og:description\" content=\"Punto de luz LED ideal para resaltar marcos de ventanas, puertas, pasillos, etc.Apto para su instalaci\u00f3n tanto en interior como en exterior.Su cuerpo de fundici\u00f3n de aluminio a alta presi\u00f3n y su chip COB de altas prestaciones le confieren una alta resistencia y durabilidad. Instalaci\u00f3n en superficie, con cabeza rotatoria orientable en la direcci\u00f3n deseada.Modelo &hellip; Continue reading Luz LED 9W perfilador huecos y ventanas\" \/>\n<meta property=\"og:url\" content=\"https:\/\/ledsolintel.com\/fr\/produit-2\/lumiere-led-9w-lumiere-de-profilage-pour-les-interstices-et-les-fenetres\/\" \/>\n<meta property=\"og:site_name\" content=\"Ledsolintel\" \/>\n<meta property=\"article:publisher\" content=\"http:\/\/www.facebook.com\/webmenaje\" \/>\n<meta property=\"article:modified_time\" content=\"2026-04-07T08:19:00+00:00\" \/>\n<meta property=\"og:image\" content=\"https:\/\/ledsolintel.com\/wp-content\/uploads\/2025\/11\/luz-led-9w-perfilador-huecos-y-ventanas.jpg\" \/>\n\t<meta property=\"og:image:width\" content=\"1500\" \/>\n\t<meta property=\"og:image:height\" content=\"1500\" \/>\n\t<meta property=\"og:image:type\" content=\"image\/jpeg\" \/>\n<meta name=\"twitter:card\" content=\"summary_large_image\" \/>\n<meta name=\"twitter:site\" content=\"@webmenaje\" \/>\n<script type=\"application\/ld+json\" class=\"yoast-schema-graph\">{\"@context\":\"https:\/\/schema.org\",\"@graph\":[{\"@type\":\"WebPage\",\"@id\":\"https:\/\/ledsolintel.com\/product\/luz-led-9w-perfilador-huecos-y-ventanas\/\",\"url\":\"https:\/\/ledsolintel.com\/product\/luz-led-9w-perfilador-huecos-y-ventanas\/\",\"name\":\"Luz LED 9W perfilador huecos y ventanas - Ledsolintel\",\"isPartOf\":{\"@id\":\"https:\/\/ledsolintel.com\/#website\"},\"primaryImageOfPage\":{\"@id\":\"https:\/\/ledsolintel.com\/product\/luz-led-9w-perfilador-huecos-y-ventanas\/#primaryimage\"},\"image\":{\"@id\":\"https:\/\/ledsolintel.com\/product\/luz-led-9w-perfilador-huecos-y-ventanas\/#primaryimage\"},\"thumbnailUrl\":\"https:\/\/ledsolintel.com\/wp-content\/uploads\/2025\/11\/luz-led-9w-perfilador-huecos-y-ventanas.jpg\",\"datePublished\":\"2025-11-11T16:02:28+00:00\",\"dateModified\":\"2026-04-07T08:19:00+00:00\",\"breadcrumb\":{\"@id\":\"https:\/\/ledsolintel.com\/product\/luz-led-9w-perfilador-huecos-y-ventanas\/#breadcrumb\"},\"inLanguage\":\"fr-FR\",\"potentialAction\":[{\"@type\":\"ReadAction\",\"target\":[\"https:\/\/ledsolintel.com\/product\/luz-led-9w-perfilador-huecos-y-ventanas\/\"]}]},{\"@type\":\"ImageObject\",\"inLanguage\":\"fr-FR\",\"@id\":\"https:\/\/ledsolintel.com\/product\/luz-led-9w-perfilador-huecos-y-ventanas\/#primaryimage\",\"url\":\"https:\/\/ledsolintel.com\/wp-content\/uploads\/2025\/11\/luz-led-9w-perfilador-huecos-y-ventanas.jpg\",\"contentUrl\":\"https:\/\/ledsolintel.com\/wp-content\/uploads\/2025\/11\/luz-led-9w-perfilador-huecos-y-ventanas.jpg\",\"width\":1500,\"height\":1500},{\"@type\":\"BreadcrumbList\",\"@id\":\"https:\/\/ledsolintel.com\/product\/luz-led-9w-perfilador-huecos-y-ventanas\/#breadcrumb\",\"itemListElement\":[{\"@type\":\"ListItem\",\"position\":1,\"name\":\"Portada\",\"item\":\"https:\/\/ledsolintel.com\/fr\/\"},{\"@type\":\"ListItem\",\"position\":2,\"name\":\"Tienda\",\"item\":\"https:\/\/ledsolintel.com\/tienda\/\"},{\"@type\":\"ListItem\",\"position\":3,\"name\":\"Luz LED 9W perfilador huecos y ventanas\"}]},{\"@type\":\"WebSite\",\"@id\":\"https:\/\/ledsolintel.com\/#website\",\"url\":\"https:\/\/ledsolintel.com\/\",\"name\":\"Webmenaje\",\"description\":\"Tienda de bombillas y l\u00e1mparas LED para profesionales\",\"publisher\":{\"@id\":\"https:\/\/ledsolintel.com\/#organization\"},\"potentialAction\":[{\"@type\":\"SearchAction\",\"target\":{\"@type\":\"EntryPoint\",\"urlTemplate\":\"https:\/\/ledsolintel.com\/?s={search_term_string}\"},\"query-input\":{\"@type\":\"PropertyValueSpecification\",\"valueRequired\":true,\"valueName\":\"search_term_string\"}}],\"inLanguage\":\"fr-FR\"},{\"@type\":\"Organization\",\"@id\":\"https:\/\/ledsolintel.com\/#organization\",\"name\":\"Solintel Noroeste, S.L.\",\"url\":\"https:\/\/ledsolintel.com\/\",\"logo\":{\"@type\":\"ImageObject\",\"inLanguage\":\"fr-FR\",\"@id\":\"https:\/\/ledsolintel.com\/#\/schema\/logo\/image\/\",\"url\":\"https:\/\/ledsolintel.com\/wp-content\/uploads\/2024\/11\/webmenaje-logo-1508269066.jpg\",\"contentUrl\":\"https:\/\/ledsolintel.com\/wp-content\/uploads\/2024\/11\/webmenaje-logo-1508269066.jpg\",\"width\":370,\"height\":90,\"caption\":\"Solintel Noroeste, S.L.\"},\"image\":{\"@id\":\"https:\/\/ledsolintel.com\/#\/schema\/logo\/image\/\"},\"sameAs\":[\"http:\/\/www.facebook.com\/webmenaje\",\"https:\/\/x.com\/webmenaje\",\"https:\/\/www.youtube.com\/channel\/UCX2KoVoeCG4LocZjUc6LmSQ\",\"http:\/\/www.pinterest.com\/webmenaje\"]}]}<\/script>\n<!-- \/ Yoast SEO plugin. -->","yoast_head_json":{"title":"Eclairage LED 9W pour fen\u00eatres et encastrements - Ledsolintel","robots":{"index":"index","follow":"follow","max-snippet":"max-snippet:-1","max-image-preview":"max-image-preview:large","max-video-preview":"max-video-preview:-1"},"canonical":"https:\/\/ledsolintel.com\/fr\/produit-2\/lumiere-led-9w-lumiere-de-profilage-pour-les-interstices-et-les-fenetres\/","og_locale":"fr_FR","og_type":"article","og_title":"Luz LED 9W perfilador huecos y ventanas - Ledsolintel","og_description":"Punto de luz LED ideal para resaltar marcos de ventanas, puertas, pasillos, etc.Apto para su instalaci\u00f3n tanto en interior como en exterior.Su cuerpo de fundici\u00f3n de aluminio a alta presi\u00f3n y su chip COB de altas prestaciones le confieren una alta resistencia y durabilidad. Instalaci\u00f3n en superficie, con cabeza rotatoria orientable en la direcci\u00f3n deseada.Modelo &hellip; Continue reading Luz LED 9W perfilador huecos y ventanas","og_url":"https:\/\/ledsolintel.com\/fr\/produit-2\/lumiere-led-9w-lumiere-de-profilage-pour-les-interstices-et-les-fenetres\/","og_site_name":"Ledsolintel","article_publisher":"http:\/\/www.facebook.com\/webmenaje","article_modified_time":"2026-04-07T08:19:00+00:00","og_image":[{"width":1500,"height":1500,"url":"https:\/\/ledsolintel.com\/wp-content\/uploads\/2025\/11\/luz-led-9w-perfilador-huecos-y-ventanas.jpg","type":"image\/jpeg"}],"twitter_card":"summary_large_image","twitter_site":"@webmenaje","schema":{"@context":"https:\/\/schema.org","@graph":[{"@type":"WebPage","@id":"https:\/\/ledsolintel.com\/product\/luz-led-9w-perfilador-huecos-y-ventanas\/","url":"https:\/\/ledsolintel.com\/product\/luz-led-9w-perfilador-huecos-y-ventanas\/","name":"Eclairage LED 9W pour fen\u00eatres et encastrements - Ledsolintel","isPartOf":{"@id":"https:\/\/ledsolintel.com\/#website"},"primaryImageOfPage":{"@id":"https:\/\/ledsolintel.com\/product\/luz-led-9w-perfilador-huecos-y-ventanas\/#primaryimage"},"image":{"@id":"https:\/\/ledsolintel.com\/product\/luz-led-9w-perfilador-huecos-y-ventanas\/#primaryimage"},"thumbnailUrl":"https:\/\/ledsolintel.com\/wp-content\/uploads\/2025\/11\/luz-led-9w-perfilador-huecos-y-ventanas.jpg","datePublished":"2025-11-11T16:02:28+00:00","dateModified":"2026-04-07T08:19:00+00:00","breadcrumb":{"@id":"https:\/\/ledsolintel.com\/product\/luz-led-9w-perfilador-huecos-y-ventanas\/#breadcrumb"},"inLanguage":"fr-FR","potentialAction":[{"@type":"ReadAction","target":["https:\/\/ledsolintel.com\/product\/luz-led-9w-perfilador-huecos-y-ventanas\/"]}]},{"@type":"ImageObject","inLanguage":"fr-FR","@id":"https:\/\/ledsolintel.com\/product\/luz-led-9w-perfilador-huecos-y-ventanas\/#primaryimage","url":"https:\/\/ledsolintel.com\/wp-content\/uploads\/2025\/11\/luz-led-9w-perfilador-huecos-y-ventanas.jpg","contentUrl":"https:\/\/ledsolintel.com\/wp-content\/uploads\/2025\/11\/luz-led-9w-perfilador-huecos-y-ventanas.jpg","width":1500,"height":1500},{"@type":"BreadcrumbList","@id":"https:\/\/ledsolintel.com\/product\/luz-led-9w-perfilador-huecos-y-ventanas\/#breadcrumb","itemListElement":[{"@type":"ListItem","position":1,"name":"Portada","item":"https:\/\/ledsolintel.com\/fr\/"},{"@type":"ListItem","position":2,"name":"Tienda","item":"https:\/\/ledsolintel.com\/tienda\/"},{"@type":"ListItem","position":3,"name":"Luz LED 9W perfilador huecos y ventanas"}]},{"@type":"WebSite","@id":"https:\/\/ledsolintel.com\/#website","url":"https:\/\/ledsolintel.com\/","name":"Webmenaje","description":"Magasin d'ampoules et de lampes LED pour les professionnels","publisher":{"@id":"https:\/\/ledsolintel.com\/#organization"},"potentialAction":[{"@type":"SearchAction","target":{"@type":"EntryPoint","urlTemplate":"https:\/\/ledsolintel.com\/?s={search_term_string}"},"query-input":{"@type":"PropertyValueSpecification","valueRequired":true,"valueName":"search_term_string"}}],"inLanguage":"fr-FR"},{"@type":"Organization","@id":"https:\/\/ledsolintel.com\/#organization","name":"Solintel Noroeste, S.L.","url":"https:\/\/ledsolintel.com\/","logo":{"@type":"ImageObject","inLanguage":"fr-FR","@id":"https:\/\/ledsolintel.com\/#\/schema\/logo\/image\/","url":"https:\/\/ledsolintel.com\/wp-content\/uploads\/2024\/11\/webmenaje-logo-1508269066.jpg","contentUrl":"https:\/\/ledsolintel.com\/wp-content\/uploads\/2024\/11\/webmenaje-logo-1508269066.jpg","width":370,"height":90,"caption":"Solintel Noroeste, S.L."},"image":{"@id":"https:\/\/ledsolintel.com\/#\/schema\/logo\/image\/"},"sameAs":["http:\/\/www.facebook.com\/webmenaje","https:\/\/x.com\/webmenaje","https:\/\/www.youtube.com\/channel\/UCX2KoVoeCG4LocZjUc6LmSQ","http:\/\/www.pinterest.com\/webmenaje"]}]}},"_links":{"self":[{"href":"https:\/\/ledsolintel.com\/fr\/wp-json\/wp\/v2\/product\/268626","targetHints":{"allow":["GET"]}}],"collection":[{"href":"https:\/\/ledsolintel.com\/fr\/wp-json\/wp\/v2\/product"}],"about":[{"href":"https:\/\/ledsolintel.com\/fr\/wp-json\/wp\/v2\/types\/product"}],"version-history":[{"count":1,"href":"https:\/\/ledsolintel.com\/fr\/wp-json\/wp\/v2\/product\/268626\/revisions"}],"predecessor-version":[{"id":268627,"href":"https:\/\/ledsolintel.com\/fr\/wp-json\/wp\/v2\/product\/268626\/revisions\/268627"}],"wp:featuredmedia":[{"embeddable":true,"href":"https:\/\/ledsolintel.com\/fr\/wp-json\/wp\/v2\/media\/262981"}],"wp:attachment":[{"href":"https:\/\/ledsolintel.com\/fr\/wp-json\/wp\/v2\/media?parent=268626"}],"wp:term":[{"taxonomy":"product_brand","embeddable":true,"href":"https:\/\/ledsolintel.com\/fr\/wp-json\/wp\/v2\/product_brand?post=268626"},{"taxonomy":"product_cat","embeddable":true,"href":"https:\/\/ledsolintel.com\/fr\/wp-json\/wp\/v2\/product_cat?post=268626"},{"taxonomy":"product_tag","embeddable":true,"href":"https:\/\/ledsolintel.com\/fr\/wp-json\/wp\/v2\/product_tag?post=268626"}],"curies":[{"name":"wp","href":"https:\/\/api.w.org\/{rel}","templated":true}]}}