{"id":268594,"date":"2025-11-11T17:01:53","date_gmt":"2025-11-11T16:01:53","guid":{"rendered":"https:\/\/nueva.ledsolintel.com\/product\/interruptor-doble-sencillo-10a\/"},"modified":"2026-04-07T10:19:00","modified_gmt":"2026-04-07T08:19:00","slug":"interruptor-doble-sencillo-10a","status":"publish","type":"product","link":"https:\/\/ledsolintel.com\/fr\/produit-2\/interruptor-doble-sencillo-10a\/","title":{"rendered":"Disjoncteur simple double 10A"},"content":{"rendered":"<p>Interruptor doble sencillo de un elemento empotrable, disponible en dos colores: blanco y negro.   Apto para ser utilizado con iluminaci\u00f3n LED, sin provocar parpadeos molestos en las bombillas. Su placa de policarbonato incluye testigos fosforescentes que permiten localizar el interruptor f\u00e1cilmente en la oscuridad. Combinando este interruptor con nuestros marcos de cristal, se puede obtener una decoraci\u00f3n moderna y minimalista en cualquier estancia.  Compatible con cajas de mecanismos universales y los marcos de la serie cristal. Mecanismo no compatible con los marcos de la serie PC.  Carga m\u00e1xima soportada: 10A  Est\u00e1 dise\u00f1ado en policarbonato con las medidas 50 x 50 x 30 mm. Soporta un voltaje de entrada de 100-240V y una frecuencia de servicio de 50\/60 Hz.  Debido a su grado de protecci\u00f3n IP20 es ideal para instalar en zonas interiores (protecci\u00f3n contra part\u00edculas s\u00f3lidas de tama\u00f1o superior a 12mm y no es resistente al agua).\u00a0  Dispone de una garant\u00eda de 3 a\u00f1os. Cuenta tambi\u00e9n con el certificado CE, que acredita que se cumple con los requisitos de la UE respecto a compatibilidad electromagn\u00e9tica y normativa de baja tensi\u00f3n. Con este certificado se declara la conformidad de dicho producto con todos los requisitos legales exigidos, y asegura la validez del producto para ser vendido en todo el Espacio Econ\u00f3mico Europeo.<\/p>","protected":false},"excerpt":{"rendered":"<p>Interruptor doble sencillo de un elemento empotrable, disponible en dos colores: blanco y negro. Apto para ser utilizado con iluminaci\u00f3n LED, sin provocar parpadeos molestos en las bombillas. Su placa de policarbonato incluye testigos fosforescentes que permiten localizar el interruptor f\u00e1cilmente en la oscuridad. Combinando este interruptor con nuestros marcos de cristal, se puede obtener &hellip; <a href=\"https:\/\/ledsolintel.com\/fr\/produit-2\/interruptor-doble-sencillo-10a\/\" class=\"more-link\">Continue reading <span class=\"screen-reader-text\">Disjoncteur simple double 10A<\/span><\/a><\/p>","protected":false},"featured_media":262905,"template":"","meta":[],"product_brand":[101370],"product_cat":[15,101371,99617],"product_tag":[],"class_list":{"0":"post-268594","1":"product","2":"type-product","3":"status-publish","4":"has-post-thumbnail","6":"product_brand-masterled","7":"product_cat-uncategorized","8":"product_cat-masterled","9":"product_cat-material-electrico","10":"pa_color-blanco","11":"pa_color-negro","14":"instock","15":"taxable","16":"shipping-taxable","17":"purchasable","18":"product-type-variable","19":"has-default-attributes"},"yoast_head":"<!-- This site is optimized with the Yoast SEO plugin v26.6 - https:\/\/yoast.com\/wordpress\/plugins\/seo\/ -->\n<title>Interruptor doble sencillo 10A - Ledsolintel<\/title>\n<meta name=\"robots\" content=\"index, follow, max-snippet:-1, max-image-preview:large, max-video-preview:-1\" \/>\n<link rel=\"canonical\" href=\"https:\/\/ledsolintel.com\/fr\/produit-2\/interruptor-doble-sencillo-10a\/\" \/>\n<meta property=\"og:locale\" content=\"fr_FR\" \/>\n<meta property=\"og:type\" content=\"article\" \/>\n<meta property=\"og:title\" content=\"Interruptor doble sencillo 10A - Ledsolintel\" \/>\n<meta property=\"og:description\" content=\"Interruptor doble sencillo de un elemento empotrable, disponible en dos colores: blanco y negro. Apto para ser utilizado con iluminaci\u00f3n LED, sin provocar parpadeos molestos en las bombillas. Su placa de policarbonato incluye testigos fosforescentes que permiten localizar el interruptor f\u00e1cilmente en la oscuridad. Combinando este interruptor con nuestros marcos de cristal, se puede obtener &hellip; Continue reading Interruptor doble sencillo 10A\" \/>\n<meta property=\"og:url\" content=\"https:\/\/ledsolintel.com\/fr\/produit-2\/interruptor-doble-sencillo-10a\/\" \/>\n<meta property=\"og:site_name\" content=\"Ledsolintel\" \/>\n<meta property=\"article:publisher\" content=\"http:\/\/www.facebook.com\/webmenaje\" \/>\n<meta property=\"article:modified_time\" content=\"2026-04-07T08:19:00+00:00\" \/>\n<meta property=\"og:image\" content=\"https:\/\/ledsolintel.com\/wp-content\/uploads\/2025\/11\/interruptor-doble-sencillo-10a.jpg\" \/>\n\t<meta property=\"og:image:width\" content=\"800\" \/>\n\t<meta property=\"og:image:height\" content=\"800\" \/>\n\t<meta property=\"og:image:type\" content=\"image\/jpeg\" \/>\n<meta name=\"twitter:card\" content=\"summary_large_image\" \/>\n<meta name=\"twitter:site\" content=\"@webmenaje\" \/>\n<meta name=\"twitter:label1\" content=\"Dur\u00e9e de lecture estim\u00e9e\" \/>\n\t<meta name=\"twitter:data1\" content=\"1 minute\" \/>\n<script type=\"application\/ld+json\" class=\"yoast-schema-graph\">{\"@context\":\"https:\/\/schema.org\",\"@graph\":[{\"@type\":\"WebPage\",\"@id\":\"https:\/\/ledsolintel.com\/product\/interruptor-doble-sencillo-10a\/\",\"url\":\"https:\/\/ledsolintel.com\/product\/interruptor-doble-sencillo-10a\/\",\"name\":\"Interruptor doble sencillo 10A - Ledsolintel\",\"isPartOf\":{\"@id\":\"https:\/\/ledsolintel.com\/#website\"},\"primaryImageOfPage\":{\"@id\":\"https:\/\/ledsolintel.com\/product\/interruptor-doble-sencillo-10a\/#primaryimage\"},\"image\":{\"@id\":\"https:\/\/ledsolintel.com\/product\/interruptor-doble-sencillo-10a\/#primaryimage\"},\"thumbnailUrl\":\"https:\/\/ledsolintel.com\/wp-content\/uploads\/2025\/11\/interruptor-doble-sencillo-10a.jpg\",\"datePublished\":\"2025-11-11T16:01:53+00:00\",\"dateModified\":\"2026-04-07T08:19:00+00:00\",\"breadcrumb\":{\"@id\":\"https:\/\/ledsolintel.com\/product\/interruptor-doble-sencillo-10a\/#breadcrumb\"},\"inLanguage\":\"fr-FR\",\"potentialAction\":[{\"@type\":\"ReadAction\",\"target\":[\"https:\/\/ledsolintel.com\/product\/interruptor-doble-sencillo-10a\/\"]}]},{\"@type\":\"ImageObject\",\"inLanguage\":\"fr-FR\",\"@id\":\"https:\/\/ledsolintel.com\/product\/interruptor-doble-sencillo-10a\/#primaryimage\",\"url\":\"https:\/\/ledsolintel.com\/wp-content\/uploads\/2025\/11\/interruptor-doble-sencillo-10a.jpg\",\"contentUrl\":\"https:\/\/ledsolintel.com\/wp-content\/uploads\/2025\/11\/interruptor-doble-sencillo-10a.jpg\",\"width\":800,\"height\":800},{\"@type\":\"BreadcrumbList\",\"@id\":\"https:\/\/ledsolintel.com\/product\/interruptor-doble-sencillo-10a\/#breadcrumb\",\"itemListElement\":[{\"@type\":\"ListItem\",\"position\":1,\"name\":\"Portada\",\"item\":\"https:\/\/ledsolintel.com\/fr\/\"},{\"@type\":\"ListItem\",\"position\":2,\"name\":\"Tienda\",\"item\":\"https:\/\/ledsolintel.com\/tienda\/\"},{\"@type\":\"ListItem\",\"position\":3,\"name\":\"Interruptor doble sencillo 10A\"}]},{\"@type\":\"WebSite\",\"@id\":\"https:\/\/ledsolintel.com\/#website\",\"url\":\"https:\/\/ledsolintel.com\/\",\"name\":\"Webmenaje\",\"description\":\"Tienda de bombillas y l\u00e1mparas LED para profesionales\",\"publisher\":{\"@id\":\"https:\/\/ledsolintel.com\/#organization\"},\"potentialAction\":[{\"@type\":\"SearchAction\",\"target\":{\"@type\":\"EntryPoint\",\"urlTemplate\":\"https:\/\/ledsolintel.com\/?s={search_term_string}\"},\"query-input\":{\"@type\":\"PropertyValueSpecification\",\"valueRequired\":true,\"valueName\":\"search_term_string\"}}],\"inLanguage\":\"fr-FR\"},{\"@type\":\"Organization\",\"@id\":\"https:\/\/ledsolintel.com\/#organization\",\"name\":\"Solintel Noroeste, S.L.\",\"url\":\"https:\/\/ledsolintel.com\/\",\"logo\":{\"@type\":\"ImageObject\",\"inLanguage\":\"fr-FR\",\"@id\":\"https:\/\/ledsolintel.com\/#\/schema\/logo\/image\/\",\"url\":\"https:\/\/ledsolintel.com\/wp-content\/uploads\/2024\/11\/webmenaje-logo-1508269066.jpg\",\"contentUrl\":\"https:\/\/ledsolintel.com\/wp-content\/uploads\/2024\/11\/webmenaje-logo-1508269066.jpg\",\"width\":370,\"height\":90,\"caption\":\"Solintel Noroeste, S.L.\"},\"image\":{\"@id\":\"https:\/\/ledsolintel.com\/#\/schema\/logo\/image\/\"},\"sameAs\":[\"http:\/\/www.facebook.com\/webmenaje\",\"https:\/\/x.com\/webmenaje\",\"https:\/\/www.youtube.com\/channel\/UCX2KoVoeCG4LocZjUc6LmSQ\",\"http:\/\/www.pinterest.com\/webmenaje\"]}]}<\/script>\n<!-- \/ Yoast SEO plugin. -->","yoast_head_json":{"title":"Interruptor doble sencillo 10A - Ledsolintel","robots":{"index":"index","follow":"follow","max-snippet":"max-snippet:-1","max-image-preview":"max-image-preview:large","max-video-preview":"max-video-preview:-1"},"canonical":"https:\/\/ledsolintel.com\/fr\/produit-2\/interruptor-doble-sencillo-10a\/","og_locale":"fr_FR","og_type":"article","og_title":"Interruptor doble sencillo 10A - Ledsolintel","og_description":"Interruptor doble sencillo de un elemento empotrable, disponible en dos colores: blanco y negro. Apto para ser utilizado con iluminaci\u00f3n LED, sin provocar parpadeos molestos en las bombillas. Su placa de policarbonato incluye testigos fosforescentes que permiten localizar el interruptor f\u00e1cilmente en la oscuridad. Combinando este interruptor con nuestros marcos de cristal, se puede obtener &hellip; Continue reading Interruptor doble sencillo 10A","og_url":"https:\/\/ledsolintel.com\/fr\/produit-2\/interruptor-doble-sencillo-10a\/","og_site_name":"Ledsolintel","article_publisher":"http:\/\/www.facebook.com\/webmenaje","article_modified_time":"2026-04-07T08:19:00+00:00","og_image":[{"width":800,"height":800,"url":"https:\/\/ledsolintel.com\/wp-content\/uploads\/2025\/11\/interruptor-doble-sencillo-10a.jpg","type":"image\/jpeg"}],"twitter_card":"summary_large_image","twitter_site":"@webmenaje","twitter_misc":{"Dur\u00e9e de lecture estim\u00e9e":"1 minute"},"schema":{"@context":"https:\/\/schema.org","@graph":[{"@type":"WebPage","@id":"https:\/\/ledsolintel.com\/product\/interruptor-doble-sencillo-10a\/","url":"https:\/\/ledsolintel.com\/product\/interruptor-doble-sencillo-10a\/","name":"Interruptor doble sencillo 10A - Ledsolintel","isPartOf":{"@id":"https:\/\/ledsolintel.com\/#website"},"primaryImageOfPage":{"@id":"https:\/\/ledsolintel.com\/product\/interruptor-doble-sencillo-10a\/#primaryimage"},"image":{"@id":"https:\/\/ledsolintel.com\/product\/interruptor-doble-sencillo-10a\/#primaryimage"},"thumbnailUrl":"https:\/\/ledsolintel.com\/wp-content\/uploads\/2025\/11\/interruptor-doble-sencillo-10a.jpg","datePublished":"2025-11-11T16:01:53+00:00","dateModified":"2026-04-07T08:19:00+00:00","breadcrumb":{"@id":"https:\/\/ledsolintel.com\/product\/interruptor-doble-sencillo-10a\/#breadcrumb"},"inLanguage":"fr-FR","potentialAction":[{"@type":"ReadAction","target":["https:\/\/ledsolintel.com\/product\/interruptor-doble-sencillo-10a\/"]}]},{"@type":"ImageObject","inLanguage":"fr-FR","@id":"https:\/\/ledsolintel.com\/product\/interruptor-doble-sencillo-10a\/#primaryimage","url":"https:\/\/ledsolintel.com\/wp-content\/uploads\/2025\/11\/interruptor-doble-sencillo-10a.jpg","contentUrl":"https:\/\/ledsolintel.com\/wp-content\/uploads\/2025\/11\/interruptor-doble-sencillo-10a.jpg","width":800,"height":800},{"@type":"BreadcrumbList","@id":"https:\/\/ledsolintel.com\/product\/interruptor-doble-sencillo-10a\/#breadcrumb","itemListElement":[{"@type":"ListItem","position":1,"name":"Portada","item":"https:\/\/ledsolintel.com\/fr\/"},{"@type":"ListItem","position":2,"name":"Tienda","item":"https:\/\/ledsolintel.com\/tienda\/"},{"@type":"ListItem","position":3,"name":"Interruptor doble sencillo 10A"}]},{"@type":"WebSite","@id":"https:\/\/ledsolintel.com\/#website","url":"https:\/\/ledsolintel.com\/","name":"Webmenaje","description":"Magasin d'ampoules et de lampes LED pour les professionnels","publisher":{"@id":"https:\/\/ledsolintel.com\/#organization"},"potentialAction":[{"@type":"SearchAction","target":{"@type":"EntryPoint","urlTemplate":"https:\/\/ledsolintel.com\/?s={search_term_string}"},"query-input":{"@type":"PropertyValueSpecification","valueRequired":true,"valueName":"search_term_string"}}],"inLanguage":"fr-FR"},{"@type":"Organization","@id":"https:\/\/ledsolintel.com\/#organization","name":"Solintel Noroeste, S.L.","url":"https:\/\/ledsolintel.com\/","logo":{"@type":"ImageObject","inLanguage":"fr-FR","@id":"https:\/\/ledsolintel.com\/#\/schema\/logo\/image\/","url":"https:\/\/ledsolintel.com\/wp-content\/uploads\/2024\/11\/webmenaje-logo-1508269066.jpg","contentUrl":"https:\/\/ledsolintel.com\/wp-content\/uploads\/2024\/11\/webmenaje-logo-1508269066.jpg","width":370,"height":90,"caption":"Solintel Noroeste, S.L."},"image":{"@id":"https:\/\/ledsolintel.com\/#\/schema\/logo\/image\/"},"sameAs":["http:\/\/www.facebook.com\/webmenaje","https:\/\/x.com\/webmenaje","https:\/\/www.youtube.com\/channel\/UCX2KoVoeCG4LocZjUc6LmSQ","http:\/\/www.pinterest.com\/webmenaje"]}]}},"_links":{"self":[{"href":"https:\/\/ledsolintel.com\/fr\/wp-json\/wp\/v2\/product\/268594","targetHints":{"allow":["GET"]}}],"collection":[{"href":"https:\/\/ledsolintel.com\/fr\/wp-json\/wp\/v2\/product"}],"about":[{"href":"https:\/\/ledsolintel.com\/fr\/wp-json\/wp\/v2\/types\/product"}],"version-history":[{"count":1,"href":"https:\/\/ledsolintel.com\/fr\/wp-json\/wp\/v2\/product\/268594\/revisions"}],"predecessor-version":[{"id":268595,"href":"https:\/\/ledsolintel.com\/fr\/wp-json\/wp\/v2\/product\/268594\/revisions\/268595"}],"wp:featuredmedia":[{"embeddable":true,"href":"https:\/\/ledsolintel.com\/fr\/wp-json\/wp\/v2\/media\/262905"}],"wp:attachment":[{"href":"https:\/\/ledsolintel.com\/fr\/wp-json\/wp\/v2\/media?parent=268594"}],"wp:term":[{"taxonomy":"product_brand","embeddable":true,"href":"https:\/\/ledsolintel.com\/fr\/wp-json\/wp\/v2\/product_brand?post=268594"},{"taxonomy":"product_cat","embeddable":true,"href":"https:\/\/ledsolintel.com\/fr\/wp-json\/wp\/v2\/product_cat?post=268594"},{"taxonomy":"product_tag","embeddable":true,"href":"https:\/\/ledsolintel.com\/fr\/wp-json\/wp\/v2\/product_tag?post=268594"}],"curies":[{"name":"wp","href":"https:\/\/api.w.org\/{rel}","templated":true}]}}