{"id":268591,"date":"2025-11-11T17:01:51","date_gmt":"2025-11-11T16:01:51","guid":{"rendered":"https:\/\/nueva.ledsolintel.com\/product\/sensor-de-movimiento-de-superficie-180o-ip65\/"},"modified":"2025-12-17T12:51:00","modified_gmt":"2025-12-17T11:51:00","slug":"sensor-de-movimiento-de-superficie-180o-ip65","status":"publish","type":"product","link":"https:\/\/ledsolintel.com\/fr\/produit-2\/sensor-de-movimiento-de-superficie-180o-ip65\/","title":{"rendered":"Capteur de mouvement de surface 180\u00ba IP65"},"content":{"rendered":"<p>Sensor de movimiento para instalar en superficie. Permite ajustar el tiempo de encendido y sensibilidad de luz. Es un mecanismo ideal para el encendido autom\u00e1tico de luminarias en multitud de estancia como pasillos, escaleras, ba\u00f1os, habitaciones, etc.    Caracter\u00edsticas principales:  Distancia m\u00e1xima de detecci\u00f3n: 6 m  Ajuste de tiempo: desde 10 seg hasta 7 min  Ajuste de luminosidad: de 3 hasta 2000 lux  Altura de instalaci\u00f3n recomendada: 2 a 4 m  Consumo del sensor: 0.9W  Soporta cargas de hasta un m\u00e1ximo de 1200W en incandescencia y 300W en led    Est\u00e1 dise\u00f1ado con las medidas de 87 x 75 x 100 mm.  Permite un voltaje de entrada de 220\/240V y una frecuencia de servicio de 50\/60 Hz.  Su grado de protecci\u00f3n IP65 lo hace apto tanto para instalaciones en interior como en exterior.  Dispone de una garant\u00eda de 3 a\u00f1os. Cuenta tambi\u00e9n con el certificado CE, que acredita que se cumple con los requisitos de la UE respecto a compatibilidad electromagn\u00e9tica y normativa de baja tensi\u00f3n. Con este certificado se declara la conformidad de dicho producto con todos los requisitos legales exigidos, y asegura la validez del producto para ser vendido en todo el Espacio Econ\u00f3mico Europeo.  Incluye manual de instrucciones.  Incluye tornillos para el montaje.  Para m\u00e1s informaci\u00f3n, consultar el apartado &#8220;Manuales y descargas&#8221;<\/p>","protected":false},"excerpt":{"rendered":"<p>Sensor de movimiento para instalar en superficie. Permite ajustar el tiempo de encendido y sensibilidad de luz. Es un mecanismo ideal para el encendido autom\u00e1tico de luminarias en multitud de estancia como pasillos, escaleras, ba\u00f1os, habitaciones, etc. Caracter\u00edsticas principales: Distancia m\u00e1xima de detecci\u00f3n: 6 m Ajuste de tiempo: desde 10 seg hasta 7 min Ajuste &hellip; <a href=\"https:\/\/ledsolintel.com\/fr\/produit-2\/sensor-de-movimiento-de-superficie-180o-ip65\/\" class=\"more-link\">Continue reading <span class=\"screen-reader-text\">Capteur de mouvement de surface 180\u00ba IP65<\/span><\/a><\/p>","protected":false},"featured_media":262900,"template":"","meta":[],"product_brand":[101370],"product_cat":[15,101371],"product_tag":[],"class_list":{"0":"post-268591","1":"product","2":"type-product","3":"status-publish","4":"has-post-thumbnail","6":"product_brand-masterled","7":"product_cat-uncategorized","8":"product_cat-masterled","9":"pa_color-negro","12":"instock","13":"purchasable","14":"product-type-simple"},"yoast_head":"<!-- This site is optimized with the Yoast SEO plugin v26.6 - https:\/\/yoast.com\/wordpress\/plugins\/seo\/ -->\n<title>Sensor de movimiento de superficie 180\u00ba IP65 - Ledsolintel<\/title>\n<meta name=\"robots\" content=\"index, follow, max-snippet:-1, max-image-preview:large, max-video-preview:-1\" \/>\n<link rel=\"canonical\" href=\"https:\/\/ledsolintel.com\/fr\/produit-2\/sensor-de-movimiento-de-superficie-180o-ip65\/\" \/>\n<meta property=\"og:locale\" content=\"fr_FR\" \/>\n<meta property=\"og:type\" content=\"article\" \/>\n<meta property=\"og:title\" content=\"Sensor de movimiento de superficie 180\u00ba IP65 - Ledsolintel\" \/>\n<meta property=\"og:description\" content=\"Sensor de movimiento para instalar en superficie. Permite ajustar el tiempo de encendido y sensibilidad de luz. Es un mecanismo ideal para el encendido autom\u00e1tico de luminarias en multitud de estancia como pasillos, escaleras, ba\u00f1os, habitaciones, etc. Caracter\u00edsticas principales: Distancia m\u00e1xima de detecci\u00f3n: 6 m Ajuste de tiempo: desde 10 seg hasta 7 min Ajuste &hellip; Continue reading Sensor de movimiento de superficie 180\u00ba IP65\" \/>\n<meta property=\"og:url\" content=\"https:\/\/ledsolintel.com\/fr\/produit-2\/sensor-de-movimiento-de-superficie-180o-ip65\/\" \/>\n<meta property=\"og:site_name\" content=\"Ledsolintel\" \/>\n<meta property=\"article:publisher\" content=\"http:\/\/www.facebook.com\/webmenaje\" \/>\n<meta property=\"article:modified_time\" content=\"2025-12-17T11:51:00+00:00\" \/>\n<meta property=\"og:image\" content=\"https:\/\/ledsolintel.com\/wp-content\/uploads\/2025\/11\/sensor-de-movimiento-de-superficie-180-ip65.jpg\" \/>\n\t<meta property=\"og:image:width\" content=\"800\" \/>\n\t<meta property=\"og:image:height\" content=\"800\" \/>\n\t<meta property=\"og:image:type\" content=\"image\/png\" \/>\n<meta name=\"twitter:card\" content=\"summary_large_image\" \/>\n<meta name=\"twitter:site\" content=\"@webmenaje\" \/>\n<meta name=\"twitter:label1\" content=\"Dur\u00e9e de lecture estim\u00e9e\" \/>\n\t<meta name=\"twitter:data1\" content=\"1 minute\" \/>\n<script type=\"application\/ld+json\" class=\"yoast-schema-graph\">{\"@context\":\"https:\/\/schema.org\",\"@graph\":[{\"@type\":\"WebPage\",\"@id\":\"https:\/\/ledsolintel.com\/product\/sensor-de-movimiento-de-superficie-180o-ip65\/\",\"url\":\"https:\/\/ledsolintel.com\/product\/sensor-de-movimiento-de-superficie-180o-ip65\/\",\"name\":\"Sensor de movimiento de superficie 180\u00ba IP65 - Ledsolintel\",\"isPartOf\":{\"@id\":\"https:\/\/ledsolintel.com\/#website\"},\"primaryImageOfPage\":{\"@id\":\"https:\/\/ledsolintel.com\/product\/sensor-de-movimiento-de-superficie-180o-ip65\/#primaryimage\"},\"image\":{\"@id\":\"https:\/\/ledsolintel.com\/product\/sensor-de-movimiento-de-superficie-180o-ip65\/#primaryimage\"},\"thumbnailUrl\":\"https:\/\/ledsolintel.com\/wp-content\/uploads\/2025\/11\/sensor-de-movimiento-de-superficie-180-ip65.jpg\",\"datePublished\":\"2025-11-11T16:01:51+00:00\",\"dateModified\":\"2025-12-17T11:51:00+00:00\",\"breadcrumb\":{\"@id\":\"https:\/\/ledsolintel.com\/product\/sensor-de-movimiento-de-superficie-180o-ip65\/#breadcrumb\"},\"inLanguage\":\"fr-FR\",\"potentialAction\":[{\"@type\":\"ReadAction\",\"target\":[\"https:\/\/ledsolintel.com\/product\/sensor-de-movimiento-de-superficie-180o-ip65\/\"]}]},{\"@type\":\"ImageObject\",\"inLanguage\":\"fr-FR\",\"@id\":\"https:\/\/ledsolintel.com\/product\/sensor-de-movimiento-de-superficie-180o-ip65\/#primaryimage\",\"url\":\"https:\/\/ledsolintel.com\/wp-content\/uploads\/2025\/11\/sensor-de-movimiento-de-superficie-180-ip65.jpg\",\"contentUrl\":\"https:\/\/ledsolintel.com\/wp-content\/uploads\/2025\/11\/sensor-de-movimiento-de-superficie-180-ip65.jpg\",\"width\":800,\"height\":800},{\"@type\":\"BreadcrumbList\",\"@id\":\"https:\/\/ledsolintel.com\/product\/sensor-de-movimiento-de-superficie-180o-ip65\/#breadcrumb\",\"itemListElement\":[{\"@type\":\"ListItem\",\"position\":1,\"name\":\"Portada\",\"item\":\"https:\/\/ledsolintel.com\/fr\/\"},{\"@type\":\"ListItem\",\"position\":2,\"name\":\"Tienda\",\"item\":\"https:\/\/ledsolintel.com\/tienda\/\"},{\"@type\":\"ListItem\",\"position\":3,\"name\":\"Sensor de movimiento de superficie 180\u00ba IP65\"}]},{\"@type\":\"WebSite\",\"@id\":\"https:\/\/ledsolintel.com\/#website\",\"url\":\"https:\/\/ledsolintel.com\/\",\"name\":\"Webmenaje\",\"description\":\"Tienda de bombillas y l\u00e1mparas LED para profesionales\",\"publisher\":{\"@id\":\"https:\/\/ledsolintel.com\/#organization\"},\"potentialAction\":[{\"@type\":\"SearchAction\",\"target\":{\"@type\":\"EntryPoint\",\"urlTemplate\":\"https:\/\/ledsolintel.com\/?s={search_term_string}\"},\"query-input\":{\"@type\":\"PropertyValueSpecification\",\"valueRequired\":true,\"valueName\":\"search_term_string\"}}],\"inLanguage\":\"fr-FR\"},{\"@type\":\"Organization\",\"@id\":\"https:\/\/ledsolintel.com\/#organization\",\"name\":\"Solintel Noroeste, S.L.\",\"url\":\"https:\/\/ledsolintel.com\/\",\"logo\":{\"@type\":\"ImageObject\",\"inLanguage\":\"fr-FR\",\"@id\":\"https:\/\/ledsolintel.com\/#\/schema\/logo\/image\/\",\"url\":\"https:\/\/ledsolintel.com\/wp-content\/uploads\/2024\/11\/webmenaje-logo-1508269066.jpg\",\"contentUrl\":\"https:\/\/ledsolintel.com\/wp-content\/uploads\/2024\/11\/webmenaje-logo-1508269066.jpg\",\"width\":370,\"height\":90,\"caption\":\"Solintel Noroeste, S.L.\"},\"image\":{\"@id\":\"https:\/\/ledsolintel.com\/#\/schema\/logo\/image\/\"},\"sameAs\":[\"http:\/\/www.facebook.com\/webmenaje\",\"https:\/\/x.com\/webmenaje\",\"https:\/\/www.youtube.com\/channel\/UCX2KoVoeCG4LocZjUc6LmSQ\",\"http:\/\/www.pinterest.com\/webmenaje\"]}]}<\/script>\n<!-- \/ Yoast SEO plugin. -->","yoast_head_json":{"title":"Sensor de movimiento de superficie 180\u00ba IP65 - Ledsolintel","robots":{"index":"index","follow":"follow","max-snippet":"max-snippet:-1","max-image-preview":"max-image-preview:large","max-video-preview":"max-video-preview:-1"},"canonical":"https:\/\/ledsolintel.com\/fr\/produit-2\/sensor-de-movimiento-de-superficie-180o-ip65\/","og_locale":"fr_FR","og_type":"article","og_title":"Sensor de movimiento de superficie 180\u00ba IP65 - Ledsolintel","og_description":"Sensor de movimiento para instalar en superficie. Permite ajustar el tiempo de encendido y sensibilidad de luz. Es un mecanismo ideal para el encendido autom\u00e1tico de luminarias en multitud de estancia como pasillos, escaleras, ba\u00f1os, habitaciones, etc. Caracter\u00edsticas principales: Distancia m\u00e1xima de detecci\u00f3n: 6 m Ajuste de tiempo: desde 10 seg hasta 7 min Ajuste &hellip; Continue reading Sensor de movimiento de superficie 180\u00ba IP65","og_url":"https:\/\/ledsolintel.com\/fr\/produit-2\/sensor-de-movimiento-de-superficie-180o-ip65\/","og_site_name":"Ledsolintel","article_publisher":"http:\/\/www.facebook.com\/webmenaje","article_modified_time":"2025-12-17T11:51:00+00:00","og_image":[{"width":800,"height":800,"url":"https:\/\/ledsolintel.com\/wp-content\/uploads\/2025\/11\/sensor-de-movimiento-de-superficie-180-ip65.jpg","type":"image\/png"}],"twitter_card":"summary_large_image","twitter_site":"@webmenaje","twitter_misc":{"Dur\u00e9e de lecture estim\u00e9e":"1 minute"},"schema":{"@context":"https:\/\/schema.org","@graph":[{"@type":"WebPage","@id":"https:\/\/ledsolintel.com\/product\/sensor-de-movimiento-de-superficie-180o-ip65\/","url":"https:\/\/ledsolintel.com\/product\/sensor-de-movimiento-de-superficie-180o-ip65\/","name":"Sensor de movimiento de superficie 180\u00ba IP65 - Ledsolintel","isPartOf":{"@id":"https:\/\/ledsolintel.com\/#website"},"primaryImageOfPage":{"@id":"https:\/\/ledsolintel.com\/product\/sensor-de-movimiento-de-superficie-180o-ip65\/#primaryimage"},"image":{"@id":"https:\/\/ledsolintel.com\/product\/sensor-de-movimiento-de-superficie-180o-ip65\/#primaryimage"},"thumbnailUrl":"https:\/\/ledsolintel.com\/wp-content\/uploads\/2025\/11\/sensor-de-movimiento-de-superficie-180-ip65.jpg","datePublished":"2025-11-11T16:01:51+00:00","dateModified":"2025-12-17T11:51:00+00:00","breadcrumb":{"@id":"https:\/\/ledsolintel.com\/product\/sensor-de-movimiento-de-superficie-180o-ip65\/#breadcrumb"},"inLanguage":"fr-FR","potentialAction":[{"@type":"ReadAction","target":["https:\/\/ledsolintel.com\/product\/sensor-de-movimiento-de-superficie-180o-ip65\/"]}]},{"@type":"ImageObject","inLanguage":"fr-FR","@id":"https:\/\/ledsolintel.com\/product\/sensor-de-movimiento-de-superficie-180o-ip65\/#primaryimage","url":"https:\/\/ledsolintel.com\/wp-content\/uploads\/2025\/11\/sensor-de-movimiento-de-superficie-180-ip65.jpg","contentUrl":"https:\/\/ledsolintel.com\/wp-content\/uploads\/2025\/11\/sensor-de-movimiento-de-superficie-180-ip65.jpg","width":800,"height":800},{"@type":"BreadcrumbList","@id":"https:\/\/ledsolintel.com\/product\/sensor-de-movimiento-de-superficie-180o-ip65\/#breadcrumb","itemListElement":[{"@type":"ListItem","position":1,"name":"Portada","item":"https:\/\/ledsolintel.com\/fr\/"},{"@type":"ListItem","position":2,"name":"Tienda","item":"https:\/\/ledsolintel.com\/tienda\/"},{"@type":"ListItem","position":3,"name":"Sensor de movimiento de superficie 180\u00ba IP65"}]},{"@type":"WebSite","@id":"https:\/\/ledsolintel.com\/#website","url":"https:\/\/ledsolintel.com\/","name":"Webmenaje","description":"Magasin d'ampoules et de lampes LED pour les professionnels","publisher":{"@id":"https:\/\/ledsolintel.com\/#organization"},"potentialAction":[{"@type":"SearchAction","target":{"@type":"EntryPoint","urlTemplate":"https:\/\/ledsolintel.com\/?s={search_term_string}"},"query-input":{"@type":"PropertyValueSpecification","valueRequired":true,"valueName":"search_term_string"}}],"inLanguage":"fr-FR"},{"@type":"Organization","@id":"https:\/\/ledsolintel.com\/#organization","name":"Solintel Noroeste, S.L.","url":"https:\/\/ledsolintel.com\/","logo":{"@type":"ImageObject","inLanguage":"fr-FR","@id":"https:\/\/ledsolintel.com\/#\/schema\/logo\/image\/","url":"https:\/\/ledsolintel.com\/wp-content\/uploads\/2024\/11\/webmenaje-logo-1508269066.jpg","contentUrl":"https:\/\/ledsolintel.com\/wp-content\/uploads\/2024\/11\/webmenaje-logo-1508269066.jpg","width":370,"height":90,"caption":"Solintel Noroeste, S.L."},"image":{"@id":"https:\/\/ledsolintel.com\/#\/schema\/logo\/image\/"},"sameAs":["http:\/\/www.facebook.com\/webmenaje","https:\/\/x.com\/webmenaje","https:\/\/www.youtube.com\/channel\/UCX2KoVoeCG4LocZjUc6LmSQ","http:\/\/www.pinterest.com\/webmenaje"]}]}},"_links":{"self":[{"href":"https:\/\/ledsolintel.com\/fr\/wp-json\/wp\/v2\/product\/268591","targetHints":{"allow":["GET"]}}],"collection":[{"href":"https:\/\/ledsolintel.com\/fr\/wp-json\/wp\/v2\/product"}],"about":[{"href":"https:\/\/ledsolintel.com\/fr\/wp-json\/wp\/v2\/types\/product"}],"version-history":[{"count":1,"href":"https:\/\/ledsolintel.com\/fr\/wp-json\/wp\/v2\/product\/268591\/revisions"}],"predecessor-version":[{"id":268592,"href":"https:\/\/ledsolintel.com\/fr\/wp-json\/wp\/v2\/product\/268591\/revisions\/268592"}],"wp:featuredmedia":[{"embeddable":true,"href":"https:\/\/ledsolintel.com\/fr\/wp-json\/wp\/v2\/media\/262900"}],"wp:attachment":[{"href":"https:\/\/ledsolintel.com\/fr\/wp-json\/wp\/v2\/media?parent=268591"}],"wp:term":[{"taxonomy":"product_brand","embeddable":true,"href":"https:\/\/ledsolintel.com\/fr\/wp-json\/wp\/v2\/product_brand?post=268591"},{"taxonomy":"product_cat","embeddable":true,"href":"https:\/\/ledsolintel.com\/fr\/wp-json\/wp\/v2\/product_cat?post=268591"},{"taxonomy":"product_tag","embeddable":true,"href":"https:\/\/ledsolintel.com\/fr\/wp-json\/wp\/v2\/product_tag?post=268591"}],"curies":[{"name":"wp","href":"https:\/\/api.w.org\/{rel}","templated":true}]}}