{"id":268582,"date":"2025-11-11T17:01:43","date_gmt":"2025-11-11T16:01:43","guid":{"rendered":"https:\/\/nueva.ledsolintel.com\/product\/interruptor-de-pastilla-wifi-400w\/"},"modified":"2026-04-07T10:19:00","modified_gmt":"2026-04-07T08:19:00","slug":"interruptor-de-pastilla-wifi-400w","status":"publish","type":"product","link":"https:\/\/ledsolintel.com\/fr\/produit-2\/interruptor-de-pastilla-wifi-400w\/","title":{"rendered":"Interrupteur de tablette Wifi 400W"},"content":{"rendered":"<p>Interruptor de pastilla Wifi + RF para una potencia m\u00e1xima de 400W, para diferentes tipos de iluminaci\u00f3n LED (bombillas, l\u00e1mparas dicroicas, downlight, paneles, etc).  Tambi\u00e9n es compatible con luminarias convencionales u otros aparatos el\u00e9ctricos con una potencia m\u00e1xima de hasta 3600W.  Este dispositivo permite domotizar nuestro hogar conservando los interruptores ya existentes. De este modo, el control de la iluminaci\u00f3n se puede hacer de la forma tradicional mediante los interruptores, o bien mediante nuestro smartphone. Tambi\u00e9n es compatible con asistentes virtuales, como por ejemplo Google Home o Amazon Alexa. Tambi\u00e9n es compatible con mandos RF de 433MHz (ver accesorios y relacionados).  Entrada con terminales de tornillo, tama\u00f1o reducido para poder instalarlo \u00a0en una caja de pared est\u00e1ndar.  Est\u00e1 dise\u00f1ado en PVC con las medidas de 47 x 47 x 20 mm. Soporta un voltaje de entrada de 220-240V y una frecuencia de servicio de 50 Hz.  Debido a su grado de protecci\u00f3n IP20 es ideal para instalar en zonas interiores (protecci\u00f3n contra part\u00edculas s\u00f3lidas de tama\u00f1o superior a 12mm y no es resistente al agua).  Dispone de una garant\u00eda de 3 a\u00f1os. Cuenta tambi\u00e9n con el certificado CE, que acredita que se cumple con los requisitos de la UE respecto a compatibilidad electromagn\u00e9tica y normativa de baja tensi\u00f3n. Con este certificado se declara la conformidad de dicho producto con todos los requisitos legales exigidos, y asegura la validez del producto para ser vendido en todo el Espacio Econ\u00f3mico Europeo.  Incluye manual de instrucciones.<\/p>","protected":false},"excerpt":{"rendered":"<p>Interruptor de pastilla Wifi + RF para una potencia m\u00e1xima de 400W, para diferentes tipos de iluminaci\u00f3n LED (bombillas, l\u00e1mparas dicroicas, downlight, paneles, etc). Tambi\u00e9n es compatible con luminarias convencionales u otros aparatos el\u00e9ctricos con una potencia m\u00e1xima de hasta 3600W. Este dispositivo permite domotizar nuestro hogar conservando los interruptores ya existentes. De este modo, &hellip; <a href=\"https:\/\/ledsolintel.com\/fr\/produit-2\/interruptor-de-pastilla-wifi-400w\/\" class=\"more-link\">Continue reading <span class=\"screen-reader-text\">Interrupteur de tablette Wifi 400W<\/span><\/a><\/p>","protected":false},"featured_media":262878,"template":"","meta":[],"product_brand":[101370],"product_cat":[15,101371,99617],"product_tag":[],"class_list":{"0":"post-268582","1":"product","2":"type-product","3":"status-publish","4":"has-post-thumbnail","6":"product_brand-masterled","7":"product_cat-uncategorized","8":"product_cat-masterled","9":"product_cat-material-electrico","10":"pa_interior-exterior-interior","13":"instock","14":"taxable","15":"shipping-taxable","16":"purchasable","17":"product-type-simple"},"yoast_head":"<!-- This site is optimized with the Yoast SEO plugin v26.6 - https:\/\/yoast.com\/wordpress\/plugins\/seo\/ -->\n<title>Interruptor de pastilla Wifi 400W - Ledsolintel<\/title>\n<meta name=\"robots\" content=\"index, follow, max-snippet:-1, max-image-preview:large, max-video-preview:-1\" \/>\n<link rel=\"canonical\" href=\"https:\/\/ledsolintel.com\/fr\/produit-2\/interruptor-de-pastilla-wifi-400w\/\" \/>\n<meta property=\"og:locale\" content=\"fr_FR\" \/>\n<meta property=\"og:type\" content=\"article\" \/>\n<meta property=\"og:title\" content=\"Interruptor de pastilla Wifi 400W - Ledsolintel\" \/>\n<meta property=\"og:description\" content=\"Interruptor de pastilla Wifi + RF para una potencia m\u00e1xima de 400W, para diferentes tipos de iluminaci\u00f3n LED (bombillas, l\u00e1mparas dicroicas, downlight, paneles, etc). Tambi\u00e9n es compatible con luminarias convencionales u otros aparatos el\u00e9ctricos con una potencia m\u00e1xima de hasta 3600W. Este dispositivo permite domotizar nuestro hogar conservando los interruptores ya existentes. De este modo, &hellip; Continue reading Interruptor de pastilla Wifi 400W\" \/>\n<meta property=\"og:url\" content=\"https:\/\/ledsolintel.com\/fr\/produit-2\/interruptor-de-pastilla-wifi-400w\/\" \/>\n<meta property=\"og:site_name\" content=\"Ledsolintel\" \/>\n<meta property=\"article:publisher\" content=\"http:\/\/www.facebook.com\/webmenaje\" \/>\n<meta property=\"article:modified_time\" content=\"2026-04-07T08:19:00+00:00\" \/>\n<meta property=\"og:image\" content=\"https:\/\/ledsolintel.com\/wp-content\/uploads\/2025\/11\/interruptor-de-pastilla-wifi-400w.jpg\" \/>\n\t<meta property=\"og:image:width\" content=\"1500\" \/>\n\t<meta property=\"og:image:height\" content=\"1500\" \/>\n\t<meta property=\"og:image:type\" content=\"image\/jpeg\" \/>\n<meta name=\"twitter:card\" content=\"summary_large_image\" \/>\n<meta name=\"twitter:site\" content=\"@webmenaje\" \/>\n<meta name=\"twitter:label1\" content=\"Dur\u00e9e de lecture estim\u00e9e\" \/>\n\t<meta name=\"twitter:data1\" content=\"1 minute\" \/>\n<script type=\"application\/ld+json\" class=\"yoast-schema-graph\">{\"@context\":\"https:\/\/schema.org\",\"@graph\":[{\"@type\":\"WebPage\",\"@id\":\"https:\/\/ledsolintel.com\/product\/interruptor-de-pastilla-wifi-400w\/\",\"url\":\"https:\/\/ledsolintel.com\/product\/interruptor-de-pastilla-wifi-400w\/\",\"name\":\"Interruptor de pastilla Wifi 400W - Ledsolintel\",\"isPartOf\":{\"@id\":\"https:\/\/ledsolintel.com\/#website\"},\"primaryImageOfPage\":{\"@id\":\"https:\/\/ledsolintel.com\/product\/interruptor-de-pastilla-wifi-400w\/#primaryimage\"},\"image\":{\"@id\":\"https:\/\/ledsolintel.com\/product\/interruptor-de-pastilla-wifi-400w\/#primaryimage\"},\"thumbnailUrl\":\"https:\/\/ledsolintel.com\/wp-content\/uploads\/2025\/11\/interruptor-de-pastilla-wifi-400w.jpg\",\"datePublished\":\"2025-11-11T16:01:43+00:00\",\"dateModified\":\"2026-04-07T08:19:00+00:00\",\"breadcrumb\":{\"@id\":\"https:\/\/ledsolintel.com\/product\/interruptor-de-pastilla-wifi-400w\/#breadcrumb\"},\"inLanguage\":\"fr-FR\",\"potentialAction\":[{\"@type\":\"ReadAction\",\"target\":[\"https:\/\/ledsolintel.com\/product\/interruptor-de-pastilla-wifi-400w\/\"]}]},{\"@type\":\"ImageObject\",\"inLanguage\":\"fr-FR\",\"@id\":\"https:\/\/ledsolintel.com\/product\/interruptor-de-pastilla-wifi-400w\/#primaryimage\",\"url\":\"https:\/\/ledsolintel.com\/wp-content\/uploads\/2025\/11\/interruptor-de-pastilla-wifi-400w.jpg\",\"contentUrl\":\"https:\/\/ledsolintel.com\/wp-content\/uploads\/2025\/11\/interruptor-de-pastilla-wifi-400w.jpg\",\"width\":1500,\"height\":1500},{\"@type\":\"BreadcrumbList\",\"@id\":\"https:\/\/ledsolintel.com\/product\/interruptor-de-pastilla-wifi-400w\/#breadcrumb\",\"itemListElement\":[{\"@type\":\"ListItem\",\"position\":1,\"name\":\"Portada\",\"item\":\"https:\/\/ledsolintel.com\/fr\/\"},{\"@type\":\"ListItem\",\"position\":2,\"name\":\"Tienda\",\"item\":\"https:\/\/ledsolintel.com\/tienda\/\"},{\"@type\":\"ListItem\",\"position\":3,\"name\":\"Interruptor de pastilla Wifi 400W\"}]},{\"@type\":\"WebSite\",\"@id\":\"https:\/\/ledsolintel.com\/#website\",\"url\":\"https:\/\/ledsolintel.com\/\",\"name\":\"Webmenaje\",\"description\":\"Tienda de bombillas y l\u00e1mparas LED para profesionales\",\"publisher\":{\"@id\":\"https:\/\/ledsolintel.com\/#organization\"},\"potentialAction\":[{\"@type\":\"SearchAction\",\"target\":{\"@type\":\"EntryPoint\",\"urlTemplate\":\"https:\/\/ledsolintel.com\/?s={search_term_string}\"},\"query-input\":{\"@type\":\"PropertyValueSpecification\",\"valueRequired\":true,\"valueName\":\"search_term_string\"}}],\"inLanguage\":\"fr-FR\"},{\"@type\":\"Organization\",\"@id\":\"https:\/\/ledsolintel.com\/#organization\",\"name\":\"Solintel Noroeste, S.L.\",\"url\":\"https:\/\/ledsolintel.com\/\",\"logo\":{\"@type\":\"ImageObject\",\"inLanguage\":\"fr-FR\",\"@id\":\"https:\/\/ledsolintel.com\/#\/schema\/logo\/image\/\",\"url\":\"https:\/\/ledsolintel.com\/wp-content\/uploads\/2024\/11\/webmenaje-logo-1508269066.jpg\",\"contentUrl\":\"https:\/\/ledsolintel.com\/wp-content\/uploads\/2024\/11\/webmenaje-logo-1508269066.jpg\",\"width\":370,\"height\":90,\"caption\":\"Solintel Noroeste, S.L.\"},\"image\":{\"@id\":\"https:\/\/ledsolintel.com\/#\/schema\/logo\/image\/\"},\"sameAs\":[\"http:\/\/www.facebook.com\/webmenaje\",\"https:\/\/x.com\/webmenaje\",\"https:\/\/www.youtube.com\/channel\/UCX2KoVoeCG4LocZjUc6LmSQ\",\"http:\/\/www.pinterest.com\/webmenaje\"]}]}<\/script>\n<!-- \/ Yoast SEO plugin. -->","yoast_head_json":{"title":"Interruptor de pastilla Wifi 400W - Ledsolintel","robots":{"index":"index","follow":"follow","max-snippet":"max-snippet:-1","max-image-preview":"max-image-preview:large","max-video-preview":"max-video-preview:-1"},"canonical":"https:\/\/ledsolintel.com\/fr\/produit-2\/interruptor-de-pastilla-wifi-400w\/","og_locale":"fr_FR","og_type":"article","og_title":"Interruptor de pastilla Wifi 400W - Ledsolintel","og_description":"Interruptor de pastilla Wifi + RF para una potencia m\u00e1xima de 400W, para diferentes tipos de iluminaci\u00f3n LED (bombillas, l\u00e1mparas dicroicas, downlight, paneles, etc). Tambi\u00e9n es compatible con luminarias convencionales u otros aparatos el\u00e9ctricos con una potencia m\u00e1xima de hasta 3600W. Este dispositivo permite domotizar nuestro hogar conservando los interruptores ya existentes. De este modo, &hellip; Continue reading Interruptor de pastilla Wifi 400W","og_url":"https:\/\/ledsolintel.com\/fr\/produit-2\/interruptor-de-pastilla-wifi-400w\/","og_site_name":"Ledsolintel","article_publisher":"http:\/\/www.facebook.com\/webmenaje","article_modified_time":"2026-04-07T08:19:00+00:00","og_image":[{"width":1500,"height":1500,"url":"https:\/\/ledsolintel.com\/wp-content\/uploads\/2025\/11\/interruptor-de-pastilla-wifi-400w.jpg","type":"image\/jpeg"}],"twitter_card":"summary_large_image","twitter_site":"@webmenaje","twitter_misc":{"Dur\u00e9e de lecture estim\u00e9e":"1 minute"},"schema":{"@context":"https:\/\/schema.org","@graph":[{"@type":"WebPage","@id":"https:\/\/ledsolintel.com\/product\/interruptor-de-pastilla-wifi-400w\/","url":"https:\/\/ledsolintel.com\/product\/interruptor-de-pastilla-wifi-400w\/","name":"Interruptor de pastilla Wifi 400W - Ledsolintel","isPartOf":{"@id":"https:\/\/ledsolintel.com\/#website"},"primaryImageOfPage":{"@id":"https:\/\/ledsolintel.com\/product\/interruptor-de-pastilla-wifi-400w\/#primaryimage"},"image":{"@id":"https:\/\/ledsolintel.com\/product\/interruptor-de-pastilla-wifi-400w\/#primaryimage"},"thumbnailUrl":"https:\/\/ledsolintel.com\/wp-content\/uploads\/2025\/11\/interruptor-de-pastilla-wifi-400w.jpg","datePublished":"2025-11-11T16:01:43+00:00","dateModified":"2026-04-07T08:19:00+00:00","breadcrumb":{"@id":"https:\/\/ledsolintel.com\/product\/interruptor-de-pastilla-wifi-400w\/#breadcrumb"},"inLanguage":"fr-FR","potentialAction":[{"@type":"ReadAction","target":["https:\/\/ledsolintel.com\/product\/interruptor-de-pastilla-wifi-400w\/"]}]},{"@type":"ImageObject","inLanguage":"fr-FR","@id":"https:\/\/ledsolintel.com\/product\/interruptor-de-pastilla-wifi-400w\/#primaryimage","url":"https:\/\/ledsolintel.com\/wp-content\/uploads\/2025\/11\/interruptor-de-pastilla-wifi-400w.jpg","contentUrl":"https:\/\/ledsolintel.com\/wp-content\/uploads\/2025\/11\/interruptor-de-pastilla-wifi-400w.jpg","width":1500,"height":1500},{"@type":"BreadcrumbList","@id":"https:\/\/ledsolintel.com\/product\/interruptor-de-pastilla-wifi-400w\/#breadcrumb","itemListElement":[{"@type":"ListItem","position":1,"name":"Portada","item":"https:\/\/ledsolintel.com\/fr\/"},{"@type":"ListItem","position":2,"name":"Tienda","item":"https:\/\/ledsolintel.com\/tienda\/"},{"@type":"ListItem","position":3,"name":"Interruptor de pastilla Wifi 400W"}]},{"@type":"WebSite","@id":"https:\/\/ledsolintel.com\/#website","url":"https:\/\/ledsolintel.com\/","name":"Webmenaje","description":"Magasin d'ampoules et de lampes LED pour les professionnels","publisher":{"@id":"https:\/\/ledsolintel.com\/#organization"},"potentialAction":[{"@type":"SearchAction","target":{"@type":"EntryPoint","urlTemplate":"https:\/\/ledsolintel.com\/?s={search_term_string}"},"query-input":{"@type":"PropertyValueSpecification","valueRequired":true,"valueName":"search_term_string"}}],"inLanguage":"fr-FR"},{"@type":"Organization","@id":"https:\/\/ledsolintel.com\/#organization","name":"Solintel Noroeste, S.L.","url":"https:\/\/ledsolintel.com\/","logo":{"@type":"ImageObject","inLanguage":"fr-FR","@id":"https:\/\/ledsolintel.com\/#\/schema\/logo\/image\/","url":"https:\/\/ledsolintel.com\/wp-content\/uploads\/2024\/11\/webmenaje-logo-1508269066.jpg","contentUrl":"https:\/\/ledsolintel.com\/wp-content\/uploads\/2024\/11\/webmenaje-logo-1508269066.jpg","width":370,"height":90,"caption":"Solintel Noroeste, S.L."},"image":{"@id":"https:\/\/ledsolintel.com\/#\/schema\/logo\/image\/"},"sameAs":["http:\/\/www.facebook.com\/webmenaje","https:\/\/x.com\/webmenaje","https:\/\/www.youtube.com\/channel\/UCX2KoVoeCG4LocZjUc6LmSQ","http:\/\/www.pinterest.com\/webmenaje"]}]}},"_links":{"self":[{"href":"https:\/\/ledsolintel.com\/fr\/wp-json\/wp\/v2\/product\/268582","targetHints":{"allow":["GET"]}}],"collection":[{"href":"https:\/\/ledsolintel.com\/fr\/wp-json\/wp\/v2\/product"}],"about":[{"href":"https:\/\/ledsolintel.com\/fr\/wp-json\/wp\/v2\/types\/product"}],"version-history":[{"count":1,"href":"https:\/\/ledsolintel.com\/fr\/wp-json\/wp\/v2\/product\/268582\/revisions"}],"predecessor-version":[{"id":268583,"href":"https:\/\/ledsolintel.com\/fr\/wp-json\/wp\/v2\/product\/268582\/revisions\/268583"}],"wp:featuredmedia":[{"embeddable":true,"href":"https:\/\/ledsolintel.com\/fr\/wp-json\/wp\/v2\/media\/262878"}],"wp:attachment":[{"href":"https:\/\/ledsolintel.com\/fr\/wp-json\/wp\/v2\/media?parent=268582"}],"wp:term":[{"taxonomy":"product_brand","embeddable":true,"href":"https:\/\/ledsolintel.com\/fr\/wp-json\/wp\/v2\/product_brand?post=268582"},{"taxonomy":"product_cat","embeddable":true,"href":"https:\/\/ledsolintel.com\/fr\/wp-json\/wp\/v2\/product_cat?post=268582"},{"taxonomy":"product_tag","embeddable":true,"href":"https:\/\/ledsolintel.com\/fr\/wp-json\/wp\/v2\/product_tag?post=268582"}],"curies":[{"name":"wp","href":"https:\/\/api.w.org\/{rel}","templated":true}]}}