{"id":268542,"date":"2025-11-11T17:01:05","date_gmt":"2025-11-11T16:01:05","guid":{"rendered":"https:\/\/nueva.ledsolintel.com\/product\/tira-led-cob-12v-5m-12w-m-ip20\/"},"modified":"2026-04-07T10:19:01","modified_gmt":"2026-04-07T08:19:01","slug":"cob-led-strip-12v-5m-12w-m-ip20","status":"publish","type":"product","link":"https:\/\/ledsolintel.com\/fr\/produit-2\/cob-led-strip-12v-5m-12w-m-ip20\/","title":{"rendered":"Bande LED COB 12V 5m 12W\/m IP20"},"content":{"rendered":"<p>Ce type de bande LED COB auto-adh\u00e9sive de 12V est fourni en rouleaux de 5 m\u00e8tres avec 12W (par m\u00e8tre). Gr\u00e2ce \u00e0 son degr\u00e9 de protection IP20, elle est id\u00e9ale pour une installation en int\u00e9rieur (protection contre les particules solides de plus de 12 mm et non \u00e9tanche) et \u00e9galement pour une installation dans des profil\u00e9s en aluminium. Il s'agit d'un produit adapt\u00e9 \u00e0 un usage domestique (plafonds, escaliers ou mobilier en g\u00e9n\u00e9ral) et commercial (magasins, restaurants, etc.). La technologie COB permet d'obtenir un \u00e9clairage homog\u00e8ne sur toute la bande, sans ombres ni points lumineux visibles.     D'une grande efficacit\u00e9, elle consomme 12W gr\u00e2ce \u00e0 la LED de type COB et fournit un flux lumineux de 4200 lumens au total. Elle est disponible en trois temp\u00e9ratures de couleur : blanc (6500\u00b0K), neutre (4000\u00b0K) et chaud (3000\u00b0K).     L'installation est tr\u00e8s simple. Tout d'abord, si vous n'installez pas la section compl\u00e8te de 5 m\u00e8tres, vous devez couper ou raccorder la bande pour obtenir la longueur souhait\u00e9e. Il faut savoir que la bande peut \u00eatre coup\u00e9e tous les 5 cm dans les zones de coupe marqu\u00e9es et qu'il n'est pas possible de raccorder plus de 5 m\u00e8tres lin\u00e9aires (sinon il y aura une perte de lumi\u00e8re due \u00e0 la chute de tension).     Une fois la bande plac\u00e9e, soit dans l'air, soit \u00e0 l'int\u00e9rieur d'un profil\u00e9, elle doit \u00eatre aliment\u00e9e au moyen d'un transformateur de courant continu de 12 V. La puissance du transformateur doit \u00eatre plus \u00e9lev\u00e9e que celle du transformateur de courant continu. La puissance du transformateur doit \u00eatre sup\u00e9rieure \u00e0 la puissance totale de la bande (ou des bandes) \u00e0 alimenter. Si vous souhaitez diminuer l'intensit\u00e9 lumineuse ou contr\u00f4ler l'\u00e9clairage \u00e0 distance, un variateur ou un contr\u00f4leur peut \u00eatre ajout\u00e9 \u00e0 l'installation. Dans la section des accessoires et articles connexes, les contr\u00f4leurs et r\u00e9gulateurs compatibles avec cette r\u00e9glette sont pr\u00e9sent\u00e9s, ainsi que d'autres accessoires permettant d'effectuer des raccordements et\/ou de compl\u00e9ter l'installation. Pour des informations plus d\u00e9taill\u00e9es sur le montage, consultez le manuel disponible dans l'onglet \u201cManuels et t\u00e9l\u00e9chargements\u201d. En plus d'\u00eatre un produit ayant une dur\u00e9e de vie de plus de 30 000 heures, il b\u00e9n\u00e9ficie d'une garantie de 3 ans. Il dispose \u00e9galement du certificat CE, qui atteste qu'il est conforme aux exigences de l'UE en mati\u00e8re de compatibilit\u00e9 \u00e9lectromagn\u00e9tique et de r\u00e9glementation sur la basse tension. Ce certificat d\u00e9clare la conformit\u00e9 du produit \u00e0 toutes les exigences l\u00e9gales et garantit la validit\u00e9 de la vente du produit dans l'Espace \u00e9conomique europ\u00e9en.<\/p>","protected":false},"excerpt":{"rendered":"<p>Este tipo de tira LED COB autoadhesiva de 12V se suministra en rollos de 5 metros con 12W (por metro). Debido a su grado de protecci\u00f3n IP20 es ideal para instalar en zonas interiores (protecci\u00f3n contra part\u00edculas s\u00f3lidas de tama\u00f1o superior a 12mm y no es resistente al agua) y tambi\u00e9n para instalaci\u00f3n en perfil &hellip; <a href=\"https:\/\/ledsolintel.com\/fr\/produit-2\/cob-led-strip-12v-5m-12w-m-ip20\/\" class=\"more-link\">Continue reading <span class=\"screen-reader-text\">Bande LED COB 12V 5m 12W\/m IP20<\/span><\/a><\/p>","protected":false},"featured_media":262800,"template":"","meta":[],"product_brand":[101370],"product_cat":[101371,99683,99581,15],"product_tag":[],"class_list":{"0":"post-268542","1":"product","2":"type-product","3":"status-publish","4":"has-post-thumbnail","6":"product_brand-masterled","7":"product_cat-masterled","8":"product_cat-tiras-de-led","9":"product_cat-tiras-de-led-perfiles-drivers-y-accesorios","10":"product_cat-uncategorized","11":"pa_temperatura-color-luz-blanca","12":"pa_temperatura-color-luz-calida","13":"pa_temperatura-color-luz-neutra","16":"instock","17":"taxable","18":"shipping-taxable","19":"purchasable","20":"product-type-variable","21":"has-default-attributes"},"yoast_head":"<!-- This site is optimized with the Yoast SEO plugin v26.6 - https:\/\/yoast.com\/wordpress\/plugins\/seo\/ -->\n<title>Tira Led COB 12V 5m 12W\/m IP20 - Ledsolintel<\/title>\n<meta name=\"robots\" content=\"index, follow, max-snippet:-1, max-image-preview:large, max-video-preview:-1\" \/>\n<link rel=\"canonical\" href=\"https:\/\/ledsolintel.com\/fr\/produit-2\/cob-led-strip-12v-5m-12w-m-ip20\/\" \/>\n<meta property=\"og:locale\" content=\"fr_FR\" \/>\n<meta property=\"og:type\" content=\"article\" \/>\n<meta property=\"og:title\" content=\"Tira Led COB 12V 5m 12W\/m IP20 - Ledsolintel\" \/>\n<meta property=\"og:description\" content=\"Este tipo de tira LED COB autoadhesiva de 12V se suministra en rollos de 5 metros con 12W (por metro). Debido a su grado de protecci\u00f3n IP20 es ideal para instalar en zonas interiores (protecci\u00f3n contra part\u00edculas s\u00f3lidas de tama\u00f1o superior a 12mm y no es resistente al agua) y tambi\u00e9n para instalaci\u00f3n en perfil &hellip; Continue reading Tira Led COB 12V 5m 12W\/m IP20\" \/>\n<meta property=\"og:url\" content=\"https:\/\/ledsolintel.com\/fr\/produit-2\/cob-led-strip-12v-5m-12w-m-ip20\/\" \/>\n<meta property=\"og:site_name\" content=\"Ledsolintel\" \/>\n<meta property=\"article:publisher\" content=\"http:\/\/www.facebook.com\/webmenaje\" \/>\n<meta property=\"article:modified_time\" content=\"2026-04-07T08:19:01+00:00\" \/>\n<meta property=\"og:image\" content=\"https:\/\/ledsolintel.com\/wp-content\/uploads\/2025\/11\/tira-led-cob-12v-5m-12wm-ip20.jpg\" \/>\n\t<meta property=\"og:image:width\" content=\"1500\" \/>\n\t<meta property=\"og:image:height\" content=\"1500\" \/>\n\t<meta property=\"og:image:type\" content=\"image\/jpeg\" \/>\n<meta name=\"twitter:card\" content=\"summary_large_image\" \/>\n<meta name=\"twitter:site\" content=\"@webmenaje\" \/>\n<meta name=\"twitter:label1\" content=\"Dur\u00e9e de lecture estim\u00e9e\" \/>\n\t<meta name=\"twitter:data1\" content=\"2 minutes\" \/>\n<script type=\"application\/ld+json\" class=\"yoast-schema-graph\">{\"@context\":\"https:\/\/schema.org\",\"@graph\":[{\"@type\":\"WebPage\",\"@id\":\"https:\/\/ledsolintel.com\/product\/tira-led-cob-12v-5m-12w-m-ip20\/\",\"url\":\"https:\/\/ledsolintel.com\/product\/tira-led-cob-12v-5m-12w-m-ip20\/\",\"name\":\"Tira Led COB 12V 5m 12W\/m IP20 - Ledsolintel\",\"isPartOf\":{\"@id\":\"https:\/\/ledsolintel.com\/#website\"},\"primaryImageOfPage\":{\"@id\":\"https:\/\/ledsolintel.com\/product\/tira-led-cob-12v-5m-12w-m-ip20\/#primaryimage\"},\"image\":{\"@id\":\"https:\/\/ledsolintel.com\/product\/tira-led-cob-12v-5m-12w-m-ip20\/#primaryimage\"},\"thumbnailUrl\":\"https:\/\/ledsolintel.com\/wp-content\/uploads\/2025\/11\/tira-led-cob-12v-5m-12wm-ip20.jpg\",\"datePublished\":\"2025-11-11T16:01:05+00:00\",\"dateModified\":\"2026-04-07T08:19:01+00:00\",\"breadcrumb\":{\"@id\":\"https:\/\/ledsolintel.com\/product\/tira-led-cob-12v-5m-12w-m-ip20\/#breadcrumb\"},\"inLanguage\":\"fr-FR\",\"potentialAction\":[{\"@type\":\"ReadAction\",\"target\":[\"https:\/\/ledsolintel.com\/product\/tira-led-cob-12v-5m-12w-m-ip20\/\"]}]},{\"@type\":\"ImageObject\",\"inLanguage\":\"fr-FR\",\"@id\":\"https:\/\/ledsolintel.com\/product\/tira-led-cob-12v-5m-12w-m-ip20\/#primaryimage\",\"url\":\"https:\/\/ledsolintel.com\/wp-content\/uploads\/2025\/11\/tira-led-cob-12v-5m-12wm-ip20.jpg\",\"contentUrl\":\"https:\/\/ledsolintel.com\/wp-content\/uploads\/2025\/11\/tira-led-cob-12v-5m-12wm-ip20.jpg\",\"width\":1500,\"height\":1500},{\"@type\":\"BreadcrumbList\",\"@id\":\"https:\/\/ledsolintel.com\/product\/tira-led-cob-12v-5m-12w-m-ip20\/#breadcrumb\",\"itemListElement\":[{\"@type\":\"ListItem\",\"position\":1,\"name\":\"Portada\",\"item\":\"https:\/\/ledsolintel.com\/fr\/\"},{\"@type\":\"ListItem\",\"position\":2,\"name\":\"Tienda\",\"item\":\"https:\/\/ledsolintel.com\/tienda\/\"},{\"@type\":\"ListItem\",\"position\":3,\"name\":\"Tira Led COB 12V 5m 12W\/m IP20\"}]},{\"@type\":\"WebSite\",\"@id\":\"https:\/\/ledsolintel.com\/#website\",\"url\":\"https:\/\/ledsolintel.com\/\",\"name\":\"Webmenaje\",\"description\":\"Tienda de bombillas y l\u00e1mparas LED para profesionales\",\"publisher\":{\"@id\":\"https:\/\/ledsolintel.com\/#organization\"},\"potentialAction\":[{\"@type\":\"SearchAction\",\"target\":{\"@type\":\"EntryPoint\",\"urlTemplate\":\"https:\/\/ledsolintel.com\/?s={search_term_string}\"},\"query-input\":{\"@type\":\"PropertyValueSpecification\",\"valueRequired\":true,\"valueName\":\"search_term_string\"}}],\"inLanguage\":\"fr-FR\"},{\"@type\":\"Organization\",\"@id\":\"https:\/\/ledsolintel.com\/#organization\",\"name\":\"Solintel Noroeste, S.L.\",\"url\":\"https:\/\/ledsolintel.com\/\",\"logo\":{\"@type\":\"ImageObject\",\"inLanguage\":\"fr-FR\",\"@id\":\"https:\/\/ledsolintel.com\/#\/schema\/logo\/image\/\",\"url\":\"https:\/\/ledsolintel.com\/wp-content\/uploads\/2024\/11\/webmenaje-logo-1508269066.jpg\",\"contentUrl\":\"https:\/\/ledsolintel.com\/wp-content\/uploads\/2024\/11\/webmenaje-logo-1508269066.jpg\",\"width\":370,\"height\":90,\"caption\":\"Solintel Noroeste, S.L.\"},\"image\":{\"@id\":\"https:\/\/ledsolintel.com\/#\/schema\/logo\/image\/\"},\"sameAs\":[\"http:\/\/www.facebook.com\/webmenaje\",\"https:\/\/x.com\/webmenaje\",\"https:\/\/www.youtube.com\/channel\/UCX2KoVoeCG4LocZjUc6LmSQ\",\"http:\/\/www.pinterest.com\/webmenaje\"]}]}<\/script>\n<!-- \/ Yoast SEO plugin. -->","yoast_head_json":{"title":"Bande LED COB 12V 5m 12W\/m IP20 - Ledsolintel","robots":{"index":"index","follow":"follow","max-snippet":"max-snippet:-1","max-image-preview":"max-image-preview:large","max-video-preview":"max-video-preview:-1"},"canonical":"https:\/\/ledsolintel.com\/fr\/produit-2\/cob-led-strip-12v-5m-12w-m-ip20\/","og_locale":"fr_FR","og_type":"article","og_title":"Tira Led COB 12V 5m 12W\/m IP20 - Ledsolintel","og_description":"Este tipo de tira LED COB autoadhesiva de 12V se suministra en rollos de 5 metros con 12W (por metro). Debido a su grado de protecci\u00f3n IP20 es ideal para instalar en zonas interiores (protecci\u00f3n contra part\u00edculas s\u00f3lidas de tama\u00f1o superior a 12mm y no es resistente al agua) y tambi\u00e9n para instalaci\u00f3n en perfil &hellip; Continue reading Tira Led COB 12V 5m 12W\/m IP20","og_url":"https:\/\/ledsolintel.com\/fr\/produit-2\/cob-led-strip-12v-5m-12w-m-ip20\/","og_site_name":"Ledsolintel","article_publisher":"http:\/\/www.facebook.com\/webmenaje","article_modified_time":"2026-04-07T08:19:01+00:00","og_image":[{"width":1500,"height":1500,"url":"https:\/\/ledsolintel.com\/wp-content\/uploads\/2025\/11\/tira-led-cob-12v-5m-12wm-ip20.jpg","type":"image\/jpeg"}],"twitter_card":"summary_large_image","twitter_site":"@webmenaje","twitter_misc":{"Dur\u00e9e de lecture estim\u00e9e":"2 minutes"},"schema":{"@context":"https:\/\/schema.org","@graph":[{"@type":"WebPage","@id":"https:\/\/ledsolintel.com\/product\/tira-led-cob-12v-5m-12w-m-ip20\/","url":"https:\/\/ledsolintel.com\/product\/tira-led-cob-12v-5m-12w-m-ip20\/","name":"Bande LED COB 12V 5m 12W\/m IP20 - Ledsolintel","isPartOf":{"@id":"https:\/\/ledsolintel.com\/#website"},"primaryImageOfPage":{"@id":"https:\/\/ledsolintel.com\/product\/tira-led-cob-12v-5m-12w-m-ip20\/#primaryimage"},"image":{"@id":"https:\/\/ledsolintel.com\/product\/tira-led-cob-12v-5m-12w-m-ip20\/#primaryimage"},"thumbnailUrl":"https:\/\/ledsolintel.com\/wp-content\/uploads\/2025\/11\/tira-led-cob-12v-5m-12wm-ip20.jpg","datePublished":"2025-11-11T16:01:05+00:00","dateModified":"2026-04-07T08:19:01+00:00","breadcrumb":{"@id":"https:\/\/ledsolintel.com\/product\/tira-led-cob-12v-5m-12w-m-ip20\/#breadcrumb"},"inLanguage":"fr-FR","potentialAction":[{"@type":"ReadAction","target":["https:\/\/ledsolintel.com\/product\/tira-led-cob-12v-5m-12w-m-ip20\/"]}]},{"@type":"ImageObject","inLanguage":"fr-FR","@id":"https:\/\/ledsolintel.com\/product\/tira-led-cob-12v-5m-12w-m-ip20\/#primaryimage","url":"https:\/\/ledsolintel.com\/wp-content\/uploads\/2025\/11\/tira-led-cob-12v-5m-12wm-ip20.jpg","contentUrl":"https:\/\/ledsolintel.com\/wp-content\/uploads\/2025\/11\/tira-led-cob-12v-5m-12wm-ip20.jpg","width":1500,"height":1500},{"@type":"BreadcrumbList","@id":"https:\/\/ledsolintel.com\/product\/tira-led-cob-12v-5m-12w-m-ip20\/#breadcrumb","itemListElement":[{"@type":"ListItem","position":1,"name":"Portada","item":"https:\/\/ledsolintel.com\/fr\/"},{"@type":"ListItem","position":2,"name":"Tienda","item":"https:\/\/ledsolintel.com\/tienda\/"},{"@type":"ListItem","position":3,"name":"Tira Led COB 12V 5m 12W\/m IP20"}]},{"@type":"WebSite","@id":"https:\/\/ledsolintel.com\/#website","url":"https:\/\/ledsolintel.com\/","name":"Webmenaje","description":"Magasin d'ampoules et de lampes LED pour les professionnels","publisher":{"@id":"https:\/\/ledsolintel.com\/#organization"},"potentialAction":[{"@type":"SearchAction","target":{"@type":"EntryPoint","urlTemplate":"https:\/\/ledsolintel.com\/?s={search_term_string}"},"query-input":{"@type":"PropertyValueSpecification","valueRequired":true,"valueName":"search_term_string"}}],"inLanguage":"fr-FR"},{"@type":"Organization","@id":"https:\/\/ledsolintel.com\/#organization","name":"Solintel Noroeste, S.L.","url":"https:\/\/ledsolintel.com\/","logo":{"@type":"ImageObject","inLanguage":"fr-FR","@id":"https:\/\/ledsolintel.com\/#\/schema\/logo\/image\/","url":"https:\/\/ledsolintel.com\/wp-content\/uploads\/2024\/11\/webmenaje-logo-1508269066.jpg","contentUrl":"https:\/\/ledsolintel.com\/wp-content\/uploads\/2024\/11\/webmenaje-logo-1508269066.jpg","width":370,"height":90,"caption":"Solintel Noroeste, S.L."},"image":{"@id":"https:\/\/ledsolintel.com\/#\/schema\/logo\/image\/"},"sameAs":["http:\/\/www.facebook.com\/webmenaje","https:\/\/x.com\/webmenaje","https:\/\/www.youtube.com\/channel\/UCX2KoVoeCG4LocZjUc6LmSQ","http:\/\/www.pinterest.com\/webmenaje"]}]}},"_links":{"self":[{"href":"https:\/\/ledsolintel.com\/fr\/wp-json\/wp\/v2\/product\/268542","targetHints":{"allow":["GET"]}}],"collection":[{"href":"https:\/\/ledsolintel.com\/fr\/wp-json\/wp\/v2\/product"}],"about":[{"href":"https:\/\/ledsolintel.com\/fr\/wp-json\/wp\/v2\/types\/product"}],"version-history":[{"count":1,"href":"https:\/\/ledsolintel.com\/fr\/wp-json\/wp\/v2\/product\/268542\/revisions"}],"predecessor-version":[{"id":268543,"href":"https:\/\/ledsolintel.com\/fr\/wp-json\/wp\/v2\/product\/268542\/revisions\/268543"}],"wp:featuredmedia":[{"embeddable":true,"href":"https:\/\/ledsolintel.com\/fr\/wp-json\/wp\/v2\/media\/262800"}],"wp:attachment":[{"href":"https:\/\/ledsolintel.com\/fr\/wp-json\/wp\/v2\/media?parent=268542"}],"wp:term":[{"taxonomy":"product_brand","embeddable":true,"href":"https:\/\/ledsolintel.com\/fr\/wp-json\/wp\/v2\/product_brand?post=268542"},{"taxonomy":"product_cat","embeddable":true,"href":"https:\/\/ledsolintel.com\/fr\/wp-json\/wp\/v2\/product_cat?post=268542"},{"taxonomy":"product_tag","embeddable":true,"href":"https:\/\/ledsolintel.com\/fr\/wp-json\/wp\/v2\/product_tag?post=268542"}],"curies":[{"name":"wp","href":"https:\/\/api.w.org\/{rel}","templated":true}]}}