{"id":268539,"date":"2025-11-11T17:01:03","date_gmt":"2025-11-11T16:01:03","guid":{"rendered":"https:\/\/nueva.ledsolintel.com\/product\/pantalla-estanca-atex-2-tubos-1200mm\/"},"modified":"2026-04-07T10:19:01","modified_gmt":"2026-04-07T08:19:01","slug":"pantalla-estanca-atex-2-tubos-1200mm","status":"publish","type":"product","link":"https:\/\/ledsolintel.com\/fr\/produit-2\/pantalla-estanca-atex-2-tubos-1200mm\/","title":{"rendered":"Ecran \u00e9tanche ATEX 2 tuyaux 1200mm"},"content":{"rendered":"<p>Pantalla estanca ATEX con capacidad para dos tubos LED T8 de 120 cm.\u00a0Con protecci\u00f3n frente a atm\u00f3sferas susceptibles de provocar explosiones.Su grado de protecci\u00f3n IP66 permite su instalaci\u00f3n en zonas h\u00famedas.  Luminaria dise\u00f1ada para f\u00e1bricas, almacenes, talleres, naves industriales, parkings, supermercados, gasolineras y zonas con atm\u00f3sferas potencialmente explosivas en general.  Cierre de seguridad mediante llave hexagonal (llave incluida con el producto).  Incorpora soporte\u00a0met\u00e1lico para instalaci\u00f3n en superficie.  Recomendado su uso con nuestros tubos T8 de aluminio, no recomendada para su uso con tubos de policarbonato.  Caracter\u00edsticas:  &#8211; Grado anticorrosi\u00f3n: WF2  &#8211; II 2GD Ex d e IIC T6 Gb  &#8211;\u00a0DIP A21 TA,T6 IP66\u00a0  Apto para zonas 1 y 2 (gases) + 21 y 22 (polvo).Compatible solo con tubos LED de conexi\u00f3n por las dos cabezas.(Tubos no incluidos)<\/p>","protected":false},"excerpt":{"rendered":"<p>Pantalla estanca ATEX con capacidad para dos tubos LED T8 de 120 cm.\u00a0Con protecci\u00f3n frente a atm\u00f3sferas susceptibles de provocar explosiones.Su grado de protecci\u00f3n IP66 permite su instalaci\u00f3n en zonas h\u00famedas. Luminaria dise\u00f1ada para f\u00e1bricas, almacenes, talleres, naves industriales, parkings, supermercados, gasolineras y zonas con atm\u00f3sferas potencialmente explosivas en general. Cierre de seguridad mediante llave &hellip; <a href=\"https:\/\/ledsolintel.com\/fr\/produit-2\/pantalla-estanca-atex-2-tubos-1200mm\/\" class=\"more-link\">Continue reading <span class=\"screen-reader-text\">Ecran \u00e9tanche ATEX 2 tuyaux 1200mm<\/span><\/a><\/p>","protected":false},"featured_media":262793,"template":"","meta":[],"product_brand":[101370],"product_cat":[101371,15],"product_tag":[],"class_list":{"0":"post-268539","1":"product","2":"type-product","3":"status-publish","4":"has-post-thumbnail","6":"product_brand-masterled","7":"product_cat-masterled","8":"product_cat-uncategorized","9":"pa_material-policarbonato","12":"instock","13":"taxable","14":"shipping-taxable","15":"purchasable","16":"product-type-simple"},"yoast_head":"<!-- This site is optimized with the Yoast SEO plugin v27.4 - https:\/\/yoast.com\/product\/yoast-seo-wordpress\/ -->\n<title>Pantalla estanca ATEX 2 tubos 1200mm - Ledsolintel<\/title>\n<meta name=\"robots\" content=\"index, follow, max-snippet:-1, max-image-preview:large, max-video-preview:-1\" \/>\n<link rel=\"canonical\" href=\"https:\/\/ledsolintel.com\/fr\/produit-2\/pantalla-estanca-atex-2-tubos-1200mm\/\" \/>\n<meta property=\"og:locale\" content=\"fr_FR\" \/>\n<meta property=\"og:type\" content=\"article\" \/>\n<meta property=\"og:title\" content=\"Pantalla estanca ATEX 2 tubos 1200mm - Ledsolintel\" \/>\n<meta property=\"og:description\" content=\"Pantalla estanca ATEX con capacidad para dos tubos LED T8 de 120 cm.\u00a0Con protecci\u00f3n frente a atm\u00f3sferas susceptibles de provocar explosiones.Su grado de protecci\u00f3n IP66 permite su instalaci\u00f3n en zonas h\u00famedas. Luminaria dise\u00f1ada para f\u00e1bricas, almacenes, talleres, naves industriales, parkings, supermercados, gasolineras y zonas con atm\u00f3sferas potencialmente explosivas en general. Cierre de seguridad mediante llave &hellip; Continue reading Pantalla estanca ATEX 2 tubos 1200mm\" \/>\n<meta property=\"og:url\" content=\"https:\/\/ledsolintel.com\/fr\/produit-2\/pantalla-estanca-atex-2-tubos-1200mm\/\" \/>\n<meta property=\"og:site_name\" content=\"Ledsolintel\" \/>\n<meta property=\"article:publisher\" content=\"http:\/\/www.facebook.com\/webmenaje\" \/>\n<meta property=\"article:modified_time\" content=\"2026-04-07T08:19:01+00:00\" \/>\n<meta property=\"og:image\" content=\"https:\/\/ledsolintel.com\/wp-content\/uploads\/2025\/11\/pantalla-estanca-atex-2-tubos-1200mm.jpg\" \/>\n\t<meta property=\"og:image:width\" content=\"1500\" \/>\n\t<meta property=\"og:image:height\" content=\"1500\" \/>\n\t<meta property=\"og:image:type\" content=\"image\/jpeg\" \/>\n<meta name=\"twitter:card\" content=\"summary_large_image\" \/>\n<meta name=\"twitter:site\" content=\"@webmenaje\" \/>\n<meta name=\"twitter:label1\" content=\"Dur\u00e9e de lecture estim\u00e9e\" \/>\n\t<meta name=\"twitter:data1\" content=\"1 minute\" \/>\n<script type=\"application\/ld+json\" class=\"yoast-schema-graph\">{\"@context\":\"https:\\\/\\\/schema.org\",\"@graph\":[{\"@type\":\"WebPage\",\"@id\":\"https:\\\/\\\/ledsolintel.com\\\/product\\\/pantalla-estanca-atex-2-tubos-1200mm\\\/\",\"url\":\"https:\\\/\\\/ledsolintel.com\\\/product\\\/pantalla-estanca-atex-2-tubos-1200mm\\\/\",\"name\":\"Pantalla estanca ATEX 2 tubos 1200mm - Ledsolintel\",\"isPartOf\":{\"@id\":\"https:\\\/\\\/ledsolintel.com\\\/#website\"},\"primaryImageOfPage\":{\"@id\":\"https:\\\/\\\/ledsolintel.com\\\/product\\\/pantalla-estanca-atex-2-tubos-1200mm\\\/#primaryimage\"},\"image\":{\"@id\":\"https:\\\/\\\/ledsolintel.com\\\/product\\\/pantalla-estanca-atex-2-tubos-1200mm\\\/#primaryimage\"},\"thumbnailUrl\":\"https:\\\/\\\/ledsolintel.com\\\/wp-content\\\/uploads\\\/2025\\\/11\\\/pantalla-estanca-atex-2-tubos-1200mm.jpg\",\"datePublished\":\"2025-11-11T16:01:03+00:00\",\"dateModified\":\"2026-04-07T08:19:01+00:00\",\"breadcrumb\":{\"@id\":\"https:\\\/\\\/ledsolintel.com\\\/product\\\/pantalla-estanca-atex-2-tubos-1200mm\\\/#breadcrumb\"},\"inLanguage\":\"fr-FR\",\"potentialAction\":[{\"@type\":\"ReadAction\",\"target\":[\"https:\\\/\\\/ledsolintel.com\\\/product\\\/pantalla-estanca-atex-2-tubos-1200mm\\\/\"]}]},{\"@type\":\"ImageObject\",\"inLanguage\":\"fr-FR\",\"@id\":\"https:\\\/\\\/ledsolintel.com\\\/product\\\/pantalla-estanca-atex-2-tubos-1200mm\\\/#primaryimage\",\"url\":\"https:\\\/\\\/ledsolintel.com\\\/wp-content\\\/uploads\\\/2025\\\/11\\\/pantalla-estanca-atex-2-tubos-1200mm.jpg\",\"contentUrl\":\"https:\\\/\\\/ledsolintel.com\\\/wp-content\\\/uploads\\\/2025\\\/11\\\/pantalla-estanca-atex-2-tubos-1200mm.jpg\",\"width\":1500,\"height\":1500},{\"@type\":\"BreadcrumbList\",\"@id\":\"https:\\\/\\\/ledsolintel.com\\\/product\\\/pantalla-estanca-atex-2-tubos-1200mm\\\/#breadcrumb\",\"itemListElement\":[{\"@type\":\"ListItem\",\"position\":1,\"name\":\"Portada\",\"item\":\"https:\\\/\\\/ledsolintel.com\\\/fr\\\/\"},{\"@type\":\"ListItem\",\"position\":2,\"name\":\"Tienda\",\"item\":\"https:\\\/\\\/ledsolintel.com\\\/tienda\\\/\"},{\"@type\":\"ListItem\",\"position\":3,\"name\":\"Pantalla estanca ATEX 2 tubos 1200mm\"}]},{\"@type\":\"WebSite\",\"@id\":\"https:\\\/\\\/ledsolintel.com\\\/#website\",\"url\":\"https:\\\/\\\/ledsolintel.com\\\/\",\"name\":\"Webmenaje\",\"description\":\"Tienda de bombillas y l\u00e1mparas LED para profesionales\",\"publisher\":{\"@id\":\"https:\\\/\\\/ledsolintel.com\\\/#organization\"},\"potentialAction\":[{\"@type\":\"SearchAction\",\"target\":{\"@type\":\"EntryPoint\",\"urlTemplate\":\"https:\\\/\\\/ledsolintel.com\\\/?s={search_term_string}\"},\"query-input\":{\"@type\":\"PropertyValueSpecification\",\"valueRequired\":true,\"valueName\":\"search_term_string\"}}],\"inLanguage\":\"fr-FR\"},{\"@type\":\"Organization\",\"@id\":\"https:\\\/\\\/ledsolintel.com\\\/#organization\",\"name\":\"Solintel Noroeste, S.L.\",\"url\":\"https:\\\/\\\/ledsolintel.com\\\/\",\"logo\":{\"@type\":\"ImageObject\",\"inLanguage\":\"fr-FR\",\"@id\":\"https:\\\/\\\/ledsolintel.com\\\/#\\\/schema\\\/logo\\\/image\\\/\",\"url\":\"https:\\\/\\\/ledsolintel.com\\\/wp-content\\\/uploads\\\/2024\\\/11\\\/webmenaje-logo-1508269066.jpg\",\"contentUrl\":\"https:\\\/\\\/ledsolintel.com\\\/wp-content\\\/uploads\\\/2024\\\/11\\\/webmenaje-logo-1508269066.jpg\",\"width\":370,\"height\":90,\"caption\":\"Solintel Noroeste, S.L.\"},\"image\":{\"@id\":\"https:\\\/\\\/ledsolintel.com\\\/#\\\/schema\\\/logo\\\/image\\\/\"},\"sameAs\":[\"http:\\\/\\\/www.facebook.com\\\/webmenaje\",\"https:\\\/\\\/x.com\\\/webmenaje\",\"https:\\\/\\\/www.youtube.com\\\/channel\\\/UCX2KoVoeCG4LocZjUc6LmSQ\",\"http:\\\/\\\/www.pinterest.com\\\/webmenaje\"]}]}<\/script>\n<!-- \/ Yoast SEO plugin. -->","yoast_head_json":{"title":"Pantalla estanca ATEX 2 tubos 1200mm - Ledsolintel","robots":{"index":"index","follow":"follow","max-snippet":"max-snippet:-1","max-image-preview":"max-image-preview:large","max-video-preview":"max-video-preview:-1"},"canonical":"https:\/\/ledsolintel.com\/fr\/produit-2\/pantalla-estanca-atex-2-tubos-1200mm\/","og_locale":"fr_FR","og_type":"article","og_title":"Pantalla estanca ATEX 2 tubos 1200mm - Ledsolintel","og_description":"Pantalla estanca ATEX con capacidad para dos tubos LED T8 de 120 cm.\u00a0Con protecci\u00f3n frente a atm\u00f3sferas susceptibles de provocar explosiones.Su grado de protecci\u00f3n IP66 permite su instalaci\u00f3n en zonas h\u00famedas. Luminaria dise\u00f1ada para f\u00e1bricas, almacenes, talleres, naves industriales, parkings, supermercados, gasolineras y zonas con atm\u00f3sferas potencialmente explosivas en general. Cierre de seguridad mediante llave &hellip; Continue reading Pantalla estanca ATEX 2 tubos 1200mm","og_url":"https:\/\/ledsolintel.com\/fr\/produit-2\/pantalla-estanca-atex-2-tubos-1200mm\/","og_site_name":"Ledsolintel","article_publisher":"http:\/\/www.facebook.com\/webmenaje","article_modified_time":"2026-04-07T08:19:01+00:00","og_image":[{"width":1500,"height":1500,"url":"https:\/\/ledsolintel.com\/wp-content\/uploads\/2025\/11\/pantalla-estanca-atex-2-tubos-1200mm.jpg","type":"image\/jpeg"}],"twitter_card":"summary_large_image","twitter_site":"@webmenaje","twitter_misc":{"Dur\u00e9e de lecture estim\u00e9e":"1 minute"},"schema":{"@context":"https:\/\/schema.org","@graph":[{"@type":"WebPage","@id":"https:\/\/ledsolintel.com\/product\/pantalla-estanca-atex-2-tubos-1200mm\/","url":"https:\/\/ledsolintel.com\/product\/pantalla-estanca-atex-2-tubos-1200mm\/","name":"Pantalla estanca ATEX 2 tubos 1200mm - Ledsolintel","isPartOf":{"@id":"https:\/\/ledsolintel.com\/#website"},"primaryImageOfPage":{"@id":"https:\/\/ledsolintel.com\/product\/pantalla-estanca-atex-2-tubos-1200mm\/#primaryimage"},"image":{"@id":"https:\/\/ledsolintel.com\/product\/pantalla-estanca-atex-2-tubos-1200mm\/#primaryimage"},"thumbnailUrl":"https:\/\/ledsolintel.com\/wp-content\/uploads\/2025\/11\/pantalla-estanca-atex-2-tubos-1200mm.jpg","datePublished":"2025-11-11T16:01:03+00:00","dateModified":"2026-04-07T08:19:01+00:00","breadcrumb":{"@id":"https:\/\/ledsolintel.com\/product\/pantalla-estanca-atex-2-tubos-1200mm\/#breadcrumb"},"inLanguage":"fr-FR","potentialAction":[{"@type":"ReadAction","target":["https:\/\/ledsolintel.com\/product\/pantalla-estanca-atex-2-tubos-1200mm\/"]}]},{"@type":"ImageObject","inLanguage":"fr-FR","@id":"https:\/\/ledsolintel.com\/product\/pantalla-estanca-atex-2-tubos-1200mm\/#primaryimage","url":"https:\/\/ledsolintel.com\/wp-content\/uploads\/2025\/11\/pantalla-estanca-atex-2-tubos-1200mm.jpg","contentUrl":"https:\/\/ledsolintel.com\/wp-content\/uploads\/2025\/11\/pantalla-estanca-atex-2-tubos-1200mm.jpg","width":1500,"height":1500},{"@type":"BreadcrumbList","@id":"https:\/\/ledsolintel.com\/product\/pantalla-estanca-atex-2-tubos-1200mm\/#breadcrumb","itemListElement":[{"@type":"ListItem","position":1,"name":"Portada","item":"https:\/\/ledsolintel.com\/fr\/"},{"@type":"ListItem","position":2,"name":"Tienda","item":"https:\/\/ledsolintel.com\/tienda\/"},{"@type":"ListItem","position":3,"name":"Pantalla estanca ATEX 2 tubos 1200mm"}]},{"@type":"WebSite","@id":"https:\/\/ledsolintel.com\/#website","url":"https:\/\/ledsolintel.com\/","name":"Webmenaje","description":"Magasin d'ampoules et de lampes LED pour les professionnels","publisher":{"@id":"https:\/\/ledsolintel.com\/#organization"},"potentialAction":[{"@type":"SearchAction","target":{"@type":"EntryPoint","urlTemplate":"https:\/\/ledsolintel.com\/?s={search_term_string}"},"query-input":{"@type":"PropertyValueSpecification","valueRequired":true,"valueName":"search_term_string"}}],"inLanguage":"fr-FR"},{"@type":"Organization","@id":"https:\/\/ledsolintel.com\/#organization","name":"Solintel Noroeste, S.L.","url":"https:\/\/ledsolintel.com\/","logo":{"@type":"ImageObject","inLanguage":"fr-FR","@id":"https:\/\/ledsolintel.com\/#\/schema\/logo\/image\/","url":"https:\/\/ledsolintel.com\/wp-content\/uploads\/2024\/11\/webmenaje-logo-1508269066.jpg","contentUrl":"https:\/\/ledsolintel.com\/wp-content\/uploads\/2024\/11\/webmenaje-logo-1508269066.jpg","width":370,"height":90,"caption":"Solintel Noroeste, S.L."},"image":{"@id":"https:\/\/ledsolintel.com\/#\/schema\/logo\/image\/"},"sameAs":["http:\/\/www.facebook.com\/webmenaje","https:\/\/x.com\/webmenaje","https:\/\/www.youtube.com\/channel\/UCX2KoVoeCG4LocZjUc6LmSQ","http:\/\/www.pinterest.com\/webmenaje"]}]}},"_links":{"self":[{"href":"https:\/\/ledsolintel.com\/fr\/wp-json\/wp\/v2\/product\/268539","targetHints":{"allow":["GET"]}}],"collection":[{"href":"https:\/\/ledsolintel.com\/fr\/wp-json\/wp\/v2\/product"}],"about":[{"href":"https:\/\/ledsolintel.com\/fr\/wp-json\/wp\/v2\/types\/product"}],"version-history":[{"count":1,"href":"https:\/\/ledsolintel.com\/fr\/wp-json\/wp\/v2\/product\/268539\/revisions"}],"predecessor-version":[{"id":268540,"href":"https:\/\/ledsolintel.com\/fr\/wp-json\/wp\/v2\/product\/268539\/revisions\/268540"}],"wp:featuredmedia":[{"embeddable":true,"href":"https:\/\/ledsolintel.com\/fr\/wp-json\/wp\/v2\/media\/262793"}],"wp:attachment":[{"href":"https:\/\/ledsolintel.com\/fr\/wp-json\/wp\/v2\/media?parent=268539"}],"wp:term":[{"taxonomy":"product_brand","embeddable":true,"href":"https:\/\/ledsolintel.com\/fr\/wp-json\/wp\/v2\/product_brand?post=268539"},{"taxonomy":"product_cat","embeddable":true,"href":"https:\/\/ledsolintel.com\/fr\/wp-json\/wp\/v2\/product_cat?post=268539"},{"taxonomy":"product_tag","embeddable":true,"href":"https:\/\/ledsolintel.com\/fr\/wp-json\/wp\/v2\/product_tag?post=268539"}],"curies":[{"name":"wp","href":"https:\/\/api.w.org\/{rel}","templated":true}]}}