{"id":268529,"date":"2025-11-11T17:00:49","date_gmt":"2025-11-11T16:00:49","guid":{"rendered":"https:\/\/nueva.ledsolintel.com\/product\/cable-libre-de-halogenos-6mm%c2%b2-h07z1-k-100m\/"},"modified":"2025-12-17T12:51:03","modified_gmt":"2025-12-17T11:51:03","slug":"cable-libre-de-halogenos-6mm%c2%b2-h07z1-k-100m","status":"publish","type":"product","link":"https:\/\/ledsolintel.com\/fr\/produit-2\/cable-libre-de-halogenos-6mm%c2%b2-h07z1-k-100m\/","title":{"rendered":"C\u00e2ble sans halog\u00e8ne 6mm\u00b2 H07Z1-K 100m"},"content":{"rendered":"<p>Cable unipolar libre de hal\u00f3genos, tipo H07Z1-K (AS), con 6mm\u00b2 de secci\u00f3n. Cumple con los criterios de clasificaci\u00f3n de productos de la construcci\u00f3n seg\u00fan Reglamento CPR 305\/2011 y la norma EN 50575, siendo estos cables los indicados para instalaciones fijas en locales de p\u00fablica concurrencia y donde en caso de incendio se requiera una baja emisi\u00f3n de humos y gases corrosivos, como hospitales, escuelas, centros comerciales, aeropuertos, hoteles, viviendas y en todas las instalaciones en general en las que se quiera aumentar la protecci\u00f3n frente a un incendio. Son tambi\u00e9n cables apropiados para la instalaci\u00f3n de derivaciones individuales.  Caracter\u00edsticas t\u00e9cnicas:  &#8211; Conductor: Cobre electrol\u00edtico flexible (Clase V) seg\u00fan UNE-EN 60228, EN 60228 e IEC 60228  &#8211; Aislamiento: Material termopl\u00e1stico libre de hal\u00f3genos tipo TI-7 seg\u00fan UNE-EN 50363-7 y EN 50363-7  &#8211; Tensi\u00f3n nominal: 450\/750 V  &#8211; Tensi\u00f3n de ensayo: 2.500 V C.A.  &#8211; Temperatura m\u00e1xima: 70 \u00baC    Este producto se sirve en rollos de 100 m, embalados en pl\u00e1stico retractilado.  Est\u00e1 disponible en 3 colores diferentes: marr\u00f3n (fase), azul (neutro) y amarillo (tierra).  Dispone de una garant\u00eda de 3 a\u00f1os. Cuenta tambi\u00e9n con el certificado CE, que acredita que se cumple con los requisitos de la UE respecto a compatibilidad electromagn\u00e9tica y normativa de baja tensi\u00f3n. Con este certificado se declara la conformidad de dicho producto con todos los requisitos legales exigidos, y asegura la validez del producto para ser vendido en todo el Espacio Econ\u00f3mico Europeo.<\/p>","protected":false},"excerpt":{"rendered":"<p>Cable unipolar libre de hal\u00f3genos, tipo H07Z1-K (AS), con 6mm\u00b2 de secci\u00f3n. Cumple con los criterios de clasificaci\u00f3n de productos de la construcci\u00f3n seg\u00fan Reglamento CPR 305\/2011 y la norma EN 50575, siendo estos cables los indicados para instalaciones fijas en locales de p\u00fablica concurrencia y donde en caso de incendio se requiera una baja &hellip; <a href=\"https:\/\/ledsolintel.com\/fr\/produit-2\/cable-libre-de-halogenos-6mm%c2%b2-h07z1-k-100m\/\" class=\"more-link\">Continue reading <span class=\"screen-reader-text\">C\u00e2ble sans halog\u00e8ne 6mm\u00b2 H07Z1-K 100m<\/span><\/a><\/p>","protected":false},"featured_media":262771,"template":"","meta":[],"product_brand":[101370],"product_cat":[15,101371],"product_tag":[],"class_list":{"0":"post-268529","1":"product","2":"type-product","3":"status-publish","4":"has-post-thumbnail","6":"product_brand-masterled","7":"product_cat-uncategorized","8":"product_cat-masterled","9":"pa_color-amarillo","10":"pa_color-azul","11":"pa_color-marron","14":"instock","15":"purchasable","16":"product-type-variable","17":"has-default-attributes"},"yoast_head":"<!-- This site is optimized with the Yoast SEO plugin v26.6 - https:\/\/yoast.com\/wordpress\/plugins\/seo\/ -->\n<title>Cable libre de hal\u00f3genos 6mm\u00b2 H07Z1-K 100m - Ledsolintel<\/title>\n<meta name=\"robots\" content=\"index, follow, max-snippet:-1, max-image-preview:large, max-video-preview:-1\" \/>\n<link rel=\"canonical\" href=\"https:\/\/ledsolintel.com\/fr\/produit-2\/cable-libre-de-halogenos-6mm\u00b2-h07z1-k-100m\/\" \/>\n<meta property=\"og:locale\" content=\"fr_FR\" \/>\n<meta property=\"og:type\" content=\"article\" \/>\n<meta property=\"og:title\" content=\"Cable libre de hal\u00f3genos 6mm\u00b2 H07Z1-K 100m - Ledsolintel\" \/>\n<meta property=\"og:description\" content=\"Cable unipolar libre de hal\u00f3genos, tipo H07Z1-K (AS), con 6mm\u00b2 de secci\u00f3n. Cumple con los criterios de clasificaci\u00f3n de productos de la construcci\u00f3n seg\u00fan Reglamento CPR 305\/2011 y la norma EN 50575, siendo estos cables los indicados para instalaciones fijas en locales de p\u00fablica concurrencia y donde en caso de incendio se requiera una baja &hellip; Continue reading Cable libre de hal\u00f3genos 6mm\u00b2 H07Z1-K 100m\" \/>\n<meta property=\"og:url\" content=\"https:\/\/ledsolintel.com\/fr\/produit-2\/cable-libre-de-halogenos-6mm\u00b2-h07z1-k-100m\/\" \/>\n<meta property=\"og:site_name\" content=\"Ledsolintel\" \/>\n<meta property=\"article:publisher\" content=\"http:\/\/www.facebook.com\/webmenaje\" \/>\n<meta property=\"article:modified_time\" content=\"2025-12-17T11:51:03+00:00\" \/>\n<meta property=\"og:image\" content=\"https:\/\/ledsolintel.com\/wp-content\/uploads\/2025\/11\/cable-libre-de-halogenos-6mm-h07z1-k-100m.jpg\" \/>\n\t<meta property=\"og:image:width\" content=\"800\" \/>\n\t<meta property=\"og:image:height\" content=\"800\" \/>\n\t<meta property=\"og:image:type\" content=\"image\/png\" \/>\n<meta name=\"twitter:card\" content=\"summary_large_image\" \/>\n<meta name=\"twitter:site\" content=\"@webmenaje\" \/>\n<meta name=\"twitter:label1\" content=\"Dur\u00e9e de lecture estim\u00e9e\" \/>\n\t<meta name=\"twitter:data1\" content=\"1 minute\" \/>\n<script type=\"application\/ld+json\" class=\"yoast-schema-graph\">{\"@context\":\"https:\/\/schema.org\",\"@graph\":[{\"@type\":\"WebPage\",\"@id\":\"https:\/\/ledsolintel.com\/product\/cable-libre-de-halogenos-6mm%c2%b2-h07z1-k-100m\/\",\"url\":\"https:\/\/ledsolintel.com\/product\/cable-libre-de-halogenos-6mm%c2%b2-h07z1-k-100m\/\",\"name\":\"Cable libre de hal\u00f3genos 6mm\u00b2 H07Z1-K 100m - Ledsolintel\",\"isPartOf\":{\"@id\":\"https:\/\/ledsolintel.com\/#website\"},\"primaryImageOfPage\":{\"@id\":\"https:\/\/ledsolintel.com\/product\/cable-libre-de-halogenos-6mm%c2%b2-h07z1-k-100m\/#primaryimage\"},\"image\":{\"@id\":\"https:\/\/ledsolintel.com\/product\/cable-libre-de-halogenos-6mm%c2%b2-h07z1-k-100m\/#primaryimage\"},\"thumbnailUrl\":\"https:\/\/ledsolintel.com\/wp-content\/uploads\/2025\/11\/cable-libre-de-halogenos-6mm-h07z1-k-100m.jpg\",\"datePublished\":\"2025-11-11T16:00:49+00:00\",\"dateModified\":\"2025-12-17T11:51:03+00:00\",\"breadcrumb\":{\"@id\":\"https:\/\/ledsolintel.com\/product\/cable-libre-de-halogenos-6mm%c2%b2-h07z1-k-100m\/#breadcrumb\"},\"inLanguage\":\"fr-FR\",\"potentialAction\":[{\"@type\":\"ReadAction\",\"target\":[\"https:\/\/ledsolintel.com\/product\/cable-libre-de-halogenos-6mm%c2%b2-h07z1-k-100m\/\"]}]},{\"@type\":\"ImageObject\",\"inLanguage\":\"fr-FR\",\"@id\":\"https:\/\/ledsolintel.com\/product\/cable-libre-de-halogenos-6mm%c2%b2-h07z1-k-100m\/#primaryimage\",\"url\":\"https:\/\/ledsolintel.com\/wp-content\/uploads\/2025\/11\/cable-libre-de-halogenos-6mm-h07z1-k-100m.jpg\",\"contentUrl\":\"https:\/\/ledsolintel.com\/wp-content\/uploads\/2025\/11\/cable-libre-de-halogenos-6mm-h07z1-k-100m.jpg\",\"width\":800,\"height\":800},{\"@type\":\"BreadcrumbList\",\"@id\":\"https:\/\/ledsolintel.com\/product\/cable-libre-de-halogenos-6mm%c2%b2-h07z1-k-100m\/#breadcrumb\",\"itemListElement\":[{\"@type\":\"ListItem\",\"position\":1,\"name\":\"Portada\",\"item\":\"https:\/\/ledsolintel.com\/fr\/\"},{\"@type\":\"ListItem\",\"position\":2,\"name\":\"Tienda\",\"item\":\"https:\/\/ledsolintel.com\/tienda\/\"},{\"@type\":\"ListItem\",\"position\":3,\"name\":\"Cable libre de hal\u00f3genos 6mm\u00b2 H07Z1-K 100m\"}]},{\"@type\":\"WebSite\",\"@id\":\"https:\/\/ledsolintel.com\/#website\",\"url\":\"https:\/\/ledsolintel.com\/\",\"name\":\"Webmenaje\",\"description\":\"Tienda de bombillas y l\u00e1mparas LED para profesionales\",\"publisher\":{\"@id\":\"https:\/\/ledsolintel.com\/#organization\"},\"potentialAction\":[{\"@type\":\"SearchAction\",\"target\":{\"@type\":\"EntryPoint\",\"urlTemplate\":\"https:\/\/ledsolintel.com\/?s={search_term_string}\"},\"query-input\":{\"@type\":\"PropertyValueSpecification\",\"valueRequired\":true,\"valueName\":\"search_term_string\"}}],\"inLanguage\":\"fr-FR\"},{\"@type\":\"Organization\",\"@id\":\"https:\/\/ledsolintel.com\/#organization\",\"name\":\"Solintel Noroeste, S.L.\",\"url\":\"https:\/\/ledsolintel.com\/\",\"logo\":{\"@type\":\"ImageObject\",\"inLanguage\":\"fr-FR\",\"@id\":\"https:\/\/ledsolintel.com\/#\/schema\/logo\/image\/\",\"url\":\"https:\/\/ledsolintel.com\/wp-content\/uploads\/2024\/11\/webmenaje-logo-1508269066.jpg\",\"contentUrl\":\"https:\/\/ledsolintel.com\/wp-content\/uploads\/2024\/11\/webmenaje-logo-1508269066.jpg\",\"width\":370,\"height\":90,\"caption\":\"Solintel Noroeste, S.L.\"},\"image\":{\"@id\":\"https:\/\/ledsolintel.com\/#\/schema\/logo\/image\/\"},\"sameAs\":[\"http:\/\/www.facebook.com\/webmenaje\",\"https:\/\/x.com\/webmenaje\",\"https:\/\/www.youtube.com\/channel\/UCX2KoVoeCG4LocZjUc6LmSQ\",\"http:\/\/www.pinterest.com\/webmenaje\"]}]}<\/script>\n<!-- \/ Yoast SEO plugin. -->","yoast_head_json":{"title":"Cable libre de hal\u00f3genos 6mm\u00b2 H07Z1-K 100m - Ledsolintel","robots":{"index":"index","follow":"follow","max-snippet":"max-snippet:-1","max-image-preview":"max-image-preview:large","max-video-preview":"max-video-preview:-1"},"canonical":"https:\/\/ledsolintel.com\/fr\/produit-2\/cable-libre-de-halogenos-6mm\u00b2-h07z1-k-100m\/","og_locale":"fr_FR","og_type":"article","og_title":"Cable libre de hal\u00f3genos 6mm\u00b2 H07Z1-K 100m - Ledsolintel","og_description":"Cable unipolar libre de hal\u00f3genos, tipo H07Z1-K (AS), con 6mm\u00b2 de secci\u00f3n. Cumple con los criterios de clasificaci\u00f3n de productos de la construcci\u00f3n seg\u00fan Reglamento CPR 305\/2011 y la norma EN 50575, siendo estos cables los indicados para instalaciones fijas en locales de p\u00fablica concurrencia y donde en caso de incendio se requiera una baja &hellip; Continue reading Cable libre de hal\u00f3genos 6mm\u00b2 H07Z1-K 100m","og_url":"https:\/\/ledsolintel.com\/fr\/produit-2\/cable-libre-de-halogenos-6mm\u00b2-h07z1-k-100m\/","og_site_name":"Ledsolintel","article_publisher":"http:\/\/www.facebook.com\/webmenaje","article_modified_time":"2025-12-17T11:51:03+00:00","og_image":[{"width":800,"height":800,"url":"https:\/\/ledsolintel.com\/wp-content\/uploads\/2025\/11\/cable-libre-de-halogenos-6mm-h07z1-k-100m.jpg","type":"image\/png"}],"twitter_card":"summary_large_image","twitter_site":"@webmenaje","twitter_misc":{"Dur\u00e9e de lecture estim\u00e9e":"1 minute"},"schema":{"@context":"https:\/\/schema.org","@graph":[{"@type":"WebPage","@id":"https:\/\/ledsolintel.com\/product\/cable-libre-de-halogenos-6mm%c2%b2-h07z1-k-100m\/","url":"https:\/\/ledsolintel.com\/product\/cable-libre-de-halogenos-6mm%c2%b2-h07z1-k-100m\/","name":"Cable libre de hal\u00f3genos 6mm\u00b2 H07Z1-K 100m - Ledsolintel","isPartOf":{"@id":"https:\/\/ledsolintel.com\/#website"},"primaryImageOfPage":{"@id":"https:\/\/ledsolintel.com\/product\/cable-libre-de-halogenos-6mm%c2%b2-h07z1-k-100m\/#primaryimage"},"image":{"@id":"https:\/\/ledsolintel.com\/product\/cable-libre-de-halogenos-6mm%c2%b2-h07z1-k-100m\/#primaryimage"},"thumbnailUrl":"https:\/\/ledsolintel.com\/wp-content\/uploads\/2025\/11\/cable-libre-de-halogenos-6mm-h07z1-k-100m.jpg","datePublished":"2025-11-11T16:00:49+00:00","dateModified":"2025-12-17T11:51:03+00:00","breadcrumb":{"@id":"https:\/\/ledsolintel.com\/product\/cable-libre-de-halogenos-6mm%c2%b2-h07z1-k-100m\/#breadcrumb"},"inLanguage":"fr-FR","potentialAction":[{"@type":"ReadAction","target":["https:\/\/ledsolintel.com\/product\/cable-libre-de-halogenos-6mm%c2%b2-h07z1-k-100m\/"]}]},{"@type":"ImageObject","inLanguage":"fr-FR","@id":"https:\/\/ledsolintel.com\/product\/cable-libre-de-halogenos-6mm%c2%b2-h07z1-k-100m\/#primaryimage","url":"https:\/\/ledsolintel.com\/wp-content\/uploads\/2025\/11\/cable-libre-de-halogenos-6mm-h07z1-k-100m.jpg","contentUrl":"https:\/\/ledsolintel.com\/wp-content\/uploads\/2025\/11\/cable-libre-de-halogenos-6mm-h07z1-k-100m.jpg","width":800,"height":800},{"@type":"BreadcrumbList","@id":"https:\/\/ledsolintel.com\/product\/cable-libre-de-halogenos-6mm%c2%b2-h07z1-k-100m\/#breadcrumb","itemListElement":[{"@type":"ListItem","position":1,"name":"Portada","item":"https:\/\/ledsolintel.com\/fr\/"},{"@type":"ListItem","position":2,"name":"Tienda","item":"https:\/\/ledsolintel.com\/tienda\/"},{"@type":"ListItem","position":3,"name":"Cable libre de hal\u00f3genos 6mm\u00b2 H07Z1-K 100m"}]},{"@type":"WebSite","@id":"https:\/\/ledsolintel.com\/#website","url":"https:\/\/ledsolintel.com\/","name":"Webmenaje","description":"Magasin d'ampoules et de lampes LED pour les professionnels","publisher":{"@id":"https:\/\/ledsolintel.com\/#organization"},"potentialAction":[{"@type":"SearchAction","target":{"@type":"EntryPoint","urlTemplate":"https:\/\/ledsolintel.com\/?s={search_term_string}"},"query-input":{"@type":"PropertyValueSpecification","valueRequired":true,"valueName":"search_term_string"}}],"inLanguage":"fr-FR"},{"@type":"Organization","@id":"https:\/\/ledsolintel.com\/#organization","name":"Solintel Noroeste, S.L.","url":"https:\/\/ledsolintel.com\/","logo":{"@type":"ImageObject","inLanguage":"fr-FR","@id":"https:\/\/ledsolintel.com\/#\/schema\/logo\/image\/","url":"https:\/\/ledsolintel.com\/wp-content\/uploads\/2024\/11\/webmenaje-logo-1508269066.jpg","contentUrl":"https:\/\/ledsolintel.com\/wp-content\/uploads\/2024\/11\/webmenaje-logo-1508269066.jpg","width":370,"height":90,"caption":"Solintel Noroeste, S.L."},"image":{"@id":"https:\/\/ledsolintel.com\/#\/schema\/logo\/image\/"},"sameAs":["http:\/\/www.facebook.com\/webmenaje","https:\/\/x.com\/webmenaje","https:\/\/www.youtube.com\/channel\/UCX2KoVoeCG4LocZjUc6LmSQ","http:\/\/www.pinterest.com\/webmenaje"]}]}},"_links":{"self":[{"href":"https:\/\/ledsolintel.com\/fr\/wp-json\/wp\/v2\/product\/268529","targetHints":{"allow":["GET"]}}],"collection":[{"href":"https:\/\/ledsolintel.com\/fr\/wp-json\/wp\/v2\/product"}],"about":[{"href":"https:\/\/ledsolintel.com\/fr\/wp-json\/wp\/v2\/types\/product"}],"version-history":[{"count":1,"href":"https:\/\/ledsolintel.com\/fr\/wp-json\/wp\/v2\/product\/268529\/revisions"}],"predecessor-version":[{"id":268530,"href":"https:\/\/ledsolintel.com\/fr\/wp-json\/wp\/v2\/product\/268529\/revisions\/268530"}],"wp:featuredmedia":[{"embeddable":true,"href":"https:\/\/ledsolintel.com\/fr\/wp-json\/wp\/v2\/media\/262771"}],"wp:attachment":[{"href":"https:\/\/ledsolintel.com\/fr\/wp-json\/wp\/v2\/media?parent=268529"}],"wp:term":[{"taxonomy":"product_brand","embeddable":true,"href":"https:\/\/ledsolintel.com\/fr\/wp-json\/wp\/v2\/product_brand?post=268529"},{"taxonomy":"product_cat","embeddable":true,"href":"https:\/\/ledsolintel.com\/fr\/wp-json\/wp\/v2\/product_cat?post=268529"},{"taxonomy":"product_tag","embeddable":true,"href":"https:\/\/ledsolintel.com\/fr\/wp-json\/wp\/v2\/product_tag?post=268529"}],"curies":[{"name":"wp","href":"https:\/\/api.w.org\/{rel}","templated":true}]}}