{"id":268496,"date":"2025-11-11T16:59:52","date_gmt":"2025-11-11T15:59:52","guid":{"rendered":"https:\/\/nueva.ledsolintel.com\/product\/regulador-led-pastilla-dc-12-48v\/"},"modified":"2026-04-07T10:19:01","modified_gmt":"2026-04-07T08:19:01","slug":"regulador-led-pastilla-dc-12-48v","status":"publish","type":"product","link":"https:\/\/ledsolintel.com\/fr\/produit-2\/regulador-led-pastilla-dc-12-48v\/","title":{"rendered":"Variateur LED DC 12-48V"},"content":{"rendered":"<p>Regulador de pastilla de corriente continua, para un rango desde 12 hasta 48V. Ideal para la regulaci\u00f3n de intensidad en tiras, bombillas y cualquier otra luminaria que funcione con corriente continua. Se puede controlar mediante pulsadores o con el mando control remoto RF para Dimmer LED  Entrada con terminales de tornillo, ajuste hasta el brillo m\u00ednimo, tama\u00f1o peque\u00f1o para poder instalarlo en una caja de pared est\u00e1ndar.  Potencia m\u00e1xima soportada:  12V: 96W  24V: 192W  36V: 144W  48V: 192W    Est\u00e1 dise\u00f1ado en PVC con las dimensiones 52 x 52 x 26 mm. Soporta un voltaje de entrada de 12-48V.  Debido a su grado de protecci\u00f3n IP20 es ideal para instalar en zonas interiores (protecci\u00f3n contra part\u00edculas s\u00f3lidas de tama\u00f1o superior a 12mm y no es resistente al agua).  Dispone de una garant\u00eda de 3 a\u00f1os. Cuenta tambi\u00e9n con el certificado CE, que acredita que se cumple con los requisitos de la UE respecto a compatibilidad electromagn\u00e9tica y normativa de baja tensi\u00f3n. Con este certificado se declara la conformidad de dicho producto con todos los requisitos legales exigidos, y asegura la validez del producto para ser vendido en todo el Espacio Econ\u00f3mico Europeo.  Incluye manual de instrucciones.<\/p>","protected":false},"excerpt":{"rendered":"<p>Regulador de pastilla de corriente continua, para un rango desde 12 hasta 48V. Ideal para la regulaci\u00f3n de intensidad en tiras, bombillas y cualquier otra luminaria que funcione con corriente continua. Se puede controlar mediante pulsadores o con el mando control remoto RF para Dimmer LED Entrada con terminales de tornillo, ajuste hasta el brillo &hellip; <a href=\"https:\/\/ledsolintel.com\/fr\/produit-2\/regulador-led-pastilla-dc-12-48v\/\" class=\"more-link\">Continue reading <span class=\"screen-reader-text\">Variateur LED DC 12-48V<\/span><\/a><\/p>","protected":false},"featured_media":262706,"template":"","meta":[],"product_brand":[101370],"product_cat":[15,101371],"product_tag":[],"class_list":{"0":"post-268496","1":"product","2":"type-product","3":"status-publish","4":"has-post-thumbnail","6":"product_brand-masterled","7":"product_cat-uncategorized","8":"product_cat-masterled","9":"pa_intensidad-regulable","12":"instock","13":"taxable","14":"shipping-taxable","15":"purchasable","16":"product-type-simple"},"yoast_head":"<!-- This site is optimized with the Yoast SEO plugin v26.6 - https:\/\/yoast.com\/wordpress\/plugins\/seo\/ -->\n<title>Regulador LED pastilla DC 12-48V - Ledsolintel<\/title>\n<meta name=\"robots\" content=\"index, follow, max-snippet:-1, max-image-preview:large, max-video-preview:-1\" \/>\n<link rel=\"canonical\" href=\"https:\/\/ledsolintel.com\/fr\/produit-2\/regulador-led-pastilla-dc-12-48v\/\" \/>\n<meta property=\"og:locale\" content=\"fr_FR\" \/>\n<meta property=\"og:type\" content=\"article\" \/>\n<meta property=\"og:title\" content=\"Regulador LED pastilla DC 12-48V - Ledsolintel\" \/>\n<meta property=\"og:description\" content=\"Regulador de pastilla de corriente continua, para un rango desde 12 hasta 48V. Ideal para la regulaci\u00f3n de intensidad en tiras, bombillas y cualquier otra luminaria que funcione con corriente continua. Se puede controlar mediante pulsadores o con el mando control remoto RF para Dimmer LED Entrada con terminales de tornillo, ajuste hasta el brillo &hellip; Continue reading Regulador LED pastilla DC 12-48V\" \/>\n<meta property=\"og:url\" content=\"https:\/\/ledsolintel.com\/fr\/produit-2\/regulador-led-pastilla-dc-12-48v\/\" \/>\n<meta property=\"og:site_name\" content=\"Ledsolintel\" \/>\n<meta property=\"article:publisher\" content=\"http:\/\/www.facebook.com\/webmenaje\" \/>\n<meta property=\"article:modified_time\" content=\"2026-04-07T08:19:01+00:00\" \/>\n<meta property=\"og:image\" content=\"https:\/\/ledsolintel.com\/wp-content\/uploads\/2025\/11\/regulador-led-pastilla-dc-12-48v.jpg\" \/>\n\t<meta property=\"og:image:width\" content=\"800\" \/>\n\t<meta property=\"og:image:height\" content=\"800\" \/>\n\t<meta property=\"og:image:type\" content=\"image\/jpeg\" \/>\n<meta name=\"twitter:card\" content=\"summary_large_image\" \/>\n<meta name=\"twitter:site\" content=\"@webmenaje\" \/>\n<meta name=\"twitter:label1\" content=\"Dur\u00e9e de lecture estim\u00e9e\" \/>\n\t<meta name=\"twitter:data1\" content=\"1 minute\" \/>\n<script type=\"application\/ld+json\" class=\"yoast-schema-graph\">{\"@context\":\"https:\/\/schema.org\",\"@graph\":[{\"@type\":\"WebPage\",\"@id\":\"https:\/\/ledsolintel.com\/product\/regulador-led-pastilla-dc-12-48v\/\",\"url\":\"https:\/\/ledsolintel.com\/product\/regulador-led-pastilla-dc-12-48v\/\",\"name\":\"Regulador LED pastilla DC 12-48V - Ledsolintel\",\"isPartOf\":{\"@id\":\"https:\/\/ledsolintel.com\/#website\"},\"primaryImageOfPage\":{\"@id\":\"https:\/\/ledsolintel.com\/product\/regulador-led-pastilla-dc-12-48v\/#primaryimage\"},\"image\":{\"@id\":\"https:\/\/ledsolintel.com\/product\/regulador-led-pastilla-dc-12-48v\/#primaryimage\"},\"thumbnailUrl\":\"https:\/\/ledsolintel.com\/wp-content\/uploads\/2025\/11\/regulador-led-pastilla-dc-12-48v.jpg\",\"datePublished\":\"2025-11-11T15:59:52+00:00\",\"dateModified\":\"2026-04-07T08:19:01+00:00\",\"breadcrumb\":{\"@id\":\"https:\/\/ledsolintel.com\/product\/regulador-led-pastilla-dc-12-48v\/#breadcrumb\"},\"inLanguage\":\"fr-FR\",\"potentialAction\":[{\"@type\":\"ReadAction\",\"target\":[\"https:\/\/ledsolintel.com\/product\/regulador-led-pastilla-dc-12-48v\/\"]}]},{\"@type\":\"ImageObject\",\"inLanguage\":\"fr-FR\",\"@id\":\"https:\/\/ledsolintel.com\/product\/regulador-led-pastilla-dc-12-48v\/#primaryimage\",\"url\":\"https:\/\/ledsolintel.com\/wp-content\/uploads\/2025\/11\/regulador-led-pastilla-dc-12-48v.jpg\",\"contentUrl\":\"https:\/\/ledsolintel.com\/wp-content\/uploads\/2025\/11\/regulador-led-pastilla-dc-12-48v.jpg\",\"width\":800,\"height\":800},{\"@type\":\"BreadcrumbList\",\"@id\":\"https:\/\/ledsolintel.com\/product\/regulador-led-pastilla-dc-12-48v\/#breadcrumb\",\"itemListElement\":[{\"@type\":\"ListItem\",\"position\":1,\"name\":\"Portada\",\"item\":\"https:\/\/ledsolintel.com\/fr\/\"},{\"@type\":\"ListItem\",\"position\":2,\"name\":\"Tienda\",\"item\":\"https:\/\/ledsolintel.com\/tienda\/\"},{\"@type\":\"ListItem\",\"position\":3,\"name\":\"Regulador LED pastilla DC 12-48V\"}]},{\"@type\":\"WebSite\",\"@id\":\"https:\/\/ledsolintel.com\/#website\",\"url\":\"https:\/\/ledsolintel.com\/\",\"name\":\"Webmenaje\",\"description\":\"Tienda de bombillas y l\u00e1mparas LED para profesionales\",\"publisher\":{\"@id\":\"https:\/\/ledsolintel.com\/#organization\"},\"potentialAction\":[{\"@type\":\"SearchAction\",\"target\":{\"@type\":\"EntryPoint\",\"urlTemplate\":\"https:\/\/ledsolintel.com\/?s={search_term_string}\"},\"query-input\":{\"@type\":\"PropertyValueSpecification\",\"valueRequired\":true,\"valueName\":\"search_term_string\"}}],\"inLanguage\":\"fr-FR\"},{\"@type\":\"Organization\",\"@id\":\"https:\/\/ledsolintel.com\/#organization\",\"name\":\"Solintel Noroeste, S.L.\",\"url\":\"https:\/\/ledsolintel.com\/\",\"logo\":{\"@type\":\"ImageObject\",\"inLanguage\":\"fr-FR\",\"@id\":\"https:\/\/ledsolintel.com\/#\/schema\/logo\/image\/\",\"url\":\"https:\/\/ledsolintel.com\/wp-content\/uploads\/2024\/11\/webmenaje-logo-1508269066.jpg\",\"contentUrl\":\"https:\/\/ledsolintel.com\/wp-content\/uploads\/2024\/11\/webmenaje-logo-1508269066.jpg\",\"width\":370,\"height\":90,\"caption\":\"Solintel Noroeste, S.L.\"},\"image\":{\"@id\":\"https:\/\/ledsolintel.com\/#\/schema\/logo\/image\/\"},\"sameAs\":[\"http:\/\/www.facebook.com\/webmenaje\",\"https:\/\/x.com\/webmenaje\",\"https:\/\/www.youtube.com\/channel\/UCX2KoVoeCG4LocZjUc6LmSQ\",\"http:\/\/www.pinterest.com\/webmenaje\"]}]}<\/script>\n<!-- \/ Yoast SEO plugin. -->","yoast_head_json":{"title":"Regulador LED pastilla DC 12-48V - Ledsolintel","robots":{"index":"index","follow":"follow","max-snippet":"max-snippet:-1","max-image-preview":"max-image-preview:large","max-video-preview":"max-video-preview:-1"},"canonical":"https:\/\/ledsolintel.com\/fr\/produit-2\/regulador-led-pastilla-dc-12-48v\/","og_locale":"fr_FR","og_type":"article","og_title":"Regulador LED pastilla DC 12-48V - Ledsolintel","og_description":"Regulador de pastilla de corriente continua, para un rango desde 12 hasta 48V. Ideal para la regulaci\u00f3n de intensidad en tiras, bombillas y cualquier otra luminaria que funcione con corriente continua. Se puede controlar mediante pulsadores o con el mando control remoto RF para Dimmer LED Entrada con terminales de tornillo, ajuste hasta el brillo &hellip; Continue reading Regulador LED pastilla DC 12-48V","og_url":"https:\/\/ledsolintel.com\/fr\/produit-2\/regulador-led-pastilla-dc-12-48v\/","og_site_name":"Ledsolintel","article_publisher":"http:\/\/www.facebook.com\/webmenaje","article_modified_time":"2026-04-07T08:19:01+00:00","og_image":[{"width":800,"height":800,"url":"https:\/\/ledsolintel.com\/wp-content\/uploads\/2025\/11\/regulador-led-pastilla-dc-12-48v.jpg","type":"image\/jpeg"}],"twitter_card":"summary_large_image","twitter_site":"@webmenaje","twitter_misc":{"Dur\u00e9e de lecture estim\u00e9e":"1 minute"},"schema":{"@context":"https:\/\/schema.org","@graph":[{"@type":"WebPage","@id":"https:\/\/ledsolintel.com\/product\/regulador-led-pastilla-dc-12-48v\/","url":"https:\/\/ledsolintel.com\/product\/regulador-led-pastilla-dc-12-48v\/","name":"Regulador LED pastilla DC 12-48V - Ledsolintel","isPartOf":{"@id":"https:\/\/ledsolintel.com\/#website"},"primaryImageOfPage":{"@id":"https:\/\/ledsolintel.com\/product\/regulador-led-pastilla-dc-12-48v\/#primaryimage"},"image":{"@id":"https:\/\/ledsolintel.com\/product\/regulador-led-pastilla-dc-12-48v\/#primaryimage"},"thumbnailUrl":"https:\/\/ledsolintel.com\/wp-content\/uploads\/2025\/11\/regulador-led-pastilla-dc-12-48v.jpg","datePublished":"2025-11-11T15:59:52+00:00","dateModified":"2026-04-07T08:19:01+00:00","breadcrumb":{"@id":"https:\/\/ledsolintel.com\/product\/regulador-led-pastilla-dc-12-48v\/#breadcrumb"},"inLanguage":"fr-FR","potentialAction":[{"@type":"ReadAction","target":["https:\/\/ledsolintel.com\/product\/regulador-led-pastilla-dc-12-48v\/"]}]},{"@type":"ImageObject","inLanguage":"fr-FR","@id":"https:\/\/ledsolintel.com\/product\/regulador-led-pastilla-dc-12-48v\/#primaryimage","url":"https:\/\/ledsolintel.com\/wp-content\/uploads\/2025\/11\/regulador-led-pastilla-dc-12-48v.jpg","contentUrl":"https:\/\/ledsolintel.com\/wp-content\/uploads\/2025\/11\/regulador-led-pastilla-dc-12-48v.jpg","width":800,"height":800},{"@type":"BreadcrumbList","@id":"https:\/\/ledsolintel.com\/product\/regulador-led-pastilla-dc-12-48v\/#breadcrumb","itemListElement":[{"@type":"ListItem","position":1,"name":"Portada","item":"https:\/\/ledsolintel.com\/fr\/"},{"@type":"ListItem","position":2,"name":"Tienda","item":"https:\/\/ledsolintel.com\/tienda\/"},{"@type":"ListItem","position":3,"name":"Regulador LED pastilla DC 12-48V"}]},{"@type":"WebSite","@id":"https:\/\/ledsolintel.com\/#website","url":"https:\/\/ledsolintel.com\/","name":"Webmenaje","description":"Magasin d'ampoules et de lampes LED pour les professionnels","publisher":{"@id":"https:\/\/ledsolintel.com\/#organization"},"potentialAction":[{"@type":"SearchAction","target":{"@type":"EntryPoint","urlTemplate":"https:\/\/ledsolintel.com\/?s={search_term_string}"},"query-input":{"@type":"PropertyValueSpecification","valueRequired":true,"valueName":"search_term_string"}}],"inLanguage":"fr-FR"},{"@type":"Organization","@id":"https:\/\/ledsolintel.com\/#organization","name":"Solintel Noroeste, S.L.","url":"https:\/\/ledsolintel.com\/","logo":{"@type":"ImageObject","inLanguage":"fr-FR","@id":"https:\/\/ledsolintel.com\/#\/schema\/logo\/image\/","url":"https:\/\/ledsolintel.com\/wp-content\/uploads\/2024\/11\/webmenaje-logo-1508269066.jpg","contentUrl":"https:\/\/ledsolintel.com\/wp-content\/uploads\/2024\/11\/webmenaje-logo-1508269066.jpg","width":370,"height":90,"caption":"Solintel Noroeste, S.L."},"image":{"@id":"https:\/\/ledsolintel.com\/#\/schema\/logo\/image\/"},"sameAs":["http:\/\/www.facebook.com\/webmenaje","https:\/\/x.com\/webmenaje","https:\/\/www.youtube.com\/channel\/UCX2KoVoeCG4LocZjUc6LmSQ","http:\/\/www.pinterest.com\/webmenaje"]}]}},"_links":{"self":[{"href":"https:\/\/ledsolintel.com\/fr\/wp-json\/wp\/v2\/product\/268496","targetHints":{"allow":["GET"]}}],"collection":[{"href":"https:\/\/ledsolintel.com\/fr\/wp-json\/wp\/v2\/product"}],"about":[{"href":"https:\/\/ledsolintel.com\/fr\/wp-json\/wp\/v2\/types\/product"}],"version-history":[{"count":1,"href":"https:\/\/ledsolintel.com\/fr\/wp-json\/wp\/v2\/product\/268496\/revisions"}],"predecessor-version":[{"id":268497,"href":"https:\/\/ledsolintel.com\/fr\/wp-json\/wp\/v2\/product\/268496\/revisions\/268497"}],"wp:featuredmedia":[{"embeddable":true,"href":"https:\/\/ledsolintel.com\/fr\/wp-json\/wp\/v2\/media\/262706"}],"wp:attachment":[{"href":"https:\/\/ledsolintel.com\/fr\/wp-json\/wp\/v2\/media?parent=268496"}],"wp:term":[{"taxonomy":"product_brand","embeddable":true,"href":"https:\/\/ledsolintel.com\/fr\/wp-json\/wp\/v2\/product_brand?post=268496"},{"taxonomy":"product_cat","embeddable":true,"href":"https:\/\/ledsolintel.com\/fr\/wp-json\/wp\/v2\/product_cat?post=268496"},{"taxonomy":"product_tag","embeddable":true,"href":"https:\/\/ledsolintel.com\/fr\/wp-json\/wp\/v2\/product_tag?post=268496"}],"curies":[{"name":"wp","href":"https:\/\/api.w.org\/{rel}","templated":true}]}}