{"id":268472,"date":"2025-11-11T16:59:33","date_gmt":"2025-11-11T15:59:33","guid":{"rendered":"https:\/\/nueva.ledsolintel.com\/product\/conector-en-t-tira-led-220v-corte-20cm\/"},"modified":"2026-04-07T10:19:01","modified_gmt":"2026-04-07T08:19:01","slug":"conector-en-t-tira-led-220v-corte-20cm","status":"publish","type":"product","link":"https:\/\/ledsolintel.com\/fr\/produit-2\/conector-en-t-tira-led-220v-corte-20cm\/","title":{"rendered":"Connecteur en T Bande LED 220V coup\u00e9e 20cm"},"content":{"rendered":"<p>Connecteur en L compatible avec les barrettes de LED 220V de 20 cm de coupe. Ce produit est id\u00e9al pour r\u00e9aliser des d\u00e9rivations dans les installations avec des bandes de LED \u00e0 220V. Il est compatible uniquement avec les mod\u00e8les de bandes indiqu\u00e9s dans la section \u201cACCESSOIRES ET RELIEFS\u201d. Gr\u00e2ce \u00e0 son degr\u00e9 de protection IP20, il est id\u00e9al pour une installation en int\u00e9rieur (protection contre les particules solides de plus de 12 mm et n'est pas \u00e9tanche).  Il est garanti 3 ans. Il poss\u00e8de \u00e9galement le certificat CE, qui atteste qu'il est conforme aux exigences de l'UE en mati\u00e8re de compatibilit\u00e9 \u00e9lectromagn\u00e9tique et de r\u00e9glementation sur la basse tension. Ce certificat d\u00e9clare la conformit\u00e9 du produit \u00e0 toutes les exigences l\u00e9gales et garantit la validit\u00e9 de la vente du produit dans l'Espace \u00e9conomique europ\u00e9en.  Comprend des pointes de connexion.<\/p>","protected":false},"excerpt":{"rendered":"<p>Conector tipo L compatible con las tiras LED de 220V de corte 20 cm. Este producto es ideal para realizar derivaciones en instalaciones con tiras led de 220V. Compatible s\u00f3lo con los modelos de tira que aparecen en el apartado &#8220;ACCESORIOS Y RELACIONADOS&#8221; Debido a su grado de protecci\u00f3n IP20 es ideal para instalar en &hellip; <a href=\"https:\/\/ledsolintel.com\/fr\/produit-2\/conector-en-t-tira-led-220v-corte-20cm\/\" class=\"more-link\">Continue reading <span class=\"screen-reader-text\">Connecteur en T Bande LED 220V coup\u00e9e 20cm<\/span><\/a><\/p>","protected":false},"featured_media":262661,"template":"","meta":[],"product_brand":[101370],"product_cat":[101371,15],"product_tag":[],"class_list":{"0":"post-268472","1":"product","2":"type-product","3":"status-publish","4":"has-post-thumbnail","6":"product_brand-masterled","7":"product_cat-masterled","8":"product_cat-uncategorized","9":"pa_voltaje-220v","12":"instock","13":"taxable","14":"shipping-taxable","15":"purchasable","16":"product-type-simple"},"yoast_head":"<!-- This site is optimized with the Yoast SEO plugin v27.4 - https:\/\/yoast.com\/product\/yoast-seo-wordpress\/ -->\n<title>Conector en T tira LED 220V corte 20cm - Ledsolintel<\/title>\n<meta name=\"robots\" content=\"index, follow, max-snippet:-1, max-image-preview:large, max-video-preview:-1\" \/>\n<link rel=\"canonical\" href=\"https:\/\/ledsolintel.com\/fr\/produit-2\/conector-en-t-tira-led-220v-corte-20cm\/\" \/>\n<meta property=\"og:locale\" content=\"fr_FR\" \/>\n<meta property=\"og:type\" content=\"article\" \/>\n<meta property=\"og:title\" content=\"Conector en T tira LED 220V corte 20cm - Ledsolintel\" \/>\n<meta property=\"og:description\" content=\"Conector tipo L compatible con las tiras LED de 220V de corte 20 cm. Este producto es ideal para realizar derivaciones en instalaciones con tiras led de 220V. Compatible s\u00f3lo con los modelos de tira que aparecen en el apartado &#8220;ACCESORIOS Y RELACIONADOS&#8221; Debido a su grado de protecci\u00f3n IP20 es ideal para instalar en &hellip; Continue reading Conector en T tira LED 220V corte 20cm\" \/>\n<meta property=\"og:url\" content=\"https:\/\/ledsolintel.com\/fr\/produit-2\/conector-en-t-tira-led-220v-corte-20cm\/\" \/>\n<meta property=\"og:site_name\" content=\"Ledsolintel\" \/>\n<meta property=\"article:publisher\" content=\"http:\/\/www.facebook.com\/webmenaje\" \/>\n<meta property=\"article:modified_time\" content=\"2026-04-07T08:19:01+00:00\" \/>\n<meta property=\"og:image\" content=\"https:\/\/ledsolintel.com\/wp-content\/uploads\/2025\/11\/conector-en-t-tira-led-220v-corte-20cm.jpg\" \/>\n\t<meta property=\"og:image:width\" content=\"1200\" \/>\n\t<meta property=\"og:image:height\" content=\"1200\" \/>\n\t<meta property=\"og:image:type\" content=\"image\/jpeg\" \/>\n<meta name=\"twitter:card\" content=\"summary_large_image\" \/>\n<meta name=\"twitter:site\" content=\"@webmenaje\" \/>\n<meta name=\"twitter:label1\" content=\"Dur\u00e9e de lecture estim\u00e9e\" \/>\n\t<meta name=\"twitter:data1\" content=\"1 minute\" \/>\n<script type=\"application\/ld+json\" class=\"yoast-schema-graph\">{\"@context\":\"https:\\\/\\\/schema.org\",\"@graph\":[{\"@type\":\"WebPage\",\"@id\":\"https:\\\/\\\/ledsolintel.com\\\/product\\\/conector-en-t-tira-led-220v-corte-20cm\\\/\",\"url\":\"https:\\\/\\\/ledsolintel.com\\\/product\\\/conector-en-t-tira-led-220v-corte-20cm\\\/\",\"name\":\"Conector en T tira LED 220V corte 20cm - Ledsolintel\",\"isPartOf\":{\"@id\":\"https:\\\/\\\/ledsolintel.com\\\/#website\"},\"primaryImageOfPage\":{\"@id\":\"https:\\\/\\\/ledsolintel.com\\\/product\\\/conector-en-t-tira-led-220v-corte-20cm\\\/#primaryimage\"},\"image\":{\"@id\":\"https:\\\/\\\/ledsolintel.com\\\/product\\\/conector-en-t-tira-led-220v-corte-20cm\\\/#primaryimage\"},\"thumbnailUrl\":\"https:\\\/\\\/ledsolintel.com\\\/wp-content\\\/uploads\\\/2025\\\/11\\\/conector-en-t-tira-led-220v-corte-20cm.jpg\",\"datePublished\":\"2025-11-11T15:59:33+00:00\",\"dateModified\":\"2026-04-07T08:19:01+00:00\",\"breadcrumb\":{\"@id\":\"https:\\\/\\\/ledsolintel.com\\\/product\\\/conector-en-t-tira-led-220v-corte-20cm\\\/#breadcrumb\"},\"inLanguage\":\"fr-FR\",\"potentialAction\":[{\"@type\":\"ReadAction\",\"target\":[\"https:\\\/\\\/ledsolintel.com\\\/product\\\/conector-en-t-tira-led-220v-corte-20cm\\\/\"]}]},{\"@type\":\"ImageObject\",\"inLanguage\":\"fr-FR\",\"@id\":\"https:\\\/\\\/ledsolintel.com\\\/product\\\/conector-en-t-tira-led-220v-corte-20cm\\\/#primaryimage\",\"url\":\"https:\\\/\\\/ledsolintel.com\\\/wp-content\\\/uploads\\\/2025\\\/11\\\/conector-en-t-tira-led-220v-corte-20cm.jpg\",\"contentUrl\":\"https:\\\/\\\/ledsolintel.com\\\/wp-content\\\/uploads\\\/2025\\\/11\\\/conector-en-t-tira-led-220v-corte-20cm.jpg\",\"width\":1200,\"height\":1200},{\"@type\":\"BreadcrumbList\",\"@id\":\"https:\\\/\\\/ledsolintel.com\\\/product\\\/conector-en-t-tira-led-220v-corte-20cm\\\/#breadcrumb\",\"itemListElement\":[{\"@type\":\"ListItem\",\"position\":1,\"name\":\"Portada\",\"item\":\"https:\\\/\\\/ledsolintel.com\\\/fr\\\/\"},{\"@type\":\"ListItem\",\"position\":2,\"name\":\"Tienda\",\"item\":\"https:\\\/\\\/ledsolintel.com\\\/tienda\\\/\"},{\"@type\":\"ListItem\",\"position\":3,\"name\":\"Conector en T tira LED 220V corte 20cm\"}]},{\"@type\":\"WebSite\",\"@id\":\"https:\\\/\\\/ledsolintel.com\\\/#website\",\"url\":\"https:\\\/\\\/ledsolintel.com\\\/\",\"name\":\"Webmenaje\",\"description\":\"Tienda de bombillas y l\u00e1mparas LED para profesionales\",\"publisher\":{\"@id\":\"https:\\\/\\\/ledsolintel.com\\\/#organization\"},\"potentialAction\":[{\"@type\":\"SearchAction\",\"target\":{\"@type\":\"EntryPoint\",\"urlTemplate\":\"https:\\\/\\\/ledsolintel.com\\\/?s={search_term_string}\"},\"query-input\":{\"@type\":\"PropertyValueSpecification\",\"valueRequired\":true,\"valueName\":\"search_term_string\"}}],\"inLanguage\":\"fr-FR\"},{\"@type\":\"Organization\",\"@id\":\"https:\\\/\\\/ledsolintel.com\\\/#organization\",\"name\":\"Solintel Noroeste, S.L.\",\"url\":\"https:\\\/\\\/ledsolintel.com\\\/\",\"logo\":{\"@type\":\"ImageObject\",\"inLanguage\":\"fr-FR\",\"@id\":\"https:\\\/\\\/ledsolintel.com\\\/#\\\/schema\\\/logo\\\/image\\\/\",\"url\":\"https:\\\/\\\/ledsolintel.com\\\/wp-content\\\/uploads\\\/2024\\\/11\\\/webmenaje-logo-1508269066.jpg\",\"contentUrl\":\"https:\\\/\\\/ledsolintel.com\\\/wp-content\\\/uploads\\\/2024\\\/11\\\/webmenaje-logo-1508269066.jpg\",\"width\":370,\"height\":90,\"caption\":\"Solintel Noroeste, S.L.\"},\"image\":{\"@id\":\"https:\\\/\\\/ledsolintel.com\\\/#\\\/schema\\\/logo\\\/image\\\/\"},\"sameAs\":[\"http:\\\/\\\/www.facebook.com\\\/webmenaje\",\"https:\\\/\\\/x.com\\\/webmenaje\",\"https:\\\/\\\/www.youtube.com\\\/channel\\\/UCX2KoVoeCG4LocZjUc6LmSQ\",\"http:\\\/\\\/www.pinterest.com\\\/webmenaje\"]}]}<\/script>\n<!-- \/ Yoast SEO plugin. -->","yoast_head_json":{"title":"Conector en T tira LED 220V corte 20cm - Ledsolintel","robots":{"index":"index","follow":"follow","max-snippet":"max-snippet:-1","max-image-preview":"max-image-preview:large","max-video-preview":"max-video-preview:-1"},"canonical":"https:\/\/ledsolintel.com\/fr\/produit-2\/conector-en-t-tira-led-220v-corte-20cm\/","og_locale":"fr_FR","og_type":"article","og_title":"Conector en T tira LED 220V corte 20cm - Ledsolintel","og_description":"Conector tipo L compatible con las tiras LED de 220V de corte 20 cm. Este producto es ideal para realizar derivaciones en instalaciones con tiras led de 220V. Compatible s\u00f3lo con los modelos de tira que aparecen en el apartado &#8220;ACCESORIOS Y RELACIONADOS&#8221; Debido a su grado de protecci\u00f3n IP20 es ideal para instalar en &hellip; Continue reading Conector en T tira LED 220V corte 20cm","og_url":"https:\/\/ledsolintel.com\/fr\/produit-2\/conector-en-t-tira-led-220v-corte-20cm\/","og_site_name":"Ledsolintel","article_publisher":"http:\/\/www.facebook.com\/webmenaje","article_modified_time":"2026-04-07T08:19:01+00:00","og_image":[{"width":1200,"height":1200,"url":"https:\/\/ledsolintel.com\/wp-content\/uploads\/2025\/11\/conector-en-t-tira-led-220v-corte-20cm.jpg","type":"image\/jpeg"}],"twitter_card":"summary_large_image","twitter_site":"@webmenaje","twitter_misc":{"Dur\u00e9e de lecture estim\u00e9e":"1 minute"},"schema":{"@context":"https:\/\/schema.org","@graph":[{"@type":"WebPage","@id":"https:\/\/ledsolintel.com\/product\/conector-en-t-tira-led-220v-corte-20cm\/","url":"https:\/\/ledsolintel.com\/product\/conector-en-t-tira-led-220v-corte-20cm\/","name":"Conector en T tira LED 220V corte 20cm - Ledsolintel","isPartOf":{"@id":"https:\/\/ledsolintel.com\/#website"},"primaryImageOfPage":{"@id":"https:\/\/ledsolintel.com\/product\/conector-en-t-tira-led-220v-corte-20cm\/#primaryimage"},"image":{"@id":"https:\/\/ledsolintel.com\/product\/conector-en-t-tira-led-220v-corte-20cm\/#primaryimage"},"thumbnailUrl":"https:\/\/ledsolintel.com\/wp-content\/uploads\/2025\/11\/conector-en-t-tira-led-220v-corte-20cm.jpg","datePublished":"2025-11-11T15:59:33+00:00","dateModified":"2026-04-07T08:19:01+00:00","breadcrumb":{"@id":"https:\/\/ledsolintel.com\/product\/conector-en-t-tira-led-220v-corte-20cm\/#breadcrumb"},"inLanguage":"fr-FR","potentialAction":[{"@type":"ReadAction","target":["https:\/\/ledsolintel.com\/product\/conector-en-t-tira-led-220v-corte-20cm\/"]}]},{"@type":"ImageObject","inLanguage":"fr-FR","@id":"https:\/\/ledsolintel.com\/product\/conector-en-t-tira-led-220v-corte-20cm\/#primaryimage","url":"https:\/\/ledsolintel.com\/wp-content\/uploads\/2025\/11\/conector-en-t-tira-led-220v-corte-20cm.jpg","contentUrl":"https:\/\/ledsolintel.com\/wp-content\/uploads\/2025\/11\/conector-en-t-tira-led-220v-corte-20cm.jpg","width":1200,"height":1200},{"@type":"BreadcrumbList","@id":"https:\/\/ledsolintel.com\/product\/conector-en-t-tira-led-220v-corte-20cm\/#breadcrumb","itemListElement":[{"@type":"ListItem","position":1,"name":"Portada","item":"https:\/\/ledsolintel.com\/fr\/"},{"@type":"ListItem","position":2,"name":"Tienda","item":"https:\/\/ledsolintel.com\/tienda\/"},{"@type":"ListItem","position":3,"name":"Conector en T tira LED 220V corte 20cm"}]},{"@type":"WebSite","@id":"https:\/\/ledsolintel.com\/#website","url":"https:\/\/ledsolintel.com\/","name":"Webmenaje","description":"Magasin d'ampoules et de lampes LED pour les professionnels","publisher":{"@id":"https:\/\/ledsolintel.com\/#organization"},"potentialAction":[{"@type":"SearchAction","target":{"@type":"EntryPoint","urlTemplate":"https:\/\/ledsolintel.com\/?s={search_term_string}"},"query-input":{"@type":"PropertyValueSpecification","valueRequired":true,"valueName":"search_term_string"}}],"inLanguage":"fr-FR"},{"@type":"Organization","@id":"https:\/\/ledsolintel.com\/#organization","name":"Solintel Noroeste, S.L.","url":"https:\/\/ledsolintel.com\/","logo":{"@type":"ImageObject","inLanguage":"fr-FR","@id":"https:\/\/ledsolintel.com\/#\/schema\/logo\/image\/","url":"https:\/\/ledsolintel.com\/wp-content\/uploads\/2024\/11\/webmenaje-logo-1508269066.jpg","contentUrl":"https:\/\/ledsolintel.com\/wp-content\/uploads\/2024\/11\/webmenaje-logo-1508269066.jpg","width":370,"height":90,"caption":"Solintel Noroeste, S.L."},"image":{"@id":"https:\/\/ledsolintel.com\/#\/schema\/logo\/image\/"},"sameAs":["http:\/\/www.facebook.com\/webmenaje","https:\/\/x.com\/webmenaje","https:\/\/www.youtube.com\/channel\/UCX2KoVoeCG4LocZjUc6LmSQ","http:\/\/www.pinterest.com\/webmenaje"]}]}},"_links":{"self":[{"href":"https:\/\/ledsolintel.com\/fr\/wp-json\/wp\/v2\/product\/268472","targetHints":{"allow":["GET"]}}],"collection":[{"href":"https:\/\/ledsolintel.com\/fr\/wp-json\/wp\/v2\/product"}],"about":[{"href":"https:\/\/ledsolintel.com\/fr\/wp-json\/wp\/v2\/types\/product"}],"version-history":[{"count":1,"href":"https:\/\/ledsolintel.com\/fr\/wp-json\/wp\/v2\/product\/268472\/revisions"}],"predecessor-version":[{"id":268473,"href":"https:\/\/ledsolintel.com\/fr\/wp-json\/wp\/v2\/product\/268472\/revisions\/268473"}],"wp:featuredmedia":[{"embeddable":true,"href":"https:\/\/ledsolintel.com\/fr\/wp-json\/wp\/v2\/media\/262661"}],"wp:attachment":[{"href":"https:\/\/ledsolintel.com\/fr\/wp-json\/wp\/v2\/media?parent=268472"}],"wp:term":[{"taxonomy":"product_brand","embeddable":true,"href":"https:\/\/ledsolintel.com\/fr\/wp-json\/wp\/v2\/product_brand?post=268472"},{"taxonomy":"product_cat","embeddable":true,"href":"https:\/\/ledsolintel.com\/fr\/wp-json\/wp\/v2\/product_cat?post=268472"},{"taxonomy":"product_tag","embeddable":true,"href":"https:\/\/ledsolintel.com\/fr\/wp-json\/wp\/v2\/product_tag?post=268472"}],"curies":[{"name":"wp","href":"https:\/\/api.w.org\/{rel}","templated":true}]}}