{"id":268451,"date":"2025-11-11T16:58:58","date_gmt":"2025-11-11T15:58:58","guid":{"rendered":"https:\/\/nueva.ledsolintel.com\/product\/tira-led-12v-5m-14-4w-m-ip68-sumergible\/"},"modified":"2026-04-07T10:19:02","modified_gmt":"2026-04-07T08:19:02","slug":"tira-led-12v-5m-14-4w-m-ip68-sumergible","status":"publish","type":"product","link":"https:\/\/ledsolintel.com\/fr\/produit-2\/tira-led-12v-5m-14-4w-m-ip68-sumergible\/","title":{"rendered":"Bande LED 12V 5m 14.4W\/m IP68 submersible"},"content":{"rendered":"<p>Este tipo de tira LED de 12V, se suministra en rollos de 5 metros con 14.4W (por metro). Debido a su grado de protecci\u00f3n IP68 es ideal para instalar en zonas interiores y exteriores (protecci\u00f3n totalmente estanco contra el polvo y agua. Es sumergible).  Dispone de una gran eficacia al consumir 14.4W a trav\u00e9s del LED de tipo SMD5050 (60 leds\/metro), proporcionando un flujo luminoso de 4200 lumens en total. Est\u00e1 dispoible en dos temperaturas de color: blanca 6.000K y c\u00e1lida 3.000K.  No es una tira led apta para su uso dentro de un perfil.  Al tratarse de una tira led que se puede se puede sumergir, se puede instalar a una profundidad m\u00e1xima de 3 metros.  Una vez colocada la tira al aire, se debe alimentar mediante un transformador de 12V de corriente continua. La potencia del transformador debe estar por encima de la potencia total de la tira (o tiras) que vaya a alimentar. En caso de querer regular la intensidad de luz o controlar el encendido a distancia, se puede a\u00f1adir un regulador o un controlador a la instalaci\u00f3n. En el apartado de accesorios y relacionados se muestran los controladores y reguladores compatibles con esta tira, as\u00ed como otros accesorios para hacer conexiones y\/o complementar el montaje. Para informaci\u00f3n m\u00e1s detallada acerca del montaje, consultar el manual disponible en la pesta\u00f1a \u201cManuales y descargas\u201d  Adem\u00e1s de ser un producto que tiene m\u00e1s de 30.000 horas de vida, dispone de una garant\u00eda de 3 a\u00f1os. Cuenta tambi\u00e9n con el certificado CE, que acredita que se cumple con los requisitos de la UE respecto a compatibilidad electromagn\u00e9tica y normativa de baja tensi\u00f3n. Con este certificado se declara la conformidad de dicho producto con todos los requisitos legales exigidos, y asegura la validez del producto para ser vendido en todo el Espacio Econ\u00f3mico Europeo.<\/p>","protected":false},"excerpt":{"rendered":"<p>Este tipo de tira LED de 12V, se suministra en rollos de 5 metros con 14.4W (por metro). Debido a su grado de protecci\u00f3n IP68 es ideal para instalar en zonas interiores y exteriores (protecci\u00f3n totalmente estanco contra el polvo y agua. Es sumergible). Dispone de una gran eficacia al consumir 14.4W a trav\u00e9s del &hellip; <a href=\"https:\/\/ledsolintel.com\/fr\/produit-2\/tira-led-12v-5m-14-4w-m-ip68-sumergible\/\" class=\"more-link\">Continue reading <span class=\"screen-reader-text\">Bande LED 12V 5m 14.4W\/m IP68 submersible<\/span><\/a><\/p>","protected":false},"featured_media":262618,"template":"","meta":[],"product_brand":[101370],"product_cat":[15,101371,99581,99683],"product_tag":[],"class_list":{"0":"post-268451","1":"product","2":"type-product","3":"status-publish","4":"has-post-thumbnail","6":"product_brand-masterled","7":"product_cat-uncategorized","8":"product_cat-masterled","9":"product_cat-tiras-de-led-perfiles-drivers-y-accesorios","10":"product_cat-tiras-de-led","11":"pa_temperatura-color-luz-blanca","12":"pa_temperatura-color-luz-calida","15":"instock","16":"taxable","17":"shipping-taxable","18":"purchasable","19":"product-type-variable","20":"has-default-attributes"},"yoast_head":"<!-- This site is optimized with the Yoast SEO plugin v26.6 - https:\/\/yoast.com\/wordpress\/plugins\/seo\/ -->\n<title>Tira Led 12V 5m 14.4W\/m IP68 sumergible - Ledsolintel<\/title>\n<meta name=\"robots\" content=\"index, follow, max-snippet:-1, max-image-preview:large, max-video-preview:-1\" \/>\n<link rel=\"canonical\" href=\"https:\/\/ledsolintel.com\/fr\/produit-2\/tira-led-12v-5m-14-4w-m-ip68-sumergible\/\" \/>\n<meta property=\"og:locale\" content=\"fr_FR\" \/>\n<meta property=\"og:type\" content=\"article\" \/>\n<meta property=\"og:title\" content=\"Tira Led 12V 5m 14.4W\/m IP68 sumergible - Ledsolintel\" \/>\n<meta property=\"og:description\" content=\"Este tipo de tira LED de 12V, se suministra en rollos de 5 metros con 14.4W (por metro). Debido a su grado de protecci\u00f3n IP68 es ideal para instalar en zonas interiores y exteriores (protecci\u00f3n totalmente estanco contra el polvo y agua. Es sumergible). Dispone de una gran eficacia al consumir 14.4W a trav\u00e9s del &hellip; Continue reading Tira Led 12V 5m 14.4W\/m IP68 sumergible\" \/>\n<meta property=\"og:url\" content=\"https:\/\/ledsolintel.com\/fr\/produit-2\/tira-led-12v-5m-14-4w-m-ip68-sumergible\/\" \/>\n<meta property=\"og:site_name\" content=\"Ledsolintel\" \/>\n<meta property=\"article:publisher\" content=\"http:\/\/www.facebook.com\/webmenaje\" \/>\n<meta property=\"article:modified_time\" content=\"2026-04-07T08:19:02+00:00\" \/>\n<meta property=\"og:image\" content=\"https:\/\/ledsolintel.com\/wp-content\/uploads\/2025\/11\/tira-led-12v-5m-144wm-ip68-sumergible.jpg\" \/>\n\t<meta property=\"og:image:width\" content=\"1500\" \/>\n\t<meta property=\"og:image:height\" content=\"1500\" \/>\n\t<meta property=\"og:image:type\" content=\"image\/jpeg\" \/>\n<meta name=\"twitter:card\" content=\"summary_large_image\" \/>\n<meta name=\"twitter:site\" content=\"@webmenaje\" \/>\n<meta name=\"twitter:label1\" content=\"Dur\u00e9e de lecture estim\u00e9e\" \/>\n\t<meta name=\"twitter:data1\" content=\"2 minutes\" \/>\n<script type=\"application\/ld+json\" class=\"yoast-schema-graph\">{\"@context\":\"https:\/\/schema.org\",\"@graph\":[{\"@type\":\"WebPage\",\"@id\":\"https:\/\/ledsolintel.com\/product\/tira-led-12v-5m-14-4w-m-ip68-sumergible\/\",\"url\":\"https:\/\/ledsolintel.com\/product\/tira-led-12v-5m-14-4w-m-ip68-sumergible\/\",\"name\":\"Tira Led 12V 5m 14.4W\/m IP68 sumergible - Ledsolintel\",\"isPartOf\":{\"@id\":\"https:\/\/ledsolintel.com\/#website\"},\"primaryImageOfPage\":{\"@id\":\"https:\/\/ledsolintel.com\/product\/tira-led-12v-5m-14-4w-m-ip68-sumergible\/#primaryimage\"},\"image\":{\"@id\":\"https:\/\/ledsolintel.com\/product\/tira-led-12v-5m-14-4w-m-ip68-sumergible\/#primaryimage\"},\"thumbnailUrl\":\"https:\/\/ledsolintel.com\/wp-content\/uploads\/2025\/11\/tira-led-12v-5m-144wm-ip68-sumergible.jpg\",\"datePublished\":\"2025-11-11T15:58:58+00:00\",\"dateModified\":\"2026-04-07T08:19:02+00:00\",\"breadcrumb\":{\"@id\":\"https:\/\/ledsolintel.com\/product\/tira-led-12v-5m-14-4w-m-ip68-sumergible\/#breadcrumb\"},\"inLanguage\":\"fr-FR\",\"potentialAction\":[{\"@type\":\"ReadAction\",\"target\":[\"https:\/\/ledsolintel.com\/product\/tira-led-12v-5m-14-4w-m-ip68-sumergible\/\"]}]},{\"@type\":\"ImageObject\",\"inLanguage\":\"fr-FR\",\"@id\":\"https:\/\/ledsolintel.com\/product\/tira-led-12v-5m-14-4w-m-ip68-sumergible\/#primaryimage\",\"url\":\"https:\/\/ledsolintel.com\/wp-content\/uploads\/2025\/11\/tira-led-12v-5m-144wm-ip68-sumergible.jpg\",\"contentUrl\":\"https:\/\/ledsolintel.com\/wp-content\/uploads\/2025\/11\/tira-led-12v-5m-144wm-ip68-sumergible.jpg\",\"width\":1500,\"height\":1500},{\"@type\":\"BreadcrumbList\",\"@id\":\"https:\/\/ledsolintel.com\/product\/tira-led-12v-5m-14-4w-m-ip68-sumergible\/#breadcrumb\",\"itemListElement\":[{\"@type\":\"ListItem\",\"position\":1,\"name\":\"Portada\",\"item\":\"https:\/\/ledsolintel.com\/fr\/\"},{\"@type\":\"ListItem\",\"position\":2,\"name\":\"Tienda\",\"item\":\"https:\/\/ledsolintel.com\/tienda\/\"},{\"@type\":\"ListItem\",\"position\":3,\"name\":\"Tira Led 12V 5m 14.4W\/m IP68 sumergible\"}]},{\"@type\":\"WebSite\",\"@id\":\"https:\/\/ledsolintel.com\/#website\",\"url\":\"https:\/\/ledsolintel.com\/\",\"name\":\"Webmenaje\",\"description\":\"Tienda de bombillas y l\u00e1mparas LED para profesionales\",\"publisher\":{\"@id\":\"https:\/\/ledsolintel.com\/#organization\"},\"potentialAction\":[{\"@type\":\"SearchAction\",\"target\":{\"@type\":\"EntryPoint\",\"urlTemplate\":\"https:\/\/ledsolintel.com\/?s={search_term_string}\"},\"query-input\":{\"@type\":\"PropertyValueSpecification\",\"valueRequired\":true,\"valueName\":\"search_term_string\"}}],\"inLanguage\":\"fr-FR\"},{\"@type\":\"Organization\",\"@id\":\"https:\/\/ledsolintel.com\/#organization\",\"name\":\"Solintel Noroeste, S.L.\",\"url\":\"https:\/\/ledsolintel.com\/\",\"logo\":{\"@type\":\"ImageObject\",\"inLanguage\":\"fr-FR\",\"@id\":\"https:\/\/ledsolintel.com\/#\/schema\/logo\/image\/\",\"url\":\"https:\/\/ledsolintel.com\/wp-content\/uploads\/2024\/11\/webmenaje-logo-1508269066.jpg\",\"contentUrl\":\"https:\/\/ledsolintel.com\/wp-content\/uploads\/2024\/11\/webmenaje-logo-1508269066.jpg\",\"width\":370,\"height\":90,\"caption\":\"Solintel Noroeste, S.L.\"},\"image\":{\"@id\":\"https:\/\/ledsolintel.com\/#\/schema\/logo\/image\/\"},\"sameAs\":[\"http:\/\/www.facebook.com\/webmenaje\",\"https:\/\/x.com\/webmenaje\",\"https:\/\/www.youtube.com\/channel\/UCX2KoVoeCG4LocZjUc6LmSQ\",\"http:\/\/www.pinterest.com\/webmenaje\"]}]}<\/script>\n<!-- \/ Yoast SEO plugin. -->","yoast_head_json":{"title":"Tira Led 12V 5m 14.4W\/m IP68 sumergible - Ledsolintel","robots":{"index":"index","follow":"follow","max-snippet":"max-snippet:-1","max-image-preview":"max-image-preview:large","max-video-preview":"max-video-preview:-1"},"canonical":"https:\/\/ledsolintel.com\/fr\/produit-2\/tira-led-12v-5m-14-4w-m-ip68-sumergible\/","og_locale":"fr_FR","og_type":"article","og_title":"Tira Led 12V 5m 14.4W\/m IP68 sumergible - Ledsolintel","og_description":"Este tipo de tira LED de 12V, se suministra en rollos de 5 metros con 14.4W (por metro). Debido a su grado de protecci\u00f3n IP68 es ideal para instalar en zonas interiores y exteriores (protecci\u00f3n totalmente estanco contra el polvo y agua. Es sumergible). Dispone de una gran eficacia al consumir 14.4W a trav\u00e9s del &hellip; Continue reading Tira Led 12V 5m 14.4W\/m IP68 sumergible","og_url":"https:\/\/ledsolintel.com\/fr\/produit-2\/tira-led-12v-5m-14-4w-m-ip68-sumergible\/","og_site_name":"Ledsolintel","article_publisher":"http:\/\/www.facebook.com\/webmenaje","article_modified_time":"2026-04-07T08:19:02+00:00","og_image":[{"width":1500,"height":1500,"url":"https:\/\/ledsolintel.com\/wp-content\/uploads\/2025\/11\/tira-led-12v-5m-144wm-ip68-sumergible.jpg","type":"image\/jpeg"}],"twitter_card":"summary_large_image","twitter_site":"@webmenaje","twitter_misc":{"Dur\u00e9e de lecture estim\u00e9e":"2 minutes"},"schema":{"@context":"https:\/\/schema.org","@graph":[{"@type":"WebPage","@id":"https:\/\/ledsolintel.com\/product\/tira-led-12v-5m-14-4w-m-ip68-sumergible\/","url":"https:\/\/ledsolintel.com\/product\/tira-led-12v-5m-14-4w-m-ip68-sumergible\/","name":"Tira Led 12V 5m 14.4W\/m IP68 sumergible - Ledsolintel","isPartOf":{"@id":"https:\/\/ledsolintel.com\/#website"},"primaryImageOfPage":{"@id":"https:\/\/ledsolintel.com\/product\/tira-led-12v-5m-14-4w-m-ip68-sumergible\/#primaryimage"},"image":{"@id":"https:\/\/ledsolintel.com\/product\/tira-led-12v-5m-14-4w-m-ip68-sumergible\/#primaryimage"},"thumbnailUrl":"https:\/\/ledsolintel.com\/wp-content\/uploads\/2025\/11\/tira-led-12v-5m-144wm-ip68-sumergible.jpg","datePublished":"2025-11-11T15:58:58+00:00","dateModified":"2026-04-07T08:19:02+00:00","breadcrumb":{"@id":"https:\/\/ledsolintel.com\/product\/tira-led-12v-5m-14-4w-m-ip68-sumergible\/#breadcrumb"},"inLanguage":"fr-FR","potentialAction":[{"@type":"ReadAction","target":["https:\/\/ledsolintel.com\/product\/tira-led-12v-5m-14-4w-m-ip68-sumergible\/"]}]},{"@type":"ImageObject","inLanguage":"fr-FR","@id":"https:\/\/ledsolintel.com\/product\/tira-led-12v-5m-14-4w-m-ip68-sumergible\/#primaryimage","url":"https:\/\/ledsolintel.com\/wp-content\/uploads\/2025\/11\/tira-led-12v-5m-144wm-ip68-sumergible.jpg","contentUrl":"https:\/\/ledsolintel.com\/wp-content\/uploads\/2025\/11\/tira-led-12v-5m-144wm-ip68-sumergible.jpg","width":1500,"height":1500},{"@type":"BreadcrumbList","@id":"https:\/\/ledsolintel.com\/product\/tira-led-12v-5m-14-4w-m-ip68-sumergible\/#breadcrumb","itemListElement":[{"@type":"ListItem","position":1,"name":"Portada","item":"https:\/\/ledsolintel.com\/fr\/"},{"@type":"ListItem","position":2,"name":"Tienda","item":"https:\/\/ledsolintel.com\/tienda\/"},{"@type":"ListItem","position":3,"name":"Tira Led 12V 5m 14.4W\/m IP68 sumergible"}]},{"@type":"WebSite","@id":"https:\/\/ledsolintel.com\/#website","url":"https:\/\/ledsolintel.com\/","name":"Webmenaje","description":"Magasin d'ampoules et de lampes LED pour les professionnels","publisher":{"@id":"https:\/\/ledsolintel.com\/#organization"},"potentialAction":[{"@type":"SearchAction","target":{"@type":"EntryPoint","urlTemplate":"https:\/\/ledsolintel.com\/?s={search_term_string}"},"query-input":{"@type":"PropertyValueSpecification","valueRequired":true,"valueName":"search_term_string"}}],"inLanguage":"fr-FR"},{"@type":"Organization","@id":"https:\/\/ledsolintel.com\/#organization","name":"Solintel Noroeste, S.L.","url":"https:\/\/ledsolintel.com\/","logo":{"@type":"ImageObject","inLanguage":"fr-FR","@id":"https:\/\/ledsolintel.com\/#\/schema\/logo\/image\/","url":"https:\/\/ledsolintel.com\/wp-content\/uploads\/2024\/11\/webmenaje-logo-1508269066.jpg","contentUrl":"https:\/\/ledsolintel.com\/wp-content\/uploads\/2024\/11\/webmenaje-logo-1508269066.jpg","width":370,"height":90,"caption":"Solintel Noroeste, S.L."},"image":{"@id":"https:\/\/ledsolintel.com\/#\/schema\/logo\/image\/"},"sameAs":["http:\/\/www.facebook.com\/webmenaje","https:\/\/x.com\/webmenaje","https:\/\/www.youtube.com\/channel\/UCX2KoVoeCG4LocZjUc6LmSQ","http:\/\/www.pinterest.com\/webmenaje"]}]}},"_links":{"self":[{"href":"https:\/\/ledsolintel.com\/fr\/wp-json\/wp\/v2\/product\/268451","targetHints":{"allow":["GET"]}}],"collection":[{"href":"https:\/\/ledsolintel.com\/fr\/wp-json\/wp\/v2\/product"}],"about":[{"href":"https:\/\/ledsolintel.com\/fr\/wp-json\/wp\/v2\/types\/product"}],"version-history":[{"count":1,"href":"https:\/\/ledsolintel.com\/fr\/wp-json\/wp\/v2\/product\/268451\/revisions"}],"predecessor-version":[{"id":268452,"href":"https:\/\/ledsolintel.com\/fr\/wp-json\/wp\/v2\/product\/268451\/revisions\/268452"}],"wp:featuredmedia":[{"embeddable":true,"href":"https:\/\/ledsolintel.com\/fr\/wp-json\/wp\/v2\/media\/262618"}],"wp:attachment":[{"href":"https:\/\/ledsolintel.com\/fr\/wp-json\/wp\/v2\/media?parent=268451"}],"wp:term":[{"taxonomy":"product_brand","embeddable":true,"href":"https:\/\/ledsolintel.com\/fr\/wp-json\/wp\/v2\/product_brand?post=268451"},{"taxonomy":"product_cat","embeddable":true,"href":"https:\/\/ledsolintel.com\/fr\/wp-json\/wp\/v2\/product_cat?post=268451"},{"taxonomy":"product_tag","embeddable":true,"href":"https:\/\/ledsolintel.com\/fr\/wp-json\/wp\/v2\/product_tag?post=268451"}],"curies":[{"name":"wp","href":"https:\/\/api.w.org\/{rel}","templated":true}]}}