{"id":268402,"date":"2025-11-11T16:58:11","date_gmt":"2025-11-11T15:58:11","guid":{"rendered":"https:\/\/nueva.ledsolintel.com\/product\/sensor-de-movimiento-empotrable-mini-120o\/"},"modified":"2026-04-07T10:19:02","modified_gmt":"2026-04-07T08:19:02","slug":"sensor-de-movimiento-empotrable-mini-120o","status":"publish","type":"product","link":"https:\/\/ledsolintel.com\/fr\/produit-2\/sensor-de-movimiento-empotrable-mini-120o\/","title":{"rendered":"Mini-d\u00e9tecteur de mouvement encastr\u00e9 120"},"content":{"rendered":"<p>D\u00e9tecteur de mouvement avec fonction nocturne pour installation encastr\u00e9e, compatible avec les luminaires \u00e0 LED. Il s'agit d'un m\u00e9canisme id\u00e9al pour l'allumage automatique des luminaires dans une multitude de pi\u00e8ces telles que les couloirs, les escaliers, les salles de bains, les chambres \u00e0 coucher, etc.    Il dispose de trois molettes de r\u00e9glage pour configurer les param\u00e8tres suivants :  - Distance de d\u00e9tection : 2-6 m\u00e8tres - Seuil de d\u00e9tection : &lt; 10-2000 lux - Temps de fonctionnement : 10 secondes - 7 minutes Il admet une tension d&#039;entr\u00e9e de 220\/240V et une fr\u00e9quence de fonctionnement de 50 Hz.  Gr\u00e2ce \u00e0 son degr\u00e9 de protection IP20, il est id\u00e9al pour une installation \u00e0 l&#039;int\u00e9rieur (protection contre les particules solides de plus de 12 mm et n&#039;est pas \u00e9tanche).  Il est garanti 3 ans. Il poss\u00e8de \u00e9galement le certificat CE, qui atteste qu&#039;il est conforme aux exigences de l&#039;UE en mati\u00e8re de compatibilit\u00e9 \u00e9lectromagn\u00e9tique et de basse tension. Ce certificat d\u00e9clare la conformit\u00e9 du produit \u00e0 toutes les exigences l\u00e9gales et garantit la validit\u00e9 de la vente du produit dans l&#039;ensemble de l&#039;Espace \u00e9conomique europ\u00e9en.<\/p>","protected":false},"excerpt":{"rendered":"<p>Sensor de movimiento con funci\u00f3n nocturna para instalar empotrado, compatible con luminarias LED. Es un mecanismo ideal para el encendido autom\u00e1tico de luminarias en multitud de estancia como pasillos, escaleras, ba\u00f1os, habitaciones, etc. Dispone de tres ruedas de ajuste para configurar los siguientes par\u00e1metros: &#8211; Distancia de detecci\u00f3n: 2-6 metros &#8211; Umbral de detecci\u00f3n: &lt; &hellip; <a href=\"https:\/\/ledsolintel.com\/fr\/produit-2\/sensor-de-movimiento-empotrable-mini-120o\/\" class=\"more-link\">Continue reading <span class=\"screen-reader-text\">Mini-d\u00e9tecteur de mouvement encastr\u00e9 120<\/span><\/a><\/p>","protected":false},"featured_media":262522,"template":"","meta":[],"product_brand":[101370],"product_cat":[101371,15],"product_tag":[],"class_list":{"0":"post-268402","1":"product","2":"type-product","3":"status-publish","4":"has-post-thumbnail","6":"product_brand-masterled","7":"product_cat-masterled","8":"product_cat-uncategorized","9":"pa_interior-exterior-interior","12":"instock","13":"taxable","14":"shipping-taxable","15":"purchasable","16":"product-type-simple"},"yoast_head":"<!-- This site is optimized with the Yoast SEO plugin v27.4 - https:\/\/yoast.com\/product\/yoast-seo-wordpress\/ -->\n<title>Sensor de movimiento empotrable mini 120\u00ba - Ledsolintel<\/title>\n<meta name=\"robots\" content=\"index, follow, max-snippet:-1, max-image-preview:large, max-video-preview:-1\" \/>\n<link rel=\"canonical\" href=\"https:\/\/ledsolintel.com\/fr\/produit-2\/sensor-de-movimiento-empotrable-mini-120o\/\" \/>\n<meta property=\"og:locale\" content=\"fr_FR\" \/>\n<meta property=\"og:type\" content=\"article\" \/>\n<meta property=\"og:title\" content=\"Sensor de movimiento empotrable mini 120\u00ba - Ledsolintel\" \/>\n<meta property=\"og:description\" content=\"Sensor de movimiento con funci\u00f3n nocturna para instalar empotrado, compatible con luminarias LED. Es un mecanismo ideal para el encendido autom\u00e1tico de luminarias en multitud de estancia como pasillos, escaleras, ba\u00f1os, habitaciones, etc. Dispone de tres ruedas de ajuste para configurar los siguientes par\u00e1metros: &#8211; Distancia de detecci\u00f3n: 2-6 metros &#8211; Umbral de detecci\u00f3n: &lt; &hellip; Continue reading Sensor de movimiento empotrable mini 120\u00ba\" \/>\n<meta property=\"og:url\" content=\"https:\/\/ledsolintel.com\/fr\/produit-2\/sensor-de-movimiento-empotrable-mini-120o\/\" \/>\n<meta property=\"og:site_name\" content=\"Ledsolintel\" \/>\n<meta property=\"article:publisher\" content=\"http:\/\/www.facebook.com\/webmenaje\" \/>\n<meta property=\"article:modified_time\" content=\"2026-04-07T08:19:02+00:00\" \/>\n<meta property=\"og:image\" content=\"https:\/\/ledsolintel.com\/wp-content\/uploads\/2025\/11\/sensor-de-movimiento-empotrable-mini-120.jpg\" \/>\n\t<meta property=\"og:image:width\" content=\"1500\" \/>\n\t<meta property=\"og:image:height\" content=\"1500\" \/>\n\t<meta property=\"og:image:type\" content=\"image\/jpeg\" \/>\n<meta name=\"twitter:card\" content=\"summary_large_image\" \/>\n<meta name=\"twitter:site\" content=\"@webmenaje\" \/>\n<meta name=\"twitter:label1\" content=\"Dur\u00e9e de lecture estim\u00e9e\" \/>\n\t<meta name=\"twitter:data1\" content=\"1 minute\" \/>\n<script type=\"application\/ld+json\" class=\"yoast-schema-graph\">{\"@context\":\"https:\\\/\\\/schema.org\",\"@graph\":[{\"@type\":\"WebPage\",\"@id\":\"https:\\\/\\\/ledsolintel.com\\\/product\\\/sensor-de-movimiento-empotrable-mini-120o\\\/\",\"url\":\"https:\\\/\\\/ledsolintel.com\\\/product\\\/sensor-de-movimiento-empotrable-mini-120o\\\/\",\"name\":\"Sensor de movimiento empotrable mini 120\u00ba - Ledsolintel\",\"isPartOf\":{\"@id\":\"https:\\\/\\\/ledsolintel.com\\\/#website\"},\"primaryImageOfPage\":{\"@id\":\"https:\\\/\\\/ledsolintel.com\\\/product\\\/sensor-de-movimiento-empotrable-mini-120o\\\/#primaryimage\"},\"image\":{\"@id\":\"https:\\\/\\\/ledsolintel.com\\\/product\\\/sensor-de-movimiento-empotrable-mini-120o\\\/#primaryimage\"},\"thumbnailUrl\":\"https:\\\/\\\/ledsolintel.com\\\/wp-content\\\/uploads\\\/2025\\\/11\\\/sensor-de-movimiento-empotrable-mini-120.jpg\",\"datePublished\":\"2025-11-11T15:58:11+00:00\",\"dateModified\":\"2026-04-07T08:19:02+00:00\",\"breadcrumb\":{\"@id\":\"https:\\\/\\\/ledsolintel.com\\\/product\\\/sensor-de-movimiento-empotrable-mini-120o\\\/#breadcrumb\"},\"inLanguage\":\"fr-FR\",\"potentialAction\":[{\"@type\":\"ReadAction\",\"target\":[\"https:\\\/\\\/ledsolintel.com\\\/product\\\/sensor-de-movimiento-empotrable-mini-120o\\\/\"]}]},{\"@type\":\"ImageObject\",\"inLanguage\":\"fr-FR\",\"@id\":\"https:\\\/\\\/ledsolintel.com\\\/product\\\/sensor-de-movimiento-empotrable-mini-120o\\\/#primaryimage\",\"url\":\"https:\\\/\\\/ledsolintel.com\\\/wp-content\\\/uploads\\\/2025\\\/11\\\/sensor-de-movimiento-empotrable-mini-120.jpg\",\"contentUrl\":\"https:\\\/\\\/ledsolintel.com\\\/wp-content\\\/uploads\\\/2025\\\/11\\\/sensor-de-movimiento-empotrable-mini-120.jpg\",\"width\":1500,\"height\":1500},{\"@type\":\"BreadcrumbList\",\"@id\":\"https:\\\/\\\/ledsolintel.com\\\/product\\\/sensor-de-movimiento-empotrable-mini-120o\\\/#breadcrumb\",\"itemListElement\":[{\"@type\":\"ListItem\",\"position\":1,\"name\":\"Portada\",\"item\":\"https:\\\/\\\/ledsolintel.com\\\/fr\\\/\"},{\"@type\":\"ListItem\",\"position\":2,\"name\":\"Tienda\",\"item\":\"https:\\\/\\\/ledsolintel.com\\\/tienda\\\/\"},{\"@type\":\"ListItem\",\"position\":3,\"name\":\"Sensor de movimiento empotrable mini 120\u00ba\"}]},{\"@type\":\"WebSite\",\"@id\":\"https:\\\/\\\/ledsolintel.com\\\/#website\",\"url\":\"https:\\\/\\\/ledsolintel.com\\\/\",\"name\":\"Webmenaje\",\"description\":\"Tienda de bombillas y l\u00e1mparas LED para profesionales\",\"publisher\":{\"@id\":\"https:\\\/\\\/ledsolintel.com\\\/#organization\"},\"potentialAction\":[{\"@type\":\"SearchAction\",\"target\":{\"@type\":\"EntryPoint\",\"urlTemplate\":\"https:\\\/\\\/ledsolintel.com\\\/?s={search_term_string}\"},\"query-input\":{\"@type\":\"PropertyValueSpecification\",\"valueRequired\":true,\"valueName\":\"search_term_string\"}}],\"inLanguage\":\"fr-FR\"},{\"@type\":\"Organization\",\"@id\":\"https:\\\/\\\/ledsolintel.com\\\/#organization\",\"name\":\"Solintel Noroeste, S.L.\",\"url\":\"https:\\\/\\\/ledsolintel.com\\\/\",\"logo\":{\"@type\":\"ImageObject\",\"inLanguage\":\"fr-FR\",\"@id\":\"https:\\\/\\\/ledsolintel.com\\\/#\\\/schema\\\/logo\\\/image\\\/\",\"url\":\"https:\\\/\\\/ledsolintel.com\\\/wp-content\\\/uploads\\\/2024\\\/11\\\/webmenaje-logo-1508269066.jpg\",\"contentUrl\":\"https:\\\/\\\/ledsolintel.com\\\/wp-content\\\/uploads\\\/2024\\\/11\\\/webmenaje-logo-1508269066.jpg\",\"width\":370,\"height\":90,\"caption\":\"Solintel Noroeste, S.L.\"},\"image\":{\"@id\":\"https:\\\/\\\/ledsolintel.com\\\/#\\\/schema\\\/logo\\\/image\\\/\"},\"sameAs\":[\"http:\\\/\\\/www.facebook.com\\\/webmenaje\",\"https:\\\/\\\/x.com\\\/webmenaje\",\"https:\\\/\\\/www.youtube.com\\\/channel\\\/UCX2KoVoeCG4LocZjUc6LmSQ\",\"http:\\\/\\\/www.pinterest.com\\\/webmenaje\"]}]}<\/script>\n<!-- \/ Yoast SEO plugin. -->","yoast_head_json":{"title":"Sensor de movimiento empotrable mini 120\u00ba - Ledsolintel","robots":{"index":"index","follow":"follow","max-snippet":"max-snippet:-1","max-image-preview":"max-image-preview:large","max-video-preview":"max-video-preview:-1"},"canonical":"https:\/\/ledsolintel.com\/fr\/produit-2\/sensor-de-movimiento-empotrable-mini-120o\/","og_locale":"fr_FR","og_type":"article","og_title":"Sensor de movimiento empotrable mini 120\u00ba - Ledsolintel","og_description":"Sensor de movimiento con funci\u00f3n nocturna para instalar empotrado, compatible con luminarias LED. Es un mecanismo ideal para el encendido autom\u00e1tico de luminarias en multitud de estancia como pasillos, escaleras, ba\u00f1os, habitaciones, etc. Dispone de tres ruedas de ajuste para configurar los siguientes par\u00e1metros: &#8211; Distancia de detecci\u00f3n: 2-6 metros &#8211; Umbral de detecci\u00f3n: &lt; &hellip; Continue reading Sensor de movimiento empotrable mini 120\u00ba","og_url":"https:\/\/ledsolintel.com\/fr\/produit-2\/sensor-de-movimiento-empotrable-mini-120o\/","og_site_name":"Ledsolintel","article_publisher":"http:\/\/www.facebook.com\/webmenaje","article_modified_time":"2026-04-07T08:19:02+00:00","og_image":[{"width":1500,"height":1500,"url":"https:\/\/ledsolintel.com\/wp-content\/uploads\/2025\/11\/sensor-de-movimiento-empotrable-mini-120.jpg","type":"image\/jpeg"}],"twitter_card":"summary_large_image","twitter_site":"@webmenaje","twitter_misc":{"Dur\u00e9e de lecture estim\u00e9e":"1 minute"},"schema":{"@context":"https:\/\/schema.org","@graph":[{"@type":"WebPage","@id":"https:\/\/ledsolintel.com\/product\/sensor-de-movimiento-empotrable-mini-120o\/","url":"https:\/\/ledsolintel.com\/product\/sensor-de-movimiento-empotrable-mini-120o\/","name":"Sensor de movimiento empotrable mini 120\u00ba - Ledsolintel","isPartOf":{"@id":"https:\/\/ledsolintel.com\/#website"},"primaryImageOfPage":{"@id":"https:\/\/ledsolintel.com\/product\/sensor-de-movimiento-empotrable-mini-120o\/#primaryimage"},"image":{"@id":"https:\/\/ledsolintel.com\/product\/sensor-de-movimiento-empotrable-mini-120o\/#primaryimage"},"thumbnailUrl":"https:\/\/ledsolintel.com\/wp-content\/uploads\/2025\/11\/sensor-de-movimiento-empotrable-mini-120.jpg","datePublished":"2025-11-11T15:58:11+00:00","dateModified":"2026-04-07T08:19:02+00:00","breadcrumb":{"@id":"https:\/\/ledsolintel.com\/product\/sensor-de-movimiento-empotrable-mini-120o\/#breadcrumb"},"inLanguage":"fr-FR","potentialAction":[{"@type":"ReadAction","target":["https:\/\/ledsolintel.com\/product\/sensor-de-movimiento-empotrable-mini-120o\/"]}]},{"@type":"ImageObject","inLanguage":"fr-FR","@id":"https:\/\/ledsolintel.com\/product\/sensor-de-movimiento-empotrable-mini-120o\/#primaryimage","url":"https:\/\/ledsolintel.com\/wp-content\/uploads\/2025\/11\/sensor-de-movimiento-empotrable-mini-120.jpg","contentUrl":"https:\/\/ledsolintel.com\/wp-content\/uploads\/2025\/11\/sensor-de-movimiento-empotrable-mini-120.jpg","width":1500,"height":1500},{"@type":"BreadcrumbList","@id":"https:\/\/ledsolintel.com\/product\/sensor-de-movimiento-empotrable-mini-120o\/#breadcrumb","itemListElement":[{"@type":"ListItem","position":1,"name":"Portada","item":"https:\/\/ledsolintel.com\/fr\/"},{"@type":"ListItem","position":2,"name":"Tienda","item":"https:\/\/ledsolintel.com\/tienda\/"},{"@type":"ListItem","position":3,"name":"Sensor de movimiento empotrable mini 120\u00ba"}]},{"@type":"WebSite","@id":"https:\/\/ledsolintel.com\/#website","url":"https:\/\/ledsolintel.com\/","name":"Webmenaje","description":"Magasin d'ampoules et de lampes LED pour les professionnels","publisher":{"@id":"https:\/\/ledsolintel.com\/#organization"},"potentialAction":[{"@type":"SearchAction","target":{"@type":"EntryPoint","urlTemplate":"https:\/\/ledsolintel.com\/?s={search_term_string}"},"query-input":{"@type":"PropertyValueSpecification","valueRequired":true,"valueName":"search_term_string"}}],"inLanguage":"fr-FR"},{"@type":"Organization","@id":"https:\/\/ledsolintel.com\/#organization","name":"Solintel Noroeste, S.L.","url":"https:\/\/ledsolintel.com\/","logo":{"@type":"ImageObject","inLanguage":"fr-FR","@id":"https:\/\/ledsolintel.com\/#\/schema\/logo\/image\/","url":"https:\/\/ledsolintel.com\/wp-content\/uploads\/2024\/11\/webmenaje-logo-1508269066.jpg","contentUrl":"https:\/\/ledsolintel.com\/wp-content\/uploads\/2024\/11\/webmenaje-logo-1508269066.jpg","width":370,"height":90,"caption":"Solintel Noroeste, S.L."},"image":{"@id":"https:\/\/ledsolintel.com\/#\/schema\/logo\/image\/"},"sameAs":["http:\/\/www.facebook.com\/webmenaje","https:\/\/x.com\/webmenaje","https:\/\/www.youtube.com\/channel\/UCX2KoVoeCG4LocZjUc6LmSQ","http:\/\/www.pinterest.com\/webmenaje"]}]}},"_links":{"self":[{"href":"https:\/\/ledsolintel.com\/fr\/wp-json\/wp\/v2\/product\/268402","targetHints":{"allow":["GET"]}}],"collection":[{"href":"https:\/\/ledsolintel.com\/fr\/wp-json\/wp\/v2\/product"}],"about":[{"href":"https:\/\/ledsolintel.com\/fr\/wp-json\/wp\/v2\/types\/product"}],"version-history":[{"count":1,"href":"https:\/\/ledsolintel.com\/fr\/wp-json\/wp\/v2\/product\/268402\/revisions"}],"predecessor-version":[{"id":268403,"href":"https:\/\/ledsolintel.com\/fr\/wp-json\/wp\/v2\/product\/268402\/revisions\/268403"}],"wp:featuredmedia":[{"embeddable":true,"href":"https:\/\/ledsolintel.com\/fr\/wp-json\/wp\/v2\/media\/262522"}],"wp:attachment":[{"href":"https:\/\/ledsolintel.com\/fr\/wp-json\/wp\/v2\/media?parent=268402"}],"wp:term":[{"taxonomy":"product_brand","embeddable":true,"href":"https:\/\/ledsolintel.com\/fr\/wp-json\/wp\/v2\/product_brand?post=268402"},{"taxonomy":"product_cat","embeddable":true,"href":"https:\/\/ledsolintel.com\/fr\/wp-json\/wp\/v2\/product_cat?post=268402"},{"taxonomy":"product_tag","embeddable":true,"href":"https:\/\/ledsolintel.com\/fr\/wp-json\/wp\/v2\/product_tag?post=268402"}],"curies":[{"name":"wp","href":"https:\/\/api.w.org\/{rel}","templated":true}]}}