{"id":268390,"date":"2025-11-11T16:58:03","date_gmt":"2025-11-11T15:58:03","guid":{"rendered":"https:\/\/nueva.ledsolintel.com\/product\/perfil-angular-aluminio-tira-led-2m-negro\/"},"modified":"2026-04-07T10:19:02","modified_gmt":"2026-04-07T08:19:02","slug":"profile-dangle-en-aluminium-bande-lumineuse-2m-noir","status":"publish","type":"product","link":"https:\/\/ledsolintel.com\/fr\/produit-2\/profile-dangle-en-aluminium-bande-lumineuse-2m-noir\/","title":{"rendered":"Profil\u00e9 d'angle en aluminium bande LED 2m noir"},"content":{"rendered":"<p>Profil\u00e9 angulaire en aluminium, de couleur noire, avec couvercle en PVC, utilis\u00e9 pour cacher et prot\u00e9ger des bandes de LED de 2 m de long et jusqu'\u00e0 12 mm de large \u00e0 l'int\u00e9rieur. Ce type de profil\u00e9 est utilis\u00e9 dans les installations int\u00e9rieures pour cacher et prot\u00e9ger les bandes de LED, et peut \u00eatre utilis\u00e9 pour les bandes de LED rigides et flexibles. Le couvercle opaque r\u00e9duit l'intensit\u00e9 lumineuse et l'\u00e9blouissement, cr\u00e9ant ainsi une atmosph\u00e8re agr\u00e9able. Les profil\u00e9s peuvent \u00eatre utilis\u00e9s pour les bandes de LED rigides et flexibles et peuvent \u00eatre utilis\u00e9s pour diff\u00e9rentes applications.  Compatible uniquement avec les barrettes 12V et 24V (sauf celles avec une protection IP65) et les barrettes 220V autor\u00e9ctifi\u00e9es.  Gr\u00e2ce \u00e0 son degr\u00e9 de protection IP20, il est id\u00e9al pour une installation en int\u00e9rieur (protection contre les particules solides de plus de 12 mm et n'est pas \u00e9tanche).  Il est garanti 3 ans. Il poss\u00e8de \u00e9galement le certificat CE, qui atteste qu'il est conforme aux exigences de l'UE en mati\u00e8re de compatibilit\u00e9 \u00e9lectromagn\u00e9tique et de r\u00e9glementation sur la basse tension. Ce certificat d\u00e9clare la conformit\u00e9 du produit \u00e0 toutes les exigences l\u00e9gales et garantit la validit\u00e9 de la vente du produit dans l'Espace \u00e9conomique europ\u00e9en.  Comprend un profil\u00e9 en aluminium de 2 m, des clips de fixation, des embouts et un diffuseur opale.<\/p>","protected":false},"excerpt":{"rendered":"<p>Perfil angular de aluminio, en color negro, con cubierta en PVC, que se emplea para ocultar y proteger las tiras led de 2 m de hasta 12 mm de ancho en su interior. Este tipo de perfil se utiliza en instalaciones en interior para ocultar y proteger las tiras led, pudi\u00e9ndose utilizar tanto para tiras &hellip; <a href=\"https:\/\/ledsolintel.com\/fr\/produit-2\/profile-dangle-en-aluminium-bande-lumineuse-2m-noir\/\" class=\"more-link\">Continue reading <span class=\"screen-reader-text\">Profil\u00e9 d'angle en aluminium bande LED 2m noir<\/span><\/a><\/p>","protected":false},"featured_media":262502,"template":"","meta":[],"product_brand":[101370],"product_cat":[101371,15],"product_tag":[],"class_list":{"0":"post-268390","1":"product","2":"type-product","3":"status-publish","4":"has-post-thumbnail","6":"product_brand-masterled","7":"product_cat-masterled","8":"product_cat-uncategorized","9":"pa_color-negro","12":"instock","13":"taxable","14":"shipping-taxable","15":"purchasable","16":"product-type-simple"},"yoast_head":"<!-- This site is optimized with the Yoast SEO plugin v27.4 - https:\/\/yoast.com\/product\/yoast-seo-wordpress\/ -->\n<title>Perfil angular aluminio tira led 2m negro - Ledsolintel<\/title>\n<meta name=\"robots\" content=\"index, follow, max-snippet:-1, max-image-preview:large, max-video-preview:-1\" \/>\n<link rel=\"canonical\" href=\"https:\/\/ledsolintel.com\/fr\/produit-2\/profile-dangle-en-aluminium-bande-lumineuse-2m-noir\/\" \/>\n<meta property=\"og:locale\" content=\"fr_FR\" \/>\n<meta property=\"og:type\" content=\"article\" \/>\n<meta property=\"og:title\" content=\"Perfil angular aluminio tira led 2m negro - Ledsolintel\" \/>\n<meta property=\"og:description\" content=\"Perfil angular de aluminio, en color negro, con cubierta en PVC, que se emplea para ocultar y proteger las tiras led de 2 m de hasta 12 mm de ancho en su interior. Este tipo de perfil se utiliza en instalaciones en interior para ocultar y proteger las tiras led, pudi\u00e9ndose utilizar tanto para tiras &hellip; Continue reading Perfil angular aluminio tira led 2m negro\" \/>\n<meta property=\"og:url\" content=\"https:\/\/ledsolintel.com\/fr\/produit-2\/profile-dangle-en-aluminium-bande-lumineuse-2m-noir\/\" \/>\n<meta property=\"og:site_name\" content=\"Ledsolintel\" \/>\n<meta property=\"article:publisher\" content=\"http:\/\/www.facebook.com\/webmenaje\" \/>\n<meta property=\"article:modified_time\" content=\"2026-04-07T08:19:02+00:00\" \/>\n<meta property=\"og:image\" content=\"https:\/\/ledsolintel.com\/wp-content\/uploads\/2025\/11\/perfil-angular-aluminio-tira-led-2m-negro.jpg\" \/>\n\t<meta property=\"og:image:width\" content=\"1500\" \/>\n\t<meta property=\"og:image:height\" content=\"1500\" \/>\n\t<meta property=\"og:image:type\" content=\"image\/jpeg\" \/>\n<meta name=\"twitter:card\" content=\"summary_large_image\" \/>\n<meta name=\"twitter:site\" content=\"@webmenaje\" \/>\n<meta name=\"twitter:label1\" content=\"Dur\u00e9e de lecture estim\u00e9e\" \/>\n\t<meta name=\"twitter:data1\" content=\"1 minute\" \/>\n<script type=\"application\/ld+json\" class=\"yoast-schema-graph\">{\"@context\":\"https:\\\/\\\/schema.org\",\"@graph\":[{\"@type\":\"WebPage\",\"@id\":\"https:\\\/\\\/ledsolintel.com\\\/product\\\/perfil-angular-aluminio-tira-led-2m-negro\\\/\",\"url\":\"https:\\\/\\\/ledsolintel.com\\\/product\\\/perfil-angular-aluminio-tira-led-2m-negro\\\/\",\"name\":\"Perfil angular aluminio tira led 2m negro - Ledsolintel\",\"isPartOf\":{\"@id\":\"https:\\\/\\\/ledsolintel.com\\\/#website\"},\"primaryImageOfPage\":{\"@id\":\"https:\\\/\\\/ledsolintel.com\\\/product\\\/perfil-angular-aluminio-tira-led-2m-negro\\\/#primaryimage\"},\"image\":{\"@id\":\"https:\\\/\\\/ledsolintel.com\\\/product\\\/perfil-angular-aluminio-tira-led-2m-negro\\\/#primaryimage\"},\"thumbnailUrl\":\"https:\\\/\\\/ledsolintel.com\\\/wp-content\\\/uploads\\\/2025\\\/11\\\/perfil-angular-aluminio-tira-led-2m-negro.jpg\",\"datePublished\":\"2025-11-11T15:58:03+00:00\",\"dateModified\":\"2026-04-07T08:19:02+00:00\",\"breadcrumb\":{\"@id\":\"https:\\\/\\\/ledsolintel.com\\\/product\\\/perfil-angular-aluminio-tira-led-2m-negro\\\/#breadcrumb\"},\"inLanguage\":\"fr-FR\",\"potentialAction\":[{\"@type\":\"ReadAction\",\"target\":[\"https:\\\/\\\/ledsolintel.com\\\/product\\\/perfil-angular-aluminio-tira-led-2m-negro\\\/\"]}]},{\"@type\":\"ImageObject\",\"inLanguage\":\"fr-FR\",\"@id\":\"https:\\\/\\\/ledsolintel.com\\\/product\\\/perfil-angular-aluminio-tira-led-2m-negro\\\/#primaryimage\",\"url\":\"https:\\\/\\\/ledsolintel.com\\\/wp-content\\\/uploads\\\/2025\\\/11\\\/perfil-angular-aluminio-tira-led-2m-negro.jpg\",\"contentUrl\":\"https:\\\/\\\/ledsolintel.com\\\/wp-content\\\/uploads\\\/2025\\\/11\\\/perfil-angular-aluminio-tira-led-2m-negro.jpg\",\"width\":1500,\"height\":1500},{\"@type\":\"BreadcrumbList\",\"@id\":\"https:\\\/\\\/ledsolintel.com\\\/product\\\/perfil-angular-aluminio-tira-led-2m-negro\\\/#breadcrumb\",\"itemListElement\":[{\"@type\":\"ListItem\",\"position\":1,\"name\":\"Portada\",\"item\":\"https:\\\/\\\/ledsolintel.com\\\/fr\\\/\"},{\"@type\":\"ListItem\",\"position\":2,\"name\":\"Tienda\",\"item\":\"https:\\\/\\\/ledsolintel.com\\\/tienda\\\/\"},{\"@type\":\"ListItem\",\"position\":3,\"name\":\"Perfil angular aluminio tira led 2m negro\"}]},{\"@type\":\"WebSite\",\"@id\":\"https:\\\/\\\/ledsolintel.com\\\/#website\",\"url\":\"https:\\\/\\\/ledsolintel.com\\\/\",\"name\":\"Webmenaje\",\"description\":\"Tienda de bombillas y l\u00e1mparas LED para profesionales\",\"publisher\":{\"@id\":\"https:\\\/\\\/ledsolintel.com\\\/#organization\"},\"potentialAction\":[{\"@type\":\"SearchAction\",\"target\":{\"@type\":\"EntryPoint\",\"urlTemplate\":\"https:\\\/\\\/ledsolintel.com\\\/?s={search_term_string}\"},\"query-input\":{\"@type\":\"PropertyValueSpecification\",\"valueRequired\":true,\"valueName\":\"search_term_string\"}}],\"inLanguage\":\"fr-FR\"},{\"@type\":\"Organization\",\"@id\":\"https:\\\/\\\/ledsolintel.com\\\/#organization\",\"name\":\"Solintel Noroeste, S.L.\",\"url\":\"https:\\\/\\\/ledsolintel.com\\\/\",\"logo\":{\"@type\":\"ImageObject\",\"inLanguage\":\"fr-FR\",\"@id\":\"https:\\\/\\\/ledsolintel.com\\\/#\\\/schema\\\/logo\\\/image\\\/\",\"url\":\"https:\\\/\\\/ledsolintel.com\\\/wp-content\\\/uploads\\\/2024\\\/11\\\/webmenaje-logo-1508269066.jpg\",\"contentUrl\":\"https:\\\/\\\/ledsolintel.com\\\/wp-content\\\/uploads\\\/2024\\\/11\\\/webmenaje-logo-1508269066.jpg\",\"width\":370,\"height\":90,\"caption\":\"Solintel Noroeste, S.L.\"},\"image\":{\"@id\":\"https:\\\/\\\/ledsolintel.com\\\/#\\\/schema\\\/logo\\\/image\\\/\"},\"sameAs\":[\"http:\\\/\\\/www.facebook.com\\\/webmenaje\",\"https:\\\/\\\/x.com\\\/webmenaje\",\"https:\\\/\\\/www.youtube.com\\\/channel\\\/UCX2KoVoeCG4LocZjUc6LmSQ\",\"http:\\\/\\\/www.pinterest.com\\\/webmenaje\"]}]}<\/script>\n<!-- \/ Yoast SEO plugin. -->","yoast_head_json":{"title":"Profil\u00e9 d'angle en aluminium avec bande LED 2m noir - Ledsolintel","robots":{"index":"index","follow":"follow","max-snippet":"max-snippet:-1","max-image-preview":"max-image-preview:large","max-video-preview":"max-video-preview:-1"},"canonical":"https:\/\/ledsolintel.com\/fr\/produit-2\/profile-dangle-en-aluminium-bande-lumineuse-2m-noir\/","og_locale":"fr_FR","og_type":"article","og_title":"Perfil angular aluminio tira led 2m negro - Ledsolintel","og_description":"Perfil angular de aluminio, en color negro, con cubierta en PVC, que se emplea para ocultar y proteger las tiras led de 2 m de hasta 12 mm de ancho en su interior. Este tipo de perfil se utiliza en instalaciones en interior para ocultar y proteger las tiras led, pudi\u00e9ndose utilizar tanto para tiras &hellip; Continue reading Perfil angular aluminio tira led 2m negro","og_url":"https:\/\/ledsolintel.com\/fr\/produit-2\/profile-dangle-en-aluminium-bande-lumineuse-2m-noir\/","og_site_name":"Ledsolintel","article_publisher":"http:\/\/www.facebook.com\/webmenaje","article_modified_time":"2026-04-07T08:19:02+00:00","og_image":[{"width":1500,"height":1500,"url":"https:\/\/ledsolintel.com\/wp-content\/uploads\/2025\/11\/perfil-angular-aluminio-tira-led-2m-negro.jpg","type":"image\/jpeg"}],"twitter_card":"summary_large_image","twitter_site":"@webmenaje","twitter_misc":{"Dur\u00e9e de lecture estim\u00e9e":"1 minute"},"schema":{"@context":"https:\/\/schema.org","@graph":[{"@type":"WebPage","@id":"https:\/\/ledsolintel.com\/product\/perfil-angular-aluminio-tira-led-2m-negro\/","url":"https:\/\/ledsolintel.com\/product\/perfil-angular-aluminio-tira-led-2m-negro\/","name":"Profil\u00e9 d'angle en aluminium avec bande LED 2m noir - Ledsolintel","isPartOf":{"@id":"https:\/\/ledsolintel.com\/#website"},"primaryImageOfPage":{"@id":"https:\/\/ledsolintel.com\/product\/perfil-angular-aluminio-tira-led-2m-negro\/#primaryimage"},"image":{"@id":"https:\/\/ledsolintel.com\/product\/perfil-angular-aluminio-tira-led-2m-negro\/#primaryimage"},"thumbnailUrl":"https:\/\/ledsolintel.com\/wp-content\/uploads\/2025\/11\/perfil-angular-aluminio-tira-led-2m-negro.jpg","datePublished":"2025-11-11T15:58:03+00:00","dateModified":"2026-04-07T08:19:02+00:00","breadcrumb":{"@id":"https:\/\/ledsolintel.com\/product\/perfil-angular-aluminio-tira-led-2m-negro\/#breadcrumb"},"inLanguage":"fr-FR","potentialAction":[{"@type":"ReadAction","target":["https:\/\/ledsolintel.com\/product\/perfil-angular-aluminio-tira-led-2m-negro\/"]}]},{"@type":"ImageObject","inLanguage":"fr-FR","@id":"https:\/\/ledsolintel.com\/product\/perfil-angular-aluminio-tira-led-2m-negro\/#primaryimage","url":"https:\/\/ledsolintel.com\/wp-content\/uploads\/2025\/11\/perfil-angular-aluminio-tira-led-2m-negro.jpg","contentUrl":"https:\/\/ledsolintel.com\/wp-content\/uploads\/2025\/11\/perfil-angular-aluminio-tira-led-2m-negro.jpg","width":1500,"height":1500},{"@type":"BreadcrumbList","@id":"https:\/\/ledsolintel.com\/product\/perfil-angular-aluminio-tira-led-2m-negro\/#breadcrumb","itemListElement":[{"@type":"ListItem","position":1,"name":"Portada","item":"https:\/\/ledsolintel.com\/fr\/"},{"@type":"ListItem","position":2,"name":"Tienda","item":"https:\/\/ledsolintel.com\/tienda\/"},{"@type":"ListItem","position":3,"name":"Perfil angular aluminio tira led 2m negro"}]},{"@type":"WebSite","@id":"https:\/\/ledsolintel.com\/#website","url":"https:\/\/ledsolintel.com\/","name":"Webmenaje","description":"Magasin d'ampoules et de lampes LED pour les professionnels","publisher":{"@id":"https:\/\/ledsolintel.com\/#organization"},"potentialAction":[{"@type":"SearchAction","target":{"@type":"EntryPoint","urlTemplate":"https:\/\/ledsolintel.com\/?s={search_term_string}"},"query-input":{"@type":"PropertyValueSpecification","valueRequired":true,"valueName":"search_term_string"}}],"inLanguage":"fr-FR"},{"@type":"Organization","@id":"https:\/\/ledsolintel.com\/#organization","name":"Solintel Noroeste, S.L.","url":"https:\/\/ledsolintel.com\/","logo":{"@type":"ImageObject","inLanguage":"fr-FR","@id":"https:\/\/ledsolintel.com\/#\/schema\/logo\/image\/","url":"https:\/\/ledsolintel.com\/wp-content\/uploads\/2024\/11\/webmenaje-logo-1508269066.jpg","contentUrl":"https:\/\/ledsolintel.com\/wp-content\/uploads\/2024\/11\/webmenaje-logo-1508269066.jpg","width":370,"height":90,"caption":"Solintel Noroeste, S.L."},"image":{"@id":"https:\/\/ledsolintel.com\/#\/schema\/logo\/image\/"},"sameAs":["http:\/\/www.facebook.com\/webmenaje","https:\/\/x.com\/webmenaje","https:\/\/www.youtube.com\/channel\/UCX2KoVoeCG4LocZjUc6LmSQ","http:\/\/www.pinterest.com\/webmenaje"]}]}},"_links":{"self":[{"href":"https:\/\/ledsolintel.com\/fr\/wp-json\/wp\/v2\/product\/268390","targetHints":{"allow":["GET"]}}],"collection":[{"href":"https:\/\/ledsolintel.com\/fr\/wp-json\/wp\/v2\/product"}],"about":[{"href":"https:\/\/ledsolintel.com\/fr\/wp-json\/wp\/v2\/types\/product"}],"version-history":[{"count":1,"href":"https:\/\/ledsolintel.com\/fr\/wp-json\/wp\/v2\/product\/268390\/revisions"}],"predecessor-version":[{"id":268391,"href":"https:\/\/ledsolintel.com\/fr\/wp-json\/wp\/v2\/product\/268390\/revisions\/268391"}],"wp:featuredmedia":[{"embeddable":true,"href":"https:\/\/ledsolintel.com\/fr\/wp-json\/wp\/v2\/media\/262502"}],"wp:attachment":[{"href":"https:\/\/ledsolintel.com\/fr\/wp-json\/wp\/v2\/media?parent=268390"}],"wp:term":[{"taxonomy":"product_brand","embeddable":true,"href":"https:\/\/ledsolintel.com\/fr\/wp-json\/wp\/v2\/product_brand?post=268390"},{"taxonomy":"product_cat","embeddable":true,"href":"https:\/\/ledsolintel.com\/fr\/wp-json\/wp\/v2\/product_cat?post=268390"},{"taxonomy":"product_tag","embeddable":true,"href":"https:\/\/ledsolintel.com\/fr\/wp-json\/wp\/v2\/product_tag?post=268390"}],"curies":[{"name":"wp","href":"https:\/\/api.w.org\/{rel}","templated":true}]}}