{"id":268366,"date":"2025-11-11T16:57:45","date_gmt":"2025-11-11T15:57:45","guid":{"rendered":"https:\/\/nueva.ledsolintel.com\/product\/porta-lamparas-gu5-3\/"},"modified":"2026-04-07T10:19:02","modified_gmt":"2026-04-07T08:19:02","slug":"porta-lamparas-gu5-3","status":"publish","type":"product","link":"https:\/\/ledsolintel.com\/fr\/produit-2\/porta-lamparas-gu5-3\/","title":{"rendered":"Support de lampe GU5.3"},"content":{"rendered":"<p>El porta l\u00e1mparas GU5.3, es un producto que est\u00e1 dise\u00f1ado para l\u00e1mparas con casquillo GU5.3. Las bombillas con casquillo GU5.3 trabajan sin necesidad de adaptadores, transformadores o reactancias, consiguiendo as\u00ed el m\u00e1ximo rendimiento y ahorro. Tanto su instalaci\u00f3n como su sustituci\u00f3n es muy sencilla, ya que est\u00e1 destinado para su utilizaci\u00f3n con cualquier tipo de bombillas GU5.3.  Es ideal para instalar las bombillas dicroicas (MR16) que funcionan a 12V.  Su instalaci\u00f3n debe realizarse en lugares interiores al poseer un grado de protecci\u00f3n IP20 (protecci\u00f3n contra part\u00edculas s\u00f3lidas de tama\u00f1o superior a 12 mm y no es resistente al agua). Es ideal para su uso dentro del hogar, restaurantes, tiendas, comercios, hoteles o centros comerciales.  Est\u00e1 construido en cer\u00e1mica con las medidas de \u00d8 x \u00a0mm.\u00a0  Dispone de una garant\u00eda de 3 a\u00f1os. Cuenta tambi\u00e9n con el certificado CE, que acredita que se cumple con los requisitos de la UE respecto a compatibilidad electromagn\u00e9tica y normativa de baja tensi\u00f3n. Con este certificado se declara la conformidad de dicho producto con todos los requisitos legales exigidos, y asegura la validez del producto para ser vendido en todo el Espacio Econ\u00f3mico Europeo.<\/p>","protected":false},"excerpt":{"rendered":"<p>El porta l\u00e1mparas GU5.3, es un producto que est\u00e1 dise\u00f1ado para l\u00e1mparas con casquillo GU5.3. Las bombillas con casquillo GU5.3 trabajan sin necesidad de adaptadores, transformadores o reactancias, consiguiendo as\u00ed el m\u00e1ximo rendimiento y ahorro. Tanto su instalaci\u00f3n como su sustituci\u00f3n es muy sencilla, ya que est\u00e1 destinado para su utilizaci\u00f3n con cualquier tipo de &hellip; <a href=\"https:\/\/ledsolintel.com\/fr\/produit-2\/porta-lamparas-gu5-3\/\" class=\"more-link\">Continue reading <span class=\"screen-reader-text\">Support de lampe GU5.3<\/span><\/a><\/p>","protected":false},"featured_media":262457,"template":"","meta":[],"product_brand":[101370],"product_cat":[101371,15],"product_tag":[],"class_list":{"0":"post-268366","1":"product","2":"type-product","3":"status-publish","4":"has-post-thumbnail","6":"product_brand-masterled","7":"product_cat-masterled","8":"product_cat-uncategorized","9":"pa_tipo-casquillo-casquillo-gu5-3","12":"instock","13":"taxable","14":"shipping-taxable","15":"purchasable","16":"product-type-simple"},"yoast_head":"<!-- This site is optimized with the Yoast SEO plugin v26.6 - https:\/\/yoast.com\/wordpress\/plugins\/seo\/ -->\n<title>Porta L\u00e1mparas GU5.3 - Ledsolintel<\/title>\n<meta name=\"robots\" content=\"index, follow, max-snippet:-1, max-image-preview:large, max-video-preview:-1\" \/>\n<link rel=\"canonical\" href=\"https:\/\/ledsolintel.com\/fr\/produit-2\/porta-lamparas-gu5-3\/\" \/>\n<meta property=\"og:locale\" content=\"fr_FR\" \/>\n<meta property=\"og:type\" content=\"article\" \/>\n<meta property=\"og:title\" content=\"Porta L\u00e1mparas GU5.3 - Ledsolintel\" \/>\n<meta property=\"og:description\" content=\"El porta l\u00e1mparas GU5.3, es un producto que est\u00e1 dise\u00f1ado para l\u00e1mparas con casquillo GU5.3. Las bombillas con casquillo GU5.3 trabajan sin necesidad de adaptadores, transformadores o reactancias, consiguiendo as\u00ed el m\u00e1ximo rendimiento y ahorro. Tanto su instalaci\u00f3n como su sustituci\u00f3n es muy sencilla, ya que est\u00e1 destinado para su utilizaci\u00f3n con cualquier tipo de &hellip; Continue reading Porta L\u00e1mparas GU5.3\" \/>\n<meta property=\"og:url\" content=\"https:\/\/ledsolintel.com\/fr\/produit-2\/porta-lamparas-gu5-3\/\" \/>\n<meta property=\"og:site_name\" content=\"Ledsolintel\" \/>\n<meta property=\"article:publisher\" content=\"http:\/\/www.facebook.com\/webmenaje\" \/>\n<meta property=\"article:modified_time\" content=\"2026-04-07T08:19:02+00:00\" \/>\n<meta property=\"og:image\" content=\"https:\/\/ledsolintel.com\/wp-content\/uploads\/2025\/11\/porta-lamparas-gu53.jpg\" \/>\n\t<meta property=\"og:image:width\" content=\"1500\" \/>\n\t<meta property=\"og:image:height\" content=\"1500\" \/>\n\t<meta property=\"og:image:type\" content=\"image\/png\" \/>\n<meta name=\"twitter:card\" content=\"summary_large_image\" \/>\n<meta name=\"twitter:site\" content=\"@webmenaje\" \/>\n<meta name=\"twitter:label1\" content=\"Dur\u00e9e de lecture estim\u00e9e\" \/>\n\t<meta name=\"twitter:data1\" content=\"1 minute\" \/>\n<script type=\"application\/ld+json\" class=\"yoast-schema-graph\">{\"@context\":\"https:\/\/schema.org\",\"@graph\":[{\"@type\":\"WebPage\",\"@id\":\"https:\/\/ledsolintel.com\/product\/porta-lamparas-gu5-3\/\",\"url\":\"https:\/\/ledsolintel.com\/product\/porta-lamparas-gu5-3\/\",\"name\":\"Porta L\u00e1mparas GU5.3 - Ledsolintel\",\"isPartOf\":{\"@id\":\"https:\/\/ledsolintel.com\/#website\"},\"primaryImageOfPage\":{\"@id\":\"https:\/\/ledsolintel.com\/product\/porta-lamparas-gu5-3\/#primaryimage\"},\"image\":{\"@id\":\"https:\/\/ledsolintel.com\/product\/porta-lamparas-gu5-3\/#primaryimage\"},\"thumbnailUrl\":\"https:\/\/ledsolintel.com\/wp-content\/uploads\/2025\/11\/porta-lamparas-gu53.jpg\",\"datePublished\":\"2025-11-11T15:57:45+00:00\",\"dateModified\":\"2026-04-07T08:19:02+00:00\",\"breadcrumb\":{\"@id\":\"https:\/\/ledsolintel.com\/product\/porta-lamparas-gu5-3\/#breadcrumb\"},\"inLanguage\":\"fr-FR\",\"potentialAction\":[{\"@type\":\"ReadAction\",\"target\":[\"https:\/\/ledsolintel.com\/product\/porta-lamparas-gu5-3\/\"]}]},{\"@type\":\"ImageObject\",\"inLanguage\":\"fr-FR\",\"@id\":\"https:\/\/ledsolintel.com\/product\/porta-lamparas-gu5-3\/#primaryimage\",\"url\":\"https:\/\/ledsolintel.com\/wp-content\/uploads\/2025\/11\/porta-lamparas-gu53.jpg\",\"contentUrl\":\"https:\/\/ledsolintel.com\/wp-content\/uploads\/2025\/11\/porta-lamparas-gu53.jpg\",\"width\":1500,\"height\":1500},{\"@type\":\"BreadcrumbList\",\"@id\":\"https:\/\/ledsolintel.com\/product\/porta-lamparas-gu5-3\/#breadcrumb\",\"itemListElement\":[{\"@type\":\"ListItem\",\"position\":1,\"name\":\"Portada\",\"item\":\"https:\/\/ledsolintel.com\/fr\/\"},{\"@type\":\"ListItem\",\"position\":2,\"name\":\"Tienda\",\"item\":\"https:\/\/ledsolintel.com\/tienda\/\"},{\"@type\":\"ListItem\",\"position\":3,\"name\":\"Porta L\u00e1mparas GU5.3\"}]},{\"@type\":\"WebSite\",\"@id\":\"https:\/\/ledsolintel.com\/#website\",\"url\":\"https:\/\/ledsolintel.com\/\",\"name\":\"Webmenaje\",\"description\":\"Tienda de bombillas y l\u00e1mparas LED para profesionales\",\"publisher\":{\"@id\":\"https:\/\/ledsolintel.com\/#organization\"},\"potentialAction\":[{\"@type\":\"SearchAction\",\"target\":{\"@type\":\"EntryPoint\",\"urlTemplate\":\"https:\/\/ledsolintel.com\/?s={search_term_string}\"},\"query-input\":{\"@type\":\"PropertyValueSpecification\",\"valueRequired\":true,\"valueName\":\"search_term_string\"}}],\"inLanguage\":\"fr-FR\"},{\"@type\":\"Organization\",\"@id\":\"https:\/\/ledsolintel.com\/#organization\",\"name\":\"Solintel Noroeste, S.L.\",\"url\":\"https:\/\/ledsolintel.com\/\",\"logo\":{\"@type\":\"ImageObject\",\"inLanguage\":\"fr-FR\",\"@id\":\"https:\/\/ledsolintel.com\/#\/schema\/logo\/image\/\",\"url\":\"https:\/\/ledsolintel.com\/wp-content\/uploads\/2024\/11\/webmenaje-logo-1508269066.jpg\",\"contentUrl\":\"https:\/\/ledsolintel.com\/wp-content\/uploads\/2024\/11\/webmenaje-logo-1508269066.jpg\",\"width\":370,\"height\":90,\"caption\":\"Solintel Noroeste, S.L.\"},\"image\":{\"@id\":\"https:\/\/ledsolintel.com\/#\/schema\/logo\/image\/\"},\"sameAs\":[\"http:\/\/www.facebook.com\/webmenaje\",\"https:\/\/x.com\/webmenaje\",\"https:\/\/www.youtube.com\/channel\/UCX2KoVoeCG4LocZjUc6LmSQ\",\"http:\/\/www.pinterest.com\/webmenaje\"]}]}<\/script>\n<!-- \/ Yoast SEO plugin. -->","yoast_head_json":{"title":"Porta L\u00e1mparas GU5.3 - Ledsolintel","robots":{"index":"index","follow":"follow","max-snippet":"max-snippet:-1","max-image-preview":"max-image-preview:large","max-video-preview":"max-video-preview:-1"},"canonical":"https:\/\/ledsolintel.com\/fr\/produit-2\/porta-lamparas-gu5-3\/","og_locale":"fr_FR","og_type":"article","og_title":"Porta L\u00e1mparas GU5.3 - Ledsolintel","og_description":"El porta l\u00e1mparas GU5.3, es un producto que est\u00e1 dise\u00f1ado para l\u00e1mparas con casquillo GU5.3. Las bombillas con casquillo GU5.3 trabajan sin necesidad de adaptadores, transformadores o reactancias, consiguiendo as\u00ed el m\u00e1ximo rendimiento y ahorro. Tanto su instalaci\u00f3n como su sustituci\u00f3n es muy sencilla, ya que est\u00e1 destinado para su utilizaci\u00f3n con cualquier tipo de &hellip; Continue reading Porta L\u00e1mparas GU5.3","og_url":"https:\/\/ledsolintel.com\/fr\/produit-2\/porta-lamparas-gu5-3\/","og_site_name":"Ledsolintel","article_publisher":"http:\/\/www.facebook.com\/webmenaje","article_modified_time":"2026-04-07T08:19:02+00:00","og_image":[{"width":1500,"height":1500,"url":"https:\/\/ledsolintel.com\/wp-content\/uploads\/2025\/11\/porta-lamparas-gu53.jpg","type":"image\/png"}],"twitter_card":"summary_large_image","twitter_site":"@webmenaje","twitter_misc":{"Dur\u00e9e de lecture estim\u00e9e":"1 minute"},"schema":{"@context":"https:\/\/schema.org","@graph":[{"@type":"WebPage","@id":"https:\/\/ledsolintel.com\/product\/porta-lamparas-gu5-3\/","url":"https:\/\/ledsolintel.com\/product\/porta-lamparas-gu5-3\/","name":"Porta L\u00e1mparas GU5.3 - Ledsolintel","isPartOf":{"@id":"https:\/\/ledsolintel.com\/#website"},"primaryImageOfPage":{"@id":"https:\/\/ledsolintel.com\/product\/porta-lamparas-gu5-3\/#primaryimage"},"image":{"@id":"https:\/\/ledsolintel.com\/product\/porta-lamparas-gu5-3\/#primaryimage"},"thumbnailUrl":"https:\/\/ledsolintel.com\/wp-content\/uploads\/2025\/11\/porta-lamparas-gu53.jpg","datePublished":"2025-11-11T15:57:45+00:00","dateModified":"2026-04-07T08:19:02+00:00","breadcrumb":{"@id":"https:\/\/ledsolintel.com\/product\/porta-lamparas-gu5-3\/#breadcrumb"},"inLanguage":"fr-FR","potentialAction":[{"@type":"ReadAction","target":["https:\/\/ledsolintel.com\/product\/porta-lamparas-gu5-3\/"]}]},{"@type":"ImageObject","inLanguage":"fr-FR","@id":"https:\/\/ledsolintel.com\/product\/porta-lamparas-gu5-3\/#primaryimage","url":"https:\/\/ledsolintel.com\/wp-content\/uploads\/2025\/11\/porta-lamparas-gu53.jpg","contentUrl":"https:\/\/ledsolintel.com\/wp-content\/uploads\/2025\/11\/porta-lamparas-gu53.jpg","width":1500,"height":1500},{"@type":"BreadcrumbList","@id":"https:\/\/ledsolintel.com\/product\/porta-lamparas-gu5-3\/#breadcrumb","itemListElement":[{"@type":"ListItem","position":1,"name":"Portada","item":"https:\/\/ledsolintel.com\/fr\/"},{"@type":"ListItem","position":2,"name":"Tienda","item":"https:\/\/ledsolintel.com\/tienda\/"},{"@type":"ListItem","position":3,"name":"Porta L\u00e1mparas GU5.3"}]},{"@type":"WebSite","@id":"https:\/\/ledsolintel.com\/#website","url":"https:\/\/ledsolintel.com\/","name":"Webmenaje","description":"Magasin d'ampoules et de lampes LED pour les professionnels","publisher":{"@id":"https:\/\/ledsolintel.com\/#organization"},"potentialAction":[{"@type":"SearchAction","target":{"@type":"EntryPoint","urlTemplate":"https:\/\/ledsolintel.com\/?s={search_term_string}"},"query-input":{"@type":"PropertyValueSpecification","valueRequired":true,"valueName":"search_term_string"}}],"inLanguage":"fr-FR"},{"@type":"Organization","@id":"https:\/\/ledsolintel.com\/#organization","name":"Solintel Noroeste, S.L.","url":"https:\/\/ledsolintel.com\/","logo":{"@type":"ImageObject","inLanguage":"fr-FR","@id":"https:\/\/ledsolintel.com\/#\/schema\/logo\/image\/","url":"https:\/\/ledsolintel.com\/wp-content\/uploads\/2024\/11\/webmenaje-logo-1508269066.jpg","contentUrl":"https:\/\/ledsolintel.com\/wp-content\/uploads\/2024\/11\/webmenaje-logo-1508269066.jpg","width":370,"height":90,"caption":"Solintel Noroeste, S.L."},"image":{"@id":"https:\/\/ledsolintel.com\/#\/schema\/logo\/image\/"},"sameAs":["http:\/\/www.facebook.com\/webmenaje","https:\/\/x.com\/webmenaje","https:\/\/www.youtube.com\/channel\/UCX2KoVoeCG4LocZjUc6LmSQ","http:\/\/www.pinterest.com\/webmenaje"]}]}},"_links":{"self":[{"href":"https:\/\/ledsolintel.com\/fr\/wp-json\/wp\/v2\/product\/268366","targetHints":{"allow":["GET"]}}],"collection":[{"href":"https:\/\/ledsolintel.com\/fr\/wp-json\/wp\/v2\/product"}],"about":[{"href":"https:\/\/ledsolintel.com\/fr\/wp-json\/wp\/v2\/types\/product"}],"version-history":[{"count":1,"href":"https:\/\/ledsolintel.com\/fr\/wp-json\/wp\/v2\/product\/268366\/revisions"}],"predecessor-version":[{"id":268367,"href":"https:\/\/ledsolintel.com\/fr\/wp-json\/wp\/v2\/product\/268366\/revisions\/268367"}],"wp:featuredmedia":[{"embeddable":true,"href":"https:\/\/ledsolintel.com\/fr\/wp-json\/wp\/v2\/media\/262457"}],"wp:attachment":[{"href":"https:\/\/ledsolintel.com\/fr\/wp-json\/wp\/v2\/media?parent=268366"}],"wp:term":[{"taxonomy":"product_brand","embeddable":true,"href":"https:\/\/ledsolintel.com\/fr\/wp-json\/wp\/v2\/product_brand?post=268366"},{"taxonomy":"product_cat","embeddable":true,"href":"https:\/\/ledsolintel.com\/fr\/wp-json\/wp\/v2\/product_cat?post=268366"},{"taxonomy":"product_tag","embeddable":true,"href":"https:\/\/ledsolintel.com\/fr\/wp-json\/wp\/v2\/product_tag?post=268366"}],"curies":[{"name":"wp","href":"https:\/\/api.w.org\/{rel}","templated":true}]}}