{"id":268335,"date":"2025-11-11T16:57:21","date_gmt":"2025-11-11T15:57:21","guid":{"rendered":"https:\/\/nueva.ledsolintel.com\/product\/lampara-personalizable-xaula7\/"},"modified":"2025-12-17T12:51:12","modified_gmt":"2025-12-17T11:51:12","slug":"lampara-personalizable-xaula7","status":"publish","type":"product","link":"https:\/\/ledsolintel.com\/fr\/produit-2\/lampara-personalizable-xaula7\/","title":{"rendered":"Lampe personnalisable XAULA7"},"content":{"rendered":"<p>L\u00e1mpara colgante tipo jaula\u00a0con base para una bombilla de casquillo E27.  Su estructura plegable permite cambiar la forma de la l\u00e1mpara, pudiendo adoptar gran cantidad de formas distintas.Ideal para la decoraci\u00f3n de hogares, bares, comercios, etc.L\u00e1mpara disponible en color oro. Para otros colores personalizados contacte con nuestro servicio de atenci\u00f3n al cliente.  Incluye portal\u00e1mparas y cable textil de 120 cm.No incluye bombilla.<\/p>","protected":false},"excerpt":{"rendered":"<p>L\u00e1mpara colgante tipo jaula\u00a0con base para una bombilla de casquillo E27. Su estructura plegable permite cambiar la forma de la l\u00e1mpara, pudiendo adoptar gran cantidad de formas distintas.Ideal para la decoraci\u00f3n de hogares, bares, comercios, etc.L\u00e1mpara disponible en color oro. Para otros colores personalizados contacte con nuestro servicio de atenci\u00f3n al cliente. Incluye portal\u00e1mparas y &hellip; <a href=\"https:\/\/ledsolintel.com\/fr\/produit-2\/lampara-personalizable-xaula7\/\" class=\"more-link\">Continue reading <span class=\"screen-reader-text\">Lampe personnalisable XAULA7<\/span><\/a><\/p>","protected":false},"featured_media":262409,"template":"","meta":[],"product_brand":[101370],"product_cat":[15,101371],"product_tag":[],"class_list":{"0":"post-268335","1":"product","2":"type-product","3":"status-publish","4":"has-post-thumbnail","6":"product_brand-masterled","7":"product_cat-uncategorized","8":"product_cat-masterled","9":"pa_color-oro","12":"instock","13":"purchasable","14":"product-type-simple"},"yoast_head":"<!-- This site is optimized with the Yoast SEO plugin v26.6 - https:\/\/yoast.com\/wordpress\/plugins\/seo\/ -->\n<title>L\u00e1mpara personalizable XAULA7 - Ledsolintel<\/title>\n<meta name=\"robots\" content=\"index, follow, max-snippet:-1, max-image-preview:large, max-video-preview:-1\" \/>\n<link rel=\"canonical\" href=\"https:\/\/ledsolintel.com\/fr\/produit-2\/lampara-personalizable-xaula7\/\" \/>\n<meta property=\"og:locale\" content=\"fr_FR\" \/>\n<meta property=\"og:type\" content=\"article\" \/>\n<meta property=\"og:title\" content=\"L\u00e1mpara personalizable XAULA7 - Ledsolintel\" \/>\n<meta property=\"og:description\" content=\"L\u00e1mpara colgante tipo jaula\u00a0con base para una bombilla de casquillo E27. Su estructura plegable permite cambiar la forma de la l\u00e1mpara, pudiendo adoptar gran cantidad de formas distintas.Ideal para la decoraci\u00f3n de hogares, bares, comercios, etc.L\u00e1mpara disponible en color oro. Para otros colores personalizados contacte con nuestro servicio de atenci\u00f3n al cliente. Incluye portal\u00e1mparas y &hellip; Continue reading L\u00e1mpara personalizable XAULA7\" \/>\n<meta property=\"og:url\" content=\"https:\/\/ledsolintel.com\/fr\/produit-2\/lampara-personalizable-xaula7\/\" \/>\n<meta property=\"og:site_name\" content=\"Ledsolintel\" \/>\n<meta property=\"article:publisher\" content=\"http:\/\/www.facebook.com\/webmenaje\" \/>\n<meta property=\"article:modified_time\" content=\"2025-12-17T11:51:12+00:00\" \/>\n<meta property=\"og:image\" content=\"https:\/\/ledsolintel.com\/wp-content\/uploads\/2025\/11\/lampara-personalizable-xaula7.jpg\" \/>\n\t<meta property=\"og:image:width\" content=\"1500\" \/>\n\t<meta property=\"og:image:height\" content=\"1500\" \/>\n\t<meta property=\"og:image:type\" content=\"image\/jpeg\" \/>\n<meta name=\"twitter:card\" content=\"summary_large_image\" \/>\n<meta name=\"twitter:site\" content=\"@webmenaje\" \/>\n<script type=\"application\/ld+json\" class=\"yoast-schema-graph\">{\"@context\":\"https:\/\/schema.org\",\"@graph\":[{\"@type\":\"WebPage\",\"@id\":\"https:\/\/ledsolintel.com\/product\/lampara-personalizable-xaula7\/\",\"url\":\"https:\/\/ledsolintel.com\/product\/lampara-personalizable-xaula7\/\",\"name\":\"L\u00e1mpara personalizable XAULA7 - Ledsolintel\",\"isPartOf\":{\"@id\":\"https:\/\/ledsolintel.com\/#website\"},\"primaryImageOfPage\":{\"@id\":\"https:\/\/ledsolintel.com\/product\/lampara-personalizable-xaula7\/#primaryimage\"},\"image\":{\"@id\":\"https:\/\/ledsolintel.com\/product\/lampara-personalizable-xaula7\/#primaryimage\"},\"thumbnailUrl\":\"https:\/\/ledsolintel.com\/wp-content\/uploads\/2025\/11\/lampara-personalizable-xaula7.jpg\",\"datePublished\":\"2025-11-11T15:57:21+00:00\",\"dateModified\":\"2025-12-17T11:51:12+00:00\",\"breadcrumb\":{\"@id\":\"https:\/\/ledsolintel.com\/product\/lampara-personalizable-xaula7\/#breadcrumb\"},\"inLanguage\":\"fr-FR\",\"potentialAction\":[{\"@type\":\"ReadAction\",\"target\":[\"https:\/\/ledsolintel.com\/product\/lampara-personalizable-xaula7\/\"]}]},{\"@type\":\"ImageObject\",\"inLanguage\":\"fr-FR\",\"@id\":\"https:\/\/ledsolintel.com\/product\/lampara-personalizable-xaula7\/#primaryimage\",\"url\":\"https:\/\/ledsolintel.com\/wp-content\/uploads\/2025\/11\/lampara-personalizable-xaula7.jpg\",\"contentUrl\":\"https:\/\/ledsolintel.com\/wp-content\/uploads\/2025\/11\/lampara-personalizable-xaula7.jpg\",\"width\":1500,\"height\":1500},{\"@type\":\"BreadcrumbList\",\"@id\":\"https:\/\/ledsolintel.com\/product\/lampara-personalizable-xaula7\/#breadcrumb\",\"itemListElement\":[{\"@type\":\"ListItem\",\"position\":1,\"name\":\"Portada\",\"item\":\"https:\/\/ledsolintel.com\/fr\/\"},{\"@type\":\"ListItem\",\"position\":2,\"name\":\"Tienda\",\"item\":\"https:\/\/ledsolintel.com\/tienda\/\"},{\"@type\":\"ListItem\",\"position\":3,\"name\":\"L\u00e1mpara personalizable XAULA7\"}]},{\"@type\":\"WebSite\",\"@id\":\"https:\/\/ledsolintel.com\/#website\",\"url\":\"https:\/\/ledsolintel.com\/\",\"name\":\"Webmenaje\",\"description\":\"Tienda de bombillas y l\u00e1mparas LED para profesionales\",\"publisher\":{\"@id\":\"https:\/\/ledsolintel.com\/#organization\"},\"potentialAction\":[{\"@type\":\"SearchAction\",\"target\":{\"@type\":\"EntryPoint\",\"urlTemplate\":\"https:\/\/ledsolintel.com\/?s={search_term_string}\"},\"query-input\":{\"@type\":\"PropertyValueSpecification\",\"valueRequired\":true,\"valueName\":\"search_term_string\"}}],\"inLanguage\":\"fr-FR\"},{\"@type\":\"Organization\",\"@id\":\"https:\/\/ledsolintel.com\/#organization\",\"name\":\"Solintel Noroeste, S.L.\",\"url\":\"https:\/\/ledsolintel.com\/\",\"logo\":{\"@type\":\"ImageObject\",\"inLanguage\":\"fr-FR\",\"@id\":\"https:\/\/ledsolintel.com\/#\/schema\/logo\/image\/\",\"url\":\"https:\/\/ledsolintel.com\/wp-content\/uploads\/2024\/11\/webmenaje-logo-1508269066.jpg\",\"contentUrl\":\"https:\/\/ledsolintel.com\/wp-content\/uploads\/2024\/11\/webmenaje-logo-1508269066.jpg\",\"width\":370,\"height\":90,\"caption\":\"Solintel Noroeste, S.L.\"},\"image\":{\"@id\":\"https:\/\/ledsolintel.com\/#\/schema\/logo\/image\/\"},\"sameAs\":[\"http:\/\/www.facebook.com\/webmenaje\",\"https:\/\/x.com\/webmenaje\",\"https:\/\/www.youtube.com\/channel\/UCX2KoVoeCG4LocZjUc6LmSQ\",\"http:\/\/www.pinterest.com\/webmenaje\"]}]}<\/script>\n<!-- \/ Yoast SEO plugin. -->","yoast_head_json":{"title":"L\u00e1mpara personalizable XAULA7 - Ledsolintel","robots":{"index":"index","follow":"follow","max-snippet":"max-snippet:-1","max-image-preview":"max-image-preview:large","max-video-preview":"max-video-preview:-1"},"canonical":"https:\/\/ledsolintel.com\/fr\/produit-2\/lampara-personalizable-xaula7\/","og_locale":"fr_FR","og_type":"article","og_title":"L\u00e1mpara personalizable XAULA7 - Ledsolintel","og_description":"L\u00e1mpara colgante tipo jaula\u00a0con base para una bombilla de casquillo E27. Su estructura plegable permite cambiar la forma de la l\u00e1mpara, pudiendo adoptar gran cantidad de formas distintas.Ideal para la decoraci\u00f3n de hogares, bares, comercios, etc.L\u00e1mpara disponible en color oro. Para otros colores personalizados contacte con nuestro servicio de atenci\u00f3n al cliente. Incluye portal\u00e1mparas y &hellip; Continue reading L\u00e1mpara personalizable XAULA7","og_url":"https:\/\/ledsolintel.com\/fr\/produit-2\/lampara-personalizable-xaula7\/","og_site_name":"Ledsolintel","article_publisher":"http:\/\/www.facebook.com\/webmenaje","article_modified_time":"2025-12-17T11:51:12+00:00","og_image":[{"width":1500,"height":1500,"url":"https:\/\/ledsolintel.com\/wp-content\/uploads\/2025\/11\/lampara-personalizable-xaula7.jpg","type":"image\/jpeg"}],"twitter_card":"summary_large_image","twitter_site":"@webmenaje","schema":{"@context":"https:\/\/schema.org","@graph":[{"@type":"WebPage","@id":"https:\/\/ledsolintel.com\/product\/lampara-personalizable-xaula7\/","url":"https:\/\/ledsolintel.com\/product\/lampara-personalizable-xaula7\/","name":"L\u00e1mpara personalizable XAULA7 - Ledsolintel","isPartOf":{"@id":"https:\/\/ledsolintel.com\/#website"},"primaryImageOfPage":{"@id":"https:\/\/ledsolintel.com\/product\/lampara-personalizable-xaula7\/#primaryimage"},"image":{"@id":"https:\/\/ledsolintel.com\/product\/lampara-personalizable-xaula7\/#primaryimage"},"thumbnailUrl":"https:\/\/ledsolintel.com\/wp-content\/uploads\/2025\/11\/lampara-personalizable-xaula7.jpg","datePublished":"2025-11-11T15:57:21+00:00","dateModified":"2025-12-17T11:51:12+00:00","breadcrumb":{"@id":"https:\/\/ledsolintel.com\/product\/lampara-personalizable-xaula7\/#breadcrumb"},"inLanguage":"fr-FR","potentialAction":[{"@type":"ReadAction","target":["https:\/\/ledsolintel.com\/product\/lampara-personalizable-xaula7\/"]}]},{"@type":"ImageObject","inLanguage":"fr-FR","@id":"https:\/\/ledsolintel.com\/product\/lampara-personalizable-xaula7\/#primaryimage","url":"https:\/\/ledsolintel.com\/wp-content\/uploads\/2025\/11\/lampara-personalizable-xaula7.jpg","contentUrl":"https:\/\/ledsolintel.com\/wp-content\/uploads\/2025\/11\/lampara-personalizable-xaula7.jpg","width":1500,"height":1500},{"@type":"BreadcrumbList","@id":"https:\/\/ledsolintel.com\/product\/lampara-personalizable-xaula7\/#breadcrumb","itemListElement":[{"@type":"ListItem","position":1,"name":"Portada","item":"https:\/\/ledsolintel.com\/fr\/"},{"@type":"ListItem","position":2,"name":"Tienda","item":"https:\/\/ledsolintel.com\/tienda\/"},{"@type":"ListItem","position":3,"name":"L\u00e1mpara personalizable XAULA7"}]},{"@type":"WebSite","@id":"https:\/\/ledsolintel.com\/#website","url":"https:\/\/ledsolintel.com\/","name":"Webmenaje","description":"Magasin d'ampoules et de lampes LED pour les professionnels","publisher":{"@id":"https:\/\/ledsolintel.com\/#organization"},"potentialAction":[{"@type":"SearchAction","target":{"@type":"EntryPoint","urlTemplate":"https:\/\/ledsolintel.com\/?s={search_term_string}"},"query-input":{"@type":"PropertyValueSpecification","valueRequired":true,"valueName":"search_term_string"}}],"inLanguage":"fr-FR"},{"@type":"Organization","@id":"https:\/\/ledsolintel.com\/#organization","name":"Solintel Noroeste, S.L.","url":"https:\/\/ledsolintel.com\/","logo":{"@type":"ImageObject","inLanguage":"fr-FR","@id":"https:\/\/ledsolintel.com\/#\/schema\/logo\/image\/","url":"https:\/\/ledsolintel.com\/wp-content\/uploads\/2024\/11\/webmenaje-logo-1508269066.jpg","contentUrl":"https:\/\/ledsolintel.com\/wp-content\/uploads\/2024\/11\/webmenaje-logo-1508269066.jpg","width":370,"height":90,"caption":"Solintel Noroeste, S.L."},"image":{"@id":"https:\/\/ledsolintel.com\/#\/schema\/logo\/image\/"},"sameAs":["http:\/\/www.facebook.com\/webmenaje","https:\/\/x.com\/webmenaje","https:\/\/www.youtube.com\/channel\/UCX2KoVoeCG4LocZjUc6LmSQ","http:\/\/www.pinterest.com\/webmenaje"]}]}},"_links":{"self":[{"href":"https:\/\/ledsolintel.com\/fr\/wp-json\/wp\/v2\/product\/268335","targetHints":{"allow":["GET"]}}],"collection":[{"href":"https:\/\/ledsolintel.com\/fr\/wp-json\/wp\/v2\/product"}],"about":[{"href":"https:\/\/ledsolintel.com\/fr\/wp-json\/wp\/v2\/types\/product"}],"version-history":[{"count":1,"href":"https:\/\/ledsolintel.com\/fr\/wp-json\/wp\/v2\/product\/268335\/revisions"}],"predecessor-version":[{"id":268336,"href":"https:\/\/ledsolintel.com\/fr\/wp-json\/wp\/v2\/product\/268335\/revisions\/268336"}],"wp:featuredmedia":[{"embeddable":true,"href":"https:\/\/ledsolintel.com\/fr\/wp-json\/wp\/v2\/media\/262409"}],"wp:attachment":[{"href":"https:\/\/ledsolintel.com\/fr\/wp-json\/wp\/v2\/media?parent=268335"}],"wp:term":[{"taxonomy":"product_brand","embeddable":true,"href":"https:\/\/ledsolintel.com\/fr\/wp-json\/wp\/v2\/product_brand?post=268335"},{"taxonomy":"product_cat","embeddable":true,"href":"https:\/\/ledsolintel.com\/fr\/wp-json\/wp\/v2\/product_cat?post=268335"},{"taxonomy":"product_tag","embeddable":true,"href":"https:\/\/ledsolintel.com\/fr\/wp-json\/wp\/v2\/product_tag?post=268335"}],"curies":[{"name":"wp","href":"https:\/\/api.w.org\/{rel}","templated":true}]}}