{"id":268293,"date":"2025-11-11T16:56:37","date_gmt":"2025-11-11T15:56:37","guid":{"rendered":"https:\/\/nueva.ledsolintel.com\/product\/base-toma-telefono-serie-pc\/"},"modified":"2026-04-07T10:19:03","modified_gmt":"2026-04-07T08:19:03","slug":"base-toma-telefono-serie-pc","status":"publish","type":"product","link":"https:\/\/ledsolintel.com\/fr\/produit-2\/base-toma-telefono-serie-pc\/","title":{"rendered":"Prise t\u00e9l\u00e9phonique s\u00e9rie du PC"},"content":{"rendered":"<p>Socle encastr\u00e9 \u00e0 \u00e9l\u00e9ment unique avec prise t\u00e9l\u00e9phonique (RJ11), disponible en trois couleurs diff\u00e9rentes : blanc, noir ou argent. Il dispose \u00e9galement d'un couvercle aveugle pour l'installation optionnelle d'une autre prise t\u00e9l\u00e9phonique ou d'une prise Internet. En combinant ce socle avec nos cadres pour m\u00e9canismes de la s\u00e9rie PC, vous obtiendrez une d\u00e9coration moderne et minimaliste dans toutes les pi\u00e8ces de la maison (couloirs, chambres, salles de bains, salon ou cuisine), ainsi que dans les h\u00f4tels, les restaurants, les magasins ou les centres commerciaux.  Compatible avec les bo\u00eetes \u00e0 boutons universelles. Non compatible avec les cadres de la s\u00e9rie cristal.  Il est con\u00e7u en polycarbonate et a des dimensions de 72 x 72 x 45 mm. Il supporte une tension d'entr\u00e9e de 200-240V et une fr\u00e9quence de fonctionnement de 50\/60 Hz.  Gr\u00e2ce \u00e0 son degr\u00e9 de protection IP20, il est id\u00e9al pour une installation \u00e0 l'int\u00e9rieur (protection contre les particules solides de plus de 12 mm et il n'est pas \u00e9tanche).  Il est garanti 3 ans. Il poss\u00e8de \u00e9galement le certificat CE, qui atteste qu'il est conforme aux exigences de l'UE en mati\u00e8re de compatibilit\u00e9 \u00e9lectromagn\u00e9tique et de basse tension. Ce certificat d\u00e9clare la conformit\u00e9 du produit \u00e0 toutes les exigences l\u00e9gales et garantit la validit\u00e9 de la vente du produit dans l'Espace \u00e9conomique europ\u00e9en.  Cadre inclus.  Cadre non inclus.<\/p>","protected":false},"excerpt":{"rendered":"<p>Base de un elemento empotrable con toma de tel\u00e9fono (RJ11), disponible en tres colores diferentes: blanco, negro o plata. Cuenta adem\u00e1s con una tapa ciega para instalaci\u00f3n opcional de otra toma de tel\u00e9fono o internet. Combinando esta base con nuestros marcos de la serie PC para mecanismos, se puede obtener una decoraci\u00f3n moderna y minimalista &hellip; <a href=\"https:\/\/ledsolintel.com\/fr\/produit-2\/base-toma-telefono-serie-pc\/\" class=\"more-link\">Continue reading <span class=\"screen-reader-text\">Prise t\u00e9l\u00e9phonique s\u00e9rie du PC<\/span><\/a><\/p>","protected":false},"featured_media":262316,"template":"","meta":[],"product_brand":[101370],"product_cat":[101371,15],"product_tag":[],"class_list":{"0":"post-268293","1":"product","2":"type-product","3":"status-publish","4":"has-post-thumbnail","6":"product_brand-masterled","7":"product_cat-masterled","8":"product_cat-uncategorized","9":"pa_color-blanco","10":"pa_color-negro","11":"pa_color-plata","14":"instock","15":"taxable","16":"shipping-taxable","17":"purchasable","18":"product-type-variable","19":"has-default-attributes"},"yoast_head":"<!-- This site is optimized with the Yoast SEO plugin v26.6 - https:\/\/yoast.com\/wordpress\/plugins\/seo\/ -->\n<title>Base toma tel\u00e9fono serie PC - Ledsolintel<\/title>\n<meta name=\"robots\" content=\"index, follow, max-snippet:-1, max-image-preview:large, max-video-preview:-1\" \/>\n<link rel=\"canonical\" href=\"https:\/\/ledsolintel.com\/fr\/produit-2\/base-toma-telefono-serie-pc\/\" \/>\n<meta property=\"og:locale\" content=\"fr_FR\" \/>\n<meta property=\"og:type\" content=\"article\" \/>\n<meta property=\"og:title\" content=\"Base toma tel\u00e9fono serie PC - Ledsolintel\" \/>\n<meta property=\"og:description\" content=\"Base de un elemento empotrable con toma de tel\u00e9fono (RJ11), disponible en tres colores diferentes: blanco, negro o plata. Cuenta adem\u00e1s con una tapa ciega para instalaci\u00f3n opcional de otra toma de tel\u00e9fono o internet. Combinando esta base con nuestros marcos de la serie PC para mecanismos, se puede obtener una decoraci\u00f3n moderna y minimalista &hellip; Continue reading Base toma tel\u00e9fono serie PC\" \/>\n<meta property=\"og:url\" content=\"https:\/\/ledsolintel.com\/fr\/produit-2\/base-toma-telefono-serie-pc\/\" \/>\n<meta property=\"og:site_name\" content=\"Ledsolintel\" \/>\n<meta property=\"article:publisher\" content=\"http:\/\/www.facebook.com\/webmenaje\" \/>\n<meta property=\"article:modified_time\" content=\"2026-04-07T08:19:03+00:00\" \/>\n<meta property=\"og:image\" content=\"https:\/\/ledsolintel.com\/wp-content\/uploads\/2025\/11\/base-modular-toma-tv-macho-8.jpg\" \/>\n\t<meta property=\"og:image:width\" content=\"1500\" \/>\n\t<meta property=\"og:image:height\" content=\"1500\" \/>\n\t<meta property=\"og:image:type\" content=\"image\/jpeg\" \/>\n<meta name=\"twitter:card\" content=\"summary_large_image\" \/>\n<meta name=\"twitter:site\" content=\"@webmenaje\" \/>\n<meta name=\"twitter:label1\" content=\"Dur\u00e9e de lecture estim\u00e9e\" \/>\n\t<meta name=\"twitter:data1\" content=\"1 minute\" \/>\n<script type=\"application\/ld+json\" class=\"yoast-schema-graph\">{\"@context\":\"https:\/\/schema.org\",\"@graph\":[{\"@type\":\"WebPage\",\"@id\":\"https:\/\/ledsolintel.com\/product\/base-toma-telefono-serie-pc\/\",\"url\":\"https:\/\/ledsolintel.com\/product\/base-toma-telefono-serie-pc\/\",\"name\":\"Base toma tel\u00e9fono serie PC - Ledsolintel\",\"isPartOf\":{\"@id\":\"https:\/\/ledsolintel.com\/#website\"},\"primaryImageOfPage\":{\"@id\":\"https:\/\/ledsolintel.com\/product\/base-toma-telefono-serie-pc\/#primaryimage\"},\"image\":{\"@id\":\"https:\/\/ledsolintel.com\/product\/base-toma-telefono-serie-pc\/#primaryimage\"},\"thumbnailUrl\":\"https:\/\/ledsolintel.com\/wp-content\/uploads\/2025\/11\/base-modular-toma-tv-macho-8.jpg\",\"datePublished\":\"2025-11-11T15:56:37+00:00\",\"dateModified\":\"2026-04-07T08:19:03+00:00\",\"breadcrumb\":{\"@id\":\"https:\/\/ledsolintel.com\/product\/base-toma-telefono-serie-pc\/#breadcrumb\"},\"inLanguage\":\"fr-FR\",\"potentialAction\":[{\"@type\":\"ReadAction\",\"target\":[\"https:\/\/ledsolintel.com\/product\/base-toma-telefono-serie-pc\/\"]}]},{\"@type\":\"ImageObject\",\"inLanguage\":\"fr-FR\",\"@id\":\"https:\/\/ledsolintel.com\/product\/base-toma-telefono-serie-pc\/#primaryimage\",\"url\":\"https:\/\/ledsolintel.com\/wp-content\/uploads\/2025\/11\/base-modular-toma-tv-macho-8.jpg\",\"contentUrl\":\"https:\/\/ledsolintel.com\/wp-content\/uploads\/2025\/11\/base-modular-toma-tv-macho-8.jpg\",\"width\":1500,\"height\":1500},{\"@type\":\"BreadcrumbList\",\"@id\":\"https:\/\/ledsolintel.com\/product\/base-toma-telefono-serie-pc\/#breadcrumb\",\"itemListElement\":[{\"@type\":\"ListItem\",\"position\":1,\"name\":\"Portada\",\"item\":\"https:\/\/ledsolintel.com\/fr\/\"},{\"@type\":\"ListItem\",\"position\":2,\"name\":\"Tienda\",\"item\":\"https:\/\/ledsolintel.com\/tienda\/\"},{\"@type\":\"ListItem\",\"position\":3,\"name\":\"Base toma tel\u00e9fono serie PC\"}]},{\"@type\":\"WebSite\",\"@id\":\"https:\/\/ledsolintel.com\/#website\",\"url\":\"https:\/\/ledsolintel.com\/\",\"name\":\"Webmenaje\",\"description\":\"Tienda de bombillas y l\u00e1mparas LED para profesionales\",\"publisher\":{\"@id\":\"https:\/\/ledsolintel.com\/#organization\"},\"potentialAction\":[{\"@type\":\"SearchAction\",\"target\":{\"@type\":\"EntryPoint\",\"urlTemplate\":\"https:\/\/ledsolintel.com\/?s={search_term_string}\"},\"query-input\":{\"@type\":\"PropertyValueSpecification\",\"valueRequired\":true,\"valueName\":\"search_term_string\"}}],\"inLanguage\":\"fr-FR\"},{\"@type\":\"Organization\",\"@id\":\"https:\/\/ledsolintel.com\/#organization\",\"name\":\"Solintel Noroeste, S.L.\",\"url\":\"https:\/\/ledsolintel.com\/\",\"logo\":{\"@type\":\"ImageObject\",\"inLanguage\":\"fr-FR\",\"@id\":\"https:\/\/ledsolintel.com\/#\/schema\/logo\/image\/\",\"url\":\"https:\/\/ledsolintel.com\/wp-content\/uploads\/2024\/11\/webmenaje-logo-1508269066.jpg\",\"contentUrl\":\"https:\/\/ledsolintel.com\/wp-content\/uploads\/2024\/11\/webmenaje-logo-1508269066.jpg\",\"width\":370,\"height\":90,\"caption\":\"Solintel Noroeste, S.L.\"},\"image\":{\"@id\":\"https:\/\/ledsolintel.com\/#\/schema\/logo\/image\/\"},\"sameAs\":[\"http:\/\/www.facebook.com\/webmenaje\",\"https:\/\/x.com\/webmenaje\",\"https:\/\/www.youtube.com\/channel\/UCX2KoVoeCG4LocZjUc6LmSQ\",\"http:\/\/www.pinterest.com\/webmenaje\"]}]}<\/script>\n<!-- \/ Yoast SEO plugin. -->","yoast_head_json":{"title":"Base toma tel\u00e9fono serie PC - Ledsolintel","robots":{"index":"index","follow":"follow","max-snippet":"max-snippet:-1","max-image-preview":"max-image-preview:large","max-video-preview":"max-video-preview:-1"},"canonical":"https:\/\/ledsolintel.com\/fr\/produit-2\/base-toma-telefono-serie-pc\/","og_locale":"fr_FR","og_type":"article","og_title":"Base toma tel\u00e9fono serie PC - Ledsolintel","og_description":"Base de un elemento empotrable con toma de tel\u00e9fono (RJ11), disponible en tres colores diferentes: blanco, negro o plata. Cuenta adem\u00e1s con una tapa ciega para instalaci\u00f3n opcional de otra toma de tel\u00e9fono o internet. Combinando esta base con nuestros marcos de la serie PC para mecanismos, se puede obtener una decoraci\u00f3n moderna y minimalista &hellip; Continue reading Base toma tel\u00e9fono serie PC","og_url":"https:\/\/ledsolintel.com\/fr\/produit-2\/base-toma-telefono-serie-pc\/","og_site_name":"Ledsolintel","article_publisher":"http:\/\/www.facebook.com\/webmenaje","article_modified_time":"2026-04-07T08:19:03+00:00","og_image":[{"width":1500,"height":1500,"url":"https:\/\/ledsolintel.com\/wp-content\/uploads\/2025\/11\/base-modular-toma-tv-macho-8.jpg","type":"image\/jpeg"}],"twitter_card":"summary_large_image","twitter_site":"@webmenaje","twitter_misc":{"Dur\u00e9e de lecture estim\u00e9e":"1 minute"},"schema":{"@context":"https:\/\/schema.org","@graph":[{"@type":"WebPage","@id":"https:\/\/ledsolintel.com\/product\/base-toma-telefono-serie-pc\/","url":"https:\/\/ledsolintel.com\/product\/base-toma-telefono-serie-pc\/","name":"Base toma tel\u00e9fono serie PC - Ledsolintel","isPartOf":{"@id":"https:\/\/ledsolintel.com\/#website"},"primaryImageOfPage":{"@id":"https:\/\/ledsolintel.com\/product\/base-toma-telefono-serie-pc\/#primaryimage"},"image":{"@id":"https:\/\/ledsolintel.com\/product\/base-toma-telefono-serie-pc\/#primaryimage"},"thumbnailUrl":"https:\/\/ledsolintel.com\/wp-content\/uploads\/2025\/11\/base-modular-toma-tv-macho-8.jpg","datePublished":"2025-11-11T15:56:37+00:00","dateModified":"2026-04-07T08:19:03+00:00","breadcrumb":{"@id":"https:\/\/ledsolintel.com\/product\/base-toma-telefono-serie-pc\/#breadcrumb"},"inLanguage":"fr-FR","potentialAction":[{"@type":"ReadAction","target":["https:\/\/ledsolintel.com\/product\/base-toma-telefono-serie-pc\/"]}]},{"@type":"ImageObject","inLanguage":"fr-FR","@id":"https:\/\/ledsolintel.com\/product\/base-toma-telefono-serie-pc\/#primaryimage","url":"https:\/\/ledsolintel.com\/wp-content\/uploads\/2025\/11\/base-modular-toma-tv-macho-8.jpg","contentUrl":"https:\/\/ledsolintel.com\/wp-content\/uploads\/2025\/11\/base-modular-toma-tv-macho-8.jpg","width":1500,"height":1500},{"@type":"BreadcrumbList","@id":"https:\/\/ledsolintel.com\/product\/base-toma-telefono-serie-pc\/#breadcrumb","itemListElement":[{"@type":"ListItem","position":1,"name":"Portada","item":"https:\/\/ledsolintel.com\/fr\/"},{"@type":"ListItem","position":2,"name":"Tienda","item":"https:\/\/ledsolintel.com\/tienda\/"},{"@type":"ListItem","position":3,"name":"Base toma tel\u00e9fono serie PC"}]},{"@type":"WebSite","@id":"https:\/\/ledsolintel.com\/#website","url":"https:\/\/ledsolintel.com\/","name":"Webmenaje","description":"Magasin d'ampoules et de lampes LED pour les professionnels","publisher":{"@id":"https:\/\/ledsolintel.com\/#organization"},"potentialAction":[{"@type":"SearchAction","target":{"@type":"EntryPoint","urlTemplate":"https:\/\/ledsolintel.com\/?s={search_term_string}"},"query-input":{"@type":"PropertyValueSpecification","valueRequired":true,"valueName":"search_term_string"}}],"inLanguage":"fr-FR"},{"@type":"Organization","@id":"https:\/\/ledsolintel.com\/#organization","name":"Solintel Noroeste, S.L.","url":"https:\/\/ledsolintel.com\/","logo":{"@type":"ImageObject","inLanguage":"fr-FR","@id":"https:\/\/ledsolintel.com\/#\/schema\/logo\/image\/","url":"https:\/\/ledsolintel.com\/wp-content\/uploads\/2024\/11\/webmenaje-logo-1508269066.jpg","contentUrl":"https:\/\/ledsolintel.com\/wp-content\/uploads\/2024\/11\/webmenaje-logo-1508269066.jpg","width":370,"height":90,"caption":"Solintel Noroeste, S.L."},"image":{"@id":"https:\/\/ledsolintel.com\/#\/schema\/logo\/image\/"},"sameAs":["http:\/\/www.facebook.com\/webmenaje","https:\/\/x.com\/webmenaje","https:\/\/www.youtube.com\/channel\/UCX2KoVoeCG4LocZjUc6LmSQ","http:\/\/www.pinterest.com\/webmenaje"]}]}},"_links":{"self":[{"href":"https:\/\/ledsolintel.com\/fr\/wp-json\/wp\/v2\/product\/268293","targetHints":{"allow":["GET"]}}],"collection":[{"href":"https:\/\/ledsolintel.com\/fr\/wp-json\/wp\/v2\/product"}],"about":[{"href":"https:\/\/ledsolintel.com\/fr\/wp-json\/wp\/v2\/types\/product"}],"version-history":[{"count":1,"href":"https:\/\/ledsolintel.com\/fr\/wp-json\/wp\/v2\/product\/268293\/revisions"}],"predecessor-version":[{"id":268294,"href":"https:\/\/ledsolintel.com\/fr\/wp-json\/wp\/v2\/product\/268293\/revisions\/268294"}],"wp:featuredmedia":[{"embeddable":true,"href":"https:\/\/ledsolintel.com\/fr\/wp-json\/wp\/v2\/media\/262316"}],"wp:attachment":[{"href":"https:\/\/ledsolintel.com\/fr\/wp-json\/wp\/v2\/media?parent=268293"}],"wp:term":[{"taxonomy":"product_brand","embeddable":true,"href":"https:\/\/ledsolintel.com\/fr\/wp-json\/wp\/v2\/product_brand?post=268293"},{"taxonomy":"product_cat","embeddable":true,"href":"https:\/\/ledsolintel.com\/fr\/wp-json\/wp\/v2\/product_cat?post=268293"},{"taxonomy":"product_tag","embeddable":true,"href":"https:\/\/ledsolintel.com\/fr\/wp-json\/wp\/v2\/product_tag?post=268293"}],"curies":[{"name":"wp","href":"https:\/\/api.w.org\/{rel}","templated":true}]}}