{"id":268172,"date":"2025-11-11T16:54:02","date_gmt":"2025-11-11T15:54:02","guid":{"rendered":"https:\/\/nueva.ledsolintel.com\/product\/downlight-led-22w-redondo-sin-borde-corte-ajustable\/"},"modified":"2026-04-07T10:19:04","modified_gmt":"2026-04-07T08:19:04","slug":"downlight-led-22w-round-trimless-led-downlight-with-adjustable-cut-off-edge","status":"publish","type":"product","link":"https:\/\/ledsolintel.com\/fr\/produit-2\/downlight-led-22w-round-trimless-led-downlight-with-adjustable-cut-off-edge\/","title":{"rendered":"Downlight LED rond de 22W sans ar\u00eate de coupure r\u00e9glable"},"content":{"rendered":"<p>Downlight LED 22W rond et sans bord avec une finition blanche, c'est l'un des produits les plus utilis\u00e9s dans l'\u00e9clairage car il est id\u00e9al pour l'installation dans les plafonds, qu'ils aient peu ou beaucoup d'espace. Gr\u00e2ce \u00e0 son angle de dispersion de la lumi\u00e8re de 180\u00b0, il est id\u00e9al comme source lumineuse pour un usage r\u00e9sidentiel (couloirs, entr\u00e9es, salons, chambres, salles de bains ou cuisines) et pour des espaces plus vastes tels que bureaux, magasins, h\u00f4tels, bars, restaurants ou supermarch\u00e9s. L'intensit\u00e9 lumineuse ne peut pas \u00eatre r\u00e9duite.  La technologie LED consomme moins que les downlights halog\u00e8nes conventionnels, ce qui vous permet d'\u00e9conomiser chaque mois sur votre facture d'\u00e9lectricit\u00e9.  Il a un rendement \u00e9lev\u00e9, consommant 22W gr\u00e2ce \u00e0 la LED SMD qu'il int\u00e8gre, parvenant \u00e0 fournir un flux lumineux de 2640 lumens. L'\u00e9clairage qu'il fournit repr\u00e9sente une consommation de 22kWh\/1000h, ce qui signifie une r\u00e9duction de la quantit\u00e9 d'\u00e9nergie factur\u00e9e et des \u00e9missions de gaz polluants dans l'atmosph\u00e8re. Ce downlight est disponible en trois temp\u00e9ratures de couleur : blanc (6500\u00b0K), neutre (4000\u00b0K) et chaud (3000\u00b0K).  Il doit \u00eatre install\u00e9 \u00e0 l'int\u00e9rieur car il a un indice de protection IP20 (protection contre les particules solides de plus de 12 mm et n'est pas \u00e9tanche). Il peut supporter une tension d'entr\u00e9e de 185\/245V et une fr\u00e9quence de fonctionnement de 50\/60 Hz. Lors du montage d'un downlight, il est essentiel de tenir compte de trois dimensions. Premi\u00e8rement, l'\u00e9paisseur du downlight (30 mm), deuxi\u00e8mement le diam\u00e8tre de la d\u00e9coupe (50-140 mm) qui doit \u00eatre \u00e9gal ou inf\u00e9rieur au trou dans le plafond, et enfin le diam\u00e8tre ext\u00e9rieur du downlight (167 mm) qui doit \u00eatre sup\u00e9rieur au diam\u00e8tre du trou. Les clips de fixation r\u00e9glables permettent l'installation dans des trous de 5 \u00e0 14 cm de diam\u00e8tre, \u00e9vitant ainsi de modifier les trous existants.  En plus d'\u00eatre un produit qui a une dur\u00e9e de vie de plus de 30 000 heures, il b\u00e9n\u00e9ficie d'une garantie de 3 ans. Il poss\u00e8de \u00e9galement le certificat CE, qui atteste qu'il est conforme aux exigences de l'UE en mati\u00e8re de compatibilit\u00e9 \u00e9lectromagn\u00e9tique et de basse tension. Ce certificat d\u00e9clare la conformit\u00e9 du produit \u00e0 toutes les exigences l\u00e9gales et garantit la validit\u00e9 de la vente du produit dans l'Espace \u00e9conomique europ\u00e9en.  Comprend le pilote<\/p>","protected":false},"excerpt":{"rendered":"<p>Downlight de LEDs redondo sin borde de 22W con acabado en color blanco, es uno de los productos m\u00e1s utilizados en iluminaci\u00f3n ya que es ideal para su instalaci\u00f3n en techos, tanto si cuentan con poco o mucho espacio. Debido a su \u00e1ngulo de dispersi\u00f3n lum\u00ednica de 180\u00b0 lo hace ideal como fuente de iluminaci\u00f3n &hellip; <a href=\"https:\/\/ledsolintel.com\/fr\/produit-2\/downlight-led-22w-round-trimless-led-downlight-with-adjustable-cut-off-edge\/\" class=\"more-link\">Continue reading <span class=\"screen-reader-text\">Downlight LED rond de 22W sans ar\u00eate de coupure r\u00e9glable<\/span><\/a><\/p>","protected":false},"featured_media":262069,"template":"","meta":[],"product_brand":[101370],"product_cat":[101371,15],"product_tag":[],"class_list":{"0":"post-268172","1":"product","2":"type-product","3":"status-publish","4":"has-post-thumbnail","6":"product_brand-masterled","7":"product_cat-masterled","8":"product_cat-uncategorized","9":"pa_temperatura-color-luz-blanca","10":"pa_temperatura-color-luz-calida","11":"pa_temperatura-color-luz-neutra","14":"instock","15":"taxable","16":"shipping-taxable","17":"purchasable","18":"product-type-variable","19":"has-default-attributes"},"yoast_head":"<!-- This site is optimized with the Yoast SEO plugin v27.4 - https:\/\/yoast.com\/product\/yoast-seo-wordpress\/ -->\n<title>Downlight led 22W redondo sin borde corte ajustable - Ledsolintel<\/title>\n<meta name=\"robots\" content=\"index, follow, max-snippet:-1, max-image-preview:large, max-video-preview:-1\" \/>\n<link rel=\"canonical\" href=\"https:\/\/ledsolintel.com\/fr\/produit-2\/downlight-led-22w-round-trimless-led-downlight-with-adjustable-cut-off-edge\/\" \/>\n<meta property=\"og:locale\" content=\"fr_FR\" \/>\n<meta property=\"og:type\" content=\"article\" \/>\n<meta property=\"og:title\" content=\"Downlight led 22W redondo sin borde corte ajustable - Ledsolintel\" \/>\n<meta property=\"og:description\" content=\"Downlight de LEDs redondo sin borde de 22W con acabado en color blanco, es uno de los productos m\u00e1s utilizados en iluminaci\u00f3n ya que es ideal para su instalaci\u00f3n en techos, tanto si cuentan con poco o mucho espacio. Debido a su \u00e1ngulo de dispersi\u00f3n lum\u00ednica de 180\u00b0 lo hace ideal como fuente de iluminaci\u00f3n &hellip; Continue reading Downlight led 22W redondo sin borde corte ajustable\" \/>\n<meta property=\"og:url\" content=\"https:\/\/ledsolintel.com\/fr\/produit-2\/downlight-led-22w-round-trimless-led-downlight-with-adjustable-cut-off-edge\/\" \/>\n<meta property=\"og:site_name\" content=\"Ledsolintel\" \/>\n<meta property=\"article:publisher\" content=\"http:\/\/www.facebook.com\/webmenaje\" \/>\n<meta property=\"article:modified_time\" content=\"2026-04-07T08:19:04+00:00\" \/>\n<meta property=\"og:image\" content=\"https:\/\/ledsolintel.com\/wp-content\/uploads\/2025\/11\/downlight-led-22w-redondo-sin-borde-corte-ajustable.jpg\" \/>\n\t<meta property=\"og:image:width\" content=\"1200\" \/>\n\t<meta property=\"og:image:height\" content=\"1200\" \/>\n\t<meta property=\"og:image:type\" content=\"image\/jpeg\" \/>\n<meta name=\"twitter:card\" content=\"summary_large_image\" \/>\n<meta name=\"twitter:site\" content=\"@webmenaje\" \/>\n<meta name=\"twitter:label1\" content=\"Dur\u00e9e de lecture estim\u00e9e\" \/>\n\t<meta name=\"twitter:data1\" content=\"2 minutes\" \/>\n<script type=\"application\/ld+json\" class=\"yoast-schema-graph\">{\"@context\":\"https:\\\/\\\/schema.org\",\"@graph\":[{\"@type\":\"WebPage\",\"@id\":\"https:\\\/\\\/ledsolintel.com\\\/product\\\/downlight-led-22w-redondo-sin-borde-corte-ajustable\\\/\",\"url\":\"https:\\\/\\\/ledsolintel.com\\\/product\\\/downlight-led-22w-redondo-sin-borde-corte-ajustable\\\/\",\"name\":\"Downlight led 22W redondo sin borde corte ajustable - Ledsolintel\",\"isPartOf\":{\"@id\":\"https:\\\/\\\/ledsolintel.com\\\/#website\"},\"primaryImageOfPage\":{\"@id\":\"https:\\\/\\\/ledsolintel.com\\\/product\\\/downlight-led-22w-redondo-sin-borde-corte-ajustable\\\/#primaryimage\"},\"image\":{\"@id\":\"https:\\\/\\\/ledsolintel.com\\\/product\\\/downlight-led-22w-redondo-sin-borde-corte-ajustable\\\/#primaryimage\"},\"thumbnailUrl\":\"https:\\\/\\\/ledsolintel.com\\\/wp-content\\\/uploads\\\/2025\\\/11\\\/downlight-led-22w-redondo-sin-borde-corte-ajustable.jpg\",\"datePublished\":\"2025-11-11T15:54:02+00:00\",\"dateModified\":\"2026-04-07T08:19:04+00:00\",\"breadcrumb\":{\"@id\":\"https:\\\/\\\/ledsolintel.com\\\/product\\\/downlight-led-22w-redondo-sin-borde-corte-ajustable\\\/#breadcrumb\"},\"inLanguage\":\"fr-FR\",\"potentialAction\":[{\"@type\":\"ReadAction\",\"target\":[\"https:\\\/\\\/ledsolintel.com\\\/product\\\/downlight-led-22w-redondo-sin-borde-corte-ajustable\\\/\"]}]},{\"@type\":\"ImageObject\",\"inLanguage\":\"fr-FR\",\"@id\":\"https:\\\/\\\/ledsolintel.com\\\/product\\\/downlight-led-22w-redondo-sin-borde-corte-ajustable\\\/#primaryimage\",\"url\":\"https:\\\/\\\/ledsolintel.com\\\/wp-content\\\/uploads\\\/2025\\\/11\\\/downlight-led-22w-redondo-sin-borde-corte-ajustable.jpg\",\"contentUrl\":\"https:\\\/\\\/ledsolintel.com\\\/wp-content\\\/uploads\\\/2025\\\/11\\\/downlight-led-22w-redondo-sin-borde-corte-ajustable.jpg\",\"width\":1200,\"height\":1200},{\"@type\":\"BreadcrumbList\",\"@id\":\"https:\\\/\\\/ledsolintel.com\\\/product\\\/downlight-led-22w-redondo-sin-borde-corte-ajustable\\\/#breadcrumb\",\"itemListElement\":[{\"@type\":\"ListItem\",\"position\":1,\"name\":\"Portada\",\"item\":\"https:\\\/\\\/ledsolintel.com\\\/fr\\\/\"},{\"@type\":\"ListItem\",\"position\":2,\"name\":\"Tienda\",\"item\":\"https:\\\/\\\/ledsolintel.com\\\/tienda\\\/\"},{\"@type\":\"ListItem\",\"position\":3,\"name\":\"Downlight led 22W redondo sin borde corte ajustable\"}]},{\"@type\":\"WebSite\",\"@id\":\"https:\\\/\\\/ledsolintel.com\\\/#website\",\"url\":\"https:\\\/\\\/ledsolintel.com\\\/\",\"name\":\"Webmenaje\",\"description\":\"Tienda de bombillas y l\u00e1mparas LED para profesionales\",\"publisher\":{\"@id\":\"https:\\\/\\\/ledsolintel.com\\\/#organization\"},\"potentialAction\":[{\"@type\":\"SearchAction\",\"target\":{\"@type\":\"EntryPoint\",\"urlTemplate\":\"https:\\\/\\\/ledsolintel.com\\\/?s={search_term_string}\"},\"query-input\":{\"@type\":\"PropertyValueSpecification\",\"valueRequired\":true,\"valueName\":\"search_term_string\"}}],\"inLanguage\":\"fr-FR\"},{\"@type\":\"Organization\",\"@id\":\"https:\\\/\\\/ledsolintel.com\\\/#organization\",\"name\":\"Solintel Noroeste, S.L.\",\"url\":\"https:\\\/\\\/ledsolintel.com\\\/\",\"logo\":{\"@type\":\"ImageObject\",\"inLanguage\":\"fr-FR\",\"@id\":\"https:\\\/\\\/ledsolintel.com\\\/#\\\/schema\\\/logo\\\/image\\\/\",\"url\":\"https:\\\/\\\/ledsolintel.com\\\/wp-content\\\/uploads\\\/2024\\\/11\\\/webmenaje-logo-1508269066.jpg\",\"contentUrl\":\"https:\\\/\\\/ledsolintel.com\\\/wp-content\\\/uploads\\\/2024\\\/11\\\/webmenaje-logo-1508269066.jpg\",\"width\":370,\"height\":90,\"caption\":\"Solintel Noroeste, S.L.\"},\"image\":{\"@id\":\"https:\\\/\\\/ledsolintel.com\\\/#\\\/schema\\\/logo\\\/image\\\/\"},\"sameAs\":[\"http:\\\/\\\/www.facebook.com\\\/webmenaje\",\"https:\\\/\\\/x.com\\\/webmenaje\",\"https:\\\/\\\/www.youtube.com\\\/channel\\\/UCX2KoVoeCG4LocZjUc6LmSQ\",\"http:\\\/\\\/www.pinterest.com\\\/webmenaje\"]}]}<\/script>\n<!-- \/ Yoast SEO plugin. -->","yoast_head_json":{"title":"Downlight \u00e0 leds 22W rond sans bord de coupe r\u00e9glable - Ledsolintel","robots":{"index":"index","follow":"follow","max-snippet":"max-snippet:-1","max-image-preview":"max-image-preview:large","max-video-preview":"max-video-preview:-1"},"canonical":"https:\/\/ledsolintel.com\/fr\/produit-2\/downlight-led-22w-round-trimless-led-downlight-with-adjustable-cut-off-edge\/","og_locale":"fr_FR","og_type":"article","og_title":"Downlight led 22W redondo sin borde corte ajustable - Ledsolintel","og_description":"Downlight de LEDs redondo sin borde de 22W con acabado en color blanco, es uno de los productos m\u00e1s utilizados en iluminaci\u00f3n ya que es ideal para su instalaci\u00f3n en techos, tanto si cuentan con poco o mucho espacio. Debido a su \u00e1ngulo de dispersi\u00f3n lum\u00ednica de 180\u00b0 lo hace ideal como fuente de iluminaci\u00f3n &hellip; Continue reading Downlight led 22W redondo sin borde corte ajustable","og_url":"https:\/\/ledsolintel.com\/fr\/produit-2\/downlight-led-22w-round-trimless-led-downlight-with-adjustable-cut-off-edge\/","og_site_name":"Ledsolintel","article_publisher":"http:\/\/www.facebook.com\/webmenaje","article_modified_time":"2026-04-07T08:19:04+00:00","og_image":[{"width":1200,"height":1200,"url":"https:\/\/ledsolintel.com\/wp-content\/uploads\/2025\/11\/downlight-led-22w-redondo-sin-borde-corte-ajustable.jpg","type":"image\/jpeg"}],"twitter_card":"summary_large_image","twitter_site":"@webmenaje","twitter_misc":{"Dur\u00e9e de lecture estim\u00e9e":"2 minutes"},"schema":{"@context":"https:\/\/schema.org","@graph":[{"@type":"WebPage","@id":"https:\/\/ledsolintel.com\/product\/downlight-led-22w-redondo-sin-borde-corte-ajustable\/","url":"https:\/\/ledsolintel.com\/product\/downlight-led-22w-redondo-sin-borde-corte-ajustable\/","name":"Downlight \u00e0 leds 22W rond sans bord de coupe r\u00e9glable - Ledsolintel","isPartOf":{"@id":"https:\/\/ledsolintel.com\/#website"},"primaryImageOfPage":{"@id":"https:\/\/ledsolintel.com\/product\/downlight-led-22w-redondo-sin-borde-corte-ajustable\/#primaryimage"},"image":{"@id":"https:\/\/ledsolintel.com\/product\/downlight-led-22w-redondo-sin-borde-corte-ajustable\/#primaryimage"},"thumbnailUrl":"https:\/\/ledsolintel.com\/wp-content\/uploads\/2025\/11\/downlight-led-22w-redondo-sin-borde-corte-ajustable.jpg","datePublished":"2025-11-11T15:54:02+00:00","dateModified":"2026-04-07T08:19:04+00:00","breadcrumb":{"@id":"https:\/\/ledsolintel.com\/product\/downlight-led-22w-redondo-sin-borde-corte-ajustable\/#breadcrumb"},"inLanguage":"fr-FR","potentialAction":[{"@type":"ReadAction","target":["https:\/\/ledsolintel.com\/product\/downlight-led-22w-redondo-sin-borde-corte-ajustable\/"]}]},{"@type":"ImageObject","inLanguage":"fr-FR","@id":"https:\/\/ledsolintel.com\/product\/downlight-led-22w-redondo-sin-borde-corte-ajustable\/#primaryimage","url":"https:\/\/ledsolintel.com\/wp-content\/uploads\/2025\/11\/downlight-led-22w-redondo-sin-borde-corte-ajustable.jpg","contentUrl":"https:\/\/ledsolintel.com\/wp-content\/uploads\/2025\/11\/downlight-led-22w-redondo-sin-borde-corte-ajustable.jpg","width":1200,"height":1200},{"@type":"BreadcrumbList","@id":"https:\/\/ledsolintel.com\/product\/downlight-led-22w-redondo-sin-borde-corte-ajustable\/#breadcrumb","itemListElement":[{"@type":"ListItem","position":1,"name":"Portada","item":"https:\/\/ledsolintel.com\/fr\/"},{"@type":"ListItem","position":2,"name":"Tienda","item":"https:\/\/ledsolintel.com\/tienda\/"},{"@type":"ListItem","position":3,"name":"Downlight led 22W redondo sin borde corte ajustable"}]},{"@type":"WebSite","@id":"https:\/\/ledsolintel.com\/#website","url":"https:\/\/ledsolintel.com\/","name":"Webmenaje","description":"Magasin d'ampoules et de lampes LED pour les professionnels","publisher":{"@id":"https:\/\/ledsolintel.com\/#organization"},"potentialAction":[{"@type":"SearchAction","target":{"@type":"EntryPoint","urlTemplate":"https:\/\/ledsolintel.com\/?s={search_term_string}"},"query-input":{"@type":"PropertyValueSpecification","valueRequired":true,"valueName":"search_term_string"}}],"inLanguage":"fr-FR"},{"@type":"Organization","@id":"https:\/\/ledsolintel.com\/#organization","name":"Solintel Noroeste, S.L.","url":"https:\/\/ledsolintel.com\/","logo":{"@type":"ImageObject","inLanguage":"fr-FR","@id":"https:\/\/ledsolintel.com\/#\/schema\/logo\/image\/","url":"https:\/\/ledsolintel.com\/wp-content\/uploads\/2024\/11\/webmenaje-logo-1508269066.jpg","contentUrl":"https:\/\/ledsolintel.com\/wp-content\/uploads\/2024\/11\/webmenaje-logo-1508269066.jpg","width":370,"height":90,"caption":"Solintel Noroeste, S.L."},"image":{"@id":"https:\/\/ledsolintel.com\/#\/schema\/logo\/image\/"},"sameAs":["http:\/\/www.facebook.com\/webmenaje","https:\/\/x.com\/webmenaje","https:\/\/www.youtube.com\/channel\/UCX2KoVoeCG4LocZjUc6LmSQ","http:\/\/www.pinterest.com\/webmenaje"]}]}},"_links":{"self":[{"href":"https:\/\/ledsolintel.com\/fr\/wp-json\/wp\/v2\/product\/268172","targetHints":{"allow":["GET"]}}],"collection":[{"href":"https:\/\/ledsolintel.com\/fr\/wp-json\/wp\/v2\/product"}],"about":[{"href":"https:\/\/ledsolintel.com\/fr\/wp-json\/wp\/v2\/types\/product"}],"version-history":[{"count":1,"href":"https:\/\/ledsolintel.com\/fr\/wp-json\/wp\/v2\/product\/268172\/revisions"}],"predecessor-version":[{"id":268173,"href":"https:\/\/ledsolintel.com\/fr\/wp-json\/wp\/v2\/product\/268172\/revisions\/268173"}],"wp:featuredmedia":[{"embeddable":true,"href":"https:\/\/ledsolintel.com\/fr\/wp-json\/wp\/v2\/media\/262069"}],"wp:attachment":[{"href":"https:\/\/ledsolintel.com\/fr\/wp-json\/wp\/v2\/media?parent=268172"}],"wp:term":[{"taxonomy":"product_brand","embeddable":true,"href":"https:\/\/ledsolintel.com\/fr\/wp-json\/wp\/v2\/product_brand?post=268172"},{"taxonomy":"product_cat","embeddable":true,"href":"https:\/\/ledsolintel.com\/fr\/wp-json\/wp\/v2\/product_cat?post=268172"},{"taxonomy":"product_tag","embeddable":true,"href":"https:\/\/ledsolintel.com\/fr\/wp-json\/wp\/v2\/product_tag?post=268172"}],"curies":[{"name":"wp","href":"https:\/\/api.w.org\/{rel}","templated":true}]}}