{"id":268161,"date":"2025-11-11T16:53:52","date_gmt":"2025-11-11T15:53:52","guid":{"rendered":"https:\/\/nueva.ledsolintel.com\/product\/aplique-aluminio-led-3w-usb\/"},"modified":"2026-02-02T12:45:43","modified_gmt":"2026-02-02T11:45:43","slug":"aplique-aluminio-led-3w-usb","status":"publish","type":"product","link":"https:\/\/ledsolintel.com\/fr\/produit-2\/aplique-aluminio-led-3w-usb\/","title":{"rendered":"LAMPE MURALE LED ALUMINIUM 3W USB"},"content":{"rendered":"<p>Aplique de pared en aluminio con acabado en color negro con un punto de luz de lectura orientable de 3W de potencia y una dispersi\u00f3n lum\u00ednica de 25\u00b0. Dispone adem\u00e1s de un puerto de carga USB de 2A que permite cargar cualquier dispositivo electr\u00f3nico. Es ideal para su instalaci\u00f3n como luz de lectura para dormitorio, aplique cabecero para cama, en salones, escritorios, hoteles, apartamentos etc. La luz no es regulable.  Cuenta con una alta eficacia al consumir 3W mediante el LED COB que integra, logrando proporcionar un flujo luminoso de 270 lumens. La iluminaci\u00f3n que aporta representa un consumo por valor de 3kWh\/1000h, lo que supone una reducci\u00f3n de la cantidad de energ\u00eda facturada y de emisiones de gases contaminantes a la atm\u00f3sfera. Este aplique est\u00e1 disponible en una temperatura de color: neutra (4000\u00b0K). Est\u00e1 dise\u00f1ado con las medidas de 190 x 50 x 70 mm.  Su instalaci\u00f3n debe realizarse en lugares interiores al poseer un grado de protecci\u00f3n IP20 (protecci\u00f3n contra part\u00edculas s\u00f3lidas de tama\u00f1o superior a 12 mm y no es resistente al agua). Soporta un voltaje de entrada de 100-240V y una frecuencia de servicio de 50\/60Hz.  Adem\u00e1s de ser un producto que tiene m\u00e1s de 30.000 horas de vida, dispone de una garant\u00eda de 3 a\u00f1os. Cuenta tambi\u00e9n con el certificado CE, que acredita que se cumple con los requisitos de la UE respecto a compatibilidad electromagn\u00e9tica y normativa de baja tensi\u00f3n. Con este certificado se declara la conformidad de dicho producto con todos los requisitos legales exigidos, y asegura la validez del producto para ser vendido en todo el Espacio Econ\u00f3mico Europeo.<\/p>","protected":false},"excerpt":{"rendered":"<p>Aplique de pared en aluminio con acabado en color negro con un punto de luz de lectura orientable de 3W de potencia y una dispersi\u00f3n lum\u00ednica de 25\u00b0. Dispone adem\u00e1s de un puerto de carga USB de 2A que permite cargar cualquier dispositivo electr\u00f3nico. Es ideal para su instalaci\u00f3n como luz de lectura para dormitorio, &hellip; <a href=\"https:\/\/ledsolintel.com\/fr\/produit-2\/aplique-aluminio-led-3w-usb\/\" class=\"more-link\">Continue reading <span class=\"screen-reader-text\">LAMPE MURALE LED ALUMINIUM 3W USB<\/span><\/a><\/p>","protected":false},"featured_media":262045,"template":"","meta":[],"product_brand":[101370],"product_cat":[15,101371,99573,99887,99659],"product_tag":[],"class_list":{"0":"post-268161","1":"product","2":"type-product","3":"status-publish","4":"has-post-thumbnail","6":"product_brand-masterled","7":"product_cat-uncategorized","8":"product_cat-masterled","9":"product_cat-iluminacion-interior","10":"product_cat-lamparas-de-lectura","11":"product_cat-lamparas-de-pared","12":"pa_temperatura-color-luz-neutra","15":"instock","16":"purchasable","17":"product-type-simple"},"yoast_head":"<!-- This site is optimized with the Yoast SEO plugin v26.6 - https:\/\/yoast.com\/wordpress\/plugins\/seo\/ -->\n<title>APLIQUE ALUMINIO LED 3W USB - Ledsolintel<\/title>\n<meta name=\"robots\" content=\"index, follow, max-snippet:-1, max-image-preview:large, max-video-preview:-1\" \/>\n<link rel=\"canonical\" href=\"https:\/\/ledsolintel.com\/fr\/produit-2\/aplique-aluminio-led-3w-usb\/\" \/>\n<meta property=\"og:locale\" content=\"fr_FR\" \/>\n<meta property=\"og:type\" content=\"article\" \/>\n<meta property=\"og:title\" content=\"APLIQUE ALUMINIO LED 3W USB - Ledsolintel\" \/>\n<meta property=\"og:description\" content=\"Aplique de pared en aluminio con acabado en color negro con un punto de luz de lectura orientable de 3W de potencia y una dispersi\u00f3n lum\u00ednica de 25\u00b0. Dispone adem\u00e1s de un puerto de carga USB de 2A que permite cargar cualquier dispositivo electr\u00f3nico. Es ideal para su instalaci\u00f3n como luz de lectura para dormitorio, &hellip; Continue reading APLIQUE ALUMINIO LED 3W USB\" \/>\n<meta property=\"og:url\" content=\"https:\/\/ledsolintel.com\/fr\/produit-2\/aplique-aluminio-led-3w-usb\/\" \/>\n<meta property=\"og:site_name\" content=\"Ledsolintel\" \/>\n<meta property=\"article:publisher\" content=\"http:\/\/www.facebook.com\/webmenaje\" \/>\n<meta property=\"article:modified_time\" content=\"2026-02-02T11:45:43+00:00\" \/>\n<meta property=\"og:image\" content=\"https:\/\/ledsolintel.com\/wp-content\/uploads\/2025\/11\/aplique-aluminio-led-3w-usb.jpg\" \/>\n\t<meta property=\"og:image:width\" content=\"1500\" \/>\n\t<meta property=\"og:image:height\" content=\"1500\" \/>\n\t<meta property=\"og:image:type\" content=\"image\/jpeg\" \/>\n<meta name=\"twitter:card\" content=\"summary_large_image\" \/>\n<meta name=\"twitter:site\" content=\"@webmenaje\" \/>\n<meta name=\"twitter:label1\" content=\"Dur\u00e9e de lecture estim\u00e9e\" \/>\n\t<meta name=\"twitter:data1\" content=\"1 minute\" \/>\n<script type=\"application\/ld+json\" class=\"yoast-schema-graph\">{\"@context\":\"https:\/\/schema.org\",\"@graph\":[{\"@type\":\"WebPage\",\"@id\":\"https:\/\/ledsolintel.com\/product\/aplique-aluminio-led-3w-usb\/\",\"url\":\"https:\/\/ledsolintel.com\/product\/aplique-aluminio-led-3w-usb\/\",\"name\":\"APLIQUE ALUMINIO LED 3W USB - Ledsolintel\",\"isPartOf\":{\"@id\":\"https:\/\/ledsolintel.com\/#website\"},\"primaryImageOfPage\":{\"@id\":\"https:\/\/ledsolintel.com\/product\/aplique-aluminio-led-3w-usb\/#primaryimage\"},\"image\":{\"@id\":\"https:\/\/ledsolintel.com\/product\/aplique-aluminio-led-3w-usb\/#primaryimage\"},\"thumbnailUrl\":\"https:\/\/ledsolintel.com\/wp-content\/uploads\/2025\/11\/aplique-aluminio-led-3w-usb.jpg\",\"datePublished\":\"2025-11-11T15:53:52+00:00\",\"dateModified\":\"2026-02-02T11:45:43+00:00\",\"breadcrumb\":{\"@id\":\"https:\/\/ledsolintel.com\/product\/aplique-aluminio-led-3w-usb\/#breadcrumb\"},\"inLanguage\":\"fr-FR\",\"potentialAction\":[{\"@type\":\"ReadAction\",\"target\":[\"https:\/\/ledsolintel.com\/product\/aplique-aluminio-led-3w-usb\/\"]}]},{\"@type\":\"ImageObject\",\"inLanguage\":\"fr-FR\",\"@id\":\"https:\/\/ledsolintel.com\/product\/aplique-aluminio-led-3w-usb\/#primaryimage\",\"url\":\"https:\/\/ledsolintel.com\/wp-content\/uploads\/2025\/11\/aplique-aluminio-led-3w-usb.jpg\",\"contentUrl\":\"https:\/\/ledsolintel.com\/wp-content\/uploads\/2025\/11\/aplique-aluminio-led-3w-usb.jpg\",\"width\":1500,\"height\":1500},{\"@type\":\"BreadcrumbList\",\"@id\":\"https:\/\/ledsolintel.com\/product\/aplique-aluminio-led-3w-usb\/#breadcrumb\",\"itemListElement\":[{\"@type\":\"ListItem\",\"position\":1,\"name\":\"Portada\",\"item\":\"https:\/\/ledsolintel.com\/fr\/\"},{\"@type\":\"ListItem\",\"position\":2,\"name\":\"Tienda\",\"item\":\"https:\/\/ledsolintel.com\/tienda\/\"},{\"@type\":\"ListItem\",\"position\":3,\"name\":\"APLIQUE ALUMINIO LED 3W USB\"}]},{\"@type\":\"WebSite\",\"@id\":\"https:\/\/ledsolintel.com\/#website\",\"url\":\"https:\/\/ledsolintel.com\/\",\"name\":\"Webmenaje\",\"description\":\"Tienda de bombillas y l\u00e1mparas LED para profesionales\",\"publisher\":{\"@id\":\"https:\/\/ledsolintel.com\/#organization\"},\"potentialAction\":[{\"@type\":\"SearchAction\",\"target\":{\"@type\":\"EntryPoint\",\"urlTemplate\":\"https:\/\/ledsolintel.com\/?s={search_term_string}\"},\"query-input\":{\"@type\":\"PropertyValueSpecification\",\"valueRequired\":true,\"valueName\":\"search_term_string\"}}],\"inLanguage\":\"fr-FR\"},{\"@type\":\"Organization\",\"@id\":\"https:\/\/ledsolintel.com\/#organization\",\"name\":\"Solintel Noroeste, S.L.\",\"url\":\"https:\/\/ledsolintel.com\/\",\"logo\":{\"@type\":\"ImageObject\",\"inLanguage\":\"fr-FR\",\"@id\":\"https:\/\/ledsolintel.com\/#\/schema\/logo\/image\/\",\"url\":\"https:\/\/ledsolintel.com\/wp-content\/uploads\/2024\/11\/webmenaje-logo-1508269066.jpg\",\"contentUrl\":\"https:\/\/ledsolintel.com\/wp-content\/uploads\/2024\/11\/webmenaje-logo-1508269066.jpg\",\"width\":370,\"height\":90,\"caption\":\"Solintel Noroeste, S.L.\"},\"image\":{\"@id\":\"https:\/\/ledsolintel.com\/#\/schema\/logo\/image\/\"},\"sameAs\":[\"http:\/\/www.facebook.com\/webmenaje\",\"https:\/\/x.com\/webmenaje\",\"https:\/\/www.youtube.com\/channel\/UCX2KoVoeCG4LocZjUc6LmSQ\",\"http:\/\/www.pinterest.com\/webmenaje\"]}]}<\/script>\n<!-- \/ Yoast SEO plugin. -->","yoast_head_json":{"title":"APLIQUE ALUMINIO LED 3W USB - Ledsolintel","robots":{"index":"index","follow":"follow","max-snippet":"max-snippet:-1","max-image-preview":"max-image-preview:large","max-video-preview":"max-video-preview:-1"},"canonical":"https:\/\/ledsolintel.com\/fr\/produit-2\/aplique-aluminio-led-3w-usb\/","og_locale":"fr_FR","og_type":"article","og_title":"APLIQUE ALUMINIO LED 3W USB - Ledsolintel","og_description":"Aplique de pared en aluminio con acabado en color negro con un punto de luz de lectura orientable de 3W de potencia y una dispersi\u00f3n lum\u00ednica de 25\u00b0. Dispone adem\u00e1s de un puerto de carga USB de 2A que permite cargar cualquier dispositivo electr\u00f3nico. Es ideal para su instalaci\u00f3n como luz de lectura para dormitorio, &hellip; Continue reading APLIQUE ALUMINIO LED 3W USB","og_url":"https:\/\/ledsolintel.com\/fr\/produit-2\/aplique-aluminio-led-3w-usb\/","og_site_name":"Ledsolintel","article_publisher":"http:\/\/www.facebook.com\/webmenaje","article_modified_time":"2026-02-02T11:45:43+00:00","og_image":[{"width":1500,"height":1500,"url":"https:\/\/ledsolintel.com\/wp-content\/uploads\/2025\/11\/aplique-aluminio-led-3w-usb.jpg","type":"image\/jpeg"}],"twitter_card":"summary_large_image","twitter_site":"@webmenaje","twitter_misc":{"Dur\u00e9e de lecture estim\u00e9e":"1 minute"},"schema":{"@context":"https:\/\/schema.org","@graph":[{"@type":"WebPage","@id":"https:\/\/ledsolintel.com\/product\/aplique-aluminio-led-3w-usb\/","url":"https:\/\/ledsolintel.com\/product\/aplique-aluminio-led-3w-usb\/","name":"APLIQUE ALUMINIO LED 3W USB - Ledsolintel","isPartOf":{"@id":"https:\/\/ledsolintel.com\/#website"},"primaryImageOfPage":{"@id":"https:\/\/ledsolintel.com\/product\/aplique-aluminio-led-3w-usb\/#primaryimage"},"image":{"@id":"https:\/\/ledsolintel.com\/product\/aplique-aluminio-led-3w-usb\/#primaryimage"},"thumbnailUrl":"https:\/\/ledsolintel.com\/wp-content\/uploads\/2025\/11\/aplique-aluminio-led-3w-usb.jpg","datePublished":"2025-11-11T15:53:52+00:00","dateModified":"2026-02-02T11:45:43+00:00","breadcrumb":{"@id":"https:\/\/ledsolintel.com\/product\/aplique-aluminio-led-3w-usb\/#breadcrumb"},"inLanguage":"fr-FR","potentialAction":[{"@type":"ReadAction","target":["https:\/\/ledsolintel.com\/product\/aplique-aluminio-led-3w-usb\/"]}]},{"@type":"ImageObject","inLanguage":"fr-FR","@id":"https:\/\/ledsolintel.com\/product\/aplique-aluminio-led-3w-usb\/#primaryimage","url":"https:\/\/ledsolintel.com\/wp-content\/uploads\/2025\/11\/aplique-aluminio-led-3w-usb.jpg","contentUrl":"https:\/\/ledsolintel.com\/wp-content\/uploads\/2025\/11\/aplique-aluminio-led-3w-usb.jpg","width":1500,"height":1500},{"@type":"BreadcrumbList","@id":"https:\/\/ledsolintel.com\/product\/aplique-aluminio-led-3w-usb\/#breadcrumb","itemListElement":[{"@type":"ListItem","position":1,"name":"Portada","item":"https:\/\/ledsolintel.com\/fr\/"},{"@type":"ListItem","position":2,"name":"Tienda","item":"https:\/\/ledsolintel.com\/tienda\/"},{"@type":"ListItem","position":3,"name":"APLIQUE ALUMINIO LED 3W USB"}]},{"@type":"WebSite","@id":"https:\/\/ledsolintel.com\/#website","url":"https:\/\/ledsolintel.com\/","name":"Webmenaje","description":"Magasin d'ampoules et de lampes LED pour les professionnels","publisher":{"@id":"https:\/\/ledsolintel.com\/#organization"},"potentialAction":[{"@type":"SearchAction","target":{"@type":"EntryPoint","urlTemplate":"https:\/\/ledsolintel.com\/?s={search_term_string}"},"query-input":{"@type":"PropertyValueSpecification","valueRequired":true,"valueName":"search_term_string"}}],"inLanguage":"fr-FR"},{"@type":"Organization","@id":"https:\/\/ledsolintel.com\/#organization","name":"Solintel Noroeste, S.L.","url":"https:\/\/ledsolintel.com\/","logo":{"@type":"ImageObject","inLanguage":"fr-FR","@id":"https:\/\/ledsolintel.com\/#\/schema\/logo\/image\/","url":"https:\/\/ledsolintel.com\/wp-content\/uploads\/2024\/11\/webmenaje-logo-1508269066.jpg","contentUrl":"https:\/\/ledsolintel.com\/wp-content\/uploads\/2024\/11\/webmenaje-logo-1508269066.jpg","width":370,"height":90,"caption":"Solintel Noroeste, S.L."},"image":{"@id":"https:\/\/ledsolintel.com\/#\/schema\/logo\/image\/"},"sameAs":["http:\/\/www.facebook.com\/webmenaje","https:\/\/x.com\/webmenaje","https:\/\/www.youtube.com\/channel\/UCX2KoVoeCG4LocZjUc6LmSQ","http:\/\/www.pinterest.com\/webmenaje"]}]}},"_links":{"self":[{"href":"https:\/\/ledsolintel.com\/fr\/wp-json\/wp\/v2\/product\/268161","targetHints":{"allow":["GET"]}}],"collection":[{"href":"https:\/\/ledsolintel.com\/fr\/wp-json\/wp\/v2\/product"}],"about":[{"href":"https:\/\/ledsolintel.com\/fr\/wp-json\/wp\/v2\/types\/product"}],"version-history":[{"count":1,"href":"https:\/\/ledsolintel.com\/fr\/wp-json\/wp\/v2\/product\/268161\/revisions"}],"predecessor-version":[{"id":268162,"href":"https:\/\/ledsolintel.com\/fr\/wp-json\/wp\/v2\/product\/268161\/revisions\/268162"}],"wp:featuredmedia":[{"embeddable":true,"href":"https:\/\/ledsolintel.com\/fr\/wp-json\/wp\/v2\/media\/262045"}],"wp:attachment":[{"href":"https:\/\/ledsolintel.com\/fr\/wp-json\/wp\/v2\/media?parent=268161"}],"wp:term":[{"taxonomy":"product_brand","embeddable":true,"href":"https:\/\/ledsolintel.com\/fr\/wp-json\/wp\/v2\/product_brand?post=268161"},{"taxonomy":"product_cat","embeddable":true,"href":"https:\/\/ledsolintel.com\/fr\/wp-json\/wp\/v2\/product_cat?post=268161"},{"taxonomy":"product_tag","embeddable":true,"href":"https:\/\/ledsolintel.com\/fr\/wp-json\/wp\/v2\/product_tag?post=268161"}],"curies":[{"name":"wp","href":"https:\/\/api.w.org\/{rel}","templated":true}]}}