{"id":268158,"date":"2025-11-11T16:53:50","date_gmt":"2025-11-11T15:53:50","guid":{"rendered":"https:\/\/nueva.ledsolintel.com\/product\/regulador-led-para-lampara-de-pie-300w\/"},"modified":"2026-04-07T10:19:04","modified_gmt":"2026-04-07T08:19:04","slug":"regulador-led-para-lampara-de-pie-300w","status":"publish","type":"product","link":"https:\/\/ledsolintel.com\/fr\/produit-2\/regulador-led-para-lampara-de-pie-300w\/","title":{"rendered":"Variateur LED pour lampadaire 300W"},"content":{"rendered":"<p>Regulador LED para L\u00e1mpara de Pie 300W es ideal para ajustar la intensidad de luz de tus l\u00e1mparas y crear el ambiente perfecto en cualquier espacio. Permite un control preciso de la iluminaci\u00f3n, adapt\u00e1ndose a tus necesidades y proporcionando eficiencia energ\u00e9tica. Permite regular la potencia de una l\u00e1mpara de pie LED de 220V con una carga m\u00e1xima de 300W. Mediante la pieza deslizante se puede regular la intensidad de luz de los leds desde su valor m\u00e1ximo hasta el apagado. Tambi\u00e9n incorpora un bot\u00f3n de ON\/OFF.   Tipo TRIAC. No regula corriente continua.  Es perfecto para salones, dormitorios, oficinas y cualquier espacio donde se busque controlar la intensidad de la luz y crear ambientes personalizados. Este regulador LED es una soluci\u00f3n c\u00f3moda y pr\u00e1ctica para mejorar la eficiencia y la atm\u00f3sfera de tus espacios.  Est\u00e1 dise\u00f1ado en PVC con las medidas de 100 x 60 x 30 mm. Soporta un voltaje de entrada de 200-240V y una frecuencia de servicio de 50\/60 Hz.  Debido a su grado de protecci\u00f3n IP20 es ideal para instalar en zonas interiores (protecci\u00f3n contra part\u00edculas s\u00f3lidas de tama\u00f1o superior a 12mm y no es resistente al agua).  Dispone de una garant\u00eda de 3 a\u00f1os. Cuenta tambi\u00e9n con el certificado CE, que acredita que se cumple con los requisitos de la UE respecto a compatibilidad electromagn\u00e9tica y normativa de baja tensi\u00f3n. Con este certificado se declara la conformidad de dicho producto con todos los requisitos legales exigidos, y asegura la validez del producto para ser vendido en todo el Espacio Econ\u00f3mico Europeo.<\/p>","protected":false},"excerpt":{"rendered":"<p>Regulador LED para L\u00e1mpara de Pie 300W es ideal para ajustar la intensidad de luz de tus l\u00e1mparas y crear el ambiente perfecto en cualquier espacio. Permite un control preciso de la iluminaci\u00f3n, adapt\u00e1ndose a tus necesidades y proporcionando eficiencia energ\u00e9tica. Permite regular la potencia de una l\u00e1mpara de pie LED de 220V con una &hellip; <a href=\"https:\/\/ledsolintel.com\/fr\/produit-2\/regulador-led-para-lampara-de-pie-300w\/\" class=\"more-link\">Continue reading <span class=\"screen-reader-text\">Variateur LED pour lampadaire 300W<\/span><\/a><\/p>","protected":false},"featured_media":262039,"template":"","meta":[],"product_brand":[101370],"product_cat":[101371,15],"product_tag":[],"class_list":{"0":"post-268158","1":"product","2":"type-product","3":"status-publish","4":"has-post-thumbnail","6":"product_brand-masterled","7":"product_cat-masterled","8":"product_cat-uncategorized","9":"pa_color-negro","12":"instock","13":"taxable","14":"shipping-taxable","15":"purchasable","16":"product-type-simple"},"yoast_head":"<!-- This site is optimized with the Yoast SEO plugin v27.4 - https:\/\/yoast.com\/product\/yoast-seo-wordpress\/ -->\n<title>Regulador LED para l\u00e1mpara de pie 300W - Ledsolintel<\/title>\n<meta name=\"robots\" content=\"index, follow, max-snippet:-1, max-image-preview:large, max-video-preview:-1\" \/>\n<link rel=\"canonical\" href=\"https:\/\/ledsolintel.com\/fr\/produit-2\/regulador-led-para-lampara-de-pie-300w\/\" \/>\n<meta property=\"og:locale\" content=\"fr_FR\" \/>\n<meta property=\"og:type\" content=\"article\" \/>\n<meta property=\"og:title\" content=\"Regulador LED para l\u00e1mpara de pie 300W - Ledsolintel\" \/>\n<meta property=\"og:description\" content=\"Regulador LED para L\u00e1mpara de Pie 300W es ideal para ajustar la intensidad de luz de tus l\u00e1mparas y crear el ambiente perfecto en cualquier espacio. Permite un control preciso de la iluminaci\u00f3n, adapt\u00e1ndose a tus necesidades y proporcionando eficiencia energ\u00e9tica. Permite regular la potencia de una l\u00e1mpara de pie LED de 220V con una &hellip; Continue reading Regulador LED para l\u00e1mpara de pie 300W\" \/>\n<meta property=\"og:url\" content=\"https:\/\/ledsolintel.com\/fr\/produit-2\/regulador-led-para-lampara-de-pie-300w\/\" \/>\n<meta property=\"og:site_name\" content=\"Ledsolintel\" \/>\n<meta property=\"article:publisher\" content=\"http:\/\/www.facebook.com\/webmenaje\" \/>\n<meta property=\"article:modified_time\" content=\"2026-04-07T08:19:04+00:00\" \/>\n<meta property=\"og:image\" content=\"https:\/\/ledsolintel.com\/wp-content\/uploads\/2025\/11\/regulador-led-para-lampara-de-pie-300w.jpg\" \/>\n\t<meta property=\"og:image:width\" content=\"1500\" \/>\n\t<meta property=\"og:image:height\" content=\"1500\" \/>\n\t<meta property=\"og:image:type\" content=\"image\/jpeg\" \/>\n<meta name=\"twitter:card\" content=\"summary_large_image\" \/>\n<meta name=\"twitter:site\" content=\"@webmenaje\" \/>\n<meta name=\"twitter:label1\" content=\"Dur\u00e9e de lecture estim\u00e9e\" \/>\n\t<meta name=\"twitter:data1\" content=\"1 minute\" \/>\n<script type=\"application\/ld+json\" class=\"yoast-schema-graph\">{\"@context\":\"https:\\\/\\\/schema.org\",\"@graph\":[{\"@type\":\"WebPage\",\"@id\":\"https:\\\/\\\/ledsolintel.com\\\/product\\\/regulador-led-para-lampara-de-pie-300w\\\/\",\"url\":\"https:\\\/\\\/ledsolintel.com\\\/product\\\/regulador-led-para-lampara-de-pie-300w\\\/\",\"name\":\"Regulador LED para l\u00e1mpara de pie 300W - Ledsolintel\",\"isPartOf\":{\"@id\":\"https:\\\/\\\/ledsolintel.com\\\/#website\"},\"primaryImageOfPage\":{\"@id\":\"https:\\\/\\\/ledsolintel.com\\\/product\\\/regulador-led-para-lampara-de-pie-300w\\\/#primaryimage\"},\"image\":{\"@id\":\"https:\\\/\\\/ledsolintel.com\\\/product\\\/regulador-led-para-lampara-de-pie-300w\\\/#primaryimage\"},\"thumbnailUrl\":\"https:\\\/\\\/ledsolintel.com\\\/wp-content\\\/uploads\\\/2025\\\/11\\\/regulador-led-para-lampara-de-pie-300w.jpg\",\"datePublished\":\"2025-11-11T15:53:50+00:00\",\"dateModified\":\"2026-04-07T08:19:04+00:00\",\"breadcrumb\":{\"@id\":\"https:\\\/\\\/ledsolintel.com\\\/product\\\/regulador-led-para-lampara-de-pie-300w\\\/#breadcrumb\"},\"inLanguage\":\"fr-FR\",\"potentialAction\":[{\"@type\":\"ReadAction\",\"target\":[\"https:\\\/\\\/ledsolintel.com\\\/product\\\/regulador-led-para-lampara-de-pie-300w\\\/\"]}]},{\"@type\":\"ImageObject\",\"inLanguage\":\"fr-FR\",\"@id\":\"https:\\\/\\\/ledsolintel.com\\\/product\\\/regulador-led-para-lampara-de-pie-300w\\\/#primaryimage\",\"url\":\"https:\\\/\\\/ledsolintel.com\\\/wp-content\\\/uploads\\\/2025\\\/11\\\/regulador-led-para-lampara-de-pie-300w.jpg\",\"contentUrl\":\"https:\\\/\\\/ledsolintel.com\\\/wp-content\\\/uploads\\\/2025\\\/11\\\/regulador-led-para-lampara-de-pie-300w.jpg\",\"width\":1500,\"height\":1500},{\"@type\":\"BreadcrumbList\",\"@id\":\"https:\\\/\\\/ledsolintel.com\\\/product\\\/regulador-led-para-lampara-de-pie-300w\\\/#breadcrumb\",\"itemListElement\":[{\"@type\":\"ListItem\",\"position\":1,\"name\":\"Portada\",\"item\":\"https:\\\/\\\/ledsolintel.com\\\/fr\\\/\"},{\"@type\":\"ListItem\",\"position\":2,\"name\":\"Tienda\",\"item\":\"https:\\\/\\\/ledsolintel.com\\\/tienda\\\/\"},{\"@type\":\"ListItem\",\"position\":3,\"name\":\"Regulador LED para l\u00e1mpara de pie 300W\"}]},{\"@type\":\"WebSite\",\"@id\":\"https:\\\/\\\/ledsolintel.com\\\/#website\",\"url\":\"https:\\\/\\\/ledsolintel.com\\\/\",\"name\":\"Webmenaje\",\"description\":\"Tienda de bombillas y l\u00e1mparas LED para profesionales\",\"publisher\":{\"@id\":\"https:\\\/\\\/ledsolintel.com\\\/#organization\"},\"potentialAction\":[{\"@type\":\"SearchAction\",\"target\":{\"@type\":\"EntryPoint\",\"urlTemplate\":\"https:\\\/\\\/ledsolintel.com\\\/?s={search_term_string}\"},\"query-input\":{\"@type\":\"PropertyValueSpecification\",\"valueRequired\":true,\"valueName\":\"search_term_string\"}}],\"inLanguage\":\"fr-FR\"},{\"@type\":\"Organization\",\"@id\":\"https:\\\/\\\/ledsolintel.com\\\/#organization\",\"name\":\"Solintel Noroeste, S.L.\",\"url\":\"https:\\\/\\\/ledsolintel.com\\\/\",\"logo\":{\"@type\":\"ImageObject\",\"inLanguage\":\"fr-FR\",\"@id\":\"https:\\\/\\\/ledsolintel.com\\\/#\\\/schema\\\/logo\\\/image\\\/\",\"url\":\"https:\\\/\\\/ledsolintel.com\\\/wp-content\\\/uploads\\\/2024\\\/11\\\/webmenaje-logo-1508269066.jpg\",\"contentUrl\":\"https:\\\/\\\/ledsolintel.com\\\/wp-content\\\/uploads\\\/2024\\\/11\\\/webmenaje-logo-1508269066.jpg\",\"width\":370,\"height\":90,\"caption\":\"Solintel Noroeste, S.L.\"},\"image\":{\"@id\":\"https:\\\/\\\/ledsolintel.com\\\/#\\\/schema\\\/logo\\\/image\\\/\"},\"sameAs\":[\"http:\\\/\\\/www.facebook.com\\\/webmenaje\",\"https:\\\/\\\/x.com\\\/webmenaje\",\"https:\\\/\\\/www.youtube.com\\\/channel\\\/UCX2KoVoeCG4LocZjUc6LmSQ\",\"http:\\\/\\\/www.pinterest.com\\\/webmenaje\"]}]}<\/script>\n<!-- \/ Yoast SEO plugin. -->","yoast_head_json":{"title":"Regulador LED para l\u00e1mpara de pie 300W - Ledsolintel","robots":{"index":"index","follow":"follow","max-snippet":"max-snippet:-1","max-image-preview":"max-image-preview:large","max-video-preview":"max-video-preview:-1"},"canonical":"https:\/\/ledsolintel.com\/fr\/produit-2\/regulador-led-para-lampara-de-pie-300w\/","og_locale":"fr_FR","og_type":"article","og_title":"Regulador LED para l\u00e1mpara de pie 300W - Ledsolintel","og_description":"Regulador LED para L\u00e1mpara de Pie 300W es ideal para ajustar la intensidad de luz de tus l\u00e1mparas y crear el ambiente perfecto en cualquier espacio. Permite un control preciso de la iluminaci\u00f3n, adapt\u00e1ndose a tus necesidades y proporcionando eficiencia energ\u00e9tica. Permite regular la potencia de una l\u00e1mpara de pie LED de 220V con una &hellip; Continue reading Regulador LED para l\u00e1mpara de pie 300W","og_url":"https:\/\/ledsolintel.com\/fr\/produit-2\/regulador-led-para-lampara-de-pie-300w\/","og_site_name":"Ledsolintel","article_publisher":"http:\/\/www.facebook.com\/webmenaje","article_modified_time":"2026-04-07T08:19:04+00:00","og_image":[{"width":1500,"height":1500,"url":"https:\/\/ledsolintel.com\/wp-content\/uploads\/2025\/11\/regulador-led-para-lampara-de-pie-300w.jpg","type":"image\/jpeg"}],"twitter_card":"summary_large_image","twitter_site":"@webmenaje","twitter_misc":{"Dur\u00e9e de lecture estim\u00e9e":"1 minute"},"schema":{"@context":"https:\/\/schema.org","@graph":[{"@type":"WebPage","@id":"https:\/\/ledsolintel.com\/product\/regulador-led-para-lampara-de-pie-300w\/","url":"https:\/\/ledsolintel.com\/product\/regulador-led-para-lampara-de-pie-300w\/","name":"Regulador LED para l\u00e1mpara de pie 300W - Ledsolintel","isPartOf":{"@id":"https:\/\/ledsolintel.com\/#website"},"primaryImageOfPage":{"@id":"https:\/\/ledsolintel.com\/product\/regulador-led-para-lampara-de-pie-300w\/#primaryimage"},"image":{"@id":"https:\/\/ledsolintel.com\/product\/regulador-led-para-lampara-de-pie-300w\/#primaryimage"},"thumbnailUrl":"https:\/\/ledsolintel.com\/wp-content\/uploads\/2025\/11\/regulador-led-para-lampara-de-pie-300w.jpg","datePublished":"2025-11-11T15:53:50+00:00","dateModified":"2026-04-07T08:19:04+00:00","breadcrumb":{"@id":"https:\/\/ledsolintel.com\/product\/regulador-led-para-lampara-de-pie-300w\/#breadcrumb"},"inLanguage":"fr-FR","potentialAction":[{"@type":"ReadAction","target":["https:\/\/ledsolintel.com\/product\/regulador-led-para-lampara-de-pie-300w\/"]}]},{"@type":"ImageObject","inLanguage":"fr-FR","@id":"https:\/\/ledsolintel.com\/product\/regulador-led-para-lampara-de-pie-300w\/#primaryimage","url":"https:\/\/ledsolintel.com\/wp-content\/uploads\/2025\/11\/regulador-led-para-lampara-de-pie-300w.jpg","contentUrl":"https:\/\/ledsolintel.com\/wp-content\/uploads\/2025\/11\/regulador-led-para-lampara-de-pie-300w.jpg","width":1500,"height":1500},{"@type":"BreadcrumbList","@id":"https:\/\/ledsolintel.com\/product\/regulador-led-para-lampara-de-pie-300w\/#breadcrumb","itemListElement":[{"@type":"ListItem","position":1,"name":"Portada","item":"https:\/\/ledsolintel.com\/fr\/"},{"@type":"ListItem","position":2,"name":"Tienda","item":"https:\/\/ledsolintel.com\/tienda\/"},{"@type":"ListItem","position":3,"name":"Regulador LED para l\u00e1mpara de pie 300W"}]},{"@type":"WebSite","@id":"https:\/\/ledsolintel.com\/#website","url":"https:\/\/ledsolintel.com\/","name":"Webmenaje","description":"Magasin d'ampoules et de lampes LED pour les professionnels","publisher":{"@id":"https:\/\/ledsolintel.com\/#organization"},"potentialAction":[{"@type":"SearchAction","target":{"@type":"EntryPoint","urlTemplate":"https:\/\/ledsolintel.com\/?s={search_term_string}"},"query-input":{"@type":"PropertyValueSpecification","valueRequired":true,"valueName":"search_term_string"}}],"inLanguage":"fr-FR"},{"@type":"Organization","@id":"https:\/\/ledsolintel.com\/#organization","name":"Solintel Noroeste, S.L.","url":"https:\/\/ledsolintel.com\/","logo":{"@type":"ImageObject","inLanguage":"fr-FR","@id":"https:\/\/ledsolintel.com\/#\/schema\/logo\/image\/","url":"https:\/\/ledsolintel.com\/wp-content\/uploads\/2024\/11\/webmenaje-logo-1508269066.jpg","contentUrl":"https:\/\/ledsolintel.com\/wp-content\/uploads\/2024\/11\/webmenaje-logo-1508269066.jpg","width":370,"height":90,"caption":"Solintel Noroeste, S.L."},"image":{"@id":"https:\/\/ledsolintel.com\/#\/schema\/logo\/image\/"},"sameAs":["http:\/\/www.facebook.com\/webmenaje","https:\/\/x.com\/webmenaje","https:\/\/www.youtube.com\/channel\/UCX2KoVoeCG4LocZjUc6LmSQ","http:\/\/www.pinterest.com\/webmenaje"]}]}},"_links":{"self":[{"href":"https:\/\/ledsolintel.com\/fr\/wp-json\/wp\/v2\/product\/268158","targetHints":{"allow":["GET"]}}],"collection":[{"href":"https:\/\/ledsolintel.com\/fr\/wp-json\/wp\/v2\/product"}],"about":[{"href":"https:\/\/ledsolintel.com\/fr\/wp-json\/wp\/v2\/types\/product"}],"version-history":[{"count":1,"href":"https:\/\/ledsolintel.com\/fr\/wp-json\/wp\/v2\/product\/268158\/revisions"}],"predecessor-version":[{"id":268159,"href":"https:\/\/ledsolintel.com\/fr\/wp-json\/wp\/v2\/product\/268158\/revisions\/268159"}],"wp:featuredmedia":[{"embeddable":true,"href":"https:\/\/ledsolintel.com\/fr\/wp-json\/wp\/v2\/media\/262039"}],"wp:attachment":[{"href":"https:\/\/ledsolintel.com\/fr\/wp-json\/wp\/v2\/media?parent=268158"}],"wp:term":[{"taxonomy":"product_brand","embeddable":true,"href":"https:\/\/ledsolintel.com\/fr\/wp-json\/wp\/v2\/product_brand?post=268158"},{"taxonomy":"product_cat","embeddable":true,"href":"https:\/\/ledsolintel.com\/fr\/wp-json\/wp\/v2\/product_cat?post=268158"},{"taxonomy":"product_tag","embeddable":true,"href":"https:\/\/ledsolintel.com\/fr\/wp-json\/wp\/v2\/product_tag?post=268158"}],"curies":[{"name":"wp","href":"https:\/\/api.w.org\/{rel}","templated":true}]}}