{"id":268116,"date":"2025-11-11T16:53:11","date_gmt":"2025-11-11T15:53:11","guid":{"rendered":"https:\/\/nueva.ledsolintel.com\/product\/controlador-wifi-con-mando-tira-led-rgb-12-24v\/"},"modified":"2026-04-07T10:19:05","modified_gmt":"2026-04-07T08:19:05","slug":"controlador-wifi-con-mando-tira-led-rgb-12-24v","status":"publish","type":"product","link":"https:\/\/ledsolintel.com\/fr\/produit-2\/controlador-wifi-con-mando-tira-led-rgb-12-24v\/","title":{"rendered":"Contr\u00f4leur WIFI avec contr\u00f4le de bande LED RVB 12\/24V"},"content":{"rendered":"<p>Controlador mini RGB con mando a distancia (radiofrecuencia) y funci\u00f3n WIFI. Permite controlar tanto tiras de 12V como de 24V, soportando una intensidad m\u00e1xima de 12A.   La funci\u00f3n WIFI de este controlador nos brinda un gran abanico de posibilidades, pudiendo hacer control musical, temporizaciones, sincronizaciones, guardar escenas personalizadas, etc. Su f\u00e1cil conexi\u00f3n hace que se ahorre tiempo y dinero en la instalaci\u00f3n de las tiras led y su reducido tama\u00f1o permite su colocaci\u00f3n en cualquier lugar pasando totalmente desapercibido.  \u00a0  Gracias a este controlador, las tiras led se puden controlar mediante:  \u00a0  &#8211; Mando a distancia.  &#8211; Smartphone.  &#8211; Asistente virtual (por ejemplo Amazon Alexa o Google Home).  \u00a0  Permite un voltaje de entrada de 12-24V y una intensidad de salida de 12A.  \u00a0  Debido a su grado de protecci\u00f3n IP20 es ideal para instalar en zonas interiores (protecci\u00f3n contra part\u00edculas s\u00f3lidas de tama\u00f1o superior a 12mm y no es resistente al agua).  \u00a0  Dispone de una garant\u00eda de 3 a\u00f1os. Cuenta tambi\u00e9n con el certificado CE, que acredita que se cumple con los requisitos de la UE respecto a compatibilidad electromagn\u00e9tica y normativa de baja tensi\u00f3n. Con este certificado se declara la conformidad de dicho producto con todos los requisitos legales exigidos, y asegura la validez del producto para ser vendido en todo el Espacio Econ\u00f3mico Europeo.  \u00a0  El manual de instrucciones est\u00e1 disponible en la pesta\u00f1a de &#8220;Manuales y descargas&#8221;.<\/p>","protected":false},"excerpt":{"rendered":"<p>Controlador mini RGB con mando a distancia (radiofrecuencia) y funci\u00f3n WIFI. Permite controlar tanto tiras de 12V como de 24V, soportando una intensidad m\u00e1xima de 12A. La funci\u00f3n WIFI de este controlador nos brinda un gran abanico de posibilidades, pudiendo hacer control musical, temporizaciones, sincronizaciones, guardar escenas personalizadas, etc. Su f\u00e1cil conexi\u00f3n hace que se &hellip; <a href=\"https:\/\/ledsolintel.com\/fr\/produit-2\/controlador-wifi-con-mando-tira-led-rgb-12-24v\/\" class=\"more-link\">Continue reading <span class=\"screen-reader-text\">Contr\u00f4leur WIFI avec contr\u00f4le de bande LED RVB 12\/24V<\/span><\/a><\/p>","protected":false},"featured_media":261965,"template":"","meta":[],"product_brand":[101370],"product_cat":[99655,101371,99581,15],"product_tag":[],"class_list":{"0":"post-268116","1":"product","2":"type-product","3":"status-publish","4":"has-post-thumbnail","6":"product_brand-masterled","7":"product_cat-drivers-y-accesorios-para-tiras-de-led","8":"product_cat-masterled","9":"product_cat-tiras-de-led-perfiles-drivers-y-accesorios","10":"product_cat-uncategorized","11":"pa_temperatura-color-luz-rgb","14":"instock","15":"taxable","16":"shipping-taxable","17":"purchasable","18":"product-type-simple"},"yoast_head":"<!-- This site is optimized with the Yoast SEO plugin v27.4 - https:\/\/yoast.com\/product\/yoast-seo-wordpress\/ -->\n<title>Controlador WIFI con mando tira led RGB 12\/24V - Ledsolintel<\/title>\n<meta name=\"robots\" content=\"index, follow, max-snippet:-1, max-image-preview:large, max-video-preview:-1\" \/>\n<link rel=\"canonical\" href=\"https:\/\/ledsolintel.com\/fr\/produit-2\/controlador-wifi-con-mando-tira-led-rgb-12-24v\/\" \/>\n<meta property=\"og:locale\" content=\"fr_FR\" \/>\n<meta property=\"og:type\" content=\"article\" \/>\n<meta property=\"og:title\" content=\"Controlador WIFI con mando tira led RGB 12\/24V - Ledsolintel\" \/>\n<meta property=\"og:description\" content=\"Controlador mini RGB con mando a distancia (radiofrecuencia) y funci\u00f3n WIFI. Permite controlar tanto tiras de 12V como de 24V, soportando una intensidad m\u00e1xima de 12A. La funci\u00f3n WIFI de este controlador nos brinda un gran abanico de posibilidades, pudiendo hacer control musical, temporizaciones, sincronizaciones, guardar escenas personalizadas, etc. Su f\u00e1cil conexi\u00f3n hace que se &hellip; Continue reading Controlador WIFI con mando tira led RGB 12\/24V\" \/>\n<meta property=\"og:url\" content=\"https:\/\/ledsolintel.com\/fr\/produit-2\/controlador-wifi-con-mando-tira-led-rgb-12-24v\/\" \/>\n<meta property=\"og:site_name\" content=\"Ledsolintel\" \/>\n<meta property=\"article:publisher\" content=\"http:\/\/www.facebook.com\/webmenaje\" \/>\n<meta property=\"article:modified_time\" content=\"2026-04-07T08:19:05+00:00\" \/>\n<meta property=\"og:image\" content=\"https:\/\/ledsolintel.com\/wp-content\/uploads\/2025\/11\/controlador-wifi-con-mando-tira-led-rgb-1224v-.jpg\" \/>\n\t<meta property=\"og:image:width\" content=\"1500\" \/>\n\t<meta property=\"og:image:height\" content=\"1500\" \/>\n\t<meta property=\"og:image:type\" content=\"image\/jpeg\" \/>\n<meta name=\"twitter:card\" content=\"summary_large_image\" \/>\n<meta name=\"twitter:site\" content=\"@webmenaje\" \/>\n<meta name=\"twitter:label1\" content=\"Dur\u00e9e de lecture estim\u00e9e\" \/>\n\t<meta name=\"twitter:data1\" content=\"1 minute\" \/>\n<script type=\"application\/ld+json\" class=\"yoast-schema-graph\">{\"@context\":\"https:\\\/\\\/schema.org\",\"@graph\":[{\"@type\":\"WebPage\",\"@id\":\"https:\\\/\\\/ledsolintel.com\\\/product\\\/controlador-wifi-con-mando-tira-led-rgb-12-24v\\\/\",\"url\":\"https:\\\/\\\/ledsolintel.com\\\/product\\\/controlador-wifi-con-mando-tira-led-rgb-12-24v\\\/\",\"name\":\"Controlador WIFI con mando tira led RGB 12\\\/24V - Ledsolintel\",\"isPartOf\":{\"@id\":\"https:\\\/\\\/ledsolintel.com\\\/#website\"},\"primaryImageOfPage\":{\"@id\":\"https:\\\/\\\/ledsolintel.com\\\/product\\\/controlador-wifi-con-mando-tira-led-rgb-12-24v\\\/#primaryimage\"},\"image\":{\"@id\":\"https:\\\/\\\/ledsolintel.com\\\/product\\\/controlador-wifi-con-mando-tira-led-rgb-12-24v\\\/#primaryimage\"},\"thumbnailUrl\":\"https:\\\/\\\/ledsolintel.com\\\/wp-content\\\/uploads\\\/2025\\\/11\\\/controlador-wifi-con-mando-tira-led-rgb-1224v-.jpg\",\"datePublished\":\"2025-11-11T15:53:11+00:00\",\"dateModified\":\"2026-04-07T08:19:05+00:00\",\"breadcrumb\":{\"@id\":\"https:\\\/\\\/ledsolintel.com\\\/product\\\/controlador-wifi-con-mando-tira-led-rgb-12-24v\\\/#breadcrumb\"},\"inLanguage\":\"fr-FR\",\"potentialAction\":[{\"@type\":\"ReadAction\",\"target\":[\"https:\\\/\\\/ledsolintel.com\\\/product\\\/controlador-wifi-con-mando-tira-led-rgb-12-24v\\\/\"]}]},{\"@type\":\"ImageObject\",\"inLanguage\":\"fr-FR\",\"@id\":\"https:\\\/\\\/ledsolintel.com\\\/product\\\/controlador-wifi-con-mando-tira-led-rgb-12-24v\\\/#primaryimage\",\"url\":\"https:\\\/\\\/ledsolintel.com\\\/wp-content\\\/uploads\\\/2025\\\/11\\\/controlador-wifi-con-mando-tira-led-rgb-1224v-.jpg\",\"contentUrl\":\"https:\\\/\\\/ledsolintel.com\\\/wp-content\\\/uploads\\\/2025\\\/11\\\/controlador-wifi-con-mando-tira-led-rgb-1224v-.jpg\",\"width\":1500,\"height\":1500},{\"@type\":\"BreadcrumbList\",\"@id\":\"https:\\\/\\\/ledsolintel.com\\\/product\\\/controlador-wifi-con-mando-tira-led-rgb-12-24v\\\/#breadcrumb\",\"itemListElement\":[{\"@type\":\"ListItem\",\"position\":1,\"name\":\"Portada\",\"item\":\"https:\\\/\\\/ledsolintel.com\\\/fr\\\/\"},{\"@type\":\"ListItem\",\"position\":2,\"name\":\"Tienda\",\"item\":\"https:\\\/\\\/ledsolintel.com\\\/tienda\\\/\"},{\"@type\":\"ListItem\",\"position\":3,\"name\":\"Controlador WIFI con mando tira led RGB 12\\\/24V\"}]},{\"@type\":\"WebSite\",\"@id\":\"https:\\\/\\\/ledsolintel.com\\\/#website\",\"url\":\"https:\\\/\\\/ledsolintel.com\\\/\",\"name\":\"Webmenaje\",\"description\":\"Tienda de bombillas y l\u00e1mparas LED para profesionales\",\"publisher\":{\"@id\":\"https:\\\/\\\/ledsolintel.com\\\/#organization\"},\"potentialAction\":[{\"@type\":\"SearchAction\",\"target\":{\"@type\":\"EntryPoint\",\"urlTemplate\":\"https:\\\/\\\/ledsolintel.com\\\/?s={search_term_string}\"},\"query-input\":{\"@type\":\"PropertyValueSpecification\",\"valueRequired\":true,\"valueName\":\"search_term_string\"}}],\"inLanguage\":\"fr-FR\"},{\"@type\":\"Organization\",\"@id\":\"https:\\\/\\\/ledsolintel.com\\\/#organization\",\"name\":\"Solintel Noroeste, S.L.\",\"url\":\"https:\\\/\\\/ledsolintel.com\\\/\",\"logo\":{\"@type\":\"ImageObject\",\"inLanguage\":\"fr-FR\",\"@id\":\"https:\\\/\\\/ledsolintel.com\\\/#\\\/schema\\\/logo\\\/image\\\/\",\"url\":\"https:\\\/\\\/ledsolintel.com\\\/wp-content\\\/uploads\\\/2024\\\/11\\\/webmenaje-logo-1508269066.jpg\",\"contentUrl\":\"https:\\\/\\\/ledsolintel.com\\\/wp-content\\\/uploads\\\/2024\\\/11\\\/webmenaje-logo-1508269066.jpg\",\"width\":370,\"height\":90,\"caption\":\"Solintel Noroeste, S.L.\"},\"image\":{\"@id\":\"https:\\\/\\\/ledsolintel.com\\\/#\\\/schema\\\/logo\\\/image\\\/\"},\"sameAs\":[\"http:\\\/\\\/www.facebook.com\\\/webmenaje\",\"https:\\\/\\\/x.com\\\/webmenaje\",\"https:\\\/\\\/www.youtube.com\\\/channel\\\/UCX2KoVoeCG4LocZjUc6LmSQ\",\"http:\\\/\\\/www.pinterest.com\\\/webmenaje\"]}]}<\/script>\n<!-- \/ Yoast SEO plugin. -->","yoast_head_json":{"title":"Controlador WIFI con mando tira led RGB 12\/24V - Ledsolintel","robots":{"index":"index","follow":"follow","max-snippet":"max-snippet:-1","max-image-preview":"max-image-preview:large","max-video-preview":"max-video-preview:-1"},"canonical":"https:\/\/ledsolintel.com\/fr\/produit-2\/controlador-wifi-con-mando-tira-led-rgb-12-24v\/","og_locale":"fr_FR","og_type":"article","og_title":"Controlador WIFI con mando tira led RGB 12\/24V - Ledsolintel","og_description":"Controlador mini RGB con mando a distancia (radiofrecuencia) y funci\u00f3n WIFI. Permite controlar tanto tiras de 12V como de 24V, soportando una intensidad m\u00e1xima de 12A. La funci\u00f3n WIFI de este controlador nos brinda un gran abanico de posibilidades, pudiendo hacer control musical, temporizaciones, sincronizaciones, guardar escenas personalizadas, etc. Su f\u00e1cil conexi\u00f3n hace que se &hellip; Continue reading Controlador WIFI con mando tira led RGB 12\/24V","og_url":"https:\/\/ledsolintel.com\/fr\/produit-2\/controlador-wifi-con-mando-tira-led-rgb-12-24v\/","og_site_name":"Ledsolintel","article_publisher":"http:\/\/www.facebook.com\/webmenaje","article_modified_time":"2026-04-07T08:19:05+00:00","og_image":[{"width":1500,"height":1500,"url":"https:\/\/ledsolintel.com\/wp-content\/uploads\/2025\/11\/controlador-wifi-con-mando-tira-led-rgb-1224v-.jpg","type":"image\/jpeg"}],"twitter_card":"summary_large_image","twitter_site":"@webmenaje","twitter_misc":{"Dur\u00e9e de lecture estim\u00e9e":"1 minute"},"schema":{"@context":"https:\/\/schema.org","@graph":[{"@type":"WebPage","@id":"https:\/\/ledsolintel.com\/product\/controlador-wifi-con-mando-tira-led-rgb-12-24v\/","url":"https:\/\/ledsolintel.com\/product\/controlador-wifi-con-mando-tira-led-rgb-12-24v\/","name":"Controlador WIFI con mando tira led RGB 12\/24V - Ledsolintel","isPartOf":{"@id":"https:\/\/ledsolintel.com\/#website"},"primaryImageOfPage":{"@id":"https:\/\/ledsolintel.com\/product\/controlador-wifi-con-mando-tira-led-rgb-12-24v\/#primaryimage"},"image":{"@id":"https:\/\/ledsolintel.com\/product\/controlador-wifi-con-mando-tira-led-rgb-12-24v\/#primaryimage"},"thumbnailUrl":"https:\/\/ledsolintel.com\/wp-content\/uploads\/2025\/11\/controlador-wifi-con-mando-tira-led-rgb-1224v-.jpg","datePublished":"2025-11-11T15:53:11+00:00","dateModified":"2026-04-07T08:19:05+00:00","breadcrumb":{"@id":"https:\/\/ledsolintel.com\/product\/controlador-wifi-con-mando-tira-led-rgb-12-24v\/#breadcrumb"},"inLanguage":"fr-FR","potentialAction":[{"@type":"ReadAction","target":["https:\/\/ledsolintel.com\/product\/controlador-wifi-con-mando-tira-led-rgb-12-24v\/"]}]},{"@type":"ImageObject","inLanguage":"fr-FR","@id":"https:\/\/ledsolintel.com\/product\/controlador-wifi-con-mando-tira-led-rgb-12-24v\/#primaryimage","url":"https:\/\/ledsolintel.com\/wp-content\/uploads\/2025\/11\/controlador-wifi-con-mando-tira-led-rgb-1224v-.jpg","contentUrl":"https:\/\/ledsolintel.com\/wp-content\/uploads\/2025\/11\/controlador-wifi-con-mando-tira-led-rgb-1224v-.jpg","width":1500,"height":1500},{"@type":"BreadcrumbList","@id":"https:\/\/ledsolintel.com\/product\/controlador-wifi-con-mando-tira-led-rgb-12-24v\/#breadcrumb","itemListElement":[{"@type":"ListItem","position":1,"name":"Portada","item":"https:\/\/ledsolintel.com\/fr\/"},{"@type":"ListItem","position":2,"name":"Tienda","item":"https:\/\/ledsolintel.com\/tienda\/"},{"@type":"ListItem","position":3,"name":"Controlador WIFI con mando tira led RGB 12\/24V"}]},{"@type":"WebSite","@id":"https:\/\/ledsolintel.com\/#website","url":"https:\/\/ledsolintel.com\/","name":"Webmenaje","description":"Magasin d'ampoules et de lampes LED pour les professionnels","publisher":{"@id":"https:\/\/ledsolintel.com\/#organization"},"potentialAction":[{"@type":"SearchAction","target":{"@type":"EntryPoint","urlTemplate":"https:\/\/ledsolintel.com\/?s={search_term_string}"},"query-input":{"@type":"PropertyValueSpecification","valueRequired":true,"valueName":"search_term_string"}}],"inLanguage":"fr-FR"},{"@type":"Organization","@id":"https:\/\/ledsolintel.com\/#organization","name":"Solintel Noroeste, S.L.","url":"https:\/\/ledsolintel.com\/","logo":{"@type":"ImageObject","inLanguage":"fr-FR","@id":"https:\/\/ledsolintel.com\/#\/schema\/logo\/image\/","url":"https:\/\/ledsolintel.com\/wp-content\/uploads\/2024\/11\/webmenaje-logo-1508269066.jpg","contentUrl":"https:\/\/ledsolintel.com\/wp-content\/uploads\/2024\/11\/webmenaje-logo-1508269066.jpg","width":370,"height":90,"caption":"Solintel Noroeste, S.L."},"image":{"@id":"https:\/\/ledsolintel.com\/#\/schema\/logo\/image\/"},"sameAs":["http:\/\/www.facebook.com\/webmenaje","https:\/\/x.com\/webmenaje","https:\/\/www.youtube.com\/channel\/UCX2KoVoeCG4LocZjUc6LmSQ","http:\/\/www.pinterest.com\/webmenaje"]}]}},"_links":{"self":[{"href":"https:\/\/ledsolintel.com\/fr\/wp-json\/wp\/v2\/product\/268116","targetHints":{"allow":["GET"]}}],"collection":[{"href":"https:\/\/ledsolintel.com\/fr\/wp-json\/wp\/v2\/product"}],"about":[{"href":"https:\/\/ledsolintel.com\/fr\/wp-json\/wp\/v2\/types\/product"}],"version-history":[{"count":1,"href":"https:\/\/ledsolintel.com\/fr\/wp-json\/wp\/v2\/product\/268116\/revisions"}],"predecessor-version":[{"id":268117,"href":"https:\/\/ledsolintel.com\/fr\/wp-json\/wp\/v2\/product\/268116\/revisions\/268117"}],"wp:featuredmedia":[{"embeddable":true,"href":"https:\/\/ledsolintel.com\/fr\/wp-json\/wp\/v2\/media\/261965"}],"wp:attachment":[{"href":"https:\/\/ledsolintel.com\/fr\/wp-json\/wp\/v2\/media?parent=268116"}],"wp:term":[{"taxonomy":"product_brand","embeddable":true,"href":"https:\/\/ledsolintel.com\/fr\/wp-json\/wp\/v2\/product_brand?post=268116"},{"taxonomy":"product_cat","embeddable":true,"href":"https:\/\/ledsolintel.com\/fr\/wp-json\/wp\/v2\/product_cat?post=268116"},{"taxonomy":"product_tag","embeddable":true,"href":"https:\/\/ledsolintel.com\/fr\/wp-json\/wp\/v2\/product_tag?post=268116"}],"curies":[{"name":"wp","href":"https:\/\/api.w.org\/{rel}","templated":true}]}}