{"id":268108,"date":"2025-11-11T16:53:03","date_gmt":"2025-11-11T15:53:03","guid":{"rendered":"https:\/\/nueva.ledsolintel.com\/product\/tubo-led-t8-18w-aluminio-conexion-un-lateral\/"},"modified":"2025-12-17T12:54:48","modified_gmt":"2025-12-17T11:54:48","slug":"tubo-led-t8-18w-aluminio-conexion-un-lateral","status":"publish","type":"product","link":"https:\/\/ledsolintel.com\/fr\/produit-2\/tubo-led-t8-18w-aluminio-conexion-un-lateral\/","title":{"rendered":"Tube LED T8 18W. Aluminium, raccordement d'un c\u00f4t\u00e9"},"content":{"rendered":"<p>El tubo led T8 de 18W fabricado en aluminio y PVC, con conexi\u00f3n por un lateral, con cabeza rotatoria tipo G13 y un \u00e1ngulo de dispersi\u00f3n lum\u00ednica de 120\u00b0 es una opci\u00f3n eficiente y duradera para iluminar espacios residenciales, centros comerciales, tiendas, centros de salud, oficinas o en el canal HORECA. Es una soluci\u00f3n de iluminaci\u00f3n eficiente y econ\u00f3mica, ideal para reemplazar tubos fluorescentes tradicionales. Este tubo LED reduce el consumo energ\u00e9tico sin sacrificar la calidad de la iluminaci\u00f3n, proporcionando una luz clara y uniforme. Su bajo consumo y alta durabilidad lo hacen una opci\u00f3n ideal para proyectos de ahorro energ\u00e9tico. Es ideal para sustituir a los tubos fluorescentes convencionales de 36W.  Este tipo de tubo tiene conexi\u00f3n directa a la red, lo que permite:    &#8211; eliminar la utilizaci\u00f3n de cebadores y reactancias  &#8211; mayor durabilidad y menor mantenimiento (sustituci\u00f3n de cebadores, reactancias&#8230;)  &#8211; encendido inst\u00e1nteneo  &#8211; eliminaci\u00f3n del efecto flicker (parpadeo de la luz)  &#8211; ahorro energ\u00e9tico (m\u00e1s del 50%)  \u00a0  Dispone de una gran eficacia al consumir 18W a trav\u00e9s del LED del tipo SMD compuesto por 120 leds, proporcionando un flujo luminoso de 1800 lumens, representando su consumo un valor de 18kWh\/1000h. Difusor opaco. Est\u00e1 disponible en dos temperaturas de color: blanca (6000\u00b0K) y neutra (4000\u00b0K).  Su instalaci\u00f3n se debe realizar en espacios interiores debido a su grado de protecci\u00f3n IP20 (protegido contra part\u00edculas s\u00f3lidas de tama\u00f1o superior a 12mm y no es resistente al agua). Puede ser instalado directamente a las tomas de corriente suministradas por la red el\u00e9ctrica (85-265V) con una frecuencia de servicio de 50\/60Hz. Su instalaci\u00f3n es muy sencilla, para ello es necesario en primer lugar desconectar la corriente el\u00e9ctrica y posteriormente conectar la fase y el neutro al mismo extremo del tubo. Este tubo tiene unas dimensiones de 1200 mm de largo y 32 mm de di\u00e1metro.  Adem\u00e1s de ser un producto que tiene m\u00e1s de 30.000 horas de vida, dispone de una garant\u00eda de 5 a\u00f1os. Cuenta tambi\u00e9n con el certificado CE, que acredita que se cumple con los requisitos de la UE respecto a compatibilidad electromagn\u00e9tica y normativa de baja tensi\u00f3n. Con este certificado se declara la conformidad de dicho producto con todos los requisitos legales exigidos, y asegura la validez del producto para ser vendido en todo el Espacio Econ\u00f3mico Europeo.    Incluye driver<\/p>","protected":false},"excerpt":{"rendered":"<p>El tubo led T8 de 18W fabricado en aluminio y PVC, con conexi\u00f3n por un lateral, con cabeza rotatoria tipo G13 y un \u00e1ngulo de dispersi\u00f3n lum\u00ednica de 120\u00b0 es una opci\u00f3n eficiente y duradera para iluminar espacios residenciales, centros comerciales, tiendas, centros de salud, oficinas o en el canal HORECA. Es una soluci\u00f3n de &hellip; <a href=\"https:\/\/ledsolintel.com\/fr\/produit-2\/tubo-led-t8-18w-aluminio-conexion-un-lateral\/\" class=\"more-link\">Continue reading <span class=\"screen-reader-text\">Tube LED T8 18W. Aluminium, raccordement d'un c\u00f4t\u00e9<\/span><\/a><\/p>","protected":false},"featured_media":261951,"template":"","meta":[],"product_brand":[101370],"product_cat":[15,101371],"product_tag":[],"class_list":{"0":"post-268108","1":"product","2":"type-product","3":"status-publish","4":"has-post-thumbnail","6":"product_brand-masterled","7":"product_cat-uncategorized","8":"product_cat-masterled","9":"pa_temperatura-color-luz-blanca","10":"pa_temperatura-color-luz-neutra","13":"instock","14":"purchasable","15":"product-type-variable","16":"has-default-attributes"},"yoast_head":"<!-- This site is optimized with the Yoast SEO plugin v26.6 - https:\/\/yoast.com\/wordpress\/plugins\/seo\/ -->\n<title>Tubo LED T8 18W. Aluminio, conexi\u00f3n un lateral - Ledsolintel<\/title>\n<meta name=\"robots\" content=\"index, follow, max-snippet:-1, max-image-preview:large, max-video-preview:-1\" \/>\n<link rel=\"canonical\" href=\"https:\/\/ledsolintel.com\/fr\/produit-2\/tubo-led-t8-18w-aluminio-conexion-un-lateral\/\" \/>\n<meta property=\"og:locale\" content=\"fr_FR\" \/>\n<meta property=\"og:type\" content=\"article\" \/>\n<meta property=\"og:title\" content=\"Tubo LED T8 18W. Aluminio, conexi\u00f3n un lateral - Ledsolintel\" \/>\n<meta property=\"og:description\" content=\"El tubo led T8 de 18W fabricado en aluminio y PVC, con conexi\u00f3n por un lateral, con cabeza rotatoria tipo G13 y un \u00e1ngulo de dispersi\u00f3n lum\u00ednica de 120\u00b0 es una opci\u00f3n eficiente y duradera para iluminar espacios residenciales, centros comerciales, tiendas, centros de salud, oficinas o en el canal HORECA. Es una soluci\u00f3n de &hellip; Continue reading Tubo LED T8 18W. Aluminio, conexi\u00f3n un lateral\" \/>\n<meta property=\"og:url\" content=\"https:\/\/ledsolintel.com\/fr\/produit-2\/tubo-led-t8-18w-aluminio-conexion-un-lateral\/\" \/>\n<meta property=\"og:site_name\" content=\"Ledsolintel\" \/>\n<meta property=\"article:publisher\" content=\"http:\/\/www.facebook.com\/webmenaje\" \/>\n<meta property=\"article:modified_time\" content=\"2025-12-17T11:54:48+00:00\" \/>\n<meta property=\"og:image\" content=\"https:\/\/ledsolintel.com\/wp-content\/uploads\/2025\/11\/tubo-18w-aluminio-conexion-un-lateral.jpg\" \/>\n\t<meta property=\"og:image:width\" content=\"1500\" \/>\n\t<meta property=\"og:image:height\" content=\"1500\" \/>\n\t<meta property=\"og:image:type\" content=\"image\/jpeg\" \/>\n<meta name=\"twitter:card\" content=\"summary_large_image\" \/>\n<meta name=\"twitter:site\" content=\"@webmenaje\" \/>\n<meta name=\"twitter:label1\" content=\"Dur\u00e9e de lecture estim\u00e9e\" \/>\n\t<meta name=\"twitter:data1\" content=\"2 minutes\" \/>\n<script type=\"application\/ld+json\" class=\"yoast-schema-graph\">{\"@context\":\"https:\/\/schema.org\",\"@graph\":[{\"@type\":\"WebPage\",\"@id\":\"https:\/\/ledsolintel.com\/product\/tubo-led-t8-18w-aluminio-conexion-un-lateral\/\",\"url\":\"https:\/\/ledsolintel.com\/product\/tubo-led-t8-18w-aluminio-conexion-un-lateral\/\",\"name\":\"Tubo LED T8 18W. Aluminio, conexi\u00f3n un lateral - Ledsolintel\",\"isPartOf\":{\"@id\":\"https:\/\/ledsolintel.com\/#website\"},\"primaryImageOfPage\":{\"@id\":\"https:\/\/ledsolintel.com\/product\/tubo-led-t8-18w-aluminio-conexion-un-lateral\/#primaryimage\"},\"image\":{\"@id\":\"https:\/\/ledsolintel.com\/product\/tubo-led-t8-18w-aluminio-conexion-un-lateral\/#primaryimage\"},\"thumbnailUrl\":\"https:\/\/ledsolintel.com\/wp-content\/uploads\/2025\/11\/tubo-18w-aluminio-conexion-un-lateral.jpg\",\"datePublished\":\"2025-11-11T15:53:03+00:00\",\"dateModified\":\"2025-12-17T11:54:48+00:00\",\"breadcrumb\":{\"@id\":\"https:\/\/ledsolintel.com\/product\/tubo-led-t8-18w-aluminio-conexion-un-lateral\/#breadcrumb\"},\"inLanguage\":\"fr-FR\",\"potentialAction\":[{\"@type\":\"ReadAction\",\"target\":[\"https:\/\/ledsolintel.com\/product\/tubo-led-t8-18w-aluminio-conexion-un-lateral\/\"]}]},{\"@type\":\"ImageObject\",\"inLanguage\":\"fr-FR\",\"@id\":\"https:\/\/ledsolintel.com\/product\/tubo-led-t8-18w-aluminio-conexion-un-lateral\/#primaryimage\",\"url\":\"https:\/\/ledsolintel.com\/wp-content\/uploads\/2025\/11\/tubo-18w-aluminio-conexion-un-lateral.jpg\",\"contentUrl\":\"https:\/\/ledsolintel.com\/wp-content\/uploads\/2025\/11\/tubo-18w-aluminio-conexion-un-lateral.jpg\",\"width\":1500,\"height\":1500},{\"@type\":\"BreadcrumbList\",\"@id\":\"https:\/\/ledsolintel.com\/product\/tubo-led-t8-18w-aluminio-conexion-un-lateral\/#breadcrumb\",\"itemListElement\":[{\"@type\":\"ListItem\",\"position\":1,\"name\":\"Portada\",\"item\":\"https:\/\/ledsolintel.com\/fr\/\"},{\"@type\":\"ListItem\",\"position\":2,\"name\":\"Tienda\",\"item\":\"https:\/\/ledsolintel.com\/tienda\/\"},{\"@type\":\"ListItem\",\"position\":3,\"name\":\"Tubo LED T8 18W. Aluminio, conexi\u00f3n un lateral\"}]},{\"@type\":\"WebSite\",\"@id\":\"https:\/\/ledsolintel.com\/#website\",\"url\":\"https:\/\/ledsolintel.com\/\",\"name\":\"Webmenaje\",\"description\":\"Tienda de bombillas y l\u00e1mparas LED para profesionales\",\"publisher\":{\"@id\":\"https:\/\/ledsolintel.com\/#organization\"},\"potentialAction\":[{\"@type\":\"SearchAction\",\"target\":{\"@type\":\"EntryPoint\",\"urlTemplate\":\"https:\/\/ledsolintel.com\/?s={search_term_string}\"},\"query-input\":{\"@type\":\"PropertyValueSpecification\",\"valueRequired\":true,\"valueName\":\"search_term_string\"}}],\"inLanguage\":\"fr-FR\"},{\"@type\":\"Organization\",\"@id\":\"https:\/\/ledsolintel.com\/#organization\",\"name\":\"Solintel Noroeste, S.L.\",\"url\":\"https:\/\/ledsolintel.com\/\",\"logo\":{\"@type\":\"ImageObject\",\"inLanguage\":\"fr-FR\",\"@id\":\"https:\/\/ledsolintel.com\/#\/schema\/logo\/image\/\",\"url\":\"https:\/\/ledsolintel.com\/wp-content\/uploads\/2024\/11\/webmenaje-logo-1508269066.jpg\",\"contentUrl\":\"https:\/\/ledsolintel.com\/wp-content\/uploads\/2024\/11\/webmenaje-logo-1508269066.jpg\",\"width\":370,\"height\":90,\"caption\":\"Solintel Noroeste, S.L.\"},\"image\":{\"@id\":\"https:\/\/ledsolintel.com\/#\/schema\/logo\/image\/\"},\"sameAs\":[\"http:\/\/www.facebook.com\/webmenaje\",\"https:\/\/x.com\/webmenaje\",\"https:\/\/www.youtube.com\/channel\/UCX2KoVoeCG4LocZjUc6LmSQ\",\"http:\/\/www.pinterest.com\/webmenaje\"]}]}<\/script>\n<!-- \/ Yoast SEO plugin. -->","yoast_head_json":{"title":"Tubo LED T8 18W. Aluminio, conexi\u00f3n un lateral - Ledsolintel","robots":{"index":"index","follow":"follow","max-snippet":"max-snippet:-1","max-image-preview":"max-image-preview:large","max-video-preview":"max-video-preview:-1"},"canonical":"https:\/\/ledsolintel.com\/fr\/produit-2\/tubo-led-t8-18w-aluminio-conexion-un-lateral\/","og_locale":"fr_FR","og_type":"article","og_title":"Tubo LED T8 18W. Aluminio, conexi\u00f3n un lateral - Ledsolintel","og_description":"El tubo led T8 de 18W fabricado en aluminio y PVC, con conexi\u00f3n por un lateral, con cabeza rotatoria tipo G13 y un \u00e1ngulo de dispersi\u00f3n lum\u00ednica de 120\u00b0 es una opci\u00f3n eficiente y duradera para iluminar espacios residenciales, centros comerciales, tiendas, centros de salud, oficinas o en el canal HORECA. Es una soluci\u00f3n de &hellip; Continue reading Tubo LED T8 18W. Aluminio, conexi\u00f3n un lateral","og_url":"https:\/\/ledsolintel.com\/fr\/produit-2\/tubo-led-t8-18w-aluminio-conexion-un-lateral\/","og_site_name":"Ledsolintel","article_publisher":"http:\/\/www.facebook.com\/webmenaje","article_modified_time":"2025-12-17T11:54:48+00:00","og_image":[{"width":1500,"height":1500,"url":"https:\/\/ledsolintel.com\/wp-content\/uploads\/2025\/11\/tubo-18w-aluminio-conexion-un-lateral.jpg","type":"image\/jpeg"}],"twitter_card":"summary_large_image","twitter_site":"@webmenaje","twitter_misc":{"Dur\u00e9e de lecture estim\u00e9e":"2 minutes"},"schema":{"@context":"https:\/\/schema.org","@graph":[{"@type":"WebPage","@id":"https:\/\/ledsolintel.com\/product\/tubo-led-t8-18w-aluminio-conexion-un-lateral\/","url":"https:\/\/ledsolintel.com\/product\/tubo-led-t8-18w-aluminio-conexion-un-lateral\/","name":"Tubo LED T8 18W. Aluminio, conexi\u00f3n un lateral - Ledsolintel","isPartOf":{"@id":"https:\/\/ledsolintel.com\/#website"},"primaryImageOfPage":{"@id":"https:\/\/ledsolintel.com\/product\/tubo-led-t8-18w-aluminio-conexion-un-lateral\/#primaryimage"},"image":{"@id":"https:\/\/ledsolintel.com\/product\/tubo-led-t8-18w-aluminio-conexion-un-lateral\/#primaryimage"},"thumbnailUrl":"https:\/\/ledsolintel.com\/wp-content\/uploads\/2025\/11\/tubo-18w-aluminio-conexion-un-lateral.jpg","datePublished":"2025-11-11T15:53:03+00:00","dateModified":"2025-12-17T11:54:48+00:00","breadcrumb":{"@id":"https:\/\/ledsolintel.com\/product\/tubo-led-t8-18w-aluminio-conexion-un-lateral\/#breadcrumb"},"inLanguage":"fr-FR","potentialAction":[{"@type":"ReadAction","target":["https:\/\/ledsolintel.com\/product\/tubo-led-t8-18w-aluminio-conexion-un-lateral\/"]}]},{"@type":"ImageObject","inLanguage":"fr-FR","@id":"https:\/\/ledsolintel.com\/product\/tubo-led-t8-18w-aluminio-conexion-un-lateral\/#primaryimage","url":"https:\/\/ledsolintel.com\/wp-content\/uploads\/2025\/11\/tubo-18w-aluminio-conexion-un-lateral.jpg","contentUrl":"https:\/\/ledsolintel.com\/wp-content\/uploads\/2025\/11\/tubo-18w-aluminio-conexion-un-lateral.jpg","width":1500,"height":1500},{"@type":"BreadcrumbList","@id":"https:\/\/ledsolintel.com\/product\/tubo-led-t8-18w-aluminio-conexion-un-lateral\/#breadcrumb","itemListElement":[{"@type":"ListItem","position":1,"name":"Portada","item":"https:\/\/ledsolintel.com\/fr\/"},{"@type":"ListItem","position":2,"name":"Tienda","item":"https:\/\/ledsolintel.com\/tienda\/"},{"@type":"ListItem","position":3,"name":"Tubo LED T8 18W. Aluminio, conexi\u00f3n un lateral"}]},{"@type":"WebSite","@id":"https:\/\/ledsolintel.com\/#website","url":"https:\/\/ledsolintel.com\/","name":"Webmenaje","description":"Magasin d'ampoules et de lampes LED pour les professionnels","publisher":{"@id":"https:\/\/ledsolintel.com\/#organization"},"potentialAction":[{"@type":"SearchAction","target":{"@type":"EntryPoint","urlTemplate":"https:\/\/ledsolintel.com\/?s={search_term_string}"},"query-input":{"@type":"PropertyValueSpecification","valueRequired":true,"valueName":"search_term_string"}}],"inLanguage":"fr-FR"},{"@type":"Organization","@id":"https:\/\/ledsolintel.com\/#organization","name":"Solintel Noroeste, S.L.","url":"https:\/\/ledsolintel.com\/","logo":{"@type":"ImageObject","inLanguage":"fr-FR","@id":"https:\/\/ledsolintel.com\/#\/schema\/logo\/image\/","url":"https:\/\/ledsolintel.com\/wp-content\/uploads\/2024\/11\/webmenaje-logo-1508269066.jpg","contentUrl":"https:\/\/ledsolintel.com\/wp-content\/uploads\/2024\/11\/webmenaje-logo-1508269066.jpg","width":370,"height":90,"caption":"Solintel Noroeste, S.L."},"image":{"@id":"https:\/\/ledsolintel.com\/#\/schema\/logo\/image\/"},"sameAs":["http:\/\/www.facebook.com\/webmenaje","https:\/\/x.com\/webmenaje","https:\/\/www.youtube.com\/channel\/UCX2KoVoeCG4LocZjUc6LmSQ","http:\/\/www.pinterest.com\/webmenaje"]}]}},"_links":{"self":[{"href":"https:\/\/ledsolintel.com\/fr\/wp-json\/wp\/v2\/product\/268108","targetHints":{"allow":["GET"]}}],"collection":[{"href":"https:\/\/ledsolintel.com\/fr\/wp-json\/wp\/v2\/product"}],"about":[{"href":"https:\/\/ledsolintel.com\/fr\/wp-json\/wp\/v2\/types\/product"}],"version-history":[{"count":1,"href":"https:\/\/ledsolintel.com\/fr\/wp-json\/wp\/v2\/product\/268108\/revisions"}],"predecessor-version":[{"id":268109,"href":"https:\/\/ledsolintel.com\/fr\/wp-json\/wp\/v2\/product\/268108\/revisions\/268109"}],"wp:featuredmedia":[{"embeddable":true,"href":"https:\/\/ledsolintel.com\/fr\/wp-json\/wp\/v2\/media\/261951"}],"wp:attachment":[{"href":"https:\/\/ledsolintel.com\/fr\/wp-json\/wp\/v2\/media?parent=268108"}],"wp:term":[{"taxonomy":"product_brand","embeddable":true,"href":"https:\/\/ledsolintel.com\/fr\/wp-json\/wp\/v2\/product_brand?post=268108"},{"taxonomy":"product_cat","embeddable":true,"href":"https:\/\/ledsolintel.com\/fr\/wp-json\/wp\/v2\/product_cat?post=268108"},{"taxonomy":"product_tag","embeddable":true,"href":"https:\/\/ledsolintel.com\/fr\/wp-json\/wp\/v2\/product_tag?post=268108"}],"curies":[{"name":"wp","href":"https:\/\/api.w.org\/{rel}","templated":true}]}}