{"id":268091,"date":"2025-11-11T16:52:47","date_gmt":"2025-11-11T15:52:47","guid":{"rendered":"https:\/\/nueva.ledsolintel.com\/product\/cable-conexion-tira-led-rgbw\/"},"modified":"2026-04-07T10:19:05","modified_gmt":"2026-04-07T08:19:05","slug":"cable-conexion-tira-led-rgbw","status":"publish","type":"product","link":"https:\/\/ledsolintel.com\/fr\/produit-2\/cable-conexion-tira-led-rgbw\/","title":{"rendered":"C\u00e2ble de connexion de la bande LED RGBW"},"content":{"rendered":"<p>Cable para conectar dos tiras LED RGBW(W) (5pin). Sirve para unir dos tiras LED que fueron cortadas y no tienen el cable para conectar la tira LED. Tambi\u00e9n sirve para alimentar f\u00e1cilmente tramos de tira que han sido cortados.  Las tiras de 12-24V tienen p\u00e9rdidas lum\u00ednicas por ca\u00edda de tensi\u00f3n cuando se conectan muchos metros en serie, por lo que este accesorio es la soluci\u00f3n ideal para evitar dichos problemas. La longitud total del conector es de 10 cm.  Debido a su grado de protecci\u00f3n IP20 es ideal para instalar en zonas interiores (protecci\u00f3n contra part\u00edculas s\u00f3lidas de tama\u00f1o superior a 12mm y no es resistente al agua).  Cuenta con una garant\u00eda de 3 a\u00f1os. Cuenta tambi\u00e9n con el certificado CE, que acredita que se cumple con los requisitos de la UE respecto a compatibilidad electromagn\u00e9tica y normativa de baja tensi\u00f3n. Con este certificado se declara la conformidad de dicho producto con todos los requisitos legales exigidos, y asegura la validez del producto para ser vendido en todo el Espacio Econ\u00f3mico Europeo.<\/p>","protected":false},"excerpt":{"rendered":"<p>Cable para conectar dos tiras LED RGBW(W) (5pin). Sirve para unir dos tiras LED que fueron cortadas y no tienen el cable para conectar la tira LED. Tambi\u00e9n sirve para alimentar f\u00e1cilmente tramos de tira que han sido cortados. Las tiras de 12-24V tienen p\u00e9rdidas lum\u00ednicas por ca\u00edda de tensi\u00f3n cuando se conectan muchos metros &hellip; <a href=\"https:\/\/ledsolintel.com\/fr\/produit-2\/cable-conexion-tira-led-rgbw\/\" class=\"more-link\">Continue reading <span class=\"screen-reader-text\">C\u00e2ble de connexion de la bande LED RGBW<\/span><\/a><\/p>","protected":false},"featured_media":261927,"template":"","meta":[],"product_brand":[101370],"product_cat":[101371,15],"product_tag":[],"class_list":{"0":"post-268091","1":"product","2":"type-product","3":"status-publish","4":"has-post-thumbnail","6":"product_brand-masterled","7":"product_cat-masterled","8":"product_cat-uncategorized","9":"pa_voltaje-12-24v","12":"instock","13":"taxable","14":"shipping-taxable","15":"purchasable","16":"product-type-simple"},"yoast_head":"<!-- This site is optimized with the Yoast SEO plugin v27.4 - https:\/\/yoast.com\/product\/yoast-seo-wordpress\/ -->\n<title>Cable conexi\u00f3n tira LED RGBW - Ledsolintel<\/title>\n<meta name=\"robots\" content=\"index, follow, max-snippet:-1, max-image-preview:large, max-video-preview:-1\" \/>\n<link rel=\"canonical\" href=\"https:\/\/ledsolintel.com\/fr\/produit-2\/cable-conexion-tira-led-rgbw\/\" \/>\n<meta property=\"og:locale\" content=\"fr_FR\" \/>\n<meta property=\"og:type\" content=\"article\" \/>\n<meta property=\"og:title\" content=\"Cable conexi\u00f3n tira LED RGBW - Ledsolintel\" \/>\n<meta property=\"og:description\" content=\"Cable para conectar dos tiras LED RGBW(W) (5pin). Sirve para unir dos tiras LED que fueron cortadas y no tienen el cable para conectar la tira LED. Tambi\u00e9n sirve para alimentar f\u00e1cilmente tramos de tira que han sido cortados. Las tiras de 12-24V tienen p\u00e9rdidas lum\u00ednicas por ca\u00edda de tensi\u00f3n cuando se conectan muchos metros &hellip; Continue reading Cable conexi\u00f3n tira LED RGBW\" \/>\n<meta property=\"og:url\" content=\"https:\/\/ledsolintel.com\/fr\/produit-2\/cable-conexion-tira-led-rgbw\/\" \/>\n<meta property=\"og:site_name\" content=\"Ledsolintel\" \/>\n<meta property=\"article:publisher\" content=\"http:\/\/www.facebook.com\/webmenaje\" \/>\n<meta property=\"article:modified_time\" content=\"2026-04-07T08:19:05+00:00\" \/>\n<meta property=\"og:image\" content=\"https:\/\/ledsolintel.com\/wp-content\/uploads\/2025\/11\/cable-conexion-tira-led-rgbw.jpg\" \/>\n\t<meta property=\"og:image:width\" content=\"1000\" \/>\n\t<meta property=\"og:image:height\" content=\"1000\" \/>\n\t<meta property=\"og:image:type\" content=\"image\/jpeg\" \/>\n<meta name=\"twitter:card\" content=\"summary_large_image\" \/>\n<meta name=\"twitter:site\" content=\"@webmenaje\" \/>\n<meta name=\"twitter:label1\" content=\"Dur\u00e9e de lecture estim\u00e9e\" \/>\n\t<meta name=\"twitter:data1\" content=\"1 minute\" \/>\n<script type=\"application\/ld+json\" class=\"yoast-schema-graph\">{\"@context\":\"https:\\\/\\\/schema.org\",\"@graph\":[{\"@type\":\"WebPage\",\"@id\":\"https:\\\/\\\/ledsolintel.com\\\/product\\\/cable-conexion-tira-led-rgbw\\\/\",\"url\":\"https:\\\/\\\/ledsolintel.com\\\/product\\\/cable-conexion-tira-led-rgbw\\\/\",\"name\":\"Cable conexi\u00f3n tira LED RGBW - Ledsolintel\",\"isPartOf\":{\"@id\":\"https:\\\/\\\/ledsolintel.com\\\/#website\"},\"primaryImageOfPage\":{\"@id\":\"https:\\\/\\\/ledsolintel.com\\\/product\\\/cable-conexion-tira-led-rgbw\\\/#primaryimage\"},\"image\":{\"@id\":\"https:\\\/\\\/ledsolintel.com\\\/product\\\/cable-conexion-tira-led-rgbw\\\/#primaryimage\"},\"thumbnailUrl\":\"https:\\\/\\\/ledsolintel.com\\\/wp-content\\\/uploads\\\/2025\\\/11\\\/cable-conexion-tira-led-rgbw.jpg\",\"datePublished\":\"2025-11-11T15:52:47+00:00\",\"dateModified\":\"2026-04-07T08:19:05+00:00\",\"breadcrumb\":{\"@id\":\"https:\\\/\\\/ledsolintel.com\\\/product\\\/cable-conexion-tira-led-rgbw\\\/#breadcrumb\"},\"inLanguage\":\"fr-FR\",\"potentialAction\":[{\"@type\":\"ReadAction\",\"target\":[\"https:\\\/\\\/ledsolintel.com\\\/product\\\/cable-conexion-tira-led-rgbw\\\/\"]}]},{\"@type\":\"ImageObject\",\"inLanguage\":\"fr-FR\",\"@id\":\"https:\\\/\\\/ledsolintel.com\\\/product\\\/cable-conexion-tira-led-rgbw\\\/#primaryimage\",\"url\":\"https:\\\/\\\/ledsolintel.com\\\/wp-content\\\/uploads\\\/2025\\\/11\\\/cable-conexion-tira-led-rgbw.jpg\",\"contentUrl\":\"https:\\\/\\\/ledsolintel.com\\\/wp-content\\\/uploads\\\/2025\\\/11\\\/cable-conexion-tira-led-rgbw.jpg\",\"width\":1000,\"height\":1000},{\"@type\":\"BreadcrumbList\",\"@id\":\"https:\\\/\\\/ledsolintel.com\\\/product\\\/cable-conexion-tira-led-rgbw\\\/#breadcrumb\",\"itemListElement\":[{\"@type\":\"ListItem\",\"position\":1,\"name\":\"Portada\",\"item\":\"https:\\\/\\\/ledsolintel.com\\\/fr\\\/\"},{\"@type\":\"ListItem\",\"position\":2,\"name\":\"Tienda\",\"item\":\"https:\\\/\\\/ledsolintel.com\\\/tienda\\\/\"},{\"@type\":\"ListItem\",\"position\":3,\"name\":\"Cable conexi\u00f3n tira LED RGBW\"}]},{\"@type\":\"WebSite\",\"@id\":\"https:\\\/\\\/ledsolintel.com\\\/#website\",\"url\":\"https:\\\/\\\/ledsolintel.com\\\/\",\"name\":\"Webmenaje\",\"description\":\"Tienda de bombillas y l\u00e1mparas LED para profesionales\",\"publisher\":{\"@id\":\"https:\\\/\\\/ledsolintel.com\\\/#organization\"},\"potentialAction\":[{\"@type\":\"SearchAction\",\"target\":{\"@type\":\"EntryPoint\",\"urlTemplate\":\"https:\\\/\\\/ledsolintel.com\\\/?s={search_term_string}\"},\"query-input\":{\"@type\":\"PropertyValueSpecification\",\"valueRequired\":true,\"valueName\":\"search_term_string\"}}],\"inLanguage\":\"fr-FR\"},{\"@type\":\"Organization\",\"@id\":\"https:\\\/\\\/ledsolintel.com\\\/#organization\",\"name\":\"Solintel Noroeste, S.L.\",\"url\":\"https:\\\/\\\/ledsolintel.com\\\/\",\"logo\":{\"@type\":\"ImageObject\",\"inLanguage\":\"fr-FR\",\"@id\":\"https:\\\/\\\/ledsolintel.com\\\/#\\\/schema\\\/logo\\\/image\\\/\",\"url\":\"https:\\\/\\\/ledsolintel.com\\\/wp-content\\\/uploads\\\/2024\\\/11\\\/webmenaje-logo-1508269066.jpg\",\"contentUrl\":\"https:\\\/\\\/ledsolintel.com\\\/wp-content\\\/uploads\\\/2024\\\/11\\\/webmenaje-logo-1508269066.jpg\",\"width\":370,\"height\":90,\"caption\":\"Solintel Noroeste, S.L.\"},\"image\":{\"@id\":\"https:\\\/\\\/ledsolintel.com\\\/#\\\/schema\\\/logo\\\/image\\\/\"},\"sameAs\":[\"http:\\\/\\\/www.facebook.com\\\/webmenaje\",\"https:\\\/\\\/x.com\\\/webmenaje\",\"https:\\\/\\\/www.youtube.com\\\/channel\\\/UCX2KoVoeCG4LocZjUc6LmSQ\",\"http:\\\/\\\/www.pinterest.com\\\/webmenaje\"]}]}<\/script>\n<!-- \/ Yoast SEO plugin. -->","yoast_head_json":{"title":"Cable conexi\u00f3n tira LED RGBW - Ledsolintel","robots":{"index":"index","follow":"follow","max-snippet":"max-snippet:-1","max-image-preview":"max-image-preview:large","max-video-preview":"max-video-preview:-1"},"canonical":"https:\/\/ledsolintel.com\/fr\/produit-2\/cable-conexion-tira-led-rgbw\/","og_locale":"fr_FR","og_type":"article","og_title":"Cable conexi\u00f3n tira LED RGBW - Ledsolintel","og_description":"Cable para conectar dos tiras LED RGBW(W) (5pin). Sirve para unir dos tiras LED que fueron cortadas y no tienen el cable para conectar la tira LED. Tambi\u00e9n sirve para alimentar f\u00e1cilmente tramos de tira que han sido cortados. Las tiras de 12-24V tienen p\u00e9rdidas lum\u00ednicas por ca\u00edda de tensi\u00f3n cuando se conectan muchos metros &hellip; Continue reading Cable conexi\u00f3n tira LED RGBW","og_url":"https:\/\/ledsolintel.com\/fr\/produit-2\/cable-conexion-tira-led-rgbw\/","og_site_name":"Ledsolintel","article_publisher":"http:\/\/www.facebook.com\/webmenaje","article_modified_time":"2026-04-07T08:19:05+00:00","og_image":[{"width":1000,"height":1000,"url":"https:\/\/ledsolintel.com\/wp-content\/uploads\/2025\/11\/cable-conexion-tira-led-rgbw.jpg","type":"image\/jpeg"}],"twitter_card":"summary_large_image","twitter_site":"@webmenaje","twitter_misc":{"Dur\u00e9e de lecture estim\u00e9e":"1 minute"},"schema":{"@context":"https:\/\/schema.org","@graph":[{"@type":"WebPage","@id":"https:\/\/ledsolintel.com\/product\/cable-conexion-tira-led-rgbw\/","url":"https:\/\/ledsolintel.com\/product\/cable-conexion-tira-led-rgbw\/","name":"Cable conexi\u00f3n tira LED RGBW - Ledsolintel","isPartOf":{"@id":"https:\/\/ledsolintel.com\/#website"},"primaryImageOfPage":{"@id":"https:\/\/ledsolintel.com\/product\/cable-conexion-tira-led-rgbw\/#primaryimage"},"image":{"@id":"https:\/\/ledsolintel.com\/product\/cable-conexion-tira-led-rgbw\/#primaryimage"},"thumbnailUrl":"https:\/\/ledsolintel.com\/wp-content\/uploads\/2025\/11\/cable-conexion-tira-led-rgbw.jpg","datePublished":"2025-11-11T15:52:47+00:00","dateModified":"2026-04-07T08:19:05+00:00","breadcrumb":{"@id":"https:\/\/ledsolintel.com\/product\/cable-conexion-tira-led-rgbw\/#breadcrumb"},"inLanguage":"fr-FR","potentialAction":[{"@type":"ReadAction","target":["https:\/\/ledsolintel.com\/product\/cable-conexion-tira-led-rgbw\/"]}]},{"@type":"ImageObject","inLanguage":"fr-FR","@id":"https:\/\/ledsolintel.com\/product\/cable-conexion-tira-led-rgbw\/#primaryimage","url":"https:\/\/ledsolintel.com\/wp-content\/uploads\/2025\/11\/cable-conexion-tira-led-rgbw.jpg","contentUrl":"https:\/\/ledsolintel.com\/wp-content\/uploads\/2025\/11\/cable-conexion-tira-led-rgbw.jpg","width":1000,"height":1000},{"@type":"BreadcrumbList","@id":"https:\/\/ledsolintel.com\/product\/cable-conexion-tira-led-rgbw\/#breadcrumb","itemListElement":[{"@type":"ListItem","position":1,"name":"Portada","item":"https:\/\/ledsolintel.com\/fr\/"},{"@type":"ListItem","position":2,"name":"Tienda","item":"https:\/\/ledsolintel.com\/tienda\/"},{"@type":"ListItem","position":3,"name":"Cable conexi\u00f3n tira LED RGBW"}]},{"@type":"WebSite","@id":"https:\/\/ledsolintel.com\/#website","url":"https:\/\/ledsolintel.com\/","name":"Webmenaje","description":"Magasin d'ampoules et de lampes LED pour les professionnels","publisher":{"@id":"https:\/\/ledsolintel.com\/#organization"},"potentialAction":[{"@type":"SearchAction","target":{"@type":"EntryPoint","urlTemplate":"https:\/\/ledsolintel.com\/?s={search_term_string}"},"query-input":{"@type":"PropertyValueSpecification","valueRequired":true,"valueName":"search_term_string"}}],"inLanguage":"fr-FR"},{"@type":"Organization","@id":"https:\/\/ledsolintel.com\/#organization","name":"Solintel Noroeste, S.L.","url":"https:\/\/ledsolintel.com\/","logo":{"@type":"ImageObject","inLanguage":"fr-FR","@id":"https:\/\/ledsolintel.com\/#\/schema\/logo\/image\/","url":"https:\/\/ledsolintel.com\/wp-content\/uploads\/2024\/11\/webmenaje-logo-1508269066.jpg","contentUrl":"https:\/\/ledsolintel.com\/wp-content\/uploads\/2024\/11\/webmenaje-logo-1508269066.jpg","width":370,"height":90,"caption":"Solintel Noroeste, S.L."},"image":{"@id":"https:\/\/ledsolintel.com\/#\/schema\/logo\/image\/"},"sameAs":["http:\/\/www.facebook.com\/webmenaje","https:\/\/x.com\/webmenaje","https:\/\/www.youtube.com\/channel\/UCX2KoVoeCG4LocZjUc6LmSQ","http:\/\/www.pinterest.com\/webmenaje"]}]}},"_links":{"self":[{"href":"https:\/\/ledsolintel.com\/fr\/wp-json\/wp\/v2\/product\/268091","targetHints":{"allow":["GET"]}}],"collection":[{"href":"https:\/\/ledsolintel.com\/fr\/wp-json\/wp\/v2\/product"}],"about":[{"href":"https:\/\/ledsolintel.com\/fr\/wp-json\/wp\/v2\/types\/product"}],"version-history":[{"count":1,"href":"https:\/\/ledsolintel.com\/fr\/wp-json\/wp\/v2\/product\/268091\/revisions"}],"predecessor-version":[{"id":268092,"href":"https:\/\/ledsolintel.com\/fr\/wp-json\/wp\/v2\/product\/268091\/revisions\/268092"}],"wp:featuredmedia":[{"embeddable":true,"href":"https:\/\/ledsolintel.com\/fr\/wp-json\/wp\/v2\/media\/261927"}],"wp:attachment":[{"href":"https:\/\/ledsolintel.com\/fr\/wp-json\/wp\/v2\/media?parent=268091"}],"wp:term":[{"taxonomy":"product_brand","embeddable":true,"href":"https:\/\/ledsolintel.com\/fr\/wp-json\/wp\/v2\/product_brand?post=268091"},{"taxonomy":"product_cat","embeddable":true,"href":"https:\/\/ledsolintel.com\/fr\/wp-json\/wp\/v2\/product_cat?post=268091"},{"taxonomy":"product_tag","embeddable":true,"href":"https:\/\/ledsolintel.com\/fr\/wp-json\/wp\/v2\/product_tag?post=268091"}],"curies":[{"name":"wp","href":"https:\/\/api.w.org\/{rel}","templated":true}]}}