{"id":268084,"date":"2025-11-11T16:52:41","date_gmt":"2025-11-11T15:52:41","guid":{"rendered":"https:\/\/nueva.ledsolintel.com\/product\/base-cuadrada-orientable-para-bombilla-dicroica-serie-pc\/"},"modified":"2025-12-17T12:54:49","modified_gmt":"2025-12-17T11:54:49","slug":"base-cuadrada-orientable-para-bombilla-dicroica-serie-pc","status":"publish","type":"product","link":"https:\/\/ledsolintel.com\/fr\/produit-2\/base-cuadrada-orientable-para-bombilla-dicroica-serie-pc\/","title":{"rendered":"Base carr\u00e9e r\u00e9glable pour ampoule dichro\u00efque de la s\u00e9rie PC"},"content":{"rendered":"<p>Le socle encastr\u00e9 carr\u00e9 est id\u00e9al pour l'installation d'ampoules dichro\u00efques, tant GU10 que GU5.3. Son anneau r\u00e9glable permet d'orienter pr\u00e9cis\u00e9ment le faisceau lumineux dans la direction souhait\u00e9e pour cr\u00e9er l'ambiance parfaite dans n'importe quelle pi\u00e8ce. Son design est con\u00e7u pour offrir un angle d'ouverture r\u00e9duit et concentrer le faisceau lumineux de l'ampoule.  Il est fabriqu\u00e9 en polycarbonate blanc et mesure 92 x 93 x 25 mm. La taille de la d\u00e9coupe est de \u00d8 75-85 mm. Il est tr\u00e8s facile \u00e0 installer, car il suffit de tenir compte de la taille de la d\u00e9coupe (\u00d8 75-85 mm) dans le plafond pour encastrer la base carr\u00e9e. La lumi\u00e8re \u00e9mise par cet \u00e9l\u00e9ment d\u00e9pend toujours de l'ampoule choisie et peut \u00eatre froide, neutre ou chaude.  Il doit \u00eatre install\u00e9 \u00e0 l'int\u00e9rieur car il a un degr\u00e9 de protection IP20 (protection contre les particules solides de plus de 12 mm et n'est pas \u00e9tanche). Elle est id\u00e9ale pour une utilisation \u00e0 l'int\u00e9rieur de la maison, des restaurants, des magasins, des entreprises, des h\u00f4tels ou des centres commerciaux.  Il est garanti 3 ans. Il poss\u00e8de \u00e9galement le certificat CE, qui atteste qu'il est conforme aux exigences de l'UE en mati\u00e8re de compatibilit\u00e9 \u00e9lectromagn\u00e9tique et de basse tension. Ce certificat d\u00e9clare la conformit\u00e9 du produit \u00e0 toutes les exigences l\u00e9gales et garantit la validit\u00e9 de la vente du produit dans tout l'Espace \u00e9conomique europ\u00e9en.  Ampoule non incluse.<\/p>","protected":false},"excerpt":{"rendered":"<p>La base cuadrada empotrable es ideal para la instalaci\u00f3n de bombillas dicroicas, tanto GU10 como GU5.3. Su aro orientable permite dirigir el haz de luz de manera precisa en la direcci\u00f3n deseada para crear el ambiente perfecto dentro de cualquier estancia. Su dise\u00f1o est\u00e1 pensado para ofrecer un \u00e1ngulo de apertura peque\u00f1o y concentrar el &hellip; <a href=\"https:\/\/ledsolintel.com\/fr\/produit-2\/base-cuadrada-orientable-para-bombilla-dicroica-serie-pc\/\" class=\"more-link\">Continue reading <span class=\"screen-reader-text\">Base carr\u00e9e r\u00e9glable pour ampoule dichro\u00efque de la s\u00e9rie PC<\/span><\/a><\/p>","protected":false},"featured_media":261912,"template":"","meta":[],"product_brand":[101370],"product_cat":[15,101371],"product_tag":[],"class_list":{"0":"post-268084","1":"product","2":"type-product","3":"status-publish","4":"has-post-thumbnail","6":"product_brand-masterled","7":"product_cat-uncategorized","8":"product_cat-masterled","9":"pa_color-blanco","12":"instock","13":"purchasable","14":"product-type-simple"},"yoast_head":"<!-- This site is optimized with the Yoast SEO plugin v26.6 - https:\/\/yoast.com\/wordpress\/plugins\/seo\/ -->\n<title>Base cuadrada orientable para bombilla dicroica serie PC - Ledsolintel<\/title>\n<meta name=\"robots\" content=\"index, follow, max-snippet:-1, max-image-preview:large, max-video-preview:-1\" \/>\n<link rel=\"canonical\" href=\"https:\/\/ledsolintel.com\/fr\/produit-2\/base-cuadrada-orientable-para-bombilla-dicroica-serie-pc\/\" \/>\n<meta property=\"og:locale\" content=\"fr_FR\" \/>\n<meta property=\"og:type\" content=\"article\" \/>\n<meta property=\"og:title\" content=\"Base cuadrada orientable para bombilla dicroica serie PC - Ledsolintel\" \/>\n<meta property=\"og:description\" content=\"La base cuadrada empotrable es ideal para la instalaci\u00f3n de bombillas dicroicas, tanto GU10 como GU5.3. Su aro orientable permite dirigir el haz de luz de manera precisa en la direcci\u00f3n deseada para crear el ambiente perfecto dentro de cualquier estancia. Su dise\u00f1o est\u00e1 pensado para ofrecer un \u00e1ngulo de apertura peque\u00f1o y concentrar el &hellip; Continue reading Base cuadrada orientable para bombilla dicroica serie PC\" \/>\n<meta property=\"og:url\" content=\"https:\/\/ledsolintel.com\/fr\/produit-2\/base-cuadrada-orientable-para-bombilla-dicroica-serie-pc\/\" \/>\n<meta property=\"og:site_name\" content=\"Ledsolintel\" \/>\n<meta property=\"article:publisher\" content=\"http:\/\/www.facebook.com\/webmenaje\" \/>\n<meta property=\"article:modified_time\" content=\"2025-12-17T11:54:49+00:00\" \/>\n<meta property=\"og:image\" content=\"https:\/\/ledsolintel.com\/wp-content\/uploads\/2025\/11\/base-cuadrada-orientable-para-bombilla-dicroica-serie-pc.jpg\" \/>\n\t<meta property=\"og:image:width\" content=\"600\" \/>\n\t<meta property=\"og:image:height\" content=\"600\" \/>\n\t<meta property=\"og:image:type\" content=\"image\/jpeg\" \/>\n<meta name=\"twitter:card\" content=\"summary_large_image\" \/>\n<meta name=\"twitter:site\" content=\"@webmenaje\" \/>\n<meta name=\"twitter:label1\" content=\"Dur\u00e9e de lecture estim\u00e9e\" \/>\n\t<meta name=\"twitter:data1\" content=\"1 minute\" \/>\n<script type=\"application\/ld+json\" class=\"yoast-schema-graph\">{\"@context\":\"https:\/\/schema.org\",\"@graph\":[{\"@type\":\"WebPage\",\"@id\":\"https:\/\/ledsolintel.com\/product\/base-cuadrada-orientable-para-bombilla-dicroica-serie-pc\/\",\"url\":\"https:\/\/ledsolintel.com\/product\/base-cuadrada-orientable-para-bombilla-dicroica-serie-pc\/\",\"name\":\"Base cuadrada orientable para bombilla dicroica serie PC - Ledsolintel\",\"isPartOf\":{\"@id\":\"https:\/\/ledsolintel.com\/#website\"},\"primaryImageOfPage\":{\"@id\":\"https:\/\/ledsolintel.com\/product\/base-cuadrada-orientable-para-bombilla-dicroica-serie-pc\/#primaryimage\"},\"image\":{\"@id\":\"https:\/\/ledsolintel.com\/product\/base-cuadrada-orientable-para-bombilla-dicroica-serie-pc\/#primaryimage\"},\"thumbnailUrl\":\"https:\/\/ledsolintel.com\/wp-content\/uploads\/2025\/11\/base-cuadrada-orientable-para-bombilla-dicroica-serie-pc.jpg\",\"datePublished\":\"2025-11-11T15:52:41+00:00\",\"dateModified\":\"2025-12-17T11:54:49+00:00\",\"breadcrumb\":{\"@id\":\"https:\/\/ledsolintel.com\/product\/base-cuadrada-orientable-para-bombilla-dicroica-serie-pc\/#breadcrumb\"},\"inLanguage\":\"fr-FR\",\"potentialAction\":[{\"@type\":\"ReadAction\",\"target\":[\"https:\/\/ledsolintel.com\/product\/base-cuadrada-orientable-para-bombilla-dicroica-serie-pc\/\"]}]},{\"@type\":\"ImageObject\",\"inLanguage\":\"fr-FR\",\"@id\":\"https:\/\/ledsolintel.com\/product\/base-cuadrada-orientable-para-bombilla-dicroica-serie-pc\/#primaryimage\",\"url\":\"https:\/\/ledsolintel.com\/wp-content\/uploads\/2025\/11\/base-cuadrada-orientable-para-bombilla-dicroica-serie-pc.jpg\",\"contentUrl\":\"https:\/\/ledsolintel.com\/wp-content\/uploads\/2025\/11\/base-cuadrada-orientable-para-bombilla-dicroica-serie-pc.jpg\",\"width\":600,\"height\":600},{\"@type\":\"BreadcrumbList\",\"@id\":\"https:\/\/ledsolintel.com\/product\/base-cuadrada-orientable-para-bombilla-dicroica-serie-pc\/#breadcrumb\",\"itemListElement\":[{\"@type\":\"ListItem\",\"position\":1,\"name\":\"Portada\",\"item\":\"https:\/\/ledsolintel.com\/fr\/\"},{\"@type\":\"ListItem\",\"position\":2,\"name\":\"Tienda\",\"item\":\"https:\/\/ledsolintel.com\/tienda\/\"},{\"@type\":\"ListItem\",\"position\":3,\"name\":\"Base cuadrada orientable para bombilla dicroica serie PC\"}]},{\"@type\":\"WebSite\",\"@id\":\"https:\/\/ledsolintel.com\/#website\",\"url\":\"https:\/\/ledsolintel.com\/\",\"name\":\"Webmenaje\",\"description\":\"Tienda de bombillas y l\u00e1mparas LED para profesionales\",\"publisher\":{\"@id\":\"https:\/\/ledsolintel.com\/#organization\"},\"potentialAction\":[{\"@type\":\"SearchAction\",\"target\":{\"@type\":\"EntryPoint\",\"urlTemplate\":\"https:\/\/ledsolintel.com\/?s={search_term_string}\"},\"query-input\":{\"@type\":\"PropertyValueSpecification\",\"valueRequired\":true,\"valueName\":\"search_term_string\"}}],\"inLanguage\":\"fr-FR\"},{\"@type\":\"Organization\",\"@id\":\"https:\/\/ledsolintel.com\/#organization\",\"name\":\"Solintel Noroeste, S.L.\",\"url\":\"https:\/\/ledsolintel.com\/\",\"logo\":{\"@type\":\"ImageObject\",\"inLanguage\":\"fr-FR\",\"@id\":\"https:\/\/ledsolintel.com\/#\/schema\/logo\/image\/\",\"url\":\"https:\/\/ledsolintel.com\/wp-content\/uploads\/2024\/11\/webmenaje-logo-1508269066.jpg\",\"contentUrl\":\"https:\/\/ledsolintel.com\/wp-content\/uploads\/2024\/11\/webmenaje-logo-1508269066.jpg\",\"width\":370,\"height\":90,\"caption\":\"Solintel Noroeste, S.L.\"},\"image\":{\"@id\":\"https:\/\/ledsolintel.com\/#\/schema\/logo\/image\/\"},\"sameAs\":[\"http:\/\/www.facebook.com\/webmenaje\",\"https:\/\/x.com\/webmenaje\",\"https:\/\/www.youtube.com\/channel\/UCX2KoVoeCG4LocZjUc6LmSQ\",\"http:\/\/www.pinterest.com\/webmenaje\"]}]}<\/script>\n<!-- \/ Yoast SEO plugin. -->","yoast_head_json":{"title":"Base cuadrada orientable para bombilla dicroica serie PC - Ledsolintel","robots":{"index":"index","follow":"follow","max-snippet":"max-snippet:-1","max-image-preview":"max-image-preview:large","max-video-preview":"max-video-preview:-1"},"canonical":"https:\/\/ledsolintel.com\/fr\/produit-2\/base-cuadrada-orientable-para-bombilla-dicroica-serie-pc\/","og_locale":"fr_FR","og_type":"article","og_title":"Base cuadrada orientable para bombilla dicroica serie PC - Ledsolintel","og_description":"La base cuadrada empotrable es ideal para la instalaci\u00f3n de bombillas dicroicas, tanto GU10 como GU5.3. Su aro orientable permite dirigir el haz de luz de manera precisa en la direcci\u00f3n deseada para crear el ambiente perfecto dentro de cualquier estancia. Su dise\u00f1o est\u00e1 pensado para ofrecer un \u00e1ngulo de apertura peque\u00f1o y concentrar el &hellip; Continue reading Base cuadrada orientable para bombilla dicroica serie PC","og_url":"https:\/\/ledsolintel.com\/fr\/produit-2\/base-cuadrada-orientable-para-bombilla-dicroica-serie-pc\/","og_site_name":"Ledsolintel","article_publisher":"http:\/\/www.facebook.com\/webmenaje","article_modified_time":"2025-12-17T11:54:49+00:00","og_image":[{"width":600,"height":600,"url":"https:\/\/ledsolintel.com\/wp-content\/uploads\/2025\/11\/base-cuadrada-orientable-para-bombilla-dicroica-serie-pc.jpg","type":"image\/jpeg"}],"twitter_card":"summary_large_image","twitter_site":"@webmenaje","twitter_misc":{"Dur\u00e9e de lecture estim\u00e9e":"1 minute"},"schema":{"@context":"https:\/\/schema.org","@graph":[{"@type":"WebPage","@id":"https:\/\/ledsolintel.com\/product\/base-cuadrada-orientable-para-bombilla-dicroica-serie-pc\/","url":"https:\/\/ledsolintel.com\/product\/base-cuadrada-orientable-para-bombilla-dicroica-serie-pc\/","name":"Base cuadrada orientable para bombilla dicroica serie PC - Ledsolintel","isPartOf":{"@id":"https:\/\/ledsolintel.com\/#website"},"primaryImageOfPage":{"@id":"https:\/\/ledsolintel.com\/product\/base-cuadrada-orientable-para-bombilla-dicroica-serie-pc\/#primaryimage"},"image":{"@id":"https:\/\/ledsolintel.com\/product\/base-cuadrada-orientable-para-bombilla-dicroica-serie-pc\/#primaryimage"},"thumbnailUrl":"https:\/\/ledsolintel.com\/wp-content\/uploads\/2025\/11\/base-cuadrada-orientable-para-bombilla-dicroica-serie-pc.jpg","datePublished":"2025-11-11T15:52:41+00:00","dateModified":"2025-12-17T11:54:49+00:00","breadcrumb":{"@id":"https:\/\/ledsolintel.com\/product\/base-cuadrada-orientable-para-bombilla-dicroica-serie-pc\/#breadcrumb"},"inLanguage":"fr-FR","potentialAction":[{"@type":"ReadAction","target":["https:\/\/ledsolintel.com\/product\/base-cuadrada-orientable-para-bombilla-dicroica-serie-pc\/"]}]},{"@type":"ImageObject","inLanguage":"fr-FR","@id":"https:\/\/ledsolintel.com\/product\/base-cuadrada-orientable-para-bombilla-dicroica-serie-pc\/#primaryimage","url":"https:\/\/ledsolintel.com\/wp-content\/uploads\/2025\/11\/base-cuadrada-orientable-para-bombilla-dicroica-serie-pc.jpg","contentUrl":"https:\/\/ledsolintel.com\/wp-content\/uploads\/2025\/11\/base-cuadrada-orientable-para-bombilla-dicroica-serie-pc.jpg","width":600,"height":600},{"@type":"BreadcrumbList","@id":"https:\/\/ledsolintel.com\/product\/base-cuadrada-orientable-para-bombilla-dicroica-serie-pc\/#breadcrumb","itemListElement":[{"@type":"ListItem","position":1,"name":"Portada","item":"https:\/\/ledsolintel.com\/fr\/"},{"@type":"ListItem","position":2,"name":"Tienda","item":"https:\/\/ledsolintel.com\/tienda\/"},{"@type":"ListItem","position":3,"name":"Base cuadrada orientable para bombilla dicroica serie PC"}]},{"@type":"WebSite","@id":"https:\/\/ledsolintel.com\/#website","url":"https:\/\/ledsolintel.com\/","name":"Webmenaje","description":"Magasin d'ampoules et de lampes LED pour les professionnels","publisher":{"@id":"https:\/\/ledsolintel.com\/#organization"},"potentialAction":[{"@type":"SearchAction","target":{"@type":"EntryPoint","urlTemplate":"https:\/\/ledsolintel.com\/?s={search_term_string}"},"query-input":{"@type":"PropertyValueSpecification","valueRequired":true,"valueName":"search_term_string"}}],"inLanguage":"fr-FR"},{"@type":"Organization","@id":"https:\/\/ledsolintel.com\/#organization","name":"Solintel Noroeste, S.L.","url":"https:\/\/ledsolintel.com\/","logo":{"@type":"ImageObject","inLanguage":"fr-FR","@id":"https:\/\/ledsolintel.com\/#\/schema\/logo\/image\/","url":"https:\/\/ledsolintel.com\/wp-content\/uploads\/2024\/11\/webmenaje-logo-1508269066.jpg","contentUrl":"https:\/\/ledsolintel.com\/wp-content\/uploads\/2024\/11\/webmenaje-logo-1508269066.jpg","width":370,"height":90,"caption":"Solintel Noroeste, S.L."},"image":{"@id":"https:\/\/ledsolintel.com\/#\/schema\/logo\/image\/"},"sameAs":["http:\/\/www.facebook.com\/webmenaje","https:\/\/x.com\/webmenaje","https:\/\/www.youtube.com\/channel\/UCX2KoVoeCG4LocZjUc6LmSQ","http:\/\/www.pinterest.com\/webmenaje"]}]}},"_links":{"self":[{"href":"https:\/\/ledsolintel.com\/fr\/wp-json\/wp\/v2\/product\/268084","targetHints":{"allow":["GET"]}}],"collection":[{"href":"https:\/\/ledsolintel.com\/fr\/wp-json\/wp\/v2\/product"}],"about":[{"href":"https:\/\/ledsolintel.com\/fr\/wp-json\/wp\/v2\/types\/product"}],"version-history":[{"count":1,"href":"https:\/\/ledsolintel.com\/fr\/wp-json\/wp\/v2\/product\/268084\/revisions"}],"predecessor-version":[{"id":268085,"href":"https:\/\/ledsolintel.com\/fr\/wp-json\/wp\/v2\/product\/268084\/revisions\/268085"}],"wp:featuredmedia":[{"embeddable":true,"href":"https:\/\/ledsolintel.com\/fr\/wp-json\/wp\/v2\/media\/261912"}],"wp:attachment":[{"href":"https:\/\/ledsolintel.com\/fr\/wp-json\/wp\/v2\/media?parent=268084"}],"wp:term":[{"taxonomy":"product_brand","embeddable":true,"href":"https:\/\/ledsolintel.com\/fr\/wp-json\/wp\/v2\/product_brand?post=268084"},{"taxonomy":"product_cat","embeddable":true,"href":"https:\/\/ledsolintel.com\/fr\/wp-json\/wp\/v2\/product_cat?post=268084"},{"taxonomy":"product_tag","embeddable":true,"href":"https:\/\/ledsolintel.com\/fr\/wp-json\/wp\/v2\/product_tag?post=268084"}],"curies":[{"name":"wp","href":"https:\/\/api.w.org\/{rel}","templated":true}]}}