{"id":268081,"date":"2025-11-11T16:52:39","date_gmt":"2025-11-11T15:52:39","guid":{"rendered":"https:\/\/nueva.ledsolintel.com\/product\/banador-de-pared-led-18w-rgb\/"},"modified":"2026-04-07T10:19:05","modified_gmt":"2026-04-07T08:19:05","slug":"banador-de-pared-led-18w-rgb","status":"publish","type":"product","link":"https:\/\/ledsolintel.com\/fr\/produit-2\/banador-de-pared-led-18w-rgb\/","title":{"rendered":"L\u00e8che-mur LED 18W RGB"},"content":{"rendered":"<p>Ba\u00f1ador de pared LED de 18W RGB dise\u00f1ado para resaltar elementos a trav\u00e9s de una iluminaci\u00f3n difusa. Se utiliza para proyectar luz sobre muros, fachadas, jardines, parques, carteles, escenarios, monumentos, etc. Puede ser utilizado en el suelo y como aplique de pared al disponer de un soporte ajustable. La estructura de esta iluminaria consta de chasis de aluminio que aporta una excelente conductividad t\u00e9rmica, adem\u00e1s de una gran resistencia a temperaturas elevadas.  Incluye un mando a distancia por radiofrecuencia que permite seleccionar el tono de luz deseado, as\u00ed como varias secuencias de colores.  Estos ba\u00f1adores llevan cables de salida y entrada de 30cm cada uno, por si se desea enlazar varias unidades entre s\u00ed.  El ba\u00f1ador solo conserva la memoria si se apaga mediante el mando a distancia, no mantiene la memoria si se apaga mediante corte de tensi\u00f3n.  Es una iluminaria que se caracteriza por tener multitud de ventajas:  &#8211; Instalaci\u00f3n sencilla  &#8211; Encendido instant\u00e1neo  &#8211; Versatilidad, al permitir unir varios ba\u00f1adores lineales entre s\u00ed para formar un l\u00ednea continua  \u00a0  Cuenta con una alta eficacia al consumir 18W mediante el LED SMD que integra, logrando proporcionar un flujo luminoso de 1600 lumens. La iluminaci\u00f3n que aporta representa un consumo por valor de 18kWh\/1000h, lo que supone una reducci\u00f3n de la cantidad de energ\u00eda facturada y de emisiones de gases contaminantes a la atm\u00f3sfera. Soporta un voltaje de entrada de 85\/265V y una frecuencia de servicio de 50 Hz. Este proyector est\u00e1 disponible en una temperatura de color: RGB. Est\u00e1 dise\u00f1ado con las medidas de 32 x 25 x 1000 mm.  Debido a su grado de protecci\u00f3n IP65 es ideal para instalar en zonas interiores y exteriores (protecci\u00f3n totalmente estanco contra el polvo y ante chorros continuos de agua).  Adem\u00e1s de ser un producto que tiene m\u00e1s de 30.000 horas de vida, dispone de una garant\u00eda de 3 a\u00f1os. Cuenta tambi\u00e9n con el certificado CE, que acredita que se cumple con los requisitos de la UE respecto a compatibilidad electromagn\u00e9tica y normativa de baja tensi\u00f3n. Con este certificado se declara la conformidad de dicho producto con todos los requisitos legales exigidos, y asegura la validez del producto para ser vendido en todo el Espacio Econ\u00f3mico Europeo.  Incluye mando a distancia.<\/p>","protected":false},"excerpt":{"rendered":"<p>Ba\u00f1ador de pared LED de 18W RGB dise\u00f1ado para resaltar elementos a trav\u00e9s de una iluminaci\u00f3n difusa. Se utiliza para proyectar luz sobre muros, fachadas, jardines, parques, carteles, escenarios, monumentos, etc. Puede ser utilizado en el suelo y como aplique de pared al disponer de un soporte ajustable. La estructura de esta iluminaria consta de &hellip; <a href=\"https:\/\/ledsolintel.com\/fr\/produit-2\/banador-de-pared-led-18w-rgb\/\" class=\"more-link\">Continue reading <span class=\"screen-reader-text\">L\u00e8che-mur LED 18W RGB<\/span><\/a><\/p>","protected":false},"featured_media":261905,"template":"","meta":[],"product_brand":[101370],"product_cat":[99903,99573,99659,101371,15],"product_tag":[],"class_list":{"0":"post-268081","1":"product","2":"type-product","3":"status-publish","4":"has-post-thumbnail","6":"product_brand-masterled","7":"product_cat-apliques-y-lamparas-de-techo-lamparas-de-pared","8":"product_cat-iluminacion-interior","9":"product_cat-lamparas-de-pared","10":"product_cat-masterled","11":"product_cat-uncategorized","12":"pa_temperatura-color-luz-rgb","15":"instock","16":"taxable","17":"shipping-taxable","18":"purchasable","19":"product-type-simple"},"yoast_head":"<!-- This site is optimized with the Yoast SEO plugin v27.4 - https:\/\/yoast.com\/product\/yoast-seo-wordpress\/ -->\n<title>Ba\u00f1ador de pared LED 18W RGB - Ledsolintel<\/title>\n<meta name=\"robots\" content=\"index, follow, max-snippet:-1, max-image-preview:large, max-video-preview:-1\" \/>\n<link rel=\"canonical\" href=\"https:\/\/ledsolintel.com\/fr\/produit-2\/banador-de-pared-led-18w-rgb\/\" \/>\n<meta property=\"og:locale\" content=\"fr_FR\" \/>\n<meta property=\"og:type\" content=\"article\" \/>\n<meta property=\"og:title\" content=\"Ba\u00f1ador de pared LED 18W RGB - Ledsolintel\" \/>\n<meta property=\"og:description\" content=\"Ba\u00f1ador de pared LED de 18W RGB dise\u00f1ado para resaltar elementos a trav\u00e9s de una iluminaci\u00f3n difusa. Se utiliza para proyectar luz sobre muros, fachadas, jardines, parques, carteles, escenarios, monumentos, etc. Puede ser utilizado en el suelo y como aplique de pared al disponer de un soporte ajustable. La estructura de esta iluminaria consta de &hellip; Continue reading Ba\u00f1ador de pared LED 18W RGB\" \/>\n<meta property=\"og:url\" content=\"https:\/\/ledsolintel.com\/fr\/produit-2\/banador-de-pared-led-18w-rgb\/\" \/>\n<meta property=\"og:site_name\" content=\"Ledsolintel\" \/>\n<meta property=\"article:publisher\" content=\"http:\/\/www.facebook.com\/webmenaje\" \/>\n<meta property=\"article:modified_time\" content=\"2026-04-07T08:19:05+00:00\" \/>\n<meta property=\"og:image\" content=\"https:\/\/ledsolintel.com\/wp-content\/uploads\/2025\/11\/banador-de-pared-led-18w-rgb.jpg\" \/>\n\t<meta property=\"og:image:width\" content=\"1500\" \/>\n\t<meta property=\"og:image:height\" content=\"1500\" \/>\n\t<meta property=\"og:image:type\" content=\"image\/jpeg\" \/>\n<meta name=\"twitter:card\" content=\"summary_large_image\" \/>\n<meta name=\"twitter:site\" content=\"@webmenaje\" \/>\n<meta name=\"twitter:label1\" content=\"Dur\u00e9e de lecture estim\u00e9e\" \/>\n\t<meta name=\"twitter:data1\" content=\"2 minutes\" \/>\n<script type=\"application\/ld+json\" class=\"yoast-schema-graph\">{\"@context\":\"https:\\\/\\\/schema.org\",\"@graph\":[{\"@type\":\"WebPage\",\"@id\":\"https:\\\/\\\/ledsolintel.com\\\/product\\\/banador-de-pared-led-18w-rgb\\\/\",\"url\":\"https:\\\/\\\/ledsolintel.com\\\/product\\\/banador-de-pared-led-18w-rgb\\\/\",\"name\":\"Ba\u00f1ador de pared LED 18W RGB - Ledsolintel\",\"isPartOf\":{\"@id\":\"https:\\\/\\\/ledsolintel.com\\\/#website\"},\"primaryImageOfPage\":{\"@id\":\"https:\\\/\\\/ledsolintel.com\\\/product\\\/banador-de-pared-led-18w-rgb\\\/#primaryimage\"},\"image\":{\"@id\":\"https:\\\/\\\/ledsolintel.com\\\/product\\\/banador-de-pared-led-18w-rgb\\\/#primaryimage\"},\"thumbnailUrl\":\"https:\\\/\\\/ledsolintel.com\\\/wp-content\\\/uploads\\\/2025\\\/11\\\/banador-de-pared-led-18w-rgb.jpg\",\"datePublished\":\"2025-11-11T15:52:39+00:00\",\"dateModified\":\"2026-04-07T08:19:05+00:00\",\"breadcrumb\":{\"@id\":\"https:\\\/\\\/ledsolintel.com\\\/product\\\/banador-de-pared-led-18w-rgb\\\/#breadcrumb\"},\"inLanguage\":\"fr-FR\",\"potentialAction\":[{\"@type\":\"ReadAction\",\"target\":[\"https:\\\/\\\/ledsolintel.com\\\/product\\\/banador-de-pared-led-18w-rgb\\\/\"]}]},{\"@type\":\"ImageObject\",\"inLanguage\":\"fr-FR\",\"@id\":\"https:\\\/\\\/ledsolintel.com\\\/product\\\/banador-de-pared-led-18w-rgb\\\/#primaryimage\",\"url\":\"https:\\\/\\\/ledsolintel.com\\\/wp-content\\\/uploads\\\/2025\\\/11\\\/banador-de-pared-led-18w-rgb.jpg\",\"contentUrl\":\"https:\\\/\\\/ledsolintel.com\\\/wp-content\\\/uploads\\\/2025\\\/11\\\/banador-de-pared-led-18w-rgb.jpg\",\"width\":1500,\"height\":1500},{\"@type\":\"BreadcrumbList\",\"@id\":\"https:\\\/\\\/ledsolintel.com\\\/product\\\/banador-de-pared-led-18w-rgb\\\/#breadcrumb\",\"itemListElement\":[{\"@type\":\"ListItem\",\"position\":1,\"name\":\"Portada\",\"item\":\"https:\\\/\\\/ledsolintel.com\\\/fr\\\/\"},{\"@type\":\"ListItem\",\"position\":2,\"name\":\"Tienda\",\"item\":\"https:\\\/\\\/ledsolintel.com\\\/tienda\\\/\"},{\"@type\":\"ListItem\",\"position\":3,\"name\":\"Ba\u00f1ador de pared LED 18W RGB\"}]},{\"@type\":\"WebSite\",\"@id\":\"https:\\\/\\\/ledsolintel.com\\\/#website\",\"url\":\"https:\\\/\\\/ledsolintel.com\\\/\",\"name\":\"Webmenaje\",\"description\":\"Tienda de bombillas y l\u00e1mparas LED para profesionales\",\"publisher\":{\"@id\":\"https:\\\/\\\/ledsolintel.com\\\/#organization\"},\"potentialAction\":[{\"@type\":\"SearchAction\",\"target\":{\"@type\":\"EntryPoint\",\"urlTemplate\":\"https:\\\/\\\/ledsolintel.com\\\/?s={search_term_string}\"},\"query-input\":{\"@type\":\"PropertyValueSpecification\",\"valueRequired\":true,\"valueName\":\"search_term_string\"}}],\"inLanguage\":\"fr-FR\"},{\"@type\":\"Organization\",\"@id\":\"https:\\\/\\\/ledsolintel.com\\\/#organization\",\"name\":\"Solintel Noroeste, S.L.\",\"url\":\"https:\\\/\\\/ledsolintel.com\\\/\",\"logo\":{\"@type\":\"ImageObject\",\"inLanguage\":\"fr-FR\",\"@id\":\"https:\\\/\\\/ledsolintel.com\\\/#\\\/schema\\\/logo\\\/image\\\/\",\"url\":\"https:\\\/\\\/ledsolintel.com\\\/wp-content\\\/uploads\\\/2024\\\/11\\\/webmenaje-logo-1508269066.jpg\",\"contentUrl\":\"https:\\\/\\\/ledsolintel.com\\\/wp-content\\\/uploads\\\/2024\\\/11\\\/webmenaje-logo-1508269066.jpg\",\"width\":370,\"height\":90,\"caption\":\"Solintel Noroeste, S.L.\"},\"image\":{\"@id\":\"https:\\\/\\\/ledsolintel.com\\\/#\\\/schema\\\/logo\\\/image\\\/\"},\"sameAs\":[\"http:\\\/\\\/www.facebook.com\\\/webmenaje\",\"https:\\\/\\\/x.com\\\/webmenaje\",\"https:\\\/\\\/www.youtube.com\\\/channel\\\/UCX2KoVoeCG4LocZjUc6LmSQ\",\"http:\\\/\\\/www.pinterest.com\\\/webmenaje\"]}]}<\/script>\n<!-- \/ Yoast SEO plugin. -->","yoast_head_json":{"title":"Ba\u00f1ador de pared LED 18W RGB - Ledsolintel","robots":{"index":"index","follow":"follow","max-snippet":"max-snippet:-1","max-image-preview":"max-image-preview:large","max-video-preview":"max-video-preview:-1"},"canonical":"https:\/\/ledsolintel.com\/fr\/produit-2\/banador-de-pared-led-18w-rgb\/","og_locale":"fr_FR","og_type":"article","og_title":"Ba\u00f1ador de pared LED 18W RGB - Ledsolintel","og_description":"Ba\u00f1ador de pared LED de 18W RGB dise\u00f1ado para resaltar elementos a trav\u00e9s de una iluminaci\u00f3n difusa. Se utiliza para proyectar luz sobre muros, fachadas, jardines, parques, carteles, escenarios, monumentos, etc. Puede ser utilizado en el suelo y como aplique de pared al disponer de un soporte ajustable. La estructura de esta iluminaria consta de &hellip; Continue reading Ba\u00f1ador de pared LED 18W RGB","og_url":"https:\/\/ledsolintel.com\/fr\/produit-2\/banador-de-pared-led-18w-rgb\/","og_site_name":"Ledsolintel","article_publisher":"http:\/\/www.facebook.com\/webmenaje","article_modified_time":"2026-04-07T08:19:05+00:00","og_image":[{"width":1500,"height":1500,"url":"https:\/\/ledsolintel.com\/wp-content\/uploads\/2025\/11\/banador-de-pared-led-18w-rgb.jpg","type":"image\/jpeg"}],"twitter_card":"summary_large_image","twitter_site":"@webmenaje","twitter_misc":{"Dur\u00e9e de lecture estim\u00e9e":"2 minutes"},"schema":{"@context":"https:\/\/schema.org","@graph":[{"@type":"WebPage","@id":"https:\/\/ledsolintel.com\/product\/banador-de-pared-led-18w-rgb\/","url":"https:\/\/ledsolintel.com\/product\/banador-de-pared-led-18w-rgb\/","name":"Ba\u00f1ador de pared LED 18W RGB - Ledsolintel","isPartOf":{"@id":"https:\/\/ledsolintel.com\/#website"},"primaryImageOfPage":{"@id":"https:\/\/ledsolintel.com\/product\/banador-de-pared-led-18w-rgb\/#primaryimage"},"image":{"@id":"https:\/\/ledsolintel.com\/product\/banador-de-pared-led-18w-rgb\/#primaryimage"},"thumbnailUrl":"https:\/\/ledsolintel.com\/wp-content\/uploads\/2025\/11\/banador-de-pared-led-18w-rgb.jpg","datePublished":"2025-11-11T15:52:39+00:00","dateModified":"2026-04-07T08:19:05+00:00","breadcrumb":{"@id":"https:\/\/ledsolintel.com\/product\/banador-de-pared-led-18w-rgb\/#breadcrumb"},"inLanguage":"fr-FR","potentialAction":[{"@type":"ReadAction","target":["https:\/\/ledsolintel.com\/product\/banador-de-pared-led-18w-rgb\/"]}]},{"@type":"ImageObject","inLanguage":"fr-FR","@id":"https:\/\/ledsolintel.com\/product\/banador-de-pared-led-18w-rgb\/#primaryimage","url":"https:\/\/ledsolintel.com\/wp-content\/uploads\/2025\/11\/banador-de-pared-led-18w-rgb.jpg","contentUrl":"https:\/\/ledsolintel.com\/wp-content\/uploads\/2025\/11\/banador-de-pared-led-18w-rgb.jpg","width":1500,"height":1500},{"@type":"BreadcrumbList","@id":"https:\/\/ledsolintel.com\/product\/banador-de-pared-led-18w-rgb\/#breadcrumb","itemListElement":[{"@type":"ListItem","position":1,"name":"Portada","item":"https:\/\/ledsolintel.com\/fr\/"},{"@type":"ListItem","position":2,"name":"Tienda","item":"https:\/\/ledsolintel.com\/tienda\/"},{"@type":"ListItem","position":3,"name":"Ba\u00f1ador de pared LED 18W RGB"}]},{"@type":"WebSite","@id":"https:\/\/ledsolintel.com\/#website","url":"https:\/\/ledsolintel.com\/","name":"Webmenaje","description":"Magasin d'ampoules et de lampes LED pour les professionnels","publisher":{"@id":"https:\/\/ledsolintel.com\/#organization"},"potentialAction":[{"@type":"SearchAction","target":{"@type":"EntryPoint","urlTemplate":"https:\/\/ledsolintel.com\/?s={search_term_string}"},"query-input":{"@type":"PropertyValueSpecification","valueRequired":true,"valueName":"search_term_string"}}],"inLanguage":"fr-FR"},{"@type":"Organization","@id":"https:\/\/ledsolintel.com\/#organization","name":"Solintel Noroeste, S.L.","url":"https:\/\/ledsolintel.com\/","logo":{"@type":"ImageObject","inLanguage":"fr-FR","@id":"https:\/\/ledsolintel.com\/#\/schema\/logo\/image\/","url":"https:\/\/ledsolintel.com\/wp-content\/uploads\/2024\/11\/webmenaje-logo-1508269066.jpg","contentUrl":"https:\/\/ledsolintel.com\/wp-content\/uploads\/2024\/11\/webmenaje-logo-1508269066.jpg","width":370,"height":90,"caption":"Solintel Noroeste, S.L."},"image":{"@id":"https:\/\/ledsolintel.com\/#\/schema\/logo\/image\/"},"sameAs":["http:\/\/www.facebook.com\/webmenaje","https:\/\/x.com\/webmenaje","https:\/\/www.youtube.com\/channel\/UCX2KoVoeCG4LocZjUc6LmSQ","http:\/\/www.pinterest.com\/webmenaje"]}]}},"_links":{"self":[{"href":"https:\/\/ledsolintel.com\/fr\/wp-json\/wp\/v2\/product\/268081","targetHints":{"allow":["GET"]}}],"collection":[{"href":"https:\/\/ledsolintel.com\/fr\/wp-json\/wp\/v2\/product"}],"about":[{"href":"https:\/\/ledsolintel.com\/fr\/wp-json\/wp\/v2\/types\/product"}],"version-history":[{"count":1,"href":"https:\/\/ledsolintel.com\/fr\/wp-json\/wp\/v2\/product\/268081\/revisions"}],"predecessor-version":[{"id":268082,"href":"https:\/\/ledsolintel.com\/fr\/wp-json\/wp\/v2\/product\/268081\/revisions\/268082"}],"wp:featuredmedia":[{"embeddable":true,"href":"https:\/\/ledsolintel.com\/fr\/wp-json\/wp\/v2\/media\/261905"}],"wp:attachment":[{"href":"https:\/\/ledsolintel.com\/fr\/wp-json\/wp\/v2\/media?parent=268081"}],"wp:term":[{"taxonomy":"product_brand","embeddable":true,"href":"https:\/\/ledsolintel.com\/fr\/wp-json\/wp\/v2\/product_brand?post=268081"},{"taxonomy":"product_cat","embeddable":true,"href":"https:\/\/ledsolintel.com\/fr\/wp-json\/wp\/v2\/product_cat?post=268081"},{"taxonomy":"product_tag","embeddable":true,"href":"https:\/\/ledsolintel.com\/fr\/wp-json\/wp\/v2\/product_tag?post=268081"}],"curies":[{"name":"wp","href":"https:\/\/api.w.org\/{rel}","templated":true}]}}