{"id":268057,"date":"2025-11-11T16:52:20","date_gmt":"2025-11-11T15:52:20","guid":{"rendered":"https:\/\/nueva.ledsolintel.com\/product\/carril-focos-led-pvc-blanco-2-metros\/"},"modified":"2026-04-07T10:19:05","modified_gmt":"2026-04-07T08:19:05","slug":"spot-led-sur-rail-pvc-blanc-2-metres","status":"publish","type":"product","link":"https:\/\/ledsolintel.com\/fr\/produit-2\/spot-led-sur-rail-pvc-blanc-2-metres\/","title":{"rendered":"Rail de spots en PVC blanc 2 m\u00e8tres"},"content":{"rendered":"<p>Rail monophas\u00e9 pour spots LED assemblables de 2m de couleur blanche, con\u00e7u en PVC avec les dimensions 32 x 20 x 2000 mm. Sa conception le rend plus r\u00e9sistant aux chocs et aux rayures que les rails en aluminium. Il est \u00e9galement plus s\u00fbr, car il ne conduit pas l'\u00e9lectricit\u00e9 et \u00e9vite donc les \u00e9ventuelles d\u00e9charges dues \u00e0 des contacts indirects.  Il peut supporter un courant maximum de 10A et une tension d'entr\u00e9e de 220V.  Gr\u00e2ce \u00e0 son degr\u00e9 de protection IP20, il est id\u00e9al pour une installation en int\u00e9rieur (protection contre les particules solides de plus de 12 mm et n'est pas \u00e9tanche).  Il b\u00e9n\u00e9ficie d'une garantie de 3 ans et est \u00e9galement certifi\u00e9 CE, ce qui atteste qu'il est conforme aux exigences de l'UE en mati\u00e8re de compatibilit\u00e9 \u00e9lectromagn\u00e9tique et de r\u00e9glementation relative \u00e0 la basse tension. Ce certificat d\u00e9clare la conformit\u00e9 du produit \u00e0 toutes les exigences l\u00e9gales et garantit la validit\u00e9 de la vente du produit dans l'Espace \u00e9conomique europ\u00e9en.  Comprend des vis et des bouchons pour le montage.<\/p>","protected":false},"excerpt":{"rendered":"<p>\u200bCarril monof\u00e1sico para focos led de 2 m ensamblable en color blanco ensamblable, dise\u00f1ado en PVC con las medidas 32 x 20 x 2000 mm. Su dise\u00f1o lo hace m\u00e1s resistente a los golpes y ara\u00f1azos en comparaci\u00f3n con los carriles de aluminio. Adem\u00e1s es m\u00e1s seguro, ya que no conduce la electricidad y por &hellip; <a href=\"https:\/\/ledsolintel.com\/fr\/produit-2\/spot-led-sur-rail-pvc-blanc-2-metres\/\" class=\"more-link\">Continue reading <span class=\"screen-reader-text\">Rail de spots en PVC blanc 2 m\u00e8tres<\/span><\/a><\/p>","protected":false},"featured_media":261864,"template":"","meta":[],"product_brand":[101370],"product_cat":[15,101371],"product_tag":[],"class_list":{"0":"post-268057","1":"product","2":"type-product","3":"status-publish","4":"has-post-thumbnail","6":"product_brand-masterled","7":"product_cat-uncategorized","8":"product_cat-masterled","9":"pa_color-blanco","12":"instock","13":"taxable","14":"shipping-taxable","15":"purchasable","16":"product-type-simple"},"yoast_head":"<!-- This site is optimized with the Yoast SEO plugin v26.6 - https:\/\/yoast.com\/wordpress\/plugins\/seo\/ -->\n<title>Carril focos led PVC blanco 2 metros - Ledsolintel<\/title>\n<meta name=\"robots\" content=\"index, follow, max-snippet:-1, max-image-preview:large, max-video-preview:-1\" \/>\n<link rel=\"canonical\" href=\"https:\/\/ledsolintel.com\/fr\/produit-2\/spot-led-sur-rail-pvc-blanc-2-metres\/\" \/>\n<meta property=\"og:locale\" content=\"fr_FR\" \/>\n<meta property=\"og:type\" content=\"article\" \/>\n<meta property=\"og:title\" content=\"Carril focos led PVC blanco 2 metros - Ledsolintel\" \/>\n<meta property=\"og:description\" content=\"\u200bCarril monof\u00e1sico para focos led de 2 m ensamblable en color blanco ensamblable, dise\u00f1ado en PVC con las medidas 32 x 20 x 2000 mm. Su dise\u00f1o lo hace m\u00e1s resistente a los golpes y ara\u00f1azos en comparaci\u00f3n con los carriles de aluminio. Adem\u00e1s es m\u00e1s seguro, ya que no conduce la electricidad y por &hellip; Continue reading Carril focos led PVC blanco 2 metros\" \/>\n<meta property=\"og:url\" content=\"https:\/\/ledsolintel.com\/fr\/produit-2\/spot-led-sur-rail-pvc-blanc-2-metres\/\" \/>\n<meta property=\"og:site_name\" content=\"Ledsolintel\" \/>\n<meta property=\"article:publisher\" content=\"http:\/\/www.facebook.com\/webmenaje\" \/>\n<meta property=\"article:modified_time\" content=\"2026-04-07T08:19:05+00:00\" \/>\n<meta property=\"og:image\" content=\"https:\/\/ledsolintel.com\/wp-content\/uploads\/2025\/11\/carril-focos-led-pvc-blanco-2-metros.jpg\" \/>\n\t<meta property=\"og:image:width\" content=\"1500\" \/>\n\t<meta property=\"og:image:height\" content=\"1500\" \/>\n\t<meta property=\"og:image:type\" content=\"image\/jpeg\" \/>\n<meta name=\"twitter:card\" content=\"summary_large_image\" \/>\n<meta name=\"twitter:site\" content=\"@webmenaje\" \/>\n<meta name=\"twitter:label1\" content=\"Dur\u00e9e de lecture estim\u00e9e\" \/>\n\t<meta name=\"twitter:data1\" content=\"1 minute\" \/>\n<script type=\"application\/ld+json\" class=\"yoast-schema-graph\">{\"@context\":\"https:\/\/schema.org\",\"@graph\":[{\"@type\":\"WebPage\",\"@id\":\"https:\/\/ledsolintel.com\/product\/carril-focos-led-pvc-blanco-2-metros\/\",\"url\":\"https:\/\/ledsolintel.com\/product\/carril-focos-led-pvc-blanco-2-metros\/\",\"name\":\"Carril focos led PVC blanco 2 metros - Ledsolintel\",\"isPartOf\":{\"@id\":\"https:\/\/ledsolintel.com\/#website\"},\"primaryImageOfPage\":{\"@id\":\"https:\/\/ledsolintel.com\/product\/carril-focos-led-pvc-blanco-2-metros\/#primaryimage\"},\"image\":{\"@id\":\"https:\/\/ledsolintel.com\/product\/carril-focos-led-pvc-blanco-2-metros\/#primaryimage\"},\"thumbnailUrl\":\"https:\/\/ledsolintel.com\/wp-content\/uploads\/2025\/11\/carril-focos-led-pvc-blanco-2-metros.jpg\",\"datePublished\":\"2025-11-11T15:52:20+00:00\",\"dateModified\":\"2026-04-07T08:19:05+00:00\",\"breadcrumb\":{\"@id\":\"https:\/\/ledsolintel.com\/product\/carril-focos-led-pvc-blanco-2-metros\/#breadcrumb\"},\"inLanguage\":\"fr-FR\",\"potentialAction\":[{\"@type\":\"ReadAction\",\"target\":[\"https:\/\/ledsolintel.com\/product\/carril-focos-led-pvc-blanco-2-metros\/\"]}]},{\"@type\":\"ImageObject\",\"inLanguage\":\"fr-FR\",\"@id\":\"https:\/\/ledsolintel.com\/product\/carril-focos-led-pvc-blanco-2-metros\/#primaryimage\",\"url\":\"https:\/\/ledsolintel.com\/wp-content\/uploads\/2025\/11\/carril-focos-led-pvc-blanco-2-metros.jpg\",\"contentUrl\":\"https:\/\/ledsolintel.com\/wp-content\/uploads\/2025\/11\/carril-focos-led-pvc-blanco-2-metros.jpg\",\"width\":1500,\"height\":1500},{\"@type\":\"BreadcrumbList\",\"@id\":\"https:\/\/ledsolintel.com\/product\/carril-focos-led-pvc-blanco-2-metros\/#breadcrumb\",\"itemListElement\":[{\"@type\":\"ListItem\",\"position\":1,\"name\":\"Portada\",\"item\":\"https:\/\/ledsolintel.com\/fr\/\"},{\"@type\":\"ListItem\",\"position\":2,\"name\":\"Tienda\",\"item\":\"https:\/\/ledsolintel.com\/tienda\/\"},{\"@type\":\"ListItem\",\"position\":3,\"name\":\"Carril focos led PVC blanco 2 metros\"}]},{\"@type\":\"WebSite\",\"@id\":\"https:\/\/ledsolintel.com\/#website\",\"url\":\"https:\/\/ledsolintel.com\/\",\"name\":\"Webmenaje\",\"description\":\"Tienda de bombillas y l\u00e1mparas LED para profesionales\",\"publisher\":{\"@id\":\"https:\/\/ledsolintel.com\/#organization\"},\"potentialAction\":[{\"@type\":\"SearchAction\",\"target\":{\"@type\":\"EntryPoint\",\"urlTemplate\":\"https:\/\/ledsolintel.com\/?s={search_term_string}\"},\"query-input\":{\"@type\":\"PropertyValueSpecification\",\"valueRequired\":true,\"valueName\":\"search_term_string\"}}],\"inLanguage\":\"fr-FR\"},{\"@type\":\"Organization\",\"@id\":\"https:\/\/ledsolintel.com\/#organization\",\"name\":\"Solintel Noroeste, S.L.\",\"url\":\"https:\/\/ledsolintel.com\/\",\"logo\":{\"@type\":\"ImageObject\",\"inLanguage\":\"fr-FR\",\"@id\":\"https:\/\/ledsolintel.com\/#\/schema\/logo\/image\/\",\"url\":\"https:\/\/ledsolintel.com\/wp-content\/uploads\/2024\/11\/webmenaje-logo-1508269066.jpg\",\"contentUrl\":\"https:\/\/ledsolintel.com\/wp-content\/uploads\/2024\/11\/webmenaje-logo-1508269066.jpg\",\"width\":370,\"height\":90,\"caption\":\"Solintel Noroeste, S.L.\"},\"image\":{\"@id\":\"https:\/\/ledsolintel.com\/#\/schema\/logo\/image\/\"},\"sameAs\":[\"http:\/\/www.facebook.com\/webmenaje\",\"https:\/\/x.com\/webmenaje\",\"https:\/\/www.youtube.com\/channel\/UCX2KoVoeCG4LocZjUc6LmSQ\",\"http:\/\/www.pinterest.com\/webmenaje\"]}]}<\/script>\n<!-- \/ Yoast SEO plugin. -->","yoast_head_json":{"title":"Spot PVC blanc 2 m\u00e8tres - Ledsolintel","robots":{"index":"index","follow":"follow","max-snippet":"max-snippet:-1","max-image-preview":"max-image-preview:large","max-video-preview":"max-video-preview:-1"},"canonical":"https:\/\/ledsolintel.com\/fr\/produit-2\/spot-led-sur-rail-pvc-blanc-2-metres\/","og_locale":"fr_FR","og_type":"article","og_title":"Carril focos led PVC blanco 2 metros - Ledsolintel","og_description":"\u200bCarril monof\u00e1sico para focos led de 2 m ensamblable en color blanco ensamblable, dise\u00f1ado en PVC con las medidas 32 x 20 x 2000 mm. Su dise\u00f1o lo hace m\u00e1s resistente a los golpes y ara\u00f1azos en comparaci\u00f3n con los carriles de aluminio. Adem\u00e1s es m\u00e1s seguro, ya que no conduce la electricidad y por &hellip; Continue reading Carril focos led PVC blanco 2 metros","og_url":"https:\/\/ledsolintel.com\/fr\/produit-2\/spot-led-sur-rail-pvc-blanc-2-metres\/","og_site_name":"Ledsolintel","article_publisher":"http:\/\/www.facebook.com\/webmenaje","article_modified_time":"2026-04-07T08:19:05+00:00","og_image":[{"width":1500,"height":1500,"url":"https:\/\/ledsolintel.com\/wp-content\/uploads\/2025\/11\/carril-focos-led-pvc-blanco-2-metros.jpg","type":"image\/jpeg"}],"twitter_card":"summary_large_image","twitter_site":"@webmenaje","twitter_misc":{"Dur\u00e9e de lecture estim\u00e9e":"1 minute"},"schema":{"@context":"https:\/\/schema.org","@graph":[{"@type":"WebPage","@id":"https:\/\/ledsolintel.com\/product\/carril-focos-led-pvc-blanco-2-metros\/","url":"https:\/\/ledsolintel.com\/product\/carril-focos-led-pvc-blanco-2-metros\/","name":"Spot PVC blanc 2 m\u00e8tres - Ledsolintel","isPartOf":{"@id":"https:\/\/ledsolintel.com\/#website"},"primaryImageOfPage":{"@id":"https:\/\/ledsolintel.com\/product\/carril-focos-led-pvc-blanco-2-metros\/#primaryimage"},"image":{"@id":"https:\/\/ledsolintel.com\/product\/carril-focos-led-pvc-blanco-2-metros\/#primaryimage"},"thumbnailUrl":"https:\/\/ledsolintel.com\/wp-content\/uploads\/2025\/11\/carril-focos-led-pvc-blanco-2-metros.jpg","datePublished":"2025-11-11T15:52:20+00:00","dateModified":"2026-04-07T08:19:05+00:00","breadcrumb":{"@id":"https:\/\/ledsolintel.com\/product\/carril-focos-led-pvc-blanco-2-metros\/#breadcrumb"},"inLanguage":"fr-FR","potentialAction":[{"@type":"ReadAction","target":["https:\/\/ledsolintel.com\/product\/carril-focos-led-pvc-blanco-2-metros\/"]}]},{"@type":"ImageObject","inLanguage":"fr-FR","@id":"https:\/\/ledsolintel.com\/product\/carril-focos-led-pvc-blanco-2-metros\/#primaryimage","url":"https:\/\/ledsolintel.com\/wp-content\/uploads\/2025\/11\/carril-focos-led-pvc-blanco-2-metros.jpg","contentUrl":"https:\/\/ledsolintel.com\/wp-content\/uploads\/2025\/11\/carril-focos-led-pvc-blanco-2-metros.jpg","width":1500,"height":1500},{"@type":"BreadcrumbList","@id":"https:\/\/ledsolintel.com\/product\/carril-focos-led-pvc-blanco-2-metros\/#breadcrumb","itemListElement":[{"@type":"ListItem","position":1,"name":"Portada","item":"https:\/\/ledsolintel.com\/fr\/"},{"@type":"ListItem","position":2,"name":"Tienda","item":"https:\/\/ledsolintel.com\/tienda\/"},{"@type":"ListItem","position":3,"name":"Carril focos led PVC blanco 2 metros"}]},{"@type":"WebSite","@id":"https:\/\/ledsolintel.com\/#website","url":"https:\/\/ledsolintel.com\/","name":"Webmenaje","description":"Magasin d'ampoules et de lampes LED pour les professionnels","publisher":{"@id":"https:\/\/ledsolintel.com\/#organization"},"potentialAction":[{"@type":"SearchAction","target":{"@type":"EntryPoint","urlTemplate":"https:\/\/ledsolintel.com\/?s={search_term_string}"},"query-input":{"@type":"PropertyValueSpecification","valueRequired":true,"valueName":"search_term_string"}}],"inLanguage":"fr-FR"},{"@type":"Organization","@id":"https:\/\/ledsolintel.com\/#organization","name":"Solintel Noroeste, S.L.","url":"https:\/\/ledsolintel.com\/","logo":{"@type":"ImageObject","inLanguage":"fr-FR","@id":"https:\/\/ledsolintel.com\/#\/schema\/logo\/image\/","url":"https:\/\/ledsolintel.com\/wp-content\/uploads\/2024\/11\/webmenaje-logo-1508269066.jpg","contentUrl":"https:\/\/ledsolintel.com\/wp-content\/uploads\/2024\/11\/webmenaje-logo-1508269066.jpg","width":370,"height":90,"caption":"Solintel Noroeste, S.L."},"image":{"@id":"https:\/\/ledsolintel.com\/#\/schema\/logo\/image\/"},"sameAs":["http:\/\/www.facebook.com\/webmenaje","https:\/\/x.com\/webmenaje","https:\/\/www.youtube.com\/channel\/UCX2KoVoeCG4LocZjUc6LmSQ","http:\/\/www.pinterest.com\/webmenaje"]}]}},"_links":{"self":[{"href":"https:\/\/ledsolintel.com\/fr\/wp-json\/wp\/v2\/product\/268057","targetHints":{"allow":["GET"]}}],"collection":[{"href":"https:\/\/ledsolintel.com\/fr\/wp-json\/wp\/v2\/product"}],"about":[{"href":"https:\/\/ledsolintel.com\/fr\/wp-json\/wp\/v2\/types\/product"}],"version-history":[{"count":1,"href":"https:\/\/ledsolintel.com\/fr\/wp-json\/wp\/v2\/product\/268057\/revisions"}],"predecessor-version":[{"id":268058,"href":"https:\/\/ledsolintel.com\/fr\/wp-json\/wp\/v2\/product\/268057\/revisions\/268058"}],"wp:featuredmedia":[{"embeddable":true,"href":"https:\/\/ledsolintel.com\/fr\/wp-json\/wp\/v2\/media\/261864"}],"wp:attachment":[{"href":"https:\/\/ledsolintel.com\/fr\/wp-json\/wp\/v2\/media?parent=268057"}],"wp:term":[{"taxonomy":"product_brand","embeddable":true,"href":"https:\/\/ledsolintel.com\/fr\/wp-json\/wp\/v2\/product_brand?post=268057"},{"taxonomy":"product_cat","embeddable":true,"href":"https:\/\/ledsolintel.com\/fr\/wp-json\/wp\/v2\/product_cat?post=268057"},{"taxonomy":"product_tag","embeddable":true,"href":"https:\/\/ledsolintel.com\/fr\/wp-json\/wp\/v2\/product_tag?post=268057"}],"curies":[{"name":"wp","href":"https:\/\/api.w.org\/{rel}","templated":true}]}}