{"id":268047,"date":"2025-11-11T16:52:06","date_gmt":"2025-11-11T15:52:06","guid":{"rendered":"https:\/\/nueva.ledsolintel.com\/product\/panel-led-60x60-40w-lifud-ugr19-flicker-free\/"},"modified":"2026-04-07T10:19:06","modified_gmt":"2026-04-07T08:19:06","slug":"panel-led-60x60-40w-lifud-ugr19-flicker-free","status":"publish","type":"product","link":"https:\/\/ledsolintel.com\/fr\/produit-2\/panel-led-60x60-40w-lifud-ugr19-flicker-free\/","title":{"rendered":"Panneau LED 60X60 40W LIFUD UGR19 sans scintillement"},"content":{"rendered":"<p>Panel de LEDs retroiluminado de 40W con acabado en color blanco, es uno de los productos m\u00e1s utilizados en iluminaci\u00f3n ya que es ideal para su instalaci\u00f3n en techos, tanto si cuentan con poco o mucho espacio. Debido a su \u00e1ngulo de dispersi\u00f3n lum\u00ednica de 120\u00b0 y su iluminaci\u00f3n eficiente y suave, lo hace ideal como fuente de iluminaci\u00f3n para uso residencial (pasillos, zonas de entrada, salones, dormitorios, ba\u00f1os o cocinas) y espacios m\u00e1s amplios como oficinas, tiendas, hoteles, bares, restaurantes o supermercados.  Su dise\u00f1o le confiere una gran robustez, as\u00ed como una gran potencia lum\u00ednica. Al disponer de LEDs a lo largo de todo el panel, la distribuci\u00f3n luminosa es m\u00e1s uniforme en comparaci\u00f3n con los paneles extraplanos.  Para evitar da\u00f1os en el driver o en la luminaria, se debe realizar la instalaci\u00f3n sin tensi\u00f3n en la red el\u00e9ctrica. Nunca conecte un panel a un driver cuando dicho driver tenga tensi\u00f3n el\u00e9ctrica.  Su driver de la prestigiosa marca LIFUD le confiere una gran eficiencia y durabilidad, y hasta 100.000 ciclos de encendido\/apagado. Adem\u00e1s es flicker free, lo que significa que se eliminan todos los parpadeos que poseen las luminarias LED tradicionales y que pueden acabar repercutiendo negativamente en nuestra salud.  El difusor tiene un dise\u00f1o especial (microprism\u00e1tico) para reducir el deslumbramiento, logrando un UGR&lt;19 y CRI&gt;80. Este panel con bajo \u00edndice de deslumbramiento es ideal para su uso en lugares donde las personas est\u00e1n largos per\u00edodos de tiempo bajo luz artificial, ya que se reduce la fatiga visual y mejoran las condiciones de visibilidad.  Cuenta con una alta eficacia al consumir 40W mediante los LEDs SMD que integra, logrando proporcionar un flujo luminoso de 4000 lumens. La iluminaci\u00f3n que aporta representa un consumo por valor de 40kWh\/1000h, lo que supone una reducci\u00f3n de la cantidad de energ\u00eda facturada y de emisiones de gases contaminantes a la atm\u00f3sfera. Este panel est\u00e1 disponible en dos temperaturas de color: blanca (6000\u00b0K) y neutra (4000\u00b0K).  Su instalaci\u00f3n debe realizarse en lugares interiores al poseer un grado de protecci\u00f3n IP20 (protecci\u00f3n contra part\u00edculas s\u00f3lidas de tama\u00f1o superior a 12mm y no es resistente al agua). Soporta un voltaje de entrada de 220-240V y una frecuencia de servicio de 50 Hz. Est\u00e1 dise\u00f1ado con las dimensiones de 595 x 595 x 20 mm.  A la hora de realizar la instalaci\u00f3n, este panel retroiluminado ofrece tres opciones de montaje: (1) posado en techo t\u00e9cnico, (2) empotrado en escayola o (3) suspendido colgado en cables de acero. Este panel led viene en su forma m\u00e1s simple, que es para posar sobre techo t\u00e9cnico. Para las dem\u00e1s opciones se han de adquirir los accesorios para cada sistema de montaje.  \u00a0  (a) Instalaci\u00f3n mediante Kit instalaci\u00f3n panel led colgante: se fijan al techo por mediaci\u00f3n de cables de acero y piezas de fijacci\u00f3n. Entrar en Kit instalaci\u00f3n panel led colgante.  (b) Instalaci\u00f3n mediante kit para techos de escayola: consta de unas grapas que se fijan al panel y permiten encastrarlo en el falso techo. Entrar en Kit escayola para panel 60&#215;60 cm.  \u00a0  Adem\u00e1s de ser un producto que tiene m\u00e1s de 50.000 horas de vida, dispone de una garant\u00eda de 5 a\u00f1os. Cuenta tambi\u00e9n con el certificado CE, que acredita que se cumple con los requisitos de la UE respecto a compatibilidad electromagn\u00e9tica y normativa de baja tensi\u00f3n. Con este certificado se declara la conformidad de dicho producto con todos los requisitos legales exigidos, y asegura la validez del producto para ser vendido en todo el Espacio Econ\u00f3mico Europeo.  Incluye driver.<\/p>","protected":false},"excerpt":{"rendered":"<p>Panel de LEDs retroiluminado de 40W con acabado en color blanco, es uno de los productos m\u00e1s utilizados en iluminaci\u00f3n ya que es ideal para su instalaci\u00f3n en techos, tanto si cuentan con poco o mucho espacio. Debido a su \u00e1ngulo de dispersi\u00f3n lum\u00ednica de 120\u00b0 y su iluminaci\u00f3n eficiente y suave, lo hace ideal &hellip; <a href=\"https:\/\/ledsolintel.com\/fr\/produit-2\/panel-led-60x60-40w-lifud-ugr19-flicker-free\/\" class=\"more-link\">Continue reading <span class=\"screen-reader-text\">Panneau LED 60X60 40W LIFUD UGR19 sans scintillement<\/span><\/a><\/p>","protected":false},"featured_media":261843,"template":"","meta":[],"product_brand":[101370],"product_cat":[101371,15],"product_tag":[],"class_list":{"0":"post-268047","1":"product","2":"type-product","3":"status-publish","4":"has-post-thumbnail","6":"product_brand-masterled","7":"product_cat-masterled","8":"product_cat-uncategorized","9":"pa_temperatura-color-luz-blanca","10":"pa_temperatura-color-luz-neutra","13":"instock","14":"taxable","15":"shipping-taxable","16":"purchasable","17":"product-type-variable","18":"has-default-attributes"},"yoast_head":"<!-- This site is optimized with the Yoast SEO plugin v27.4 - https:\/\/yoast.com\/product\/yoast-seo-wordpress\/ -->\n<title>Panel LED 60X60 40W LIFUD UGR19 flicker free - Ledsolintel<\/title>\n<meta name=\"robots\" content=\"index, follow, max-snippet:-1, max-image-preview:large, max-video-preview:-1\" \/>\n<link rel=\"canonical\" href=\"https:\/\/ledsolintel.com\/fr\/produit-2\/panel-led-60x60-40w-lifud-ugr19-flicker-free\/\" \/>\n<meta property=\"og:locale\" content=\"fr_FR\" \/>\n<meta property=\"og:type\" content=\"article\" \/>\n<meta property=\"og:title\" content=\"Panel LED 60X60 40W LIFUD UGR19 flicker free - Ledsolintel\" \/>\n<meta property=\"og:description\" content=\"Panel de LEDs retroiluminado de 40W con acabado en color blanco, es uno de los productos m\u00e1s utilizados en iluminaci\u00f3n ya que es ideal para su instalaci\u00f3n en techos, tanto si cuentan con poco o mucho espacio. Debido a su \u00e1ngulo de dispersi\u00f3n lum\u00ednica de 120\u00b0 y su iluminaci\u00f3n eficiente y suave, lo hace ideal &hellip; Continue reading Panel LED 60X60 40W LIFUD UGR19 flicker free\" \/>\n<meta property=\"og:url\" content=\"https:\/\/ledsolintel.com\/fr\/produit-2\/panel-led-60x60-40w-lifud-ugr19-flicker-free\/\" \/>\n<meta property=\"og:site_name\" content=\"Ledsolintel\" \/>\n<meta property=\"article:publisher\" content=\"http:\/\/www.facebook.com\/webmenaje\" \/>\n<meta property=\"article:modified_time\" content=\"2026-04-07T08:19:06+00:00\" \/>\n<meta property=\"og:image\" content=\"https:\/\/ledsolintel.com\/wp-content\/uploads\/2025\/11\/panel-led-60x60-40w-lifud-ugr19-flicker-free.jpg\" \/>\n\t<meta property=\"og:image:width\" content=\"600\" \/>\n\t<meta property=\"og:image:height\" content=\"600\" \/>\n\t<meta property=\"og:image:type\" content=\"image\/jpeg\" \/>\n<meta name=\"twitter:card\" content=\"summary_large_image\" \/>\n<meta name=\"twitter:site\" content=\"@webmenaje\" \/>\n<meta name=\"twitter:label1\" content=\"Dur\u00e9e de lecture estim\u00e9e\" \/>\n\t<meta name=\"twitter:data1\" content=\"3 minutes\" \/>\n<script type=\"application\/ld+json\" class=\"yoast-schema-graph\">{\"@context\":\"https:\\\/\\\/schema.org\",\"@graph\":[{\"@type\":\"WebPage\",\"@id\":\"https:\\\/\\\/ledsolintel.com\\\/product\\\/panel-led-60x60-40w-lifud-ugr19-flicker-free\\\/\",\"url\":\"https:\\\/\\\/ledsolintel.com\\\/product\\\/panel-led-60x60-40w-lifud-ugr19-flicker-free\\\/\",\"name\":\"Panel LED 60X60 40W LIFUD UGR19 flicker free - Ledsolintel\",\"isPartOf\":{\"@id\":\"https:\\\/\\\/ledsolintel.com\\\/#website\"},\"primaryImageOfPage\":{\"@id\":\"https:\\\/\\\/ledsolintel.com\\\/product\\\/panel-led-60x60-40w-lifud-ugr19-flicker-free\\\/#primaryimage\"},\"image\":{\"@id\":\"https:\\\/\\\/ledsolintel.com\\\/product\\\/panel-led-60x60-40w-lifud-ugr19-flicker-free\\\/#primaryimage\"},\"thumbnailUrl\":\"https:\\\/\\\/ledsolintel.com\\\/wp-content\\\/uploads\\\/2025\\\/11\\\/panel-led-60x60-40w-lifud-ugr19-flicker-free.jpg\",\"datePublished\":\"2025-11-11T15:52:06+00:00\",\"dateModified\":\"2026-04-07T08:19:06+00:00\",\"breadcrumb\":{\"@id\":\"https:\\\/\\\/ledsolintel.com\\\/product\\\/panel-led-60x60-40w-lifud-ugr19-flicker-free\\\/#breadcrumb\"},\"inLanguage\":\"fr-FR\",\"potentialAction\":[{\"@type\":\"ReadAction\",\"target\":[\"https:\\\/\\\/ledsolintel.com\\\/product\\\/panel-led-60x60-40w-lifud-ugr19-flicker-free\\\/\"]}]},{\"@type\":\"ImageObject\",\"inLanguage\":\"fr-FR\",\"@id\":\"https:\\\/\\\/ledsolintel.com\\\/product\\\/panel-led-60x60-40w-lifud-ugr19-flicker-free\\\/#primaryimage\",\"url\":\"https:\\\/\\\/ledsolintel.com\\\/wp-content\\\/uploads\\\/2025\\\/11\\\/panel-led-60x60-40w-lifud-ugr19-flicker-free.jpg\",\"contentUrl\":\"https:\\\/\\\/ledsolintel.com\\\/wp-content\\\/uploads\\\/2025\\\/11\\\/panel-led-60x60-40w-lifud-ugr19-flicker-free.jpg\",\"width\":600,\"height\":600},{\"@type\":\"BreadcrumbList\",\"@id\":\"https:\\\/\\\/ledsolintel.com\\\/product\\\/panel-led-60x60-40w-lifud-ugr19-flicker-free\\\/#breadcrumb\",\"itemListElement\":[{\"@type\":\"ListItem\",\"position\":1,\"name\":\"Portada\",\"item\":\"https:\\\/\\\/ledsolintel.com\\\/fr\\\/\"},{\"@type\":\"ListItem\",\"position\":2,\"name\":\"Tienda\",\"item\":\"https:\\\/\\\/ledsolintel.com\\\/tienda\\\/\"},{\"@type\":\"ListItem\",\"position\":3,\"name\":\"Panel LED 60X60 40W LIFUD UGR19 flicker free\"}]},{\"@type\":\"WebSite\",\"@id\":\"https:\\\/\\\/ledsolintel.com\\\/#website\",\"url\":\"https:\\\/\\\/ledsolintel.com\\\/\",\"name\":\"Webmenaje\",\"description\":\"Tienda de bombillas y l\u00e1mparas LED para profesionales\",\"publisher\":{\"@id\":\"https:\\\/\\\/ledsolintel.com\\\/#organization\"},\"potentialAction\":[{\"@type\":\"SearchAction\",\"target\":{\"@type\":\"EntryPoint\",\"urlTemplate\":\"https:\\\/\\\/ledsolintel.com\\\/?s={search_term_string}\"},\"query-input\":{\"@type\":\"PropertyValueSpecification\",\"valueRequired\":true,\"valueName\":\"search_term_string\"}}],\"inLanguage\":\"fr-FR\"},{\"@type\":\"Organization\",\"@id\":\"https:\\\/\\\/ledsolintel.com\\\/#organization\",\"name\":\"Solintel Noroeste, S.L.\",\"url\":\"https:\\\/\\\/ledsolintel.com\\\/\",\"logo\":{\"@type\":\"ImageObject\",\"inLanguage\":\"fr-FR\",\"@id\":\"https:\\\/\\\/ledsolintel.com\\\/#\\\/schema\\\/logo\\\/image\\\/\",\"url\":\"https:\\\/\\\/ledsolintel.com\\\/wp-content\\\/uploads\\\/2024\\\/11\\\/webmenaje-logo-1508269066.jpg\",\"contentUrl\":\"https:\\\/\\\/ledsolintel.com\\\/wp-content\\\/uploads\\\/2024\\\/11\\\/webmenaje-logo-1508269066.jpg\",\"width\":370,\"height\":90,\"caption\":\"Solintel Noroeste, S.L.\"},\"image\":{\"@id\":\"https:\\\/\\\/ledsolintel.com\\\/#\\\/schema\\\/logo\\\/image\\\/\"},\"sameAs\":[\"http:\\\/\\\/www.facebook.com\\\/webmenaje\",\"https:\\\/\\\/x.com\\\/webmenaje\",\"https:\\\/\\\/www.youtube.com\\\/channel\\\/UCX2KoVoeCG4LocZjUc6LmSQ\",\"http:\\\/\\\/www.pinterest.com\\\/webmenaje\"]}]}<\/script>\n<!-- \/ Yoast SEO plugin. -->","yoast_head_json":{"title":"Panel LED 60X60 40W LIFUD UGR19 flicker free - Ledsolintel","robots":{"index":"index","follow":"follow","max-snippet":"max-snippet:-1","max-image-preview":"max-image-preview:large","max-video-preview":"max-video-preview:-1"},"canonical":"https:\/\/ledsolintel.com\/fr\/produit-2\/panel-led-60x60-40w-lifud-ugr19-flicker-free\/","og_locale":"fr_FR","og_type":"article","og_title":"Panel LED 60X60 40W LIFUD UGR19 flicker free - Ledsolintel","og_description":"Panel de LEDs retroiluminado de 40W con acabado en color blanco, es uno de los productos m\u00e1s utilizados en iluminaci\u00f3n ya que es ideal para su instalaci\u00f3n en techos, tanto si cuentan con poco o mucho espacio. Debido a su \u00e1ngulo de dispersi\u00f3n lum\u00ednica de 120\u00b0 y su iluminaci\u00f3n eficiente y suave, lo hace ideal &hellip; Continue reading Panel LED 60X60 40W LIFUD UGR19 flicker free","og_url":"https:\/\/ledsolintel.com\/fr\/produit-2\/panel-led-60x60-40w-lifud-ugr19-flicker-free\/","og_site_name":"Ledsolintel","article_publisher":"http:\/\/www.facebook.com\/webmenaje","article_modified_time":"2026-04-07T08:19:06+00:00","og_image":[{"width":600,"height":600,"url":"https:\/\/ledsolintel.com\/wp-content\/uploads\/2025\/11\/panel-led-60x60-40w-lifud-ugr19-flicker-free.jpg","type":"image\/jpeg"}],"twitter_card":"summary_large_image","twitter_site":"@webmenaje","twitter_misc":{"Dur\u00e9e de lecture estim\u00e9e":"3 minutes"},"schema":{"@context":"https:\/\/schema.org","@graph":[{"@type":"WebPage","@id":"https:\/\/ledsolintel.com\/product\/panel-led-60x60-40w-lifud-ugr19-flicker-free\/","url":"https:\/\/ledsolintel.com\/product\/panel-led-60x60-40w-lifud-ugr19-flicker-free\/","name":"Panel LED 60X60 40W LIFUD UGR19 flicker free - Ledsolintel","isPartOf":{"@id":"https:\/\/ledsolintel.com\/#website"},"primaryImageOfPage":{"@id":"https:\/\/ledsolintel.com\/product\/panel-led-60x60-40w-lifud-ugr19-flicker-free\/#primaryimage"},"image":{"@id":"https:\/\/ledsolintel.com\/product\/panel-led-60x60-40w-lifud-ugr19-flicker-free\/#primaryimage"},"thumbnailUrl":"https:\/\/ledsolintel.com\/wp-content\/uploads\/2025\/11\/panel-led-60x60-40w-lifud-ugr19-flicker-free.jpg","datePublished":"2025-11-11T15:52:06+00:00","dateModified":"2026-04-07T08:19:06+00:00","breadcrumb":{"@id":"https:\/\/ledsolintel.com\/product\/panel-led-60x60-40w-lifud-ugr19-flicker-free\/#breadcrumb"},"inLanguage":"fr-FR","potentialAction":[{"@type":"ReadAction","target":["https:\/\/ledsolintel.com\/product\/panel-led-60x60-40w-lifud-ugr19-flicker-free\/"]}]},{"@type":"ImageObject","inLanguage":"fr-FR","@id":"https:\/\/ledsolintel.com\/product\/panel-led-60x60-40w-lifud-ugr19-flicker-free\/#primaryimage","url":"https:\/\/ledsolintel.com\/wp-content\/uploads\/2025\/11\/panel-led-60x60-40w-lifud-ugr19-flicker-free.jpg","contentUrl":"https:\/\/ledsolintel.com\/wp-content\/uploads\/2025\/11\/panel-led-60x60-40w-lifud-ugr19-flicker-free.jpg","width":600,"height":600},{"@type":"BreadcrumbList","@id":"https:\/\/ledsolintel.com\/product\/panel-led-60x60-40w-lifud-ugr19-flicker-free\/#breadcrumb","itemListElement":[{"@type":"ListItem","position":1,"name":"Portada","item":"https:\/\/ledsolintel.com\/fr\/"},{"@type":"ListItem","position":2,"name":"Tienda","item":"https:\/\/ledsolintel.com\/tienda\/"},{"@type":"ListItem","position":3,"name":"Panel LED 60X60 40W LIFUD UGR19 flicker free"}]},{"@type":"WebSite","@id":"https:\/\/ledsolintel.com\/#website","url":"https:\/\/ledsolintel.com\/","name":"Webmenaje","description":"Magasin d'ampoules et de lampes LED pour les professionnels","publisher":{"@id":"https:\/\/ledsolintel.com\/#organization"},"potentialAction":[{"@type":"SearchAction","target":{"@type":"EntryPoint","urlTemplate":"https:\/\/ledsolintel.com\/?s={search_term_string}"},"query-input":{"@type":"PropertyValueSpecification","valueRequired":true,"valueName":"search_term_string"}}],"inLanguage":"fr-FR"},{"@type":"Organization","@id":"https:\/\/ledsolintel.com\/#organization","name":"Solintel Noroeste, S.L.","url":"https:\/\/ledsolintel.com\/","logo":{"@type":"ImageObject","inLanguage":"fr-FR","@id":"https:\/\/ledsolintel.com\/#\/schema\/logo\/image\/","url":"https:\/\/ledsolintel.com\/wp-content\/uploads\/2024\/11\/webmenaje-logo-1508269066.jpg","contentUrl":"https:\/\/ledsolintel.com\/wp-content\/uploads\/2024\/11\/webmenaje-logo-1508269066.jpg","width":370,"height":90,"caption":"Solintel Noroeste, S.L."},"image":{"@id":"https:\/\/ledsolintel.com\/#\/schema\/logo\/image\/"},"sameAs":["http:\/\/www.facebook.com\/webmenaje","https:\/\/x.com\/webmenaje","https:\/\/www.youtube.com\/channel\/UCX2KoVoeCG4LocZjUc6LmSQ","http:\/\/www.pinterest.com\/webmenaje"]}]}},"_links":{"self":[{"href":"https:\/\/ledsolintel.com\/fr\/wp-json\/wp\/v2\/product\/268047","targetHints":{"allow":["GET"]}}],"collection":[{"href":"https:\/\/ledsolintel.com\/fr\/wp-json\/wp\/v2\/product"}],"about":[{"href":"https:\/\/ledsolintel.com\/fr\/wp-json\/wp\/v2\/types\/product"}],"version-history":[{"count":1,"href":"https:\/\/ledsolintel.com\/fr\/wp-json\/wp\/v2\/product\/268047\/revisions"}],"predecessor-version":[{"id":268048,"href":"https:\/\/ledsolintel.com\/fr\/wp-json\/wp\/v2\/product\/268047\/revisions\/268048"}],"wp:featuredmedia":[{"embeddable":true,"href":"https:\/\/ledsolintel.com\/fr\/wp-json\/wp\/v2\/media\/261843"}],"wp:attachment":[{"href":"https:\/\/ledsolintel.com\/fr\/wp-json\/wp\/v2\/media?parent=268047"}],"wp:term":[{"taxonomy":"product_brand","embeddable":true,"href":"https:\/\/ledsolintel.com\/fr\/wp-json\/wp\/v2\/product_brand?post=268047"},{"taxonomy":"product_cat","embeddable":true,"href":"https:\/\/ledsolintel.com\/fr\/wp-json\/wp\/v2\/product_cat?post=268047"},{"taxonomy":"product_tag","embeddable":true,"href":"https:\/\/ledsolintel.com\/fr\/wp-json\/wp\/v2\/product_tag?post=268047"}],"curies":[{"name":"wp","href":"https:\/\/api.w.org\/{rel}","templated":true}]}}