{"id":268004,"date":"2025-11-11T16:51:19","date_gmt":"2025-11-11T15:51:19","guid":{"rendered":"https:\/\/nueva.ledsolintel.com\/product\/perfil-aluminio-tira-led-2-m-para-falso-techo\/"},"modified":"2026-04-07T10:19:06","modified_gmt":"2026-04-07T08:19:06","slug":"profil-aluminium-bande-led-2-m-pour-faux-plafond","status":"publish","type":"product","link":"https:\/\/ledsolintel.com\/fr\/produit-2\/profil-aluminium-bande-led-2-m-pour-faux-plafond\/","title":{"rendered":"Profil aluminium bande lumineuse 2 m pour faux plafond"},"content":{"rendered":"<p>Profil\u00e9 en aluminium, de couleur argent\u00e9e, avec couvercle en PVC, utilis\u00e9 pour cacher et prot\u00e9ger des bandes de LED de 2 m de long et d'une largeur maximale de 17 mm \u00e0 l'int\u00e9rieur. Ce type de profil\u00e9 est utilis\u00e9 dans les installations int\u00e9rieures pour cacher et prot\u00e9ger les bandes de LED. Le couvercle opaque r\u00e9duit l'intensit\u00e9 de la lumi\u00e8re et l'\u00e9blouissement, cr\u00e9ant ainsi une atmosph\u00e8re chaleureuse. Les profil\u00e9s sont utilis\u00e9s pour les bandes de LED rigides et flexibles et peuvent \u00eatre utilis\u00e9s pour diff\u00e9rentes applications.  Leur forme est id\u00e9ale pour l'installation sur les bords des faux plafonds, ainsi que sur les faux murs pour cr\u00e9er diff\u00e9rentes ambiances d\u00e9coratives. Il s'adapte facilement aux diff\u00e9rents espaces, ce qui permet une installation propre et ordonn\u00e9e. En outre, sa conception permet un \u00e9clairage indirect qui am\u00e9liore l'ambiance de n'importe quelle pi\u00e8ce gr\u00e2ce \u00e0 un effet visuel doux et moderne.  Gr\u00e2ce \u00e0 son indice de protection IP20, il est id\u00e9al pour une installation \u00e0 l'int\u00e9rieur (protection contre les particules solides de plus de 12 mm et n'est pas \u00e9tanche).  Il b\u00e9n\u00e9ficie d'une garantie de 3 ans. Il poss\u00e8de \u00e9galement le certificat CE, qui atteste qu'il est conforme aux exigences de l'UE en mati\u00e8re de compatibilit\u00e9 \u00e9lectromagn\u00e9tique et de basse tension. Ce certificat d\u00e9clare la conformit\u00e9 du produit \u00e0 toutes les exigences l\u00e9gales et garantit la validit\u00e9 de la vente du produit dans l'Espace \u00e9conomique europ\u00e9en.  Comprend un profil\u00e9 en aluminium de 2 m, un diffuseur opaque et des embouts en aluminium.<\/p>","protected":false},"excerpt":{"rendered":"<p>Perfil de aluminio, en color plata, con cubierta en PVC, que se emplea para ocultar y proteger las tiras led de 2 m de hasta 17 mm de ancho en su interior. Este tipo de perfil se utiliza en instalaciones en interior para ocultar y proteger las tiras led. Al disponer de una cubierta opaca &hellip; <a href=\"https:\/\/ledsolintel.com\/fr\/produit-2\/profil-aluminium-bande-led-2-m-pour-faux-plafond\/\" class=\"more-link\">Continue reading <span class=\"screen-reader-text\">Profil aluminium bande lumineuse 2 m pour faux plafond<\/span><\/a><\/p>","protected":false},"featured_media":261762,"template":"","meta":[],"product_brand":[101370],"product_cat":[15,101371],"product_tag":[],"class_list":{"0":"post-268004","1":"product","2":"type-product","3":"status-publish","4":"has-post-thumbnail","6":"product_brand-masterled","7":"product_cat-uncategorized","8":"product_cat-masterled","9":"pa_material-aluminio","12":"instock","13":"taxable","14":"shipping-taxable","15":"purchasable","16":"product-type-simple"},"yoast_head":"<!-- This site is optimized with the Yoast SEO plugin v26.6 - https:\/\/yoast.com\/wordpress\/plugins\/seo\/ -->\n<title>Perfil aluminio tira led 2 m para falso techo - Ledsolintel<\/title>\n<meta name=\"robots\" content=\"index, follow, max-snippet:-1, max-image-preview:large, max-video-preview:-1\" \/>\n<link rel=\"canonical\" href=\"https:\/\/ledsolintel.com\/fr\/produit-2\/profil-aluminium-bande-led-2-m-pour-faux-plafond\/\" \/>\n<meta property=\"og:locale\" content=\"fr_FR\" \/>\n<meta property=\"og:type\" content=\"article\" \/>\n<meta property=\"og:title\" content=\"Perfil aluminio tira led 2 m para falso techo - Ledsolintel\" \/>\n<meta property=\"og:description\" content=\"Perfil de aluminio, en color plata, con cubierta en PVC, que se emplea para ocultar y proteger las tiras led de 2 m de hasta 17 mm de ancho en su interior. Este tipo de perfil se utiliza en instalaciones en interior para ocultar y proteger las tiras led. Al disponer de una cubierta opaca &hellip; Continue reading Perfil aluminio tira led 2 m para falso techo\" \/>\n<meta property=\"og:url\" content=\"https:\/\/ledsolintel.com\/fr\/produit-2\/profil-aluminium-bande-led-2-m-pour-faux-plafond\/\" \/>\n<meta property=\"og:site_name\" content=\"Ledsolintel\" \/>\n<meta property=\"article:publisher\" content=\"http:\/\/www.facebook.com\/webmenaje\" \/>\n<meta property=\"article:modified_time\" content=\"2026-04-07T08:19:06+00:00\" \/>\n<meta property=\"og:image\" content=\"https:\/\/ledsolintel.com\/wp-content\/uploads\/2025\/11\/perfil-aluminio-tira-led-2-m-para-falso-techo.jpg\" \/>\n\t<meta property=\"og:image:width\" content=\"600\" \/>\n\t<meta property=\"og:image:height\" content=\"600\" \/>\n\t<meta property=\"og:image:type\" content=\"image\/jpeg\" \/>\n<meta name=\"twitter:card\" content=\"summary_large_image\" \/>\n<meta name=\"twitter:site\" content=\"@webmenaje\" \/>\n<meta name=\"twitter:label1\" content=\"Dur\u00e9e de lecture estim\u00e9e\" \/>\n\t<meta name=\"twitter:data1\" content=\"1 minute\" \/>\n<script type=\"application\/ld+json\" class=\"yoast-schema-graph\">{\"@context\":\"https:\/\/schema.org\",\"@graph\":[{\"@type\":\"WebPage\",\"@id\":\"https:\/\/ledsolintel.com\/product\/perfil-aluminio-tira-led-2-m-para-falso-techo\/\",\"url\":\"https:\/\/ledsolintel.com\/product\/perfil-aluminio-tira-led-2-m-para-falso-techo\/\",\"name\":\"Perfil aluminio tira led 2 m para falso techo - Ledsolintel\",\"isPartOf\":{\"@id\":\"https:\/\/ledsolintel.com\/#website\"},\"primaryImageOfPage\":{\"@id\":\"https:\/\/ledsolintel.com\/product\/perfil-aluminio-tira-led-2-m-para-falso-techo\/#primaryimage\"},\"image\":{\"@id\":\"https:\/\/ledsolintel.com\/product\/perfil-aluminio-tira-led-2-m-para-falso-techo\/#primaryimage\"},\"thumbnailUrl\":\"https:\/\/ledsolintel.com\/wp-content\/uploads\/2025\/11\/perfil-aluminio-tira-led-2-m-para-falso-techo.jpg\",\"datePublished\":\"2025-11-11T15:51:19+00:00\",\"dateModified\":\"2026-04-07T08:19:06+00:00\",\"breadcrumb\":{\"@id\":\"https:\/\/ledsolintel.com\/product\/perfil-aluminio-tira-led-2-m-para-falso-techo\/#breadcrumb\"},\"inLanguage\":\"fr-FR\",\"potentialAction\":[{\"@type\":\"ReadAction\",\"target\":[\"https:\/\/ledsolintel.com\/product\/perfil-aluminio-tira-led-2-m-para-falso-techo\/\"]}]},{\"@type\":\"ImageObject\",\"inLanguage\":\"fr-FR\",\"@id\":\"https:\/\/ledsolintel.com\/product\/perfil-aluminio-tira-led-2-m-para-falso-techo\/#primaryimage\",\"url\":\"https:\/\/ledsolintel.com\/wp-content\/uploads\/2025\/11\/perfil-aluminio-tira-led-2-m-para-falso-techo.jpg\",\"contentUrl\":\"https:\/\/ledsolintel.com\/wp-content\/uploads\/2025\/11\/perfil-aluminio-tira-led-2-m-para-falso-techo.jpg\",\"width\":600,\"height\":600},{\"@type\":\"BreadcrumbList\",\"@id\":\"https:\/\/ledsolintel.com\/product\/perfil-aluminio-tira-led-2-m-para-falso-techo\/#breadcrumb\",\"itemListElement\":[{\"@type\":\"ListItem\",\"position\":1,\"name\":\"Portada\",\"item\":\"https:\/\/ledsolintel.com\/fr\/\"},{\"@type\":\"ListItem\",\"position\":2,\"name\":\"Tienda\",\"item\":\"https:\/\/ledsolintel.com\/tienda\/\"},{\"@type\":\"ListItem\",\"position\":3,\"name\":\"Perfil aluminio tira led 2 m para falso techo\"}]},{\"@type\":\"WebSite\",\"@id\":\"https:\/\/ledsolintel.com\/#website\",\"url\":\"https:\/\/ledsolintel.com\/\",\"name\":\"Webmenaje\",\"description\":\"Tienda de bombillas y l\u00e1mparas LED para profesionales\",\"publisher\":{\"@id\":\"https:\/\/ledsolintel.com\/#organization\"},\"potentialAction\":[{\"@type\":\"SearchAction\",\"target\":{\"@type\":\"EntryPoint\",\"urlTemplate\":\"https:\/\/ledsolintel.com\/?s={search_term_string}\"},\"query-input\":{\"@type\":\"PropertyValueSpecification\",\"valueRequired\":true,\"valueName\":\"search_term_string\"}}],\"inLanguage\":\"fr-FR\"},{\"@type\":\"Organization\",\"@id\":\"https:\/\/ledsolintel.com\/#organization\",\"name\":\"Solintel Noroeste, S.L.\",\"url\":\"https:\/\/ledsolintel.com\/\",\"logo\":{\"@type\":\"ImageObject\",\"inLanguage\":\"fr-FR\",\"@id\":\"https:\/\/ledsolintel.com\/#\/schema\/logo\/image\/\",\"url\":\"https:\/\/ledsolintel.com\/wp-content\/uploads\/2024\/11\/webmenaje-logo-1508269066.jpg\",\"contentUrl\":\"https:\/\/ledsolintel.com\/wp-content\/uploads\/2024\/11\/webmenaje-logo-1508269066.jpg\",\"width\":370,\"height\":90,\"caption\":\"Solintel Noroeste, S.L.\"},\"image\":{\"@id\":\"https:\/\/ledsolintel.com\/#\/schema\/logo\/image\/\"},\"sameAs\":[\"http:\/\/www.facebook.com\/webmenaje\",\"https:\/\/x.com\/webmenaje\",\"https:\/\/www.youtube.com\/channel\/UCX2KoVoeCG4LocZjUc6LmSQ\",\"http:\/\/www.pinterest.com\/webmenaje\"]}]}<\/script>\n<!-- \/ Yoast SEO plugin. -->","yoast_head_json":{"title":"Profil aluminium bande lumineuse 2 m pour faux plafond - Ledsolintel","robots":{"index":"index","follow":"follow","max-snippet":"max-snippet:-1","max-image-preview":"max-image-preview:large","max-video-preview":"max-video-preview:-1"},"canonical":"https:\/\/ledsolintel.com\/fr\/produit-2\/profil-aluminium-bande-led-2-m-pour-faux-plafond\/","og_locale":"fr_FR","og_type":"article","og_title":"Perfil aluminio tira led 2 m para falso techo - Ledsolintel","og_description":"Perfil de aluminio, en color plata, con cubierta en PVC, que se emplea para ocultar y proteger las tiras led de 2 m de hasta 17 mm de ancho en su interior. Este tipo de perfil se utiliza en instalaciones en interior para ocultar y proteger las tiras led. Al disponer de una cubierta opaca &hellip; Continue reading Perfil aluminio tira led 2 m para falso techo","og_url":"https:\/\/ledsolintel.com\/fr\/produit-2\/profil-aluminium-bande-led-2-m-pour-faux-plafond\/","og_site_name":"Ledsolintel","article_publisher":"http:\/\/www.facebook.com\/webmenaje","article_modified_time":"2026-04-07T08:19:06+00:00","og_image":[{"width":600,"height":600,"url":"https:\/\/ledsolintel.com\/wp-content\/uploads\/2025\/11\/perfil-aluminio-tira-led-2-m-para-falso-techo.jpg","type":"image\/jpeg"}],"twitter_card":"summary_large_image","twitter_site":"@webmenaje","twitter_misc":{"Dur\u00e9e de lecture estim\u00e9e":"1 minute"},"schema":{"@context":"https:\/\/schema.org","@graph":[{"@type":"WebPage","@id":"https:\/\/ledsolintel.com\/product\/perfil-aluminio-tira-led-2-m-para-falso-techo\/","url":"https:\/\/ledsolintel.com\/product\/perfil-aluminio-tira-led-2-m-para-falso-techo\/","name":"Profil aluminium bande lumineuse 2 m pour faux plafond - Ledsolintel","isPartOf":{"@id":"https:\/\/ledsolintel.com\/#website"},"primaryImageOfPage":{"@id":"https:\/\/ledsolintel.com\/product\/perfil-aluminio-tira-led-2-m-para-falso-techo\/#primaryimage"},"image":{"@id":"https:\/\/ledsolintel.com\/product\/perfil-aluminio-tira-led-2-m-para-falso-techo\/#primaryimage"},"thumbnailUrl":"https:\/\/ledsolintel.com\/wp-content\/uploads\/2025\/11\/perfil-aluminio-tira-led-2-m-para-falso-techo.jpg","datePublished":"2025-11-11T15:51:19+00:00","dateModified":"2026-04-07T08:19:06+00:00","breadcrumb":{"@id":"https:\/\/ledsolintel.com\/product\/perfil-aluminio-tira-led-2-m-para-falso-techo\/#breadcrumb"},"inLanguage":"fr-FR","potentialAction":[{"@type":"ReadAction","target":["https:\/\/ledsolintel.com\/product\/perfil-aluminio-tira-led-2-m-para-falso-techo\/"]}]},{"@type":"ImageObject","inLanguage":"fr-FR","@id":"https:\/\/ledsolintel.com\/product\/perfil-aluminio-tira-led-2-m-para-falso-techo\/#primaryimage","url":"https:\/\/ledsolintel.com\/wp-content\/uploads\/2025\/11\/perfil-aluminio-tira-led-2-m-para-falso-techo.jpg","contentUrl":"https:\/\/ledsolintel.com\/wp-content\/uploads\/2025\/11\/perfil-aluminio-tira-led-2-m-para-falso-techo.jpg","width":600,"height":600},{"@type":"BreadcrumbList","@id":"https:\/\/ledsolintel.com\/product\/perfil-aluminio-tira-led-2-m-para-falso-techo\/#breadcrumb","itemListElement":[{"@type":"ListItem","position":1,"name":"Portada","item":"https:\/\/ledsolintel.com\/fr\/"},{"@type":"ListItem","position":2,"name":"Tienda","item":"https:\/\/ledsolintel.com\/tienda\/"},{"@type":"ListItem","position":3,"name":"Perfil aluminio tira led 2 m para falso techo"}]},{"@type":"WebSite","@id":"https:\/\/ledsolintel.com\/#website","url":"https:\/\/ledsolintel.com\/","name":"Webmenaje","description":"Magasin d'ampoules et de lampes LED pour les professionnels","publisher":{"@id":"https:\/\/ledsolintel.com\/#organization"},"potentialAction":[{"@type":"SearchAction","target":{"@type":"EntryPoint","urlTemplate":"https:\/\/ledsolintel.com\/?s={search_term_string}"},"query-input":{"@type":"PropertyValueSpecification","valueRequired":true,"valueName":"search_term_string"}}],"inLanguage":"fr-FR"},{"@type":"Organization","@id":"https:\/\/ledsolintel.com\/#organization","name":"Solintel Noroeste, S.L.","url":"https:\/\/ledsolintel.com\/","logo":{"@type":"ImageObject","inLanguage":"fr-FR","@id":"https:\/\/ledsolintel.com\/#\/schema\/logo\/image\/","url":"https:\/\/ledsolintel.com\/wp-content\/uploads\/2024\/11\/webmenaje-logo-1508269066.jpg","contentUrl":"https:\/\/ledsolintel.com\/wp-content\/uploads\/2024\/11\/webmenaje-logo-1508269066.jpg","width":370,"height":90,"caption":"Solintel Noroeste, S.L."},"image":{"@id":"https:\/\/ledsolintel.com\/#\/schema\/logo\/image\/"},"sameAs":["http:\/\/www.facebook.com\/webmenaje","https:\/\/x.com\/webmenaje","https:\/\/www.youtube.com\/channel\/UCX2KoVoeCG4LocZjUc6LmSQ","http:\/\/www.pinterest.com\/webmenaje"]}]}},"_links":{"self":[{"href":"https:\/\/ledsolintel.com\/fr\/wp-json\/wp\/v2\/product\/268004","targetHints":{"allow":["GET"]}}],"collection":[{"href":"https:\/\/ledsolintel.com\/fr\/wp-json\/wp\/v2\/product"}],"about":[{"href":"https:\/\/ledsolintel.com\/fr\/wp-json\/wp\/v2\/types\/product"}],"version-history":[{"count":1,"href":"https:\/\/ledsolintel.com\/fr\/wp-json\/wp\/v2\/product\/268004\/revisions"}],"predecessor-version":[{"id":268005,"href":"https:\/\/ledsolintel.com\/fr\/wp-json\/wp\/v2\/product\/268004\/revisions\/268005"}],"wp:featuredmedia":[{"embeddable":true,"href":"https:\/\/ledsolintel.com\/fr\/wp-json\/wp\/v2\/media\/261762"}],"wp:attachment":[{"href":"https:\/\/ledsolintel.com\/fr\/wp-json\/wp\/v2\/media?parent=268004"}],"wp:term":[{"taxonomy":"product_brand","embeddable":true,"href":"https:\/\/ledsolintel.com\/fr\/wp-json\/wp\/v2\/product_brand?post=268004"},{"taxonomy":"product_cat","embeddable":true,"href":"https:\/\/ledsolintel.com\/fr\/wp-json\/wp\/v2\/product_cat?post=268004"},{"taxonomy":"product_tag","embeddable":true,"href":"https:\/\/ledsolintel.com\/fr\/wp-json\/wp\/v2\/product_tag?post=268004"}],"curies":[{"name":"wp","href":"https:\/\/api.w.org\/{rel}","templated":true}]}}