{"id":267999,"date":"2025-11-11T16:51:13","date_gmt":"2025-11-11T15:51:13","guid":{"rendered":"https:\/\/nueva.ledsolintel.com\/product\/tira-led-5m-24v-22w-m-smd2110-ip20\/"},"modified":"2026-04-07T10:19:06","modified_gmt":"2026-04-07T08:19:06","slug":"tira-led-5m-24v-22w-m-smd2110-ip20","status":"publish","type":"product","link":"https:\/\/ledsolintel.com\/fr\/produit-2\/tira-led-5m-24v-22w-m-smd2110-ip20\/","title":{"rendered":"Bande LED 5m 24V 22W\/m SMD2110 IP20"},"content":{"rendered":"<p>Este tipo de tira LED de alto brillo de 24V se suministra en rollos de 5 metros con 22W. Debido a su grado de protecci\u00f3n IP20 es ideal para instalar en zonas interiores (protecci\u00f3n contra part\u00edculas s\u00f3lidas de tama\u00f1o superior a 12mm y no es resistente al agua) y tambi\u00e9n para instalaci\u00f3n en perfil de aluminio. Es un producto adecuado para uso dom\u00e9stico (techos, escaleras o mobiliario en general) y comercial (tiendas, restaurantes etc).  \u00a0  Dispone de una gran eficacia al consumir 22W a trav\u00e9s del LED SMD2110 que incorpora 280 leds por metro, proporcionando un flujo luminoso de 11200 lumens en total. Disponible en tres temperaturas de color: blanca (6000\u00b0K), neutra (4000\u00b0K) y c\u00e1lida (3000\u00b0K).  \u00a0  Su instalaci\u00f3n es muy sencilla. En primer lugar, si no se va a montar el tramo completo de 5 metros, se debe cortar o empalmar la tira para obtener el tramo de la longitud deseada. Se debe tener en cuenta que la tira se puede cortar cada 25 mm por las zonas de corte se\u00f1aladas y no se pueden empalmar m\u00e1s de 10 metros lineales (o de lo contrario se producir\u00e1 una p\u00e9rdida lum\u00ednica por ca\u00edda de tensi\u00f3n).  \u00a0  Una vez colocada la tira, ya bien sea al aire o dentro de un perfil, se debe alimentar mediante un transformador de 24V de corriente continua. La potencia del transformador debe estar por encima de la potencia total de la tira (o tiras) que vaya a alimentar. En caso de querer regular la intensidad de luz o controlar el encendido a distancia, se puede a\u00f1adir un regulador o un controlador a la instalaci\u00f3n. En el apartado de accesorios y relacionados se muestran los controladores y reguladores compatibles con esta tira, as\u00ed como otros accesorios para hacer conexiones y\/o complementar el montaje. Para informaci\u00f3n m\u00e1s detallada acerca del montaje, consultar el manual disponible en la pesta\u00f1a \u201cManuales y descargas\u201d.  \u00a0  Adem\u00e1s de ser un producto que tiene m\u00e1s de 30.000 horas de vida, dispone de una garant\u00eda de 3 a\u00f1os. Cuenta tambi\u00e9n con el certificado CE, que acredita que se cumple con los requisitos de la UE respecto a compatibilidad electromagn\u00e9tica y normativa de baja tensi\u00f3n. Con este certificado se declara la conformidad de dicho producto con todos los requisitos legales exigidos, y asegura la validez del producto para ser vendido en todo el Espacio Econ\u00f3mico Europeo.<\/p>","protected":false},"excerpt":{"rendered":"<p>Este tipo de tira LED de alto brillo de 24V se suministra en rollos de 5 metros con 22W. Debido a su grado de protecci\u00f3n IP20 es ideal para instalar en zonas interiores (protecci\u00f3n contra part\u00edculas s\u00f3lidas de tama\u00f1o superior a 12mm y no es resistente al agua) y tambi\u00e9n para instalaci\u00f3n en perfil de &hellip; <a href=\"https:\/\/ledsolintel.com\/fr\/produit-2\/tira-led-5m-24v-22w-m-smd2110-ip20\/\" class=\"more-link\">Continue reading <span class=\"screen-reader-text\">Bande LED 5m 24V 22W\/m SMD2110 IP20<\/span><\/a><\/p>","protected":false},"featured_media":261750,"template":"","meta":[],"product_brand":[101370],"product_cat":[15,101371,99581,99683],"product_tag":[],"class_list":{"0":"post-267999","1":"product","2":"type-product","3":"status-publish","4":"has-post-thumbnail","6":"product_brand-masterled","7":"product_cat-uncategorized","8":"product_cat-masterled","9":"product_cat-tiras-de-led-perfiles-drivers-y-accesorios","10":"product_cat-tiras-de-led","11":"pa_temperatura-color-luz-blanca","12":"pa_temperatura-color-luz-calida","13":"pa_temperatura-color-luz-neutra","16":"instock","17":"taxable","18":"shipping-taxable","19":"purchasable","20":"product-type-variable","21":"has-default-attributes"},"yoast_head":"<!-- This site is optimized with the Yoast SEO plugin v26.6 - https:\/\/yoast.com\/wordpress\/plugins\/seo\/ -->\n<title>Tira Led 5m 24V 22W\/m SMD2110 IP20 - Ledsolintel<\/title>\n<meta name=\"robots\" content=\"index, follow, max-snippet:-1, max-image-preview:large, max-video-preview:-1\" \/>\n<link rel=\"canonical\" href=\"https:\/\/ledsolintel.com\/fr\/produit-2\/tira-led-5m-24v-22w-m-smd2110-ip20\/\" \/>\n<meta property=\"og:locale\" content=\"fr_FR\" \/>\n<meta property=\"og:type\" content=\"article\" \/>\n<meta property=\"og:title\" content=\"Tira Led 5m 24V 22W\/m SMD2110 IP20 - Ledsolintel\" \/>\n<meta property=\"og:description\" content=\"Este tipo de tira LED de alto brillo de 24V se suministra en rollos de 5 metros con 22W. Debido a su grado de protecci\u00f3n IP20 es ideal para instalar en zonas interiores (protecci\u00f3n contra part\u00edculas s\u00f3lidas de tama\u00f1o superior a 12mm y no es resistente al agua) y tambi\u00e9n para instalaci\u00f3n en perfil de &hellip; Continue reading Tira Led 5m 24V 22W\/m SMD2110 IP20\" \/>\n<meta property=\"og:url\" content=\"https:\/\/ledsolintel.com\/fr\/produit-2\/tira-led-5m-24v-22w-m-smd2110-ip20\/\" \/>\n<meta property=\"og:site_name\" content=\"Ledsolintel\" \/>\n<meta property=\"article:publisher\" content=\"http:\/\/www.facebook.com\/webmenaje\" \/>\n<meta property=\"article:modified_time\" content=\"2026-04-07T08:19:06+00:00\" \/>\n<meta property=\"og:image\" content=\"https:\/\/ledsolintel.com\/wp-content\/uploads\/2025\/11\/tira-led-5m-24v-22wm-smd2110-ip20.jpg\" \/>\n\t<meta property=\"og:image:width\" content=\"1500\" \/>\n\t<meta property=\"og:image:height\" content=\"1500\" \/>\n\t<meta property=\"og:image:type\" content=\"image\/jpeg\" \/>\n<meta name=\"twitter:card\" content=\"summary_large_image\" \/>\n<meta name=\"twitter:site\" content=\"@webmenaje\" \/>\n<meta name=\"twitter:label1\" content=\"Dur\u00e9e de lecture estim\u00e9e\" \/>\n\t<meta name=\"twitter:data1\" content=\"2 minutes\" \/>\n<script type=\"application\/ld+json\" class=\"yoast-schema-graph\">{\"@context\":\"https:\/\/schema.org\",\"@graph\":[{\"@type\":\"WebPage\",\"@id\":\"https:\/\/ledsolintel.com\/product\/tira-led-5m-24v-22w-m-smd2110-ip20\/\",\"url\":\"https:\/\/ledsolintel.com\/product\/tira-led-5m-24v-22w-m-smd2110-ip20\/\",\"name\":\"Tira Led 5m 24V 22W\/m SMD2110 IP20 - Ledsolintel\",\"isPartOf\":{\"@id\":\"https:\/\/ledsolintel.com\/#website\"},\"primaryImageOfPage\":{\"@id\":\"https:\/\/ledsolintel.com\/product\/tira-led-5m-24v-22w-m-smd2110-ip20\/#primaryimage\"},\"image\":{\"@id\":\"https:\/\/ledsolintel.com\/product\/tira-led-5m-24v-22w-m-smd2110-ip20\/#primaryimage\"},\"thumbnailUrl\":\"https:\/\/ledsolintel.com\/wp-content\/uploads\/2025\/11\/tira-led-5m-24v-22wm-smd2110-ip20.jpg\",\"datePublished\":\"2025-11-11T15:51:13+00:00\",\"dateModified\":\"2026-04-07T08:19:06+00:00\",\"breadcrumb\":{\"@id\":\"https:\/\/ledsolintel.com\/product\/tira-led-5m-24v-22w-m-smd2110-ip20\/#breadcrumb\"},\"inLanguage\":\"fr-FR\",\"potentialAction\":[{\"@type\":\"ReadAction\",\"target\":[\"https:\/\/ledsolintel.com\/product\/tira-led-5m-24v-22w-m-smd2110-ip20\/\"]}]},{\"@type\":\"ImageObject\",\"inLanguage\":\"fr-FR\",\"@id\":\"https:\/\/ledsolintel.com\/product\/tira-led-5m-24v-22w-m-smd2110-ip20\/#primaryimage\",\"url\":\"https:\/\/ledsolintel.com\/wp-content\/uploads\/2025\/11\/tira-led-5m-24v-22wm-smd2110-ip20.jpg\",\"contentUrl\":\"https:\/\/ledsolintel.com\/wp-content\/uploads\/2025\/11\/tira-led-5m-24v-22wm-smd2110-ip20.jpg\",\"width\":1500,\"height\":1500},{\"@type\":\"BreadcrumbList\",\"@id\":\"https:\/\/ledsolintel.com\/product\/tira-led-5m-24v-22w-m-smd2110-ip20\/#breadcrumb\",\"itemListElement\":[{\"@type\":\"ListItem\",\"position\":1,\"name\":\"Portada\",\"item\":\"https:\/\/ledsolintel.com\/fr\/\"},{\"@type\":\"ListItem\",\"position\":2,\"name\":\"Tienda\",\"item\":\"https:\/\/ledsolintel.com\/tienda\/\"},{\"@type\":\"ListItem\",\"position\":3,\"name\":\"Tira Led 5m 24V 22W\/m SMD2110 IP20\"}]},{\"@type\":\"WebSite\",\"@id\":\"https:\/\/ledsolintel.com\/#website\",\"url\":\"https:\/\/ledsolintel.com\/\",\"name\":\"Webmenaje\",\"description\":\"Tienda de bombillas y l\u00e1mparas LED para profesionales\",\"publisher\":{\"@id\":\"https:\/\/ledsolintel.com\/#organization\"},\"potentialAction\":[{\"@type\":\"SearchAction\",\"target\":{\"@type\":\"EntryPoint\",\"urlTemplate\":\"https:\/\/ledsolintel.com\/?s={search_term_string}\"},\"query-input\":{\"@type\":\"PropertyValueSpecification\",\"valueRequired\":true,\"valueName\":\"search_term_string\"}}],\"inLanguage\":\"fr-FR\"},{\"@type\":\"Organization\",\"@id\":\"https:\/\/ledsolintel.com\/#organization\",\"name\":\"Solintel Noroeste, S.L.\",\"url\":\"https:\/\/ledsolintel.com\/\",\"logo\":{\"@type\":\"ImageObject\",\"inLanguage\":\"fr-FR\",\"@id\":\"https:\/\/ledsolintel.com\/#\/schema\/logo\/image\/\",\"url\":\"https:\/\/ledsolintel.com\/wp-content\/uploads\/2024\/11\/webmenaje-logo-1508269066.jpg\",\"contentUrl\":\"https:\/\/ledsolintel.com\/wp-content\/uploads\/2024\/11\/webmenaje-logo-1508269066.jpg\",\"width\":370,\"height\":90,\"caption\":\"Solintel Noroeste, S.L.\"},\"image\":{\"@id\":\"https:\/\/ledsolintel.com\/#\/schema\/logo\/image\/\"},\"sameAs\":[\"http:\/\/www.facebook.com\/webmenaje\",\"https:\/\/x.com\/webmenaje\",\"https:\/\/www.youtube.com\/channel\/UCX2KoVoeCG4LocZjUc6LmSQ\",\"http:\/\/www.pinterest.com\/webmenaje\"]}]}<\/script>\n<!-- \/ Yoast SEO plugin. -->","yoast_head_json":{"title":"Tira Led 5m 24V 22W\/m SMD2110 IP20 - Ledsolintel","robots":{"index":"index","follow":"follow","max-snippet":"max-snippet:-1","max-image-preview":"max-image-preview:large","max-video-preview":"max-video-preview:-1"},"canonical":"https:\/\/ledsolintel.com\/fr\/produit-2\/tira-led-5m-24v-22w-m-smd2110-ip20\/","og_locale":"fr_FR","og_type":"article","og_title":"Tira Led 5m 24V 22W\/m SMD2110 IP20 - Ledsolintel","og_description":"Este tipo de tira LED de alto brillo de 24V se suministra en rollos de 5 metros con 22W. Debido a su grado de protecci\u00f3n IP20 es ideal para instalar en zonas interiores (protecci\u00f3n contra part\u00edculas s\u00f3lidas de tama\u00f1o superior a 12mm y no es resistente al agua) y tambi\u00e9n para instalaci\u00f3n en perfil de &hellip; Continue reading Tira Led 5m 24V 22W\/m SMD2110 IP20","og_url":"https:\/\/ledsolintel.com\/fr\/produit-2\/tira-led-5m-24v-22w-m-smd2110-ip20\/","og_site_name":"Ledsolintel","article_publisher":"http:\/\/www.facebook.com\/webmenaje","article_modified_time":"2026-04-07T08:19:06+00:00","og_image":[{"width":1500,"height":1500,"url":"https:\/\/ledsolintel.com\/wp-content\/uploads\/2025\/11\/tira-led-5m-24v-22wm-smd2110-ip20.jpg","type":"image\/jpeg"}],"twitter_card":"summary_large_image","twitter_site":"@webmenaje","twitter_misc":{"Dur\u00e9e de lecture estim\u00e9e":"2 minutes"},"schema":{"@context":"https:\/\/schema.org","@graph":[{"@type":"WebPage","@id":"https:\/\/ledsolintel.com\/product\/tira-led-5m-24v-22w-m-smd2110-ip20\/","url":"https:\/\/ledsolintel.com\/product\/tira-led-5m-24v-22w-m-smd2110-ip20\/","name":"Tira Led 5m 24V 22W\/m SMD2110 IP20 - Ledsolintel","isPartOf":{"@id":"https:\/\/ledsolintel.com\/#website"},"primaryImageOfPage":{"@id":"https:\/\/ledsolintel.com\/product\/tira-led-5m-24v-22w-m-smd2110-ip20\/#primaryimage"},"image":{"@id":"https:\/\/ledsolintel.com\/product\/tira-led-5m-24v-22w-m-smd2110-ip20\/#primaryimage"},"thumbnailUrl":"https:\/\/ledsolintel.com\/wp-content\/uploads\/2025\/11\/tira-led-5m-24v-22wm-smd2110-ip20.jpg","datePublished":"2025-11-11T15:51:13+00:00","dateModified":"2026-04-07T08:19:06+00:00","breadcrumb":{"@id":"https:\/\/ledsolintel.com\/product\/tira-led-5m-24v-22w-m-smd2110-ip20\/#breadcrumb"},"inLanguage":"fr-FR","potentialAction":[{"@type":"ReadAction","target":["https:\/\/ledsolintel.com\/product\/tira-led-5m-24v-22w-m-smd2110-ip20\/"]}]},{"@type":"ImageObject","inLanguage":"fr-FR","@id":"https:\/\/ledsolintel.com\/product\/tira-led-5m-24v-22w-m-smd2110-ip20\/#primaryimage","url":"https:\/\/ledsolintel.com\/wp-content\/uploads\/2025\/11\/tira-led-5m-24v-22wm-smd2110-ip20.jpg","contentUrl":"https:\/\/ledsolintel.com\/wp-content\/uploads\/2025\/11\/tira-led-5m-24v-22wm-smd2110-ip20.jpg","width":1500,"height":1500},{"@type":"BreadcrumbList","@id":"https:\/\/ledsolintel.com\/product\/tira-led-5m-24v-22w-m-smd2110-ip20\/#breadcrumb","itemListElement":[{"@type":"ListItem","position":1,"name":"Portada","item":"https:\/\/ledsolintel.com\/fr\/"},{"@type":"ListItem","position":2,"name":"Tienda","item":"https:\/\/ledsolintel.com\/tienda\/"},{"@type":"ListItem","position":3,"name":"Tira Led 5m 24V 22W\/m SMD2110 IP20"}]},{"@type":"WebSite","@id":"https:\/\/ledsolintel.com\/#website","url":"https:\/\/ledsolintel.com\/","name":"Webmenaje","description":"Magasin d'ampoules et de lampes LED pour les professionnels","publisher":{"@id":"https:\/\/ledsolintel.com\/#organization"},"potentialAction":[{"@type":"SearchAction","target":{"@type":"EntryPoint","urlTemplate":"https:\/\/ledsolintel.com\/?s={search_term_string}"},"query-input":{"@type":"PropertyValueSpecification","valueRequired":true,"valueName":"search_term_string"}}],"inLanguage":"fr-FR"},{"@type":"Organization","@id":"https:\/\/ledsolintel.com\/#organization","name":"Solintel Noroeste, S.L.","url":"https:\/\/ledsolintel.com\/","logo":{"@type":"ImageObject","inLanguage":"fr-FR","@id":"https:\/\/ledsolintel.com\/#\/schema\/logo\/image\/","url":"https:\/\/ledsolintel.com\/wp-content\/uploads\/2024\/11\/webmenaje-logo-1508269066.jpg","contentUrl":"https:\/\/ledsolintel.com\/wp-content\/uploads\/2024\/11\/webmenaje-logo-1508269066.jpg","width":370,"height":90,"caption":"Solintel Noroeste, S.L."},"image":{"@id":"https:\/\/ledsolintel.com\/#\/schema\/logo\/image\/"},"sameAs":["http:\/\/www.facebook.com\/webmenaje","https:\/\/x.com\/webmenaje","https:\/\/www.youtube.com\/channel\/UCX2KoVoeCG4LocZjUc6LmSQ","http:\/\/www.pinterest.com\/webmenaje"]}]}},"_links":{"self":[{"href":"https:\/\/ledsolintel.com\/fr\/wp-json\/wp\/v2\/product\/267999","targetHints":{"allow":["GET"]}}],"collection":[{"href":"https:\/\/ledsolintel.com\/fr\/wp-json\/wp\/v2\/product"}],"about":[{"href":"https:\/\/ledsolintel.com\/fr\/wp-json\/wp\/v2\/types\/product"}],"version-history":[{"count":1,"href":"https:\/\/ledsolintel.com\/fr\/wp-json\/wp\/v2\/product\/267999\/revisions"}],"predecessor-version":[{"id":268000,"href":"https:\/\/ledsolintel.com\/fr\/wp-json\/wp\/v2\/product\/267999\/revisions\/268000"}],"wp:featuredmedia":[{"embeddable":true,"href":"https:\/\/ledsolintel.com\/fr\/wp-json\/wp\/v2\/media\/261750"}],"wp:attachment":[{"href":"https:\/\/ledsolintel.com\/fr\/wp-json\/wp\/v2\/media?parent=267999"}],"wp:term":[{"taxonomy":"product_brand","embeddable":true,"href":"https:\/\/ledsolintel.com\/fr\/wp-json\/wp\/v2\/product_brand?post=267999"},{"taxonomy":"product_cat","embeddable":true,"href":"https:\/\/ledsolintel.com\/fr\/wp-json\/wp\/v2\/product_cat?post=267999"},{"taxonomy":"product_tag","embeddable":true,"href":"https:\/\/ledsolintel.com\/fr\/wp-json\/wp\/v2\/product_tag?post=267999"}],"curies":[{"name":"wp","href":"https:\/\/api.w.org\/{rel}","templated":true}]}}