{"id":267968,"date":"2025-11-11T16:50:40","date_gmt":"2025-11-11T15:50:40","guid":{"rendered":"https:\/\/nueva.ledsolintel.com\/product\/grapa-pvc-fijacion-neon-flex\/"},"modified":"2026-04-07T10:19:06","modified_gmt":"2026-04-07T08:19:06","slug":"grapa-pvc-fijacion-neon-flex","status":"publish","type":"product","link":"https:\/\/ledsolintel.com\/fr\/produit-2\/grapa-pvc-fijacion-neon-flex\/","title":{"rendered":"Pince en PVC pour la fixation du n\u00e9on flexible"},"content":{"rendered":"<p>Grapa de PVC en color blanco para tiras de ne\u00f3n flex LED monocolor de 220V. Este producto es ideal para sujetar y fijar las tiras en diferentes superficies. La medida interior para las tiras tiene que ser con un m\u00e1ximo de 9 mm.  Su grado de protecci\u00f3n es IP20, en caso de instalaciones exteriores se debe sellar con adhesivo o tubo vulcanizable para evitar la penetraci\u00f3n de agua. Est\u00e1 dise\u00f1ado con las medidas 11 x 11 x 50 mm.  Cuenta con una garant\u00eda de 3 a\u00f1os. Cuenta tambi\u00e9n con el certificado CE, que acredita que se cumple con los requisitos de la UE respecto a compatibilidad electromagn\u00e9tica y normativa de baja tensi\u00f3n. Con este certificado se declara la conformidad de dicho producto con todos los requisitos legales exigidos, y asegura la validez del producto para ser vendido en todo el Espacio Econ\u00f3mico Europeo.      \u00a0<\/p>","protected":false},"excerpt":{"rendered":"<p>Grapa de PVC en color blanco para tiras de ne\u00f3n flex LED monocolor de 220V. Este producto es ideal para sujetar y fijar las tiras en diferentes superficies. La medida interior para las tiras tiene que ser con un m\u00e1ximo de 9 mm. Su grado de protecci\u00f3n es IP20, en caso de instalaciones exteriores se &hellip; <a href=\"https:\/\/ledsolintel.com\/fr\/produit-2\/grapa-pvc-fijacion-neon-flex\/\" class=\"more-link\">Continue reading <span class=\"screen-reader-text\">Pince en PVC pour la fixation du n\u00e9on flexible<\/span><\/a><\/p>","protected":false},"featured_media":261688,"template":"","meta":[],"product_brand":[101370],"product_cat":[101371,15],"product_tag":[],"class_list":{"0":"post-267968","1":"product","2":"type-product","3":"status-publish","4":"has-post-thumbnail","6":"product_brand-masterled","7":"product_cat-masterled","8":"product_cat-uncategorized","9":"pa_voltaje-220v","12":"instock","13":"taxable","14":"shipping-taxable","15":"purchasable","16":"product-type-simple"},"yoast_head":"<!-- This site is optimized with the Yoast SEO plugin v26.6 - https:\/\/yoast.com\/wordpress\/plugins\/seo\/ -->\n<title>Grapa PVC fijaci\u00f3n ne\u00f3n flex - Ledsolintel<\/title>\n<meta name=\"robots\" content=\"index, follow, max-snippet:-1, max-image-preview:large, max-video-preview:-1\" \/>\n<link rel=\"canonical\" href=\"https:\/\/ledsolintel.com\/fr\/produit-2\/grapa-pvc-fijacion-neon-flex\/\" \/>\n<meta property=\"og:locale\" content=\"fr_FR\" \/>\n<meta property=\"og:type\" content=\"article\" \/>\n<meta property=\"og:title\" content=\"Grapa PVC fijaci\u00f3n ne\u00f3n flex - Ledsolintel\" \/>\n<meta property=\"og:description\" content=\"Grapa de PVC en color blanco para tiras de ne\u00f3n flex LED monocolor de 220V. Este producto es ideal para sujetar y fijar las tiras en diferentes superficies. La medida interior para las tiras tiene que ser con un m\u00e1ximo de 9 mm. Su grado de protecci\u00f3n es IP20, en caso de instalaciones exteriores se &hellip; Continue reading Grapa PVC fijaci\u00f3n ne\u00f3n flex\" \/>\n<meta property=\"og:url\" content=\"https:\/\/ledsolintel.com\/fr\/produit-2\/grapa-pvc-fijacion-neon-flex\/\" \/>\n<meta property=\"og:site_name\" content=\"Ledsolintel\" \/>\n<meta property=\"article:publisher\" content=\"http:\/\/www.facebook.com\/webmenaje\" \/>\n<meta property=\"article:modified_time\" content=\"2026-04-07T08:19:06+00:00\" \/>\n<meta property=\"og:image\" content=\"https:\/\/ledsolintel.com\/wp-content\/uploads\/2025\/11\/grapa-pvc-fijacion-neon-flex.jpg\" \/>\n\t<meta property=\"og:image:width\" content=\"1500\" \/>\n\t<meta property=\"og:image:height\" content=\"1500\" \/>\n\t<meta property=\"og:image:type\" content=\"image\/jpeg\" \/>\n<meta name=\"twitter:card\" content=\"summary_large_image\" \/>\n<meta name=\"twitter:site\" content=\"@webmenaje\" \/>\n<meta name=\"twitter:label1\" content=\"Dur\u00e9e de lecture estim\u00e9e\" \/>\n\t<meta name=\"twitter:data1\" content=\"1 minute\" \/>\n<script type=\"application\/ld+json\" class=\"yoast-schema-graph\">{\"@context\":\"https:\/\/schema.org\",\"@graph\":[{\"@type\":\"WebPage\",\"@id\":\"https:\/\/ledsolintel.com\/product\/grapa-pvc-fijacion-neon-flex\/\",\"url\":\"https:\/\/ledsolintel.com\/product\/grapa-pvc-fijacion-neon-flex\/\",\"name\":\"Grapa PVC fijaci\u00f3n ne\u00f3n flex - Ledsolintel\",\"isPartOf\":{\"@id\":\"https:\/\/ledsolintel.com\/#website\"},\"primaryImageOfPage\":{\"@id\":\"https:\/\/ledsolintel.com\/product\/grapa-pvc-fijacion-neon-flex\/#primaryimage\"},\"image\":{\"@id\":\"https:\/\/ledsolintel.com\/product\/grapa-pvc-fijacion-neon-flex\/#primaryimage\"},\"thumbnailUrl\":\"https:\/\/ledsolintel.com\/wp-content\/uploads\/2025\/11\/grapa-pvc-fijacion-neon-flex.jpg\",\"datePublished\":\"2025-11-11T15:50:40+00:00\",\"dateModified\":\"2026-04-07T08:19:06+00:00\",\"breadcrumb\":{\"@id\":\"https:\/\/ledsolintel.com\/product\/grapa-pvc-fijacion-neon-flex\/#breadcrumb\"},\"inLanguage\":\"fr-FR\",\"potentialAction\":[{\"@type\":\"ReadAction\",\"target\":[\"https:\/\/ledsolintel.com\/product\/grapa-pvc-fijacion-neon-flex\/\"]}]},{\"@type\":\"ImageObject\",\"inLanguage\":\"fr-FR\",\"@id\":\"https:\/\/ledsolintel.com\/product\/grapa-pvc-fijacion-neon-flex\/#primaryimage\",\"url\":\"https:\/\/ledsolintel.com\/wp-content\/uploads\/2025\/11\/grapa-pvc-fijacion-neon-flex.jpg\",\"contentUrl\":\"https:\/\/ledsolintel.com\/wp-content\/uploads\/2025\/11\/grapa-pvc-fijacion-neon-flex.jpg\",\"width\":1500,\"height\":1500},{\"@type\":\"BreadcrumbList\",\"@id\":\"https:\/\/ledsolintel.com\/product\/grapa-pvc-fijacion-neon-flex\/#breadcrumb\",\"itemListElement\":[{\"@type\":\"ListItem\",\"position\":1,\"name\":\"Portada\",\"item\":\"https:\/\/ledsolintel.com\/fr\/\"},{\"@type\":\"ListItem\",\"position\":2,\"name\":\"Tienda\",\"item\":\"https:\/\/ledsolintel.com\/tienda\/\"},{\"@type\":\"ListItem\",\"position\":3,\"name\":\"Grapa PVC fijaci\u00f3n ne\u00f3n flex\"}]},{\"@type\":\"WebSite\",\"@id\":\"https:\/\/ledsolintel.com\/#website\",\"url\":\"https:\/\/ledsolintel.com\/\",\"name\":\"Webmenaje\",\"description\":\"Tienda de bombillas y l\u00e1mparas LED para profesionales\",\"publisher\":{\"@id\":\"https:\/\/ledsolintel.com\/#organization\"},\"potentialAction\":[{\"@type\":\"SearchAction\",\"target\":{\"@type\":\"EntryPoint\",\"urlTemplate\":\"https:\/\/ledsolintel.com\/?s={search_term_string}\"},\"query-input\":{\"@type\":\"PropertyValueSpecification\",\"valueRequired\":true,\"valueName\":\"search_term_string\"}}],\"inLanguage\":\"fr-FR\"},{\"@type\":\"Organization\",\"@id\":\"https:\/\/ledsolintel.com\/#organization\",\"name\":\"Solintel Noroeste, S.L.\",\"url\":\"https:\/\/ledsolintel.com\/\",\"logo\":{\"@type\":\"ImageObject\",\"inLanguage\":\"fr-FR\",\"@id\":\"https:\/\/ledsolintel.com\/#\/schema\/logo\/image\/\",\"url\":\"https:\/\/ledsolintel.com\/wp-content\/uploads\/2024\/11\/webmenaje-logo-1508269066.jpg\",\"contentUrl\":\"https:\/\/ledsolintel.com\/wp-content\/uploads\/2024\/11\/webmenaje-logo-1508269066.jpg\",\"width\":370,\"height\":90,\"caption\":\"Solintel Noroeste, S.L.\"},\"image\":{\"@id\":\"https:\/\/ledsolintel.com\/#\/schema\/logo\/image\/\"},\"sameAs\":[\"http:\/\/www.facebook.com\/webmenaje\",\"https:\/\/x.com\/webmenaje\",\"https:\/\/www.youtube.com\/channel\/UCX2KoVoeCG4LocZjUc6LmSQ\",\"http:\/\/www.pinterest.com\/webmenaje\"]}]}<\/script>\n<!-- \/ Yoast SEO plugin. -->","yoast_head_json":{"title":"Grapa PVC fijaci\u00f3n ne\u00f3n flex - Ledsolintel","robots":{"index":"index","follow":"follow","max-snippet":"max-snippet:-1","max-image-preview":"max-image-preview:large","max-video-preview":"max-video-preview:-1"},"canonical":"https:\/\/ledsolintel.com\/fr\/produit-2\/grapa-pvc-fijacion-neon-flex\/","og_locale":"fr_FR","og_type":"article","og_title":"Grapa PVC fijaci\u00f3n ne\u00f3n flex - Ledsolintel","og_description":"Grapa de PVC en color blanco para tiras de ne\u00f3n flex LED monocolor de 220V. Este producto es ideal para sujetar y fijar las tiras en diferentes superficies. La medida interior para las tiras tiene que ser con un m\u00e1ximo de 9 mm. Su grado de protecci\u00f3n es IP20, en caso de instalaciones exteriores se &hellip; Continue reading Grapa PVC fijaci\u00f3n ne\u00f3n flex","og_url":"https:\/\/ledsolintel.com\/fr\/produit-2\/grapa-pvc-fijacion-neon-flex\/","og_site_name":"Ledsolintel","article_publisher":"http:\/\/www.facebook.com\/webmenaje","article_modified_time":"2026-04-07T08:19:06+00:00","og_image":[{"width":1500,"height":1500,"url":"https:\/\/ledsolintel.com\/wp-content\/uploads\/2025\/11\/grapa-pvc-fijacion-neon-flex.jpg","type":"image\/jpeg"}],"twitter_card":"summary_large_image","twitter_site":"@webmenaje","twitter_misc":{"Dur\u00e9e de lecture estim\u00e9e":"1 minute"},"schema":{"@context":"https:\/\/schema.org","@graph":[{"@type":"WebPage","@id":"https:\/\/ledsolintel.com\/product\/grapa-pvc-fijacion-neon-flex\/","url":"https:\/\/ledsolintel.com\/product\/grapa-pvc-fijacion-neon-flex\/","name":"Grapa PVC fijaci\u00f3n ne\u00f3n flex - Ledsolintel","isPartOf":{"@id":"https:\/\/ledsolintel.com\/#website"},"primaryImageOfPage":{"@id":"https:\/\/ledsolintel.com\/product\/grapa-pvc-fijacion-neon-flex\/#primaryimage"},"image":{"@id":"https:\/\/ledsolintel.com\/product\/grapa-pvc-fijacion-neon-flex\/#primaryimage"},"thumbnailUrl":"https:\/\/ledsolintel.com\/wp-content\/uploads\/2025\/11\/grapa-pvc-fijacion-neon-flex.jpg","datePublished":"2025-11-11T15:50:40+00:00","dateModified":"2026-04-07T08:19:06+00:00","breadcrumb":{"@id":"https:\/\/ledsolintel.com\/product\/grapa-pvc-fijacion-neon-flex\/#breadcrumb"},"inLanguage":"fr-FR","potentialAction":[{"@type":"ReadAction","target":["https:\/\/ledsolintel.com\/product\/grapa-pvc-fijacion-neon-flex\/"]}]},{"@type":"ImageObject","inLanguage":"fr-FR","@id":"https:\/\/ledsolintel.com\/product\/grapa-pvc-fijacion-neon-flex\/#primaryimage","url":"https:\/\/ledsolintel.com\/wp-content\/uploads\/2025\/11\/grapa-pvc-fijacion-neon-flex.jpg","contentUrl":"https:\/\/ledsolintel.com\/wp-content\/uploads\/2025\/11\/grapa-pvc-fijacion-neon-flex.jpg","width":1500,"height":1500},{"@type":"BreadcrumbList","@id":"https:\/\/ledsolintel.com\/product\/grapa-pvc-fijacion-neon-flex\/#breadcrumb","itemListElement":[{"@type":"ListItem","position":1,"name":"Portada","item":"https:\/\/ledsolintel.com\/fr\/"},{"@type":"ListItem","position":2,"name":"Tienda","item":"https:\/\/ledsolintel.com\/tienda\/"},{"@type":"ListItem","position":3,"name":"Grapa PVC fijaci\u00f3n ne\u00f3n flex"}]},{"@type":"WebSite","@id":"https:\/\/ledsolintel.com\/#website","url":"https:\/\/ledsolintel.com\/","name":"Webmenaje","description":"Magasin d'ampoules et de lampes LED pour les professionnels","publisher":{"@id":"https:\/\/ledsolintel.com\/#organization"},"potentialAction":[{"@type":"SearchAction","target":{"@type":"EntryPoint","urlTemplate":"https:\/\/ledsolintel.com\/?s={search_term_string}"},"query-input":{"@type":"PropertyValueSpecification","valueRequired":true,"valueName":"search_term_string"}}],"inLanguage":"fr-FR"},{"@type":"Organization","@id":"https:\/\/ledsolintel.com\/#organization","name":"Solintel Noroeste, S.L.","url":"https:\/\/ledsolintel.com\/","logo":{"@type":"ImageObject","inLanguage":"fr-FR","@id":"https:\/\/ledsolintel.com\/#\/schema\/logo\/image\/","url":"https:\/\/ledsolintel.com\/wp-content\/uploads\/2024\/11\/webmenaje-logo-1508269066.jpg","contentUrl":"https:\/\/ledsolintel.com\/wp-content\/uploads\/2024\/11\/webmenaje-logo-1508269066.jpg","width":370,"height":90,"caption":"Solintel Noroeste, S.L."},"image":{"@id":"https:\/\/ledsolintel.com\/#\/schema\/logo\/image\/"},"sameAs":["http:\/\/www.facebook.com\/webmenaje","https:\/\/x.com\/webmenaje","https:\/\/www.youtube.com\/channel\/UCX2KoVoeCG4LocZjUc6LmSQ","http:\/\/www.pinterest.com\/webmenaje"]}]}},"_links":{"self":[{"href":"https:\/\/ledsolintel.com\/fr\/wp-json\/wp\/v2\/product\/267968","targetHints":{"allow":["GET"]}}],"collection":[{"href":"https:\/\/ledsolintel.com\/fr\/wp-json\/wp\/v2\/product"}],"about":[{"href":"https:\/\/ledsolintel.com\/fr\/wp-json\/wp\/v2\/types\/product"}],"version-history":[{"count":1,"href":"https:\/\/ledsolintel.com\/fr\/wp-json\/wp\/v2\/product\/267968\/revisions"}],"predecessor-version":[{"id":267969,"href":"https:\/\/ledsolintel.com\/fr\/wp-json\/wp\/v2\/product\/267968\/revisions\/267969"}],"wp:featuredmedia":[{"embeddable":true,"href":"https:\/\/ledsolintel.com\/fr\/wp-json\/wp\/v2\/media\/261688"}],"wp:attachment":[{"href":"https:\/\/ledsolintel.com\/fr\/wp-json\/wp\/v2\/media?parent=267968"}],"wp:term":[{"taxonomy":"product_brand","embeddable":true,"href":"https:\/\/ledsolintel.com\/fr\/wp-json\/wp\/v2\/product_brand?post=267968"},{"taxonomy":"product_cat","embeddable":true,"href":"https:\/\/ledsolintel.com\/fr\/wp-json\/wp\/v2\/product_cat?post=267968"},{"taxonomy":"product_tag","embeddable":true,"href":"https:\/\/ledsolintel.com\/fr\/wp-json\/wp\/v2\/product_tag?post=267968"}],"curies":[{"name":"wp","href":"https:\/\/api.w.org\/{rel}","templated":true}]}}