{"id":267935,"date":"2025-11-11T16:50:01","date_gmt":"2025-11-11T15:50:01","guid":{"rendered":"https:\/\/nueva.ledsolintel.com\/product\/farola-solar-led-100w-alumbrado-publico\/"},"modified":"2026-04-07T10:19:07","modified_gmt":"2026-04-07T08:19:07","slug":"farola-solar-led-100w-alumbrado-publico","status":"publish","type":"product","link":"https:\/\/ledsolintel.com\/fr\/produit-2\/farola-solar-led-100w-alumbrado-publico\/","title":{"rendered":"Eclairage public solaire LED 100W"},"content":{"rendered":"<p>Farola LED alimentada mediante placa solar integrada, sin conexi\u00f3n a la red el\u00e9ctrica.Fabricada en cuerpo de aluminio, es resistente al agua y a la penetraci\u00f3n de polvo. Su base ajustable permite orientar el haz de luz en la direcci\u00f3n deseada.Durante el d\u00eda, la luminaria permanece apagada mientras recarga su bater\u00eda. Por la noche, la farola se enciende autom\u00e1ticamente al 100% de su potencia y se vuelve a apagar al amanecer.Las farolas solares ahorran tiempo y dinero en la instalaci\u00f3n, ya que no necesitan conexi\u00f3n a la red el\u00e9ctrica. La inversi\u00f3n se amortiza r\u00e1pidamente al no tener que pagar su consumo en la factura de la luz. Ofrecen seguridad frente a apagones\u00a0y son respetuosas con el medio ambiente.Su uso es ideal para el alumbrado de calles, carreteras, jardines, parques, aceras, zonas industriales, etc.  Caracter\u00edsticas:-\u00a0Altura de montaje recomendada:\u00a06-9\u00a0metros- Capacidad de la bater\u00eda: 42Ah- Tiempo de carga: 6-8 horas- Autonom\u00eda:\u00a08-12 horas*- Di\u00e1metro de la base:\u00a063 mm- Temperatura de trabajo recomendada:\u00a0+5\u00b0C \/ +45\u00b0C  *La autonom\u00eda puede verse afectada en zonas de baja radiaci\u00f3n solar (ver mapa).Las horas de funcionamiento pueden\u00a0reducirse en zonas con una radiaci\u00f3n inferior a 1600\u00a0kWh\/m2, as\u00ed como en zonas con temperaturas inferiores a 5\u00baC durante per\u00edodos prolongados.<\/p>","protected":false},"excerpt":{"rendered":"<p>Farola LED alimentada mediante placa solar integrada, sin conexi\u00f3n a la red el\u00e9ctrica.Fabricada en cuerpo de aluminio, es resistente al agua y a la penetraci\u00f3n de polvo. Su base ajustable permite orientar el haz de luz en la direcci\u00f3n deseada.Durante el d\u00eda, la luminaria permanece apagada mientras recarga su bater\u00eda. Por la noche, la farola &hellip; <a href=\"https:\/\/ledsolintel.com\/fr\/produit-2\/farola-solar-led-100w-alumbrado-publico\/\" class=\"more-link\">Continue reading <span class=\"screen-reader-text\">Eclairage public solaire LED 100W<\/span><\/a><\/p>","protected":false},"featured_media":261624,"template":"","meta":[],"product_brand":[101370],"product_cat":[99579,100273,101371,15],"product_tag":[],"class_list":{"0":"post-267935","1":"product","2":"type-product","3":"status-publish","4":"has-post-thumbnail","6":"product_brand-masterled","7":"product_cat-iluminacion-vial","8":"product_cat-farolas-solares","9":"product_cat-masterled","10":"product_cat-uncategorized","11":"pa_temperatura-color-luz-blanca","12":"pa_temperatura-color-luz-neutra","15":"instock","16":"taxable","17":"shipping-taxable","18":"purchasable","19":"product-type-variable","20":"has-default-attributes"},"yoast_head":"<!-- This site is optimized with the Yoast SEO plugin v27.4 - https:\/\/yoast.com\/product\/yoast-seo-wordpress\/ -->\n<title>Farola solar LED 100W alumbrado p\u00fablico - Ledsolintel<\/title>\n<meta name=\"robots\" content=\"index, follow, max-snippet:-1, max-image-preview:large, max-video-preview:-1\" \/>\n<link rel=\"canonical\" href=\"https:\/\/ledsolintel.com\/fr\/produit-2\/farola-solar-led-100w-alumbrado-publico\/\" \/>\n<meta property=\"og:locale\" content=\"fr_FR\" \/>\n<meta property=\"og:type\" content=\"article\" \/>\n<meta property=\"og:title\" content=\"Farola solar LED 100W alumbrado p\u00fablico - Ledsolintel\" \/>\n<meta property=\"og:description\" content=\"Farola LED alimentada mediante placa solar integrada, sin conexi\u00f3n a la red el\u00e9ctrica.Fabricada en cuerpo de aluminio, es resistente al agua y a la penetraci\u00f3n de polvo. Su base ajustable permite orientar el haz de luz en la direcci\u00f3n deseada.Durante el d\u00eda, la luminaria permanece apagada mientras recarga su bater\u00eda. Por la noche, la farola &hellip; Continue reading Farola solar LED 100W alumbrado p\u00fablico\" \/>\n<meta property=\"og:url\" content=\"https:\/\/ledsolintel.com\/fr\/produit-2\/farola-solar-led-100w-alumbrado-publico\/\" \/>\n<meta property=\"og:site_name\" content=\"Ledsolintel\" \/>\n<meta property=\"article:publisher\" content=\"http:\/\/www.facebook.com\/webmenaje\" \/>\n<meta property=\"article:modified_time\" content=\"2026-04-07T08:19:07+00:00\" \/>\n<meta property=\"og:image\" content=\"https:\/\/ledsolintel.com\/wp-content\/uploads\/2025\/11\/farola-solar-led-100w-alumbrado-publico.jpg\" \/>\n\t<meta property=\"og:image:width\" content=\"800\" \/>\n\t<meta property=\"og:image:height\" content=\"800\" \/>\n\t<meta property=\"og:image:type\" content=\"image\/jpeg\" \/>\n<meta name=\"twitter:card\" content=\"summary_large_image\" \/>\n<meta name=\"twitter:site\" content=\"@webmenaje\" \/>\n<meta name=\"twitter:label1\" content=\"Dur\u00e9e de lecture estim\u00e9e\" \/>\n\t<meta name=\"twitter:data1\" content=\"1 minute\" \/>\n<script type=\"application\/ld+json\" class=\"yoast-schema-graph\">{\"@context\":\"https:\\\/\\\/schema.org\",\"@graph\":[{\"@type\":\"WebPage\",\"@id\":\"https:\\\/\\\/ledsolintel.com\\\/product\\\/farola-solar-led-100w-alumbrado-publico\\\/\",\"url\":\"https:\\\/\\\/ledsolintel.com\\\/product\\\/farola-solar-led-100w-alumbrado-publico\\\/\",\"name\":\"Farola solar LED 100W alumbrado p\u00fablico - Ledsolintel\",\"isPartOf\":{\"@id\":\"https:\\\/\\\/ledsolintel.com\\\/#website\"},\"primaryImageOfPage\":{\"@id\":\"https:\\\/\\\/ledsolintel.com\\\/product\\\/farola-solar-led-100w-alumbrado-publico\\\/#primaryimage\"},\"image\":{\"@id\":\"https:\\\/\\\/ledsolintel.com\\\/product\\\/farola-solar-led-100w-alumbrado-publico\\\/#primaryimage\"},\"thumbnailUrl\":\"https:\\\/\\\/ledsolintel.com\\\/wp-content\\\/uploads\\\/2025\\\/11\\\/farola-solar-led-100w-alumbrado-publico.jpg\",\"datePublished\":\"2025-11-11T15:50:01+00:00\",\"dateModified\":\"2026-04-07T08:19:07+00:00\",\"breadcrumb\":{\"@id\":\"https:\\\/\\\/ledsolintel.com\\\/product\\\/farola-solar-led-100w-alumbrado-publico\\\/#breadcrumb\"},\"inLanguage\":\"fr-FR\",\"potentialAction\":[{\"@type\":\"ReadAction\",\"target\":[\"https:\\\/\\\/ledsolintel.com\\\/product\\\/farola-solar-led-100w-alumbrado-publico\\\/\"]}]},{\"@type\":\"ImageObject\",\"inLanguage\":\"fr-FR\",\"@id\":\"https:\\\/\\\/ledsolintel.com\\\/product\\\/farola-solar-led-100w-alumbrado-publico\\\/#primaryimage\",\"url\":\"https:\\\/\\\/ledsolintel.com\\\/wp-content\\\/uploads\\\/2025\\\/11\\\/farola-solar-led-100w-alumbrado-publico.jpg\",\"contentUrl\":\"https:\\\/\\\/ledsolintel.com\\\/wp-content\\\/uploads\\\/2025\\\/11\\\/farola-solar-led-100w-alumbrado-publico.jpg\",\"width\":800,\"height\":800},{\"@type\":\"BreadcrumbList\",\"@id\":\"https:\\\/\\\/ledsolintel.com\\\/product\\\/farola-solar-led-100w-alumbrado-publico\\\/#breadcrumb\",\"itemListElement\":[{\"@type\":\"ListItem\",\"position\":1,\"name\":\"Portada\",\"item\":\"https:\\\/\\\/ledsolintel.com\\\/fr\\\/\"},{\"@type\":\"ListItem\",\"position\":2,\"name\":\"Tienda\",\"item\":\"https:\\\/\\\/ledsolintel.com\\\/tienda\\\/\"},{\"@type\":\"ListItem\",\"position\":3,\"name\":\"Farola solar LED 100W alumbrado p\u00fablico\"}]},{\"@type\":\"WebSite\",\"@id\":\"https:\\\/\\\/ledsolintel.com\\\/#website\",\"url\":\"https:\\\/\\\/ledsolintel.com\\\/\",\"name\":\"Webmenaje\",\"description\":\"Tienda de bombillas y l\u00e1mparas LED para profesionales\",\"publisher\":{\"@id\":\"https:\\\/\\\/ledsolintel.com\\\/#organization\"},\"potentialAction\":[{\"@type\":\"SearchAction\",\"target\":{\"@type\":\"EntryPoint\",\"urlTemplate\":\"https:\\\/\\\/ledsolintel.com\\\/?s={search_term_string}\"},\"query-input\":{\"@type\":\"PropertyValueSpecification\",\"valueRequired\":true,\"valueName\":\"search_term_string\"}}],\"inLanguage\":\"fr-FR\"},{\"@type\":\"Organization\",\"@id\":\"https:\\\/\\\/ledsolintel.com\\\/#organization\",\"name\":\"Solintel Noroeste, S.L.\",\"url\":\"https:\\\/\\\/ledsolintel.com\\\/\",\"logo\":{\"@type\":\"ImageObject\",\"inLanguage\":\"fr-FR\",\"@id\":\"https:\\\/\\\/ledsolintel.com\\\/#\\\/schema\\\/logo\\\/image\\\/\",\"url\":\"https:\\\/\\\/ledsolintel.com\\\/wp-content\\\/uploads\\\/2024\\\/11\\\/webmenaje-logo-1508269066.jpg\",\"contentUrl\":\"https:\\\/\\\/ledsolintel.com\\\/wp-content\\\/uploads\\\/2024\\\/11\\\/webmenaje-logo-1508269066.jpg\",\"width\":370,\"height\":90,\"caption\":\"Solintel Noroeste, S.L.\"},\"image\":{\"@id\":\"https:\\\/\\\/ledsolintel.com\\\/#\\\/schema\\\/logo\\\/image\\\/\"},\"sameAs\":[\"http:\\\/\\\/www.facebook.com\\\/webmenaje\",\"https:\\\/\\\/x.com\\\/webmenaje\",\"https:\\\/\\\/www.youtube.com\\\/channel\\\/UCX2KoVoeCG4LocZjUc6LmSQ\",\"http:\\\/\\\/www.pinterest.com\\\/webmenaje\"]}]}<\/script>\n<!-- \/ Yoast SEO plugin. -->","yoast_head_json":{"title":"Farola solar LED 100W alumbrado p\u00fablico - Ledsolintel","robots":{"index":"index","follow":"follow","max-snippet":"max-snippet:-1","max-image-preview":"max-image-preview:large","max-video-preview":"max-video-preview:-1"},"canonical":"https:\/\/ledsolintel.com\/fr\/produit-2\/farola-solar-led-100w-alumbrado-publico\/","og_locale":"fr_FR","og_type":"article","og_title":"Farola solar LED 100W alumbrado p\u00fablico - Ledsolintel","og_description":"Farola LED alimentada mediante placa solar integrada, sin conexi\u00f3n a la red el\u00e9ctrica.Fabricada en cuerpo de aluminio, es resistente al agua y a la penetraci\u00f3n de polvo. Su base ajustable permite orientar el haz de luz en la direcci\u00f3n deseada.Durante el d\u00eda, la luminaria permanece apagada mientras recarga su bater\u00eda. Por la noche, la farola &hellip; Continue reading Farola solar LED 100W alumbrado p\u00fablico","og_url":"https:\/\/ledsolintel.com\/fr\/produit-2\/farola-solar-led-100w-alumbrado-publico\/","og_site_name":"Ledsolintel","article_publisher":"http:\/\/www.facebook.com\/webmenaje","article_modified_time":"2026-04-07T08:19:07+00:00","og_image":[{"width":800,"height":800,"url":"https:\/\/ledsolintel.com\/wp-content\/uploads\/2025\/11\/farola-solar-led-100w-alumbrado-publico.jpg","type":"image\/jpeg"}],"twitter_card":"summary_large_image","twitter_site":"@webmenaje","twitter_misc":{"Dur\u00e9e de lecture estim\u00e9e":"1 minute"},"schema":{"@context":"https:\/\/schema.org","@graph":[{"@type":"WebPage","@id":"https:\/\/ledsolintel.com\/product\/farola-solar-led-100w-alumbrado-publico\/","url":"https:\/\/ledsolintel.com\/product\/farola-solar-led-100w-alumbrado-publico\/","name":"Farola solar LED 100W alumbrado p\u00fablico - Ledsolintel","isPartOf":{"@id":"https:\/\/ledsolintel.com\/#website"},"primaryImageOfPage":{"@id":"https:\/\/ledsolintel.com\/product\/farola-solar-led-100w-alumbrado-publico\/#primaryimage"},"image":{"@id":"https:\/\/ledsolintel.com\/product\/farola-solar-led-100w-alumbrado-publico\/#primaryimage"},"thumbnailUrl":"https:\/\/ledsolintel.com\/wp-content\/uploads\/2025\/11\/farola-solar-led-100w-alumbrado-publico.jpg","datePublished":"2025-11-11T15:50:01+00:00","dateModified":"2026-04-07T08:19:07+00:00","breadcrumb":{"@id":"https:\/\/ledsolintel.com\/product\/farola-solar-led-100w-alumbrado-publico\/#breadcrumb"},"inLanguage":"fr-FR","potentialAction":[{"@type":"ReadAction","target":["https:\/\/ledsolintel.com\/product\/farola-solar-led-100w-alumbrado-publico\/"]}]},{"@type":"ImageObject","inLanguage":"fr-FR","@id":"https:\/\/ledsolintel.com\/product\/farola-solar-led-100w-alumbrado-publico\/#primaryimage","url":"https:\/\/ledsolintel.com\/wp-content\/uploads\/2025\/11\/farola-solar-led-100w-alumbrado-publico.jpg","contentUrl":"https:\/\/ledsolintel.com\/wp-content\/uploads\/2025\/11\/farola-solar-led-100w-alumbrado-publico.jpg","width":800,"height":800},{"@type":"BreadcrumbList","@id":"https:\/\/ledsolintel.com\/product\/farola-solar-led-100w-alumbrado-publico\/#breadcrumb","itemListElement":[{"@type":"ListItem","position":1,"name":"Portada","item":"https:\/\/ledsolintel.com\/fr\/"},{"@type":"ListItem","position":2,"name":"Tienda","item":"https:\/\/ledsolintel.com\/tienda\/"},{"@type":"ListItem","position":3,"name":"Farola solar LED 100W alumbrado p\u00fablico"}]},{"@type":"WebSite","@id":"https:\/\/ledsolintel.com\/#website","url":"https:\/\/ledsolintel.com\/","name":"Webmenaje","description":"Magasin d'ampoules et de lampes LED pour les professionnels","publisher":{"@id":"https:\/\/ledsolintel.com\/#organization"},"potentialAction":[{"@type":"SearchAction","target":{"@type":"EntryPoint","urlTemplate":"https:\/\/ledsolintel.com\/?s={search_term_string}"},"query-input":{"@type":"PropertyValueSpecification","valueRequired":true,"valueName":"search_term_string"}}],"inLanguage":"fr-FR"},{"@type":"Organization","@id":"https:\/\/ledsolintel.com\/#organization","name":"Solintel Noroeste, S.L.","url":"https:\/\/ledsolintel.com\/","logo":{"@type":"ImageObject","inLanguage":"fr-FR","@id":"https:\/\/ledsolintel.com\/#\/schema\/logo\/image\/","url":"https:\/\/ledsolintel.com\/wp-content\/uploads\/2024\/11\/webmenaje-logo-1508269066.jpg","contentUrl":"https:\/\/ledsolintel.com\/wp-content\/uploads\/2024\/11\/webmenaje-logo-1508269066.jpg","width":370,"height":90,"caption":"Solintel Noroeste, S.L."},"image":{"@id":"https:\/\/ledsolintel.com\/#\/schema\/logo\/image\/"},"sameAs":["http:\/\/www.facebook.com\/webmenaje","https:\/\/x.com\/webmenaje","https:\/\/www.youtube.com\/channel\/UCX2KoVoeCG4LocZjUc6LmSQ","http:\/\/www.pinterest.com\/webmenaje"]}]}},"_links":{"self":[{"href":"https:\/\/ledsolintel.com\/fr\/wp-json\/wp\/v2\/product\/267935","targetHints":{"allow":["GET"]}}],"collection":[{"href":"https:\/\/ledsolintel.com\/fr\/wp-json\/wp\/v2\/product"}],"about":[{"href":"https:\/\/ledsolintel.com\/fr\/wp-json\/wp\/v2\/types\/product"}],"version-history":[{"count":1,"href":"https:\/\/ledsolintel.com\/fr\/wp-json\/wp\/v2\/product\/267935\/revisions"}],"predecessor-version":[{"id":267936,"href":"https:\/\/ledsolintel.com\/fr\/wp-json\/wp\/v2\/product\/267935\/revisions\/267936"}],"wp:featuredmedia":[{"embeddable":true,"href":"https:\/\/ledsolintel.com\/fr\/wp-json\/wp\/v2\/media\/261624"}],"wp:attachment":[{"href":"https:\/\/ledsolintel.com\/fr\/wp-json\/wp\/v2\/media?parent=267935"}],"wp:term":[{"taxonomy":"product_brand","embeddable":true,"href":"https:\/\/ledsolintel.com\/fr\/wp-json\/wp\/v2\/product_brand?post=267935"},{"taxonomy":"product_cat","embeddable":true,"href":"https:\/\/ledsolintel.com\/fr\/wp-json\/wp\/v2\/product_cat?post=267935"},{"taxonomy":"product_tag","embeddable":true,"href":"https:\/\/ledsolintel.com\/fr\/wp-json\/wp\/v2\/product_tag?post=267935"}],"curies":[{"name":"wp","href":"https:\/\/api.w.org\/{rel}","templated":true}]}}