{"id":267896,"date":"2025-11-11T16:49:14","date_gmt":"2025-11-11T15:49:14","guid":{"rendered":"https:\/\/nueva.ledsolintel.com\/product\/base-enchufe-schuko-16a\/"},"modified":"2026-04-07T10:19:07","modified_gmt":"2026-04-07T08:19:07","slug":"prise-schuko-16a","status":"publish","type":"product","link":"https:\/\/ledsolintel.com\/fr\/produit-2\/prise-schuko-16a\/","title":{"rendered":"Prise schuko 16A"},"content":{"rendered":"<p>Prise de courant encastr\u00e9e de type F (Schuko), disponible en deux couleurs : noir et blanc. Id\u00e9ale pour \u00eatre combin\u00e9e avec nos cadres en verre pour m\u00e9canismes. C'est un choix parfait pour toute installation \u00e9lectrique qui exige s\u00e9curit\u00e9 et durabilit\u00e9, ce qui la rend id\u00e9ale pour les \u00e9quipements de grande puissance et l'utilisation quotidienne dans les maisons, les bureaux ou les industries.  Compatible avec la norme europ\u00e9enne Schuko, il garantit une connexion s\u00fbre et efficace pour une large gamme d'appareils et de dispositifs \u00e9lectriques. Sa conception robuste et de qualit\u00e9 lui assure une longue dur\u00e9e de vie, m\u00eame dans des environnements tr\u00e8s sollicit\u00e9s. Sa conception standardis\u00e9e et robuste en fait un choix polyvalent pour tout espace, garantissant des performances optimales dans toutes les applications. Id\u00e9al pour les projets domestiques et professionnels.  Compatible avec les bo\u00eetes \u00e0 m\u00e9canisme universelles et les cadres de la s\u00e9rie crystal. M\u00e9canisme non compatible avec les cadres de la s\u00e9rie PC.  Charge maximale : 16A Il est con\u00e7u en polycarbonate et mesure 50 x 50 x 40 mm. Il supporte une tension d'entr\u00e9e de 200-240V et une fr\u00e9quence de fonctionnement de 50\/60 Hz.  Gr\u00e2ce \u00e0 son degr\u00e9 de protection IP20, il est id\u00e9al pour une installation \u00e0 l'int\u00e9rieur (protection contre les particules solides de plus de 12 mm et il n'est pas \u00e9tanche).  Il est garanti 3 ans. Il poss\u00e8de \u00e9galement le certificat CE, qui atteste qu'il est conforme aux exigences de l'UE en mati\u00e8re de compatibilit\u00e9 \u00e9lectromagn\u00e9tique et de basse tension. Ce certificat d\u00e9clare la conformit\u00e9 du produit \u00e0 toutes les exigences l\u00e9gales et garantit la validit\u00e9 de la vente du produit dans l'Espace \u00e9conomique europ\u00e9en.<\/p>","protected":false},"excerpt":{"rendered":"<p>Base de enchufe empotrable tipo F (Schuko), disponible en dos colores: blanco y negro. Ideal para combinar con nuestros marcos de cristal para mecanismos. Es una opci\u00f3n perfecta para cualquier instalaci\u00f3n el\u00e9ctrica que requiera seguridad y durabilidad, lo que lo hace ideal para equipos de alta potencia y uso cotidiano en hogares, oficinas o industrias. &hellip; <a href=\"https:\/\/ledsolintel.com\/fr\/produit-2\/prise-schuko-16a\/\" class=\"more-link\">Continue reading <span class=\"screen-reader-text\">Prise schuko 16A<\/span><\/a><\/p>","protected":false},"featured_media":261553,"template":"","meta":[],"product_brand":[101370],"product_cat":[101371,15],"product_tag":[],"class_list":{"0":"post-267896","1":"product","2":"type-product","3":"status-publish","4":"has-post-thumbnail","6":"product_brand-masterled","7":"product_cat-masterled","8":"product_cat-uncategorized","9":"pa_color-blanco","10":"pa_color-negro","13":"instock","14":"taxable","15":"shipping-taxable","16":"purchasable","17":"product-type-variable","18":"has-default-attributes"},"yoast_head":"<!-- This site is optimized with the Yoast SEO plugin v27.4 - https:\/\/yoast.com\/product\/yoast-seo-wordpress\/ -->\n<title>Base enchufe schuko 16A - Ledsolintel<\/title>\n<meta name=\"robots\" content=\"index, follow, max-snippet:-1, max-image-preview:large, max-video-preview:-1\" \/>\n<link rel=\"canonical\" href=\"https:\/\/ledsolintel.com\/fr\/produit-2\/prise-schuko-16a\/\" \/>\n<meta property=\"og:locale\" content=\"fr_FR\" \/>\n<meta property=\"og:type\" content=\"article\" \/>\n<meta property=\"og:title\" content=\"Base enchufe schuko 16A - Ledsolintel\" \/>\n<meta property=\"og:description\" content=\"Base de enchufe empotrable tipo F (Schuko), disponible en dos colores: blanco y negro. Ideal para combinar con nuestros marcos de cristal para mecanismos. Es una opci\u00f3n perfecta para cualquier instalaci\u00f3n el\u00e9ctrica que requiera seguridad y durabilidad, lo que lo hace ideal para equipos de alta potencia y uso cotidiano en hogares, oficinas o industrias. &hellip; Continue reading Base enchufe schuko 16A\" \/>\n<meta property=\"og:url\" content=\"https:\/\/ledsolintel.com\/fr\/produit-2\/prise-schuko-16a\/\" \/>\n<meta property=\"og:site_name\" content=\"Ledsolintel\" \/>\n<meta property=\"article:publisher\" content=\"http:\/\/www.facebook.com\/webmenaje\" \/>\n<meta property=\"article:modified_time\" content=\"2026-04-07T08:19:07+00:00\" \/>\n<meta property=\"og:image\" content=\"https:\/\/ledsolintel.com\/wp-content\/uploads\/2025\/11\/base-enchufe-schuko-16a.jpg\" \/>\n\t<meta property=\"og:image:width\" content=\"600\" \/>\n\t<meta property=\"og:image:height\" content=\"600\" \/>\n\t<meta property=\"og:image:type\" content=\"image\/jpeg\" \/>\n<meta name=\"twitter:card\" content=\"summary_large_image\" \/>\n<meta name=\"twitter:site\" content=\"@webmenaje\" \/>\n<meta name=\"twitter:label1\" content=\"Dur\u00e9e de lecture estim\u00e9e\" \/>\n\t<meta name=\"twitter:data1\" content=\"1 minute\" \/>\n<script type=\"application\/ld+json\" class=\"yoast-schema-graph\">{\"@context\":\"https:\\\/\\\/schema.org\",\"@graph\":[{\"@type\":\"WebPage\",\"@id\":\"https:\\\/\\\/ledsolintel.com\\\/product\\\/base-enchufe-schuko-16a\\\/\",\"url\":\"https:\\\/\\\/ledsolintel.com\\\/product\\\/base-enchufe-schuko-16a\\\/\",\"name\":\"Base enchufe schuko 16A - Ledsolintel\",\"isPartOf\":{\"@id\":\"https:\\\/\\\/ledsolintel.com\\\/#website\"},\"primaryImageOfPage\":{\"@id\":\"https:\\\/\\\/ledsolintel.com\\\/product\\\/base-enchufe-schuko-16a\\\/#primaryimage\"},\"image\":{\"@id\":\"https:\\\/\\\/ledsolintel.com\\\/product\\\/base-enchufe-schuko-16a\\\/#primaryimage\"},\"thumbnailUrl\":\"https:\\\/\\\/ledsolintel.com\\\/wp-content\\\/uploads\\\/2025\\\/11\\\/base-enchufe-schuko-16a.jpg\",\"datePublished\":\"2025-11-11T15:49:14+00:00\",\"dateModified\":\"2026-04-07T08:19:07+00:00\",\"breadcrumb\":{\"@id\":\"https:\\\/\\\/ledsolintel.com\\\/product\\\/base-enchufe-schuko-16a\\\/#breadcrumb\"},\"inLanguage\":\"fr-FR\",\"potentialAction\":[{\"@type\":\"ReadAction\",\"target\":[\"https:\\\/\\\/ledsolintel.com\\\/product\\\/base-enchufe-schuko-16a\\\/\"]}]},{\"@type\":\"ImageObject\",\"inLanguage\":\"fr-FR\",\"@id\":\"https:\\\/\\\/ledsolintel.com\\\/product\\\/base-enchufe-schuko-16a\\\/#primaryimage\",\"url\":\"https:\\\/\\\/ledsolintel.com\\\/wp-content\\\/uploads\\\/2025\\\/11\\\/base-enchufe-schuko-16a.jpg\",\"contentUrl\":\"https:\\\/\\\/ledsolintel.com\\\/wp-content\\\/uploads\\\/2025\\\/11\\\/base-enchufe-schuko-16a.jpg\",\"width\":600,\"height\":600},{\"@type\":\"BreadcrumbList\",\"@id\":\"https:\\\/\\\/ledsolintel.com\\\/product\\\/base-enchufe-schuko-16a\\\/#breadcrumb\",\"itemListElement\":[{\"@type\":\"ListItem\",\"position\":1,\"name\":\"Portada\",\"item\":\"https:\\\/\\\/ledsolintel.com\\\/fr\\\/\"},{\"@type\":\"ListItem\",\"position\":2,\"name\":\"Tienda\",\"item\":\"https:\\\/\\\/ledsolintel.com\\\/tienda\\\/\"},{\"@type\":\"ListItem\",\"position\":3,\"name\":\"Base enchufe schuko 16A\"}]},{\"@type\":\"WebSite\",\"@id\":\"https:\\\/\\\/ledsolintel.com\\\/#website\",\"url\":\"https:\\\/\\\/ledsolintel.com\\\/\",\"name\":\"Webmenaje\",\"description\":\"Tienda de bombillas y l\u00e1mparas LED para profesionales\",\"publisher\":{\"@id\":\"https:\\\/\\\/ledsolintel.com\\\/#organization\"},\"potentialAction\":[{\"@type\":\"SearchAction\",\"target\":{\"@type\":\"EntryPoint\",\"urlTemplate\":\"https:\\\/\\\/ledsolintel.com\\\/?s={search_term_string}\"},\"query-input\":{\"@type\":\"PropertyValueSpecification\",\"valueRequired\":true,\"valueName\":\"search_term_string\"}}],\"inLanguage\":\"fr-FR\"},{\"@type\":\"Organization\",\"@id\":\"https:\\\/\\\/ledsolintel.com\\\/#organization\",\"name\":\"Solintel Noroeste, S.L.\",\"url\":\"https:\\\/\\\/ledsolintel.com\\\/\",\"logo\":{\"@type\":\"ImageObject\",\"inLanguage\":\"fr-FR\",\"@id\":\"https:\\\/\\\/ledsolintel.com\\\/#\\\/schema\\\/logo\\\/image\\\/\",\"url\":\"https:\\\/\\\/ledsolintel.com\\\/wp-content\\\/uploads\\\/2024\\\/11\\\/webmenaje-logo-1508269066.jpg\",\"contentUrl\":\"https:\\\/\\\/ledsolintel.com\\\/wp-content\\\/uploads\\\/2024\\\/11\\\/webmenaje-logo-1508269066.jpg\",\"width\":370,\"height\":90,\"caption\":\"Solintel Noroeste, S.L.\"},\"image\":{\"@id\":\"https:\\\/\\\/ledsolintel.com\\\/#\\\/schema\\\/logo\\\/image\\\/\"},\"sameAs\":[\"http:\\\/\\\/www.facebook.com\\\/webmenaje\",\"https:\\\/\\\/x.com\\\/webmenaje\",\"https:\\\/\\\/www.youtube.com\\\/channel\\\/UCX2KoVoeCG4LocZjUc6LmSQ\",\"http:\\\/\\\/www.pinterest.com\\\/webmenaje\"]}]}<\/script>\n<!-- \/ Yoast SEO plugin. -->","yoast_head_json":{"title":"Prise de courant 16A - Ledsolintel","robots":{"index":"index","follow":"follow","max-snippet":"max-snippet:-1","max-image-preview":"max-image-preview:large","max-video-preview":"max-video-preview:-1"},"canonical":"https:\/\/ledsolintel.com\/fr\/produit-2\/prise-schuko-16a\/","og_locale":"fr_FR","og_type":"article","og_title":"Base enchufe schuko 16A - Ledsolintel","og_description":"Base de enchufe empotrable tipo F (Schuko), disponible en dos colores: blanco y negro. Ideal para combinar con nuestros marcos de cristal para mecanismos. Es una opci\u00f3n perfecta para cualquier instalaci\u00f3n el\u00e9ctrica que requiera seguridad y durabilidad, lo que lo hace ideal para equipos de alta potencia y uso cotidiano en hogares, oficinas o industrias. &hellip; Continue reading Base enchufe schuko 16A","og_url":"https:\/\/ledsolintel.com\/fr\/produit-2\/prise-schuko-16a\/","og_site_name":"Ledsolintel","article_publisher":"http:\/\/www.facebook.com\/webmenaje","article_modified_time":"2026-04-07T08:19:07+00:00","og_image":[{"width":600,"height":600,"url":"https:\/\/ledsolintel.com\/wp-content\/uploads\/2025\/11\/base-enchufe-schuko-16a.jpg","type":"image\/jpeg"}],"twitter_card":"summary_large_image","twitter_site":"@webmenaje","twitter_misc":{"Dur\u00e9e de lecture estim\u00e9e":"1 minute"},"schema":{"@context":"https:\/\/schema.org","@graph":[{"@type":"WebPage","@id":"https:\/\/ledsolintel.com\/product\/base-enchufe-schuko-16a\/","url":"https:\/\/ledsolintel.com\/product\/base-enchufe-schuko-16a\/","name":"Prise de courant 16A - Ledsolintel","isPartOf":{"@id":"https:\/\/ledsolintel.com\/#website"},"primaryImageOfPage":{"@id":"https:\/\/ledsolintel.com\/product\/base-enchufe-schuko-16a\/#primaryimage"},"image":{"@id":"https:\/\/ledsolintel.com\/product\/base-enchufe-schuko-16a\/#primaryimage"},"thumbnailUrl":"https:\/\/ledsolintel.com\/wp-content\/uploads\/2025\/11\/base-enchufe-schuko-16a.jpg","datePublished":"2025-11-11T15:49:14+00:00","dateModified":"2026-04-07T08:19:07+00:00","breadcrumb":{"@id":"https:\/\/ledsolintel.com\/product\/base-enchufe-schuko-16a\/#breadcrumb"},"inLanguage":"fr-FR","potentialAction":[{"@type":"ReadAction","target":["https:\/\/ledsolintel.com\/product\/base-enchufe-schuko-16a\/"]}]},{"@type":"ImageObject","inLanguage":"fr-FR","@id":"https:\/\/ledsolintel.com\/product\/base-enchufe-schuko-16a\/#primaryimage","url":"https:\/\/ledsolintel.com\/wp-content\/uploads\/2025\/11\/base-enchufe-schuko-16a.jpg","contentUrl":"https:\/\/ledsolintel.com\/wp-content\/uploads\/2025\/11\/base-enchufe-schuko-16a.jpg","width":600,"height":600},{"@type":"BreadcrumbList","@id":"https:\/\/ledsolintel.com\/product\/base-enchufe-schuko-16a\/#breadcrumb","itemListElement":[{"@type":"ListItem","position":1,"name":"Portada","item":"https:\/\/ledsolintel.com\/fr\/"},{"@type":"ListItem","position":2,"name":"Tienda","item":"https:\/\/ledsolintel.com\/tienda\/"},{"@type":"ListItem","position":3,"name":"Base enchufe schuko 16A"}]},{"@type":"WebSite","@id":"https:\/\/ledsolintel.com\/#website","url":"https:\/\/ledsolintel.com\/","name":"Webmenaje","description":"Magasin d'ampoules et de lampes LED pour les professionnels","publisher":{"@id":"https:\/\/ledsolintel.com\/#organization"},"potentialAction":[{"@type":"SearchAction","target":{"@type":"EntryPoint","urlTemplate":"https:\/\/ledsolintel.com\/?s={search_term_string}"},"query-input":{"@type":"PropertyValueSpecification","valueRequired":true,"valueName":"search_term_string"}}],"inLanguage":"fr-FR"},{"@type":"Organization","@id":"https:\/\/ledsolintel.com\/#organization","name":"Solintel Noroeste, S.L.","url":"https:\/\/ledsolintel.com\/","logo":{"@type":"ImageObject","inLanguage":"fr-FR","@id":"https:\/\/ledsolintel.com\/#\/schema\/logo\/image\/","url":"https:\/\/ledsolintel.com\/wp-content\/uploads\/2024\/11\/webmenaje-logo-1508269066.jpg","contentUrl":"https:\/\/ledsolintel.com\/wp-content\/uploads\/2024\/11\/webmenaje-logo-1508269066.jpg","width":370,"height":90,"caption":"Solintel Noroeste, S.L."},"image":{"@id":"https:\/\/ledsolintel.com\/#\/schema\/logo\/image\/"},"sameAs":["http:\/\/www.facebook.com\/webmenaje","https:\/\/x.com\/webmenaje","https:\/\/www.youtube.com\/channel\/UCX2KoVoeCG4LocZjUc6LmSQ","http:\/\/www.pinterest.com\/webmenaje"]}]}},"_links":{"self":[{"href":"https:\/\/ledsolintel.com\/fr\/wp-json\/wp\/v2\/product\/267896","targetHints":{"allow":["GET"]}}],"collection":[{"href":"https:\/\/ledsolintel.com\/fr\/wp-json\/wp\/v2\/product"}],"about":[{"href":"https:\/\/ledsolintel.com\/fr\/wp-json\/wp\/v2\/types\/product"}],"version-history":[{"count":1,"href":"https:\/\/ledsolintel.com\/fr\/wp-json\/wp\/v2\/product\/267896\/revisions"}],"predecessor-version":[{"id":267897,"href":"https:\/\/ledsolintel.com\/fr\/wp-json\/wp\/v2\/product\/267896\/revisions\/267897"}],"wp:featuredmedia":[{"embeddable":true,"href":"https:\/\/ledsolintel.com\/fr\/wp-json\/wp\/v2\/media\/261553"}],"wp:attachment":[{"href":"https:\/\/ledsolintel.com\/fr\/wp-json\/wp\/v2\/media?parent=267896"}],"wp:term":[{"taxonomy":"product_brand","embeddable":true,"href":"https:\/\/ledsolintel.com\/fr\/wp-json\/wp\/v2\/product_brand?post=267896"},{"taxonomy":"product_cat","embeddable":true,"href":"https:\/\/ledsolintel.com\/fr\/wp-json\/wp\/v2\/product_cat?post=267896"},{"taxonomy":"product_tag","embeddable":true,"href":"https:\/\/ledsolintel.com\/fr\/wp-json\/wp\/v2\/product_tag?post=267896"}],"curies":[{"name":"wp","href":"https:\/\/api.w.org\/{rel}","templated":true}]}}