{"id":267892,"date":"2025-11-11T16:49:08","date_gmt":"2025-11-11T15:49:08","guid":{"rendered":"https:\/\/nueva.ledsolintel.com\/product\/base-enchufe-schuko-wifi-16a\/"},"modified":"2025-12-17T12:54:58","modified_gmt":"2025-12-17T11:54:58","slug":"base-enchufe-schuko-wifi-16a","status":"publish","type":"product","link":"https:\/\/ledsolintel.com\/fr\/produit-2\/base-enchufe-schuko-wifi-16a\/","title":{"rendered":"Prise schuko WiFi 16A"},"content":{"rendered":"<p>Prise encastr\u00e9e de type F (schuko), disponible en noir ou en blanc, avec fonction Wifi, qui permet de contr\u00f4ler l'appareil \u00e0 distance via notre Smartphone. Elle est \u00e9galement compatible avec Amazon Alexa et Google Assistant. Elle est contr\u00f4l\u00e9e par l'application Tuya, enti\u00e8rement gratuite et compatible avec les syst\u00e8mes iOS et Android.Gr\u00e2ce \u00e0 cet appareil, nous pouvons transformer notre maison en une maison intelligente, en \u00e9tant en mesure de contr\u00f4ler l'allumage et l'extinction de nos lumi\u00e8res, appareils et autres appareils \u00e9lectriques.Id\u00e9al pour combiner avec les cadres en verre MasterLED pour les m\u00e9canismes. M\u00e9canisme non compatible avec les cadres de la s\u00e9rie PC.Compatible avec les bo\u00eetes de m\u00e9canismes universelles.Charge maximale : 16AInclut le manuel d'instructions.<\/p>","protected":false},"excerpt":{"rendered":"<p>Base de enchufe empotrable tipo F (schuko), disponible en color blanco o negro.Incorpora funci\u00f3n WiFi, lo que permite controlar el dispositivo a distancia mediante nuestro Smartphone. Tambi\u00e9n es compatible con\u00a0Amazon Alexa y Google Assistant.\u00a0Se controla mediante la aplicaci\u00f3n Tuya, que es totalmente gratuita y compatible con sistemas iOS y Android.Gracias a este dispositivo\u00a0podremos convertir nuestra &hellip; <a href=\"https:\/\/ledsolintel.com\/fr\/produit-2\/base-enchufe-schuko-wifi-16a\/\" class=\"more-link\">Continue reading <span class=\"screen-reader-text\">Prise schuko WiFi 16A<\/span><\/a><\/p>","protected":false},"featured_media":261547,"template":"","meta":[],"product_brand":[101370],"product_cat":[15,101371],"product_tag":[],"class_list":{"0":"post-267892","1":"product","2":"type-product","3":"status-publish","4":"has-post-thumbnail","6":"product_brand-masterled","7":"product_cat-uncategorized","8":"product_cat-masterled","9":"pa_color-blanco","10":"pa_color-negro","13":"instock","14":"purchasable","15":"product-type-variable","16":"has-default-attributes"},"yoast_head":"<!-- This site is optimized with the Yoast SEO plugin v26.6 - https:\/\/yoast.com\/wordpress\/plugins\/seo\/ -->\n<title>Base enchufe schuko WiFi 16A - Ledsolintel<\/title>\n<meta name=\"robots\" content=\"index, follow, max-snippet:-1, max-image-preview:large, max-video-preview:-1\" \/>\n<link rel=\"canonical\" href=\"https:\/\/ledsolintel.com\/fr\/produit-2\/base-enchufe-schuko-wifi-16a\/\" \/>\n<meta property=\"og:locale\" content=\"fr_FR\" \/>\n<meta property=\"og:type\" content=\"article\" \/>\n<meta property=\"og:title\" content=\"Base enchufe schuko WiFi 16A - Ledsolintel\" \/>\n<meta property=\"og:description\" content=\"Base de enchufe empotrable tipo F (schuko), disponible en color blanco o negro.Incorpora funci\u00f3n WiFi, lo que permite controlar el dispositivo a distancia mediante nuestro Smartphone. Tambi\u00e9n es compatible con\u00a0Amazon Alexa y Google Assistant.\u00a0Se controla mediante la aplicaci\u00f3n Tuya, que es totalmente gratuita y compatible con sistemas iOS y Android.Gracias a este dispositivo\u00a0podremos convertir nuestra &hellip; Continue reading Base enchufe schuko WiFi 16A\" \/>\n<meta property=\"og:url\" content=\"https:\/\/ledsolintel.com\/fr\/produit-2\/base-enchufe-schuko-wifi-16a\/\" \/>\n<meta property=\"og:site_name\" content=\"Ledsolintel\" \/>\n<meta property=\"article:publisher\" content=\"http:\/\/www.facebook.com\/webmenaje\" \/>\n<meta property=\"article:modified_time\" content=\"2025-12-17T11:54:58+00:00\" \/>\n<meta property=\"og:image\" content=\"https:\/\/ledsolintel.com\/wp-content\/uploads\/2025\/11\/base-enchufe-schuko-wifi-16a.jpg\" \/>\n\t<meta property=\"og:image:width\" content=\"600\" \/>\n\t<meta property=\"og:image:height\" content=\"600\" \/>\n\t<meta property=\"og:image:type\" content=\"image\/jpeg\" \/>\n<meta name=\"twitter:card\" content=\"summary_large_image\" \/>\n<meta name=\"twitter:site\" content=\"@webmenaje\" \/>\n<meta name=\"twitter:label1\" content=\"Dur\u00e9e de lecture estim\u00e9e\" \/>\n\t<meta name=\"twitter:data1\" content=\"1 minute\" \/>\n<script type=\"application\/ld+json\" class=\"yoast-schema-graph\">{\"@context\":\"https:\/\/schema.org\",\"@graph\":[{\"@type\":\"WebPage\",\"@id\":\"https:\/\/ledsolintel.com\/product\/base-enchufe-schuko-wifi-16a\/\",\"url\":\"https:\/\/ledsolintel.com\/product\/base-enchufe-schuko-wifi-16a\/\",\"name\":\"Base enchufe schuko WiFi 16A - Ledsolintel\",\"isPartOf\":{\"@id\":\"https:\/\/ledsolintel.com\/#website\"},\"primaryImageOfPage\":{\"@id\":\"https:\/\/ledsolintel.com\/product\/base-enchufe-schuko-wifi-16a\/#primaryimage\"},\"image\":{\"@id\":\"https:\/\/ledsolintel.com\/product\/base-enchufe-schuko-wifi-16a\/#primaryimage\"},\"thumbnailUrl\":\"https:\/\/ledsolintel.com\/wp-content\/uploads\/2025\/11\/base-enchufe-schuko-wifi-16a.jpg\",\"datePublished\":\"2025-11-11T15:49:08+00:00\",\"dateModified\":\"2025-12-17T11:54:58+00:00\",\"breadcrumb\":{\"@id\":\"https:\/\/ledsolintel.com\/product\/base-enchufe-schuko-wifi-16a\/#breadcrumb\"},\"inLanguage\":\"fr-FR\",\"potentialAction\":[{\"@type\":\"ReadAction\",\"target\":[\"https:\/\/ledsolintel.com\/product\/base-enchufe-schuko-wifi-16a\/\"]}]},{\"@type\":\"ImageObject\",\"inLanguage\":\"fr-FR\",\"@id\":\"https:\/\/ledsolintel.com\/product\/base-enchufe-schuko-wifi-16a\/#primaryimage\",\"url\":\"https:\/\/ledsolintel.com\/wp-content\/uploads\/2025\/11\/base-enchufe-schuko-wifi-16a.jpg\",\"contentUrl\":\"https:\/\/ledsolintel.com\/wp-content\/uploads\/2025\/11\/base-enchufe-schuko-wifi-16a.jpg\",\"width\":600,\"height\":600},{\"@type\":\"BreadcrumbList\",\"@id\":\"https:\/\/ledsolintel.com\/product\/base-enchufe-schuko-wifi-16a\/#breadcrumb\",\"itemListElement\":[{\"@type\":\"ListItem\",\"position\":1,\"name\":\"Portada\",\"item\":\"https:\/\/ledsolintel.com\/fr\/\"},{\"@type\":\"ListItem\",\"position\":2,\"name\":\"Tienda\",\"item\":\"https:\/\/ledsolintel.com\/tienda\/\"},{\"@type\":\"ListItem\",\"position\":3,\"name\":\"Base enchufe schuko WiFi 16A\"}]},{\"@type\":\"WebSite\",\"@id\":\"https:\/\/ledsolintel.com\/#website\",\"url\":\"https:\/\/ledsolintel.com\/\",\"name\":\"Webmenaje\",\"description\":\"Tienda de bombillas y l\u00e1mparas LED para profesionales\",\"publisher\":{\"@id\":\"https:\/\/ledsolintel.com\/#organization\"},\"potentialAction\":[{\"@type\":\"SearchAction\",\"target\":{\"@type\":\"EntryPoint\",\"urlTemplate\":\"https:\/\/ledsolintel.com\/?s={search_term_string}\"},\"query-input\":{\"@type\":\"PropertyValueSpecification\",\"valueRequired\":true,\"valueName\":\"search_term_string\"}}],\"inLanguage\":\"fr-FR\"},{\"@type\":\"Organization\",\"@id\":\"https:\/\/ledsolintel.com\/#organization\",\"name\":\"Solintel Noroeste, S.L.\",\"url\":\"https:\/\/ledsolintel.com\/\",\"logo\":{\"@type\":\"ImageObject\",\"inLanguage\":\"fr-FR\",\"@id\":\"https:\/\/ledsolintel.com\/#\/schema\/logo\/image\/\",\"url\":\"https:\/\/ledsolintel.com\/wp-content\/uploads\/2024\/11\/webmenaje-logo-1508269066.jpg\",\"contentUrl\":\"https:\/\/ledsolintel.com\/wp-content\/uploads\/2024\/11\/webmenaje-logo-1508269066.jpg\",\"width\":370,\"height\":90,\"caption\":\"Solintel Noroeste, S.L.\"},\"image\":{\"@id\":\"https:\/\/ledsolintel.com\/#\/schema\/logo\/image\/\"},\"sameAs\":[\"http:\/\/www.facebook.com\/webmenaje\",\"https:\/\/x.com\/webmenaje\",\"https:\/\/www.youtube.com\/channel\/UCX2KoVoeCG4LocZjUc6LmSQ\",\"http:\/\/www.pinterest.com\/webmenaje\"]}]}<\/script>\n<!-- \/ Yoast SEO plugin. -->","yoast_head_json":{"title":"Base enchufe schuko WiFi 16A - Ledsolintel","robots":{"index":"index","follow":"follow","max-snippet":"max-snippet:-1","max-image-preview":"max-image-preview:large","max-video-preview":"max-video-preview:-1"},"canonical":"https:\/\/ledsolintel.com\/fr\/produit-2\/base-enchufe-schuko-wifi-16a\/","og_locale":"fr_FR","og_type":"article","og_title":"Base enchufe schuko WiFi 16A - Ledsolintel","og_description":"Base de enchufe empotrable tipo F (schuko), disponible en color blanco o negro.Incorpora funci\u00f3n WiFi, lo que permite controlar el dispositivo a distancia mediante nuestro Smartphone. Tambi\u00e9n es compatible con\u00a0Amazon Alexa y Google Assistant.\u00a0Se controla mediante la aplicaci\u00f3n Tuya, que es totalmente gratuita y compatible con sistemas iOS y Android.Gracias a este dispositivo\u00a0podremos convertir nuestra &hellip; Continue reading Base enchufe schuko WiFi 16A","og_url":"https:\/\/ledsolintel.com\/fr\/produit-2\/base-enchufe-schuko-wifi-16a\/","og_site_name":"Ledsolintel","article_publisher":"http:\/\/www.facebook.com\/webmenaje","article_modified_time":"2025-12-17T11:54:58+00:00","og_image":[{"width":600,"height":600,"url":"https:\/\/ledsolintel.com\/wp-content\/uploads\/2025\/11\/base-enchufe-schuko-wifi-16a.jpg","type":"image\/jpeg"}],"twitter_card":"summary_large_image","twitter_site":"@webmenaje","twitter_misc":{"Dur\u00e9e de lecture estim\u00e9e":"1 minute"},"schema":{"@context":"https:\/\/schema.org","@graph":[{"@type":"WebPage","@id":"https:\/\/ledsolintel.com\/product\/base-enchufe-schuko-wifi-16a\/","url":"https:\/\/ledsolintel.com\/product\/base-enchufe-schuko-wifi-16a\/","name":"Base enchufe schuko WiFi 16A - Ledsolintel","isPartOf":{"@id":"https:\/\/ledsolintel.com\/#website"},"primaryImageOfPage":{"@id":"https:\/\/ledsolintel.com\/product\/base-enchufe-schuko-wifi-16a\/#primaryimage"},"image":{"@id":"https:\/\/ledsolintel.com\/product\/base-enchufe-schuko-wifi-16a\/#primaryimage"},"thumbnailUrl":"https:\/\/ledsolintel.com\/wp-content\/uploads\/2025\/11\/base-enchufe-schuko-wifi-16a.jpg","datePublished":"2025-11-11T15:49:08+00:00","dateModified":"2025-12-17T11:54:58+00:00","breadcrumb":{"@id":"https:\/\/ledsolintel.com\/product\/base-enchufe-schuko-wifi-16a\/#breadcrumb"},"inLanguage":"fr-FR","potentialAction":[{"@type":"ReadAction","target":["https:\/\/ledsolintel.com\/product\/base-enchufe-schuko-wifi-16a\/"]}]},{"@type":"ImageObject","inLanguage":"fr-FR","@id":"https:\/\/ledsolintel.com\/product\/base-enchufe-schuko-wifi-16a\/#primaryimage","url":"https:\/\/ledsolintel.com\/wp-content\/uploads\/2025\/11\/base-enchufe-schuko-wifi-16a.jpg","contentUrl":"https:\/\/ledsolintel.com\/wp-content\/uploads\/2025\/11\/base-enchufe-schuko-wifi-16a.jpg","width":600,"height":600},{"@type":"BreadcrumbList","@id":"https:\/\/ledsolintel.com\/product\/base-enchufe-schuko-wifi-16a\/#breadcrumb","itemListElement":[{"@type":"ListItem","position":1,"name":"Portada","item":"https:\/\/ledsolintel.com\/fr\/"},{"@type":"ListItem","position":2,"name":"Tienda","item":"https:\/\/ledsolintel.com\/tienda\/"},{"@type":"ListItem","position":3,"name":"Base enchufe schuko WiFi 16A"}]},{"@type":"WebSite","@id":"https:\/\/ledsolintel.com\/#website","url":"https:\/\/ledsolintel.com\/","name":"Webmenaje","description":"Magasin d'ampoules et de lampes LED pour les professionnels","publisher":{"@id":"https:\/\/ledsolintel.com\/#organization"},"potentialAction":[{"@type":"SearchAction","target":{"@type":"EntryPoint","urlTemplate":"https:\/\/ledsolintel.com\/?s={search_term_string}"},"query-input":{"@type":"PropertyValueSpecification","valueRequired":true,"valueName":"search_term_string"}}],"inLanguage":"fr-FR"},{"@type":"Organization","@id":"https:\/\/ledsolintel.com\/#organization","name":"Solintel Noroeste, S.L.","url":"https:\/\/ledsolintel.com\/","logo":{"@type":"ImageObject","inLanguage":"fr-FR","@id":"https:\/\/ledsolintel.com\/#\/schema\/logo\/image\/","url":"https:\/\/ledsolintel.com\/wp-content\/uploads\/2024\/11\/webmenaje-logo-1508269066.jpg","contentUrl":"https:\/\/ledsolintel.com\/wp-content\/uploads\/2024\/11\/webmenaje-logo-1508269066.jpg","width":370,"height":90,"caption":"Solintel Noroeste, S.L."},"image":{"@id":"https:\/\/ledsolintel.com\/#\/schema\/logo\/image\/"},"sameAs":["http:\/\/www.facebook.com\/webmenaje","https:\/\/x.com\/webmenaje","https:\/\/www.youtube.com\/channel\/UCX2KoVoeCG4LocZjUc6LmSQ","http:\/\/www.pinterest.com\/webmenaje"]}]}},"_links":{"self":[{"href":"https:\/\/ledsolintel.com\/fr\/wp-json\/wp\/v2\/product\/267892","targetHints":{"allow":["GET"]}}],"collection":[{"href":"https:\/\/ledsolintel.com\/fr\/wp-json\/wp\/v2\/product"}],"about":[{"href":"https:\/\/ledsolintel.com\/fr\/wp-json\/wp\/v2\/types\/product"}],"version-history":[{"count":1,"href":"https:\/\/ledsolintel.com\/fr\/wp-json\/wp\/v2\/product\/267892\/revisions"}],"predecessor-version":[{"id":267893,"href":"https:\/\/ledsolintel.com\/fr\/wp-json\/wp\/v2\/product\/267892\/revisions\/267893"}],"wp:featuredmedia":[{"embeddable":true,"href":"https:\/\/ledsolintel.com\/fr\/wp-json\/wp\/v2\/media\/261547"}],"wp:attachment":[{"href":"https:\/\/ledsolintel.com\/fr\/wp-json\/wp\/v2\/media?parent=267892"}],"wp:term":[{"taxonomy":"product_brand","embeddable":true,"href":"https:\/\/ledsolintel.com\/fr\/wp-json\/wp\/v2\/product_brand?post=267892"},{"taxonomy":"product_cat","embeddable":true,"href":"https:\/\/ledsolintel.com\/fr\/wp-json\/wp\/v2\/product_cat?post=267892"},{"taxonomy":"product_tag","embeddable":true,"href":"https:\/\/ledsolintel.com\/fr\/wp-json\/wp\/v2\/product_tag?post=267892"}],"curies":[{"name":"wp","href":"https:\/\/api.w.org\/{rel}","templated":true}]}}