{"id":267882,"date":"2025-11-11T16:49:01","date_gmt":"2025-11-11T15:49:01","guid":{"rendered":"https:\/\/nueva.ledsolintel.com\/product\/interruptor-regulador-tactil-simple-700w\/"},"modified":"2026-04-07T10:19:07","modified_gmt":"2026-04-07T08:19:07","slug":"interruptor-regulador-tactil-simple-700w","status":"publish","type":"product","link":"https:\/\/ledsolintel.com\/fr\/produit-2\/interruptor-regulador-tactil-simple-700w\/","title":{"rendered":"Variateur \u00e0 touche unique 700W"},"content":{"rendered":"<p>Interruptor regulador t\u00e1ctil simple de 700W, disponible en dos colores: blanco y negro. Su placa de cristal templado retroiluminada permite localizar el interruptor f\u00e1cilmente en la oscuridad. Apto para ser utilizado con iluminaci\u00f3n LED, sin provocar parpadeos molestos en las bombillas.  Combinando este interruptor con nuestros marcos de cristal, se puede obtener una decoraci\u00f3n moderna y minimalista en cualquier estancia, siendo ideal para el encendido y apagado de luminarias, electrodom\u00e9sticos y otros aparatos el\u00e9ctricos. Es perfecto para salones, dormitorios, oficinas y otros espacios donde se busque un control de iluminaci\u00f3n moderno y eficiente. Este interruptor t\u00e1ctil no solo facilita el manejo de la luz, sino que tambi\u00e9n a\u00f1ade un toque est\u00e9tico al ambiente.  Compatible con cajas de mecanismos universales y los marcos de la serie cristal.  Tipo TRIAC. No regula corriente continua.  Est\u00e1 dise\u00f1ado en policarbonato con las medidas 50 x 50 x 30 mm. Soporta un voltaje de entrada de 100-240V y una frecuencia de servicio de 50\/60 Hz.  Debido a su grado de protecci\u00f3n IP20 es ideal para instalar en zonas interiores (protecci\u00f3n contra part\u00edculas s\u00f3lidas de tama\u00f1o superior a 12mm y no es resistente al agua).\u00a0  Dispone de una garant\u00eda de 3 a\u00f1os. Cuenta tambi\u00e9n con el certificado CE, que acredita que se cumple con los requisitos de la UE respecto a compatibilidad electromagn\u00e9tica y normativa de baja tensi\u00f3n. Con este certificado se declara la conformidad de dicho producto con todos los requisitos legales exigidos, y asegura la validez del producto para ser vendido en todo el Espacio Econ\u00f3mico Europeo.<\/p>","protected":false},"excerpt":{"rendered":"<p>Interruptor regulador t\u00e1ctil simple de 700W, disponible en dos colores: blanco y negro. Su placa de cristal templado retroiluminada permite localizar el interruptor f\u00e1cilmente en la oscuridad. Apto para ser utilizado con iluminaci\u00f3n LED, sin provocar parpadeos molestos en las bombillas. Combinando este interruptor con nuestros marcos de cristal, se puede obtener una decoraci\u00f3n moderna &hellip; <a href=\"https:\/\/ledsolintel.com\/fr\/produit-2\/interruptor-regulador-tactil-simple-700w\/\" class=\"more-link\">Continue reading <span class=\"screen-reader-text\">Variateur \u00e0 touche unique 700W<\/span><\/a><\/p>","protected":false},"featured_media":261529,"template":"","meta":[],"product_brand":[101370],"product_cat":[15,101371,99617],"product_tag":[],"class_list":{"0":"post-267882","1":"product","2":"type-product","3":"status-publish","4":"has-post-thumbnail","6":"product_brand-masterled","7":"product_cat-uncategorized","8":"product_cat-masterled","9":"product_cat-material-electrico","10":"pa_color-blanco","11":"pa_color-negro","14":"instock","15":"taxable","16":"shipping-taxable","17":"purchasable","18":"product-type-variable","19":"has-default-attributes"},"yoast_head":"<!-- This site is optimized with the Yoast SEO plugin v26.6 - https:\/\/yoast.com\/wordpress\/plugins\/seo\/ -->\n<title>Interruptor regulador t\u00e1ctil simple 700W - Ledsolintel<\/title>\n<meta name=\"robots\" content=\"index, follow, max-snippet:-1, max-image-preview:large, max-video-preview:-1\" \/>\n<link rel=\"canonical\" href=\"https:\/\/ledsolintel.com\/fr\/produit-2\/interruptor-regulador-tactil-simple-700w\/\" \/>\n<meta property=\"og:locale\" content=\"fr_FR\" \/>\n<meta property=\"og:type\" content=\"article\" \/>\n<meta property=\"og:title\" content=\"Interruptor regulador t\u00e1ctil simple 700W - Ledsolintel\" \/>\n<meta property=\"og:description\" content=\"Interruptor regulador t\u00e1ctil simple de 700W, disponible en dos colores: blanco y negro. Su placa de cristal templado retroiluminada permite localizar el interruptor f\u00e1cilmente en la oscuridad. Apto para ser utilizado con iluminaci\u00f3n LED, sin provocar parpadeos molestos en las bombillas. Combinando este interruptor con nuestros marcos de cristal, se puede obtener una decoraci\u00f3n moderna &hellip; Continue reading Interruptor regulador t\u00e1ctil simple 700W\" \/>\n<meta property=\"og:url\" content=\"https:\/\/ledsolintel.com\/fr\/produit-2\/interruptor-regulador-tactil-simple-700w\/\" \/>\n<meta property=\"og:site_name\" content=\"Ledsolintel\" \/>\n<meta property=\"article:publisher\" content=\"http:\/\/www.facebook.com\/webmenaje\" \/>\n<meta property=\"article:modified_time\" content=\"2026-04-07T08:19:07+00:00\" \/>\n<meta property=\"og:image\" content=\"https:\/\/ledsolintel.com\/wp-content\/uploads\/2025\/11\/interruptor-regulador-tactil-simple-700w.jpg\" \/>\n\t<meta property=\"og:image:width\" content=\"1500\" \/>\n\t<meta property=\"og:image:height\" content=\"1500\" \/>\n\t<meta property=\"og:image:type\" content=\"image\/jpeg\" \/>\n<meta name=\"twitter:card\" content=\"summary_large_image\" \/>\n<meta name=\"twitter:site\" content=\"@webmenaje\" \/>\n<meta name=\"twitter:label1\" content=\"Dur\u00e9e de lecture estim\u00e9e\" \/>\n\t<meta name=\"twitter:data1\" content=\"1 minute\" \/>\n<script type=\"application\/ld+json\" class=\"yoast-schema-graph\">{\"@context\":\"https:\/\/schema.org\",\"@graph\":[{\"@type\":\"WebPage\",\"@id\":\"https:\/\/ledsolintel.com\/product\/interruptor-regulador-tactil-simple-700w\/\",\"url\":\"https:\/\/ledsolintel.com\/product\/interruptor-regulador-tactil-simple-700w\/\",\"name\":\"Interruptor regulador t\u00e1ctil simple 700W - Ledsolintel\",\"isPartOf\":{\"@id\":\"https:\/\/ledsolintel.com\/#website\"},\"primaryImageOfPage\":{\"@id\":\"https:\/\/ledsolintel.com\/product\/interruptor-regulador-tactil-simple-700w\/#primaryimage\"},\"image\":{\"@id\":\"https:\/\/ledsolintel.com\/product\/interruptor-regulador-tactil-simple-700w\/#primaryimage\"},\"thumbnailUrl\":\"https:\/\/ledsolintel.com\/wp-content\/uploads\/2025\/11\/interruptor-regulador-tactil-simple-700w.jpg\",\"datePublished\":\"2025-11-11T15:49:01+00:00\",\"dateModified\":\"2026-04-07T08:19:07+00:00\",\"breadcrumb\":{\"@id\":\"https:\/\/ledsolintel.com\/product\/interruptor-regulador-tactil-simple-700w\/#breadcrumb\"},\"inLanguage\":\"fr-FR\",\"potentialAction\":[{\"@type\":\"ReadAction\",\"target\":[\"https:\/\/ledsolintel.com\/product\/interruptor-regulador-tactil-simple-700w\/\"]}]},{\"@type\":\"ImageObject\",\"inLanguage\":\"fr-FR\",\"@id\":\"https:\/\/ledsolintel.com\/product\/interruptor-regulador-tactil-simple-700w\/#primaryimage\",\"url\":\"https:\/\/ledsolintel.com\/wp-content\/uploads\/2025\/11\/interruptor-regulador-tactil-simple-700w.jpg\",\"contentUrl\":\"https:\/\/ledsolintel.com\/wp-content\/uploads\/2025\/11\/interruptor-regulador-tactil-simple-700w.jpg\",\"width\":1500,\"height\":1500},{\"@type\":\"BreadcrumbList\",\"@id\":\"https:\/\/ledsolintel.com\/product\/interruptor-regulador-tactil-simple-700w\/#breadcrumb\",\"itemListElement\":[{\"@type\":\"ListItem\",\"position\":1,\"name\":\"Portada\",\"item\":\"https:\/\/ledsolintel.com\/fr\/\"},{\"@type\":\"ListItem\",\"position\":2,\"name\":\"Tienda\",\"item\":\"https:\/\/ledsolintel.com\/tienda\/\"},{\"@type\":\"ListItem\",\"position\":3,\"name\":\"Interruptor regulador t\u00e1ctil simple 700W\"}]},{\"@type\":\"WebSite\",\"@id\":\"https:\/\/ledsolintel.com\/#website\",\"url\":\"https:\/\/ledsolintel.com\/\",\"name\":\"Webmenaje\",\"description\":\"Tienda de bombillas y l\u00e1mparas LED para profesionales\",\"publisher\":{\"@id\":\"https:\/\/ledsolintel.com\/#organization\"},\"potentialAction\":[{\"@type\":\"SearchAction\",\"target\":{\"@type\":\"EntryPoint\",\"urlTemplate\":\"https:\/\/ledsolintel.com\/?s={search_term_string}\"},\"query-input\":{\"@type\":\"PropertyValueSpecification\",\"valueRequired\":true,\"valueName\":\"search_term_string\"}}],\"inLanguage\":\"fr-FR\"},{\"@type\":\"Organization\",\"@id\":\"https:\/\/ledsolintel.com\/#organization\",\"name\":\"Solintel Noroeste, S.L.\",\"url\":\"https:\/\/ledsolintel.com\/\",\"logo\":{\"@type\":\"ImageObject\",\"inLanguage\":\"fr-FR\",\"@id\":\"https:\/\/ledsolintel.com\/#\/schema\/logo\/image\/\",\"url\":\"https:\/\/ledsolintel.com\/wp-content\/uploads\/2024\/11\/webmenaje-logo-1508269066.jpg\",\"contentUrl\":\"https:\/\/ledsolintel.com\/wp-content\/uploads\/2024\/11\/webmenaje-logo-1508269066.jpg\",\"width\":370,\"height\":90,\"caption\":\"Solintel Noroeste, S.L.\"},\"image\":{\"@id\":\"https:\/\/ledsolintel.com\/#\/schema\/logo\/image\/\"},\"sameAs\":[\"http:\/\/www.facebook.com\/webmenaje\",\"https:\/\/x.com\/webmenaje\",\"https:\/\/www.youtube.com\/channel\/UCX2KoVoeCG4LocZjUc6LmSQ\",\"http:\/\/www.pinterest.com\/webmenaje\"]}]}<\/script>\n<!-- \/ Yoast SEO plugin. -->","yoast_head_json":{"title":"Interruptor regulador t\u00e1ctil simple 700W - Ledsolintel","robots":{"index":"index","follow":"follow","max-snippet":"max-snippet:-1","max-image-preview":"max-image-preview:large","max-video-preview":"max-video-preview:-1"},"canonical":"https:\/\/ledsolintel.com\/fr\/produit-2\/interruptor-regulador-tactil-simple-700w\/","og_locale":"fr_FR","og_type":"article","og_title":"Interruptor regulador t\u00e1ctil simple 700W - Ledsolintel","og_description":"Interruptor regulador t\u00e1ctil simple de 700W, disponible en dos colores: blanco y negro. Su placa de cristal templado retroiluminada permite localizar el interruptor f\u00e1cilmente en la oscuridad. Apto para ser utilizado con iluminaci\u00f3n LED, sin provocar parpadeos molestos en las bombillas. Combinando este interruptor con nuestros marcos de cristal, se puede obtener una decoraci\u00f3n moderna &hellip; Continue reading Interruptor regulador t\u00e1ctil simple 700W","og_url":"https:\/\/ledsolintel.com\/fr\/produit-2\/interruptor-regulador-tactil-simple-700w\/","og_site_name":"Ledsolintel","article_publisher":"http:\/\/www.facebook.com\/webmenaje","article_modified_time":"2026-04-07T08:19:07+00:00","og_image":[{"width":1500,"height":1500,"url":"https:\/\/ledsolintel.com\/wp-content\/uploads\/2025\/11\/interruptor-regulador-tactil-simple-700w.jpg","type":"image\/jpeg"}],"twitter_card":"summary_large_image","twitter_site":"@webmenaje","twitter_misc":{"Dur\u00e9e de lecture estim\u00e9e":"1 minute"},"schema":{"@context":"https:\/\/schema.org","@graph":[{"@type":"WebPage","@id":"https:\/\/ledsolintel.com\/product\/interruptor-regulador-tactil-simple-700w\/","url":"https:\/\/ledsolintel.com\/product\/interruptor-regulador-tactil-simple-700w\/","name":"Interruptor regulador t\u00e1ctil simple 700W - Ledsolintel","isPartOf":{"@id":"https:\/\/ledsolintel.com\/#website"},"primaryImageOfPage":{"@id":"https:\/\/ledsolintel.com\/product\/interruptor-regulador-tactil-simple-700w\/#primaryimage"},"image":{"@id":"https:\/\/ledsolintel.com\/product\/interruptor-regulador-tactil-simple-700w\/#primaryimage"},"thumbnailUrl":"https:\/\/ledsolintel.com\/wp-content\/uploads\/2025\/11\/interruptor-regulador-tactil-simple-700w.jpg","datePublished":"2025-11-11T15:49:01+00:00","dateModified":"2026-04-07T08:19:07+00:00","breadcrumb":{"@id":"https:\/\/ledsolintel.com\/product\/interruptor-regulador-tactil-simple-700w\/#breadcrumb"},"inLanguage":"fr-FR","potentialAction":[{"@type":"ReadAction","target":["https:\/\/ledsolintel.com\/product\/interruptor-regulador-tactil-simple-700w\/"]}]},{"@type":"ImageObject","inLanguage":"fr-FR","@id":"https:\/\/ledsolintel.com\/product\/interruptor-regulador-tactil-simple-700w\/#primaryimage","url":"https:\/\/ledsolintel.com\/wp-content\/uploads\/2025\/11\/interruptor-regulador-tactil-simple-700w.jpg","contentUrl":"https:\/\/ledsolintel.com\/wp-content\/uploads\/2025\/11\/interruptor-regulador-tactil-simple-700w.jpg","width":1500,"height":1500},{"@type":"BreadcrumbList","@id":"https:\/\/ledsolintel.com\/product\/interruptor-regulador-tactil-simple-700w\/#breadcrumb","itemListElement":[{"@type":"ListItem","position":1,"name":"Portada","item":"https:\/\/ledsolintel.com\/fr\/"},{"@type":"ListItem","position":2,"name":"Tienda","item":"https:\/\/ledsolintel.com\/tienda\/"},{"@type":"ListItem","position":3,"name":"Interruptor regulador t\u00e1ctil simple 700W"}]},{"@type":"WebSite","@id":"https:\/\/ledsolintel.com\/#website","url":"https:\/\/ledsolintel.com\/","name":"Webmenaje","description":"Magasin d'ampoules et de lampes LED pour les professionnels","publisher":{"@id":"https:\/\/ledsolintel.com\/#organization"},"potentialAction":[{"@type":"SearchAction","target":{"@type":"EntryPoint","urlTemplate":"https:\/\/ledsolintel.com\/?s={search_term_string}"},"query-input":{"@type":"PropertyValueSpecification","valueRequired":true,"valueName":"search_term_string"}}],"inLanguage":"fr-FR"},{"@type":"Organization","@id":"https:\/\/ledsolintel.com\/#organization","name":"Solintel Noroeste, S.L.","url":"https:\/\/ledsolintel.com\/","logo":{"@type":"ImageObject","inLanguage":"fr-FR","@id":"https:\/\/ledsolintel.com\/#\/schema\/logo\/image\/","url":"https:\/\/ledsolintel.com\/wp-content\/uploads\/2024\/11\/webmenaje-logo-1508269066.jpg","contentUrl":"https:\/\/ledsolintel.com\/wp-content\/uploads\/2024\/11\/webmenaje-logo-1508269066.jpg","width":370,"height":90,"caption":"Solintel Noroeste, S.L."},"image":{"@id":"https:\/\/ledsolintel.com\/#\/schema\/logo\/image\/"},"sameAs":["http:\/\/www.facebook.com\/webmenaje","https:\/\/x.com\/webmenaje","https:\/\/www.youtube.com\/channel\/UCX2KoVoeCG4LocZjUc6LmSQ","http:\/\/www.pinterest.com\/webmenaje"]}]}},"_links":{"self":[{"href":"https:\/\/ledsolintel.com\/fr\/wp-json\/wp\/v2\/product\/267882","targetHints":{"allow":["GET"]}}],"collection":[{"href":"https:\/\/ledsolintel.com\/fr\/wp-json\/wp\/v2\/product"}],"about":[{"href":"https:\/\/ledsolintel.com\/fr\/wp-json\/wp\/v2\/types\/product"}],"version-history":[{"count":1,"href":"https:\/\/ledsolintel.com\/fr\/wp-json\/wp\/v2\/product\/267882\/revisions"}],"predecessor-version":[{"id":267883,"href":"https:\/\/ledsolintel.com\/fr\/wp-json\/wp\/v2\/product\/267882\/revisions\/267883"}],"wp:featuredmedia":[{"embeddable":true,"href":"https:\/\/ledsolintel.com\/fr\/wp-json\/wp\/v2\/media\/261529"}],"wp:attachment":[{"href":"https:\/\/ledsolintel.com\/fr\/wp-json\/wp\/v2\/media?parent=267882"}],"wp:term":[{"taxonomy":"product_brand","embeddable":true,"href":"https:\/\/ledsolintel.com\/fr\/wp-json\/wp\/v2\/product_brand?post=267882"},{"taxonomy":"product_cat","embeddable":true,"href":"https:\/\/ledsolintel.com\/fr\/wp-json\/wp\/v2\/product_cat?post=267882"},{"taxonomy":"product_tag","embeddable":true,"href":"https:\/\/ledsolintel.com\/fr\/wp-json\/wp\/v2\/product_tag?post=267882"}],"curies":[{"name":"wp","href":"https:\/\/api.w.org\/{rel}","templated":true}]}}