{"id":267866,"date":"2025-11-11T16:48:44","date_gmt":"2025-11-11T15:48:44","guid":{"rendered":"https:\/\/nueva.ledsolintel.com\/product\/interruptor-tactil-simple-800w\/"},"modified":"2026-04-07T10:19:07","modified_gmt":"2026-04-07T08:19:07","slug":"interrupteur-a-touche-unique-800w","status":"publish","type":"product","link":"https:\/\/ledsolintel.com\/fr\/produit-2\/interrupteur-a-touche-unique-800w\/","title":{"rendered":"Interrupteur \u00e0 touche unique 800W"},"content":{"rendered":"<p>Interrupteur \u00e0 touche unique de 800W, disponible en deux couleurs : noir et blanc. Sa plaque en verre tremp\u00e9 r\u00e9tro-\u00e9clair\u00e9e facilite la localisation de l'interrupteur dans l'obscurit\u00e9. Il convient \u00e0 l'\u00e9clairage LED, sans provoquer de clignotement g\u00eanant des ampoules. En combinant cet interrupteur avec nos cadres en verre, vous obtiendrez une d\u00e9coration moderne et minimaliste dans n'importe quelle pi\u00e8ce, \u00e9tant id\u00e9al pour allumer et \u00e9teindre des luminaires, des appareils et d'autres appareils \u00e9lectriques.  Compatible avec les bo\u00eetes \u00e0 m\u00e9canisme universelles et les cadres de la s\u00e9rie cristal. M\u00e9canisme non compatible avec les cadres de la s\u00e9rie PC.  Charge support\u00e9e : de 3W \u00e0 800W.  Il est con\u00e7u en polycarbonate avec des dimensions de 50 x 50 x 30 mm. Il supporte une tension d'entr\u00e9e de 100-240V et une fr\u00e9quence de fonctionnement de 50\/60 Hz.  Gr\u00e2ce \u00e0 son degr\u00e9 de protection IP20, il est id\u00e9al pour une installation \u00e0 l'int\u00e9rieur (protection contre les particules solides de plus de 12 mm et il n'est pas \u00e9tanche).  Il est garanti 3 ans. Il poss\u00e8de \u00e9galement le certificat CE, qui atteste qu'il est conforme aux exigences de l'UE en mati\u00e8re de compatibilit\u00e9 \u00e9lectromagn\u00e9tique et de basse tension. Ce certificat d\u00e9clare la conformit\u00e9 du produit \u00e0 toutes les exigences l\u00e9gales et garantit la validit\u00e9 de la vente du produit dans l'Espace \u00e9conomique europ\u00e9en.  Comprend un manuel d'instructions.<\/p>","protected":false},"excerpt":{"rendered":"<p>Interruptor t\u00e1ctil simple de 800W, disponible en dos colores: blanco y negro. Su placa de cristal templado retroiluminada permite localizar el interruptor f\u00e1cilmente en la oscuridad. Apto para ser utilizado con iluminaci\u00f3n LED, sin provocar parpadeos molestos en las bombillas Combinando este interruptor con nuestros marcos de cristal, se puede obtener una decoraci\u00f3n moderna y &hellip; <a href=\"https:\/\/ledsolintel.com\/fr\/produit-2\/interrupteur-a-touche-unique-800w\/\" class=\"more-link\">Continue reading <span class=\"screen-reader-text\">Interrupteur \u00e0 touche unique 800W<\/span><\/a><\/p>","protected":false},"featured_media":261502,"template":"","meta":[],"product_brand":[101370],"product_cat":[101371,99617,15],"product_tag":[],"class_list":{"0":"post-267866","1":"product","2":"type-product","3":"status-publish","4":"has-post-thumbnail","6":"product_brand-masterled","7":"product_cat-masterled","8":"product_cat-material-electrico","9":"product_cat-uncategorized","10":"pa_color-blanco","11":"pa_color-negro","14":"instock","15":"taxable","16":"shipping-taxable","17":"purchasable","18":"product-type-variable","19":"has-default-attributes"},"yoast_head":"<!-- This site is optimized with the Yoast SEO plugin v27.4 - https:\/\/yoast.com\/product\/yoast-seo-wordpress\/ -->\n<title>Interruptor t\u00e1ctil simple 800W - Ledsolintel<\/title>\n<meta name=\"robots\" content=\"index, follow, max-snippet:-1, max-image-preview:large, max-video-preview:-1\" \/>\n<link rel=\"canonical\" href=\"https:\/\/ledsolintel.com\/fr\/produit-2\/interrupteur-a-touche-unique-800w\/\" \/>\n<meta property=\"og:locale\" content=\"fr_FR\" \/>\n<meta property=\"og:type\" content=\"article\" \/>\n<meta property=\"og:title\" content=\"Interruptor t\u00e1ctil simple 800W - Ledsolintel\" \/>\n<meta property=\"og:description\" content=\"Interruptor t\u00e1ctil simple de 800W, disponible en dos colores: blanco y negro. Su placa de cristal templado retroiluminada permite localizar el interruptor f\u00e1cilmente en la oscuridad. Apto para ser utilizado con iluminaci\u00f3n LED, sin provocar parpadeos molestos en las bombillas Combinando este interruptor con nuestros marcos de cristal, se puede obtener una decoraci\u00f3n moderna y &hellip; Continue reading Interruptor t\u00e1ctil simple 800W\" \/>\n<meta property=\"og:url\" content=\"https:\/\/ledsolintel.com\/fr\/produit-2\/interrupteur-a-touche-unique-800w\/\" \/>\n<meta property=\"og:site_name\" content=\"Ledsolintel\" \/>\n<meta property=\"article:publisher\" content=\"http:\/\/www.facebook.com\/webmenaje\" \/>\n<meta property=\"article:modified_time\" content=\"2026-04-07T08:19:07+00:00\" \/>\n<meta property=\"og:image\" content=\"https:\/\/ledsolintel.com\/wp-content\/uploads\/2025\/11\/interruptor-tactil-simple-800w.jpg\" \/>\n\t<meta property=\"og:image:width\" content=\"1500\" \/>\n\t<meta property=\"og:image:height\" content=\"1500\" \/>\n\t<meta property=\"og:image:type\" content=\"image\/jpeg\" \/>\n<meta name=\"twitter:card\" content=\"summary_large_image\" \/>\n<meta name=\"twitter:site\" content=\"@webmenaje\" \/>\n<meta name=\"twitter:label1\" content=\"Dur\u00e9e de lecture estim\u00e9e\" \/>\n\t<meta name=\"twitter:data1\" content=\"1 minute\" \/>\n<script type=\"application\/ld+json\" class=\"yoast-schema-graph\">{\"@context\":\"https:\\\/\\\/schema.org\",\"@graph\":[{\"@type\":\"WebPage\",\"@id\":\"https:\\\/\\\/ledsolintel.com\\\/product\\\/interruptor-tactil-simple-800w\\\/\",\"url\":\"https:\\\/\\\/ledsolintel.com\\\/product\\\/interruptor-tactil-simple-800w\\\/\",\"name\":\"Interruptor t\u00e1ctil simple 800W - Ledsolintel\",\"isPartOf\":{\"@id\":\"https:\\\/\\\/ledsolintel.com\\\/#website\"},\"primaryImageOfPage\":{\"@id\":\"https:\\\/\\\/ledsolintel.com\\\/product\\\/interruptor-tactil-simple-800w\\\/#primaryimage\"},\"image\":{\"@id\":\"https:\\\/\\\/ledsolintel.com\\\/product\\\/interruptor-tactil-simple-800w\\\/#primaryimage\"},\"thumbnailUrl\":\"https:\\\/\\\/ledsolintel.com\\\/wp-content\\\/uploads\\\/2025\\\/11\\\/interruptor-tactil-simple-800w.jpg\",\"datePublished\":\"2025-11-11T15:48:44+00:00\",\"dateModified\":\"2026-04-07T08:19:07+00:00\",\"breadcrumb\":{\"@id\":\"https:\\\/\\\/ledsolintel.com\\\/product\\\/interruptor-tactil-simple-800w\\\/#breadcrumb\"},\"inLanguage\":\"fr-FR\",\"potentialAction\":[{\"@type\":\"ReadAction\",\"target\":[\"https:\\\/\\\/ledsolintel.com\\\/product\\\/interruptor-tactil-simple-800w\\\/\"]}]},{\"@type\":\"ImageObject\",\"inLanguage\":\"fr-FR\",\"@id\":\"https:\\\/\\\/ledsolintel.com\\\/product\\\/interruptor-tactil-simple-800w\\\/#primaryimage\",\"url\":\"https:\\\/\\\/ledsolintel.com\\\/wp-content\\\/uploads\\\/2025\\\/11\\\/interruptor-tactil-simple-800w.jpg\",\"contentUrl\":\"https:\\\/\\\/ledsolintel.com\\\/wp-content\\\/uploads\\\/2025\\\/11\\\/interruptor-tactil-simple-800w.jpg\",\"width\":1500,\"height\":1500},{\"@type\":\"BreadcrumbList\",\"@id\":\"https:\\\/\\\/ledsolintel.com\\\/product\\\/interruptor-tactil-simple-800w\\\/#breadcrumb\",\"itemListElement\":[{\"@type\":\"ListItem\",\"position\":1,\"name\":\"Portada\",\"item\":\"https:\\\/\\\/ledsolintel.com\\\/fr\\\/\"},{\"@type\":\"ListItem\",\"position\":2,\"name\":\"Tienda\",\"item\":\"https:\\\/\\\/ledsolintel.com\\\/tienda\\\/\"},{\"@type\":\"ListItem\",\"position\":3,\"name\":\"Interruptor t\u00e1ctil simple 800W\"}]},{\"@type\":\"WebSite\",\"@id\":\"https:\\\/\\\/ledsolintel.com\\\/#website\",\"url\":\"https:\\\/\\\/ledsolintel.com\\\/\",\"name\":\"Webmenaje\",\"description\":\"Tienda de bombillas y l\u00e1mparas LED para profesionales\",\"publisher\":{\"@id\":\"https:\\\/\\\/ledsolintel.com\\\/#organization\"},\"potentialAction\":[{\"@type\":\"SearchAction\",\"target\":{\"@type\":\"EntryPoint\",\"urlTemplate\":\"https:\\\/\\\/ledsolintel.com\\\/?s={search_term_string}\"},\"query-input\":{\"@type\":\"PropertyValueSpecification\",\"valueRequired\":true,\"valueName\":\"search_term_string\"}}],\"inLanguage\":\"fr-FR\"},{\"@type\":\"Organization\",\"@id\":\"https:\\\/\\\/ledsolintel.com\\\/#organization\",\"name\":\"Solintel Noroeste, S.L.\",\"url\":\"https:\\\/\\\/ledsolintel.com\\\/\",\"logo\":{\"@type\":\"ImageObject\",\"inLanguage\":\"fr-FR\",\"@id\":\"https:\\\/\\\/ledsolintel.com\\\/#\\\/schema\\\/logo\\\/image\\\/\",\"url\":\"https:\\\/\\\/ledsolintel.com\\\/wp-content\\\/uploads\\\/2024\\\/11\\\/webmenaje-logo-1508269066.jpg\",\"contentUrl\":\"https:\\\/\\\/ledsolintel.com\\\/wp-content\\\/uploads\\\/2024\\\/11\\\/webmenaje-logo-1508269066.jpg\",\"width\":370,\"height\":90,\"caption\":\"Solintel Noroeste, S.L.\"},\"image\":{\"@id\":\"https:\\\/\\\/ledsolintel.com\\\/#\\\/schema\\\/logo\\\/image\\\/\"},\"sameAs\":[\"http:\\\/\\\/www.facebook.com\\\/webmenaje\",\"https:\\\/\\\/x.com\\\/webmenaje\",\"https:\\\/\\\/www.youtube.com\\\/channel\\\/UCX2KoVoeCG4LocZjUc6LmSQ\",\"http:\\\/\\\/www.pinterest.com\\\/webmenaje\"]}]}<\/script>\n<!-- \/ Yoast SEO plugin. -->","yoast_head_json":{"title":"Interrupteur \u00e0 touche unique 800W - Ledsolintel","robots":{"index":"index","follow":"follow","max-snippet":"max-snippet:-1","max-image-preview":"max-image-preview:large","max-video-preview":"max-video-preview:-1"},"canonical":"https:\/\/ledsolintel.com\/fr\/produit-2\/interrupteur-a-touche-unique-800w\/","og_locale":"fr_FR","og_type":"article","og_title":"Interruptor t\u00e1ctil simple 800W - Ledsolintel","og_description":"Interruptor t\u00e1ctil simple de 800W, disponible en dos colores: blanco y negro. Su placa de cristal templado retroiluminada permite localizar el interruptor f\u00e1cilmente en la oscuridad. Apto para ser utilizado con iluminaci\u00f3n LED, sin provocar parpadeos molestos en las bombillas Combinando este interruptor con nuestros marcos de cristal, se puede obtener una decoraci\u00f3n moderna y &hellip; Continue reading Interruptor t\u00e1ctil simple 800W","og_url":"https:\/\/ledsolintel.com\/fr\/produit-2\/interrupteur-a-touche-unique-800w\/","og_site_name":"Ledsolintel","article_publisher":"http:\/\/www.facebook.com\/webmenaje","article_modified_time":"2026-04-07T08:19:07+00:00","og_image":[{"width":1500,"height":1500,"url":"https:\/\/ledsolintel.com\/wp-content\/uploads\/2025\/11\/interruptor-tactil-simple-800w.jpg","type":"image\/jpeg"}],"twitter_card":"summary_large_image","twitter_site":"@webmenaje","twitter_misc":{"Dur\u00e9e de lecture estim\u00e9e":"1 minute"},"schema":{"@context":"https:\/\/schema.org","@graph":[{"@type":"WebPage","@id":"https:\/\/ledsolintel.com\/product\/interruptor-tactil-simple-800w\/","url":"https:\/\/ledsolintel.com\/product\/interruptor-tactil-simple-800w\/","name":"Interrupteur \u00e0 touche unique 800W - Ledsolintel","isPartOf":{"@id":"https:\/\/ledsolintel.com\/#website"},"primaryImageOfPage":{"@id":"https:\/\/ledsolintel.com\/product\/interruptor-tactil-simple-800w\/#primaryimage"},"image":{"@id":"https:\/\/ledsolintel.com\/product\/interruptor-tactil-simple-800w\/#primaryimage"},"thumbnailUrl":"https:\/\/ledsolintel.com\/wp-content\/uploads\/2025\/11\/interruptor-tactil-simple-800w.jpg","datePublished":"2025-11-11T15:48:44+00:00","dateModified":"2026-04-07T08:19:07+00:00","breadcrumb":{"@id":"https:\/\/ledsolintel.com\/product\/interruptor-tactil-simple-800w\/#breadcrumb"},"inLanguage":"fr-FR","potentialAction":[{"@type":"ReadAction","target":["https:\/\/ledsolintel.com\/product\/interruptor-tactil-simple-800w\/"]}]},{"@type":"ImageObject","inLanguage":"fr-FR","@id":"https:\/\/ledsolintel.com\/product\/interruptor-tactil-simple-800w\/#primaryimage","url":"https:\/\/ledsolintel.com\/wp-content\/uploads\/2025\/11\/interruptor-tactil-simple-800w.jpg","contentUrl":"https:\/\/ledsolintel.com\/wp-content\/uploads\/2025\/11\/interruptor-tactil-simple-800w.jpg","width":1500,"height":1500},{"@type":"BreadcrumbList","@id":"https:\/\/ledsolintel.com\/product\/interruptor-tactil-simple-800w\/#breadcrumb","itemListElement":[{"@type":"ListItem","position":1,"name":"Portada","item":"https:\/\/ledsolintel.com\/fr\/"},{"@type":"ListItem","position":2,"name":"Tienda","item":"https:\/\/ledsolintel.com\/tienda\/"},{"@type":"ListItem","position":3,"name":"Interruptor t\u00e1ctil simple 800W"}]},{"@type":"WebSite","@id":"https:\/\/ledsolintel.com\/#website","url":"https:\/\/ledsolintel.com\/","name":"Webmenaje","description":"Magasin d'ampoules et de lampes LED pour les professionnels","publisher":{"@id":"https:\/\/ledsolintel.com\/#organization"},"potentialAction":[{"@type":"SearchAction","target":{"@type":"EntryPoint","urlTemplate":"https:\/\/ledsolintel.com\/?s={search_term_string}"},"query-input":{"@type":"PropertyValueSpecification","valueRequired":true,"valueName":"search_term_string"}}],"inLanguage":"fr-FR"},{"@type":"Organization","@id":"https:\/\/ledsolintel.com\/#organization","name":"Solintel Noroeste, S.L.","url":"https:\/\/ledsolintel.com\/","logo":{"@type":"ImageObject","inLanguage":"fr-FR","@id":"https:\/\/ledsolintel.com\/#\/schema\/logo\/image\/","url":"https:\/\/ledsolintel.com\/wp-content\/uploads\/2024\/11\/webmenaje-logo-1508269066.jpg","contentUrl":"https:\/\/ledsolintel.com\/wp-content\/uploads\/2024\/11\/webmenaje-logo-1508269066.jpg","width":370,"height":90,"caption":"Solintel Noroeste, S.L."},"image":{"@id":"https:\/\/ledsolintel.com\/#\/schema\/logo\/image\/"},"sameAs":["http:\/\/www.facebook.com\/webmenaje","https:\/\/x.com\/webmenaje","https:\/\/www.youtube.com\/channel\/UCX2KoVoeCG4LocZjUc6LmSQ","http:\/\/www.pinterest.com\/webmenaje"]}]}},"_links":{"self":[{"href":"https:\/\/ledsolintel.com\/fr\/wp-json\/wp\/v2\/product\/267866","targetHints":{"allow":["GET"]}}],"collection":[{"href":"https:\/\/ledsolintel.com\/fr\/wp-json\/wp\/v2\/product"}],"about":[{"href":"https:\/\/ledsolintel.com\/fr\/wp-json\/wp\/v2\/types\/product"}],"version-history":[{"count":1,"href":"https:\/\/ledsolintel.com\/fr\/wp-json\/wp\/v2\/product\/267866\/revisions"}],"predecessor-version":[{"id":267867,"href":"https:\/\/ledsolintel.com\/fr\/wp-json\/wp\/v2\/product\/267866\/revisions\/267867"}],"wp:featuredmedia":[{"embeddable":true,"href":"https:\/\/ledsolintel.com\/fr\/wp-json\/wp\/v2\/media\/261502"}],"wp:attachment":[{"href":"https:\/\/ledsolintel.com\/fr\/wp-json\/wp\/v2\/media?parent=267866"}],"wp:term":[{"taxonomy":"product_brand","embeddable":true,"href":"https:\/\/ledsolintel.com\/fr\/wp-json\/wp\/v2\/product_brand?post=267866"},{"taxonomy":"product_cat","embeddable":true,"href":"https:\/\/ledsolintel.com\/fr\/wp-json\/wp\/v2\/product_cat?post=267866"},{"taxonomy":"product_tag","embeddable":true,"href":"https:\/\/ledsolintel.com\/fr\/wp-json\/wp\/v2\/product_tag?post=267866"}],"curies":[{"name":"wp","href":"https:\/\/api.w.org\/{rel}","templated":true}]}}