{"id":267850,"date":"2025-11-11T16:48:25","date_gmt":"2025-11-11T15:48:25","guid":{"rendered":"https:\/\/nueva.ledsolintel.com\/product\/marco-cristal-1-mecanismo\/"},"modified":"2026-04-07T10:19:08","modified_gmt":"2026-04-07T08:19:08","slug":"marco-cristal-1-mecanismo","status":"publish","type":"product","link":"https:\/\/ledsolintel.com\/fr\/produit-2\/marco-cristal-1-mecanismo\/","title":{"rendered":"Cadre en verre 1 m\u00e9canisme"},"content":{"rendered":"<p>Cadre en verre pour un m\u00e9canisme, disponible en deux couleurs : noir ou blanc. Id\u00e9al pour cr\u00e9er une finition moderne et minimaliste \u00e0 toute installation int\u00e9rieure.  Il s'agit d'un m\u00e9canisme qui peut \u00eatre install\u00e9 sur des bo\u00eetes \u00e0 m\u00e9canisme encastr\u00e9es universelles.  Il n'est pas compatible avec les m\u00e9canismes de la s\u00e9rie PC.  Il est con\u00e7u en verre et en polycarbonate et mesure 86 x 86 x 9 mm.  Gr\u00e2ce \u00e0 son degr\u00e9 de protection IP20, il est id\u00e9al pour une installation \u00e0 l'int\u00e9rieur (protection contre les particules solides de plus de 12 mm et n'est pas \u00e9tanche).  Il est garanti 3 ans. Il poss\u00e8de \u00e9galement le certificat CE, qui atteste qu'il est conforme aux exigences de l'UE en mati\u00e8re de compatibilit\u00e9 \u00e9lectromagn\u00e9tique et de basse tension. Ce certificat d\u00e9clare la conformit\u00e9 du produit \u00e0 toutes les exigences l\u00e9gales et garantit la validit\u00e9 de la vente du produit dans l'Espace \u00e9conomique europ\u00e9en.  Comprend le cadre.<\/p>","protected":false},"excerpt":{"rendered":"<p>Marco embellecedor de cristal para un mecanismo, disponible en dos colores: blanco o negro. Ideal para crear un acabado moderno y minimalista en cualquier instalaci\u00f3n interior. Es un mecanismo apto para instalaci\u00f3n sobre cajas de mecanismos empotrables universales. No compatible con los mecanismos de la serie PC. Est\u00e1 dise\u00f1ado en cristal y policarbonato con las &hellip; <a href=\"https:\/\/ledsolintel.com\/fr\/produit-2\/marco-cristal-1-mecanismo\/\" class=\"more-link\">Continue reading <span class=\"screen-reader-text\">Cadre en verre 1 m\u00e9canisme<\/span><\/a><\/p>","protected":false},"featured_media":261468,"template":"","meta":[],"product_brand":[101370],"product_cat":[15,101371],"product_tag":[],"class_list":{"0":"post-267850","1":"product","2":"type-product","3":"status-publish","4":"has-post-thumbnail","6":"product_brand-masterled","7":"product_cat-uncategorized","8":"product_cat-masterled","9":"pa_color-blanco","10":"pa_color-negro","13":"instock","14":"taxable","15":"shipping-taxable","16":"purchasable","17":"product-type-variable","18":"has-default-attributes"},"yoast_head":"<!-- This site is optimized with the Yoast SEO plugin v26.6 - https:\/\/yoast.com\/wordpress\/plugins\/seo\/ -->\n<title>Marco cristal 1 mecanismo - Ledsolintel<\/title>\n<meta name=\"robots\" content=\"index, follow, max-snippet:-1, max-image-preview:large, max-video-preview:-1\" \/>\n<link rel=\"canonical\" href=\"https:\/\/ledsolintel.com\/fr\/produit-2\/marco-cristal-1-mecanismo\/\" \/>\n<meta property=\"og:locale\" content=\"fr_FR\" \/>\n<meta property=\"og:type\" content=\"article\" \/>\n<meta property=\"og:title\" content=\"Marco cristal 1 mecanismo - Ledsolintel\" \/>\n<meta property=\"og:description\" content=\"Marco embellecedor de cristal para un mecanismo, disponible en dos colores: blanco o negro. Ideal para crear un acabado moderno y minimalista en cualquier instalaci\u00f3n interior. Es un mecanismo apto para instalaci\u00f3n sobre cajas de mecanismos empotrables universales. No compatible con los mecanismos de la serie PC. Est\u00e1 dise\u00f1ado en cristal y policarbonato con las &hellip; Continue reading Marco cristal 1 mecanismo\" \/>\n<meta property=\"og:url\" content=\"https:\/\/ledsolintel.com\/fr\/produit-2\/marco-cristal-1-mecanismo\/\" \/>\n<meta property=\"og:site_name\" content=\"Ledsolintel\" \/>\n<meta property=\"article:publisher\" content=\"http:\/\/www.facebook.com\/webmenaje\" \/>\n<meta property=\"article:modified_time\" content=\"2026-04-07T08:19:08+00:00\" \/>\n<meta property=\"og:image\" content=\"https:\/\/ledsolintel.com\/wp-content\/uploads\/2025\/11\/marco-cristal-1-mecanismo.jpg\" \/>\n\t<meta property=\"og:image:width\" content=\"600\" \/>\n\t<meta property=\"og:image:height\" content=\"600\" \/>\n\t<meta property=\"og:image:type\" content=\"image\/jpeg\" \/>\n<meta name=\"twitter:card\" content=\"summary_large_image\" \/>\n<meta name=\"twitter:site\" content=\"@webmenaje\" \/>\n<meta name=\"twitter:label1\" content=\"Dur\u00e9e de lecture estim\u00e9e\" \/>\n\t<meta name=\"twitter:data1\" content=\"1 minute\" \/>\n<script type=\"application\/ld+json\" class=\"yoast-schema-graph\">{\"@context\":\"https:\/\/schema.org\",\"@graph\":[{\"@type\":\"WebPage\",\"@id\":\"https:\/\/ledsolintel.com\/product\/marco-cristal-1-mecanismo\/\",\"url\":\"https:\/\/ledsolintel.com\/product\/marco-cristal-1-mecanismo\/\",\"name\":\"Marco cristal 1 mecanismo - Ledsolintel\",\"isPartOf\":{\"@id\":\"https:\/\/ledsolintel.com\/#website\"},\"primaryImageOfPage\":{\"@id\":\"https:\/\/ledsolintel.com\/product\/marco-cristal-1-mecanismo\/#primaryimage\"},\"image\":{\"@id\":\"https:\/\/ledsolintel.com\/product\/marco-cristal-1-mecanismo\/#primaryimage\"},\"thumbnailUrl\":\"https:\/\/ledsolintel.com\/wp-content\/uploads\/2025\/11\/marco-cristal-1-mecanismo.jpg\",\"datePublished\":\"2025-11-11T15:48:25+00:00\",\"dateModified\":\"2026-04-07T08:19:08+00:00\",\"breadcrumb\":{\"@id\":\"https:\/\/ledsolintel.com\/product\/marco-cristal-1-mecanismo\/#breadcrumb\"},\"inLanguage\":\"fr-FR\",\"potentialAction\":[{\"@type\":\"ReadAction\",\"target\":[\"https:\/\/ledsolintel.com\/product\/marco-cristal-1-mecanismo\/\"]}]},{\"@type\":\"ImageObject\",\"inLanguage\":\"fr-FR\",\"@id\":\"https:\/\/ledsolintel.com\/product\/marco-cristal-1-mecanismo\/#primaryimage\",\"url\":\"https:\/\/ledsolintel.com\/wp-content\/uploads\/2025\/11\/marco-cristal-1-mecanismo.jpg\",\"contentUrl\":\"https:\/\/ledsolintel.com\/wp-content\/uploads\/2025\/11\/marco-cristal-1-mecanismo.jpg\",\"width\":600,\"height\":600},{\"@type\":\"BreadcrumbList\",\"@id\":\"https:\/\/ledsolintel.com\/product\/marco-cristal-1-mecanismo\/#breadcrumb\",\"itemListElement\":[{\"@type\":\"ListItem\",\"position\":1,\"name\":\"Portada\",\"item\":\"https:\/\/ledsolintel.com\/fr\/\"},{\"@type\":\"ListItem\",\"position\":2,\"name\":\"Tienda\",\"item\":\"https:\/\/ledsolintel.com\/tienda\/\"},{\"@type\":\"ListItem\",\"position\":3,\"name\":\"Marco cristal 1 mecanismo\"}]},{\"@type\":\"WebSite\",\"@id\":\"https:\/\/ledsolintel.com\/#website\",\"url\":\"https:\/\/ledsolintel.com\/\",\"name\":\"Webmenaje\",\"description\":\"Tienda de bombillas y l\u00e1mparas LED para profesionales\",\"publisher\":{\"@id\":\"https:\/\/ledsolintel.com\/#organization\"},\"potentialAction\":[{\"@type\":\"SearchAction\",\"target\":{\"@type\":\"EntryPoint\",\"urlTemplate\":\"https:\/\/ledsolintel.com\/?s={search_term_string}\"},\"query-input\":{\"@type\":\"PropertyValueSpecification\",\"valueRequired\":true,\"valueName\":\"search_term_string\"}}],\"inLanguage\":\"fr-FR\"},{\"@type\":\"Organization\",\"@id\":\"https:\/\/ledsolintel.com\/#organization\",\"name\":\"Solintel Noroeste, S.L.\",\"url\":\"https:\/\/ledsolintel.com\/\",\"logo\":{\"@type\":\"ImageObject\",\"inLanguage\":\"fr-FR\",\"@id\":\"https:\/\/ledsolintel.com\/#\/schema\/logo\/image\/\",\"url\":\"https:\/\/ledsolintel.com\/wp-content\/uploads\/2024\/11\/webmenaje-logo-1508269066.jpg\",\"contentUrl\":\"https:\/\/ledsolintel.com\/wp-content\/uploads\/2024\/11\/webmenaje-logo-1508269066.jpg\",\"width\":370,\"height\":90,\"caption\":\"Solintel Noroeste, S.L.\"},\"image\":{\"@id\":\"https:\/\/ledsolintel.com\/#\/schema\/logo\/image\/\"},\"sameAs\":[\"http:\/\/www.facebook.com\/webmenaje\",\"https:\/\/x.com\/webmenaje\",\"https:\/\/www.youtube.com\/channel\/UCX2KoVoeCG4LocZjUc6LmSQ\",\"http:\/\/www.pinterest.com\/webmenaje\"]}]}<\/script>\n<!-- \/ Yoast SEO plugin. -->","yoast_head_json":{"title":"Marco cristal 1 mecanismo - Ledsolintel","robots":{"index":"index","follow":"follow","max-snippet":"max-snippet:-1","max-image-preview":"max-image-preview:large","max-video-preview":"max-video-preview:-1"},"canonical":"https:\/\/ledsolintel.com\/fr\/produit-2\/marco-cristal-1-mecanismo\/","og_locale":"fr_FR","og_type":"article","og_title":"Marco cristal 1 mecanismo - Ledsolintel","og_description":"Marco embellecedor de cristal para un mecanismo, disponible en dos colores: blanco o negro. Ideal para crear un acabado moderno y minimalista en cualquier instalaci\u00f3n interior. Es un mecanismo apto para instalaci\u00f3n sobre cajas de mecanismos empotrables universales. No compatible con los mecanismos de la serie PC. Est\u00e1 dise\u00f1ado en cristal y policarbonato con las &hellip; Continue reading Marco cristal 1 mecanismo","og_url":"https:\/\/ledsolintel.com\/fr\/produit-2\/marco-cristal-1-mecanismo\/","og_site_name":"Ledsolintel","article_publisher":"http:\/\/www.facebook.com\/webmenaje","article_modified_time":"2026-04-07T08:19:08+00:00","og_image":[{"width":600,"height":600,"url":"https:\/\/ledsolintel.com\/wp-content\/uploads\/2025\/11\/marco-cristal-1-mecanismo.jpg","type":"image\/jpeg"}],"twitter_card":"summary_large_image","twitter_site":"@webmenaje","twitter_misc":{"Dur\u00e9e de lecture estim\u00e9e":"1 minute"},"schema":{"@context":"https:\/\/schema.org","@graph":[{"@type":"WebPage","@id":"https:\/\/ledsolintel.com\/product\/marco-cristal-1-mecanismo\/","url":"https:\/\/ledsolintel.com\/product\/marco-cristal-1-mecanismo\/","name":"Marco cristal 1 mecanismo - Ledsolintel","isPartOf":{"@id":"https:\/\/ledsolintel.com\/#website"},"primaryImageOfPage":{"@id":"https:\/\/ledsolintel.com\/product\/marco-cristal-1-mecanismo\/#primaryimage"},"image":{"@id":"https:\/\/ledsolintel.com\/product\/marco-cristal-1-mecanismo\/#primaryimage"},"thumbnailUrl":"https:\/\/ledsolintel.com\/wp-content\/uploads\/2025\/11\/marco-cristal-1-mecanismo.jpg","datePublished":"2025-11-11T15:48:25+00:00","dateModified":"2026-04-07T08:19:08+00:00","breadcrumb":{"@id":"https:\/\/ledsolintel.com\/product\/marco-cristal-1-mecanismo\/#breadcrumb"},"inLanguage":"fr-FR","potentialAction":[{"@type":"ReadAction","target":["https:\/\/ledsolintel.com\/product\/marco-cristal-1-mecanismo\/"]}]},{"@type":"ImageObject","inLanguage":"fr-FR","@id":"https:\/\/ledsolintel.com\/product\/marco-cristal-1-mecanismo\/#primaryimage","url":"https:\/\/ledsolintel.com\/wp-content\/uploads\/2025\/11\/marco-cristal-1-mecanismo.jpg","contentUrl":"https:\/\/ledsolintel.com\/wp-content\/uploads\/2025\/11\/marco-cristal-1-mecanismo.jpg","width":600,"height":600},{"@type":"BreadcrumbList","@id":"https:\/\/ledsolintel.com\/product\/marco-cristal-1-mecanismo\/#breadcrumb","itemListElement":[{"@type":"ListItem","position":1,"name":"Portada","item":"https:\/\/ledsolintel.com\/fr\/"},{"@type":"ListItem","position":2,"name":"Tienda","item":"https:\/\/ledsolintel.com\/tienda\/"},{"@type":"ListItem","position":3,"name":"Marco cristal 1 mecanismo"}]},{"@type":"WebSite","@id":"https:\/\/ledsolintel.com\/#website","url":"https:\/\/ledsolintel.com\/","name":"Webmenaje","description":"Magasin d'ampoules et de lampes LED pour les professionnels","publisher":{"@id":"https:\/\/ledsolintel.com\/#organization"},"potentialAction":[{"@type":"SearchAction","target":{"@type":"EntryPoint","urlTemplate":"https:\/\/ledsolintel.com\/?s={search_term_string}"},"query-input":{"@type":"PropertyValueSpecification","valueRequired":true,"valueName":"search_term_string"}}],"inLanguage":"fr-FR"},{"@type":"Organization","@id":"https:\/\/ledsolintel.com\/#organization","name":"Solintel Noroeste, S.L.","url":"https:\/\/ledsolintel.com\/","logo":{"@type":"ImageObject","inLanguage":"fr-FR","@id":"https:\/\/ledsolintel.com\/#\/schema\/logo\/image\/","url":"https:\/\/ledsolintel.com\/wp-content\/uploads\/2024\/11\/webmenaje-logo-1508269066.jpg","contentUrl":"https:\/\/ledsolintel.com\/wp-content\/uploads\/2024\/11\/webmenaje-logo-1508269066.jpg","width":370,"height":90,"caption":"Solintel Noroeste, S.L."},"image":{"@id":"https:\/\/ledsolintel.com\/#\/schema\/logo\/image\/"},"sameAs":["http:\/\/www.facebook.com\/webmenaje","https:\/\/x.com\/webmenaje","https:\/\/www.youtube.com\/channel\/UCX2KoVoeCG4LocZjUc6LmSQ","http:\/\/www.pinterest.com\/webmenaje"]}]}},"_links":{"self":[{"href":"https:\/\/ledsolintel.com\/fr\/wp-json\/wp\/v2\/product\/267850","targetHints":{"allow":["GET"]}}],"collection":[{"href":"https:\/\/ledsolintel.com\/fr\/wp-json\/wp\/v2\/product"}],"about":[{"href":"https:\/\/ledsolintel.com\/fr\/wp-json\/wp\/v2\/types\/product"}],"version-history":[{"count":1,"href":"https:\/\/ledsolintel.com\/fr\/wp-json\/wp\/v2\/product\/267850\/revisions"}],"predecessor-version":[{"id":267851,"href":"https:\/\/ledsolintel.com\/fr\/wp-json\/wp\/v2\/product\/267850\/revisions\/267851"}],"wp:featuredmedia":[{"embeddable":true,"href":"https:\/\/ledsolintel.com\/fr\/wp-json\/wp\/v2\/media\/261468"}],"wp:attachment":[{"href":"https:\/\/ledsolintel.com\/fr\/wp-json\/wp\/v2\/media?parent=267850"}],"wp:term":[{"taxonomy":"product_brand","embeddable":true,"href":"https:\/\/ledsolintel.com\/fr\/wp-json\/wp\/v2\/product_brand?post=267850"},{"taxonomy":"product_cat","embeddable":true,"href":"https:\/\/ledsolintel.com\/fr\/wp-json\/wp\/v2\/product_cat?post=267850"},{"taxonomy":"product_tag","embeddable":true,"href":"https:\/\/ledsolintel.com\/fr\/wp-json\/wp\/v2\/product_tag?post=267850"}],"curies":[{"name":"wp","href":"https:\/\/api.w.org\/{rel}","templated":true}]}}