{"id":267843,"date":"2025-11-11T16:48:16","date_gmt":"2025-11-11T15:48:16","guid":{"rendered":"https:\/\/nueva.ledsolintel.com\/product\/foco-empotrable-suelo-ip65-gu5-3\/"},"modified":"2026-04-07T10:19:08","modified_gmt":"2026-04-07T08:19:08","slug":"foco-empotrable-suelo-ip65-gu5-3","status":"publish","type":"product","link":"https:\/\/ledsolintel.com\/fr\/produit-2\/foco-empotrable-suelo-ip65-gu5-3\/","title":{"rendered":"SPOT ENCASTR\u00c9 AU SOL IP65 GU5.3"},"content":{"rendered":"<p>Foco LED redondo, empotrable en suelo.\u00a0Su grado de protecci\u00f3n IP65 ofrece una alta protecci\u00f3n contra el agua y el polvo. Adem\u00e1s, su cubierta de acero inoxidable le confiere una gran resistencia y durabilidad.Su base permite la colocaci\u00f3n de bombillas con casquillo GU5.3, pudiendo as\u00ed elegir la potencia lum\u00ednica y la temperatura de color.Se puede usar como baliza exterior\u00a0en aceras, jardines, parques, fuentes, piscinas, etc.No incluye bombilla.<\/p>","protected":false},"excerpt":{"rendered":"<p>Foco LED redondo, empotrable en suelo.\u00a0Su grado de protecci\u00f3n IP65 ofrece una alta protecci\u00f3n contra el agua y el polvo. Adem\u00e1s, su cubierta de acero inoxidable le confiere una gran resistencia y durabilidad.Su base permite la colocaci\u00f3n de bombillas con casquillo GU5.3, pudiendo as\u00ed elegir la potencia lum\u00ednica y la temperatura de color.Se puede usar &hellip; <a href=\"https:\/\/ledsolintel.com\/fr\/produit-2\/foco-empotrable-suelo-ip65-gu5-3\/\" class=\"more-link\">Continue reading <span class=\"screen-reader-text\">SPOT ENCASTR\u00c9 AU SOL IP65 GU5.3<\/span><\/a><\/p>","protected":false},"featured_media":261450,"template":"","meta":[],"product_brand":[101370],"product_cat":[15,101371],"product_tag":[],"class_list":{"0":"post-267843","1":"product","2":"type-product","3":"status-publish","4":"has-post-thumbnail","6":"product_brand-masterled","7":"product_cat-uncategorized","8":"product_cat-masterled","9":"pa_tipo-casquillo-casquillo-gu5-3","12":"instock","13":"taxable","14":"shipping-taxable","15":"purchasable","16":"product-type-simple"},"yoast_head":"<!-- This site is optimized with the Yoast SEO plugin v26.6 - https:\/\/yoast.com\/wordpress\/plugins\/seo\/ -->\n<title>FOCO EMPOTRABLE SUELO IP65 GU5.3 - Ledsolintel<\/title>\n<meta name=\"robots\" content=\"index, follow, max-snippet:-1, max-image-preview:large, max-video-preview:-1\" \/>\n<link rel=\"canonical\" href=\"https:\/\/ledsolintel.com\/fr\/produit-2\/foco-empotrable-suelo-ip65-gu5-3\/\" \/>\n<meta property=\"og:locale\" content=\"fr_FR\" \/>\n<meta property=\"og:type\" content=\"article\" \/>\n<meta property=\"og:title\" content=\"FOCO EMPOTRABLE SUELO IP65 GU5.3 - Ledsolintel\" \/>\n<meta property=\"og:description\" content=\"Foco LED redondo, empotrable en suelo.\u00a0Su grado de protecci\u00f3n IP65 ofrece una alta protecci\u00f3n contra el agua y el polvo. Adem\u00e1s, su cubierta de acero inoxidable le confiere una gran resistencia y durabilidad.Su base permite la colocaci\u00f3n de bombillas con casquillo GU5.3, pudiendo as\u00ed elegir la potencia lum\u00ednica y la temperatura de color.Se puede usar &hellip; Continue reading FOCO EMPOTRABLE SUELO IP65 GU5.3\" \/>\n<meta property=\"og:url\" content=\"https:\/\/ledsolintel.com\/fr\/produit-2\/foco-empotrable-suelo-ip65-gu5-3\/\" \/>\n<meta property=\"og:site_name\" content=\"Ledsolintel\" \/>\n<meta property=\"article:publisher\" content=\"http:\/\/www.facebook.com\/webmenaje\" \/>\n<meta property=\"article:modified_time\" content=\"2026-04-07T08:19:08+00:00\" \/>\n<meta property=\"og:image\" content=\"https:\/\/ledsolintel.com\/wp-content\/uploads\/2025\/11\/foco-empotrable-suelo-ip65-gu53.jpg\" \/>\n\t<meta property=\"og:image:width\" content=\"1200\" \/>\n\t<meta property=\"og:image:height\" content=\"1200\" \/>\n\t<meta property=\"og:image:type\" content=\"image\/jpeg\" \/>\n<meta name=\"twitter:card\" content=\"summary_large_image\" \/>\n<meta name=\"twitter:site\" content=\"@webmenaje\" \/>\n<script type=\"application\/ld+json\" class=\"yoast-schema-graph\">{\"@context\":\"https:\/\/schema.org\",\"@graph\":[{\"@type\":\"WebPage\",\"@id\":\"https:\/\/ledsolintel.com\/product\/foco-empotrable-suelo-ip65-gu5-3\/\",\"url\":\"https:\/\/ledsolintel.com\/product\/foco-empotrable-suelo-ip65-gu5-3\/\",\"name\":\"FOCO EMPOTRABLE SUELO IP65 GU5.3 - Ledsolintel\",\"isPartOf\":{\"@id\":\"https:\/\/ledsolintel.com\/#website\"},\"primaryImageOfPage\":{\"@id\":\"https:\/\/ledsolintel.com\/product\/foco-empotrable-suelo-ip65-gu5-3\/#primaryimage\"},\"image\":{\"@id\":\"https:\/\/ledsolintel.com\/product\/foco-empotrable-suelo-ip65-gu5-3\/#primaryimage\"},\"thumbnailUrl\":\"https:\/\/ledsolintel.com\/wp-content\/uploads\/2025\/11\/foco-empotrable-suelo-ip65-gu53.jpg\",\"datePublished\":\"2025-11-11T15:48:16+00:00\",\"dateModified\":\"2026-04-07T08:19:08+00:00\",\"breadcrumb\":{\"@id\":\"https:\/\/ledsolintel.com\/product\/foco-empotrable-suelo-ip65-gu5-3\/#breadcrumb\"},\"inLanguage\":\"fr-FR\",\"potentialAction\":[{\"@type\":\"ReadAction\",\"target\":[\"https:\/\/ledsolintel.com\/product\/foco-empotrable-suelo-ip65-gu5-3\/\"]}]},{\"@type\":\"ImageObject\",\"inLanguage\":\"fr-FR\",\"@id\":\"https:\/\/ledsolintel.com\/product\/foco-empotrable-suelo-ip65-gu5-3\/#primaryimage\",\"url\":\"https:\/\/ledsolintel.com\/wp-content\/uploads\/2025\/11\/foco-empotrable-suelo-ip65-gu53.jpg\",\"contentUrl\":\"https:\/\/ledsolintel.com\/wp-content\/uploads\/2025\/11\/foco-empotrable-suelo-ip65-gu53.jpg\",\"width\":1200,\"height\":1200},{\"@type\":\"BreadcrumbList\",\"@id\":\"https:\/\/ledsolintel.com\/product\/foco-empotrable-suelo-ip65-gu5-3\/#breadcrumb\",\"itemListElement\":[{\"@type\":\"ListItem\",\"position\":1,\"name\":\"Portada\",\"item\":\"https:\/\/ledsolintel.com\/fr\/\"},{\"@type\":\"ListItem\",\"position\":2,\"name\":\"Tienda\",\"item\":\"https:\/\/ledsolintel.com\/tienda\/\"},{\"@type\":\"ListItem\",\"position\":3,\"name\":\"FOCO EMPOTRABLE SUELO IP65 GU5.3\"}]},{\"@type\":\"WebSite\",\"@id\":\"https:\/\/ledsolintel.com\/#website\",\"url\":\"https:\/\/ledsolintel.com\/\",\"name\":\"Webmenaje\",\"description\":\"Tienda de bombillas y l\u00e1mparas LED para profesionales\",\"publisher\":{\"@id\":\"https:\/\/ledsolintel.com\/#organization\"},\"potentialAction\":[{\"@type\":\"SearchAction\",\"target\":{\"@type\":\"EntryPoint\",\"urlTemplate\":\"https:\/\/ledsolintel.com\/?s={search_term_string}\"},\"query-input\":{\"@type\":\"PropertyValueSpecification\",\"valueRequired\":true,\"valueName\":\"search_term_string\"}}],\"inLanguage\":\"fr-FR\"},{\"@type\":\"Organization\",\"@id\":\"https:\/\/ledsolintel.com\/#organization\",\"name\":\"Solintel Noroeste, S.L.\",\"url\":\"https:\/\/ledsolintel.com\/\",\"logo\":{\"@type\":\"ImageObject\",\"inLanguage\":\"fr-FR\",\"@id\":\"https:\/\/ledsolintel.com\/#\/schema\/logo\/image\/\",\"url\":\"https:\/\/ledsolintel.com\/wp-content\/uploads\/2024\/11\/webmenaje-logo-1508269066.jpg\",\"contentUrl\":\"https:\/\/ledsolintel.com\/wp-content\/uploads\/2024\/11\/webmenaje-logo-1508269066.jpg\",\"width\":370,\"height\":90,\"caption\":\"Solintel Noroeste, S.L.\"},\"image\":{\"@id\":\"https:\/\/ledsolintel.com\/#\/schema\/logo\/image\/\"},\"sameAs\":[\"http:\/\/www.facebook.com\/webmenaje\",\"https:\/\/x.com\/webmenaje\",\"https:\/\/www.youtube.com\/channel\/UCX2KoVoeCG4LocZjUc6LmSQ\",\"http:\/\/www.pinterest.com\/webmenaje\"]}]}<\/script>\n<!-- \/ Yoast SEO plugin. -->","yoast_head_json":{"title":"FOCO EMPOTRABLE SUELO IP65 GU5.3 - Ledsolintel","robots":{"index":"index","follow":"follow","max-snippet":"max-snippet:-1","max-image-preview":"max-image-preview:large","max-video-preview":"max-video-preview:-1"},"canonical":"https:\/\/ledsolintel.com\/fr\/produit-2\/foco-empotrable-suelo-ip65-gu5-3\/","og_locale":"fr_FR","og_type":"article","og_title":"FOCO EMPOTRABLE SUELO IP65 GU5.3 - Ledsolintel","og_description":"Foco LED redondo, empotrable en suelo.\u00a0Su grado de protecci\u00f3n IP65 ofrece una alta protecci\u00f3n contra el agua y el polvo. Adem\u00e1s, su cubierta de acero inoxidable le confiere una gran resistencia y durabilidad.Su base permite la colocaci\u00f3n de bombillas con casquillo GU5.3, pudiendo as\u00ed elegir la potencia lum\u00ednica y la temperatura de color.Se puede usar &hellip; Continue reading FOCO EMPOTRABLE SUELO IP65 GU5.3","og_url":"https:\/\/ledsolintel.com\/fr\/produit-2\/foco-empotrable-suelo-ip65-gu5-3\/","og_site_name":"Ledsolintel","article_publisher":"http:\/\/www.facebook.com\/webmenaje","article_modified_time":"2026-04-07T08:19:08+00:00","og_image":[{"width":1200,"height":1200,"url":"https:\/\/ledsolintel.com\/wp-content\/uploads\/2025\/11\/foco-empotrable-suelo-ip65-gu53.jpg","type":"image\/jpeg"}],"twitter_card":"summary_large_image","twitter_site":"@webmenaje","schema":{"@context":"https:\/\/schema.org","@graph":[{"@type":"WebPage","@id":"https:\/\/ledsolintel.com\/product\/foco-empotrable-suelo-ip65-gu5-3\/","url":"https:\/\/ledsolintel.com\/product\/foco-empotrable-suelo-ip65-gu5-3\/","name":"FOCO EMPOTRABLE SUELO IP65 GU5.3 - Ledsolintel","isPartOf":{"@id":"https:\/\/ledsolintel.com\/#website"},"primaryImageOfPage":{"@id":"https:\/\/ledsolintel.com\/product\/foco-empotrable-suelo-ip65-gu5-3\/#primaryimage"},"image":{"@id":"https:\/\/ledsolintel.com\/product\/foco-empotrable-suelo-ip65-gu5-3\/#primaryimage"},"thumbnailUrl":"https:\/\/ledsolintel.com\/wp-content\/uploads\/2025\/11\/foco-empotrable-suelo-ip65-gu53.jpg","datePublished":"2025-11-11T15:48:16+00:00","dateModified":"2026-04-07T08:19:08+00:00","breadcrumb":{"@id":"https:\/\/ledsolintel.com\/product\/foco-empotrable-suelo-ip65-gu5-3\/#breadcrumb"},"inLanguage":"fr-FR","potentialAction":[{"@type":"ReadAction","target":["https:\/\/ledsolintel.com\/product\/foco-empotrable-suelo-ip65-gu5-3\/"]}]},{"@type":"ImageObject","inLanguage":"fr-FR","@id":"https:\/\/ledsolintel.com\/product\/foco-empotrable-suelo-ip65-gu5-3\/#primaryimage","url":"https:\/\/ledsolintel.com\/wp-content\/uploads\/2025\/11\/foco-empotrable-suelo-ip65-gu53.jpg","contentUrl":"https:\/\/ledsolintel.com\/wp-content\/uploads\/2025\/11\/foco-empotrable-suelo-ip65-gu53.jpg","width":1200,"height":1200},{"@type":"BreadcrumbList","@id":"https:\/\/ledsolintel.com\/product\/foco-empotrable-suelo-ip65-gu5-3\/#breadcrumb","itemListElement":[{"@type":"ListItem","position":1,"name":"Portada","item":"https:\/\/ledsolintel.com\/fr\/"},{"@type":"ListItem","position":2,"name":"Tienda","item":"https:\/\/ledsolintel.com\/tienda\/"},{"@type":"ListItem","position":3,"name":"FOCO EMPOTRABLE SUELO IP65 GU5.3"}]},{"@type":"WebSite","@id":"https:\/\/ledsolintel.com\/#website","url":"https:\/\/ledsolintel.com\/","name":"Webmenaje","description":"Magasin d'ampoules et de lampes LED pour les professionnels","publisher":{"@id":"https:\/\/ledsolintel.com\/#organization"},"potentialAction":[{"@type":"SearchAction","target":{"@type":"EntryPoint","urlTemplate":"https:\/\/ledsolintel.com\/?s={search_term_string}"},"query-input":{"@type":"PropertyValueSpecification","valueRequired":true,"valueName":"search_term_string"}}],"inLanguage":"fr-FR"},{"@type":"Organization","@id":"https:\/\/ledsolintel.com\/#organization","name":"Solintel Noroeste, S.L.","url":"https:\/\/ledsolintel.com\/","logo":{"@type":"ImageObject","inLanguage":"fr-FR","@id":"https:\/\/ledsolintel.com\/#\/schema\/logo\/image\/","url":"https:\/\/ledsolintel.com\/wp-content\/uploads\/2024\/11\/webmenaje-logo-1508269066.jpg","contentUrl":"https:\/\/ledsolintel.com\/wp-content\/uploads\/2024\/11\/webmenaje-logo-1508269066.jpg","width":370,"height":90,"caption":"Solintel Noroeste, S.L."},"image":{"@id":"https:\/\/ledsolintel.com\/#\/schema\/logo\/image\/"},"sameAs":["http:\/\/www.facebook.com\/webmenaje","https:\/\/x.com\/webmenaje","https:\/\/www.youtube.com\/channel\/UCX2KoVoeCG4LocZjUc6LmSQ","http:\/\/www.pinterest.com\/webmenaje"]}]}},"_links":{"self":[{"href":"https:\/\/ledsolintel.com\/fr\/wp-json\/wp\/v2\/product\/267843","targetHints":{"allow":["GET"]}}],"collection":[{"href":"https:\/\/ledsolintel.com\/fr\/wp-json\/wp\/v2\/product"}],"about":[{"href":"https:\/\/ledsolintel.com\/fr\/wp-json\/wp\/v2\/types\/product"}],"version-history":[{"count":1,"href":"https:\/\/ledsolintel.com\/fr\/wp-json\/wp\/v2\/product\/267843\/revisions"}],"predecessor-version":[{"id":267844,"href":"https:\/\/ledsolintel.com\/fr\/wp-json\/wp\/v2\/product\/267843\/revisions\/267844"}],"wp:featuredmedia":[{"embeddable":true,"href":"https:\/\/ledsolintel.com\/fr\/wp-json\/wp\/v2\/media\/261450"}],"wp:attachment":[{"href":"https:\/\/ledsolintel.com\/fr\/wp-json\/wp\/v2\/media?parent=267843"}],"wp:term":[{"taxonomy":"product_brand","embeddable":true,"href":"https:\/\/ledsolintel.com\/fr\/wp-json\/wp\/v2\/product_brand?post=267843"},{"taxonomy":"product_cat","embeddable":true,"href":"https:\/\/ledsolintel.com\/fr\/wp-json\/wp\/v2\/product_cat?post=267843"},{"taxonomy":"product_tag","embeddable":true,"href":"https:\/\/ledsolintel.com\/fr\/wp-json\/wp\/v2\/product_tag?post=267843"}],"curies":[{"name":"wp","href":"https:\/\/api.w.org\/{rel}","templated":true}]}}