{"id":267744,"date":"2025-11-11T16:46:23","date_gmt":"2025-11-11T15:46:23","guid":{"rendered":"https:\/\/nueva.ledsolintel.com\/product\/baliza-led-sensor-movimiento-crepuscular-color-blanco\/"},"modified":"2026-04-07T10:19:10","modified_gmt":"2026-04-07T08:19:10","slug":"baliza-led-sensor-movimiento-crepuscular-color-blanco","status":"publish","type":"product","link":"https:\/\/ledsolintel.com\/fr\/produit-2\/baliza-led-sensor-movimiento-crepuscular-color-blanco\/","title":{"rendered":"D\u00e9tecteur de mouvement LED + d\u00e9tecteur cr\u00e9pusculaire blanc"},"content":{"rendered":"<p>Baliza LED empotrable con 1,5W de potencia con acabado en color blanco. Incorpora un sensor detector de movimiento y crepuscular, que permite el encendido de la baliza cuando detecta presencia en la oscuridad. Es una iluminaria con un dise\u00f1o compacto y vers\u00e1til que la convierte en una baliza ideal para su instalaci\u00f3n en zonas interiores para se\u00f1alizar zonas de paso, pasillos o escaleras en casas, hoteles, restaurantes, tiendas, centros comerciales, etc.  Cuenta con una alta eficacia al consumir 1,5W mediante el LED SMD 5730 que integra, logrando proporcionar un flujo luminoso de 165 lumens. La iluminaci\u00f3n que aporta representa un consumo por valor de 1,5kWh\/1000h, lo que supone una reducci\u00f3n de la cantidad de energ\u00eda facturada y de emisiones de gases contaminantes a la atm\u00f3sfera. Soporta un voltaje de entrada de 100-265V y una frecuencia de servicio de 50\/60Hz. Est\u00e1 disponible en dos temperaturas de color: neutra (4000\u00b0K) y c\u00e1lida (3000\u00b0K).  Su instalaci\u00f3n debe realizarse en lugares interiores al poseer un grado de protecci\u00f3n IP20 (protecci\u00f3n contra part\u00edculas s\u00f3lidas de tama\u00f1o superior a 12 mm y no es resistente al agua). Compatible con nuestras cajas empotrables para baliza (ver &#8220;accesorios y relacionados&#8221;).  Adem\u00e1s de ser un producto que tiene m\u00e1s de 30.000 horas de vida, dispone de una garant\u00eda de 3 a\u00f1os. Cuenta tambi\u00e9n con el certificado CE, que acredita que se cumple con los requisitos de la UE respecto a compatibilidad electromagn\u00e9tica y normativa de baja tensi\u00f3n. Con este certificado se declara la conformidad de dicho producto con todos los requisitos legales exigidos, y asegura la validez del producto para ser vendido en todo el Espacio Econ\u00f3mico Europeo.<\/p>","protected":false},"excerpt":{"rendered":"<p>Baliza LED empotrable con 1,5W de potencia con acabado en color blanco. Incorpora un sensor detector de movimiento y crepuscular, que permite el encendido de la baliza cuando detecta presencia en la oscuridad. Es una iluminaria con un dise\u00f1o compacto y vers\u00e1til que la convierte en una baliza ideal para su instalaci\u00f3n en zonas interiores &hellip; <a href=\"https:\/\/ledsolintel.com\/fr\/produit-2\/baliza-led-sensor-movimiento-crepuscular-color-blanco\/\" class=\"more-link\">Continue reading <span class=\"screen-reader-text\">D\u00e9tecteur de mouvement LED + d\u00e9tecteur cr\u00e9pusculaire blanc<\/span><\/a><\/p>","protected":false},"featured_media":261255,"template":"","meta":[],"product_brand":[101370],"product_cat":[101371,15],"product_tag":[],"class_list":{"0":"post-267744","1":"product","2":"type-product","3":"status-publish","4":"has-post-thumbnail","6":"product_brand-masterled","7":"product_cat-masterled","8":"product_cat-uncategorized","9":"pa_temperatura-color-luz-calida","10":"pa_temperatura-color-luz-neutra","13":"instock","14":"taxable","15":"shipping-taxable","16":"purchasable","17":"product-type-variable","18":"has-default-attributes"},"yoast_head":"<!-- This site is optimized with the Yoast SEO plugin v27.4 - https:\/\/yoast.com\/product\/yoast-seo-wordpress\/ -->\n<title>Baliza led sensor movimiento + crepuscular color blanco - Ledsolintel<\/title>\n<meta name=\"robots\" content=\"index, follow, max-snippet:-1, max-image-preview:large, max-video-preview:-1\" \/>\n<link rel=\"canonical\" href=\"https:\/\/ledsolintel.com\/fr\/produit-2\/baliza-led-sensor-movimiento-crepuscular-color-blanco\/\" \/>\n<meta property=\"og:locale\" content=\"fr_FR\" \/>\n<meta property=\"og:type\" content=\"article\" \/>\n<meta property=\"og:title\" content=\"Baliza led sensor movimiento + crepuscular color blanco - Ledsolintel\" \/>\n<meta property=\"og:description\" content=\"Baliza LED empotrable con 1,5W de potencia con acabado en color blanco. Incorpora un sensor detector de movimiento y crepuscular, que permite el encendido de la baliza cuando detecta presencia en la oscuridad. Es una iluminaria con un dise\u00f1o compacto y vers\u00e1til que la convierte en una baliza ideal para su instalaci\u00f3n en zonas interiores &hellip; Continue reading Baliza led sensor movimiento + crepuscular color blanco\" \/>\n<meta property=\"og:url\" content=\"https:\/\/ledsolintel.com\/fr\/produit-2\/baliza-led-sensor-movimiento-crepuscular-color-blanco\/\" \/>\n<meta property=\"og:site_name\" content=\"Ledsolintel\" \/>\n<meta property=\"article:publisher\" content=\"http:\/\/www.facebook.com\/webmenaje\" \/>\n<meta property=\"article:modified_time\" content=\"2026-04-07T08:19:10+00:00\" \/>\n<meta property=\"og:image\" content=\"https:\/\/ledsolintel.com\/wp-content\/uploads\/2025\/11\/baliza-led-sensor-movimiento-crepuscular-color-blanco.jpg\" \/>\n\t<meta property=\"og:image:width\" content=\"1500\" \/>\n\t<meta property=\"og:image:height\" content=\"1500\" \/>\n\t<meta property=\"og:image:type\" content=\"image\/jpeg\" \/>\n<meta name=\"twitter:card\" content=\"summary_large_image\" \/>\n<meta name=\"twitter:site\" content=\"@webmenaje\" \/>\n<meta name=\"twitter:label1\" content=\"Dur\u00e9e de lecture estim\u00e9e\" \/>\n\t<meta name=\"twitter:data1\" content=\"1 minute\" \/>\n<script type=\"application\/ld+json\" class=\"yoast-schema-graph\">{\"@context\":\"https:\\\/\\\/schema.org\",\"@graph\":[{\"@type\":\"WebPage\",\"@id\":\"https:\\\/\\\/ledsolintel.com\\\/product\\\/baliza-led-sensor-movimiento-crepuscular-color-blanco\\\/\",\"url\":\"https:\\\/\\\/ledsolintel.com\\\/product\\\/baliza-led-sensor-movimiento-crepuscular-color-blanco\\\/\",\"name\":\"Baliza led sensor movimiento + crepuscular color blanco - Ledsolintel\",\"isPartOf\":{\"@id\":\"https:\\\/\\\/ledsolintel.com\\\/#website\"},\"primaryImageOfPage\":{\"@id\":\"https:\\\/\\\/ledsolintel.com\\\/product\\\/baliza-led-sensor-movimiento-crepuscular-color-blanco\\\/#primaryimage\"},\"image\":{\"@id\":\"https:\\\/\\\/ledsolintel.com\\\/product\\\/baliza-led-sensor-movimiento-crepuscular-color-blanco\\\/#primaryimage\"},\"thumbnailUrl\":\"https:\\\/\\\/ledsolintel.com\\\/wp-content\\\/uploads\\\/2025\\\/11\\\/baliza-led-sensor-movimiento-crepuscular-color-blanco.jpg\",\"datePublished\":\"2025-11-11T15:46:23+00:00\",\"dateModified\":\"2026-04-07T08:19:10+00:00\",\"breadcrumb\":{\"@id\":\"https:\\\/\\\/ledsolintel.com\\\/product\\\/baliza-led-sensor-movimiento-crepuscular-color-blanco\\\/#breadcrumb\"},\"inLanguage\":\"fr-FR\",\"potentialAction\":[{\"@type\":\"ReadAction\",\"target\":[\"https:\\\/\\\/ledsolintel.com\\\/product\\\/baliza-led-sensor-movimiento-crepuscular-color-blanco\\\/\"]}]},{\"@type\":\"ImageObject\",\"inLanguage\":\"fr-FR\",\"@id\":\"https:\\\/\\\/ledsolintel.com\\\/product\\\/baliza-led-sensor-movimiento-crepuscular-color-blanco\\\/#primaryimage\",\"url\":\"https:\\\/\\\/ledsolintel.com\\\/wp-content\\\/uploads\\\/2025\\\/11\\\/baliza-led-sensor-movimiento-crepuscular-color-blanco.jpg\",\"contentUrl\":\"https:\\\/\\\/ledsolintel.com\\\/wp-content\\\/uploads\\\/2025\\\/11\\\/baliza-led-sensor-movimiento-crepuscular-color-blanco.jpg\",\"width\":1500,\"height\":1500},{\"@type\":\"BreadcrumbList\",\"@id\":\"https:\\\/\\\/ledsolintel.com\\\/product\\\/baliza-led-sensor-movimiento-crepuscular-color-blanco\\\/#breadcrumb\",\"itemListElement\":[{\"@type\":\"ListItem\",\"position\":1,\"name\":\"Portada\",\"item\":\"https:\\\/\\\/ledsolintel.com\\\/fr\\\/\"},{\"@type\":\"ListItem\",\"position\":2,\"name\":\"Tienda\",\"item\":\"https:\\\/\\\/ledsolintel.com\\\/tienda\\\/\"},{\"@type\":\"ListItem\",\"position\":3,\"name\":\"Baliza led sensor movimiento + crepuscular color blanco\"}]},{\"@type\":\"WebSite\",\"@id\":\"https:\\\/\\\/ledsolintel.com\\\/#website\",\"url\":\"https:\\\/\\\/ledsolintel.com\\\/\",\"name\":\"Webmenaje\",\"description\":\"Tienda de bombillas y l\u00e1mparas LED para profesionales\",\"publisher\":{\"@id\":\"https:\\\/\\\/ledsolintel.com\\\/#organization\"},\"potentialAction\":[{\"@type\":\"SearchAction\",\"target\":{\"@type\":\"EntryPoint\",\"urlTemplate\":\"https:\\\/\\\/ledsolintel.com\\\/?s={search_term_string}\"},\"query-input\":{\"@type\":\"PropertyValueSpecification\",\"valueRequired\":true,\"valueName\":\"search_term_string\"}}],\"inLanguage\":\"fr-FR\"},{\"@type\":\"Organization\",\"@id\":\"https:\\\/\\\/ledsolintel.com\\\/#organization\",\"name\":\"Solintel Noroeste, S.L.\",\"url\":\"https:\\\/\\\/ledsolintel.com\\\/\",\"logo\":{\"@type\":\"ImageObject\",\"inLanguage\":\"fr-FR\",\"@id\":\"https:\\\/\\\/ledsolintel.com\\\/#\\\/schema\\\/logo\\\/image\\\/\",\"url\":\"https:\\\/\\\/ledsolintel.com\\\/wp-content\\\/uploads\\\/2024\\\/11\\\/webmenaje-logo-1508269066.jpg\",\"contentUrl\":\"https:\\\/\\\/ledsolintel.com\\\/wp-content\\\/uploads\\\/2024\\\/11\\\/webmenaje-logo-1508269066.jpg\",\"width\":370,\"height\":90,\"caption\":\"Solintel Noroeste, S.L.\"},\"image\":{\"@id\":\"https:\\\/\\\/ledsolintel.com\\\/#\\\/schema\\\/logo\\\/image\\\/\"},\"sameAs\":[\"http:\\\/\\\/www.facebook.com\\\/webmenaje\",\"https:\\\/\\\/x.com\\\/webmenaje\",\"https:\\\/\\\/www.youtube.com\\\/channel\\\/UCX2KoVoeCG4LocZjUc6LmSQ\",\"http:\\\/\\\/www.pinterest.com\\\/webmenaje\"]}]}<\/script>\n<!-- \/ Yoast SEO plugin. -->","yoast_head_json":{"title":"Baliza led sensor movimiento + crepuscular color blanco - Ledsolintel","robots":{"index":"index","follow":"follow","max-snippet":"max-snippet:-1","max-image-preview":"max-image-preview:large","max-video-preview":"max-video-preview:-1"},"canonical":"https:\/\/ledsolintel.com\/fr\/produit-2\/baliza-led-sensor-movimiento-crepuscular-color-blanco\/","og_locale":"fr_FR","og_type":"article","og_title":"Baliza led sensor movimiento + crepuscular color blanco - Ledsolintel","og_description":"Baliza LED empotrable con 1,5W de potencia con acabado en color blanco. Incorpora un sensor detector de movimiento y crepuscular, que permite el encendido de la baliza cuando detecta presencia en la oscuridad. Es una iluminaria con un dise\u00f1o compacto y vers\u00e1til que la convierte en una baliza ideal para su instalaci\u00f3n en zonas interiores &hellip; Continue reading Baliza led sensor movimiento + crepuscular color blanco","og_url":"https:\/\/ledsolintel.com\/fr\/produit-2\/baliza-led-sensor-movimiento-crepuscular-color-blanco\/","og_site_name":"Ledsolintel","article_publisher":"http:\/\/www.facebook.com\/webmenaje","article_modified_time":"2026-04-07T08:19:10+00:00","og_image":[{"width":1500,"height":1500,"url":"https:\/\/ledsolintel.com\/wp-content\/uploads\/2025\/11\/baliza-led-sensor-movimiento-crepuscular-color-blanco.jpg","type":"image\/jpeg"}],"twitter_card":"summary_large_image","twitter_site":"@webmenaje","twitter_misc":{"Dur\u00e9e de lecture estim\u00e9e":"1 minute"},"schema":{"@context":"https:\/\/schema.org","@graph":[{"@type":"WebPage","@id":"https:\/\/ledsolintel.com\/product\/baliza-led-sensor-movimiento-crepuscular-color-blanco\/","url":"https:\/\/ledsolintel.com\/product\/baliza-led-sensor-movimiento-crepuscular-color-blanco\/","name":"Baliza led sensor movimiento + crepuscular color blanco - Ledsolintel","isPartOf":{"@id":"https:\/\/ledsolintel.com\/#website"},"primaryImageOfPage":{"@id":"https:\/\/ledsolintel.com\/product\/baliza-led-sensor-movimiento-crepuscular-color-blanco\/#primaryimage"},"image":{"@id":"https:\/\/ledsolintel.com\/product\/baliza-led-sensor-movimiento-crepuscular-color-blanco\/#primaryimage"},"thumbnailUrl":"https:\/\/ledsolintel.com\/wp-content\/uploads\/2025\/11\/baliza-led-sensor-movimiento-crepuscular-color-blanco.jpg","datePublished":"2025-11-11T15:46:23+00:00","dateModified":"2026-04-07T08:19:10+00:00","breadcrumb":{"@id":"https:\/\/ledsolintel.com\/product\/baliza-led-sensor-movimiento-crepuscular-color-blanco\/#breadcrumb"},"inLanguage":"fr-FR","potentialAction":[{"@type":"ReadAction","target":["https:\/\/ledsolintel.com\/product\/baliza-led-sensor-movimiento-crepuscular-color-blanco\/"]}]},{"@type":"ImageObject","inLanguage":"fr-FR","@id":"https:\/\/ledsolintel.com\/product\/baliza-led-sensor-movimiento-crepuscular-color-blanco\/#primaryimage","url":"https:\/\/ledsolintel.com\/wp-content\/uploads\/2025\/11\/baliza-led-sensor-movimiento-crepuscular-color-blanco.jpg","contentUrl":"https:\/\/ledsolintel.com\/wp-content\/uploads\/2025\/11\/baliza-led-sensor-movimiento-crepuscular-color-blanco.jpg","width":1500,"height":1500},{"@type":"BreadcrumbList","@id":"https:\/\/ledsolintel.com\/product\/baliza-led-sensor-movimiento-crepuscular-color-blanco\/#breadcrumb","itemListElement":[{"@type":"ListItem","position":1,"name":"Portada","item":"https:\/\/ledsolintel.com\/fr\/"},{"@type":"ListItem","position":2,"name":"Tienda","item":"https:\/\/ledsolintel.com\/tienda\/"},{"@type":"ListItem","position":3,"name":"Baliza led sensor movimiento + crepuscular color blanco"}]},{"@type":"WebSite","@id":"https:\/\/ledsolintel.com\/#website","url":"https:\/\/ledsolintel.com\/","name":"Webmenaje","description":"Magasin d'ampoules et de lampes LED pour les professionnels","publisher":{"@id":"https:\/\/ledsolintel.com\/#organization"},"potentialAction":[{"@type":"SearchAction","target":{"@type":"EntryPoint","urlTemplate":"https:\/\/ledsolintel.com\/?s={search_term_string}"},"query-input":{"@type":"PropertyValueSpecification","valueRequired":true,"valueName":"search_term_string"}}],"inLanguage":"fr-FR"},{"@type":"Organization","@id":"https:\/\/ledsolintel.com\/#organization","name":"Solintel Noroeste, S.L.","url":"https:\/\/ledsolintel.com\/","logo":{"@type":"ImageObject","inLanguage":"fr-FR","@id":"https:\/\/ledsolintel.com\/#\/schema\/logo\/image\/","url":"https:\/\/ledsolintel.com\/wp-content\/uploads\/2024\/11\/webmenaje-logo-1508269066.jpg","contentUrl":"https:\/\/ledsolintel.com\/wp-content\/uploads\/2024\/11\/webmenaje-logo-1508269066.jpg","width":370,"height":90,"caption":"Solintel Noroeste, S.L."},"image":{"@id":"https:\/\/ledsolintel.com\/#\/schema\/logo\/image\/"},"sameAs":["http:\/\/www.facebook.com\/webmenaje","https:\/\/x.com\/webmenaje","https:\/\/www.youtube.com\/channel\/UCX2KoVoeCG4LocZjUc6LmSQ","http:\/\/www.pinterest.com\/webmenaje"]}]}},"_links":{"self":[{"href":"https:\/\/ledsolintel.com\/fr\/wp-json\/wp\/v2\/product\/267744","targetHints":{"allow":["GET"]}}],"collection":[{"href":"https:\/\/ledsolintel.com\/fr\/wp-json\/wp\/v2\/product"}],"about":[{"href":"https:\/\/ledsolintel.com\/fr\/wp-json\/wp\/v2\/types\/product"}],"version-history":[{"count":1,"href":"https:\/\/ledsolintel.com\/fr\/wp-json\/wp\/v2\/product\/267744\/revisions"}],"predecessor-version":[{"id":267745,"href":"https:\/\/ledsolintel.com\/fr\/wp-json\/wp\/v2\/product\/267744\/revisions\/267745"}],"wp:featuredmedia":[{"embeddable":true,"href":"https:\/\/ledsolintel.com\/fr\/wp-json\/wp\/v2\/media\/261255"}],"wp:attachment":[{"href":"https:\/\/ledsolintel.com\/fr\/wp-json\/wp\/v2\/media?parent=267744"}],"wp:term":[{"taxonomy":"product_brand","embeddable":true,"href":"https:\/\/ledsolintel.com\/fr\/wp-json\/wp\/v2\/product_brand?post=267744"},{"taxonomy":"product_cat","embeddable":true,"href":"https:\/\/ledsolintel.com\/fr\/wp-json\/wp\/v2\/product_cat?post=267744"},{"taxonomy":"product_tag","embeddable":true,"href":"https:\/\/ledsolintel.com\/fr\/wp-json\/wp\/v2\/product_tag?post=267744"}],"curies":[{"name":"wp","href":"https:\/\/api.w.org\/{rel}","templated":true}]}}