{"id":267737,"date":"2025-11-11T16:46:16","date_gmt":"2025-11-11T15:46:16","guid":{"rendered":"https:\/\/nueva.ledsolintel.com\/product\/bombilla-led-tubular-360o-t30-4w\/"},"modified":"2026-04-07T10:19:10","modified_gmt":"2026-04-07T08:19:10","slug":"ampoule-led-tubulaire-360o-t30-4w","status":"publish","type":"product","link":"https:\/\/ledsolintel.com\/fr\/produit-2\/ampoule-led-tubulaire-360o-t30-4w\/","title":{"rendered":"Ampoule LED tubulaire 360\u00ba T30 4W"},"content":{"rendered":"<p>L'ampoule \u00e0 filament OLD T30 LED avec verre ambr\u00e9 4W est un choix id\u00e9al pour \u00e9clairer efficacement et \u00e9conomiquement n'importe quel espace. Cette ampoule remplace les ampoules \u00e0 filament incandescentes classiques de 50W. Les ampoules LED consomment jusqu'\u00e0 85% d'\u00e9nergie en moins et durent 20 fois plus longtemps que les ampoules \u00e0 incandescence.  Elle doit \u00eatre install\u00e9e \u00e0 l'int\u00e9rieur car elle a un indice de protection IP20 (protection contre les particules solides de plus de 12 mm et n'est pas \u00e9tanche). Elle est id\u00e9ale pour cr\u00e9er des ambiances r\u00e9tro dans n'importe quelle pi\u00e8ce de la maison et compl\u00e8te parfaitement nos accessoires de la s\u00e9rie vintage : cloche vintage, porte-lampe, rosette + passe-c\u00e2ble ou c\u00e2ble \u00e9lectrique vintage.  Les LED COB int\u00e9gr\u00e9es fournissent un flux lumineux de 360 lumens uniform\u00e9ment r\u00e9parti par un diffuseur en PVC, distribuant la lumi\u00e8re sur un angle d'ouverture de 360\u00b0.  Ses dimensions sont de 30 x 300 mm. Elle s'installe dans une douille filet\u00e9e normale (E27) et peut supporter une tension d'entr\u00e9e comprise entre 200 et 240V, et une fr\u00e9quence de 50 Hz. Elle est disponible en couleur chaude (2700\u00b0K) et, en plus d'\u00eatre un produit qui a une dur\u00e9e de vie de plus de 30 000 heures, elle est garantie 3 ans. Il poss\u00e8de \u00e9galement le certificat CE, qui atteste qu'il est conforme aux exigences de l'UE en mati\u00e8re de compatibilit\u00e9 \u00e9lectromagn\u00e9tique et de basse tension. Ce certificat d\u00e9clare la conformit\u00e9 du produit \u00e0 toutes les exigences l\u00e9gales et garantit la validit\u00e9 de la vente du produit dans l'Espace \u00e9conomique europ\u00e9en.<\/p>","protected":false},"excerpt":{"rendered":"<p>La bombilla de filamento LED OLD T30 con cristal \u00e1mbar de 4W, es una opci\u00f3n ideal para iluminar cualquier espacio de manera eficiente y econ\u00f3mica. Esta bombilla sustituye a las bombillas cl\u00e1sicas incandescentes de filamento de 50W. Las bombillas LED consumen hasta un 85% menos de energ\u00eda y duran 20 veces m\u00e1s que las bombillas &hellip; <a href=\"https:\/\/ledsolintel.com\/fr\/produit-2\/ampoule-led-tubulaire-360o-t30-4w\/\" class=\"more-link\">Continue reading <span class=\"screen-reader-text\">Ampoule LED tubulaire 360\u00ba T30 4W<\/span><\/a><\/p>","protected":false},"featured_media":261239,"template":"","meta":[],"product_brand":[101370],"product_cat":[15,101371],"product_tag":[],"class_list":{"0":"post-267737","1":"product","2":"type-product","3":"status-publish","4":"has-post-thumbnail","6":"product_brand-masterled","7":"product_cat-uncategorized","8":"product_cat-masterled","9":"pa_temperatura-color-luz-calida","12":"instock","13":"taxable","14":"shipping-taxable","15":"purchasable","16":"product-type-simple"},"yoast_head":"<!-- This site is optimized with the Yoast SEO plugin v26.6 - https:\/\/yoast.com\/wordpress\/plugins\/seo\/ -->\n<title>Bombilla led tubular 360\u00ba T30 4W - Ledsolintel<\/title>\n<meta name=\"robots\" content=\"index, follow, max-snippet:-1, max-image-preview:large, max-video-preview:-1\" \/>\n<link rel=\"canonical\" href=\"https:\/\/ledsolintel.com\/fr\/produit-2\/ampoule-led-tubulaire-360o-t30-4w\/\" \/>\n<meta property=\"og:locale\" content=\"fr_FR\" \/>\n<meta property=\"og:type\" content=\"article\" \/>\n<meta property=\"og:title\" content=\"Bombilla led tubular 360\u00ba T30 4W - Ledsolintel\" \/>\n<meta property=\"og:description\" content=\"La bombilla de filamento LED OLD T30 con cristal \u00e1mbar de 4W, es una opci\u00f3n ideal para iluminar cualquier espacio de manera eficiente y econ\u00f3mica. Esta bombilla sustituye a las bombillas cl\u00e1sicas incandescentes de filamento de 50W. Las bombillas LED consumen hasta un 85% menos de energ\u00eda y duran 20 veces m\u00e1s que las bombillas &hellip; Continue reading Bombilla led tubular 360\u00ba T30 4W\" \/>\n<meta property=\"og:url\" content=\"https:\/\/ledsolintel.com\/fr\/produit-2\/ampoule-led-tubulaire-360o-t30-4w\/\" \/>\n<meta property=\"og:site_name\" content=\"Ledsolintel\" \/>\n<meta property=\"article:publisher\" content=\"http:\/\/www.facebook.com\/webmenaje\" \/>\n<meta property=\"article:modified_time\" content=\"2026-04-07T08:19:10+00:00\" \/>\n<meta property=\"og:image\" content=\"https:\/\/ledsolintel.com\/wp-content\/uploads\/2025\/11\/bombilla-led-tubular-360-t30-4w.jpg\" \/>\n\t<meta property=\"og:image:width\" content=\"1500\" \/>\n\t<meta property=\"og:image:height\" content=\"1500\" \/>\n\t<meta property=\"og:image:type\" content=\"image\/jpeg\" \/>\n<meta name=\"twitter:card\" content=\"summary_large_image\" \/>\n<meta name=\"twitter:site\" content=\"@webmenaje\" \/>\n<meta name=\"twitter:label1\" content=\"Dur\u00e9e de lecture estim\u00e9e\" \/>\n\t<meta name=\"twitter:data1\" content=\"1 minute\" \/>\n<script type=\"application\/ld+json\" class=\"yoast-schema-graph\">{\"@context\":\"https:\/\/schema.org\",\"@graph\":[{\"@type\":\"WebPage\",\"@id\":\"https:\/\/ledsolintel.com\/product\/bombilla-led-tubular-360o-t30-4w\/\",\"url\":\"https:\/\/ledsolintel.com\/product\/bombilla-led-tubular-360o-t30-4w\/\",\"name\":\"Bombilla led tubular 360\u00ba T30 4W - Ledsolintel\",\"isPartOf\":{\"@id\":\"https:\/\/ledsolintel.com\/#website\"},\"primaryImageOfPage\":{\"@id\":\"https:\/\/ledsolintel.com\/product\/bombilla-led-tubular-360o-t30-4w\/#primaryimage\"},\"image\":{\"@id\":\"https:\/\/ledsolintel.com\/product\/bombilla-led-tubular-360o-t30-4w\/#primaryimage\"},\"thumbnailUrl\":\"https:\/\/ledsolintel.com\/wp-content\/uploads\/2025\/11\/bombilla-led-tubular-360-t30-4w.jpg\",\"datePublished\":\"2025-11-11T15:46:16+00:00\",\"dateModified\":\"2026-04-07T08:19:10+00:00\",\"breadcrumb\":{\"@id\":\"https:\/\/ledsolintel.com\/product\/bombilla-led-tubular-360o-t30-4w\/#breadcrumb\"},\"inLanguage\":\"fr-FR\",\"potentialAction\":[{\"@type\":\"ReadAction\",\"target\":[\"https:\/\/ledsolintel.com\/product\/bombilla-led-tubular-360o-t30-4w\/\"]}]},{\"@type\":\"ImageObject\",\"inLanguage\":\"fr-FR\",\"@id\":\"https:\/\/ledsolintel.com\/product\/bombilla-led-tubular-360o-t30-4w\/#primaryimage\",\"url\":\"https:\/\/ledsolintel.com\/wp-content\/uploads\/2025\/11\/bombilla-led-tubular-360-t30-4w.jpg\",\"contentUrl\":\"https:\/\/ledsolintel.com\/wp-content\/uploads\/2025\/11\/bombilla-led-tubular-360-t30-4w.jpg\",\"width\":1500,\"height\":1500},{\"@type\":\"BreadcrumbList\",\"@id\":\"https:\/\/ledsolintel.com\/product\/bombilla-led-tubular-360o-t30-4w\/#breadcrumb\",\"itemListElement\":[{\"@type\":\"ListItem\",\"position\":1,\"name\":\"Portada\",\"item\":\"https:\/\/ledsolintel.com\/fr\/\"},{\"@type\":\"ListItem\",\"position\":2,\"name\":\"Tienda\",\"item\":\"https:\/\/ledsolintel.com\/tienda\/\"},{\"@type\":\"ListItem\",\"position\":3,\"name\":\"Bombilla led tubular 360\u00ba T30 4W\"}]},{\"@type\":\"WebSite\",\"@id\":\"https:\/\/ledsolintel.com\/#website\",\"url\":\"https:\/\/ledsolintel.com\/\",\"name\":\"Webmenaje\",\"description\":\"Tienda de bombillas y l\u00e1mparas LED para profesionales\",\"publisher\":{\"@id\":\"https:\/\/ledsolintel.com\/#organization\"},\"potentialAction\":[{\"@type\":\"SearchAction\",\"target\":{\"@type\":\"EntryPoint\",\"urlTemplate\":\"https:\/\/ledsolintel.com\/?s={search_term_string}\"},\"query-input\":{\"@type\":\"PropertyValueSpecification\",\"valueRequired\":true,\"valueName\":\"search_term_string\"}}],\"inLanguage\":\"fr-FR\"},{\"@type\":\"Organization\",\"@id\":\"https:\/\/ledsolintel.com\/#organization\",\"name\":\"Solintel Noroeste, S.L.\",\"url\":\"https:\/\/ledsolintel.com\/\",\"logo\":{\"@type\":\"ImageObject\",\"inLanguage\":\"fr-FR\",\"@id\":\"https:\/\/ledsolintel.com\/#\/schema\/logo\/image\/\",\"url\":\"https:\/\/ledsolintel.com\/wp-content\/uploads\/2024\/11\/webmenaje-logo-1508269066.jpg\",\"contentUrl\":\"https:\/\/ledsolintel.com\/wp-content\/uploads\/2024\/11\/webmenaje-logo-1508269066.jpg\",\"width\":370,\"height\":90,\"caption\":\"Solintel Noroeste, S.L.\"},\"image\":{\"@id\":\"https:\/\/ledsolintel.com\/#\/schema\/logo\/image\/\"},\"sameAs\":[\"http:\/\/www.facebook.com\/webmenaje\",\"https:\/\/x.com\/webmenaje\",\"https:\/\/www.youtube.com\/channel\/UCX2KoVoeCG4LocZjUc6LmSQ\",\"http:\/\/www.pinterest.com\/webmenaje\"]}]}<\/script>\n<!-- \/ Yoast SEO plugin. -->","yoast_head_json":{"title":"Ampoule tubulaire 360\u00ba T30 4W - Ledsolintel","robots":{"index":"index","follow":"follow","max-snippet":"max-snippet:-1","max-image-preview":"max-image-preview:large","max-video-preview":"max-video-preview:-1"},"canonical":"https:\/\/ledsolintel.com\/fr\/produit-2\/ampoule-led-tubulaire-360o-t30-4w\/","og_locale":"fr_FR","og_type":"article","og_title":"Bombilla led tubular 360\u00ba T30 4W - Ledsolintel","og_description":"La bombilla de filamento LED OLD T30 con cristal \u00e1mbar de 4W, es una opci\u00f3n ideal para iluminar cualquier espacio de manera eficiente y econ\u00f3mica. Esta bombilla sustituye a las bombillas cl\u00e1sicas incandescentes de filamento de 50W. Las bombillas LED consumen hasta un 85% menos de energ\u00eda y duran 20 veces m\u00e1s que las bombillas &hellip; Continue reading Bombilla led tubular 360\u00ba T30 4W","og_url":"https:\/\/ledsolintel.com\/fr\/produit-2\/ampoule-led-tubulaire-360o-t30-4w\/","og_site_name":"Ledsolintel","article_publisher":"http:\/\/www.facebook.com\/webmenaje","article_modified_time":"2026-04-07T08:19:10+00:00","og_image":[{"width":1500,"height":1500,"url":"https:\/\/ledsolintel.com\/wp-content\/uploads\/2025\/11\/bombilla-led-tubular-360-t30-4w.jpg","type":"image\/jpeg"}],"twitter_card":"summary_large_image","twitter_site":"@webmenaje","twitter_misc":{"Dur\u00e9e de lecture estim\u00e9e":"1 minute"},"schema":{"@context":"https:\/\/schema.org","@graph":[{"@type":"WebPage","@id":"https:\/\/ledsolintel.com\/product\/bombilla-led-tubular-360o-t30-4w\/","url":"https:\/\/ledsolintel.com\/product\/bombilla-led-tubular-360o-t30-4w\/","name":"Ampoule tubulaire 360\u00ba T30 4W - Ledsolintel","isPartOf":{"@id":"https:\/\/ledsolintel.com\/#website"},"primaryImageOfPage":{"@id":"https:\/\/ledsolintel.com\/product\/bombilla-led-tubular-360o-t30-4w\/#primaryimage"},"image":{"@id":"https:\/\/ledsolintel.com\/product\/bombilla-led-tubular-360o-t30-4w\/#primaryimage"},"thumbnailUrl":"https:\/\/ledsolintel.com\/wp-content\/uploads\/2025\/11\/bombilla-led-tubular-360-t30-4w.jpg","datePublished":"2025-11-11T15:46:16+00:00","dateModified":"2026-04-07T08:19:10+00:00","breadcrumb":{"@id":"https:\/\/ledsolintel.com\/product\/bombilla-led-tubular-360o-t30-4w\/#breadcrumb"},"inLanguage":"fr-FR","potentialAction":[{"@type":"ReadAction","target":["https:\/\/ledsolintel.com\/product\/bombilla-led-tubular-360o-t30-4w\/"]}]},{"@type":"ImageObject","inLanguage":"fr-FR","@id":"https:\/\/ledsolintel.com\/product\/bombilla-led-tubular-360o-t30-4w\/#primaryimage","url":"https:\/\/ledsolintel.com\/wp-content\/uploads\/2025\/11\/bombilla-led-tubular-360-t30-4w.jpg","contentUrl":"https:\/\/ledsolintel.com\/wp-content\/uploads\/2025\/11\/bombilla-led-tubular-360-t30-4w.jpg","width":1500,"height":1500},{"@type":"BreadcrumbList","@id":"https:\/\/ledsolintel.com\/product\/bombilla-led-tubular-360o-t30-4w\/#breadcrumb","itemListElement":[{"@type":"ListItem","position":1,"name":"Portada","item":"https:\/\/ledsolintel.com\/fr\/"},{"@type":"ListItem","position":2,"name":"Tienda","item":"https:\/\/ledsolintel.com\/tienda\/"},{"@type":"ListItem","position":3,"name":"Bombilla led tubular 360\u00ba T30 4W"}]},{"@type":"WebSite","@id":"https:\/\/ledsolintel.com\/#website","url":"https:\/\/ledsolintel.com\/","name":"Webmenaje","description":"Magasin d'ampoules et de lampes LED pour les professionnels","publisher":{"@id":"https:\/\/ledsolintel.com\/#organization"},"potentialAction":[{"@type":"SearchAction","target":{"@type":"EntryPoint","urlTemplate":"https:\/\/ledsolintel.com\/?s={search_term_string}"},"query-input":{"@type":"PropertyValueSpecification","valueRequired":true,"valueName":"search_term_string"}}],"inLanguage":"fr-FR"},{"@type":"Organization","@id":"https:\/\/ledsolintel.com\/#organization","name":"Solintel Noroeste, S.L.","url":"https:\/\/ledsolintel.com\/","logo":{"@type":"ImageObject","inLanguage":"fr-FR","@id":"https:\/\/ledsolintel.com\/#\/schema\/logo\/image\/","url":"https:\/\/ledsolintel.com\/wp-content\/uploads\/2024\/11\/webmenaje-logo-1508269066.jpg","contentUrl":"https:\/\/ledsolintel.com\/wp-content\/uploads\/2024\/11\/webmenaje-logo-1508269066.jpg","width":370,"height":90,"caption":"Solintel Noroeste, S.L."},"image":{"@id":"https:\/\/ledsolintel.com\/#\/schema\/logo\/image\/"},"sameAs":["http:\/\/www.facebook.com\/webmenaje","https:\/\/x.com\/webmenaje","https:\/\/www.youtube.com\/channel\/UCX2KoVoeCG4LocZjUc6LmSQ","http:\/\/www.pinterest.com\/webmenaje"]}]}},"_links":{"self":[{"href":"https:\/\/ledsolintel.com\/fr\/wp-json\/wp\/v2\/product\/267737","targetHints":{"allow":["GET"]}}],"collection":[{"href":"https:\/\/ledsolintel.com\/fr\/wp-json\/wp\/v2\/product"}],"about":[{"href":"https:\/\/ledsolintel.com\/fr\/wp-json\/wp\/v2\/types\/product"}],"version-history":[{"count":1,"href":"https:\/\/ledsolintel.com\/fr\/wp-json\/wp\/v2\/product\/267737\/revisions"}],"predecessor-version":[{"id":267738,"href":"https:\/\/ledsolintel.com\/fr\/wp-json\/wp\/v2\/product\/267737\/revisions\/267738"}],"wp:featuredmedia":[{"embeddable":true,"href":"https:\/\/ledsolintel.com\/fr\/wp-json\/wp\/v2\/media\/261239"}],"wp:attachment":[{"href":"https:\/\/ledsolintel.com\/fr\/wp-json\/wp\/v2\/media?parent=267737"}],"wp:term":[{"taxonomy":"product_brand","embeddable":true,"href":"https:\/\/ledsolintel.com\/fr\/wp-json\/wp\/v2\/product_brand?post=267737"},{"taxonomy":"product_cat","embeddable":true,"href":"https:\/\/ledsolintel.com\/fr\/wp-json\/wp\/v2\/product_cat?post=267737"},{"taxonomy":"product_tag","embeddable":true,"href":"https:\/\/ledsolintel.com\/fr\/wp-json\/wp\/v2\/product_tag?post=267737"}],"curies":[{"name":"wp","href":"https:\/\/api.w.org\/{rel}","templated":true}]}}