{"id":267673,"date":"2025-11-11T16:45:07","date_gmt":"2025-11-11T15:45:07","guid":{"rendered":"https:\/\/nueva.ledsolintel.com\/product\/caja-adaptable-galvanizada-superficie-100x100mm\/"},"modified":"2026-04-07T10:19:11","modified_gmt":"2026-04-07T08:19:11","slug":"caja-adaptable-galvanizada-superficie-100x100mm","status":"publish","type":"product","link":"https:\/\/ledsolintel.com\/fr\/produit-2\/caja-adaptable-galvanizada-superficie-100x100mm\/","title":{"rendered":"Bo\u00eete galvanis\u00e9e adaptable surface 100x100mm"},"content":{"rendered":"<p>Bo\u00eete de jonction carr\u00e9e galvanis\u00e9e, pour installation en surface, avec plusieurs ouvertures de 20 mm de diam\u00e8tre pour la fixation de conduits \u00e9lectriques en m\u00e9tal ou en PVC, id\u00e9ale pour une utilisation comme bo\u00eete de jonction dans les installations avec des conduits \u00e9lectriques m\u00e9talliques, couvercle et quatre vis inclus.<\/p>","protected":false},"excerpt":{"rendered":"<p>Bo\u00eete de jonction carr\u00e9e galvanis\u00e9e, pour installation en surface, avec plusieurs ouvertures de 20 mm de diam\u00e8tre pour la fixation de conduits \u00e9lectriques en m\u00e9tal ou en PVC, id\u00e9ale pour une utilisation comme bo\u00eete de jonction dans les installations avec des conduits \u00e9lectriques m\u00e9talliques, couvercle et quatre vis inclus.<\/p>","protected":false},"featured_media":261088,"template":"","meta":[],"product_brand":[101370],"product_cat":[15,101371],"product_tag":[],"class_list":{"0":"post-267673","1":"product","2":"type-product","3":"status-publish","4":"has-post-thumbnail","6":"product_brand-masterled","7":"product_cat-uncategorized","8":"product_cat-masterled","9":"pa_material-acero","12":"instock","13":"taxable","14":"shipping-taxable","15":"purchasable","16":"product-type-simple"},"yoast_head":"<!-- This site is optimized with the Yoast SEO plugin v26.6 - https:\/\/yoast.com\/wordpress\/plugins\/seo\/ -->\n<title>Caja adaptable galvanizada superficie 100x100mm - Ledsolintel<\/title>\n<meta name=\"robots\" content=\"index, follow, max-snippet:-1, max-image-preview:large, max-video-preview:-1\" \/>\n<link rel=\"canonical\" href=\"https:\/\/ledsolintel.com\/fr\/produit-2\/caja-adaptable-galvanizada-superficie-100x100mm\/\" \/>\n<meta property=\"og:locale\" content=\"fr_FR\" \/>\n<meta property=\"og:type\" content=\"article\" \/>\n<meta property=\"og:title\" content=\"Caja adaptable galvanizada superficie 100x100mm - Ledsolintel\" \/>\n<meta property=\"og:description\" content=\"Caja de derivaci\u00f3n cuadrada galvanizada, para instalaci\u00f3n en superficie.Incorpora\u00a0varios troqueles de 20mm de di\u00e1metro para acoplar tubo el\u00e9ctrico met\u00e1lico o de PVC.Ideal para\u00a0su uso como caja de registro\u00a0en las instalaciones con canalizaciones el\u00e9ctricas met\u00e1licas.Tapa y cuatro tornillos incluidos.\" \/>\n<meta property=\"og:url\" content=\"https:\/\/ledsolintel.com\/fr\/produit-2\/caja-adaptable-galvanizada-superficie-100x100mm\/\" \/>\n<meta property=\"og:site_name\" content=\"Ledsolintel\" \/>\n<meta property=\"article:publisher\" content=\"http:\/\/www.facebook.com\/webmenaje\" \/>\n<meta property=\"article:modified_time\" content=\"2026-04-07T08:19:11+00:00\" \/>\n<meta property=\"og:image\" content=\"https:\/\/ledsolintel.com\/wp-content\/uploads\/2025\/11\/caja-adaptable-galvanizada-superficie-100x100mm.jpg\" \/>\n\t<meta property=\"og:image:width\" content=\"1500\" \/>\n\t<meta property=\"og:image:height\" content=\"1500\" \/>\n\t<meta property=\"og:image:type\" content=\"image\/jpeg\" \/>\n<meta name=\"twitter:card\" content=\"summary_large_image\" \/>\n<meta name=\"twitter:site\" content=\"@webmenaje\" \/>\n<script type=\"application\/ld+json\" class=\"yoast-schema-graph\">{\"@context\":\"https:\/\/schema.org\",\"@graph\":[{\"@type\":\"WebPage\",\"@id\":\"https:\/\/ledsolintel.com\/product\/caja-adaptable-galvanizada-superficie-100x100mm\/\",\"url\":\"https:\/\/ledsolintel.com\/product\/caja-adaptable-galvanizada-superficie-100x100mm\/\",\"name\":\"Caja adaptable galvanizada superficie 100x100mm - Ledsolintel\",\"isPartOf\":{\"@id\":\"https:\/\/ledsolintel.com\/#website\"},\"primaryImageOfPage\":{\"@id\":\"https:\/\/ledsolintel.com\/product\/caja-adaptable-galvanizada-superficie-100x100mm\/#primaryimage\"},\"image\":{\"@id\":\"https:\/\/ledsolintel.com\/product\/caja-adaptable-galvanizada-superficie-100x100mm\/#primaryimage\"},\"thumbnailUrl\":\"https:\/\/ledsolintel.com\/wp-content\/uploads\/2025\/11\/caja-adaptable-galvanizada-superficie-100x100mm.jpg\",\"datePublished\":\"2025-11-11T15:45:07+00:00\",\"dateModified\":\"2026-04-07T08:19:11+00:00\",\"breadcrumb\":{\"@id\":\"https:\/\/ledsolintel.com\/product\/caja-adaptable-galvanizada-superficie-100x100mm\/#breadcrumb\"},\"inLanguage\":\"fr-FR\",\"potentialAction\":[{\"@type\":\"ReadAction\",\"target\":[\"https:\/\/ledsolintel.com\/product\/caja-adaptable-galvanizada-superficie-100x100mm\/\"]}]},{\"@type\":\"ImageObject\",\"inLanguage\":\"fr-FR\",\"@id\":\"https:\/\/ledsolintel.com\/product\/caja-adaptable-galvanizada-superficie-100x100mm\/#primaryimage\",\"url\":\"https:\/\/ledsolintel.com\/wp-content\/uploads\/2025\/11\/caja-adaptable-galvanizada-superficie-100x100mm.jpg\",\"contentUrl\":\"https:\/\/ledsolintel.com\/wp-content\/uploads\/2025\/11\/caja-adaptable-galvanizada-superficie-100x100mm.jpg\",\"width\":1500,\"height\":1500},{\"@type\":\"BreadcrumbList\",\"@id\":\"https:\/\/ledsolintel.com\/product\/caja-adaptable-galvanizada-superficie-100x100mm\/#breadcrumb\",\"itemListElement\":[{\"@type\":\"ListItem\",\"position\":1,\"name\":\"Portada\",\"item\":\"https:\/\/ledsolintel.com\/fr\/\"},{\"@type\":\"ListItem\",\"position\":2,\"name\":\"Tienda\",\"item\":\"https:\/\/ledsolintel.com\/tienda\/\"},{\"@type\":\"ListItem\",\"position\":3,\"name\":\"Caja adaptable galvanizada superficie 100x100mm\"}]},{\"@type\":\"WebSite\",\"@id\":\"https:\/\/ledsolintel.com\/#website\",\"url\":\"https:\/\/ledsolintel.com\/\",\"name\":\"Webmenaje\",\"description\":\"Tienda de bombillas y l\u00e1mparas LED para profesionales\",\"publisher\":{\"@id\":\"https:\/\/ledsolintel.com\/#organization\"},\"potentialAction\":[{\"@type\":\"SearchAction\",\"target\":{\"@type\":\"EntryPoint\",\"urlTemplate\":\"https:\/\/ledsolintel.com\/?s={search_term_string}\"},\"query-input\":{\"@type\":\"PropertyValueSpecification\",\"valueRequired\":true,\"valueName\":\"search_term_string\"}}],\"inLanguage\":\"fr-FR\"},{\"@type\":\"Organization\",\"@id\":\"https:\/\/ledsolintel.com\/#organization\",\"name\":\"Solintel Noroeste, S.L.\",\"url\":\"https:\/\/ledsolintel.com\/\",\"logo\":{\"@type\":\"ImageObject\",\"inLanguage\":\"fr-FR\",\"@id\":\"https:\/\/ledsolintel.com\/#\/schema\/logo\/image\/\",\"url\":\"https:\/\/ledsolintel.com\/wp-content\/uploads\/2024\/11\/webmenaje-logo-1508269066.jpg\",\"contentUrl\":\"https:\/\/ledsolintel.com\/wp-content\/uploads\/2024\/11\/webmenaje-logo-1508269066.jpg\",\"width\":370,\"height\":90,\"caption\":\"Solintel Noroeste, S.L.\"},\"image\":{\"@id\":\"https:\/\/ledsolintel.com\/#\/schema\/logo\/image\/\"},\"sameAs\":[\"http:\/\/www.facebook.com\/webmenaje\",\"https:\/\/x.com\/webmenaje\",\"https:\/\/www.youtube.com\/channel\/UCX2KoVoeCG4LocZjUc6LmSQ\",\"http:\/\/www.pinterest.com\/webmenaje\"]}]}<\/script>\n<!-- \/ Yoast SEO plugin. -->","yoast_head_json":{"title":"Caja adaptable galvanizada superficie 100x100mm - Ledsolintel","robots":{"index":"index","follow":"follow","max-snippet":"max-snippet:-1","max-image-preview":"max-image-preview:large","max-video-preview":"max-video-preview:-1"},"canonical":"https:\/\/ledsolintel.com\/fr\/produit-2\/caja-adaptable-galvanizada-superficie-100x100mm\/","og_locale":"fr_FR","og_type":"article","og_title":"Caja adaptable galvanizada superficie 100x100mm - Ledsolintel","og_description":"Caja de derivaci\u00f3n cuadrada galvanizada, para instalaci\u00f3n en superficie.Incorpora\u00a0varios troqueles de 20mm de di\u00e1metro para acoplar tubo el\u00e9ctrico met\u00e1lico o de PVC.Ideal para\u00a0su uso como caja de registro\u00a0en las instalaciones con canalizaciones el\u00e9ctricas met\u00e1licas.Tapa y cuatro tornillos incluidos.","og_url":"https:\/\/ledsolintel.com\/fr\/produit-2\/caja-adaptable-galvanizada-superficie-100x100mm\/","og_site_name":"Ledsolintel","article_publisher":"http:\/\/www.facebook.com\/webmenaje","article_modified_time":"2026-04-07T08:19:11+00:00","og_image":[{"width":1500,"height":1500,"url":"https:\/\/ledsolintel.com\/wp-content\/uploads\/2025\/11\/caja-adaptable-galvanizada-superficie-100x100mm.jpg","type":"image\/jpeg"}],"twitter_card":"summary_large_image","twitter_site":"@webmenaje","schema":{"@context":"https:\/\/schema.org","@graph":[{"@type":"WebPage","@id":"https:\/\/ledsolintel.com\/product\/caja-adaptable-galvanizada-superficie-100x100mm\/","url":"https:\/\/ledsolintel.com\/product\/caja-adaptable-galvanizada-superficie-100x100mm\/","name":"Caja adaptable galvanizada superficie 100x100mm - Ledsolintel","isPartOf":{"@id":"https:\/\/ledsolintel.com\/#website"},"primaryImageOfPage":{"@id":"https:\/\/ledsolintel.com\/product\/caja-adaptable-galvanizada-superficie-100x100mm\/#primaryimage"},"image":{"@id":"https:\/\/ledsolintel.com\/product\/caja-adaptable-galvanizada-superficie-100x100mm\/#primaryimage"},"thumbnailUrl":"https:\/\/ledsolintel.com\/wp-content\/uploads\/2025\/11\/caja-adaptable-galvanizada-superficie-100x100mm.jpg","datePublished":"2025-11-11T15:45:07+00:00","dateModified":"2026-04-07T08:19:11+00:00","breadcrumb":{"@id":"https:\/\/ledsolintel.com\/product\/caja-adaptable-galvanizada-superficie-100x100mm\/#breadcrumb"},"inLanguage":"fr-FR","potentialAction":[{"@type":"ReadAction","target":["https:\/\/ledsolintel.com\/product\/caja-adaptable-galvanizada-superficie-100x100mm\/"]}]},{"@type":"ImageObject","inLanguage":"fr-FR","@id":"https:\/\/ledsolintel.com\/product\/caja-adaptable-galvanizada-superficie-100x100mm\/#primaryimage","url":"https:\/\/ledsolintel.com\/wp-content\/uploads\/2025\/11\/caja-adaptable-galvanizada-superficie-100x100mm.jpg","contentUrl":"https:\/\/ledsolintel.com\/wp-content\/uploads\/2025\/11\/caja-adaptable-galvanizada-superficie-100x100mm.jpg","width":1500,"height":1500},{"@type":"BreadcrumbList","@id":"https:\/\/ledsolintel.com\/product\/caja-adaptable-galvanizada-superficie-100x100mm\/#breadcrumb","itemListElement":[{"@type":"ListItem","position":1,"name":"Portada","item":"https:\/\/ledsolintel.com\/fr\/"},{"@type":"ListItem","position":2,"name":"Tienda","item":"https:\/\/ledsolintel.com\/tienda\/"},{"@type":"ListItem","position":3,"name":"Caja adaptable galvanizada superficie 100x100mm"}]},{"@type":"WebSite","@id":"https:\/\/ledsolintel.com\/#website","url":"https:\/\/ledsolintel.com\/","name":"Webmenaje","description":"Magasin d'ampoules et de lampes LED pour les professionnels","publisher":{"@id":"https:\/\/ledsolintel.com\/#organization"},"potentialAction":[{"@type":"SearchAction","target":{"@type":"EntryPoint","urlTemplate":"https:\/\/ledsolintel.com\/?s={search_term_string}"},"query-input":{"@type":"PropertyValueSpecification","valueRequired":true,"valueName":"search_term_string"}}],"inLanguage":"fr-FR"},{"@type":"Organization","@id":"https:\/\/ledsolintel.com\/#organization","name":"Solintel Noroeste, S.L.","url":"https:\/\/ledsolintel.com\/","logo":{"@type":"ImageObject","inLanguage":"fr-FR","@id":"https:\/\/ledsolintel.com\/#\/schema\/logo\/image\/","url":"https:\/\/ledsolintel.com\/wp-content\/uploads\/2024\/11\/webmenaje-logo-1508269066.jpg","contentUrl":"https:\/\/ledsolintel.com\/wp-content\/uploads\/2024\/11\/webmenaje-logo-1508269066.jpg","width":370,"height":90,"caption":"Solintel Noroeste, S.L."},"image":{"@id":"https:\/\/ledsolintel.com\/#\/schema\/logo\/image\/"},"sameAs":["http:\/\/www.facebook.com\/webmenaje","https:\/\/x.com\/webmenaje","https:\/\/www.youtube.com\/channel\/UCX2KoVoeCG4LocZjUc6LmSQ","http:\/\/www.pinterest.com\/webmenaje"]}]}},"_links":{"self":[{"href":"https:\/\/ledsolintel.com\/fr\/wp-json\/wp\/v2\/product\/267673","targetHints":{"allow":["GET"]}}],"collection":[{"href":"https:\/\/ledsolintel.com\/fr\/wp-json\/wp\/v2\/product"}],"about":[{"href":"https:\/\/ledsolintel.com\/fr\/wp-json\/wp\/v2\/types\/product"}],"version-history":[{"count":1,"href":"https:\/\/ledsolintel.com\/fr\/wp-json\/wp\/v2\/product\/267673\/revisions"}],"predecessor-version":[{"id":267674,"href":"https:\/\/ledsolintel.com\/fr\/wp-json\/wp\/v2\/product\/267673\/revisions\/267674"}],"wp:featuredmedia":[{"embeddable":true,"href":"https:\/\/ledsolintel.com\/fr\/wp-json\/wp\/v2\/media\/261088"}],"wp:attachment":[{"href":"https:\/\/ledsolintel.com\/fr\/wp-json\/wp\/v2\/media?parent=267673"}],"wp:term":[{"taxonomy":"product_brand","embeddable":true,"href":"https:\/\/ledsolintel.com\/fr\/wp-json\/wp\/v2\/product_brand?post=267673"},{"taxonomy":"product_cat","embeddable":true,"href":"https:\/\/ledsolintel.com\/fr\/wp-json\/wp\/v2\/product_cat?post=267673"},{"taxonomy":"product_tag","embeddable":true,"href":"https:\/\/ledsolintel.com\/fr\/wp-json\/wp\/v2\/product_tag?post=267673"}],"curies":[{"name":"wp","href":"https:\/\/api.w.org\/{rel}","templated":true}]}}