{"id":267670,"date":"2025-11-11T16:45:00","date_gmt":"2025-11-11T15:45:00","guid":{"rendered":"https:\/\/nueva.ledsolintel.com\/product\/caja-derivacion-metalica-cuatro-vias\/"},"modified":"2026-04-07T10:19:11","modified_gmt":"2026-04-07T08:19:11","slug":"boite-de-jonction-metallique-a-quatre-voies","status":"publish","type":"product","link":"https:\/\/ledsolintel.com\/fr\/produit-2\/boite-de-jonction-metallique-a-quatre-voies\/","title":{"rendered":"Bo\u00eete de jonction m\u00e9tallique \u00e0 quatre voies"},"content":{"rendered":"<p>Bo\u00eete de distribution ronde, pour installation en surface, avec quatre conduits filet\u00e9s m\u00e9triques M20 x 1,5.Les conduits filet\u00e9s ou les conduits en acier enfichables peuvent \u00eatre fix\u00e9s \u00e0 l'aide de l'adaptateur M20.Couvercle en acier galvanis\u00e9 avec vis correspondantes incluses.Id\u00e9al pour la d\u00e9rivation dans les installations avec des conduits \u00e9lectriques m\u00e9talliques.<\/p>","protected":false},"excerpt":{"rendered":"<p>Bo\u00eete de distribution ronde, pour installation en surface, avec quatre conduits filet\u00e9s m\u00e9triques M20 x 1,5.Les conduits filet\u00e9s ou les conduits en acier enfichables peuvent \u00eatre fix\u00e9s \u00e0 l'aide de l'adaptateur M20.Couvercle en acier galvanis\u00e9 avec vis correspondantes incluses.Id\u00e9al pour la d\u00e9rivation dans les installations avec des conduits \u00e9lectriques m\u00e9talliques.<\/p>","protected":false},"featured_media":261080,"template":"","meta":[],"product_brand":[101370],"product_cat":[101371,15],"product_tag":[],"class_list":{"0":"post-267670","1":"product","2":"type-product","3":"status-publish","4":"has-post-thumbnail","6":"product_brand-masterled","7":"product_cat-masterled","8":"product_cat-uncategorized","9":"pa_material-fundicion","12":"instock","13":"taxable","14":"shipping-taxable","15":"purchasable","16":"product-type-simple"},"yoast_head":"<!-- This site is optimized with the Yoast SEO plugin v27.4 - https:\/\/yoast.com\/product\/yoast-seo-wordpress\/ -->\n<title>Caja derivaci\u00f3n met\u00e1lica cuatro v\u00edas - Ledsolintel<\/title>\n<meta name=\"robots\" content=\"index, follow, max-snippet:-1, max-image-preview:large, max-video-preview:-1\" \/>\n<link rel=\"canonical\" href=\"https:\/\/ledsolintel.com\/fr\/produit-2\/boite-de-jonction-metallique-a-quatre-voies\/\" \/>\n<meta property=\"og:locale\" content=\"fr_FR\" \/>\n<meta property=\"og:type\" content=\"article\" \/>\n<meta property=\"og:title\" content=\"Caja derivaci\u00f3n met\u00e1lica cuatro v\u00edas - Ledsolintel\" \/>\n<meta property=\"og:description\" content=\"Caja de distribuci\u00f3n\u00a0redonda, para instalaci\u00f3n en superficie, con\u00a0cuatro v\u00edas roscadas de m\u00e9trica\u00a0M20 x 1,5.Se pueden acoplar tubos roscados o tubos de acero enchufables utilizando el adaptador M20.Incluye tapa de acero galvanizado con sus correspondientes tornillos.Ideal para realizar derivaciones en las instalaciones con canalizaciones el\u00e9ctricas met\u00e1licas.\" \/>\n<meta property=\"og:url\" content=\"https:\/\/ledsolintel.com\/fr\/produit-2\/boite-de-jonction-metallique-a-quatre-voies\/\" \/>\n<meta property=\"og:site_name\" content=\"Ledsolintel\" \/>\n<meta property=\"article:publisher\" content=\"http:\/\/www.facebook.com\/webmenaje\" \/>\n<meta property=\"article:modified_time\" content=\"2026-04-07T08:19:11+00:00\" \/>\n<meta property=\"og:image\" content=\"https:\/\/ledsolintel.com\/wp-content\/uploads\/2025\/11\/caja-derivacion-metalica-cuatro-vias.jpg\" \/>\n\t<meta property=\"og:image:width\" content=\"1500\" \/>\n\t<meta property=\"og:image:height\" content=\"1500\" \/>\n\t<meta property=\"og:image:type\" content=\"image\/jpeg\" \/>\n<meta name=\"twitter:card\" content=\"summary_large_image\" \/>\n<meta name=\"twitter:site\" content=\"@webmenaje\" \/>\n<script type=\"application\/ld+json\" class=\"yoast-schema-graph\">{\"@context\":\"https:\\\/\\\/schema.org\",\"@graph\":[{\"@type\":\"WebPage\",\"@id\":\"https:\\\/\\\/ledsolintel.com\\\/product\\\/caja-derivacion-metalica-cuatro-vias\\\/\",\"url\":\"https:\\\/\\\/ledsolintel.com\\\/product\\\/caja-derivacion-metalica-cuatro-vias\\\/\",\"name\":\"Caja derivaci\u00f3n met\u00e1lica cuatro v\u00edas - Ledsolintel\",\"isPartOf\":{\"@id\":\"https:\\\/\\\/ledsolintel.com\\\/#website\"},\"primaryImageOfPage\":{\"@id\":\"https:\\\/\\\/ledsolintel.com\\\/product\\\/caja-derivacion-metalica-cuatro-vias\\\/#primaryimage\"},\"image\":{\"@id\":\"https:\\\/\\\/ledsolintel.com\\\/product\\\/caja-derivacion-metalica-cuatro-vias\\\/#primaryimage\"},\"thumbnailUrl\":\"https:\\\/\\\/ledsolintel.com\\\/wp-content\\\/uploads\\\/2025\\\/11\\\/caja-derivacion-metalica-cuatro-vias.jpg\",\"datePublished\":\"2025-11-11T15:45:00+00:00\",\"dateModified\":\"2026-04-07T08:19:11+00:00\",\"breadcrumb\":{\"@id\":\"https:\\\/\\\/ledsolintel.com\\\/product\\\/caja-derivacion-metalica-cuatro-vias\\\/#breadcrumb\"},\"inLanguage\":\"fr-FR\",\"potentialAction\":[{\"@type\":\"ReadAction\",\"target\":[\"https:\\\/\\\/ledsolintel.com\\\/product\\\/caja-derivacion-metalica-cuatro-vias\\\/\"]}]},{\"@type\":\"ImageObject\",\"inLanguage\":\"fr-FR\",\"@id\":\"https:\\\/\\\/ledsolintel.com\\\/product\\\/caja-derivacion-metalica-cuatro-vias\\\/#primaryimage\",\"url\":\"https:\\\/\\\/ledsolintel.com\\\/wp-content\\\/uploads\\\/2025\\\/11\\\/caja-derivacion-metalica-cuatro-vias.jpg\",\"contentUrl\":\"https:\\\/\\\/ledsolintel.com\\\/wp-content\\\/uploads\\\/2025\\\/11\\\/caja-derivacion-metalica-cuatro-vias.jpg\",\"width\":1500,\"height\":1500},{\"@type\":\"BreadcrumbList\",\"@id\":\"https:\\\/\\\/ledsolintel.com\\\/product\\\/caja-derivacion-metalica-cuatro-vias\\\/#breadcrumb\",\"itemListElement\":[{\"@type\":\"ListItem\",\"position\":1,\"name\":\"Portada\",\"item\":\"https:\\\/\\\/ledsolintel.com\\\/fr\\\/\"},{\"@type\":\"ListItem\",\"position\":2,\"name\":\"Tienda\",\"item\":\"https:\\\/\\\/ledsolintel.com\\\/tienda\\\/\"},{\"@type\":\"ListItem\",\"position\":3,\"name\":\"Caja derivaci\u00f3n met\u00e1lica cuatro v\u00edas\"}]},{\"@type\":\"WebSite\",\"@id\":\"https:\\\/\\\/ledsolintel.com\\\/#website\",\"url\":\"https:\\\/\\\/ledsolintel.com\\\/\",\"name\":\"Webmenaje\",\"description\":\"Tienda de bombillas y l\u00e1mparas LED para profesionales\",\"publisher\":{\"@id\":\"https:\\\/\\\/ledsolintel.com\\\/#organization\"},\"potentialAction\":[{\"@type\":\"SearchAction\",\"target\":{\"@type\":\"EntryPoint\",\"urlTemplate\":\"https:\\\/\\\/ledsolintel.com\\\/?s={search_term_string}\"},\"query-input\":{\"@type\":\"PropertyValueSpecification\",\"valueRequired\":true,\"valueName\":\"search_term_string\"}}],\"inLanguage\":\"fr-FR\"},{\"@type\":\"Organization\",\"@id\":\"https:\\\/\\\/ledsolintel.com\\\/#organization\",\"name\":\"Solintel Noroeste, S.L.\",\"url\":\"https:\\\/\\\/ledsolintel.com\\\/\",\"logo\":{\"@type\":\"ImageObject\",\"inLanguage\":\"fr-FR\",\"@id\":\"https:\\\/\\\/ledsolintel.com\\\/#\\\/schema\\\/logo\\\/image\\\/\",\"url\":\"https:\\\/\\\/ledsolintel.com\\\/wp-content\\\/uploads\\\/2024\\\/11\\\/webmenaje-logo-1508269066.jpg\",\"contentUrl\":\"https:\\\/\\\/ledsolintel.com\\\/wp-content\\\/uploads\\\/2024\\\/11\\\/webmenaje-logo-1508269066.jpg\",\"width\":370,\"height\":90,\"caption\":\"Solintel Noroeste, S.L.\"},\"image\":{\"@id\":\"https:\\\/\\\/ledsolintel.com\\\/#\\\/schema\\\/logo\\\/image\\\/\"},\"sameAs\":[\"http:\\\/\\\/www.facebook.com\\\/webmenaje\",\"https:\\\/\\\/x.com\\\/webmenaje\",\"https:\\\/\\\/www.youtube.com\\\/channel\\\/UCX2KoVoeCG4LocZjUc6LmSQ\",\"http:\\\/\\\/www.pinterest.com\\\/webmenaje\"]}]}<\/script>\n<!-- \/ Yoast SEO plugin. -->","yoast_head_json":{"title":"Bo\u00eete de jonction m\u00e9tallique \u00e0 quatre voies - Ledsolintel","robots":{"index":"index","follow":"follow","max-snippet":"max-snippet:-1","max-image-preview":"max-image-preview:large","max-video-preview":"max-video-preview:-1"},"canonical":"https:\/\/ledsolintel.com\/fr\/produit-2\/boite-de-jonction-metallique-a-quatre-voies\/","og_locale":"fr_FR","og_type":"article","og_title":"Caja derivaci\u00f3n met\u00e1lica cuatro v\u00edas - Ledsolintel","og_description":"Caja de distribuci\u00f3n\u00a0redonda, para instalaci\u00f3n en superficie, con\u00a0cuatro v\u00edas roscadas de m\u00e9trica\u00a0M20 x 1,5.Se pueden acoplar tubos roscados o tubos de acero enchufables utilizando el adaptador M20.Incluye tapa de acero galvanizado con sus correspondientes tornillos.Ideal para realizar derivaciones en las instalaciones con canalizaciones el\u00e9ctricas met\u00e1licas.","og_url":"https:\/\/ledsolintel.com\/fr\/produit-2\/boite-de-jonction-metallique-a-quatre-voies\/","og_site_name":"Ledsolintel","article_publisher":"http:\/\/www.facebook.com\/webmenaje","article_modified_time":"2026-04-07T08:19:11+00:00","og_image":[{"width":1500,"height":1500,"url":"https:\/\/ledsolintel.com\/wp-content\/uploads\/2025\/11\/caja-derivacion-metalica-cuatro-vias.jpg","type":"image\/jpeg"}],"twitter_card":"summary_large_image","twitter_site":"@webmenaje","schema":{"@context":"https:\/\/schema.org","@graph":[{"@type":"WebPage","@id":"https:\/\/ledsolintel.com\/product\/caja-derivacion-metalica-cuatro-vias\/","url":"https:\/\/ledsolintel.com\/product\/caja-derivacion-metalica-cuatro-vias\/","name":"Bo\u00eete de jonction m\u00e9tallique \u00e0 quatre voies - Ledsolintel","isPartOf":{"@id":"https:\/\/ledsolintel.com\/#website"},"primaryImageOfPage":{"@id":"https:\/\/ledsolintel.com\/product\/caja-derivacion-metalica-cuatro-vias\/#primaryimage"},"image":{"@id":"https:\/\/ledsolintel.com\/product\/caja-derivacion-metalica-cuatro-vias\/#primaryimage"},"thumbnailUrl":"https:\/\/ledsolintel.com\/wp-content\/uploads\/2025\/11\/caja-derivacion-metalica-cuatro-vias.jpg","datePublished":"2025-11-11T15:45:00+00:00","dateModified":"2026-04-07T08:19:11+00:00","breadcrumb":{"@id":"https:\/\/ledsolintel.com\/product\/caja-derivacion-metalica-cuatro-vias\/#breadcrumb"},"inLanguage":"fr-FR","potentialAction":[{"@type":"ReadAction","target":["https:\/\/ledsolintel.com\/product\/caja-derivacion-metalica-cuatro-vias\/"]}]},{"@type":"ImageObject","inLanguage":"fr-FR","@id":"https:\/\/ledsolintel.com\/product\/caja-derivacion-metalica-cuatro-vias\/#primaryimage","url":"https:\/\/ledsolintel.com\/wp-content\/uploads\/2025\/11\/caja-derivacion-metalica-cuatro-vias.jpg","contentUrl":"https:\/\/ledsolintel.com\/wp-content\/uploads\/2025\/11\/caja-derivacion-metalica-cuatro-vias.jpg","width":1500,"height":1500},{"@type":"BreadcrumbList","@id":"https:\/\/ledsolintel.com\/product\/caja-derivacion-metalica-cuatro-vias\/#breadcrumb","itemListElement":[{"@type":"ListItem","position":1,"name":"Portada","item":"https:\/\/ledsolintel.com\/fr\/"},{"@type":"ListItem","position":2,"name":"Tienda","item":"https:\/\/ledsolintel.com\/tienda\/"},{"@type":"ListItem","position":3,"name":"Caja derivaci\u00f3n met\u00e1lica cuatro v\u00edas"}]},{"@type":"WebSite","@id":"https:\/\/ledsolintel.com\/#website","url":"https:\/\/ledsolintel.com\/","name":"Webmenaje","description":"Magasin d'ampoules et de lampes LED pour les professionnels","publisher":{"@id":"https:\/\/ledsolintel.com\/#organization"},"potentialAction":[{"@type":"SearchAction","target":{"@type":"EntryPoint","urlTemplate":"https:\/\/ledsolintel.com\/?s={search_term_string}"},"query-input":{"@type":"PropertyValueSpecification","valueRequired":true,"valueName":"search_term_string"}}],"inLanguage":"fr-FR"},{"@type":"Organization","@id":"https:\/\/ledsolintel.com\/#organization","name":"Solintel Noroeste, S.L.","url":"https:\/\/ledsolintel.com\/","logo":{"@type":"ImageObject","inLanguage":"fr-FR","@id":"https:\/\/ledsolintel.com\/#\/schema\/logo\/image\/","url":"https:\/\/ledsolintel.com\/wp-content\/uploads\/2024\/11\/webmenaje-logo-1508269066.jpg","contentUrl":"https:\/\/ledsolintel.com\/wp-content\/uploads\/2024\/11\/webmenaje-logo-1508269066.jpg","width":370,"height":90,"caption":"Solintel Noroeste, S.L."},"image":{"@id":"https:\/\/ledsolintel.com\/#\/schema\/logo\/image\/"},"sameAs":["http:\/\/www.facebook.com\/webmenaje","https:\/\/x.com\/webmenaje","https:\/\/www.youtube.com\/channel\/UCX2KoVoeCG4LocZjUc6LmSQ","http:\/\/www.pinterest.com\/webmenaje"]}]}},"_links":{"self":[{"href":"https:\/\/ledsolintel.com\/fr\/wp-json\/wp\/v2\/product\/267670","targetHints":{"allow":["GET"]}}],"collection":[{"href":"https:\/\/ledsolintel.com\/fr\/wp-json\/wp\/v2\/product"}],"about":[{"href":"https:\/\/ledsolintel.com\/fr\/wp-json\/wp\/v2\/types\/product"}],"version-history":[{"count":1,"href":"https:\/\/ledsolintel.com\/fr\/wp-json\/wp\/v2\/product\/267670\/revisions"}],"predecessor-version":[{"id":267671,"href":"https:\/\/ledsolintel.com\/fr\/wp-json\/wp\/v2\/product\/267670\/revisions\/267671"}],"wp:featuredmedia":[{"embeddable":true,"href":"https:\/\/ledsolintel.com\/fr\/wp-json\/wp\/v2\/media\/261080"}],"wp:attachment":[{"href":"https:\/\/ledsolintel.com\/fr\/wp-json\/wp\/v2\/media?parent=267670"}],"wp:term":[{"taxonomy":"product_brand","embeddable":true,"href":"https:\/\/ledsolintel.com\/fr\/wp-json\/wp\/v2\/product_brand?post=267670"},{"taxonomy":"product_cat","embeddable":true,"href":"https:\/\/ledsolintel.com\/fr\/wp-json\/wp\/v2\/product_cat?post=267670"},{"taxonomy":"product_tag","embeddable":true,"href":"https:\/\/ledsolintel.com\/fr\/wp-json\/wp\/v2\/product_tag?post=267670"}],"curies":[{"name":"wp","href":"https:\/\/api.w.org\/{rel}","templated":true}]}}